{"id":735,"date":"2025-08-29T01:42:10","date_gmt":"2025-08-28T23:42:10","guid":{"rendered":"https:\/\/www.animalsouk.ma\/animalerie\/product\/neoclor-t-spray-200-ml-traitement-des-blessures-pour-animaux\/"},"modified":"2026-02-08T18:41:55","modified_gmt":"2026-02-08T17:41:55","slug":"neoclor-t-spray-200-ml-traitement-des-blessures-pour-animaux","status":"publish","type":"product","link":"https:\/\/www.animalsouk.ma\/animalerie-maroc\/produit\/neoclor-t-spray-200-ml-traitement-des-blessures-pour-animaux\/","title":{"rendered":"NEOCLOR-T Spray 200 ml \u2013 traitement des blessures pour animaux"},"content":{"rendered":"<p>Traitement des blessures traumatiques ou chirurgicales superficielles, contamin\u00e9es par des micro-organismes sensible \u00e0 la chlort\u00e9tracycline.<br \/>\nTraitement des infections superficielles des sabots et de la peau, en particulier la dermatite interdigitale (pi\u00e9tin) et la dermatite digital caus\u00e9es par des micro-organismes sensibles \u00e0 la chlort\u00e9tracycline.<\/p>\n<p>MODE ET VOIE D\u2019ADMINISTRATION<br \/>\n\u2022 Usage externe.<br \/>\n\u2022 Bien agiter avant l\u2019emploi.<br \/>\n\u2022 Ne pas vaporiser \u00e0 moins de 15-20 cm.<br \/>\n\u2022 Proc\u00e9der par des br\u00e8ves pressions sans pulv\u00e9risation prolong\u00e9e<br \/>\n\u2022 Traitement \u00e0 r\u00e9p\u00e9ter selon l\u2019\u00e9volution et la gravit\u00e9 des l\u00e9sions.<\/p>\n<p>INDICATIONS<br \/>\nChez toutes les esp\u00e8ces animales : traitement des plaies accidentelle ou chirurgicale et des l\u00e9sions infectieuses podales (abc\u00e8s, mycoses, dermatite ulc\u00e9rative).<\/p>\n","protected":false},"excerpt":{"rendered":"<p>Traitement des blessures traumatiques ou chirurgicales superficielles, contamin\u00e9es par des micro-organismes sensible \u00e0 la chlort\u00e9tracycline. Traitement des infections superficielles des sabots et de la peau, en particulier la dermatite interdigitale (pi\u00e9tin) et la dermatite digital caus\u00e9es par des micro-organismes sensibles \u00e0 la chlort\u00e9tracycline. MODE ET VOIE D\u2019ADMINISTRATION \u2022 Usage externe. \u2022 Bien agiter avant l\u2019emploi. [&#8230;]\n","protected":false},"featured_media":734,"template":"","meta":[],"product_brand":[],"product_cat":[15],"product_tag":[],"class_list":{"0":"post-735","1":"product","2":"type-product","3":"status-publish","4":"has-post-thumbnail","6":"product_cat-uncategorized","8":"first","9":"instock","10":"shipping-taxable","11":"purchasable","12":"product-type-simple"},"yoast_head":"<!-- This site is optimized with the Yoast SEO plugin v27.3 - https:\/\/yoast.com\/product\/yoast-seo-wordpress\/ -->\n<title>NEOCLOR-T Spray 200 ml \u2013 traitement des blessures pour animaux - Animalerie Maroc<\/title>\n<meta name=\"description\" content=\"Achetez votre NEOCLOR-T Spray 200 ml \u2013 traitement des blessures pour animaux au meilleur prix au Maroc. Livraison rapide | Animalsouk.ma\" \/>\n<meta name=\"robots\" content=\"index, follow, max-snippet:-1, max-image-preview:large, max-video-preview:-1\" \/>\n<link rel=\"canonical\" href=\"https:\/\/www.animalsouk.ma\/animalerie-maroc\/produit\/neoclor-t-spray-200-ml-traitement-des-blessures-pour-animaux\/\" \/>\n<meta property=\"og:locale\" content=\"fr_FR\" \/>\n<meta property=\"og:type\" content=\"article\" \/>\n<meta property=\"og:title\" content=\"NEOCLOR-T Spray 200 ml \u2013 traitement des blessures pour animaux - Animalerie Maroc\" \/>\n<meta property=\"og:description\" content=\"Achetez votre NEOCLOR-T Spray 200 ml \u2013 traitement des blessures pour animaux au meilleur prix au Maroc. Livraison rapide | Animalsouk.ma\" \/>\n<meta property=\"og:url\" content=\"https:\/\/www.animalsouk.ma\/animalerie-maroc\/produit\/neoclor-t-spray-200-ml-traitement-des-blessures-pour-animaux\/\" \/>\n<meta property=\"og:site_name\" content=\"Animalerie Maroc\" \/>\n<meta property=\"article:publisher\" content=\"https:\/\/www.facebook.com\/animalsouk.ma\" \/>\n<meta property=\"article:modified_time\" content=\"2026-02-08T17:41:55+00:00\" \/>\n<meta property=\"og:image\" content=\"https:\/\/www.animalsouk.ma\/animalerie-maroc\/wp-content\/uploads\/2025\/08\/3f447ef9e37340e4cceb793a28361672.jpg\" \/>\n\t<meta property=\"og:image:width\" content=\"700\" \/>\n\t<meta property=\"og:image:height\" content=\"524\" \/>\n\t<meta property=\"og:image:type\" content=\"image\/jpeg\" \/>\n<meta name=\"twitter:card\" content=\"summary_large_image\" \/>\n<meta name=\"twitter:label1\" content=\"Dur\u00e9e de lecture estim\u00e9e\" \/>\n\t<meta name=\"twitter:data1\" content=\"1 minute\" \/>\n<script type=\"application\/ld+json\" class=\"yoast-schema-graph\">{\"@context\":\"https:\\\/\\\/schema.org\",\"@graph\":[{\"@type\":\"WebPage\",\"@id\":\"https:\\\/\\\/www.animalsouk.ma\\\/animalerie-maroc\\\/produit\\\/neoclor-t-spray-200-ml-traitement-des-blessures-pour-animaux\\\/\",\"url\":\"https:\\\/\\\/www.animalsouk.ma\\\/animalerie-maroc\\\/produit\\\/neoclor-t-spray-200-ml-traitement-des-blessures-pour-animaux\\\/\",\"name\":\"NEOCLOR-T Spray 200 ml \u2013 traitement des blessures pour animaux - Animalerie Maroc\",\"isPartOf\":{\"@id\":\"https:\\\/\\\/www.animalsouk.ma\\\/animalerie-maroc\\\/#website\"},\"primaryImageOfPage\":{\"@id\":\"https:\\\/\\\/www.animalsouk.ma\\\/animalerie-maroc\\\/produit\\\/neoclor-t-spray-200-ml-traitement-des-blessures-pour-animaux\\\/#primaryimage\"},\"image\":{\"@id\":\"https:\\\/\\\/www.animalsouk.ma\\\/animalerie-maroc\\\/produit\\\/neoclor-t-spray-200-ml-traitement-des-blessures-pour-animaux\\\/#primaryimage\"},\"thumbnailUrl\":\"https:\\\/\\\/www.animalsouk.ma\\\/animalerie-maroc\\\/wp-content\\\/uploads\\\/2025\\\/08\\\/3f447ef9e37340e4cceb793a28361672.jpg\",\"datePublished\":\"2025-08-28T23:42:10+00:00\",\"dateModified\":\"2026-02-08T17:41:55+00:00\",\"description\":\"Achetez votre NEOCLOR-T Spray 200 ml \u2013 traitement des blessures pour animaux au meilleur prix au Maroc. Livraison rapide | Animalsouk.ma\",\"breadcrumb\":{\"@id\":\"https:\\\/\\\/www.animalsouk.ma\\\/animalerie-maroc\\\/produit\\\/neoclor-t-spray-200-ml-traitement-des-blessures-pour-animaux\\\/#breadcrumb\"},\"inLanguage\":\"fr-FR\",\"potentialAction\":[{\"@type\":\"ReadAction\",\"target\":[\"https:\\\/\\\/www.animalsouk.ma\\\/animalerie-maroc\\\/produit\\\/neoclor-t-spray-200-ml-traitement-des-blessures-pour-animaux\\\/\"]}]},{\"@type\":\"ImageObject\",\"inLanguage\":\"fr-FR\",\"@id\":\"https:\\\/\\\/www.animalsouk.ma\\\/animalerie-maroc\\\/produit\\\/neoclor-t-spray-200-ml-traitement-des-blessures-pour-animaux\\\/#primaryimage\",\"url\":\"https:\\\/\\\/www.animalsouk.ma\\\/animalerie-maroc\\\/wp-content\\\/uploads\\\/2025\\\/08\\\/3f447ef9e37340e4cceb793a28361672.jpg\",\"contentUrl\":\"https:\\\/\\\/www.animalsouk.ma\\\/animalerie-maroc\\\/wp-content\\\/uploads\\\/2025\\\/08\\\/3f447ef9e37340e4cceb793a28361672.jpg\",\"width\":700,\"height\":524,\"caption\":\"NEOCLOR-T Spray 200 ml \u2013 traitement des blessures pour animaux\"},{\"@type\":\"BreadcrumbList\",\"@id\":\"https:\\\/\\\/www.animalsouk.ma\\\/animalerie-maroc\\\/produit\\\/neoclor-t-spray-200-ml-traitement-des-blessures-pour-animaux\\\/#breadcrumb\",\"itemListElement\":[{\"@type\":\"ListItem\",\"position\":1,\"name\":\"Home\",\"item\":\"https:\\\/\\\/www.animalsouk.ma\\\/animalerie-maroc\\\/\"},{\"@type\":\"ListItem\",\"position\":2,\"name\":\"Boutique\",\"item\":\"https:\\\/\\\/www.animalsouk.ma\\\/animalerie-maroc\\\/boutique\\\/\"},{\"@type\":\"ListItem\",\"position\":3,\"name\":\"NEOCLOR-T Spray 200 ml \u2013 traitement des blessures pour animaux\"}]},{\"@type\":\"WebSite\",\"@id\":\"https:\\\/\\\/www.animalsouk.ma\\\/animalerie-maroc\\\/#website\",\"url\":\"https:\\\/\\\/www.animalsouk.ma\\\/animalerie-maroc\\\/\",\"name\":\"Animalerie de casablanca\",\"description\":\"\",\"publisher\":{\"@id\":\"https:\\\/\\\/www.animalsouk.ma\\\/animalerie-maroc\\\/#organization\"},\"potentialAction\":[{\"@type\":\"SearchAction\",\"target\":{\"@type\":\"EntryPoint\",\"urlTemplate\":\"https:\\\/\\\/www.animalsouk.ma\\\/animalerie-maroc\\\/?s={search_term_string}\"},\"query-input\":{\"@type\":\"PropertyValueSpecification\",\"valueRequired\":true,\"valueName\":\"search_term_string\"}}],\"inLanguage\":\"fr-FR\"},{\"@type\":\"Organization\",\"@id\":\"https:\\\/\\\/www.animalsouk.ma\\\/animalerie-maroc\\\/#organization\",\"name\":\"Animalerie de casablanca\",\"url\":\"https:\\\/\\\/www.animalsouk.ma\\\/animalerie-maroc\\\/\",\"logo\":{\"@type\":\"ImageObject\",\"inLanguage\":\"fr-FR\",\"@id\":\"https:\\\/\\\/www.animalsouk.ma\\\/animalerie-maroc\\\/#\\\/schema\\\/logo\\\/image\\\/\",\"url\":\"https:\\\/\\\/www.animalsouk.ma\\\/animalerie-maroc\\\/wp-content\\\/uploads\\\/2025\\\/10\\\/animalsouk.ma-logo.png\",\"contentUrl\":\"https:\\\/\\\/www.animalsouk.ma\\\/animalerie-maroc\\\/wp-content\\\/uploads\\\/2025\\\/10\\\/animalsouk.ma-logo.png\",\"width\":760,\"height\":231,\"caption\":\"Animalerie de casablanca\"},\"image\":{\"@id\":\"https:\\\/\\\/www.animalsouk.ma\\\/animalerie-maroc\\\/#\\\/schema\\\/logo\\\/image\\\/\"},\"sameAs\":[\"https:\\\/\\\/www.facebook.com\\\/animalsouk.ma\",\"https:\\\/\\\/www.instagram.com\\\/animalsouk.ma\"]}]}<\/script>\n<!-- \/ Yoast SEO plugin. -->","yoast_head_json":{"title":"NEOCLOR-T Spray 200 ml \u2013 traitement des blessures pour animaux - Animalerie Maroc","description":"Achetez votre NEOCLOR-T Spray 200 ml \u2013 traitement des blessures pour animaux au meilleur prix au Maroc. Livraison rapide | Animalsouk.ma","robots":{"index":"index","follow":"follow","max-snippet":"max-snippet:-1","max-image-preview":"max-image-preview:large","max-video-preview":"max-video-preview:-1"},"canonical":"https:\/\/www.animalsouk.ma\/animalerie-maroc\/produit\/neoclor-t-spray-200-ml-traitement-des-blessures-pour-animaux\/","og_locale":"fr_FR","og_type":"article","og_title":"NEOCLOR-T Spray 200 ml \u2013 traitement des blessures pour animaux - Animalerie Maroc","og_description":"Achetez votre NEOCLOR-T Spray 200 ml \u2013 traitement des blessures pour animaux au meilleur prix au Maroc. Livraison rapide | Animalsouk.ma","og_url":"https:\/\/www.animalsouk.ma\/animalerie-maroc\/produit\/neoclor-t-spray-200-ml-traitement-des-blessures-pour-animaux\/","og_site_name":"Animalerie Maroc","article_publisher":"https:\/\/www.facebook.com\/animalsouk.ma","article_modified_time":"2026-02-08T17:41:55+00:00","og_image":[{"width":700,"height":524,"url":"https:\/\/www.animalsouk.ma\/animalerie-maroc\/wp-content\/uploads\/2025\/08\/3f447ef9e37340e4cceb793a28361672.jpg","type":"image\/jpeg"}],"twitter_card":"summary_large_image","twitter_misc":{"Dur\u00e9e de lecture estim\u00e9e":"1 minute"},"schema":{"@context":"https:\/\/schema.org","@graph":[{"@type":"WebPage","@id":"https:\/\/www.animalsouk.ma\/animalerie-maroc\/produit\/neoclor-t-spray-200-ml-traitement-des-blessures-pour-animaux\/","url":"https:\/\/www.animalsouk.ma\/animalerie-maroc\/produit\/neoclor-t-spray-200-ml-traitement-des-blessures-pour-animaux\/","name":"NEOCLOR-T Spray 200 ml \u2013 traitement des blessures pour animaux - Animalerie Maroc","isPartOf":{"@id":"https:\/\/www.animalsouk.ma\/animalerie-maroc\/#website"},"primaryImageOfPage":{"@id":"https:\/\/www.animalsouk.ma\/animalerie-maroc\/produit\/neoclor-t-spray-200-ml-traitement-des-blessures-pour-animaux\/#primaryimage"},"image":{"@id":"https:\/\/www.animalsouk.ma\/animalerie-maroc\/produit\/neoclor-t-spray-200-ml-traitement-des-blessures-pour-animaux\/#primaryimage"},"thumbnailUrl":"https:\/\/www.animalsouk.ma\/animalerie-maroc\/wp-content\/uploads\/2025\/08\/3f447ef9e37340e4cceb793a28361672.jpg","datePublished":"2025-08-28T23:42:10+00:00","dateModified":"2026-02-08T17:41:55+00:00","description":"Achetez votre NEOCLOR-T Spray 200 ml \u2013 traitement des blessures pour animaux au meilleur prix au Maroc. Livraison rapide | Animalsouk.ma","breadcrumb":{"@id":"https:\/\/www.animalsouk.ma\/animalerie-maroc\/produit\/neoclor-t-spray-200-ml-traitement-des-blessures-pour-animaux\/#breadcrumb"},"inLanguage":"fr-FR","potentialAction":[{"@type":"ReadAction","target":["https:\/\/www.animalsouk.ma\/animalerie-maroc\/produit\/neoclor-t-spray-200-ml-traitement-des-blessures-pour-animaux\/"]}]},{"@type":"ImageObject","inLanguage":"fr-FR","@id":"https:\/\/www.animalsouk.ma\/animalerie-maroc\/produit\/neoclor-t-spray-200-ml-traitement-des-blessures-pour-animaux\/#primaryimage","url":"https:\/\/www.animalsouk.ma\/animalerie-maroc\/wp-content\/uploads\/2025\/08\/3f447ef9e37340e4cceb793a28361672.jpg","contentUrl":"https:\/\/www.animalsouk.ma\/animalerie-maroc\/wp-content\/uploads\/2025\/08\/3f447ef9e37340e4cceb793a28361672.jpg","width":700,"height":524,"caption":"NEOCLOR-T Spray 200 ml \u2013 traitement des blessures pour animaux"},{"@type":"BreadcrumbList","@id":"https:\/\/www.animalsouk.ma\/animalerie-maroc\/produit\/neoclor-t-spray-200-ml-traitement-des-blessures-pour-animaux\/#breadcrumb","itemListElement":[{"@type":"ListItem","position":1,"name":"Home","item":"https:\/\/www.animalsouk.ma\/animalerie-maroc\/"},{"@type":"ListItem","position":2,"name":"Boutique","item":"https:\/\/www.animalsouk.ma\/animalerie-maroc\/boutique\/"},{"@type":"ListItem","position":3,"name":"NEOCLOR-T Spray 200 ml \u2013 traitement des blessures pour animaux"}]},{"@type":"WebSite","@id":"https:\/\/www.animalsouk.ma\/animalerie-maroc\/#website","url":"https:\/\/www.animalsouk.ma\/animalerie-maroc\/","name":"Animalerie de casablanca","description":"","publisher":{"@id":"https:\/\/www.animalsouk.ma\/animalerie-maroc\/#organization"},"potentialAction":[{"@type":"SearchAction","target":{"@type":"EntryPoint","urlTemplate":"https:\/\/www.animalsouk.ma\/animalerie-maroc\/?s={search_term_string}"},"query-input":{"@type":"PropertyValueSpecification","valueRequired":true,"valueName":"search_term_string"}}],"inLanguage":"fr-FR"},{"@type":"Organization","@id":"https:\/\/www.animalsouk.ma\/animalerie-maroc\/#organization","name":"Animalerie de casablanca","url":"https:\/\/www.animalsouk.ma\/animalerie-maroc\/","logo":{"@type":"ImageObject","inLanguage":"fr-FR","@id":"https:\/\/www.animalsouk.ma\/animalerie-maroc\/#\/schema\/logo\/image\/","url":"https:\/\/www.animalsouk.ma\/animalerie-maroc\/wp-content\/uploads\/2025\/10\/animalsouk.ma-logo.png","contentUrl":"https:\/\/www.animalsouk.ma\/animalerie-maroc\/wp-content\/uploads\/2025\/10\/animalsouk.ma-logo.png","width":760,"height":231,"caption":"Animalerie de casablanca"},"image":{"@id":"https:\/\/www.animalsouk.ma\/animalerie-maroc\/#\/schema\/logo\/image\/"},"sameAs":["https:\/\/www.facebook.com\/animalsouk.ma","https:\/\/www.instagram.com\/animalsouk.ma"]}]}},"_links":{"self":[{"href":"https:\/\/www.animalsouk.ma\/animalerie-maroc\/wp-json\/wp\/v2\/product\/735","targetHints":{"allow":["GET"]}}],"collection":[{"href":"https:\/\/www.animalsouk.ma\/animalerie-maroc\/wp-json\/wp\/v2\/product"}],"about":[{"href":"https:\/\/www.animalsouk.ma\/animalerie-maroc\/wp-json\/wp\/v2\/types\/product"}],"wp:featuredmedia":[{"embeddable":true,"href":"https:\/\/www.animalsouk.ma\/animalerie-maroc\/wp-json\/wp\/v2\/media\/734"}],"wp:attachment":[{"href":"https:\/\/www.animalsouk.ma\/animalerie-maroc\/wp-json\/wp\/v2\/media?parent=735"}],"wp:term":[{"taxonomy":"product_brand","embeddable":true,"href":"https:\/\/www.animalsouk.ma\/animalerie-maroc\/wp-json\/wp\/v2\/product_brand?post=735"},{"taxonomy":"product_cat","embeddable":true,"href":"https:\/\/www.animalsouk.ma\/animalerie-maroc\/wp-json\/wp\/v2\/product_cat?post=735"},{"taxonomy":"product_tag","embeddable":true,"href":"https:\/\/www.animalsouk.ma\/animalerie-maroc\/wp-json\/wp\/v2\/product_tag?post=735"}],"curies":[{"name":"wp","href":"https:\/\/api.w.org\/{rel}","templated":true}]}}