{"id":721,"date":"2025-08-29T01:42:05","date_gmt":"2025-08-28T23:42:05","guid":{"rendered":"https:\/\/www.animalsouk.ma\/animalerie\/product\/simparica-antiparasitaire-pour-chiens\/"},"modified":"2026-04-28T14:05:17","modified_gmt":"2026-04-28T12:05:17","slug":"simparica-antiparasitaire-pour-chiens","status":"publish","type":"product","link":"https:\/\/www.animalsouk.ma\/animalerie-maroc\/produit\/simparica-antiparasitaire-pour-chiens\/","title":{"rendered":"simparica antiparasitaire pour chiens"},"content":{"rendered":"<p>Traitement des infestations par les tiques (Dermacentor reticulatus, Ixodes hexagonus, Ixodes ricinus et Rhipicephalus sanguineus). Ce m\u00e9dicament v\u00e9t\u00e9rinaire a une activit\u00e9 acaricide imm\u00e9diate et persistante sur les tiques pendant au moins 5 semaines.<\/p>\n<p>Traitement des infestations par les puces (Ctenocephalides felis et Ctenocephalides canis). Ce<br \/>\nm\u00e9dicament v\u00e9t\u00e9rinaire a une activit\u00e9 insecticide imm\u00e9diate et persistante contre les nouvelles<br \/>\ninfestations de puces pendant au moins 5 semaines. Ce m\u00e9dicament v\u00e9t\u00e9rinaire peut \u00eatre utilis\u00e9 dans le cadre d\u2019un plan de traitement de la Dermatite Allergique par Piq\u00fbres de Puces (DAPP).<\/p>\n<p>&#8211; Traitement de la gale sarcoptique (Sarcoptes scabiei).<\/p>\n<p>&#8211; Traitement de la gale des oreilles (Otodectes cynotis).<\/p>\n<p>&#8211; Traitement de la d\u00e9mod\u00e9cie (Demodex canis).<\/p>\n<p>Afin d\u2019\u00eatre expos\u00e9es \u00e0 la substance active, les puces et les tiques doivent \u00eatre pr\u00e9sentes sur l\u2019animal et avoir commenc\u00e9 \u00e0 se nourrir.<\/p>\n","protected":false},"excerpt":{"rendered":"<p>Traitement des infestations par les tiques (Dermacentor reticulatus, Ixodes hexagonus, Ixodes ricinus et Rhipicephalus sanguineus). Ce m\u00e9dicament v\u00e9t\u00e9rinaire a une activit\u00e9 acaricide imm\u00e9diate et persistante sur les tiques pendant au moins 5 semaines. Traitement des infestations par les puces (Ctenocephalides felis et Ctenocephalides canis). Ce m\u00e9dicament v\u00e9t\u00e9rinaire a une activit\u00e9 insecticide imm\u00e9diate et persistante contre [&#8230;]\n","protected":false},"featured_media":720,"template":"","meta":[],"product_brand":[],"product_cat":[20],"product_tag":[],"class_list":{"0":"post-721","1":"product","2":"type-product","3":"status-publish","4":"has-post-thumbnail","6":"product_cat-alimentation-pour-chiens","8":"first","9":"instock","10":"shipping-taxable","11":"purchasable","12":"product-type-simple"},"yoast_head":"<!-- This site is optimized with the Yoast SEO plugin v27.3 - https:\/\/yoast.com\/product\/yoast-seo-wordpress\/ -->\n<title>simparica antiparasitaire pour chiens - Animalerie Maroc<\/title>\n<meta name=\"description\" content=\"Achetez votre simparica antiparasitaire pour chiens au meilleur prix au Maroc. Livraison rapide | Animalsouk.ma\" \/>\n<meta name=\"robots\" content=\"index, follow, max-snippet:-1, max-image-preview:large, max-video-preview:-1\" \/>\n<link rel=\"canonical\" href=\"https:\/\/www.animalsouk.ma\/animalerie-maroc\/produit\/simparica-antiparasitaire-pour-chiens\/\" \/>\n<meta property=\"og:locale\" content=\"fr_FR\" \/>\n<meta property=\"og:type\" content=\"article\" \/>\n<meta property=\"og:title\" content=\"simparica antiparasitaire pour chiens - Animalerie Maroc\" \/>\n<meta property=\"og:description\" content=\"Achetez votre simparica antiparasitaire pour chiens au meilleur prix au Maroc. Livraison rapide | Animalsouk.ma\" \/>\n<meta property=\"og:url\" content=\"https:\/\/www.animalsouk.ma\/animalerie-maroc\/produit\/simparica-antiparasitaire-pour-chiens\/\" \/>\n<meta property=\"og:site_name\" content=\"Animalerie Maroc\" \/>\n<meta property=\"article:publisher\" content=\"https:\/\/www.facebook.com\/animalsouk.ma\" \/>\n<meta property=\"article:modified_time\" content=\"2026-04-28T12:05:17+00:00\" \/>\n<meta property=\"og:image\" content=\"https:\/\/www.animalsouk.ma\/animalerie-maroc\/wp-content\/uploads\/2025\/08\/35b8590a6982bd62e227b858bdcc71b2.jpg\" \/>\n\t<meta property=\"og:image:width\" content=\"700\" \/>\n\t<meta property=\"og:image:height\" content=\"579\" \/>\n\t<meta property=\"og:image:type\" content=\"image\/jpeg\" \/>\n<meta name=\"twitter:card\" content=\"summary_large_image\" \/>\n<meta name=\"twitter:label1\" content=\"Dur\u00e9e de lecture estim\u00e9e\" \/>\n\t<meta name=\"twitter:data1\" content=\"1 minute\" \/>\n<script type=\"application\/ld+json\" class=\"yoast-schema-graph\">{\"@context\":\"https:\\\/\\\/schema.org\",\"@graph\":[{\"@type\":\"WebPage\",\"@id\":\"https:\\\/\\\/www.animalsouk.ma\\\/animalerie-maroc\\\/produit\\\/simparica-antiparasitaire-pour-chiens\\\/\",\"url\":\"https:\\\/\\\/www.animalsouk.ma\\\/animalerie-maroc\\\/produit\\\/simparica-antiparasitaire-pour-chiens\\\/\",\"name\":\"simparica antiparasitaire pour chiens - Animalerie Maroc\",\"isPartOf\":{\"@id\":\"https:\\\/\\\/www.animalsouk.ma\\\/animalerie-maroc\\\/#website\"},\"primaryImageOfPage\":{\"@id\":\"https:\\\/\\\/www.animalsouk.ma\\\/animalerie-maroc\\\/produit\\\/simparica-antiparasitaire-pour-chiens\\\/#primaryimage\"},\"image\":{\"@id\":\"https:\\\/\\\/www.animalsouk.ma\\\/animalerie-maroc\\\/produit\\\/simparica-antiparasitaire-pour-chiens\\\/#primaryimage\"},\"thumbnailUrl\":\"https:\\\/\\\/www.animalsouk.ma\\\/animalerie-maroc\\\/wp-content\\\/uploads\\\/2025\\\/08\\\/35b8590a6982bd62e227b858bdcc71b2.jpg\",\"datePublished\":\"2025-08-28T23:42:05+00:00\",\"dateModified\":\"2026-04-28T12:05:17+00:00\",\"description\":\"Achetez votre simparica antiparasitaire pour chiens au meilleur prix au Maroc. Livraison rapide | Animalsouk.ma\",\"breadcrumb\":{\"@id\":\"https:\\\/\\\/www.animalsouk.ma\\\/animalerie-maroc\\\/produit\\\/simparica-antiparasitaire-pour-chiens\\\/#breadcrumb\"},\"inLanguage\":\"fr-FR\",\"potentialAction\":[{\"@type\":\"ReadAction\",\"target\":[\"https:\\\/\\\/www.animalsouk.ma\\\/animalerie-maroc\\\/produit\\\/simparica-antiparasitaire-pour-chiens\\\/\"]}]},{\"@type\":\"ImageObject\",\"inLanguage\":\"fr-FR\",\"@id\":\"https:\\\/\\\/www.animalsouk.ma\\\/animalerie-maroc\\\/produit\\\/simparica-antiparasitaire-pour-chiens\\\/#primaryimage\",\"url\":\"https:\\\/\\\/www.animalsouk.ma\\\/animalerie-maroc\\\/wp-content\\\/uploads\\\/2025\\\/08\\\/35b8590a6982bd62e227b858bdcc71b2.jpg\",\"contentUrl\":\"https:\\\/\\\/www.animalsouk.ma\\\/animalerie-maroc\\\/wp-content\\\/uploads\\\/2025\\\/08\\\/35b8590a6982bd62e227b858bdcc71b2.jpg\",\"width\":700,\"height\":579,\"caption\":\"simparica antiparasitaire pour chiens\"},{\"@type\":\"BreadcrumbList\",\"@id\":\"https:\\\/\\\/www.animalsouk.ma\\\/animalerie-maroc\\\/produit\\\/simparica-antiparasitaire-pour-chiens\\\/#breadcrumb\",\"itemListElement\":[{\"@type\":\"ListItem\",\"position\":1,\"name\":\"Home\",\"item\":\"https:\\\/\\\/www.animalsouk.ma\\\/animalerie-maroc\\\/\"},{\"@type\":\"ListItem\",\"position\":2,\"name\":\"Boutique\",\"item\":\"https:\\\/\\\/www.animalsouk.ma\\\/animalerie-maroc\\\/boutique\\\/\"},{\"@type\":\"ListItem\",\"position\":3,\"name\":\"simparica antiparasitaire pour chiens\"}]},{\"@type\":\"WebSite\",\"@id\":\"https:\\\/\\\/www.animalsouk.ma\\\/animalerie-maroc\\\/#website\",\"url\":\"https:\\\/\\\/www.animalsouk.ma\\\/animalerie-maroc\\\/\",\"name\":\"Animalerie de casablanca\",\"description\":\"\",\"publisher\":{\"@id\":\"https:\\\/\\\/www.animalsouk.ma\\\/animalerie-maroc\\\/#organization\"},\"potentialAction\":[{\"@type\":\"SearchAction\",\"target\":{\"@type\":\"EntryPoint\",\"urlTemplate\":\"https:\\\/\\\/www.animalsouk.ma\\\/animalerie-maroc\\\/?s={search_term_string}\"},\"query-input\":{\"@type\":\"PropertyValueSpecification\",\"valueRequired\":true,\"valueName\":\"search_term_string\"}}],\"inLanguage\":\"fr-FR\"},{\"@type\":\"Organization\",\"@id\":\"https:\\\/\\\/www.animalsouk.ma\\\/animalerie-maroc\\\/#organization\",\"name\":\"Animalerie de casablanca\",\"url\":\"https:\\\/\\\/www.animalsouk.ma\\\/animalerie-maroc\\\/\",\"logo\":{\"@type\":\"ImageObject\",\"inLanguage\":\"fr-FR\",\"@id\":\"https:\\\/\\\/www.animalsouk.ma\\\/animalerie-maroc\\\/#\\\/schema\\\/logo\\\/image\\\/\",\"url\":\"https:\\\/\\\/www.animalsouk.ma\\\/animalerie-maroc\\\/wp-content\\\/uploads\\\/2025\\\/10\\\/animalsouk.ma-logo.png\",\"contentUrl\":\"https:\\\/\\\/www.animalsouk.ma\\\/animalerie-maroc\\\/wp-content\\\/uploads\\\/2025\\\/10\\\/animalsouk.ma-logo.png\",\"width\":760,\"height\":231,\"caption\":\"Animalerie de casablanca\"},\"image\":{\"@id\":\"https:\\\/\\\/www.animalsouk.ma\\\/animalerie-maroc\\\/#\\\/schema\\\/logo\\\/image\\\/\"},\"sameAs\":[\"https:\\\/\\\/www.facebook.com\\\/animalsouk.ma\",\"https:\\\/\\\/www.instagram.com\\\/animalsouk.ma\"]}]}<\/script>\n<!-- \/ Yoast SEO plugin. -->","yoast_head_json":{"title":"simparica antiparasitaire pour chiens - Animalerie Maroc","description":"Achetez votre simparica antiparasitaire pour chiens au meilleur prix au Maroc. Livraison rapide | Animalsouk.ma","robots":{"index":"index","follow":"follow","max-snippet":"max-snippet:-1","max-image-preview":"max-image-preview:large","max-video-preview":"max-video-preview:-1"},"canonical":"https:\/\/www.animalsouk.ma\/animalerie-maroc\/produit\/simparica-antiparasitaire-pour-chiens\/","og_locale":"fr_FR","og_type":"article","og_title":"simparica antiparasitaire pour chiens - Animalerie Maroc","og_description":"Achetez votre simparica antiparasitaire pour chiens au meilleur prix au Maroc. Livraison rapide | Animalsouk.ma","og_url":"https:\/\/www.animalsouk.ma\/animalerie-maroc\/produit\/simparica-antiparasitaire-pour-chiens\/","og_site_name":"Animalerie Maroc","article_publisher":"https:\/\/www.facebook.com\/animalsouk.ma","article_modified_time":"2026-04-28T12:05:17+00:00","og_image":[{"width":700,"height":579,"url":"https:\/\/www.animalsouk.ma\/animalerie-maroc\/wp-content\/uploads\/2025\/08\/35b8590a6982bd62e227b858bdcc71b2.jpg","type":"image\/jpeg"}],"twitter_card":"summary_large_image","twitter_misc":{"Dur\u00e9e de lecture estim\u00e9e":"1 minute"},"schema":{"@context":"https:\/\/schema.org","@graph":[{"@type":"WebPage","@id":"https:\/\/www.animalsouk.ma\/animalerie-maroc\/produit\/simparica-antiparasitaire-pour-chiens\/","url":"https:\/\/www.animalsouk.ma\/animalerie-maroc\/produit\/simparica-antiparasitaire-pour-chiens\/","name":"simparica antiparasitaire pour chiens - Animalerie Maroc","isPartOf":{"@id":"https:\/\/www.animalsouk.ma\/animalerie-maroc\/#website"},"primaryImageOfPage":{"@id":"https:\/\/www.animalsouk.ma\/animalerie-maroc\/produit\/simparica-antiparasitaire-pour-chiens\/#primaryimage"},"image":{"@id":"https:\/\/www.animalsouk.ma\/animalerie-maroc\/produit\/simparica-antiparasitaire-pour-chiens\/#primaryimage"},"thumbnailUrl":"https:\/\/www.animalsouk.ma\/animalerie-maroc\/wp-content\/uploads\/2025\/08\/35b8590a6982bd62e227b858bdcc71b2.jpg","datePublished":"2025-08-28T23:42:05+00:00","dateModified":"2026-04-28T12:05:17+00:00","description":"Achetez votre simparica antiparasitaire pour chiens au meilleur prix au Maroc. Livraison rapide | Animalsouk.ma","breadcrumb":{"@id":"https:\/\/www.animalsouk.ma\/animalerie-maroc\/produit\/simparica-antiparasitaire-pour-chiens\/#breadcrumb"},"inLanguage":"fr-FR","potentialAction":[{"@type":"ReadAction","target":["https:\/\/www.animalsouk.ma\/animalerie-maroc\/produit\/simparica-antiparasitaire-pour-chiens\/"]}]},{"@type":"ImageObject","inLanguage":"fr-FR","@id":"https:\/\/www.animalsouk.ma\/animalerie-maroc\/produit\/simparica-antiparasitaire-pour-chiens\/#primaryimage","url":"https:\/\/www.animalsouk.ma\/animalerie-maroc\/wp-content\/uploads\/2025\/08\/35b8590a6982bd62e227b858bdcc71b2.jpg","contentUrl":"https:\/\/www.animalsouk.ma\/animalerie-maroc\/wp-content\/uploads\/2025\/08\/35b8590a6982bd62e227b858bdcc71b2.jpg","width":700,"height":579,"caption":"simparica antiparasitaire pour chiens"},{"@type":"BreadcrumbList","@id":"https:\/\/www.animalsouk.ma\/animalerie-maroc\/produit\/simparica-antiparasitaire-pour-chiens\/#breadcrumb","itemListElement":[{"@type":"ListItem","position":1,"name":"Home","item":"https:\/\/www.animalsouk.ma\/animalerie-maroc\/"},{"@type":"ListItem","position":2,"name":"Boutique","item":"https:\/\/www.animalsouk.ma\/animalerie-maroc\/boutique\/"},{"@type":"ListItem","position":3,"name":"simparica antiparasitaire pour chiens"}]},{"@type":"WebSite","@id":"https:\/\/www.animalsouk.ma\/animalerie-maroc\/#website","url":"https:\/\/www.animalsouk.ma\/animalerie-maroc\/","name":"Animalerie de casablanca","description":"","publisher":{"@id":"https:\/\/www.animalsouk.ma\/animalerie-maroc\/#organization"},"potentialAction":[{"@type":"SearchAction","target":{"@type":"EntryPoint","urlTemplate":"https:\/\/www.animalsouk.ma\/animalerie-maroc\/?s={search_term_string}"},"query-input":{"@type":"PropertyValueSpecification","valueRequired":true,"valueName":"search_term_string"}}],"inLanguage":"fr-FR"},{"@type":"Organization","@id":"https:\/\/www.animalsouk.ma\/animalerie-maroc\/#organization","name":"Animalerie de casablanca","url":"https:\/\/www.animalsouk.ma\/animalerie-maroc\/","logo":{"@type":"ImageObject","inLanguage":"fr-FR","@id":"https:\/\/www.animalsouk.ma\/animalerie-maroc\/#\/schema\/logo\/image\/","url":"https:\/\/www.animalsouk.ma\/animalerie-maroc\/wp-content\/uploads\/2025\/10\/animalsouk.ma-logo.png","contentUrl":"https:\/\/www.animalsouk.ma\/animalerie-maroc\/wp-content\/uploads\/2025\/10\/animalsouk.ma-logo.png","width":760,"height":231,"caption":"Animalerie de casablanca"},"image":{"@id":"https:\/\/www.animalsouk.ma\/animalerie-maroc\/#\/schema\/logo\/image\/"},"sameAs":["https:\/\/www.facebook.com\/animalsouk.ma","https:\/\/www.instagram.com\/animalsouk.ma"]}]}},"_links":{"self":[{"href":"https:\/\/www.animalsouk.ma\/animalerie-maroc\/wp-json\/wp\/v2\/product\/721","targetHints":{"allow":["GET"]}}],"collection":[{"href":"https:\/\/www.animalsouk.ma\/animalerie-maroc\/wp-json\/wp\/v2\/product"}],"about":[{"href":"https:\/\/www.animalsouk.ma\/animalerie-maroc\/wp-json\/wp\/v2\/types\/product"}],"wp:featuredmedia":[{"embeddable":true,"href":"https:\/\/www.animalsouk.ma\/animalerie-maroc\/wp-json\/wp\/v2\/media\/720"}],"wp:attachment":[{"href":"https:\/\/www.animalsouk.ma\/animalerie-maroc\/wp-json\/wp\/v2\/media?parent=721"}],"wp:term":[{"taxonomy":"product_brand","embeddable":true,"href":"https:\/\/www.animalsouk.ma\/animalerie-maroc\/wp-json\/wp\/v2\/product_brand?post=721"},{"taxonomy":"product_cat","embeddable":true,"href":"https:\/\/www.animalsouk.ma\/animalerie-maroc\/wp-json\/wp\/v2\/product_cat?post=721"},{"taxonomy":"product_tag","embeddable":true,"href":"https:\/\/www.animalsouk.ma\/animalerie-maroc\/wp-json\/wp\/v2\/product_tag?post=721"}],"curies":[{"name":"wp","href":"https:\/\/api.w.org\/{rel}","templated":true}]}}