{"id":717,"date":"2025-08-29T01:42:04","date_gmt":"2025-08-28T23:42:04","guid":{"rendered":"https:\/\/www.animalsouk.ma\/animalerie\/product\/pro-plan-medium-puppy-healthy-start-pour-chien-12kg\/"},"modified":"2025-09-08T22:16:50","modified_gmt":"2025-09-08T20:16:50","slug":"pro-plan-medium-puppy-healthy-start-pour-chien-12kg","status":"publish","type":"product","link":"https:\/\/www.animalsouk.ma\/animalerie-maroc\/produit\/pro-plan-medium-puppy-healthy-start-pour-chien-12kg\/","title":{"rendered":"Pro Plan Medium Puppy Healthy Start pour chien 12kg"},"content":{"rendered":"<p>Croquettes compl\u00e8tes pour chiot de race moyenne (10 \u2013 25 kg), d\u00e9licieux morceaux de poulet, m\u00e9lange adapt\u00e9 de nutriments avec du colostrum, avec des vitamines et des min\u00e9raux (anciennement : OPTISTART)<\/p>\n<p>Si vous voulez avoir la certitude que votre chien se d\u00e9veloppe correctement, il est essentiel de lui offrir une alimentation qui couvre parfaitement ses besoins nutritionnels pendant la p\u00e9riode de croissance. Les croquettes PURINA PRO PLAN Medium Puppy Healthy Start (anciennement : OPTISTART) constituent un aliment sp\u00e9cifique pour les chiots de races moyennes, \u00e0 la fois savoureux et \u00e9quilibr\u00e9, qui lui offre tous les nutriments essentiels.<\/p>\n<p>La recette de ces croquettes est compl\u00e8te et couvre parfaitement les besoins journaliers de votre chiot. Elles contiennent du poulet riche en prot\u00e9ines comme ingr\u00e9dient principal, et sont enrichies en colostrum. Les croquettes PURINA PRO PLAN Medium Puppy Healthy Start contiennent aussi des substances vitales, comme des vitamines, des min\u00e9raux et des oligo-\u00e9l\u00e9ments.<\/p>\n<p>Caract\u00e9ristiques des croquettes PURINA PRO PLAN Medium Puppy Healthy Start pour chien :<\/p>\n<ul>\n<li>croquettes de qualit\u00e9 pour les chiots (< 1 an) de races moyennes (10 \u2013 25 kg)<\/li>\n<li>conviennent aussi pour les chiennes gestantes et allaitantes<\/li>\n<li>croquettes \u00e9quilibr\u00e9es : id\u00e9ales comme aliment complet \u00e0 donner au quotidien aux chiots en p\u00e9riode de croissance<\/li>\n<li>recette au poulet : morceaux de qualit\u00e9, go\u00fbt savoureux, source de prot\u00e9ines de qualit\u00e9<\/li>\n<li>recette adapt\u00e9e : rapport prot\u00e9ines\/graisses adapt\u00e9 pour une croissance optimale<\/li>\n<li>enrichies en colostrum : contribue au fonctionnement normal des syst\u00e8mes immunitaire et digestif<\/li>\n<li>avec de l\u2019huile de poisson : fournit des acides gras essentiels, pour la peau et le pelage<\/li>\n<li>riches en substances vitales : avec des vitamines, min\u00e9raux et oligo\u00e9l\u00e9ments essentiels, recette compl\u00e8te<\/li>\n<li>pour des dents saines : la vitamine D pr\u00e9serve les dents<\/li>\n<li>aident \u00e0 renforcer les d\u00e9fenses naturelles : avec des antioxydants d\u2019origine naturelle<\/li>\n<li>sans colorants ajout\u00e9s<\/li>\n<li>sachet r\u00e9formable<\/li>\n<\/ul>\n<p><b>Ingr\u00e9dients :<\/b><br \/>\npoulet de grande qualit\u00e9 (20 %, compos\u00e9s de dos et de poitrine), prot\u00e9ines de volaille d\u00e9shydrat\u00e9es, bl\u00e9 farine de soja, graisses animales, riz (8 %), ma\u00efs, autolyse, pulpe de betterave d\u00e9shydrat\u00e9e, farine de prot\u00e9ines de ma\u00efs, min\u00e9raux, huile de poisson, \u0153uf d\u00e9shydrat\u00e9, colostrum d\u00e9shydrat\u00e9 (0,1 %).<\/p>\n<p><b>Additifs nutritionnels :<\/b><\/p>\n<p>vitamine A (29 000 UI\/kg), vitamine D3 (940 UI\/kg), vitamine E (200 UI\/kg), vitamine C (120 mg\/kg), sulfate de fer monohydrat\u00e9 (120 mg\/kg), iodate de calcium [anhydre] (1,9 mg\/kg), sulfate de cuivre pentahydrat\u00e9 (13 mg\/kg), sulfate de mangan\u00e8se monohydrat\u00e9 (Mn : 46 mg\/kg), sulfate de zinc monohydrat\u00e9 (Zn : 110 mg\/kg), s\u00e9l\u00e9nite de sodium (Se : 0,13 mg\/kg).<\/p>\n","protected":false},"excerpt":{"rendered":"<p>Croquettes compl\u00e8tes pour chiot de race moyenne (10 \u2013 25 kg), d\u00e9licieux morceaux de poulet, m\u00e9lange adapt\u00e9 de nutriments avec du colostrum, avec des vitamines et des min\u00e9raux (anciennement : OPTISTART) Si vous voulez avoir la certitude que votre chien se d\u00e9veloppe correctement, il est essentiel de lui offrir une alimentation qui couvre parfaitement ses [&#8230;]\n","protected":false},"featured_media":716,"template":"","meta":[],"product_brand":[22],"product_cat":[20],"product_tag":[],"class_list":{"0":"post-717","1":"product","2":"type-product","3":"status-publish","4":"has-post-thumbnail","6":"product_brand-purina-pro-plan","7":"product_cat-alimentation-pour-chiens","9":"first","10":"outofstock","11":"shipping-taxable","12":"purchasable","13":"product-type-simple"},"yoast_head":"<!-- This site is optimized with the Yoast SEO plugin v27.3 - https:\/\/yoast.com\/product\/yoast-seo-wordpress\/ -->\n<title>Pro Plan Medium Puppy Healthy Start pour chien 12kg - Animalerie Maroc<\/title>\n<meta name=\"description\" content=\"Achetez votre Pro Plan Medium Puppy Healthy Start pour chien 12kg au meilleur prix au Maroc. Livraison rapide | Animalsouk.ma\" \/>\n<meta name=\"robots\" content=\"index, follow, max-snippet:-1, max-image-preview:large, max-video-preview:-1\" \/>\n<link rel=\"canonical\" href=\"https:\/\/www.animalsouk.ma\/animalerie-maroc\/produit\/pro-plan-medium-puppy-healthy-start-pour-chien-12kg\/\" \/>\n<meta property=\"og:locale\" content=\"fr_FR\" \/>\n<meta property=\"og:type\" content=\"article\" \/>\n<meta property=\"og:title\" content=\"Pro Plan Medium Puppy Healthy Start pour chien 12kg - Animalerie Maroc\" \/>\n<meta property=\"og:description\" content=\"Achetez votre Pro Plan Medium Puppy Healthy Start pour chien 12kg au meilleur prix au Maroc. Livraison rapide | Animalsouk.ma\" \/>\n<meta property=\"og:url\" content=\"https:\/\/www.animalsouk.ma\/animalerie-maroc\/produit\/pro-plan-medium-puppy-healthy-start-pour-chien-12kg\/\" \/>\n<meta property=\"og:site_name\" content=\"Animalerie Maroc\" \/>\n<meta property=\"article:publisher\" content=\"https:\/\/www.facebook.com\/animalsouk.ma\" \/>\n<meta property=\"article:modified_time\" content=\"2025-09-08T20:16:50+00:00\" \/>\n<meta property=\"og:image\" content=\"https:\/\/www.animalsouk.ma\/animalerie-maroc\/wp-content\/uploads\/2025\/08\/1eb4cbf2e0be1961b0b1448602c9bb9a.jpg\" \/>\n\t<meta property=\"og:image:width\" content=\"700\" \/>\n\t<meta property=\"og:image:height\" content=\"579\" \/>\n\t<meta property=\"og:image:type\" content=\"image\/jpeg\" \/>\n<meta name=\"twitter:card\" content=\"summary_large_image\" \/>\n<meta name=\"twitter:label1\" content=\"Dur\u00e9e de lecture estim\u00e9e\" \/>\n\t<meta name=\"twitter:data1\" content=\"2 minutes\" \/>\n<script type=\"application\/ld+json\" class=\"yoast-schema-graph\">{\"@context\":\"https:\\\/\\\/schema.org\",\"@graph\":[{\"@type\":\"WebPage\",\"@id\":\"https:\\\/\\\/www.animalsouk.ma\\\/animalerie-maroc\\\/produit\\\/pro-plan-medium-puppy-healthy-start-pour-chien-12kg\\\/\",\"url\":\"https:\\\/\\\/www.animalsouk.ma\\\/animalerie-maroc\\\/produit\\\/pro-plan-medium-puppy-healthy-start-pour-chien-12kg\\\/\",\"name\":\"Pro Plan Medium Puppy Healthy Start pour chien 12kg - Animalerie Maroc\",\"isPartOf\":{\"@id\":\"https:\\\/\\\/www.animalsouk.ma\\\/animalerie-maroc\\\/#website\"},\"primaryImageOfPage\":{\"@id\":\"https:\\\/\\\/www.animalsouk.ma\\\/animalerie-maroc\\\/produit\\\/pro-plan-medium-puppy-healthy-start-pour-chien-12kg\\\/#primaryimage\"},\"image\":{\"@id\":\"https:\\\/\\\/www.animalsouk.ma\\\/animalerie-maroc\\\/produit\\\/pro-plan-medium-puppy-healthy-start-pour-chien-12kg\\\/#primaryimage\"},\"thumbnailUrl\":\"https:\\\/\\\/www.animalsouk.ma\\\/animalerie-maroc\\\/wp-content\\\/uploads\\\/2025\\\/08\\\/1eb4cbf2e0be1961b0b1448602c9bb9a.jpg\",\"datePublished\":\"2025-08-28T23:42:04+00:00\",\"dateModified\":\"2025-09-08T20:16:50+00:00\",\"description\":\"Achetez votre Pro Plan Medium Puppy Healthy Start pour chien 12kg au meilleur prix au Maroc. Livraison rapide | Animalsouk.ma\",\"breadcrumb\":{\"@id\":\"https:\\\/\\\/www.animalsouk.ma\\\/animalerie-maroc\\\/produit\\\/pro-plan-medium-puppy-healthy-start-pour-chien-12kg\\\/#breadcrumb\"},\"inLanguage\":\"fr-FR\",\"potentialAction\":[{\"@type\":\"ReadAction\",\"target\":[\"https:\\\/\\\/www.animalsouk.ma\\\/animalerie-maroc\\\/produit\\\/pro-plan-medium-puppy-healthy-start-pour-chien-12kg\\\/\"]}]},{\"@type\":\"ImageObject\",\"inLanguage\":\"fr-FR\",\"@id\":\"https:\\\/\\\/www.animalsouk.ma\\\/animalerie-maroc\\\/produit\\\/pro-plan-medium-puppy-healthy-start-pour-chien-12kg\\\/#primaryimage\",\"url\":\"https:\\\/\\\/www.animalsouk.ma\\\/animalerie-maroc\\\/wp-content\\\/uploads\\\/2025\\\/08\\\/1eb4cbf2e0be1961b0b1448602c9bb9a.jpg\",\"contentUrl\":\"https:\\\/\\\/www.animalsouk.ma\\\/animalerie-maroc\\\/wp-content\\\/uploads\\\/2025\\\/08\\\/1eb4cbf2e0be1961b0b1448602c9bb9a.jpg\",\"width\":700,\"height\":579,\"caption\":\"Pro Plan Medium Puppy Healthy Start pour chien 12kg\"},{\"@type\":\"BreadcrumbList\",\"@id\":\"https:\\\/\\\/www.animalsouk.ma\\\/animalerie-maroc\\\/produit\\\/pro-plan-medium-puppy-healthy-start-pour-chien-12kg\\\/#breadcrumb\",\"itemListElement\":[{\"@type\":\"ListItem\",\"position\":1,\"name\":\"Home\",\"item\":\"https:\\\/\\\/www.animalsouk.ma\\\/animalerie-maroc\\\/\"},{\"@type\":\"ListItem\",\"position\":2,\"name\":\"Boutique\",\"item\":\"https:\\\/\\\/www.animalsouk.ma\\\/animalerie-maroc\\\/boutique\\\/\"},{\"@type\":\"ListItem\",\"position\":3,\"name\":\"Pro Plan Medium Puppy Healthy Start pour chien 12kg\"}]},{\"@type\":\"WebSite\",\"@id\":\"https:\\\/\\\/www.animalsouk.ma\\\/animalerie-maroc\\\/#website\",\"url\":\"https:\\\/\\\/www.animalsouk.ma\\\/animalerie-maroc\\\/\",\"name\":\"Animalerie de casablanca\",\"description\":\"\",\"publisher\":{\"@id\":\"https:\\\/\\\/www.animalsouk.ma\\\/animalerie-maroc\\\/#organization\"},\"potentialAction\":[{\"@type\":\"SearchAction\",\"target\":{\"@type\":\"EntryPoint\",\"urlTemplate\":\"https:\\\/\\\/www.animalsouk.ma\\\/animalerie-maroc\\\/?s={search_term_string}\"},\"query-input\":{\"@type\":\"PropertyValueSpecification\",\"valueRequired\":true,\"valueName\":\"search_term_string\"}}],\"inLanguage\":\"fr-FR\"},{\"@type\":\"Organization\",\"@id\":\"https:\\\/\\\/www.animalsouk.ma\\\/animalerie-maroc\\\/#organization\",\"name\":\"Animalerie de casablanca\",\"url\":\"https:\\\/\\\/www.animalsouk.ma\\\/animalerie-maroc\\\/\",\"logo\":{\"@type\":\"ImageObject\",\"inLanguage\":\"fr-FR\",\"@id\":\"https:\\\/\\\/www.animalsouk.ma\\\/animalerie-maroc\\\/#\\\/schema\\\/logo\\\/image\\\/\",\"url\":\"https:\\\/\\\/www.animalsouk.ma\\\/animalerie-maroc\\\/wp-content\\\/uploads\\\/2025\\\/10\\\/animalsouk.ma-logo.png\",\"contentUrl\":\"https:\\\/\\\/www.animalsouk.ma\\\/animalerie-maroc\\\/wp-content\\\/uploads\\\/2025\\\/10\\\/animalsouk.ma-logo.png\",\"width\":760,\"height\":231,\"caption\":\"Animalerie de casablanca\"},\"image\":{\"@id\":\"https:\\\/\\\/www.animalsouk.ma\\\/animalerie-maroc\\\/#\\\/schema\\\/logo\\\/image\\\/\"},\"sameAs\":[\"https:\\\/\\\/www.facebook.com\\\/animalsouk.ma\",\"https:\\\/\\\/www.instagram.com\\\/animalsouk.ma\"]}]}<\/script>\n<!-- \/ Yoast SEO plugin. -->","yoast_head_json":{"title":"Pro Plan Medium Puppy Healthy Start pour chien 12kg - Animalerie Maroc","description":"Achetez votre Pro Plan Medium Puppy Healthy Start pour chien 12kg au meilleur prix au Maroc. Livraison rapide | Animalsouk.ma","robots":{"index":"index","follow":"follow","max-snippet":"max-snippet:-1","max-image-preview":"max-image-preview:large","max-video-preview":"max-video-preview:-1"},"canonical":"https:\/\/www.animalsouk.ma\/animalerie-maroc\/produit\/pro-plan-medium-puppy-healthy-start-pour-chien-12kg\/","og_locale":"fr_FR","og_type":"article","og_title":"Pro Plan Medium Puppy Healthy Start pour chien 12kg - Animalerie Maroc","og_description":"Achetez votre Pro Plan Medium Puppy Healthy Start pour chien 12kg au meilleur prix au Maroc. Livraison rapide | Animalsouk.ma","og_url":"https:\/\/www.animalsouk.ma\/animalerie-maroc\/produit\/pro-plan-medium-puppy-healthy-start-pour-chien-12kg\/","og_site_name":"Animalerie Maroc","article_publisher":"https:\/\/www.facebook.com\/animalsouk.ma","article_modified_time":"2025-09-08T20:16:50+00:00","og_image":[{"width":700,"height":579,"url":"https:\/\/www.animalsouk.ma\/animalerie-maroc\/wp-content\/uploads\/2025\/08\/1eb4cbf2e0be1961b0b1448602c9bb9a.jpg","type":"image\/jpeg"}],"twitter_card":"summary_large_image","twitter_misc":{"Dur\u00e9e de lecture estim\u00e9e":"2 minutes"},"schema":{"@context":"https:\/\/schema.org","@graph":[{"@type":"WebPage","@id":"https:\/\/www.animalsouk.ma\/animalerie-maroc\/produit\/pro-plan-medium-puppy-healthy-start-pour-chien-12kg\/","url":"https:\/\/www.animalsouk.ma\/animalerie-maroc\/produit\/pro-plan-medium-puppy-healthy-start-pour-chien-12kg\/","name":"Pro Plan Medium Puppy Healthy Start pour chien 12kg - Animalerie Maroc","isPartOf":{"@id":"https:\/\/www.animalsouk.ma\/animalerie-maroc\/#website"},"primaryImageOfPage":{"@id":"https:\/\/www.animalsouk.ma\/animalerie-maroc\/produit\/pro-plan-medium-puppy-healthy-start-pour-chien-12kg\/#primaryimage"},"image":{"@id":"https:\/\/www.animalsouk.ma\/animalerie-maroc\/produit\/pro-plan-medium-puppy-healthy-start-pour-chien-12kg\/#primaryimage"},"thumbnailUrl":"https:\/\/www.animalsouk.ma\/animalerie-maroc\/wp-content\/uploads\/2025\/08\/1eb4cbf2e0be1961b0b1448602c9bb9a.jpg","datePublished":"2025-08-28T23:42:04+00:00","dateModified":"2025-09-08T20:16:50+00:00","description":"Achetez votre Pro Plan Medium Puppy Healthy Start pour chien 12kg au meilleur prix au Maroc. Livraison rapide | Animalsouk.ma","breadcrumb":{"@id":"https:\/\/www.animalsouk.ma\/animalerie-maroc\/produit\/pro-plan-medium-puppy-healthy-start-pour-chien-12kg\/#breadcrumb"},"inLanguage":"fr-FR","potentialAction":[{"@type":"ReadAction","target":["https:\/\/www.animalsouk.ma\/animalerie-maroc\/produit\/pro-plan-medium-puppy-healthy-start-pour-chien-12kg\/"]}]},{"@type":"ImageObject","inLanguage":"fr-FR","@id":"https:\/\/www.animalsouk.ma\/animalerie-maroc\/produit\/pro-plan-medium-puppy-healthy-start-pour-chien-12kg\/#primaryimage","url":"https:\/\/www.animalsouk.ma\/animalerie-maroc\/wp-content\/uploads\/2025\/08\/1eb4cbf2e0be1961b0b1448602c9bb9a.jpg","contentUrl":"https:\/\/www.animalsouk.ma\/animalerie-maroc\/wp-content\/uploads\/2025\/08\/1eb4cbf2e0be1961b0b1448602c9bb9a.jpg","width":700,"height":579,"caption":"Pro Plan Medium Puppy Healthy Start pour chien 12kg"},{"@type":"BreadcrumbList","@id":"https:\/\/www.animalsouk.ma\/animalerie-maroc\/produit\/pro-plan-medium-puppy-healthy-start-pour-chien-12kg\/#breadcrumb","itemListElement":[{"@type":"ListItem","position":1,"name":"Home","item":"https:\/\/www.animalsouk.ma\/animalerie-maroc\/"},{"@type":"ListItem","position":2,"name":"Boutique","item":"https:\/\/www.animalsouk.ma\/animalerie-maroc\/boutique\/"},{"@type":"ListItem","position":3,"name":"Pro Plan Medium Puppy Healthy Start pour chien 12kg"}]},{"@type":"WebSite","@id":"https:\/\/www.animalsouk.ma\/animalerie-maroc\/#website","url":"https:\/\/www.animalsouk.ma\/animalerie-maroc\/","name":"Animalerie de casablanca","description":"","publisher":{"@id":"https:\/\/www.animalsouk.ma\/animalerie-maroc\/#organization"},"potentialAction":[{"@type":"SearchAction","target":{"@type":"EntryPoint","urlTemplate":"https:\/\/www.animalsouk.ma\/animalerie-maroc\/?s={search_term_string}"},"query-input":{"@type":"PropertyValueSpecification","valueRequired":true,"valueName":"search_term_string"}}],"inLanguage":"fr-FR"},{"@type":"Organization","@id":"https:\/\/www.animalsouk.ma\/animalerie-maroc\/#organization","name":"Animalerie de casablanca","url":"https:\/\/www.animalsouk.ma\/animalerie-maroc\/","logo":{"@type":"ImageObject","inLanguage":"fr-FR","@id":"https:\/\/www.animalsouk.ma\/animalerie-maroc\/#\/schema\/logo\/image\/","url":"https:\/\/www.animalsouk.ma\/animalerie-maroc\/wp-content\/uploads\/2025\/10\/animalsouk.ma-logo.png","contentUrl":"https:\/\/www.animalsouk.ma\/animalerie-maroc\/wp-content\/uploads\/2025\/10\/animalsouk.ma-logo.png","width":760,"height":231,"caption":"Animalerie de casablanca"},"image":{"@id":"https:\/\/www.animalsouk.ma\/animalerie-maroc\/#\/schema\/logo\/image\/"},"sameAs":["https:\/\/www.facebook.com\/animalsouk.ma","https:\/\/www.instagram.com\/animalsouk.ma"]}]}},"_links":{"self":[{"href":"https:\/\/www.animalsouk.ma\/animalerie-maroc\/wp-json\/wp\/v2\/product\/717","targetHints":{"allow":["GET"]}}],"collection":[{"href":"https:\/\/www.animalsouk.ma\/animalerie-maroc\/wp-json\/wp\/v2\/product"}],"about":[{"href":"https:\/\/www.animalsouk.ma\/animalerie-maroc\/wp-json\/wp\/v2\/types\/product"}],"wp:featuredmedia":[{"embeddable":true,"href":"https:\/\/www.animalsouk.ma\/animalerie-maroc\/wp-json\/wp\/v2\/media\/716"}],"wp:attachment":[{"href":"https:\/\/www.animalsouk.ma\/animalerie-maroc\/wp-json\/wp\/v2\/media?parent=717"}],"wp:term":[{"taxonomy":"product_brand","embeddable":true,"href":"https:\/\/www.animalsouk.ma\/animalerie-maroc\/wp-json\/wp\/v2\/product_brand?post=717"},{"taxonomy":"product_cat","embeddable":true,"href":"https:\/\/www.animalsouk.ma\/animalerie-maroc\/wp-json\/wp\/v2\/product_cat?post=717"},{"taxonomy":"product_tag","embeddable":true,"href":"https:\/\/www.animalsouk.ma\/animalerie-maroc\/wp-json\/wp\/v2\/product_tag?post=717"}],"curies":[{"name":"wp","href":"https:\/\/api.w.org\/{rel}","templated":true}]}}