{"id":705,"date":"2025-08-29T01:42:01","date_gmt":"2025-08-28T23:42:01","guid":{"rendered":"https:\/\/www.animalsouk.ma\/animalerie\/product\/balle-en-caoutchouc-solide-pour-chien-trixie\/"},"modified":"2026-01-05T17:41:24","modified_gmt":"2026-01-05T16:41:24","slug":"balle-en-caoutchouc-solide-pour-chien-trixie","status":"publish","type":"product","link":"https:\/\/www.animalsouk.ma\/animalerie-maroc\/produit\/balle-en-caoutchouc-solide-pour-chien-trixie\/","title":{"rendered":"balle en caoutchouc solide pour chien &#8211; trixie"},"content":{"rendered":"<p>Balle en caoutchouc solide et corde en nylon durable : balle en caoutchouc robuste avec creux \u00e0 l&rsquo;int\u00e9rieur, facile \u00e0 lancer ; corde en nylon ou en coton durable, r\u00e9sistante aux d\u00e9chirures et aux rayures, rempla\u00e7able ; boucle antid\u00e9rapante solide pour lancer et jouer \u00e0 un jeu de tir \u00e0 la corde.<br \/>\n\u25cf Mat\u00e9riau non toxique et s\u00fbr sans odeur terrible : fabriqu\u00e9 en caoutchouc de qualit\u00e9 alimentaire certifi\u00e9 de qualit\u00e9 sup\u00e9rieure sans toxicit\u00e9, pour la s\u00e9curit\u00e9 du chien.<br \/>\nMoins de comportement destructeur et plus de sant\u00e9 physique : la balle en corde d\u00e9veloppe le corps et la coordination de votre chien, augmente l&rsquo;intelligence et cr\u00e9e un esprit heureux, c&rsquo;est \u00e9galement un bon moyen de nettoyer ses dents et d&rsquo;exercer ses muscles.<br \/>\n\u25cf Balle d&rsquo;entra\u00eenement interactive avec plusieurs utilisations : les meilleurs jouets de dressage pour chien pour lancer, rapporter, tirer \u00e0 la corde et jeux de r\u00e9compense, promouvoir la relation entre vous et vos chiens.<br \/>\n\u25cf  6,5 cm de diam\u00e8tre pour les chiens de taille moyenne et grande. La longueur de la corde est de 35cm, ce qui lui permet tr\u00e8s facilement de lancer, attraper et emp\u00eache vos mains de se couvrir de bavettes de chien.<\/p>\n","protected":false},"excerpt":{"rendered":"<p>Balle en caoutchouc solide et corde en nylon durable : balle en caoutchouc robuste avec creux \u00e0 l&rsquo;int\u00e9rieur, facile \u00e0 lancer ; corde en nylon ou en coton durable, r\u00e9sistante aux d\u00e9chirures et aux rayures, rempla\u00e7able ; boucle antid\u00e9rapante solide pour lancer et jouer \u00e0 un jeu de tir \u00e0 la corde. \u25cf Mat\u00e9riau non [&#8230;]\n","protected":false},"featured_media":704,"template":"","meta":[],"product_brand":[26],"product_cat":[23],"product_tag":[],"class_list":{"0":"post-705","1":"product","2":"type-product","3":"status-publish","4":"has-post-thumbnail","6":"product_brand-trixie","7":"product_cat-accessoires-et-jouets-pour-chiens","9":"first","10":"instock","11":"shipping-taxable","12":"purchasable","13":"product-type-simple"},"yoast_head":"<!-- This site is optimized with the Yoast SEO plugin v27.3 - https:\/\/yoast.com\/product\/yoast-seo-wordpress\/ -->\n<title>balle en caoutchouc solide pour chien - trixie - Animalerie Maroc<\/title>\n<meta name=\"description\" content=\"Achetez votre balle en caoutchouc solide pour chien - trixie au meilleur prix au Maroc. Livraison rapide | Animalsouk.ma\" \/>\n<meta name=\"robots\" content=\"index, follow, max-snippet:-1, max-image-preview:large, max-video-preview:-1\" \/>\n<link rel=\"canonical\" href=\"https:\/\/www.animalsouk.ma\/animalerie-maroc\/produit\/balle-en-caoutchouc-solide-pour-chien-trixie\/\" \/>\n<meta property=\"og:locale\" content=\"fr_FR\" \/>\n<meta property=\"og:type\" content=\"article\" \/>\n<meta property=\"og:title\" content=\"balle en caoutchouc solide pour chien - trixie - Animalerie Maroc\" \/>\n<meta property=\"og:description\" content=\"Achetez votre balle en caoutchouc solide pour chien - trixie au meilleur prix au Maroc. Livraison rapide | Animalsouk.ma\" \/>\n<meta property=\"og:url\" content=\"https:\/\/www.animalsouk.ma\/animalerie-maroc\/produit\/balle-en-caoutchouc-solide-pour-chien-trixie\/\" \/>\n<meta property=\"og:site_name\" content=\"Animalerie Maroc\" \/>\n<meta property=\"article:publisher\" content=\"https:\/\/www.facebook.com\/animalsouk.ma\" \/>\n<meta property=\"article:modified_time\" content=\"2026-01-05T16:41:24+00:00\" \/>\n<meta property=\"og:image\" content=\"https:\/\/www.animalsouk.ma\/animalerie-maroc\/wp-content\/uploads\/2025\/08\/3e416868b98c2550d4260aeff0e3c387.jpg\" \/>\n\t<meta property=\"og:image:width\" content=\"700\" \/>\n\t<meta property=\"og:image:height\" content=\"579\" \/>\n\t<meta property=\"og:image:type\" content=\"image\/jpeg\" \/>\n<meta name=\"twitter:card\" content=\"summary_large_image\" \/>\n<meta name=\"twitter:label1\" content=\"Dur\u00e9e de lecture estim\u00e9e\" \/>\n\t<meta name=\"twitter:data1\" content=\"1 minute\" \/>\n<script type=\"application\/ld+json\" class=\"yoast-schema-graph\">{\"@context\":\"https:\\\/\\\/schema.org\",\"@graph\":[{\"@type\":\"WebPage\",\"@id\":\"https:\\\/\\\/www.animalsouk.ma\\\/animalerie-maroc\\\/produit\\\/balle-en-caoutchouc-solide-pour-chien-trixie\\\/\",\"url\":\"https:\\\/\\\/www.animalsouk.ma\\\/animalerie-maroc\\\/produit\\\/balle-en-caoutchouc-solide-pour-chien-trixie\\\/\",\"name\":\"balle en caoutchouc solide pour chien - trixie - Animalerie Maroc\",\"isPartOf\":{\"@id\":\"https:\\\/\\\/www.animalsouk.ma\\\/animalerie-maroc\\\/#website\"},\"primaryImageOfPage\":{\"@id\":\"https:\\\/\\\/www.animalsouk.ma\\\/animalerie-maroc\\\/produit\\\/balle-en-caoutchouc-solide-pour-chien-trixie\\\/#primaryimage\"},\"image\":{\"@id\":\"https:\\\/\\\/www.animalsouk.ma\\\/animalerie-maroc\\\/produit\\\/balle-en-caoutchouc-solide-pour-chien-trixie\\\/#primaryimage\"},\"thumbnailUrl\":\"https:\\\/\\\/www.animalsouk.ma\\\/animalerie-maroc\\\/wp-content\\\/uploads\\\/2025\\\/08\\\/3e416868b98c2550d4260aeff0e3c387.jpg\",\"datePublished\":\"2025-08-28T23:42:01+00:00\",\"dateModified\":\"2026-01-05T16:41:24+00:00\",\"description\":\"Achetez votre balle en caoutchouc solide pour chien - trixie au meilleur prix au Maroc. Livraison rapide | Animalsouk.ma\",\"breadcrumb\":{\"@id\":\"https:\\\/\\\/www.animalsouk.ma\\\/animalerie-maroc\\\/produit\\\/balle-en-caoutchouc-solide-pour-chien-trixie\\\/#breadcrumb\"},\"inLanguage\":\"fr-FR\",\"potentialAction\":[{\"@type\":\"ReadAction\",\"target\":[\"https:\\\/\\\/www.animalsouk.ma\\\/animalerie-maroc\\\/produit\\\/balle-en-caoutchouc-solide-pour-chien-trixie\\\/\"]}]},{\"@type\":\"ImageObject\",\"inLanguage\":\"fr-FR\",\"@id\":\"https:\\\/\\\/www.animalsouk.ma\\\/animalerie-maroc\\\/produit\\\/balle-en-caoutchouc-solide-pour-chien-trixie\\\/#primaryimage\",\"url\":\"https:\\\/\\\/www.animalsouk.ma\\\/animalerie-maroc\\\/wp-content\\\/uploads\\\/2025\\\/08\\\/3e416868b98c2550d4260aeff0e3c387.jpg\",\"contentUrl\":\"https:\\\/\\\/www.animalsouk.ma\\\/animalerie-maroc\\\/wp-content\\\/uploads\\\/2025\\\/08\\\/3e416868b98c2550d4260aeff0e3c387.jpg\",\"width\":700,\"height\":579,\"caption\":\"balle en caoutchouc solide pour chien - trixie\"},{\"@type\":\"BreadcrumbList\",\"@id\":\"https:\\\/\\\/www.animalsouk.ma\\\/animalerie-maroc\\\/produit\\\/balle-en-caoutchouc-solide-pour-chien-trixie\\\/#breadcrumb\",\"itemListElement\":[{\"@type\":\"ListItem\",\"position\":1,\"name\":\"Home\",\"item\":\"https:\\\/\\\/www.animalsouk.ma\\\/animalerie-maroc\\\/\"},{\"@type\":\"ListItem\",\"position\":2,\"name\":\"Boutique\",\"item\":\"https:\\\/\\\/www.animalsouk.ma\\\/animalerie-maroc\\\/boutique\\\/\"},{\"@type\":\"ListItem\",\"position\":3,\"name\":\"balle en caoutchouc solide pour chien &#8211; trixie\"}]},{\"@type\":\"WebSite\",\"@id\":\"https:\\\/\\\/www.animalsouk.ma\\\/animalerie-maroc\\\/#website\",\"url\":\"https:\\\/\\\/www.animalsouk.ma\\\/animalerie-maroc\\\/\",\"name\":\"Animalerie de casablanca\",\"description\":\"\",\"publisher\":{\"@id\":\"https:\\\/\\\/www.animalsouk.ma\\\/animalerie-maroc\\\/#organization\"},\"potentialAction\":[{\"@type\":\"SearchAction\",\"target\":{\"@type\":\"EntryPoint\",\"urlTemplate\":\"https:\\\/\\\/www.animalsouk.ma\\\/animalerie-maroc\\\/?s={search_term_string}\"},\"query-input\":{\"@type\":\"PropertyValueSpecification\",\"valueRequired\":true,\"valueName\":\"search_term_string\"}}],\"inLanguage\":\"fr-FR\"},{\"@type\":\"Organization\",\"@id\":\"https:\\\/\\\/www.animalsouk.ma\\\/animalerie-maroc\\\/#organization\",\"name\":\"Animalerie de casablanca\",\"url\":\"https:\\\/\\\/www.animalsouk.ma\\\/animalerie-maroc\\\/\",\"logo\":{\"@type\":\"ImageObject\",\"inLanguage\":\"fr-FR\",\"@id\":\"https:\\\/\\\/www.animalsouk.ma\\\/animalerie-maroc\\\/#\\\/schema\\\/logo\\\/image\\\/\",\"url\":\"https:\\\/\\\/www.animalsouk.ma\\\/animalerie-maroc\\\/wp-content\\\/uploads\\\/2025\\\/10\\\/animalsouk.ma-logo.png\",\"contentUrl\":\"https:\\\/\\\/www.animalsouk.ma\\\/animalerie-maroc\\\/wp-content\\\/uploads\\\/2025\\\/10\\\/animalsouk.ma-logo.png\",\"width\":760,\"height\":231,\"caption\":\"Animalerie de casablanca\"},\"image\":{\"@id\":\"https:\\\/\\\/www.animalsouk.ma\\\/animalerie-maroc\\\/#\\\/schema\\\/logo\\\/image\\\/\"},\"sameAs\":[\"https:\\\/\\\/www.facebook.com\\\/animalsouk.ma\",\"https:\\\/\\\/www.instagram.com\\\/animalsouk.ma\"]}]}<\/script>\n<!-- \/ Yoast SEO plugin. -->","yoast_head_json":{"title":"balle en caoutchouc solide pour chien - trixie - Animalerie Maroc","description":"Achetez votre balle en caoutchouc solide pour chien - trixie au meilleur prix au Maroc. Livraison rapide | Animalsouk.ma","robots":{"index":"index","follow":"follow","max-snippet":"max-snippet:-1","max-image-preview":"max-image-preview:large","max-video-preview":"max-video-preview:-1"},"canonical":"https:\/\/www.animalsouk.ma\/animalerie-maroc\/produit\/balle-en-caoutchouc-solide-pour-chien-trixie\/","og_locale":"fr_FR","og_type":"article","og_title":"balle en caoutchouc solide pour chien - trixie - Animalerie Maroc","og_description":"Achetez votre balle en caoutchouc solide pour chien - trixie au meilleur prix au Maroc. Livraison rapide | Animalsouk.ma","og_url":"https:\/\/www.animalsouk.ma\/animalerie-maroc\/produit\/balle-en-caoutchouc-solide-pour-chien-trixie\/","og_site_name":"Animalerie Maroc","article_publisher":"https:\/\/www.facebook.com\/animalsouk.ma","article_modified_time":"2026-01-05T16:41:24+00:00","og_image":[{"width":700,"height":579,"url":"https:\/\/www.animalsouk.ma\/animalerie-maroc\/wp-content\/uploads\/2025\/08\/3e416868b98c2550d4260aeff0e3c387.jpg","type":"image\/jpeg"}],"twitter_card":"summary_large_image","twitter_misc":{"Dur\u00e9e de lecture estim\u00e9e":"1 minute"},"schema":{"@context":"https:\/\/schema.org","@graph":[{"@type":"WebPage","@id":"https:\/\/www.animalsouk.ma\/animalerie-maroc\/produit\/balle-en-caoutchouc-solide-pour-chien-trixie\/","url":"https:\/\/www.animalsouk.ma\/animalerie-maroc\/produit\/balle-en-caoutchouc-solide-pour-chien-trixie\/","name":"balle en caoutchouc solide pour chien - trixie - Animalerie Maroc","isPartOf":{"@id":"https:\/\/www.animalsouk.ma\/animalerie-maroc\/#website"},"primaryImageOfPage":{"@id":"https:\/\/www.animalsouk.ma\/animalerie-maroc\/produit\/balle-en-caoutchouc-solide-pour-chien-trixie\/#primaryimage"},"image":{"@id":"https:\/\/www.animalsouk.ma\/animalerie-maroc\/produit\/balle-en-caoutchouc-solide-pour-chien-trixie\/#primaryimage"},"thumbnailUrl":"https:\/\/www.animalsouk.ma\/animalerie-maroc\/wp-content\/uploads\/2025\/08\/3e416868b98c2550d4260aeff0e3c387.jpg","datePublished":"2025-08-28T23:42:01+00:00","dateModified":"2026-01-05T16:41:24+00:00","description":"Achetez votre balle en caoutchouc solide pour chien - trixie au meilleur prix au Maroc. Livraison rapide | Animalsouk.ma","breadcrumb":{"@id":"https:\/\/www.animalsouk.ma\/animalerie-maroc\/produit\/balle-en-caoutchouc-solide-pour-chien-trixie\/#breadcrumb"},"inLanguage":"fr-FR","potentialAction":[{"@type":"ReadAction","target":["https:\/\/www.animalsouk.ma\/animalerie-maroc\/produit\/balle-en-caoutchouc-solide-pour-chien-trixie\/"]}]},{"@type":"ImageObject","inLanguage":"fr-FR","@id":"https:\/\/www.animalsouk.ma\/animalerie-maroc\/produit\/balle-en-caoutchouc-solide-pour-chien-trixie\/#primaryimage","url":"https:\/\/www.animalsouk.ma\/animalerie-maroc\/wp-content\/uploads\/2025\/08\/3e416868b98c2550d4260aeff0e3c387.jpg","contentUrl":"https:\/\/www.animalsouk.ma\/animalerie-maroc\/wp-content\/uploads\/2025\/08\/3e416868b98c2550d4260aeff0e3c387.jpg","width":700,"height":579,"caption":"balle en caoutchouc solide pour chien - trixie"},{"@type":"BreadcrumbList","@id":"https:\/\/www.animalsouk.ma\/animalerie-maroc\/produit\/balle-en-caoutchouc-solide-pour-chien-trixie\/#breadcrumb","itemListElement":[{"@type":"ListItem","position":1,"name":"Home","item":"https:\/\/www.animalsouk.ma\/animalerie-maroc\/"},{"@type":"ListItem","position":2,"name":"Boutique","item":"https:\/\/www.animalsouk.ma\/animalerie-maroc\/boutique\/"},{"@type":"ListItem","position":3,"name":"balle en caoutchouc solide pour chien &#8211; trixie"}]},{"@type":"WebSite","@id":"https:\/\/www.animalsouk.ma\/animalerie-maroc\/#website","url":"https:\/\/www.animalsouk.ma\/animalerie-maroc\/","name":"Animalerie de casablanca","description":"","publisher":{"@id":"https:\/\/www.animalsouk.ma\/animalerie-maroc\/#organization"},"potentialAction":[{"@type":"SearchAction","target":{"@type":"EntryPoint","urlTemplate":"https:\/\/www.animalsouk.ma\/animalerie-maroc\/?s={search_term_string}"},"query-input":{"@type":"PropertyValueSpecification","valueRequired":true,"valueName":"search_term_string"}}],"inLanguage":"fr-FR"},{"@type":"Organization","@id":"https:\/\/www.animalsouk.ma\/animalerie-maroc\/#organization","name":"Animalerie de casablanca","url":"https:\/\/www.animalsouk.ma\/animalerie-maroc\/","logo":{"@type":"ImageObject","inLanguage":"fr-FR","@id":"https:\/\/www.animalsouk.ma\/animalerie-maroc\/#\/schema\/logo\/image\/","url":"https:\/\/www.animalsouk.ma\/animalerie-maroc\/wp-content\/uploads\/2025\/10\/animalsouk.ma-logo.png","contentUrl":"https:\/\/www.animalsouk.ma\/animalerie-maroc\/wp-content\/uploads\/2025\/10\/animalsouk.ma-logo.png","width":760,"height":231,"caption":"Animalerie de casablanca"},"image":{"@id":"https:\/\/www.animalsouk.ma\/animalerie-maroc\/#\/schema\/logo\/image\/"},"sameAs":["https:\/\/www.facebook.com\/animalsouk.ma","https:\/\/www.instagram.com\/animalsouk.ma"]}]}},"_links":{"self":[{"href":"https:\/\/www.animalsouk.ma\/animalerie-maroc\/wp-json\/wp\/v2\/product\/705","targetHints":{"allow":["GET"]}}],"collection":[{"href":"https:\/\/www.animalsouk.ma\/animalerie-maroc\/wp-json\/wp\/v2\/product"}],"about":[{"href":"https:\/\/www.animalsouk.ma\/animalerie-maroc\/wp-json\/wp\/v2\/types\/product"}],"wp:featuredmedia":[{"embeddable":true,"href":"https:\/\/www.animalsouk.ma\/animalerie-maroc\/wp-json\/wp\/v2\/media\/704"}],"wp:attachment":[{"href":"https:\/\/www.animalsouk.ma\/animalerie-maroc\/wp-json\/wp\/v2\/media?parent=705"}],"wp:term":[{"taxonomy":"product_brand","embeddable":true,"href":"https:\/\/www.animalsouk.ma\/animalerie-maroc\/wp-json\/wp\/v2\/product_brand?post=705"},{"taxonomy":"product_cat","embeddable":true,"href":"https:\/\/www.animalsouk.ma\/animalerie-maroc\/wp-json\/wp\/v2\/product_cat?post=705"},{"taxonomy":"product_tag","embeddable":true,"href":"https:\/\/www.animalsouk.ma\/animalerie-maroc\/wp-json\/wp\/v2\/product_tag?post=705"}],"curies":[{"name":"wp","href":"https:\/\/api.w.org\/{rel}","templated":true}]}}