{"id":701,"date":"2025-08-29T01:42:00","date_gmt":"2025-08-28T23:42:00","guid":{"rendered":"https:\/\/www.animalsouk.ma\/animalerie\/product\/trixie-dentafun-un-jouet-en-forme-de-baton-et-de-corde\/"},"modified":"2025-12-03T23:10:10","modified_gmt":"2025-12-03T22:10:10","slug":"trixie-dentafun-un-jouet-en-forme-de-baton-et-de-corde","status":"publish","type":"product","link":"https:\/\/www.animalsouk.ma\/animalerie-maroc\/produit\/trixie-dentafun-un-jouet-en-forme-de-baton-et-de-corde\/","title":{"rendered":"Trixie Dentafun Un jouet en forme de b\u00e2ton et de corde"},"content":{"rendered":"<p>Trixie Dentafun est con\u00e7u pour nos amis \u00e0 fourrure qui aiment m\u00e2cher et jouer un peu plus fort ! Le jouet Trixie Dentafun est constitu\u00e9 d\u2019un mat\u00e9riau TPR s\u00fbr pour les chiens, \u00e0 la fois r\u00e9sistant et souple, qui m\u00e9nage les dents canines tout en procurant \u00e0 votre chien le plaisir de m\u00e2cher dont il a besoin.<\/p>\n<p>Ce jouet \u00e0 m\u00e2cher pour chiens, qui ne couine pas, poss\u00e8de une \u00ab queue \u00bb en corde nou\u00e9e qui ajoute au plaisir de la mastication et permet de jouer facilement au tir \u00e0 la corde avec votre animal ! Les fibres de la corde peuvent m\u00eame aider \u00e0 passer le fil dentaire entre les dents de votre chien pour favoriser une meilleure sant\u00e9 dentaire.<\/p>\n<p>\u25cf caoutchouc<br \/>\n\u25cf aromatis\u00e9 \u00e0 la menthe<br \/>\n\u25cf masse les gencives<br \/>\n\u25cf avec des poign\u00e9es rondes \u00e0 l\u2019extr\u00e9mit\u00e9 de la corde pour une prise s\u00fbre et indolore en cas de forte traction<br \/>\n\u25cf taille : 9 cm\/37 cm<\/p>\n","protected":false},"excerpt":{"rendered":"<p>Trixie Dentafun est con\u00e7u pour nos amis \u00e0 fourrure qui aiment m\u00e2cher et jouer un peu plus fort ! Le jouet Trixie Dentafun est constitu\u00e9 d\u2019un mat\u00e9riau TPR s\u00fbr pour les chiens, \u00e0 la fois r\u00e9sistant et souple, qui m\u00e9nage les dents canines tout en procurant \u00e0 votre chien le plaisir de m\u00e2cher dont il [&#8230;]\n","protected":false},"featured_media":700,"template":"","meta":[],"product_brand":[26],"product_cat":[23],"product_tag":[],"class_list":{"0":"post-701","1":"product","2":"type-product","3":"status-publish","4":"has-post-thumbnail","6":"product_brand-trixie","7":"product_cat-accessoires-et-jouets-pour-chiens","9":"first","10":"outofstock","11":"shipping-taxable","12":"purchasable","13":"product-type-simple"},"yoast_head":"<!-- This site is optimized with the Yoast SEO plugin v27.3 - https:\/\/yoast.com\/product\/yoast-seo-wordpress\/ -->\n<title>Trixie Dentafun Un jouet en forme de b\u00e2ton et de corde - Animalerie Maroc<\/title>\n<meta name=\"description\" content=\"Achetez votre Trixie Dentafun Un jouet en forme de b\u00e2ton et de corde au meilleur prix au Maroc. Livraison rapide | Animalsouk.ma\" \/>\n<meta name=\"robots\" content=\"index, follow, max-snippet:-1, max-image-preview:large, max-video-preview:-1\" \/>\n<link rel=\"canonical\" href=\"https:\/\/www.animalsouk.ma\/animalerie-maroc\/produit\/trixie-dentafun-un-jouet-en-forme-de-baton-et-de-corde\/\" \/>\n<meta property=\"og:locale\" content=\"fr_FR\" \/>\n<meta property=\"og:type\" content=\"article\" \/>\n<meta property=\"og:title\" content=\"Trixie Dentafun Un jouet en forme de b\u00e2ton et de corde - Animalerie Maroc\" \/>\n<meta property=\"og:description\" content=\"Achetez votre Trixie Dentafun Un jouet en forme de b\u00e2ton et de corde au meilleur prix au Maroc. Livraison rapide | Animalsouk.ma\" \/>\n<meta property=\"og:url\" content=\"https:\/\/www.animalsouk.ma\/animalerie-maroc\/produit\/trixie-dentafun-un-jouet-en-forme-de-baton-et-de-corde\/\" \/>\n<meta property=\"og:site_name\" content=\"Animalerie Maroc\" \/>\n<meta property=\"article:publisher\" content=\"https:\/\/www.facebook.com\/animalsouk.ma\" \/>\n<meta property=\"article:modified_time\" content=\"2025-12-03T22:10:10+00:00\" \/>\n<meta property=\"og:image\" content=\"https:\/\/www.animalsouk.ma\/animalerie-maroc\/wp-content\/uploads\/2025\/08\/a450cf0272cc9db633714dad35a59fbd.jpg\" \/>\n\t<meta property=\"og:image:width\" content=\"700\" \/>\n\t<meta property=\"og:image:height\" content=\"579\" \/>\n\t<meta property=\"og:image:type\" content=\"image\/jpeg\" \/>\n<meta name=\"twitter:card\" content=\"summary_large_image\" \/>\n<meta name=\"twitter:label1\" content=\"Dur\u00e9e de lecture estim\u00e9e\" \/>\n\t<meta name=\"twitter:data1\" content=\"1 minute\" \/>\n<script type=\"application\/ld+json\" class=\"yoast-schema-graph\">{\"@context\":\"https:\\\/\\\/schema.org\",\"@graph\":[{\"@type\":\"WebPage\",\"@id\":\"https:\\\/\\\/www.animalsouk.ma\\\/animalerie-maroc\\\/produit\\\/trixie-dentafun-un-jouet-en-forme-de-baton-et-de-corde\\\/\",\"url\":\"https:\\\/\\\/www.animalsouk.ma\\\/animalerie-maroc\\\/produit\\\/trixie-dentafun-un-jouet-en-forme-de-baton-et-de-corde\\\/\",\"name\":\"Trixie Dentafun Un jouet en forme de b\u00e2ton et de corde - Animalerie Maroc\",\"isPartOf\":{\"@id\":\"https:\\\/\\\/www.animalsouk.ma\\\/animalerie-maroc\\\/#website\"},\"primaryImageOfPage\":{\"@id\":\"https:\\\/\\\/www.animalsouk.ma\\\/animalerie-maroc\\\/produit\\\/trixie-dentafun-un-jouet-en-forme-de-baton-et-de-corde\\\/#primaryimage\"},\"image\":{\"@id\":\"https:\\\/\\\/www.animalsouk.ma\\\/animalerie-maroc\\\/produit\\\/trixie-dentafun-un-jouet-en-forme-de-baton-et-de-corde\\\/#primaryimage\"},\"thumbnailUrl\":\"https:\\\/\\\/www.animalsouk.ma\\\/animalerie-maroc\\\/wp-content\\\/uploads\\\/2025\\\/08\\\/a450cf0272cc9db633714dad35a59fbd.jpg\",\"datePublished\":\"2025-08-28T23:42:00+00:00\",\"dateModified\":\"2025-12-03T22:10:10+00:00\",\"description\":\"Achetez votre Trixie Dentafun Un jouet en forme de b\u00e2ton et de corde au meilleur prix au Maroc. Livraison rapide | Animalsouk.ma\",\"breadcrumb\":{\"@id\":\"https:\\\/\\\/www.animalsouk.ma\\\/animalerie-maroc\\\/produit\\\/trixie-dentafun-un-jouet-en-forme-de-baton-et-de-corde\\\/#breadcrumb\"},\"inLanguage\":\"fr-FR\",\"potentialAction\":[{\"@type\":\"ReadAction\",\"target\":[\"https:\\\/\\\/www.animalsouk.ma\\\/animalerie-maroc\\\/produit\\\/trixie-dentafun-un-jouet-en-forme-de-baton-et-de-corde\\\/\"]}]},{\"@type\":\"ImageObject\",\"inLanguage\":\"fr-FR\",\"@id\":\"https:\\\/\\\/www.animalsouk.ma\\\/animalerie-maroc\\\/produit\\\/trixie-dentafun-un-jouet-en-forme-de-baton-et-de-corde\\\/#primaryimage\",\"url\":\"https:\\\/\\\/www.animalsouk.ma\\\/animalerie-maroc\\\/wp-content\\\/uploads\\\/2025\\\/08\\\/a450cf0272cc9db633714dad35a59fbd.jpg\",\"contentUrl\":\"https:\\\/\\\/www.animalsouk.ma\\\/animalerie-maroc\\\/wp-content\\\/uploads\\\/2025\\\/08\\\/a450cf0272cc9db633714dad35a59fbd.jpg\",\"width\":700,\"height\":579,\"caption\":\"Trixie Dentafun Un jouet en forme de b\u00e2ton et de corde\"},{\"@type\":\"BreadcrumbList\",\"@id\":\"https:\\\/\\\/www.animalsouk.ma\\\/animalerie-maroc\\\/produit\\\/trixie-dentafun-un-jouet-en-forme-de-baton-et-de-corde\\\/#breadcrumb\",\"itemListElement\":[{\"@type\":\"ListItem\",\"position\":1,\"name\":\"Home\",\"item\":\"https:\\\/\\\/www.animalsouk.ma\\\/animalerie-maroc\\\/\"},{\"@type\":\"ListItem\",\"position\":2,\"name\":\"Boutique\",\"item\":\"https:\\\/\\\/www.animalsouk.ma\\\/animalerie-maroc\\\/boutique\\\/\"},{\"@type\":\"ListItem\",\"position\":3,\"name\":\"Trixie Dentafun Un jouet en forme de b\u00e2ton et de corde\"}]},{\"@type\":\"WebSite\",\"@id\":\"https:\\\/\\\/www.animalsouk.ma\\\/animalerie-maroc\\\/#website\",\"url\":\"https:\\\/\\\/www.animalsouk.ma\\\/animalerie-maroc\\\/\",\"name\":\"Animalerie de casablanca\",\"description\":\"\",\"publisher\":{\"@id\":\"https:\\\/\\\/www.animalsouk.ma\\\/animalerie-maroc\\\/#organization\"},\"potentialAction\":[{\"@type\":\"SearchAction\",\"target\":{\"@type\":\"EntryPoint\",\"urlTemplate\":\"https:\\\/\\\/www.animalsouk.ma\\\/animalerie-maroc\\\/?s={search_term_string}\"},\"query-input\":{\"@type\":\"PropertyValueSpecification\",\"valueRequired\":true,\"valueName\":\"search_term_string\"}}],\"inLanguage\":\"fr-FR\"},{\"@type\":\"Organization\",\"@id\":\"https:\\\/\\\/www.animalsouk.ma\\\/animalerie-maroc\\\/#organization\",\"name\":\"Animalerie de casablanca\",\"url\":\"https:\\\/\\\/www.animalsouk.ma\\\/animalerie-maroc\\\/\",\"logo\":{\"@type\":\"ImageObject\",\"inLanguage\":\"fr-FR\",\"@id\":\"https:\\\/\\\/www.animalsouk.ma\\\/animalerie-maroc\\\/#\\\/schema\\\/logo\\\/image\\\/\",\"url\":\"https:\\\/\\\/www.animalsouk.ma\\\/animalerie-maroc\\\/wp-content\\\/uploads\\\/2025\\\/10\\\/animalsouk.ma-logo.png\",\"contentUrl\":\"https:\\\/\\\/www.animalsouk.ma\\\/animalerie-maroc\\\/wp-content\\\/uploads\\\/2025\\\/10\\\/animalsouk.ma-logo.png\",\"width\":760,\"height\":231,\"caption\":\"Animalerie de casablanca\"},\"image\":{\"@id\":\"https:\\\/\\\/www.animalsouk.ma\\\/animalerie-maroc\\\/#\\\/schema\\\/logo\\\/image\\\/\"},\"sameAs\":[\"https:\\\/\\\/www.facebook.com\\\/animalsouk.ma\",\"https:\\\/\\\/www.instagram.com\\\/animalsouk.ma\"]}]}<\/script>\n<!-- \/ Yoast SEO plugin. -->","yoast_head_json":{"title":"Trixie Dentafun Un jouet en forme de b\u00e2ton et de corde - Animalerie Maroc","description":"Achetez votre Trixie Dentafun Un jouet en forme de b\u00e2ton et de corde au meilleur prix au Maroc. Livraison rapide | Animalsouk.ma","robots":{"index":"index","follow":"follow","max-snippet":"max-snippet:-1","max-image-preview":"max-image-preview:large","max-video-preview":"max-video-preview:-1"},"canonical":"https:\/\/www.animalsouk.ma\/animalerie-maroc\/produit\/trixie-dentafun-un-jouet-en-forme-de-baton-et-de-corde\/","og_locale":"fr_FR","og_type":"article","og_title":"Trixie Dentafun Un jouet en forme de b\u00e2ton et de corde - Animalerie Maroc","og_description":"Achetez votre Trixie Dentafun Un jouet en forme de b\u00e2ton et de corde au meilleur prix au Maroc. Livraison rapide | Animalsouk.ma","og_url":"https:\/\/www.animalsouk.ma\/animalerie-maroc\/produit\/trixie-dentafun-un-jouet-en-forme-de-baton-et-de-corde\/","og_site_name":"Animalerie Maroc","article_publisher":"https:\/\/www.facebook.com\/animalsouk.ma","article_modified_time":"2025-12-03T22:10:10+00:00","og_image":[{"width":700,"height":579,"url":"https:\/\/www.animalsouk.ma\/animalerie-maroc\/wp-content\/uploads\/2025\/08\/a450cf0272cc9db633714dad35a59fbd.jpg","type":"image\/jpeg"}],"twitter_card":"summary_large_image","twitter_misc":{"Dur\u00e9e de lecture estim\u00e9e":"1 minute"},"schema":{"@context":"https:\/\/schema.org","@graph":[{"@type":"WebPage","@id":"https:\/\/www.animalsouk.ma\/animalerie-maroc\/produit\/trixie-dentafun-un-jouet-en-forme-de-baton-et-de-corde\/","url":"https:\/\/www.animalsouk.ma\/animalerie-maroc\/produit\/trixie-dentafun-un-jouet-en-forme-de-baton-et-de-corde\/","name":"Trixie Dentafun Un jouet en forme de b\u00e2ton et de corde - Animalerie Maroc","isPartOf":{"@id":"https:\/\/www.animalsouk.ma\/animalerie-maroc\/#website"},"primaryImageOfPage":{"@id":"https:\/\/www.animalsouk.ma\/animalerie-maroc\/produit\/trixie-dentafun-un-jouet-en-forme-de-baton-et-de-corde\/#primaryimage"},"image":{"@id":"https:\/\/www.animalsouk.ma\/animalerie-maroc\/produit\/trixie-dentafun-un-jouet-en-forme-de-baton-et-de-corde\/#primaryimage"},"thumbnailUrl":"https:\/\/www.animalsouk.ma\/animalerie-maroc\/wp-content\/uploads\/2025\/08\/a450cf0272cc9db633714dad35a59fbd.jpg","datePublished":"2025-08-28T23:42:00+00:00","dateModified":"2025-12-03T22:10:10+00:00","description":"Achetez votre Trixie Dentafun Un jouet en forme de b\u00e2ton et de corde au meilleur prix au Maroc. Livraison rapide | Animalsouk.ma","breadcrumb":{"@id":"https:\/\/www.animalsouk.ma\/animalerie-maroc\/produit\/trixie-dentafun-un-jouet-en-forme-de-baton-et-de-corde\/#breadcrumb"},"inLanguage":"fr-FR","potentialAction":[{"@type":"ReadAction","target":["https:\/\/www.animalsouk.ma\/animalerie-maroc\/produit\/trixie-dentafun-un-jouet-en-forme-de-baton-et-de-corde\/"]}]},{"@type":"ImageObject","inLanguage":"fr-FR","@id":"https:\/\/www.animalsouk.ma\/animalerie-maroc\/produit\/trixie-dentafun-un-jouet-en-forme-de-baton-et-de-corde\/#primaryimage","url":"https:\/\/www.animalsouk.ma\/animalerie-maroc\/wp-content\/uploads\/2025\/08\/a450cf0272cc9db633714dad35a59fbd.jpg","contentUrl":"https:\/\/www.animalsouk.ma\/animalerie-maroc\/wp-content\/uploads\/2025\/08\/a450cf0272cc9db633714dad35a59fbd.jpg","width":700,"height":579,"caption":"Trixie Dentafun Un jouet en forme de b\u00e2ton et de corde"},{"@type":"BreadcrumbList","@id":"https:\/\/www.animalsouk.ma\/animalerie-maroc\/produit\/trixie-dentafun-un-jouet-en-forme-de-baton-et-de-corde\/#breadcrumb","itemListElement":[{"@type":"ListItem","position":1,"name":"Home","item":"https:\/\/www.animalsouk.ma\/animalerie-maroc\/"},{"@type":"ListItem","position":2,"name":"Boutique","item":"https:\/\/www.animalsouk.ma\/animalerie-maroc\/boutique\/"},{"@type":"ListItem","position":3,"name":"Trixie Dentafun Un jouet en forme de b\u00e2ton et de corde"}]},{"@type":"WebSite","@id":"https:\/\/www.animalsouk.ma\/animalerie-maroc\/#website","url":"https:\/\/www.animalsouk.ma\/animalerie-maroc\/","name":"Animalerie de casablanca","description":"","publisher":{"@id":"https:\/\/www.animalsouk.ma\/animalerie-maroc\/#organization"},"potentialAction":[{"@type":"SearchAction","target":{"@type":"EntryPoint","urlTemplate":"https:\/\/www.animalsouk.ma\/animalerie-maroc\/?s={search_term_string}"},"query-input":{"@type":"PropertyValueSpecification","valueRequired":true,"valueName":"search_term_string"}}],"inLanguage":"fr-FR"},{"@type":"Organization","@id":"https:\/\/www.animalsouk.ma\/animalerie-maroc\/#organization","name":"Animalerie de casablanca","url":"https:\/\/www.animalsouk.ma\/animalerie-maroc\/","logo":{"@type":"ImageObject","inLanguage":"fr-FR","@id":"https:\/\/www.animalsouk.ma\/animalerie-maroc\/#\/schema\/logo\/image\/","url":"https:\/\/www.animalsouk.ma\/animalerie-maroc\/wp-content\/uploads\/2025\/10\/animalsouk.ma-logo.png","contentUrl":"https:\/\/www.animalsouk.ma\/animalerie-maroc\/wp-content\/uploads\/2025\/10\/animalsouk.ma-logo.png","width":760,"height":231,"caption":"Animalerie de casablanca"},"image":{"@id":"https:\/\/www.animalsouk.ma\/animalerie-maroc\/#\/schema\/logo\/image\/"},"sameAs":["https:\/\/www.facebook.com\/animalsouk.ma","https:\/\/www.instagram.com\/animalsouk.ma"]}]}},"_links":{"self":[{"href":"https:\/\/www.animalsouk.ma\/animalerie-maroc\/wp-json\/wp\/v2\/product\/701","targetHints":{"allow":["GET"]}}],"collection":[{"href":"https:\/\/www.animalsouk.ma\/animalerie-maroc\/wp-json\/wp\/v2\/product"}],"about":[{"href":"https:\/\/www.animalsouk.ma\/animalerie-maroc\/wp-json\/wp\/v2\/types\/product"}],"wp:featuredmedia":[{"embeddable":true,"href":"https:\/\/www.animalsouk.ma\/animalerie-maroc\/wp-json\/wp\/v2\/media\/700"}],"wp:attachment":[{"href":"https:\/\/www.animalsouk.ma\/animalerie-maroc\/wp-json\/wp\/v2\/media?parent=701"}],"wp:term":[{"taxonomy":"product_brand","embeddable":true,"href":"https:\/\/www.animalsouk.ma\/animalerie-maroc\/wp-json\/wp\/v2\/product_brand?post=701"},{"taxonomy":"product_cat","embeddable":true,"href":"https:\/\/www.animalsouk.ma\/animalerie-maroc\/wp-json\/wp\/v2\/product_cat?post=701"},{"taxonomy":"product_tag","embeddable":true,"href":"https:\/\/www.animalsouk.ma\/animalerie-maroc\/wp-json\/wp\/v2\/product_tag?post=701"}],"curies":[{"name":"wp","href":"https:\/\/api.w.org\/{rel}","templated":true}]}}