{"id":689,"date":"2025-08-29T01:41:58","date_gmt":"2025-08-28T23:41:58","guid":{"rendered":"https:\/\/www.animalsouk.ma\/animalerie\/product\/litiere-cats-best-en-pellet-du-bois-5l-25kg\/"},"modified":"2025-09-08T22:20:28","modified_gmt":"2025-09-08T20:20:28","slug":"litiere-cats-best-en-pellet-du-bois-5l-25kg","status":"publish","type":"product","link":"https:\/\/www.animalsouk.ma\/animalerie-maroc\/produit\/litiere-cats-best-en-pellet-du-bois-5l-25kg\/","title":{"rendered":"Liti\u00e8re Cat&rsquo;s best en pellet du bois 5L (2,5kg)"},"content":{"rendered":"<p>Cat&rsquo;s Best Smart Pellets est la premi\u00e8re liti\u00e8re pour chats sous forme de mini-pellets agglom\u00e9rants.  La forme des granul\u00e9s r\u00e9duit l&rsquo;adh\u00e9rence sur les poils et les pattes en diminuant sensiblement la quantit\u00e9 qui sort de la bo\u00eete du chat.  Cat&rsquo;s Best utilise \u00e9galement la r\u00e9sistance naturelle des fibres de bois actives raffin\u00e9es, qui absorbent efficacement les liquides et les odeurs et les scellent \u00e0 l&rsquo;int\u00e9rieur &#8211; jusqu&rsquo;\u00e0 7 fois leur volume.  Lient naturellement les odeurs et ainsi la liti\u00e8re peut \u00eatre laiss\u00e9e jusqu&rsquo;\u00e0 7 semaines \u00e0 l&rsquo;int\u00e9rieur de la bo\u00eete du chat.  L&rsquo;id\u00e9al pour Cat&rsquo;s Best Smart Pellets est que les d\u00e9chets et les mottes de chat soient \u00e9limin\u00e9s chaque jour dans les d\u00e9chets organiques ou les toilettes &#8211; avec la cuill\u00e8re Cat&rsquo;s Best qui a le grain parfait.  Cela permet d&rsquo;\u00e9conomiser du travail et des co\u00fbts et vos chats b\u00e9n\u00e9ficieront d&rsquo;une hygi\u00e8ne biologique.  Comme tous les produits Cat&rsquo;s Best, les Cat&rsquo;s Best Smart Pellets sont fabriqu\u00e9s exclusivement \u00e0 partir de mati\u00e8res premi\u00e8res renouvelables et sont donc durables et biod\u00e9gradables.<\/p>\n","protected":false},"excerpt":{"rendered":"<p>Cat&rsquo;s Best Smart Pellets est la premi\u00e8re liti\u00e8re pour chats sous forme de mini-pellets agglom\u00e9rants. La forme des granul\u00e9s r\u00e9duit l&rsquo;adh\u00e9rence sur les poils et les pattes en diminuant sensiblement la quantit\u00e9 qui sort de la bo\u00eete du chat. Cat&rsquo;s Best utilise \u00e9galement la r\u00e9sistance naturelle des fibres de bois actives raffin\u00e9es, qui absorbent efficacement [&#8230;]\n","protected":false},"featured_media":688,"template":"","meta":[],"product_brand":[],"product_cat":[45],"product_tag":[],"class_list":{"0":"post-689","1":"product","2":"type-product","3":"status-publish","4":"has-post-thumbnail","6":"product_cat-litieres","8":"first","9":"outofstock","10":"shipping-taxable","11":"purchasable","12":"product-type-simple"},"yoast_head":"<!-- This site is optimized with the Yoast SEO plugin v27.3 - https:\/\/yoast.com\/product\/yoast-seo-wordpress\/ -->\n<title>Liti\u00e8re Cat&#039;s best en pellet du bois 5L (2,5kg) - Animalerie Maroc<\/title>\n<meta name=\"description\" content=\"Achetez votre Liti\u00e8re Cat&#039;s best en pellet du bois 5L (2,5kg) au meilleur prix au Maroc. Livraison rapide | Animalsouk.ma\" \/>\n<meta name=\"robots\" content=\"index, follow, max-snippet:-1, max-image-preview:large, max-video-preview:-1\" \/>\n<link rel=\"canonical\" href=\"https:\/\/www.animalsouk.ma\/animalerie-maroc\/produit\/litiere-cats-best-en-pellet-du-bois-5l-25kg\/\" \/>\n<meta property=\"og:locale\" content=\"fr_FR\" \/>\n<meta property=\"og:type\" content=\"article\" \/>\n<meta property=\"og:title\" content=\"Liti\u00e8re Cat&#039;s best en pellet du bois 5L (2,5kg) - Animalerie Maroc\" \/>\n<meta property=\"og:description\" content=\"Achetez votre Liti\u00e8re Cat&#039;s best en pellet du bois 5L (2,5kg) au meilleur prix au Maroc. Livraison rapide | Animalsouk.ma\" \/>\n<meta property=\"og:url\" content=\"https:\/\/www.animalsouk.ma\/animalerie-maroc\/produit\/litiere-cats-best-en-pellet-du-bois-5l-25kg\/\" \/>\n<meta property=\"og:site_name\" content=\"Animalerie Maroc\" \/>\n<meta property=\"article:publisher\" content=\"https:\/\/www.facebook.com\/animalsouk.ma\" \/>\n<meta property=\"article:modified_time\" content=\"2025-09-08T20:20:28+00:00\" \/>\n<meta property=\"og:image\" content=\"https:\/\/www.animalsouk.ma\/animalerie-maroc\/wp-content\/uploads\/2025\/08\/5d4c3fa91bbfed48ff54c06bf68029ce.jpg\" \/>\n\t<meta property=\"og:image:width\" content=\"700\" \/>\n\t<meta property=\"og:image:height\" content=\"639\" \/>\n\t<meta property=\"og:image:type\" content=\"image\/jpeg\" \/>\n<meta name=\"twitter:card\" content=\"summary_large_image\" \/>\n<meta name=\"twitter:label1\" content=\"Dur\u00e9e de lecture estim\u00e9e\" \/>\n\t<meta name=\"twitter:data1\" content=\"1 minute\" \/>\n<script type=\"application\/ld+json\" class=\"yoast-schema-graph\">{\"@context\":\"https:\\\/\\\/schema.org\",\"@graph\":[{\"@type\":\"WebPage\",\"@id\":\"https:\\\/\\\/www.animalsouk.ma\\\/animalerie-maroc\\\/produit\\\/litiere-cats-best-en-pellet-du-bois-5l-25kg\\\/\",\"url\":\"https:\\\/\\\/www.animalsouk.ma\\\/animalerie-maroc\\\/produit\\\/litiere-cats-best-en-pellet-du-bois-5l-25kg\\\/\",\"name\":\"Liti\u00e8re Cat's best en pellet du bois 5L (2,5kg) - Animalerie Maroc\",\"isPartOf\":{\"@id\":\"https:\\\/\\\/www.animalsouk.ma\\\/animalerie-maroc\\\/#website\"},\"primaryImageOfPage\":{\"@id\":\"https:\\\/\\\/www.animalsouk.ma\\\/animalerie-maroc\\\/produit\\\/litiere-cats-best-en-pellet-du-bois-5l-25kg\\\/#primaryimage\"},\"image\":{\"@id\":\"https:\\\/\\\/www.animalsouk.ma\\\/animalerie-maroc\\\/produit\\\/litiere-cats-best-en-pellet-du-bois-5l-25kg\\\/#primaryimage\"},\"thumbnailUrl\":\"https:\\\/\\\/www.animalsouk.ma\\\/animalerie-maroc\\\/wp-content\\\/uploads\\\/2025\\\/08\\\/5d4c3fa91bbfed48ff54c06bf68029ce.jpg\",\"datePublished\":\"2025-08-28T23:41:58+00:00\",\"dateModified\":\"2025-09-08T20:20:28+00:00\",\"description\":\"Achetez votre Liti\u00e8re Cat's best en pellet du bois 5L (2,5kg) au meilleur prix au Maroc. Livraison rapide | Animalsouk.ma\",\"breadcrumb\":{\"@id\":\"https:\\\/\\\/www.animalsouk.ma\\\/animalerie-maroc\\\/produit\\\/litiere-cats-best-en-pellet-du-bois-5l-25kg\\\/#breadcrumb\"},\"inLanguage\":\"fr-FR\",\"potentialAction\":[{\"@type\":\"ReadAction\",\"target\":[\"https:\\\/\\\/www.animalsouk.ma\\\/animalerie-maroc\\\/produit\\\/litiere-cats-best-en-pellet-du-bois-5l-25kg\\\/\"]}]},{\"@type\":\"ImageObject\",\"inLanguage\":\"fr-FR\",\"@id\":\"https:\\\/\\\/www.animalsouk.ma\\\/animalerie-maroc\\\/produit\\\/litiere-cats-best-en-pellet-du-bois-5l-25kg\\\/#primaryimage\",\"url\":\"https:\\\/\\\/www.animalsouk.ma\\\/animalerie-maroc\\\/wp-content\\\/uploads\\\/2025\\\/08\\\/5d4c3fa91bbfed48ff54c06bf68029ce.jpg\",\"contentUrl\":\"https:\\\/\\\/www.animalsouk.ma\\\/animalerie-maroc\\\/wp-content\\\/uploads\\\/2025\\\/08\\\/5d4c3fa91bbfed48ff54c06bf68029ce.jpg\",\"width\":700,\"height\":639,\"caption\":\"Liti\u00e8re Cat's best en pellet du bois 5L (2,5kg)\"},{\"@type\":\"BreadcrumbList\",\"@id\":\"https:\\\/\\\/www.animalsouk.ma\\\/animalerie-maroc\\\/produit\\\/litiere-cats-best-en-pellet-du-bois-5l-25kg\\\/#breadcrumb\",\"itemListElement\":[{\"@type\":\"ListItem\",\"position\":1,\"name\":\"Home\",\"item\":\"https:\\\/\\\/www.animalsouk.ma\\\/animalerie-maroc\\\/\"},{\"@type\":\"ListItem\",\"position\":2,\"name\":\"Boutique\",\"item\":\"https:\\\/\\\/www.animalsouk.ma\\\/animalerie-maroc\\\/boutique\\\/\"},{\"@type\":\"ListItem\",\"position\":3,\"name\":\"Liti\u00e8re Cat&rsquo;s best en pellet du bois 5L (2,5kg)\"}]},{\"@type\":\"WebSite\",\"@id\":\"https:\\\/\\\/www.animalsouk.ma\\\/animalerie-maroc\\\/#website\",\"url\":\"https:\\\/\\\/www.animalsouk.ma\\\/animalerie-maroc\\\/\",\"name\":\"Animalerie de casablanca\",\"description\":\"\",\"publisher\":{\"@id\":\"https:\\\/\\\/www.animalsouk.ma\\\/animalerie-maroc\\\/#organization\"},\"potentialAction\":[{\"@type\":\"SearchAction\",\"target\":{\"@type\":\"EntryPoint\",\"urlTemplate\":\"https:\\\/\\\/www.animalsouk.ma\\\/animalerie-maroc\\\/?s={search_term_string}\"},\"query-input\":{\"@type\":\"PropertyValueSpecification\",\"valueRequired\":true,\"valueName\":\"search_term_string\"}}],\"inLanguage\":\"fr-FR\"},{\"@type\":\"Organization\",\"@id\":\"https:\\\/\\\/www.animalsouk.ma\\\/animalerie-maroc\\\/#organization\",\"name\":\"Animalerie de casablanca\",\"url\":\"https:\\\/\\\/www.animalsouk.ma\\\/animalerie-maroc\\\/\",\"logo\":{\"@type\":\"ImageObject\",\"inLanguage\":\"fr-FR\",\"@id\":\"https:\\\/\\\/www.animalsouk.ma\\\/animalerie-maroc\\\/#\\\/schema\\\/logo\\\/image\\\/\",\"url\":\"https:\\\/\\\/www.animalsouk.ma\\\/animalerie-maroc\\\/wp-content\\\/uploads\\\/2025\\\/10\\\/animalsouk.ma-logo.png\",\"contentUrl\":\"https:\\\/\\\/www.animalsouk.ma\\\/animalerie-maroc\\\/wp-content\\\/uploads\\\/2025\\\/10\\\/animalsouk.ma-logo.png\",\"width\":760,\"height\":231,\"caption\":\"Animalerie de casablanca\"},\"image\":{\"@id\":\"https:\\\/\\\/www.animalsouk.ma\\\/animalerie-maroc\\\/#\\\/schema\\\/logo\\\/image\\\/\"},\"sameAs\":[\"https:\\\/\\\/www.facebook.com\\\/animalsouk.ma\",\"https:\\\/\\\/www.instagram.com\\\/animalsouk.ma\"]}]}<\/script>\n<!-- \/ Yoast SEO plugin. -->","yoast_head_json":{"title":"Liti\u00e8re Cat's best en pellet du bois 5L (2,5kg) - Animalerie Maroc","description":"Achetez votre Liti\u00e8re Cat's best en pellet du bois 5L (2,5kg) au meilleur prix au Maroc. Livraison rapide | Animalsouk.ma","robots":{"index":"index","follow":"follow","max-snippet":"max-snippet:-1","max-image-preview":"max-image-preview:large","max-video-preview":"max-video-preview:-1"},"canonical":"https:\/\/www.animalsouk.ma\/animalerie-maroc\/produit\/litiere-cats-best-en-pellet-du-bois-5l-25kg\/","og_locale":"fr_FR","og_type":"article","og_title":"Liti\u00e8re Cat's best en pellet du bois 5L (2,5kg) - Animalerie Maroc","og_description":"Achetez votre Liti\u00e8re Cat's best en pellet du bois 5L (2,5kg) au meilleur prix au Maroc. Livraison rapide | Animalsouk.ma","og_url":"https:\/\/www.animalsouk.ma\/animalerie-maroc\/produit\/litiere-cats-best-en-pellet-du-bois-5l-25kg\/","og_site_name":"Animalerie Maroc","article_publisher":"https:\/\/www.facebook.com\/animalsouk.ma","article_modified_time":"2025-09-08T20:20:28+00:00","og_image":[{"width":700,"height":639,"url":"https:\/\/www.animalsouk.ma\/animalerie-maroc\/wp-content\/uploads\/2025\/08\/5d4c3fa91bbfed48ff54c06bf68029ce.jpg","type":"image\/jpeg"}],"twitter_card":"summary_large_image","twitter_misc":{"Dur\u00e9e de lecture estim\u00e9e":"1 minute"},"schema":{"@context":"https:\/\/schema.org","@graph":[{"@type":"WebPage","@id":"https:\/\/www.animalsouk.ma\/animalerie-maroc\/produit\/litiere-cats-best-en-pellet-du-bois-5l-25kg\/","url":"https:\/\/www.animalsouk.ma\/animalerie-maroc\/produit\/litiere-cats-best-en-pellet-du-bois-5l-25kg\/","name":"Liti\u00e8re Cat's best en pellet du bois 5L (2,5kg) - Animalerie Maroc","isPartOf":{"@id":"https:\/\/www.animalsouk.ma\/animalerie-maroc\/#website"},"primaryImageOfPage":{"@id":"https:\/\/www.animalsouk.ma\/animalerie-maroc\/produit\/litiere-cats-best-en-pellet-du-bois-5l-25kg\/#primaryimage"},"image":{"@id":"https:\/\/www.animalsouk.ma\/animalerie-maroc\/produit\/litiere-cats-best-en-pellet-du-bois-5l-25kg\/#primaryimage"},"thumbnailUrl":"https:\/\/www.animalsouk.ma\/animalerie-maroc\/wp-content\/uploads\/2025\/08\/5d4c3fa91bbfed48ff54c06bf68029ce.jpg","datePublished":"2025-08-28T23:41:58+00:00","dateModified":"2025-09-08T20:20:28+00:00","description":"Achetez votre Liti\u00e8re Cat's best en pellet du bois 5L (2,5kg) au meilleur prix au Maroc. Livraison rapide | Animalsouk.ma","breadcrumb":{"@id":"https:\/\/www.animalsouk.ma\/animalerie-maroc\/produit\/litiere-cats-best-en-pellet-du-bois-5l-25kg\/#breadcrumb"},"inLanguage":"fr-FR","potentialAction":[{"@type":"ReadAction","target":["https:\/\/www.animalsouk.ma\/animalerie-maroc\/produit\/litiere-cats-best-en-pellet-du-bois-5l-25kg\/"]}]},{"@type":"ImageObject","inLanguage":"fr-FR","@id":"https:\/\/www.animalsouk.ma\/animalerie-maroc\/produit\/litiere-cats-best-en-pellet-du-bois-5l-25kg\/#primaryimage","url":"https:\/\/www.animalsouk.ma\/animalerie-maroc\/wp-content\/uploads\/2025\/08\/5d4c3fa91bbfed48ff54c06bf68029ce.jpg","contentUrl":"https:\/\/www.animalsouk.ma\/animalerie-maroc\/wp-content\/uploads\/2025\/08\/5d4c3fa91bbfed48ff54c06bf68029ce.jpg","width":700,"height":639,"caption":"Liti\u00e8re Cat's best en pellet du bois 5L (2,5kg)"},{"@type":"BreadcrumbList","@id":"https:\/\/www.animalsouk.ma\/animalerie-maroc\/produit\/litiere-cats-best-en-pellet-du-bois-5l-25kg\/#breadcrumb","itemListElement":[{"@type":"ListItem","position":1,"name":"Home","item":"https:\/\/www.animalsouk.ma\/animalerie-maroc\/"},{"@type":"ListItem","position":2,"name":"Boutique","item":"https:\/\/www.animalsouk.ma\/animalerie-maroc\/boutique\/"},{"@type":"ListItem","position":3,"name":"Liti\u00e8re Cat&rsquo;s best en pellet du bois 5L (2,5kg)"}]},{"@type":"WebSite","@id":"https:\/\/www.animalsouk.ma\/animalerie-maroc\/#website","url":"https:\/\/www.animalsouk.ma\/animalerie-maroc\/","name":"Animalerie de casablanca","description":"","publisher":{"@id":"https:\/\/www.animalsouk.ma\/animalerie-maroc\/#organization"},"potentialAction":[{"@type":"SearchAction","target":{"@type":"EntryPoint","urlTemplate":"https:\/\/www.animalsouk.ma\/animalerie-maroc\/?s={search_term_string}"},"query-input":{"@type":"PropertyValueSpecification","valueRequired":true,"valueName":"search_term_string"}}],"inLanguage":"fr-FR"},{"@type":"Organization","@id":"https:\/\/www.animalsouk.ma\/animalerie-maroc\/#organization","name":"Animalerie de casablanca","url":"https:\/\/www.animalsouk.ma\/animalerie-maroc\/","logo":{"@type":"ImageObject","inLanguage":"fr-FR","@id":"https:\/\/www.animalsouk.ma\/animalerie-maroc\/#\/schema\/logo\/image\/","url":"https:\/\/www.animalsouk.ma\/animalerie-maroc\/wp-content\/uploads\/2025\/10\/animalsouk.ma-logo.png","contentUrl":"https:\/\/www.animalsouk.ma\/animalerie-maroc\/wp-content\/uploads\/2025\/10\/animalsouk.ma-logo.png","width":760,"height":231,"caption":"Animalerie de casablanca"},"image":{"@id":"https:\/\/www.animalsouk.ma\/animalerie-maroc\/#\/schema\/logo\/image\/"},"sameAs":["https:\/\/www.facebook.com\/animalsouk.ma","https:\/\/www.instagram.com\/animalsouk.ma"]}]}},"_links":{"self":[{"href":"https:\/\/www.animalsouk.ma\/animalerie-maroc\/wp-json\/wp\/v2\/product\/689","targetHints":{"allow":["GET"]}}],"collection":[{"href":"https:\/\/www.animalsouk.ma\/animalerie-maroc\/wp-json\/wp\/v2\/product"}],"about":[{"href":"https:\/\/www.animalsouk.ma\/animalerie-maroc\/wp-json\/wp\/v2\/types\/product"}],"wp:featuredmedia":[{"embeddable":true,"href":"https:\/\/www.animalsouk.ma\/animalerie-maroc\/wp-json\/wp\/v2\/media\/688"}],"wp:attachment":[{"href":"https:\/\/www.animalsouk.ma\/animalerie-maroc\/wp-json\/wp\/v2\/media?parent=689"}],"wp:term":[{"taxonomy":"product_brand","embeddable":true,"href":"https:\/\/www.animalsouk.ma\/animalerie-maroc\/wp-json\/wp\/v2\/product_brand?post=689"},{"taxonomy":"product_cat","embeddable":true,"href":"https:\/\/www.animalsouk.ma\/animalerie-maroc\/wp-json\/wp\/v2\/product_cat?post=689"},{"taxonomy":"product_tag","embeddable":true,"href":"https:\/\/www.animalsouk.ma\/animalerie-maroc\/wp-json\/wp\/v2\/product_tag?post=689"}],"curies":[{"name":"wp","href":"https:\/\/api.w.org\/{rel}","templated":true}]}}