{"id":683,"date":"2025-08-29T01:41:55","date_gmt":"2025-08-28T23:41:55","guid":{"rendered":"https:\/\/www.animalsouk.ma\/animalerie\/product\/royal-canin-mini-sterilise-3kg\/"},"modified":"2025-09-08T22:20:28","modified_gmt":"2025-09-08T20:20:28","slug":"royal-canin-mini-sterilise-3kg","status":"publish","type":"product","link":"https:\/\/www.animalsouk.ma\/animalerie-maroc\/produit\/royal-canin-mini-sterilise-3kg\/","title":{"rendered":"Royal canin mini st\u00e9rilis\u00e9 3Kg"},"content":{"rendered":"<p>Royal canin pour chien mini st\u00e9rilis\u00e9, apr\u00e8s leur st\u00e9rilisation\/castration, les chiens voient leur m\u00e9tabolisme ralentir et pr\u00e9f\u00e8rent souvent rester sur le canap\u00e9 plut\u00f4t que de partir \u00e0 l&rsquo;aventure et de se d\u00e9penser. Il est n\u00e9anmoins fort possible qu&rsquo;ils mangent avec autant d&rsquo;app\u00e9tit qu&rsquo;avant. Les croquettes Royal Canin Sterilised Mini ont \u00e9t\u00e9 \u00e9labor\u00e9es pour r\u00e9pondre aux exigences nutritionnelles des chiens castr\u00e9s\/st\u00e9rilis\u00e9s de petites races moyennes (1-10 kg) \u00e0 partir de 10 mois.<\/p>\n<p>Caract\u00e9ristiques des croquettes pour chien Royal Canin Mini Sterilis\u00e9:<\/p>\n<p>aliment complet pour les chiens st\u00e9rilis\u00e9s\/castr\u00e9s de petites races (1-10 kg), \u00e0 partir de 10 mois<br \/>\nteneur en prot\u00e9ines \u00e9lev\u00e9e  (30 %) : pour pr\u00e9server la masse musculaire existante et ainsi favoriser le d\u00e9veloppement musculaire<br \/>\nteneur en mati\u00e8res grasses r\u00e9duite (13 %) : aide \u00e0 pr\u00e9server le poids de forme<br \/>\nnutriments de qualit\u00e9 : favorisent la vitalit\u00e9<br \/>\navec des fibres nutritives : favorisent la sensation de sati\u00e9t\u00e9, diminuent la prise de friandises<br \/>\napport calorique r\u00e9duit : 14 % de calories en moins que dans les aliments traditionnels, croquettes test\u00e9es et prouv\u00e9es scientifiquement au ROYAL CANIN Campus<br \/>\ntaille des croquettes adapt\u00e9e<\/p>\n","protected":false},"excerpt":{"rendered":"<p>Royal canin pour chien mini st\u00e9rilis\u00e9, apr\u00e8s leur st\u00e9rilisation\/castration, les chiens voient leur m\u00e9tabolisme ralentir et pr\u00e9f\u00e8rent souvent rester sur le canap\u00e9 plut\u00f4t que de partir \u00e0 l&rsquo;aventure et de se d\u00e9penser. Il est n\u00e9anmoins fort possible qu&rsquo;ils mangent avec autant d&rsquo;app\u00e9tit qu&rsquo;avant. Les croquettes Royal Canin Sterilised Mini ont \u00e9t\u00e9 \u00e9labor\u00e9es pour r\u00e9pondre aux [&#8230;]\n","protected":false},"featured_media":682,"template":"","meta":[],"product_brand":[31],"product_cat":[20],"product_tag":[],"class_list":{"0":"post-683","1":"product","2":"type-product","3":"status-publish","4":"has-post-thumbnail","6":"product_brand-royal-canin","7":"product_cat-alimentation-pour-chiens","9":"first","10":"outofstock","11":"shipping-taxable","12":"purchasable","13":"product-type-simple"},"yoast_head":"<!-- This site is optimized with the Yoast SEO plugin v27.3 - https:\/\/yoast.com\/product\/yoast-seo-wordpress\/ -->\n<title>Royal canin mini st\u00e9rilis\u00e9 3Kg - Animalerie Maroc<\/title>\n<meta name=\"description\" content=\"Achetez votre Royal canin mini st\u00e9rilis\u00e9 3Kg au meilleur prix au Maroc. Livraison rapide | Animalsouk.ma\" \/>\n<meta name=\"robots\" content=\"index, follow, max-snippet:-1, max-image-preview:large, max-video-preview:-1\" \/>\n<link rel=\"canonical\" href=\"https:\/\/www.animalsouk.ma\/animalerie-maroc\/produit\/royal-canin-mini-sterilise-3kg\/\" \/>\n<meta property=\"og:locale\" content=\"fr_FR\" \/>\n<meta property=\"og:type\" content=\"article\" \/>\n<meta property=\"og:title\" content=\"Royal canin mini st\u00e9rilis\u00e9 3Kg - Animalerie Maroc\" \/>\n<meta property=\"og:description\" content=\"Achetez votre Royal canin mini st\u00e9rilis\u00e9 3Kg au meilleur prix au Maroc. Livraison rapide | Animalsouk.ma\" \/>\n<meta property=\"og:url\" content=\"https:\/\/www.animalsouk.ma\/animalerie-maroc\/produit\/royal-canin-mini-sterilise-3kg\/\" \/>\n<meta property=\"og:site_name\" content=\"Animalerie Maroc\" \/>\n<meta property=\"article:publisher\" content=\"https:\/\/www.facebook.com\/animalsouk.ma\" \/>\n<meta property=\"article:modified_time\" content=\"2025-09-08T20:20:28+00:00\" \/>\n<meta property=\"og:image\" content=\"https:\/\/www.animalsouk.ma\/animalerie-maroc\/wp-content\/uploads\/2025\/08\/23065a6e20bcfb433711fe6a675ed9e5.jpg\" \/>\n\t<meta property=\"og:image:width\" content=\"700\" \/>\n\t<meta property=\"og:image:height\" content=\"579\" \/>\n\t<meta property=\"og:image:type\" content=\"image\/jpeg\" \/>\n<meta name=\"twitter:card\" content=\"summary_large_image\" \/>\n<meta name=\"twitter:label1\" content=\"Dur\u00e9e de lecture estim\u00e9e\" \/>\n\t<meta name=\"twitter:data1\" content=\"1 minute\" \/>\n<script type=\"application\/ld+json\" class=\"yoast-schema-graph\">{\"@context\":\"https:\\\/\\\/schema.org\",\"@graph\":[{\"@type\":\"WebPage\",\"@id\":\"https:\\\/\\\/www.animalsouk.ma\\\/animalerie-maroc\\\/produit\\\/royal-canin-mini-sterilise-3kg\\\/\",\"url\":\"https:\\\/\\\/www.animalsouk.ma\\\/animalerie-maroc\\\/produit\\\/royal-canin-mini-sterilise-3kg\\\/\",\"name\":\"Royal canin mini st\u00e9rilis\u00e9 3Kg - Animalerie Maroc\",\"isPartOf\":{\"@id\":\"https:\\\/\\\/www.animalsouk.ma\\\/animalerie-maroc\\\/#website\"},\"primaryImageOfPage\":{\"@id\":\"https:\\\/\\\/www.animalsouk.ma\\\/animalerie-maroc\\\/produit\\\/royal-canin-mini-sterilise-3kg\\\/#primaryimage\"},\"image\":{\"@id\":\"https:\\\/\\\/www.animalsouk.ma\\\/animalerie-maroc\\\/produit\\\/royal-canin-mini-sterilise-3kg\\\/#primaryimage\"},\"thumbnailUrl\":\"https:\\\/\\\/www.animalsouk.ma\\\/animalerie-maroc\\\/wp-content\\\/uploads\\\/2025\\\/08\\\/23065a6e20bcfb433711fe6a675ed9e5.jpg\",\"datePublished\":\"2025-08-28T23:41:55+00:00\",\"dateModified\":\"2025-09-08T20:20:28+00:00\",\"description\":\"Achetez votre Royal canin mini st\u00e9rilis\u00e9 3Kg au meilleur prix au Maroc. Livraison rapide | Animalsouk.ma\",\"breadcrumb\":{\"@id\":\"https:\\\/\\\/www.animalsouk.ma\\\/animalerie-maroc\\\/produit\\\/royal-canin-mini-sterilise-3kg\\\/#breadcrumb\"},\"inLanguage\":\"fr-FR\",\"potentialAction\":[{\"@type\":\"ReadAction\",\"target\":[\"https:\\\/\\\/www.animalsouk.ma\\\/animalerie-maroc\\\/produit\\\/royal-canin-mini-sterilise-3kg\\\/\"]}]},{\"@type\":\"ImageObject\",\"inLanguage\":\"fr-FR\",\"@id\":\"https:\\\/\\\/www.animalsouk.ma\\\/animalerie-maroc\\\/produit\\\/royal-canin-mini-sterilise-3kg\\\/#primaryimage\",\"url\":\"https:\\\/\\\/www.animalsouk.ma\\\/animalerie-maroc\\\/wp-content\\\/uploads\\\/2025\\\/08\\\/23065a6e20bcfb433711fe6a675ed9e5.jpg\",\"contentUrl\":\"https:\\\/\\\/www.animalsouk.ma\\\/animalerie-maroc\\\/wp-content\\\/uploads\\\/2025\\\/08\\\/23065a6e20bcfb433711fe6a675ed9e5.jpg\",\"width\":700,\"height\":579,\"caption\":\"Royal canin mini st\u00e9rilis\u00e9 3Kg\"},{\"@type\":\"BreadcrumbList\",\"@id\":\"https:\\\/\\\/www.animalsouk.ma\\\/animalerie-maroc\\\/produit\\\/royal-canin-mini-sterilise-3kg\\\/#breadcrumb\",\"itemListElement\":[{\"@type\":\"ListItem\",\"position\":1,\"name\":\"Home\",\"item\":\"https:\\\/\\\/www.animalsouk.ma\\\/animalerie-maroc\\\/\"},{\"@type\":\"ListItem\",\"position\":2,\"name\":\"Boutique\",\"item\":\"https:\\\/\\\/www.animalsouk.ma\\\/animalerie-maroc\\\/boutique\\\/\"},{\"@type\":\"ListItem\",\"position\":3,\"name\":\"Royal canin mini st\u00e9rilis\u00e9 3Kg\"}]},{\"@type\":\"WebSite\",\"@id\":\"https:\\\/\\\/www.animalsouk.ma\\\/animalerie-maroc\\\/#website\",\"url\":\"https:\\\/\\\/www.animalsouk.ma\\\/animalerie-maroc\\\/\",\"name\":\"Animalerie de casablanca\",\"description\":\"\",\"publisher\":{\"@id\":\"https:\\\/\\\/www.animalsouk.ma\\\/animalerie-maroc\\\/#organization\"},\"potentialAction\":[{\"@type\":\"SearchAction\",\"target\":{\"@type\":\"EntryPoint\",\"urlTemplate\":\"https:\\\/\\\/www.animalsouk.ma\\\/animalerie-maroc\\\/?s={search_term_string}\"},\"query-input\":{\"@type\":\"PropertyValueSpecification\",\"valueRequired\":true,\"valueName\":\"search_term_string\"}}],\"inLanguage\":\"fr-FR\"},{\"@type\":\"Organization\",\"@id\":\"https:\\\/\\\/www.animalsouk.ma\\\/animalerie-maroc\\\/#organization\",\"name\":\"Animalerie de casablanca\",\"url\":\"https:\\\/\\\/www.animalsouk.ma\\\/animalerie-maroc\\\/\",\"logo\":{\"@type\":\"ImageObject\",\"inLanguage\":\"fr-FR\",\"@id\":\"https:\\\/\\\/www.animalsouk.ma\\\/animalerie-maroc\\\/#\\\/schema\\\/logo\\\/image\\\/\",\"url\":\"https:\\\/\\\/www.animalsouk.ma\\\/animalerie-maroc\\\/wp-content\\\/uploads\\\/2025\\\/10\\\/animalsouk.ma-logo.png\",\"contentUrl\":\"https:\\\/\\\/www.animalsouk.ma\\\/animalerie-maroc\\\/wp-content\\\/uploads\\\/2025\\\/10\\\/animalsouk.ma-logo.png\",\"width\":760,\"height\":231,\"caption\":\"Animalerie de casablanca\"},\"image\":{\"@id\":\"https:\\\/\\\/www.animalsouk.ma\\\/animalerie-maroc\\\/#\\\/schema\\\/logo\\\/image\\\/\"},\"sameAs\":[\"https:\\\/\\\/www.facebook.com\\\/animalsouk.ma\",\"https:\\\/\\\/www.instagram.com\\\/animalsouk.ma\"]}]}<\/script>\n<!-- \/ Yoast SEO plugin. -->","yoast_head_json":{"title":"Royal canin mini st\u00e9rilis\u00e9 3Kg - Animalerie Maroc","description":"Achetez votre Royal canin mini st\u00e9rilis\u00e9 3Kg au meilleur prix au Maroc. Livraison rapide | Animalsouk.ma","robots":{"index":"index","follow":"follow","max-snippet":"max-snippet:-1","max-image-preview":"max-image-preview:large","max-video-preview":"max-video-preview:-1"},"canonical":"https:\/\/www.animalsouk.ma\/animalerie-maroc\/produit\/royal-canin-mini-sterilise-3kg\/","og_locale":"fr_FR","og_type":"article","og_title":"Royal canin mini st\u00e9rilis\u00e9 3Kg - Animalerie Maroc","og_description":"Achetez votre Royal canin mini st\u00e9rilis\u00e9 3Kg au meilleur prix au Maroc. Livraison rapide | Animalsouk.ma","og_url":"https:\/\/www.animalsouk.ma\/animalerie-maroc\/produit\/royal-canin-mini-sterilise-3kg\/","og_site_name":"Animalerie Maroc","article_publisher":"https:\/\/www.facebook.com\/animalsouk.ma","article_modified_time":"2025-09-08T20:20:28+00:00","og_image":[{"width":700,"height":579,"url":"https:\/\/www.animalsouk.ma\/animalerie-maroc\/wp-content\/uploads\/2025\/08\/23065a6e20bcfb433711fe6a675ed9e5.jpg","type":"image\/jpeg"}],"twitter_card":"summary_large_image","twitter_misc":{"Dur\u00e9e de lecture estim\u00e9e":"1 minute"},"schema":{"@context":"https:\/\/schema.org","@graph":[{"@type":"WebPage","@id":"https:\/\/www.animalsouk.ma\/animalerie-maroc\/produit\/royal-canin-mini-sterilise-3kg\/","url":"https:\/\/www.animalsouk.ma\/animalerie-maroc\/produit\/royal-canin-mini-sterilise-3kg\/","name":"Royal canin mini st\u00e9rilis\u00e9 3Kg - Animalerie Maroc","isPartOf":{"@id":"https:\/\/www.animalsouk.ma\/animalerie-maroc\/#website"},"primaryImageOfPage":{"@id":"https:\/\/www.animalsouk.ma\/animalerie-maroc\/produit\/royal-canin-mini-sterilise-3kg\/#primaryimage"},"image":{"@id":"https:\/\/www.animalsouk.ma\/animalerie-maroc\/produit\/royal-canin-mini-sterilise-3kg\/#primaryimage"},"thumbnailUrl":"https:\/\/www.animalsouk.ma\/animalerie-maroc\/wp-content\/uploads\/2025\/08\/23065a6e20bcfb433711fe6a675ed9e5.jpg","datePublished":"2025-08-28T23:41:55+00:00","dateModified":"2025-09-08T20:20:28+00:00","description":"Achetez votre Royal canin mini st\u00e9rilis\u00e9 3Kg au meilleur prix au Maroc. Livraison rapide | Animalsouk.ma","breadcrumb":{"@id":"https:\/\/www.animalsouk.ma\/animalerie-maroc\/produit\/royal-canin-mini-sterilise-3kg\/#breadcrumb"},"inLanguage":"fr-FR","potentialAction":[{"@type":"ReadAction","target":["https:\/\/www.animalsouk.ma\/animalerie-maroc\/produit\/royal-canin-mini-sterilise-3kg\/"]}]},{"@type":"ImageObject","inLanguage":"fr-FR","@id":"https:\/\/www.animalsouk.ma\/animalerie-maroc\/produit\/royal-canin-mini-sterilise-3kg\/#primaryimage","url":"https:\/\/www.animalsouk.ma\/animalerie-maroc\/wp-content\/uploads\/2025\/08\/23065a6e20bcfb433711fe6a675ed9e5.jpg","contentUrl":"https:\/\/www.animalsouk.ma\/animalerie-maroc\/wp-content\/uploads\/2025\/08\/23065a6e20bcfb433711fe6a675ed9e5.jpg","width":700,"height":579,"caption":"Royal canin mini st\u00e9rilis\u00e9 3Kg"},{"@type":"BreadcrumbList","@id":"https:\/\/www.animalsouk.ma\/animalerie-maroc\/produit\/royal-canin-mini-sterilise-3kg\/#breadcrumb","itemListElement":[{"@type":"ListItem","position":1,"name":"Home","item":"https:\/\/www.animalsouk.ma\/animalerie-maroc\/"},{"@type":"ListItem","position":2,"name":"Boutique","item":"https:\/\/www.animalsouk.ma\/animalerie-maroc\/boutique\/"},{"@type":"ListItem","position":3,"name":"Royal canin mini st\u00e9rilis\u00e9 3Kg"}]},{"@type":"WebSite","@id":"https:\/\/www.animalsouk.ma\/animalerie-maroc\/#website","url":"https:\/\/www.animalsouk.ma\/animalerie-maroc\/","name":"Animalerie de casablanca","description":"","publisher":{"@id":"https:\/\/www.animalsouk.ma\/animalerie-maroc\/#organization"},"potentialAction":[{"@type":"SearchAction","target":{"@type":"EntryPoint","urlTemplate":"https:\/\/www.animalsouk.ma\/animalerie-maroc\/?s={search_term_string}"},"query-input":{"@type":"PropertyValueSpecification","valueRequired":true,"valueName":"search_term_string"}}],"inLanguage":"fr-FR"},{"@type":"Organization","@id":"https:\/\/www.animalsouk.ma\/animalerie-maroc\/#organization","name":"Animalerie de casablanca","url":"https:\/\/www.animalsouk.ma\/animalerie-maroc\/","logo":{"@type":"ImageObject","inLanguage":"fr-FR","@id":"https:\/\/www.animalsouk.ma\/animalerie-maroc\/#\/schema\/logo\/image\/","url":"https:\/\/www.animalsouk.ma\/animalerie-maroc\/wp-content\/uploads\/2025\/10\/animalsouk.ma-logo.png","contentUrl":"https:\/\/www.animalsouk.ma\/animalerie-maroc\/wp-content\/uploads\/2025\/10\/animalsouk.ma-logo.png","width":760,"height":231,"caption":"Animalerie de casablanca"},"image":{"@id":"https:\/\/www.animalsouk.ma\/animalerie-maroc\/#\/schema\/logo\/image\/"},"sameAs":["https:\/\/www.facebook.com\/animalsouk.ma","https:\/\/www.instagram.com\/animalsouk.ma"]}]}},"_links":{"self":[{"href":"https:\/\/www.animalsouk.ma\/animalerie-maroc\/wp-json\/wp\/v2\/product\/683","targetHints":{"allow":["GET"]}}],"collection":[{"href":"https:\/\/www.animalsouk.ma\/animalerie-maroc\/wp-json\/wp\/v2\/product"}],"about":[{"href":"https:\/\/www.animalsouk.ma\/animalerie-maroc\/wp-json\/wp\/v2\/types\/product"}],"wp:featuredmedia":[{"embeddable":true,"href":"https:\/\/www.animalsouk.ma\/animalerie-maroc\/wp-json\/wp\/v2\/media\/682"}],"wp:attachment":[{"href":"https:\/\/www.animalsouk.ma\/animalerie-maroc\/wp-json\/wp\/v2\/media?parent=683"}],"wp:term":[{"taxonomy":"product_brand","embeddable":true,"href":"https:\/\/www.animalsouk.ma\/animalerie-maroc\/wp-json\/wp\/v2\/product_brand?post=683"},{"taxonomy":"product_cat","embeddable":true,"href":"https:\/\/www.animalsouk.ma\/animalerie-maroc\/wp-json\/wp\/v2\/product_cat?post=683"},{"taxonomy":"product_tag","embeddable":true,"href":"https:\/\/www.animalsouk.ma\/animalerie-maroc\/wp-json\/wp\/v2\/product_tag?post=683"}],"curies":[{"name":"wp","href":"https:\/\/api.w.org\/{rel}","templated":true}]}}