{"id":649,"date":"2025-08-29T01:41:49","date_gmt":"2025-08-28T23:41:49","guid":{"rendered":"https:\/\/www.animalsouk.ma\/animalerie\/product\/royal-canin-kitten-2kg-3\/"},"modified":"2025-11-16T18:23:49","modified_gmt":"2025-11-16T17:23:49","slug":"royal-canin-kitten-2kg-3","status":"publish","type":"product","link":"https:\/\/www.animalsouk.ma\/animalerie-maroc\/produit\/royal-canin-kitten-2kg-3\/","title":{"rendered":"Royal Canin Kitten 2Kg"},"content":{"rendered":"<p>La formule ROYAL CANIN Kitten contribue \u00e0 renforcer les d\u00e9fenses naturelles de votre chaton pendant la p\u00e9riode de croissance, notamment gr\u00e2ce \u00e0 un complexe brevet\u00e9 d\u2019antioxydants, dont la tr\u00e8s b\u00e9n\u00e9fique vitamine E.<\/p>\n<p>ROYAL CANIN Kitten convient aux chatons jusqu\u2019\u00e0 12 mois et pr\u00e9sente une meilleure tol\u00e9rance digestive gr\u00e2ce \u00e0 la L.I.P., une prot\u00e9ine s\u00e9lectionn\u00e9e pour son taux de digestibilit\u00e9 de 90%.<br \/>\nPour r\u00e9pondre aux pr\u00e9f\u00e9rences individuelles de chaque chat, ROYAL CANIN\u00ae Kitten est \u00e9galement disponible sous forme de bouch\u00e9es en sauce ou en gel\u00e9e.<\/p>\n<p>Si vous envisagez une alimentation mixte, suivez simplement nos instructions pour vous assurer que votre chat re\u00e7oit une quantit\u00e9 ad\u00e9quate d\u2019aliments secs et humides pour un b\u00e9n\u00e9fice optimal.<\/p>\n<p><b>Ingr\u00e9dients :<\/b><br \/>\nprot\u00e9ines de volaille (d\u00e9shydrat\u00e9es), riz, isolat de prot\u00e9ines v\u00e9g\u00e9tales*, graisse animale, farine de ma\u00efs, prot\u00e9ines animales (hydrolys\u00e9es), farine de bl\u00e9, gluten de ma\u00efs, levures et composants de levures, pulpe de betterave d\u00e9shydrat\u00e9e, lignocellulose, huile de poisson, huile de soja, min\u00e9raux, fructooligosaccharides (0,38 %), psyllium (graines et enveloppes), hydrolysat de levures (source de mannooligosaccharides), extrait de levure (source de \u03b2-glucane), farine de roses d&rsquo;Inde (source de lut\u00e9ine).<br \/>\n* L.I.P. : prot\u00e9ines s\u00e9lectionn\u00e9es pour leur excellente digestibilit\u00e9 et pr\u00e9sentant une haute valeur biologique.<\/p>\n<p><em>Additifs :<\/em><br \/>\n<b>Additifs nutritionnels :<\/b><br \/>\nvitamine A (21 500 UI\/kg), vitamine D3 (800 UI\/kg), vitamine E (600 mg\/kg), E1 [fer] (32,3 mg\/kg), E2 [iode] (3,2 mg\/kg), E4 [cuivre] (9,9 mg\/kg), E5 [mangan\u00e8se] (42 mg\/kg], E6 [zinc] (116,5 mg\/kg), E8 [s\u00e9l\u00e9nium] (0,05 mg\/kg).<br \/>\n<b>Additifs technologiques :<\/b><br \/>\nclinoptilolite d&rsquo;origine s\u00e9dimentaire(10 g\/kg).<\/p>\n","protected":false},"excerpt":{"rendered":"<p>La formule ROYAL CANIN Kitten contribue \u00e0 renforcer les d\u00e9fenses naturelles de votre chaton pendant la p\u00e9riode de croissance, notamment gr\u00e2ce \u00e0 un complexe brevet\u00e9 d\u2019antioxydants, dont la tr\u00e8s b\u00e9n\u00e9fique vitamine E. ROYAL CANIN Kitten convient aux chatons jusqu\u2019\u00e0 12 mois et pr\u00e9sente une meilleure tol\u00e9rance digestive gr\u00e2ce \u00e0 la L.I.P., une prot\u00e9ine s\u00e9lectionn\u00e9e pour [&#8230;]\n","protected":false},"featured_media":648,"template":"","meta":[],"product_brand":[31],"product_cat":[18],"product_tag":[],"class_list":{"0":"post-649","1":"product","2":"type-product","3":"status-publish","4":"has-post-thumbnail","6":"product_brand-royal-canin","7":"product_cat-alimentation-pour-chats","9":"first","10":"outofstock","11":"shipping-taxable","12":"purchasable","13":"product-type-simple"},"yoast_head":"<!-- This site is optimized with the Yoast SEO plugin v27.3 - https:\/\/yoast.com\/product\/yoast-seo-wordpress\/ -->\n<title>Royal Canin Kitten 2Kg - Animalerie Maroc<\/title>\n<meta name=\"description\" content=\"Achetez votre Royal Canin Kitten 2Kg au meilleur prix au Maroc. Livraison rapide | Animalsouk.ma\" \/>\n<meta name=\"robots\" content=\"index, follow, max-snippet:-1, max-image-preview:large, max-video-preview:-1\" \/>\n<link rel=\"canonical\" href=\"https:\/\/www.animalsouk.ma\/animalerie-maroc\/produit\/royal-canin-kitten-2kg-3\/\" \/>\n<meta property=\"og:locale\" content=\"fr_FR\" \/>\n<meta property=\"og:type\" content=\"article\" \/>\n<meta property=\"og:title\" content=\"Royal Canin Kitten 2Kg - Animalerie Maroc\" \/>\n<meta property=\"og:description\" content=\"Achetez votre Royal Canin Kitten 2Kg au meilleur prix au Maroc. Livraison rapide | Animalsouk.ma\" \/>\n<meta property=\"og:url\" content=\"https:\/\/www.animalsouk.ma\/animalerie-maroc\/produit\/royal-canin-kitten-2kg-3\/\" \/>\n<meta property=\"og:site_name\" content=\"Animalerie Maroc\" \/>\n<meta property=\"article:publisher\" content=\"https:\/\/www.facebook.com\/animalsouk.ma\" \/>\n<meta property=\"article:modified_time\" content=\"2025-11-16T17:23:49+00:00\" \/>\n<meta property=\"og:image\" content=\"https:\/\/www.animalsouk.ma\/animalerie-maroc\/wp-content\/uploads\/2025\/08\/1574827938678f11071aad1619ce7424.jpg\" \/>\n\t<meta property=\"og:image:width\" content=\"700\" \/>\n\t<meta property=\"og:image:height\" content=\"546\" \/>\n\t<meta property=\"og:image:type\" content=\"image\/jpeg\" \/>\n<meta name=\"twitter:card\" content=\"summary_large_image\" \/>\n<meta name=\"twitter:label1\" content=\"Dur\u00e9e de lecture estim\u00e9e\" \/>\n\t<meta name=\"twitter:data1\" content=\"2 minutes\" \/>\n<script type=\"application\/ld+json\" class=\"yoast-schema-graph\">{\"@context\":\"https:\\\/\\\/schema.org\",\"@graph\":[{\"@type\":\"WebPage\",\"@id\":\"https:\\\/\\\/www.animalsouk.ma\\\/animalerie-maroc\\\/produit\\\/royal-canin-kitten-2kg-3\\\/\",\"url\":\"https:\\\/\\\/www.animalsouk.ma\\\/animalerie-maroc\\\/produit\\\/royal-canin-kitten-2kg-3\\\/\",\"name\":\"Royal Canin Kitten 2Kg - Animalerie Maroc\",\"isPartOf\":{\"@id\":\"https:\\\/\\\/www.animalsouk.ma\\\/animalerie-maroc\\\/#website\"},\"primaryImageOfPage\":{\"@id\":\"https:\\\/\\\/www.animalsouk.ma\\\/animalerie-maroc\\\/produit\\\/royal-canin-kitten-2kg-3\\\/#primaryimage\"},\"image\":{\"@id\":\"https:\\\/\\\/www.animalsouk.ma\\\/animalerie-maroc\\\/produit\\\/royal-canin-kitten-2kg-3\\\/#primaryimage\"},\"thumbnailUrl\":\"https:\\\/\\\/www.animalsouk.ma\\\/animalerie-maroc\\\/wp-content\\\/uploads\\\/2025\\\/08\\\/1574827938678f11071aad1619ce7424.jpg\",\"datePublished\":\"2025-08-28T23:41:49+00:00\",\"dateModified\":\"2025-11-16T17:23:49+00:00\",\"description\":\"Achetez votre Royal Canin Kitten 2Kg au meilleur prix au Maroc. Livraison rapide | Animalsouk.ma\",\"breadcrumb\":{\"@id\":\"https:\\\/\\\/www.animalsouk.ma\\\/animalerie-maroc\\\/produit\\\/royal-canin-kitten-2kg-3\\\/#breadcrumb\"},\"inLanguage\":\"fr-FR\",\"potentialAction\":[{\"@type\":\"ReadAction\",\"target\":[\"https:\\\/\\\/www.animalsouk.ma\\\/animalerie-maroc\\\/produit\\\/royal-canin-kitten-2kg-3\\\/\"]}]},{\"@type\":\"ImageObject\",\"inLanguage\":\"fr-FR\",\"@id\":\"https:\\\/\\\/www.animalsouk.ma\\\/animalerie-maroc\\\/produit\\\/royal-canin-kitten-2kg-3\\\/#primaryimage\",\"url\":\"https:\\\/\\\/www.animalsouk.ma\\\/animalerie-maroc\\\/wp-content\\\/uploads\\\/2025\\\/08\\\/1574827938678f11071aad1619ce7424.jpg\",\"contentUrl\":\"https:\\\/\\\/www.animalsouk.ma\\\/animalerie-maroc\\\/wp-content\\\/uploads\\\/2025\\\/08\\\/1574827938678f11071aad1619ce7424.jpg\",\"width\":700,\"height\":546,\"caption\":\"Royal Canin Kitten 2Kg\"},{\"@type\":\"BreadcrumbList\",\"@id\":\"https:\\\/\\\/www.animalsouk.ma\\\/animalerie-maroc\\\/produit\\\/royal-canin-kitten-2kg-3\\\/#breadcrumb\",\"itemListElement\":[{\"@type\":\"ListItem\",\"position\":1,\"name\":\"Home\",\"item\":\"https:\\\/\\\/www.animalsouk.ma\\\/animalerie-maroc\\\/\"},{\"@type\":\"ListItem\",\"position\":2,\"name\":\"Boutique\",\"item\":\"https:\\\/\\\/www.animalsouk.ma\\\/animalerie-maroc\\\/boutique\\\/\"},{\"@type\":\"ListItem\",\"position\":3,\"name\":\"Royal Canin Kitten 2Kg\"}]},{\"@type\":\"WebSite\",\"@id\":\"https:\\\/\\\/www.animalsouk.ma\\\/animalerie-maroc\\\/#website\",\"url\":\"https:\\\/\\\/www.animalsouk.ma\\\/animalerie-maroc\\\/\",\"name\":\"Animalerie de casablanca\",\"description\":\"\",\"publisher\":{\"@id\":\"https:\\\/\\\/www.animalsouk.ma\\\/animalerie-maroc\\\/#organization\"},\"potentialAction\":[{\"@type\":\"SearchAction\",\"target\":{\"@type\":\"EntryPoint\",\"urlTemplate\":\"https:\\\/\\\/www.animalsouk.ma\\\/animalerie-maroc\\\/?s={search_term_string}\"},\"query-input\":{\"@type\":\"PropertyValueSpecification\",\"valueRequired\":true,\"valueName\":\"search_term_string\"}}],\"inLanguage\":\"fr-FR\"},{\"@type\":\"Organization\",\"@id\":\"https:\\\/\\\/www.animalsouk.ma\\\/animalerie-maroc\\\/#organization\",\"name\":\"Animalerie de casablanca\",\"url\":\"https:\\\/\\\/www.animalsouk.ma\\\/animalerie-maroc\\\/\",\"logo\":{\"@type\":\"ImageObject\",\"inLanguage\":\"fr-FR\",\"@id\":\"https:\\\/\\\/www.animalsouk.ma\\\/animalerie-maroc\\\/#\\\/schema\\\/logo\\\/image\\\/\",\"url\":\"https:\\\/\\\/www.animalsouk.ma\\\/animalerie-maroc\\\/wp-content\\\/uploads\\\/2025\\\/10\\\/animalsouk.ma-logo.png\",\"contentUrl\":\"https:\\\/\\\/www.animalsouk.ma\\\/animalerie-maroc\\\/wp-content\\\/uploads\\\/2025\\\/10\\\/animalsouk.ma-logo.png\",\"width\":760,\"height\":231,\"caption\":\"Animalerie de casablanca\"},\"image\":{\"@id\":\"https:\\\/\\\/www.animalsouk.ma\\\/animalerie-maroc\\\/#\\\/schema\\\/logo\\\/image\\\/\"},\"sameAs\":[\"https:\\\/\\\/www.facebook.com\\\/animalsouk.ma\",\"https:\\\/\\\/www.instagram.com\\\/animalsouk.ma\"]}]}<\/script>\n<!-- \/ Yoast SEO plugin. -->","yoast_head_json":{"title":"Royal Canin Kitten 2Kg - Animalerie Maroc","description":"Achetez votre Royal Canin Kitten 2Kg au meilleur prix au Maroc. Livraison rapide | Animalsouk.ma","robots":{"index":"index","follow":"follow","max-snippet":"max-snippet:-1","max-image-preview":"max-image-preview:large","max-video-preview":"max-video-preview:-1"},"canonical":"https:\/\/www.animalsouk.ma\/animalerie-maroc\/produit\/royal-canin-kitten-2kg-3\/","og_locale":"fr_FR","og_type":"article","og_title":"Royal Canin Kitten 2Kg - Animalerie Maroc","og_description":"Achetez votre Royal Canin Kitten 2Kg au meilleur prix au Maroc. Livraison rapide | Animalsouk.ma","og_url":"https:\/\/www.animalsouk.ma\/animalerie-maroc\/produit\/royal-canin-kitten-2kg-3\/","og_site_name":"Animalerie Maroc","article_publisher":"https:\/\/www.facebook.com\/animalsouk.ma","article_modified_time":"2025-11-16T17:23:49+00:00","og_image":[{"width":700,"height":546,"url":"https:\/\/www.animalsouk.ma\/animalerie-maroc\/wp-content\/uploads\/2025\/08\/1574827938678f11071aad1619ce7424.jpg","type":"image\/jpeg"}],"twitter_card":"summary_large_image","twitter_misc":{"Dur\u00e9e de lecture estim\u00e9e":"2 minutes"},"schema":{"@context":"https:\/\/schema.org","@graph":[{"@type":"WebPage","@id":"https:\/\/www.animalsouk.ma\/animalerie-maroc\/produit\/royal-canin-kitten-2kg-3\/","url":"https:\/\/www.animalsouk.ma\/animalerie-maroc\/produit\/royal-canin-kitten-2kg-3\/","name":"Royal Canin Kitten 2Kg - Animalerie Maroc","isPartOf":{"@id":"https:\/\/www.animalsouk.ma\/animalerie-maroc\/#website"},"primaryImageOfPage":{"@id":"https:\/\/www.animalsouk.ma\/animalerie-maroc\/produit\/royal-canin-kitten-2kg-3\/#primaryimage"},"image":{"@id":"https:\/\/www.animalsouk.ma\/animalerie-maroc\/produit\/royal-canin-kitten-2kg-3\/#primaryimage"},"thumbnailUrl":"https:\/\/www.animalsouk.ma\/animalerie-maroc\/wp-content\/uploads\/2025\/08\/1574827938678f11071aad1619ce7424.jpg","datePublished":"2025-08-28T23:41:49+00:00","dateModified":"2025-11-16T17:23:49+00:00","description":"Achetez votre Royal Canin Kitten 2Kg au meilleur prix au Maroc. Livraison rapide | Animalsouk.ma","breadcrumb":{"@id":"https:\/\/www.animalsouk.ma\/animalerie-maroc\/produit\/royal-canin-kitten-2kg-3\/#breadcrumb"},"inLanguage":"fr-FR","potentialAction":[{"@type":"ReadAction","target":["https:\/\/www.animalsouk.ma\/animalerie-maroc\/produit\/royal-canin-kitten-2kg-3\/"]}]},{"@type":"ImageObject","inLanguage":"fr-FR","@id":"https:\/\/www.animalsouk.ma\/animalerie-maroc\/produit\/royal-canin-kitten-2kg-3\/#primaryimage","url":"https:\/\/www.animalsouk.ma\/animalerie-maroc\/wp-content\/uploads\/2025\/08\/1574827938678f11071aad1619ce7424.jpg","contentUrl":"https:\/\/www.animalsouk.ma\/animalerie-maroc\/wp-content\/uploads\/2025\/08\/1574827938678f11071aad1619ce7424.jpg","width":700,"height":546,"caption":"Royal Canin Kitten 2Kg"},{"@type":"BreadcrumbList","@id":"https:\/\/www.animalsouk.ma\/animalerie-maroc\/produit\/royal-canin-kitten-2kg-3\/#breadcrumb","itemListElement":[{"@type":"ListItem","position":1,"name":"Home","item":"https:\/\/www.animalsouk.ma\/animalerie-maroc\/"},{"@type":"ListItem","position":2,"name":"Boutique","item":"https:\/\/www.animalsouk.ma\/animalerie-maroc\/boutique\/"},{"@type":"ListItem","position":3,"name":"Royal Canin Kitten 2Kg"}]},{"@type":"WebSite","@id":"https:\/\/www.animalsouk.ma\/animalerie-maroc\/#website","url":"https:\/\/www.animalsouk.ma\/animalerie-maroc\/","name":"Animalerie de casablanca","description":"","publisher":{"@id":"https:\/\/www.animalsouk.ma\/animalerie-maroc\/#organization"},"potentialAction":[{"@type":"SearchAction","target":{"@type":"EntryPoint","urlTemplate":"https:\/\/www.animalsouk.ma\/animalerie-maroc\/?s={search_term_string}"},"query-input":{"@type":"PropertyValueSpecification","valueRequired":true,"valueName":"search_term_string"}}],"inLanguage":"fr-FR"},{"@type":"Organization","@id":"https:\/\/www.animalsouk.ma\/animalerie-maroc\/#organization","name":"Animalerie de casablanca","url":"https:\/\/www.animalsouk.ma\/animalerie-maroc\/","logo":{"@type":"ImageObject","inLanguage":"fr-FR","@id":"https:\/\/www.animalsouk.ma\/animalerie-maroc\/#\/schema\/logo\/image\/","url":"https:\/\/www.animalsouk.ma\/animalerie-maroc\/wp-content\/uploads\/2025\/10\/animalsouk.ma-logo.png","contentUrl":"https:\/\/www.animalsouk.ma\/animalerie-maroc\/wp-content\/uploads\/2025\/10\/animalsouk.ma-logo.png","width":760,"height":231,"caption":"Animalerie de casablanca"},"image":{"@id":"https:\/\/www.animalsouk.ma\/animalerie-maroc\/#\/schema\/logo\/image\/"},"sameAs":["https:\/\/www.facebook.com\/animalsouk.ma","https:\/\/www.instagram.com\/animalsouk.ma"]}]}},"_links":{"self":[{"href":"https:\/\/www.animalsouk.ma\/animalerie-maroc\/wp-json\/wp\/v2\/product\/649","targetHints":{"allow":["GET"]}}],"collection":[{"href":"https:\/\/www.animalsouk.ma\/animalerie-maroc\/wp-json\/wp\/v2\/product"}],"about":[{"href":"https:\/\/www.animalsouk.ma\/animalerie-maroc\/wp-json\/wp\/v2\/types\/product"}],"wp:featuredmedia":[{"embeddable":true,"href":"https:\/\/www.animalsouk.ma\/animalerie-maroc\/wp-json\/wp\/v2\/media\/648"}],"wp:attachment":[{"href":"https:\/\/www.animalsouk.ma\/animalerie-maroc\/wp-json\/wp\/v2\/media?parent=649"}],"wp:term":[{"taxonomy":"product_brand","embeddable":true,"href":"https:\/\/www.animalsouk.ma\/animalerie-maroc\/wp-json\/wp\/v2\/product_brand?post=649"},{"taxonomy":"product_cat","embeddable":true,"href":"https:\/\/www.animalsouk.ma\/animalerie-maroc\/wp-json\/wp\/v2\/product_cat?post=649"},{"taxonomy":"product_tag","embeddable":true,"href":"https:\/\/www.animalsouk.ma\/animalerie-maroc\/wp-json\/wp\/v2\/product_tag?post=649"}],"curies":[{"name":"wp","href":"https:\/\/api.w.org\/{rel}","templated":true}]}}