{"id":647,"date":"2025-08-29T01:41:48","date_gmt":"2025-08-28T23:41:48","guid":{"rendered":"https:\/\/www.animalsouk.ma\/animalerie\/product\/lait-maternise-royal-canin-babydog-pour-chiot\/"},"modified":"2025-09-08T22:36:53","modified_gmt":"2025-09-08T20:36:53","slug":"lait-maternise-royal-canin-babydog-pour-chiot","status":"publish","type":"product","link":"https:\/\/www.animalsouk.ma\/animalerie-maroc\/produit\/lait-maternise-royal-canin-babydog-pour-chiot\/","title":{"rendered":"Lait maternis\u00e9 Royal Canin Babydog pour chiot"},"content":{"rendered":"<p>Royal Canin Babydog milk est un lait de croissance pour les chiots. L&rsquo;utilisation de lait en tant que source unique de prot\u00e9ines garantit la haute digestibilit\u00e9 de Babydog Milk de Royal Canin. La faible teneur en lactose dans la poudre de lait permet une digestion optimale. La f\u00e9cule, en revanche, est g\u00e9n\u00e9ralement tr\u00e8s mal dig\u00e9r\u00e9e par les chiots. En effet, la facult\u00e9 \u00e0 dig\u00e9rer la f\u00e9cule ne se d\u00e9veloppe que tr\u00e8s lentement pendant la croissance des chiots. C&rsquo;est pour cela que Royal Canin Babydog Milk ne contient pas de f\u00e9cule.<br \/>\nBabydog milk a une composition tr\u00e8s proche de celle du lait naturel de la chienne. Sa structure de micro granul\u00e9s se dissout rapidement, en 5 secondes, et ne forme donc pas de grumeaux.<\/p>\n<p>Caract\u00e9ristiques du lait pour chiot Royal Canin Babydog milk :<\/p>\n<p>lait de substitution adapt\u00e9 \u00e0 l&rsquo;alimentation des chiots sans m\u00e8re ou pour aider \u00e0 nourrir les chiots d&rsquo;une grande port\u00e9e (du 1er jour \u00e0 la 4\u00e8me semaine)<br \/>\nfaible teneur en lactose pour une excellente digestibilit\u00e9<br \/>\ncomplexe d&rsquo;antioxydants (vitamine E et C, lut\u00e9ine, taurine) et manno-oligosaccharides pour renforcer le syst\u00e8me immunitaire du chiot encore faible<\/p>\n","protected":false},"excerpt":{"rendered":"<p>Royal Canin Babydog milk est un lait de croissance pour les chiots. L&rsquo;utilisation de lait en tant que source unique de prot\u00e9ines garantit la haute digestibilit\u00e9 de Babydog Milk de Royal Canin. La faible teneur en lactose dans la poudre de lait permet une digestion optimale. La f\u00e9cule, en revanche, est g\u00e9n\u00e9ralement tr\u00e8s mal dig\u00e9r\u00e9e [&#8230;]\n","protected":false},"featured_media":646,"template":"","meta":[],"product_brand":[31],"product_cat":[20],"product_tag":[],"class_list":{"0":"post-647","1":"product","2":"type-product","3":"status-publish","4":"has-post-thumbnail","6":"product_brand-royal-canin","7":"product_cat-alimentation-pour-chiens","9":"first","10":"outofstock","11":"shipping-taxable","12":"purchasable","13":"product-type-simple"},"yoast_head":"<!-- This site is optimized with the Yoast SEO plugin v27.3 - https:\/\/yoast.com\/product\/yoast-seo-wordpress\/ -->\n<title>Lait maternis\u00e9 Royal Canin Babydog pour chiot - Animalerie Maroc<\/title>\n<meta name=\"description\" content=\"Achetez votre Lait maternis\u00e9 Royal Canin Babydog pour chiot au meilleur prix au Maroc. Livraison rapide | Animalsouk.ma\" \/>\n<meta name=\"robots\" content=\"index, follow, max-snippet:-1, max-image-preview:large, max-video-preview:-1\" \/>\n<link rel=\"canonical\" href=\"https:\/\/www.animalsouk.ma\/animalerie-maroc\/produit\/lait-maternise-royal-canin-babydog-pour-chiot\/\" \/>\n<meta property=\"og:locale\" content=\"fr_FR\" \/>\n<meta property=\"og:type\" content=\"article\" \/>\n<meta property=\"og:title\" content=\"Lait maternis\u00e9 Royal Canin Babydog pour chiot - Animalerie Maroc\" \/>\n<meta property=\"og:description\" content=\"Achetez votre Lait maternis\u00e9 Royal Canin Babydog pour chiot au meilleur prix au Maroc. Livraison rapide | Animalsouk.ma\" \/>\n<meta property=\"og:url\" content=\"https:\/\/www.animalsouk.ma\/animalerie-maroc\/produit\/lait-maternise-royal-canin-babydog-pour-chiot\/\" \/>\n<meta property=\"og:site_name\" content=\"Animalerie Maroc\" \/>\n<meta property=\"article:publisher\" content=\"https:\/\/www.facebook.com\/animalsouk.ma\" \/>\n<meta property=\"article:modified_time\" content=\"2025-09-08T20:36:53+00:00\" \/>\n<meta property=\"og:image\" content=\"https:\/\/www.animalsouk.ma\/animalerie-maroc\/wp-content\/uploads\/2025\/08\/fbd92a68ba70c9abc1432d3f634b787f.jpg\" \/>\n\t<meta property=\"og:image:width\" content=\"700\" \/>\n\t<meta property=\"og:image:height\" content=\"579\" \/>\n\t<meta property=\"og:image:type\" content=\"image\/jpeg\" \/>\n<meta name=\"twitter:card\" content=\"summary_large_image\" \/>\n<meta name=\"twitter:label1\" content=\"Dur\u00e9e de lecture estim\u00e9e\" \/>\n\t<meta name=\"twitter:data1\" content=\"1 minute\" \/>\n<script type=\"application\/ld+json\" class=\"yoast-schema-graph\">{\"@context\":\"https:\\\/\\\/schema.org\",\"@graph\":[{\"@type\":\"WebPage\",\"@id\":\"https:\\\/\\\/www.animalsouk.ma\\\/animalerie-maroc\\\/produit\\\/lait-maternise-royal-canin-babydog-pour-chiot\\\/\",\"url\":\"https:\\\/\\\/www.animalsouk.ma\\\/animalerie-maroc\\\/produit\\\/lait-maternise-royal-canin-babydog-pour-chiot\\\/\",\"name\":\"Lait maternis\u00e9 Royal Canin Babydog pour chiot - Animalerie Maroc\",\"isPartOf\":{\"@id\":\"https:\\\/\\\/www.animalsouk.ma\\\/animalerie-maroc\\\/#website\"},\"primaryImageOfPage\":{\"@id\":\"https:\\\/\\\/www.animalsouk.ma\\\/animalerie-maroc\\\/produit\\\/lait-maternise-royal-canin-babydog-pour-chiot\\\/#primaryimage\"},\"image\":{\"@id\":\"https:\\\/\\\/www.animalsouk.ma\\\/animalerie-maroc\\\/produit\\\/lait-maternise-royal-canin-babydog-pour-chiot\\\/#primaryimage\"},\"thumbnailUrl\":\"https:\\\/\\\/www.animalsouk.ma\\\/animalerie-maroc\\\/wp-content\\\/uploads\\\/2025\\\/08\\\/fbd92a68ba70c9abc1432d3f634b787f.jpg\",\"datePublished\":\"2025-08-28T23:41:48+00:00\",\"dateModified\":\"2025-09-08T20:36:53+00:00\",\"description\":\"Achetez votre Lait maternis\u00e9 Royal Canin Babydog pour chiot au meilleur prix au Maroc. Livraison rapide | Animalsouk.ma\",\"breadcrumb\":{\"@id\":\"https:\\\/\\\/www.animalsouk.ma\\\/animalerie-maroc\\\/produit\\\/lait-maternise-royal-canin-babydog-pour-chiot\\\/#breadcrumb\"},\"inLanguage\":\"fr-FR\",\"potentialAction\":[{\"@type\":\"ReadAction\",\"target\":[\"https:\\\/\\\/www.animalsouk.ma\\\/animalerie-maroc\\\/produit\\\/lait-maternise-royal-canin-babydog-pour-chiot\\\/\"]}]},{\"@type\":\"ImageObject\",\"inLanguage\":\"fr-FR\",\"@id\":\"https:\\\/\\\/www.animalsouk.ma\\\/animalerie-maroc\\\/produit\\\/lait-maternise-royal-canin-babydog-pour-chiot\\\/#primaryimage\",\"url\":\"https:\\\/\\\/www.animalsouk.ma\\\/animalerie-maroc\\\/wp-content\\\/uploads\\\/2025\\\/08\\\/fbd92a68ba70c9abc1432d3f634b787f.jpg\",\"contentUrl\":\"https:\\\/\\\/www.animalsouk.ma\\\/animalerie-maroc\\\/wp-content\\\/uploads\\\/2025\\\/08\\\/fbd92a68ba70c9abc1432d3f634b787f.jpg\",\"width\":700,\"height\":579,\"caption\":\"Lait maternis\u00e9 Royal Canin Babydog pour chiot\"},{\"@type\":\"BreadcrumbList\",\"@id\":\"https:\\\/\\\/www.animalsouk.ma\\\/animalerie-maroc\\\/produit\\\/lait-maternise-royal-canin-babydog-pour-chiot\\\/#breadcrumb\",\"itemListElement\":[{\"@type\":\"ListItem\",\"position\":1,\"name\":\"Home\",\"item\":\"https:\\\/\\\/www.animalsouk.ma\\\/animalerie-maroc\\\/\"},{\"@type\":\"ListItem\",\"position\":2,\"name\":\"Boutique\",\"item\":\"https:\\\/\\\/www.animalsouk.ma\\\/animalerie-maroc\\\/boutique\\\/\"},{\"@type\":\"ListItem\",\"position\":3,\"name\":\"Lait maternis\u00e9 Royal Canin Babydog pour chiot\"}]},{\"@type\":\"WebSite\",\"@id\":\"https:\\\/\\\/www.animalsouk.ma\\\/animalerie-maroc\\\/#website\",\"url\":\"https:\\\/\\\/www.animalsouk.ma\\\/animalerie-maroc\\\/\",\"name\":\"Animalerie de casablanca\",\"description\":\"\",\"publisher\":{\"@id\":\"https:\\\/\\\/www.animalsouk.ma\\\/animalerie-maroc\\\/#organization\"},\"potentialAction\":[{\"@type\":\"SearchAction\",\"target\":{\"@type\":\"EntryPoint\",\"urlTemplate\":\"https:\\\/\\\/www.animalsouk.ma\\\/animalerie-maroc\\\/?s={search_term_string}\"},\"query-input\":{\"@type\":\"PropertyValueSpecification\",\"valueRequired\":true,\"valueName\":\"search_term_string\"}}],\"inLanguage\":\"fr-FR\"},{\"@type\":\"Organization\",\"@id\":\"https:\\\/\\\/www.animalsouk.ma\\\/animalerie-maroc\\\/#organization\",\"name\":\"Animalerie de casablanca\",\"url\":\"https:\\\/\\\/www.animalsouk.ma\\\/animalerie-maroc\\\/\",\"logo\":{\"@type\":\"ImageObject\",\"inLanguage\":\"fr-FR\",\"@id\":\"https:\\\/\\\/www.animalsouk.ma\\\/animalerie-maroc\\\/#\\\/schema\\\/logo\\\/image\\\/\",\"url\":\"https:\\\/\\\/www.animalsouk.ma\\\/animalerie-maroc\\\/wp-content\\\/uploads\\\/2025\\\/10\\\/animalsouk.ma-logo.png\",\"contentUrl\":\"https:\\\/\\\/www.animalsouk.ma\\\/animalerie-maroc\\\/wp-content\\\/uploads\\\/2025\\\/10\\\/animalsouk.ma-logo.png\",\"width\":760,\"height\":231,\"caption\":\"Animalerie de casablanca\"},\"image\":{\"@id\":\"https:\\\/\\\/www.animalsouk.ma\\\/animalerie-maroc\\\/#\\\/schema\\\/logo\\\/image\\\/\"},\"sameAs\":[\"https:\\\/\\\/www.facebook.com\\\/animalsouk.ma\",\"https:\\\/\\\/www.instagram.com\\\/animalsouk.ma\"]}]}<\/script>\n<!-- \/ Yoast SEO plugin. -->","yoast_head_json":{"title":"Lait maternis\u00e9 Royal Canin Babydog pour chiot - Animalerie Maroc","description":"Achetez votre Lait maternis\u00e9 Royal Canin Babydog pour chiot au meilleur prix au Maroc. Livraison rapide | Animalsouk.ma","robots":{"index":"index","follow":"follow","max-snippet":"max-snippet:-1","max-image-preview":"max-image-preview:large","max-video-preview":"max-video-preview:-1"},"canonical":"https:\/\/www.animalsouk.ma\/animalerie-maroc\/produit\/lait-maternise-royal-canin-babydog-pour-chiot\/","og_locale":"fr_FR","og_type":"article","og_title":"Lait maternis\u00e9 Royal Canin Babydog pour chiot - Animalerie Maroc","og_description":"Achetez votre Lait maternis\u00e9 Royal Canin Babydog pour chiot au meilleur prix au Maroc. Livraison rapide | Animalsouk.ma","og_url":"https:\/\/www.animalsouk.ma\/animalerie-maroc\/produit\/lait-maternise-royal-canin-babydog-pour-chiot\/","og_site_name":"Animalerie Maroc","article_publisher":"https:\/\/www.facebook.com\/animalsouk.ma","article_modified_time":"2025-09-08T20:36:53+00:00","og_image":[{"width":700,"height":579,"url":"https:\/\/www.animalsouk.ma\/animalerie-maroc\/wp-content\/uploads\/2025\/08\/fbd92a68ba70c9abc1432d3f634b787f.jpg","type":"image\/jpeg"}],"twitter_card":"summary_large_image","twitter_misc":{"Dur\u00e9e de lecture estim\u00e9e":"1 minute"},"schema":{"@context":"https:\/\/schema.org","@graph":[{"@type":"WebPage","@id":"https:\/\/www.animalsouk.ma\/animalerie-maroc\/produit\/lait-maternise-royal-canin-babydog-pour-chiot\/","url":"https:\/\/www.animalsouk.ma\/animalerie-maroc\/produit\/lait-maternise-royal-canin-babydog-pour-chiot\/","name":"Lait maternis\u00e9 Royal Canin Babydog pour chiot - Animalerie Maroc","isPartOf":{"@id":"https:\/\/www.animalsouk.ma\/animalerie-maroc\/#website"},"primaryImageOfPage":{"@id":"https:\/\/www.animalsouk.ma\/animalerie-maroc\/produit\/lait-maternise-royal-canin-babydog-pour-chiot\/#primaryimage"},"image":{"@id":"https:\/\/www.animalsouk.ma\/animalerie-maroc\/produit\/lait-maternise-royal-canin-babydog-pour-chiot\/#primaryimage"},"thumbnailUrl":"https:\/\/www.animalsouk.ma\/animalerie-maroc\/wp-content\/uploads\/2025\/08\/fbd92a68ba70c9abc1432d3f634b787f.jpg","datePublished":"2025-08-28T23:41:48+00:00","dateModified":"2025-09-08T20:36:53+00:00","description":"Achetez votre Lait maternis\u00e9 Royal Canin Babydog pour chiot au meilleur prix au Maroc. Livraison rapide | Animalsouk.ma","breadcrumb":{"@id":"https:\/\/www.animalsouk.ma\/animalerie-maroc\/produit\/lait-maternise-royal-canin-babydog-pour-chiot\/#breadcrumb"},"inLanguage":"fr-FR","potentialAction":[{"@type":"ReadAction","target":["https:\/\/www.animalsouk.ma\/animalerie-maroc\/produit\/lait-maternise-royal-canin-babydog-pour-chiot\/"]}]},{"@type":"ImageObject","inLanguage":"fr-FR","@id":"https:\/\/www.animalsouk.ma\/animalerie-maroc\/produit\/lait-maternise-royal-canin-babydog-pour-chiot\/#primaryimage","url":"https:\/\/www.animalsouk.ma\/animalerie-maroc\/wp-content\/uploads\/2025\/08\/fbd92a68ba70c9abc1432d3f634b787f.jpg","contentUrl":"https:\/\/www.animalsouk.ma\/animalerie-maroc\/wp-content\/uploads\/2025\/08\/fbd92a68ba70c9abc1432d3f634b787f.jpg","width":700,"height":579,"caption":"Lait maternis\u00e9 Royal Canin Babydog pour chiot"},{"@type":"BreadcrumbList","@id":"https:\/\/www.animalsouk.ma\/animalerie-maroc\/produit\/lait-maternise-royal-canin-babydog-pour-chiot\/#breadcrumb","itemListElement":[{"@type":"ListItem","position":1,"name":"Home","item":"https:\/\/www.animalsouk.ma\/animalerie-maroc\/"},{"@type":"ListItem","position":2,"name":"Boutique","item":"https:\/\/www.animalsouk.ma\/animalerie-maroc\/boutique\/"},{"@type":"ListItem","position":3,"name":"Lait maternis\u00e9 Royal Canin Babydog pour chiot"}]},{"@type":"WebSite","@id":"https:\/\/www.animalsouk.ma\/animalerie-maroc\/#website","url":"https:\/\/www.animalsouk.ma\/animalerie-maroc\/","name":"Animalerie de casablanca","description":"","publisher":{"@id":"https:\/\/www.animalsouk.ma\/animalerie-maroc\/#organization"},"potentialAction":[{"@type":"SearchAction","target":{"@type":"EntryPoint","urlTemplate":"https:\/\/www.animalsouk.ma\/animalerie-maroc\/?s={search_term_string}"},"query-input":{"@type":"PropertyValueSpecification","valueRequired":true,"valueName":"search_term_string"}}],"inLanguage":"fr-FR"},{"@type":"Organization","@id":"https:\/\/www.animalsouk.ma\/animalerie-maroc\/#organization","name":"Animalerie de casablanca","url":"https:\/\/www.animalsouk.ma\/animalerie-maroc\/","logo":{"@type":"ImageObject","inLanguage":"fr-FR","@id":"https:\/\/www.animalsouk.ma\/animalerie-maroc\/#\/schema\/logo\/image\/","url":"https:\/\/www.animalsouk.ma\/animalerie-maroc\/wp-content\/uploads\/2025\/10\/animalsouk.ma-logo.png","contentUrl":"https:\/\/www.animalsouk.ma\/animalerie-maroc\/wp-content\/uploads\/2025\/10\/animalsouk.ma-logo.png","width":760,"height":231,"caption":"Animalerie de casablanca"},"image":{"@id":"https:\/\/www.animalsouk.ma\/animalerie-maroc\/#\/schema\/logo\/image\/"},"sameAs":["https:\/\/www.facebook.com\/animalsouk.ma","https:\/\/www.instagram.com\/animalsouk.ma"]}]}},"_links":{"self":[{"href":"https:\/\/www.animalsouk.ma\/animalerie-maroc\/wp-json\/wp\/v2\/product\/647","targetHints":{"allow":["GET"]}}],"collection":[{"href":"https:\/\/www.animalsouk.ma\/animalerie-maroc\/wp-json\/wp\/v2\/product"}],"about":[{"href":"https:\/\/www.animalsouk.ma\/animalerie-maroc\/wp-json\/wp\/v2\/types\/product"}],"wp:featuredmedia":[{"embeddable":true,"href":"https:\/\/www.animalsouk.ma\/animalerie-maroc\/wp-json\/wp\/v2\/media\/646"}],"wp:attachment":[{"href":"https:\/\/www.animalsouk.ma\/animalerie-maroc\/wp-json\/wp\/v2\/media?parent=647"}],"wp:term":[{"taxonomy":"product_brand","embeddable":true,"href":"https:\/\/www.animalsouk.ma\/animalerie-maroc\/wp-json\/wp\/v2\/product_brand?post=647"},{"taxonomy":"product_cat","embeddable":true,"href":"https:\/\/www.animalsouk.ma\/animalerie-maroc\/wp-json\/wp\/v2\/product_cat?post=647"},{"taxonomy":"product_tag","embeddable":true,"href":"https:\/\/www.animalsouk.ma\/animalerie-maroc\/wp-json\/wp\/v2\/product_tag?post=647"}],"curies":[{"name":"wp","href":"https:\/\/api.w.org\/{rel}","templated":true}]}}