{"id":645,"date":"2025-08-29T01:41:48","date_gmt":"2025-08-28T23:41:48","guid":{"rendered":"https:\/\/www.animalsouk.ma\/animalerie\/product\/lait-maternise-royal-canin-babycat-pour-chaton\/"},"modified":"2025-09-08T22:36:53","modified_gmt":"2025-09-08T20:36:53","slug":"lait-maternise-royal-canin-babycat-pour-chaton","status":"publish","type":"product","link":"https:\/\/www.animalsouk.ma\/animalerie-maroc\/produit\/lait-maternise-royal-canin-babycat-pour-chaton\/","title":{"rendered":"Lait maternis\u00e9 Royal Canin Babycat pour chaton"},"content":{"rendered":"<p>Lait maternis\u00e9 Royal Canin Babycat pour chaton<br \/>\nCroissance harmonieuse<br \/>\nPour une croissance r\u00e9guli\u00e8re et harmonieuse, la composition du lait ROYAL CANIN\u00ae Babycat Milk pour Chatons est aussi proche que possible du lait maternel.<br \/>\nSant\u00e9 digestive<br \/>\n<b>Le lait ROYAL CANIN\u00ae Babycat Milk <\/b>pour Chatons contient des prot\u00e9ines ultra digestibles soigneusement s\u00e9lectionn\u00e9es et une teneur en lactose tr\u00e8s proche de celle du lait maternel. Il est particuli\u00e8rement adapt\u00e9 au syst\u00e8me digestif du Chaton car il ne contient pas d\u2019amidon (les chatons ne s\u00e9cr\u00e9tent pas assez d&rsquo;enzymes pour le dig\u00e9rer). La flore intestinale du Chaton se d\u00e9veloppe progressivement sur plusieurs semaines. L\u2019ajout de probiotiques (FOS) aide au maintien de l&rsquo;\u00e9quilibre de la flore intestinale.<br \/>\nLait instantan\u00e9<br \/>\nGr\u00e2ce \u00e0 sa formule exclusive, le lait ROYAL CANIN\u00ae Babycat Milk pour Chatons se dissout instantan\u00e9ment et compl\u00e8tement, sans grumaux, produisant une formule totalement homog\u00e8ne (voir guide d\u2019utilisation).<\/p>\n<p><b>ROYAL CANIN\u00ae Babycat Milk <\/b> est con\u00e7u pour r\u00e9pondre aux besoins nutritionnels de votre chaton. Cet aliment convient aux chatons premier \u00e2ge de la naissance jusqu\u2019au sevrage. Pour une croissance r\u00e9guli\u00e8re et harmonieuse apr\u00e8s la naissance, la composition du lait ROYAL CANIN\u00ae Babycat Milk est aussi proche que possible du lait maternel. <\/p>\n<p><b>ROYAL CANIN\u00ae Babycat Milk<\/b> contient \u00e9galement des prot\u00e9ines ultra-digestibles, il est donc particuli\u00e8rement adapt\u00e9 au syst\u00e8me digestif du chaton et aide au maintien de l\u2019\u00e9quilibre de la flore intestinale gr\u00e2ce \u00e0 l\u2019ajout de probiotiques (FOS). Enfin, gr\u00e2ce \u00e0 sa formule exclusive, ROYAL CANIN\u00ae Babycat Milk se dissout instantan\u00e9ment et compl\u00e9tement, produisant alors une formule totalement homog\u00e8ne pour correspondre au profil nutritionnel des chatons.<\/p>\n","protected":false},"excerpt":{"rendered":"<p>Lait maternis\u00e9 Royal Canin Babycat pour chaton Croissance harmonieuse Pour une croissance r\u00e9guli\u00e8re et harmonieuse, la composition du lait ROYAL CANIN\u00ae Babycat Milk pour Chatons est aussi proche que possible du lait maternel. Sant\u00e9 digestive Le lait ROYAL CANIN\u00ae Babycat Milk pour Chatons contient des prot\u00e9ines ultra digestibles soigneusement s\u00e9lectionn\u00e9es et une teneur en lactose [&#8230;]\n","protected":false},"featured_media":644,"template":"","meta":[],"product_brand":[31],"product_cat":[18],"product_tag":[],"class_list":{"0":"post-645","1":"product","2":"type-product","3":"status-publish","4":"has-post-thumbnail","6":"product_brand-royal-canin","7":"product_cat-alimentation-pour-chats","9":"first","10":"outofstock","11":"shipping-taxable","12":"purchasable","13":"product-type-simple"},"yoast_head":"<!-- This site is optimized with the Yoast SEO plugin v27.3 - https:\/\/yoast.com\/product\/yoast-seo-wordpress\/ -->\n<title>Lait maternis\u00e9 Royal Canin Babycat pour chaton - Animalerie Maroc<\/title>\n<meta name=\"description\" content=\"Achetez votre Lait maternis\u00e9 Royal Canin Babycat pour chaton au meilleur prix au Maroc. Livraison rapide | Animalsouk.ma\" \/>\n<meta name=\"robots\" content=\"index, follow, max-snippet:-1, max-image-preview:large, max-video-preview:-1\" \/>\n<link rel=\"canonical\" href=\"https:\/\/www.animalsouk.ma\/animalerie-maroc\/produit\/lait-maternise-royal-canin-babycat-pour-chaton\/\" \/>\n<meta property=\"og:locale\" content=\"fr_FR\" \/>\n<meta property=\"og:type\" content=\"article\" \/>\n<meta property=\"og:title\" content=\"Lait maternis\u00e9 Royal Canin Babycat pour chaton - Animalerie Maroc\" \/>\n<meta property=\"og:description\" content=\"Achetez votre Lait maternis\u00e9 Royal Canin Babycat pour chaton au meilleur prix au Maroc. Livraison rapide | Animalsouk.ma\" \/>\n<meta property=\"og:url\" content=\"https:\/\/www.animalsouk.ma\/animalerie-maroc\/produit\/lait-maternise-royal-canin-babycat-pour-chaton\/\" \/>\n<meta property=\"og:site_name\" content=\"Animalerie Maroc\" \/>\n<meta property=\"article:publisher\" content=\"https:\/\/www.facebook.com\/animalsouk.ma\" \/>\n<meta property=\"article:modified_time\" content=\"2025-09-08T20:36:53+00:00\" \/>\n<meta property=\"og:image\" content=\"https:\/\/www.animalsouk.ma\/animalerie-maroc\/wp-content\/uploads\/2025\/08\/7a2c9b17a3e7981a509297f49d7f4c1d.jpg\" \/>\n\t<meta property=\"og:image:width\" content=\"700\" \/>\n\t<meta property=\"og:image:height\" content=\"579\" \/>\n\t<meta property=\"og:image:type\" content=\"image\/jpeg\" \/>\n<meta name=\"twitter:card\" content=\"summary_large_image\" \/>\n<meta name=\"twitter:label1\" content=\"Dur\u00e9e de lecture estim\u00e9e\" \/>\n\t<meta name=\"twitter:data1\" content=\"1 minute\" \/>\n<script type=\"application\/ld+json\" class=\"yoast-schema-graph\">{\"@context\":\"https:\\\/\\\/schema.org\",\"@graph\":[{\"@type\":\"WebPage\",\"@id\":\"https:\\\/\\\/www.animalsouk.ma\\\/animalerie-maroc\\\/produit\\\/lait-maternise-royal-canin-babycat-pour-chaton\\\/\",\"url\":\"https:\\\/\\\/www.animalsouk.ma\\\/animalerie-maroc\\\/produit\\\/lait-maternise-royal-canin-babycat-pour-chaton\\\/\",\"name\":\"Lait maternis\u00e9 Royal Canin Babycat pour chaton - Animalerie Maroc\",\"isPartOf\":{\"@id\":\"https:\\\/\\\/www.animalsouk.ma\\\/animalerie-maroc\\\/#website\"},\"primaryImageOfPage\":{\"@id\":\"https:\\\/\\\/www.animalsouk.ma\\\/animalerie-maroc\\\/produit\\\/lait-maternise-royal-canin-babycat-pour-chaton\\\/#primaryimage\"},\"image\":{\"@id\":\"https:\\\/\\\/www.animalsouk.ma\\\/animalerie-maroc\\\/produit\\\/lait-maternise-royal-canin-babycat-pour-chaton\\\/#primaryimage\"},\"thumbnailUrl\":\"https:\\\/\\\/www.animalsouk.ma\\\/animalerie-maroc\\\/wp-content\\\/uploads\\\/2025\\\/08\\\/7a2c9b17a3e7981a509297f49d7f4c1d.jpg\",\"datePublished\":\"2025-08-28T23:41:48+00:00\",\"dateModified\":\"2025-09-08T20:36:53+00:00\",\"description\":\"Achetez votre Lait maternis\u00e9 Royal Canin Babycat pour chaton au meilleur prix au Maroc. Livraison rapide | Animalsouk.ma\",\"breadcrumb\":{\"@id\":\"https:\\\/\\\/www.animalsouk.ma\\\/animalerie-maroc\\\/produit\\\/lait-maternise-royal-canin-babycat-pour-chaton\\\/#breadcrumb\"},\"inLanguage\":\"fr-FR\",\"potentialAction\":[{\"@type\":\"ReadAction\",\"target\":[\"https:\\\/\\\/www.animalsouk.ma\\\/animalerie-maroc\\\/produit\\\/lait-maternise-royal-canin-babycat-pour-chaton\\\/\"]}]},{\"@type\":\"ImageObject\",\"inLanguage\":\"fr-FR\",\"@id\":\"https:\\\/\\\/www.animalsouk.ma\\\/animalerie-maroc\\\/produit\\\/lait-maternise-royal-canin-babycat-pour-chaton\\\/#primaryimage\",\"url\":\"https:\\\/\\\/www.animalsouk.ma\\\/animalerie-maroc\\\/wp-content\\\/uploads\\\/2025\\\/08\\\/7a2c9b17a3e7981a509297f49d7f4c1d.jpg\",\"contentUrl\":\"https:\\\/\\\/www.animalsouk.ma\\\/animalerie-maroc\\\/wp-content\\\/uploads\\\/2025\\\/08\\\/7a2c9b17a3e7981a509297f49d7f4c1d.jpg\",\"width\":700,\"height\":579,\"caption\":\"Lait maternis\u00e9 Royal Canin Babycat pour chaton\"},{\"@type\":\"BreadcrumbList\",\"@id\":\"https:\\\/\\\/www.animalsouk.ma\\\/animalerie-maroc\\\/produit\\\/lait-maternise-royal-canin-babycat-pour-chaton\\\/#breadcrumb\",\"itemListElement\":[{\"@type\":\"ListItem\",\"position\":1,\"name\":\"Home\",\"item\":\"https:\\\/\\\/www.animalsouk.ma\\\/animalerie-maroc\\\/\"},{\"@type\":\"ListItem\",\"position\":2,\"name\":\"Boutique\",\"item\":\"https:\\\/\\\/www.animalsouk.ma\\\/animalerie-maroc\\\/boutique\\\/\"},{\"@type\":\"ListItem\",\"position\":3,\"name\":\"Lait maternis\u00e9 Royal Canin Babycat pour chaton\"}]},{\"@type\":\"WebSite\",\"@id\":\"https:\\\/\\\/www.animalsouk.ma\\\/animalerie-maroc\\\/#website\",\"url\":\"https:\\\/\\\/www.animalsouk.ma\\\/animalerie-maroc\\\/\",\"name\":\"Animalerie de casablanca\",\"description\":\"\",\"publisher\":{\"@id\":\"https:\\\/\\\/www.animalsouk.ma\\\/animalerie-maroc\\\/#organization\"},\"potentialAction\":[{\"@type\":\"SearchAction\",\"target\":{\"@type\":\"EntryPoint\",\"urlTemplate\":\"https:\\\/\\\/www.animalsouk.ma\\\/animalerie-maroc\\\/?s={search_term_string}\"},\"query-input\":{\"@type\":\"PropertyValueSpecification\",\"valueRequired\":true,\"valueName\":\"search_term_string\"}}],\"inLanguage\":\"fr-FR\"},{\"@type\":\"Organization\",\"@id\":\"https:\\\/\\\/www.animalsouk.ma\\\/animalerie-maroc\\\/#organization\",\"name\":\"Animalerie de casablanca\",\"url\":\"https:\\\/\\\/www.animalsouk.ma\\\/animalerie-maroc\\\/\",\"logo\":{\"@type\":\"ImageObject\",\"inLanguage\":\"fr-FR\",\"@id\":\"https:\\\/\\\/www.animalsouk.ma\\\/animalerie-maroc\\\/#\\\/schema\\\/logo\\\/image\\\/\",\"url\":\"https:\\\/\\\/www.animalsouk.ma\\\/animalerie-maroc\\\/wp-content\\\/uploads\\\/2025\\\/10\\\/animalsouk.ma-logo.png\",\"contentUrl\":\"https:\\\/\\\/www.animalsouk.ma\\\/animalerie-maroc\\\/wp-content\\\/uploads\\\/2025\\\/10\\\/animalsouk.ma-logo.png\",\"width\":760,\"height\":231,\"caption\":\"Animalerie de casablanca\"},\"image\":{\"@id\":\"https:\\\/\\\/www.animalsouk.ma\\\/animalerie-maroc\\\/#\\\/schema\\\/logo\\\/image\\\/\"},\"sameAs\":[\"https:\\\/\\\/www.facebook.com\\\/animalsouk.ma\",\"https:\\\/\\\/www.instagram.com\\\/animalsouk.ma\"]}]}<\/script>\n<!-- \/ Yoast SEO plugin. -->","yoast_head_json":{"title":"Lait maternis\u00e9 Royal Canin Babycat pour chaton - Animalerie Maroc","description":"Achetez votre Lait maternis\u00e9 Royal Canin Babycat pour chaton au meilleur prix au Maroc. Livraison rapide | Animalsouk.ma","robots":{"index":"index","follow":"follow","max-snippet":"max-snippet:-1","max-image-preview":"max-image-preview:large","max-video-preview":"max-video-preview:-1"},"canonical":"https:\/\/www.animalsouk.ma\/animalerie-maroc\/produit\/lait-maternise-royal-canin-babycat-pour-chaton\/","og_locale":"fr_FR","og_type":"article","og_title":"Lait maternis\u00e9 Royal Canin Babycat pour chaton - Animalerie Maroc","og_description":"Achetez votre Lait maternis\u00e9 Royal Canin Babycat pour chaton au meilleur prix au Maroc. Livraison rapide | Animalsouk.ma","og_url":"https:\/\/www.animalsouk.ma\/animalerie-maroc\/produit\/lait-maternise-royal-canin-babycat-pour-chaton\/","og_site_name":"Animalerie Maroc","article_publisher":"https:\/\/www.facebook.com\/animalsouk.ma","article_modified_time":"2025-09-08T20:36:53+00:00","og_image":[{"width":700,"height":579,"url":"https:\/\/www.animalsouk.ma\/animalerie-maroc\/wp-content\/uploads\/2025\/08\/7a2c9b17a3e7981a509297f49d7f4c1d.jpg","type":"image\/jpeg"}],"twitter_card":"summary_large_image","twitter_misc":{"Dur\u00e9e de lecture estim\u00e9e":"1 minute"},"schema":{"@context":"https:\/\/schema.org","@graph":[{"@type":"WebPage","@id":"https:\/\/www.animalsouk.ma\/animalerie-maroc\/produit\/lait-maternise-royal-canin-babycat-pour-chaton\/","url":"https:\/\/www.animalsouk.ma\/animalerie-maroc\/produit\/lait-maternise-royal-canin-babycat-pour-chaton\/","name":"Lait maternis\u00e9 Royal Canin Babycat pour chaton - Animalerie Maroc","isPartOf":{"@id":"https:\/\/www.animalsouk.ma\/animalerie-maroc\/#website"},"primaryImageOfPage":{"@id":"https:\/\/www.animalsouk.ma\/animalerie-maroc\/produit\/lait-maternise-royal-canin-babycat-pour-chaton\/#primaryimage"},"image":{"@id":"https:\/\/www.animalsouk.ma\/animalerie-maroc\/produit\/lait-maternise-royal-canin-babycat-pour-chaton\/#primaryimage"},"thumbnailUrl":"https:\/\/www.animalsouk.ma\/animalerie-maroc\/wp-content\/uploads\/2025\/08\/7a2c9b17a3e7981a509297f49d7f4c1d.jpg","datePublished":"2025-08-28T23:41:48+00:00","dateModified":"2025-09-08T20:36:53+00:00","description":"Achetez votre Lait maternis\u00e9 Royal Canin Babycat pour chaton au meilleur prix au Maroc. Livraison rapide | Animalsouk.ma","breadcrumb":{"@id":"https:\/\/www.animalsouk.ma\/animalerie-maroc\/produit\/lait-maternise-royal-canin-babycat-pour-chaton\/#breadcrumb"},"inLanguage":"fr-FR","potentialAction":[{"@type":"ReadAction","target":["https:\/\/www.animalsouk.ma\/animalerie-maroc\/produit\/lait-maternise-royal-canin-babycat-pour-chaton\/"]}]},{"@type":"ImageObject","inLanguage":"fr-FR","@id":"https:\/\/www.animalsouk.ma\/animalerie-maroc\/produit\/lait-maternise-royal-canin-babycat-pour-chaton\/#primaryimage","url":"https:\/\/www.animalsouk.ma\/animalerie-maroc\/wp-content\/uploads\/2025\/08\/7a2c9b17a3e7981a509297f49d7f4c1d.jpg","contentUrl":"https:\/\/www.animalsouk.ma\/animalerie-maroc\/wp-content\/uploads\/2025\/08\/7a2c9b17a3e7981a509297f49d7f4c1d.jpg","width":700,"height":579,"caption":"Lait maternis\u00e9 Royal Canin Babycat pour chaton"},{"@type":"BreadcrumbList","@id":"https:\/\/www.animalsouk.ma\/animalerie-maroc\/produit\/lait-maternise-royal-canin-babycat-pour-chaton\/#breadcrumb","itemListElement":[{"@type":"ListItem","position":1,"name":"Home","item":"https:\/\/www.animalsouk.ma\/animalerie-maroc\/"},{"@type":"ListItem","position":2,"name":"Boutique","item":"https:\/\/www.animalsouk.ma\/animalerie-maroc\/boutique\/"},{"@type":"ListItem","position":3,"name":"Lait maternis\u00e9 Royal Canin Babycat pour chaton"}]},{"@type":"WebSite","@id":"https:\/\/www.animalsouk.ma\/animalerie-maroc\/#website","url":"https:\/\/www.animalsouk.ma\/animalerie-maroc\/","name":"Animalerie de casablanca","description":"","publisher":{"@id":"https:\/\/www.animalsouk.ma\/animalerie-maroc\/#organization"},"potentialAction":[{"@type":"SearchAction","target":{"@type":"EntryPoint","urlTemplate":"https:\/\/www.animalsouk.ma\/animalerie-maroc\/?s={search_term_string}"},"query-input":{"@type":"PropertyValueSpecification","valueRequired":true,"valueName":"search_term_string"}}],"inLanguage":"fr-FR"},{"@type":"Organization","@id":"https:\/\/www.animalsouk.ma\/animalerie-maroc\/#organization","name":"Animalerie de casablanca","url":"https:\/\/www.animalsouk.ma\/animalerie-maroc\/","logo":{"@type":"ImageObject","inLanguage":"fr-FR","@id":"https:\/\/www.animalsouk.ma\/animalerie-maroc\/#\/schema\/logo\/image\/","url":"https:\/\/www.animalsouk.ma\/animalerie-maroc\/wp-content\/uploads\/2025\/10\/animalsouk.ma-logo.png","contentUrl":"https:\/\/www.animalsouk.ma\/animalerie-maroc\/wp-content\/uploads\/2025\/10\/animalsouk.ma-logo.png","width":760,"height":231,"caption":"Animalerie de casablanca"},"image":{"@id":"https:\/\/www.animalsouk.ma\/animalerie-maroc\/#\/schema\/logo\/image\/"},"sameAs":["https:\/\/www.facebook.com\/animalsouk.ma","https:\/\/www.instagram.com\/animalsouk.ma"]}]}},"_links":{"self":[{"href":"https:\/\/www.animalsouk.ma\/animalerie-maroc\/wp-json\/wp\/v2\/product\/645","targetHints":{"allow":["GET"]}}],"collection":[{"href":"https:\/\/www.animalsouk.ma\/animalerie-maroc\/wp-json\/wp\/v2\/product"}],"about":[{"href":"https:\/\/www.animalsouk.ma\/animalerie-maroc\/wp-json\/wp\/v2\/types\/product"}],"wp:featuredmedia":[{"embeddable":true,"href":"https:\/\/www.animalsouk.ma\/animalerie-maroc\/wp-json\/wp\/v2\/media\/644"}],"wp:attachment":[{"href":"https:\/\/www.animalsouk.ma\/animalerie-maroc\/wp-json\/wp\/v2\/media?parent=645"}],"wp:term":[{"taxonomy":"product_brand","embeddable":true,"href":"https:\/\/www.animalsouk.ma\/animalerie-maroc\/wp-json\/wp\/v2\/product_brand?post=645"},{"taxonomy":"product_cat","embeddable":true,"href":"https:\/\/www.animalsouk.ma\/animalerie-maroc\/wp-json\/wp\/v2\/product_cat?post=645"},{"taxonomy":"product_tag","embeddable":true,"href":"https:\/\/www.animalsouk.ma\/animalerie-maroc\/wp-json\/wp\/v2\/product_tag?post=645"}],"curies":[{"name":"wp","href":"https:\/\/api.w.org\/{rel}","templated":true}]}}