{"id":629,"date":"2025-08-29T01:41:45","date_gmt":"2025-08-28T23:41:45","guid":{"rendered":"https:\/\/www.animalsouk.ma\/animalerie\/product\/vermifuge-dolthene-pour-chiens\/"},"modified":"2025-09-08T22:36:53","modified_gmt":"2025-09-08T20:36:53","slug":"vermifuge-dolthene-pour-chiens","status":"publish","type":"product","link":"https:\/\/www.animalsouk.ma\/animalerie-maroc\/produit\/vermifuge-dolthene-pour-chiens\/","title":{"rendered":"Vermifuge Dolthene pour chiens"},"content":{"rendered":"<p>Dolthene est un vermifuge qui se pr\u00e9sente en suspension liquide \u00e0 d\u00e9poser sur l&rsquo;aliment de votre animal.\ufeff Dolthene conjugue facilit\u00e9 d&#8217;emploi et large spectre pour une protection optimale de votre chien. \ufeff<\/p>\n<p>PROPRI\u00c9T\u00c9S DE DOLTHENE :<br \/>\nDolthene se pr\u00e9sente en suspension liquide \u00e0 d\u00e9poser sur l&rsquo;aliment de votre animal.\ufeff Dolthene est un vermfigue \u00e0 base d&rsquo;oxfendazole \u00e0 incorporer \u00e0 l&rsquo;aliment de votre chien. Dolthene conjugue facilit\u00e9 d&#8217;emploi et large spectre pour une protection optimale de votre chien.<\/p>\n<p>Les principaux vers ronds (Ascaris, Trichures et Ankylostomes) et vers plats (Taenia, Dipylidium) sont trait\u00e9s par Dolthene. Dolthene existe en 3 pr\u00e9sentations, accompagn\u00e9es d&rsquo;une pipette gradu\u00e9e en kg, pour un dosage pr\u00e9cis. Spectre large, app\u00e9tence et facilit\u00e9 de dosage font de Dolthene un vermifuge de choix !<\/p>\n<p>INDICATIONS DE DOLTHENE :<br \/>\nDolthene Chien est un traitement curatif des ascaridoses dues \u00e0 Toxocara canis, Toxascaris leonina, des ankylostomoses dues \u00e0 Uncinaria stenocephala, Ankylostoma caninum, Ankylostoma braziliense, des trichuroses dues \u00e0 Trichuris vulpis et du taeniasis d\u00fb \u00e0 Taenia hydatigena, Dipylidium caninum.<\/p>\n<p>COMPOSITION DE DOLTHENE :<br \/>\nOxfendazole 22.65 mg.<\/p>\n<p>Acide sorbique (E200) 1.50 mg.<\/p>\n<p>Excipient QSP 1 ml.<\/p>\n<p>POSOLOGIE DE DOLTHENE :<br \/>\nDolthene s&rsquo;administre par voie orale.<\/p>\n<p>Chez les chiens pesant jusqu&rsquo;\u00e0 13 kg : DOLTHENE 20 ml<\/p>\n<p>Chez les chiens pesant de 13 \u00e0 33 kg : DOLTHENE 50 ml<\/p>\n<p>Chez les chiens pesant de 33 \u00e0 66 kg : DOLTHENE 100 ml<\/p>\n<p>Il faut donner 11,3 mg de Dolthene par kg par jour pendant trois jours cons\u00e9cutifs ce qui correspond \u00e0 0,5 ml de Dolthene par kg par jour pendant trois jours cons\u00e9cutifs par voie orale.<br \/>\nPr\u00e9lever la quantit\u00e9 de Dolthene requise \u00e0 l\u2019aide de l\u2019applicateur gradu\u00e9 en kg.\ufeff M\u00e9langer la suspension de Dolthene \u00e0 la nourriture ou \u00e9ventuellement administrer directement dans la gueule.<br \/>\n\ufeff<\/p>\n<p>CONTRE-INDICATIONS DE DOLTHENE :<br \/>\nL&rsquo;utilisation du Dolthene chez la chienne pendant les 35 premiers jours de la gestation est contre-indiqu\u00e9e.<\/p>\n<p>EFFETS IND\u00c9SIRABLES DE DOLTHENE :<br \/>\nDes probl\u00e8mes digestifs tels que des vomissements ou de l&rsquo;anorexie peuvent appara\u00eetre\ufeff dans de rares cas.<\/p>\n<p>>> Retrouvez ci-dessous les notices en fran\u00e7ais du Dolth\u00e8ne :<\/p>\n<p>&#8211; Dolth\u00e8ne S (20 ml)<br \/>\n&#8211; Dolth\u00e8ne M (50 ml)<br \/>\n&#8211; Dolth\u00e8ne L (100 ml)<\/p>\n","protected":false},"excerpt":{"rendered":"<p>Dolthene est un vermifuge qui se pr\u00e9sente en suspension liquide \u00e0 d\u00e9poser sur l&rsquo;aliment de votre animal.\ufeff Dolthene conjugue facilit\u00e9 d&#8217;emploi et large spectre pour une protection optimale de votre chien. \ufeff PROPRI\u00c9T\u00c9S DE DOLTHENE : Dolthene se pr\u00e9sente en suspension liquide \u00e0 d\u00e9poser sur l&rsquo;aliment de votre animal.\ufeff Dolthene est un vermfigue \u00e0 base [&#8230;]\n","protected":false},"featured_media":628,"template":"","meta":[],"product_brand":[],"product_cat":[20],"product_tag":[],"class_list":{"0":"post-629","1":"product","2":"type-product","3":"status-publish","4":"has-post-thumbnail","6":"product_cat-alimentation-pour-chiens","8":"first","9":"outofstock","10":"shipping-taxable","11":"purchasable","12":"product-type-simple"},"yoast_head":"<!-- This site is optimized with the Yoast SEO plugin v27.3 - https:\/\/yoast.com\/product\/yoast-seo-wordpress\/ -->\n<title>Vermifuge Dolthene pour chiens - Animalerie Maroc<\/title>\n<meta name=\"description\" content=\"Achetez votre Vermifuge Dolthene pour chiens au meilleur prix au Maroc. Livraison rapide | Animalsouk.ma\" \/>\n<meta name=\"robots\" content=\"index, follow, max-snippet:-1, max-image-preview:large, max-video-preview:-1\" \/>\n<link rel=\"canonical\" href=\"https:\/\/www.animalsouk.ma\/animalerie-maroc\/produit\/vermifuge-dolthene-pour-chiens\/\" \/>\n<meta property=\"og:locale\" content=\"fr_FR\" \/>\n<meta property=\"og:type\" content=\"article\" \/>\n<meta property=\"og:title\" content=\"Vermifuge Dolthene pour chiens - Animalerie Maroc\" \/>\n<meta property=\"og:description\" content=\"Achetez votre Vermifuge Dolthene pour chiens au meilleur prix au Maroc. Livraison rapide | Animalsouk.ma\" \/>\n<meta property=\"og:url\" content=\"https:\/\/www.animalsouk.ma\/animalerie-maroc\/produit\/vermifuge-dolthene-pour-chiens\/\" \/>\n<meta property=\"og:site_name\" content=\"Animalerie Maroc\" \/>\n<meta property=\"article:publisher\" content=\"https:\/\/www.facebook.com\/animalsouk.ma\" \/>\n<meta property=\"article:modified_time\" content=\"2025-09-08T20:36:53+00:00\" \/>\n<meta property=\"og:image\" content=\"https:\/\/www.animalsouk.ma\/animalerie-maroc\/wp-content\/uploads\/2025\/08\/983000dbb1a8713947ddd038b97b63b5.jpg\" \/>\n\t<meta property=\"og:image:width\" content=\"700\" \/>\n\t<meta property=\"og:image:height\" content=\"528\" \/>\n\t<meta property=\"og:image:type\" content=\"image\/jpeg\" \/>\n<meta name=\"twitter:card\" content=\"summary_large_image\" \/>\n<meta name=\"twitter:label1\" content=\"Dur\u00e9e de lecture estim\u00e9e\" \/>\n\t<meta name=\"twitter:data1\" content=\"2 minutes\" \/>\n<script type=\"application\/ld+json\" class=\"yoast-schema-graph\">{\"@context\":\"https:\\\/\\\/schema.org\",\"@graph\":[{\"@type\":\"WebPage\",\"@id\":\"https:\\\/\\\/www.animalsouk.ma\\\/animalerie-maroc\\\/produit\\\/vermifuge-dolthene-pour-chiens\\\/\",\"url\":\"https:\\\/\\\/www.animalsouk.ma\\\/animalerie-maroc\\\/produit\\\/vermifuge-dolthene-pour-chiens\\\/\",\"name\":\"Vermifuge Dolthene pour chiens - Animalerie Maroc\",\"isPartOf\":{\"@id\":\"https:\\\/\\\/www.animalsouk.ma\\\/animalerie-maroc\\\/#website\"},\"primaryImageOfPage\":{\"@id\":\"https:\\\/\\\/www.animalsouk.ma\\\/animalerie-maroc\\\/produit\\\/vermifuge-dolthene-pour-chiens\\\/#primaryimage\"},\"image\":{\"@id\":\"https:\\\/\\\/www.animalsouk.ma\\\/animalerie-maroc\\\/produit\\\/vermifuge-dolthene-pour-chiens\\\/#primaryimage\"},\"thumbnailUrl\":\"https:\\\/\\\/www.animalsouk.ma\\\/animalerie-maroc\\\/wp-content\\\/uploads\\\/2025\\\/08\\\/983000dbb1a8713947ddd038b97b63b5.jpg\",\"datePublished\":\"2025-08-28T23:41:45+00:00\",\"dateModified\":\"2025-09-08T20:36:53+00:00\",\"description\":\"Achetez votre Vermifuge Dolthene pour chiens au meilleur prix au Maroc. Livraison rapide | Animalsouk.ma\",\"breadcrumb\":{\"@id\":\"https:\\\/\\\/www.animalsouk.ma\\\/animalerie-maroc\\\/produit\\\/vermifuge-dolthene-pour-chiens\\\/#breadcrumb\"},\"inLanguage\":\"fr-FR\",\"potentialAction\":[{\"@type\":\"ReadAction\",\"target\":[\"https:\\\/\\\/www.animalsouk.ma\\\/animalerie-maroc\\\/produit\\\/vermifuge-dolthene-pour-chiens\\\/\"]}]},{\"@type\":\"ImageObject\",\"inLanguage\":\"fr-FR\",\"@id\":\"https:\\\/\\\/www.animalsouk.ma\\\/animalerie-maroc\\\/produit\\\/vermifuge-dolthene-pour-chiens\\\/#primaryimage\",\"url\":\"https:\\\/\\\/www.animalsouk.ma\\\/animalerie-maroc\\\/wp-content\\\/uploads\\\/2025\\\/08\\\/983000dbb1a8713947ddd038b97b63b5.jpg\",\"contentUrl\":\"https:\\\/\\\/www.animalsouk.ma\\\/animalerie-maroc\\\/wp-content\\\/uploads\\\/2025\\\/08\\\/983000dbb1a8713947ddd038b97b63b5.jpg\",\"width\":700,\"height\":528,\"caption\":\"Vermifuge Dolthene pour chiens\"},{\"@type\":\"BreadcrumbList\",\"@id\":\"https:\\\/\\\/www.animalsouk.ma\\\/animalerie-maroc\\\/produit\\\/vermifuge-dolthene-pour-chiens\\\/#breadcrumb\",\"itemListElement\":[{\"@type\":\"ListItem\",\"position\":1,\"name\":\"Home\",\"item\":\"https:\\\/\\\/www.animalsouk.ma\\\/animalerie-maroc\\\/\"},{\"@type\":\"ListItem\",\"position\":2,\"name\":\"Boutique\",\"item\":\"https:\\\/\\\/www.animalsouk.ma\\\/animalerie-maroc\\\/boutique\\\/\"},{\"@type\":\"ListItem\",\"position\":3,\"name\":\"Vermifuge Dolthene pour chiens\"}]},{\"@type\":\"WebSite\",\"@id\":\"https:\\\/\\\/www.animalsouk.ma\\\/animalerie-maroc\\\/#website\",\"url\":\"https:\\\/\\\/www.animalsouk.ma\\\/animalerie-maroc\\\/\",\"name\":\"Animalerie de casablanca\",\"description\":\"\",\"publisher\":{\"@id\":\"https:\\\/\\\/www.animalsouk.ma\\\/animalerie-maroc\\\/#organization\"},\"potentialAction\":[{\"@type\":\"SearchAction\",\"target\":{\"@type\":\"EntryPoint\",\"urlTemplate\":\"https:\\\/\\\/www.animalsouk.ma\\\/animalerie-maroc\\\/?s={search_term_string}\"},\"query-input\":{\"@type\":\"PropertyValueSpecification\",\"valueRequired\":true,\"valueName\":\"search_term_string\"}}],\"inLanguage\":\"fr-FR\"},{\"@type\":\"Organization\",\"@id\":\"https:\\\/\\\/www.animalsouk.ma\\\/animalerie-maroc\\\/#organization\",\"name\":\"Animalerie de casablanca\",\"url\":\"https:\\\/\\\/www.animalsouk.ma\\\/animalerie-maroc\\\/\",\"logo\":{\"@type\":\"ImageObject\",\"inLanguage\":\"fr-FR\",\"@id\":\"https:\\\/\\\/www.animalsouk.ma\\\/animalerie-maroc\\\/#\\\/schema\\\/logo\\\/image\\\/\",\"url\":\"https:\\\/\\\/www.animalsouk.ma\\\/animalerie-maroc\\\/wp-content\\\/uploads\\\/2025\\\/10\\\/animalsouk.ma-logo.png\",\"contentUrl\":\"https:\\\/\\\/www.animalsouk.ma\\\/animalerie-maroc\\\/wp-content\\\/uploads\\\/2025\\\/10\\\/animalsouk.ma-logo.png\",\"width\":760,\"height\":231,\"caption\":\"Animalerie de casablanca\"},\"image\":{\"@id\":\"https:\\\/\\\/www.animalsouk.ma\\\/animalerie-maroc\\\/#\\\/schema\\\/logo\\\/image\\\/\"},\"sameAs\":[\"https:\\\/\\\/www.facebook.com\\\/animalsouk.ma\",\"https:\\\/\\\/www.instagram.com\\\/animalsouk.ma\"]}]}<\/script>\n<!-- \/ Yoast SEO plugin. -->","yoast_head_json":{"title":"Vermifuge Dolthene pour chiens - Animalerie Maroc","description":"Achetez votre Vermifuge Dolthene pour chiens au meilleur prix au Maroc. Livraison rapide | Animalsouk.ma","robots":{"index":"index","follow":"follow","max-snippet":"max-snippet:-1","max-image-preview":"max-image-preview:large","max-video-preview":"max-video-preview:-1"},"canonical":"https:\/\/www.animalsouk.ma\/animalerie-maroc\/produit\/vermifuge-dolthene-pour-chiens\/","og_locale":"fr_FR","og_type":"article","og_title":"Vermifuge Dolthene pour chiens - Animalerie Maroc","og_description":"Achetez votre Vermifuge Dolthene pour chiens au meilleur prix au Maroc. Livraison rapide | Animalsouk.ma","og_url":"https:\/\/www.animalsouk.ma\/animalerie-maroc\/produit\/vermifuge-dolthene-pour-chiens\/","og_site_name":"Animalerie Maroc","article_publisher":"https:\/\/www.facebook.com\/animalsouk.ma","article_modified_time":"2025-09-08T20:36:53+00:00","og_image":[{"width":700,"height":528,"url":"https:\/\/www.animalsouk.ma\/animalerie-maroc\/wp-content\/uploads\/2025\/08\/983000dbb1a8713947ddd038b97b63b5.jpg","type":"image\/jpeg"}],"twitter_card":"summary_large_image","twitter_misc":{"Dur\u00e9e de lecture estim\u00e9e":"2 minutes"},"schema":{"@context":"https:\/\/schema.org","@graph":[{"@type":"WebPage","@id":"https:\/\/www.animalsouk.ma\/animalerie-maroc\/produit\/vermifuge-dolthene-pour-chiens\/","url":"https:\/\/www.animalsouk.ma\/animalerie-maroc\/produit\/vermifuge-dolthene-pour-chiens\/","name":"Vermifuge Dolthene pour chiens - Animalerie Maroc","isPartOf":{"@id":"https:\/\/www.animalsouk.ma\/animalerie-maroc\/#website"},"primaryImageOfPage":{"@id":"https:\/\/www.animalsouk.ma\/animalerie-maroc\/produit\/vermifuge-dolthene-pour-chiens\/#primaryimage"},"image":{"@id":"https:\/\/www.animalsouk.ma\/animalerie-maroc\/produit\/vermifuge-dolthene-pour-chiens\/#primaryimage"},"thumbnailUrl":"https:\/\/www.animalsouk.ma\/animalerie-maroc\/wp-content\/uploads\/2025\/08\/983000dbb1a8713947ddd038b97b63b5.jpg","datePublished":"2025-08-28T23:41:45+00:00","dateModified":"2025-09-08T20:36:53+00:00","description":"Achetez votre Vermifuge Dolthene pour chiens au meilleur prix au Maroc. Livraison rapide | Animalsouk.ma","breadcrumb":{"@id":"https:\/\/www.animalsouk.ma\/animalerie-maroc\/produit\/vermifuge-dolthene-pour-chiens\/#breadcrumb"},"inLanguage":"fr-FR","potentialAction":[{"@type":"ReadAction","target":["https:\/\/www.animalsouk.ma\/animalerie-maroc\/produit\/vermifuge-dolthene-pour-chiens\/"]}]},{"@type":"ImageObject","inLanguage":"fr-FR","@id":"https:\/\/www.animalsouk.ma\/animalerie-maroc\/produit\/vermifuge-dolthene-pour-chiens\/#primaryimage","url":"https:\/\/www.animalsouk.ma\/animalerie-maroc\/wp-content\/uploads\/2025\/08\/983000dbb1a8713947ddd038b97b63b5.jpg","contentUrl":"https:\/\/www.animalsouk.ma\/animalerie-maroc\/wp-content\/uploads\/2025\/08\/983000dbb1a8713947ddd038b97b63b5.jpg","width":700,"height":528,"caption":"Vermifuge Dolthene pour chiens"},{"@type":"BreadcrumbList","@id":"https:\/\/www.animalsouk.ma\/animalerie-maroc\/produit\/vermifuge-dolthene-pour-chiens\/#breadcrumb","itemListElement":[{"@type":"ListItem","position":1,"name":"Home","item":"https:\/\/www.animalsouk.ma\/animalerie-maroc\/"},{"@type":"ListItem","position":2,"name":"Boutique","item":"https:\/\/www.animalsouk.ma\/animalerie-maroc\/boutique\/"},{"@type":"ListItem","position":3,"name":"Vermifuge Dolthene pour chiens"}]},{"@type":"WebSite","@id":"https:\/\/www.animalsouk.ma\/animalerie-maroc\/#website","url":"https:\/\/www.animalsouk.ma\/animalerie-maroc\/","name":"Animalerie de casablanca","description":"","publisher":{"@id":"https:\/\/www.animalsouk.ma\/animalerie-maroc\/#organization"},"potentialAction":[{"@type":"SearchAction","target":{"@type":"EntryPoint","urlTemplate":"https:\/\/www.animalsouk.ma\/animalerie-maroc\/?s={search_term_string}"},"query-input":{"@type":"PropertyValueSpecification","valueRequired":true,"valueName":"search_term_string"}}],"inLanguage":"fr-FR"},{"@type":"Organization","@id":"https:\/\/www.animalsouk.ma\/animalerie-maroc\/#organization","name":"Animalerie de casablanca","url":"https:\/\/www.animalsouk.ma\/animalerie-maroc\/","logo":{"@type":"ImageObject","inLanguage":"fr-FR","@id":"https:\/\/www.animalsouk.ma\/animalerie-maroc\/#\/schema\/logo\/image\/","url":"https:\/\/www.animalsouk.ma\/animalerie-maroc\/wp-content\/uploads\/2025\/10\/animalsouk.ma-logo.png","contentUrl":"https:\/\/www.animalsouk.ma\/animalerie-maroc\/wp-content\/uploads\/2025\/10\/animalsouk.ma-logo.png","width":760,"height":231,"caption":"Animalerie de casablanca"},"image":{"@id":"https:\/\/www.animalsouk.ma\/animalerie-maroc\/#\/schema\/logo\/image\/"},"sameAs":["https:\/\/www.facebook.com\/animalsouk.ma","https:\/\/www.instagram.com\/animalsouk.ma"]}]}},"_links":{"self":[{"href":"https:\/\/www.animalsouk.ma\/animalerie-maroc\/wp-json\/wp\/v2\/product\/629","targetHints":{"allow":["GET"]}}],"collection":[{"href":"https:\/\/www.animalsouk.ma\/animalerie-maroc\/wp-json\/wp\/v2\/product"}],"about":[{"href":"https:\/\/www.animalsouk.ma\/animalerie-maroc\/wp-json\/wp\/v2\/types\/product"}],"wp:featuredmedia":[{"embeddable":true,"href":"https:\/\/www.animalsouk.ma\/animalerie-maroc\/wp-json\/wp\/v2\/media\/628"}],"wp:attachment":[{"href":"https:\/\/www.animalsouk.ma\/animalerie-maroc\/wp-json\/wp\/v2\/media?parent=629"}],"wp:term":[{"taxonomy":"product_brand","embeddable":true,"href":"https:\/\/www.animalsouk.ma\/animalerie-maroc\/wp-json\/wp\/v2\/product_brand?post=629"},{"taxonomy":"product_cat","embeddable":true,"href":"https:\/\/www.animalsouk.ma\/animalerie-maroc\/wp-json\/wp\/v2\/product_cat?post=629"},{"taxonomy":"product_tag","embeddable":true,"href":"https:\/\/www.animalsouk.ma\/animalerie-maroc\/wp-json\/wp\/v2\/product_tag?post=629"}],"curies":[{"name":"wp","href":"https:\/\/api.w.org\/{rel}","templated":true}]}}