{"id":621,"date":"2025-08-29T01:41:43","date_gmt":"2025-08-28T23:41:43","guid":{"rendered":"https:\/\/www.animalsouk.ma\/animalerie\/product\/tapis-absorbants-educateur-chiot-canijess\/"},"modified":"2025-09-08T22:36:54","modified_gmt":"2025-09-08T20:36:54","slug":"tapis-absorbants-educateur-chiot-canijess","status":"publish","type":"product","link":"https:\/\/www.animalsouk.ma\/animalerie-maroc\/produit\/tapis-absorbants-educateur-chiot-canijess\/","title":{"rendered":"tapis absorbants \u00e9ducateur chiot &#8211; CaniJess"},"content":{"rendered":"<p>Tapis \u00e9ducateurs pour apprendre aux jeunes chiens \u00e0 faire leurs besoins \u00e0 l\u2019endroit appropri\u00e9. Gr\u00e2ce \u00e0 leur mati\u00e8re ultra-absorbante, ils permettent de conserver une hygi\u00e8ne optimale dans l\u2019environnement de votre animal.<br \/>\n\u2013 Permet d\u2019apprendre la propret\u00e9 aux animaux<br \/>\n\u2013 Ultra-absorbant<br \/>\n\u2013 \u00e0 utiliser avec l\u2019\u00e9ducateur d\u2019attracteur d\u2019urine pour une efficacit\u00e9 optimale<\/p>\n<p>Ces tapis conviennent \u00e9galement lors des d\u00e9placements (visites chez le v\u00e9t\u00e9rinaire, vacances, etc.), ils prot\u00e8gent les cages et paniers de transports et \u00e9vitent les fuites en absorbant les petits \u00ab accidents \u00bb.<\/p>\n<p>Mode d\u2019emploi du tapis d\u2019\u00e9ducation<br \/>\nMettez le tapis \u00e0 un endroit fixe. Pour aider votre animal \u00e0 localiser cet endroit, vous pouvez utiliser l\u2019\u00e9ducateur d\u2019attracteur sur le tapis. Le tapis absorbe le liquide et maintient l\u2019environnement sec et propre. Il s\u2019utilise aussi comme couche pour les chiennes qui font des petits.<\/p>\n","protected":false},"excerpt":{"rendered":"<p>Tapis \u00e9ducateurs pour apprendre aux jeunes chiens \u00e0 faire leurs besoins \u00e0 l\u2019endroit appropri\u00e9. Gr\u00e2ce \u00e0 leur mati\u00e8re ultra-absorbante, ils permettent de conserver une hygi\u00e8ne optimale dans l\u2019environnement de votre animal. \u2013 Permet d\u2019apprendre la propret\u00e9 aux animaux \u2013 Ultra-absorbant \u2013 \u00e0 utiliser avec l\u2019\u00e9ducateur d\u2019attracteur d\u2019urine pour une efficacit\u00e9 optimale Ces tapis conviennent \u00e9galement [&#8230;]\n","protected":false},"featured_media":620,"template":"","meta":[],"product_brand":[30],"product_cat":[23],"product_tag":[],"class_list":{"0":"post-621","1":"product","2":"type-product","3":"status-publish","4":"has-post-thumbnail","6":"product_brand-canijess","7":"product_cat-accessoires-et-jouets-pour-chiens","9":"first","10":"outofstock","11":"shipping-taxable","12":"purchasable","13":"product-type-simple"},"yoast_head":"<!-- This site is optimized with the Yoast SEO plugin v27.3 - https:\/\/yoast.com\/product\/yoast-seo-wordpress\/ -->\n<title>tapis absorbants \u00e9ducateur chiot - CaniJess - Animalerie Maroc<\/title>\n<meta name=\"description\" content=\"Achetez votre tapis absorbants \u00e9ducateur chiot - CaniJess au meilleur prix au Maroc. Livraison rapide | Animalsouk.ma\" \/>\n<meta name=\"robots\" content=\"index, follow, max-snippet:-1, max-image-preview:large, max-video-preview:-1\" \/>\n<link rel=\"canonical\" href=\"https:\/\/www.animalsouk.ma\/animalerie-maroc\/produit\/tapis-absorbants-educateur-chiot-canijess\/\" \/>\n<meta property=\"og:locale\" content=\"fr_FR\" \/>\n<meta property=\"og:type\" content=\"article\" \/>\n<meta property=\"og:title\" content=\"tapis absorbants \u00e9ducateur chiot - CaniJess - Animalerie Maroc\" \/>\n<meta property=\"og:description\" content=\"Achetez votre tapis absorbants \u00e9ducateur chiot - CaniJess au meilleur prix au Maroc. Livraison rapide | Animalsouk.ma\" \/>\n<meta property=\"og:url\" content=\"https:\/\/www.animalsouk.ma\/animalerie-maroc\/produit\/tapis-absorbants-educateur-chiot-canijess\/\" \/>\n<meta property=\"og:site_name\" content=\"Animalerie Maroc\" \/>\n<meta property=\"article:publisher\" content=\"https:\/\/www.facebook.com\/animalsouk.ma\" \/>\n<meta property=\"article:modified_time\" content=\"2025-09-08T20:36:54+00:00\" \/>\n<meta property=\"og:image\" content=\"https:\/\/www.animalsouk.ma\/animalerie-maroc\/wp-content\/uploads\/2025\/08\/51d49af7b2cdb852bded02b3102021ea.jpg\" \/>\n\t<meta property=\"og:image:width\" content=\"700\" \/>\n\t<meta property=\"og:image:height\" content=\"475\" \/>\n\t<meta property=\"og:image:type\" content=\"image\/jpeg\" \/>\n<meta name=\"twitter:card\" content=\"summary_large_image\" \/>\n<meta name=\"twitter:label1\" content=\"Dur\u00e9e de lecture estim\u00e9e\" \/>\n\t<meta name=\"twitter:data1\" content=\"1 minute\" \/>\n<script type=\"application\/ld+json\" class=\"yoast-schema-graph\">{\"@context\":\"https:\\\/\\\/schema.org\",\"@graph\":[{\"@type\":\"WebPage\",\"@id\":\"https:\\\/\\\/www.animalsouk.ma\\\/animalerie-maroc\\\/produit\\\/tapis-absorbants-educateur-chiot-canijess\\\/\",\"url\":\"https:\\\/\\\/www.animalsouk.ma\\\/animalerie-maroc\\\/produit\\\/tapis-absorbants-educateur-chiot-canijess\\\/\",\"name\":\"tapis absorbants \u00e9ducateur chiot - CaniJess - Animalerie Maroc\",\"isPartOf\":{\"@id\":\"https:\\\/\\\/www.animalsouk.ma\\\/animalerie-maroc\\\/#website\"},\"primaryImageOfPage\":{\"@id\":\"https:\\\/\\\/www.animalsouk.ma\\\/animalerie-maroc\\\/produit\\\/tapis-absorbants-educateur-chiot-canijess\\\/#primaryimage\"},\"image\":{\"@id\":\"https:\\\/\\\/www.animalsouk.ma\\\/animalerie-maroc\\\/produit\\\/tapis-absorbants-educateur-chiot-canijess\\\/#primaryimage\"},\"thumbnailUrl\":\"https:\\\/\\\/www.animalsouk.ma\\\/animalerie-maroc\\\/wp-content\\\/uploads\\\/2025\\\/08\\\/51d49af7b2cdb852bded02b3102021ea.jpg\",\"datePublished\":\"2025-08-28T23:41:43+00:00\",\"dateModified\":\"2025-09-08T20:36:54+00:00\",\"description\":\"Achetez votre tapis absorbants \u00e9ducateur chiot - CaniJess au meilleur prix au Maroc. Livraison rapide | Animalsouk.ma\",\"breadcrumb\":{\"@id\":\"https:\\\/\\\/www.animalsouk.ma\\\/animalerie-maroc\\\/produit\\\/tapis-absorbants-educateur-chiot-canijess\\\/#breadcrumb\"},\"inLanguage\":\"fr-FR\",\"potentialAction\":[{\"@type\":\"ReadAction\",\"target\":[\"https:\\\/\\\/www.animalsouk.ma\\\/animalerie-maroc\\\/produit\\\/tapis-absorbants-educateur-chiot-canijess\\\/\"]}]},{\"@type\":\"ImageObject\",\"inLanguage\":\"fr-FR\",\"@id\":\"https:\\\/\\\/www.animalsouk.ma\\\/animalerie-maroc\\\/produit\\\/tapis-absorbants-educateur-chiot-canijess\\\/#primaryimage\",\"url\":\"https:\\\/\\\/www.animalsouk.ma\\\/animalerie-maroc\\\/wp-content\\\/uploads\\\/2025\\\/08\\\/51d49af7b2cdb852bded02b3102021ea.jpg\",\"contentUrl\":\"https:\\\/\\\/www.animalsouk.ma\\\/animalerie-maroc\\\/wp-content\\\/uploads\\\/2025\\\/08\\\/51d49af7b2cdb852bded02b3102021ea.jpg\",\"width\":700,\"height\":475,\"caption\":\"tapis absorbants \u00e9ducateur chiot - CaniJess\"},{\"@type\":\"BreadcrumbList\",\"@id\":\"https:\\\/\\\/www.animalsouk.ma\\\/animalerie-maroc\\\/produit\\\/tapis-absorbants-educateur-chiot-canijess\\\/#breadcrumb\",\"itemListElement\":[{\"@type\":\"ListItem\",\"position\":1,\"name\":\"Home\",\"item\":\"https:\\\/\\\/www.animalsouk.ma\\\/animalerie-maroc\\\/\"},{\"@type\":\"ListItem\",\"position\":2,\"name\":\"Boutique\",\"item\":\"https:\\\/\\\/www.animalsouk.ma\\\/animalerie-maroc\\\/boutique\\\/\"},{\"@type\":\"ListItem\",\"position\":3,\"name\":\"tapis absorbants \u00e9ducateur chiot &#8211; CaniJess\"}]},{\"@type\":\"WebSite\",\"@id\":\"https:\\\/\\\/www.animalsouk.ma\\\/animalerie-maroc\\\/#website\",\"url\":\"https:\\\/\\\/www.animalsouk.ma\\\/animalerie-maroc\\\/\",\"name\":\"Animalerie de casablanca\",\"description\":\"\",\"publisher\":{\"@id\":\"https:\\\/\\\/www.animalsouk.ma\\\/animalerie-maroc\\\/#organization\"},\"potentialAction\":[{\"@type\":\"SearchAction\",\"target\":{\"@type\":\"EntryPoint\",\"urlTemplate\":\"https:\\\/\\\/www.animalsouk.ma\\\/animalerie-maroc\\\/?s={search_term_string}\"},\"query-input\":{\"@type\":\"PropertyValueSpecification\",\"valueRequired\":true,\"valueName\":\"search_term_string\"}}],\"inLanguage\":\"fr-FR\"},{\"@type\":\"Organization\",\"@id\":\"https:\\\/\\\/www.animalsouk.ma\\\/animalerie-maroc\\\/#organization\",\"name\":\"Animalerie de casablanca\",\"url\":\"https:\\\/\\\/www.animalsouk.ma\\\/animalerie-maroc\\\/\",\"logo\":{\"@type\":\"ImageObject\",\"inLanguage\":\"fr-FR\",\"@id\":\"https:\\\/\\\/www.animalsouk.ma\\\/animalerie-maroc\\\/#\\\/schema\\\/logo\\\/image\\\/\",\"url\":\"https:\\\/\\\/www.animalsouk.ma\\\/animalerie-maroc\\\/wp-content\\\/uploads\\\/2025\\\/10\\\/animalsouk.ma-logo.png\",\"contentUrl\":\"https:\\\/\\\/www.animalsouk.ma\\\/animalerie-maroc\\\/wp-content\\\/uploads\\\/2025\\\/10\\\/animalsouk.ma-logo.png\",\"width\":760,\"height\":231,\"caption\":\"Animalerie de casablanca\"},\"image\":{\"@id\":\"https:\\\/\\\/www.animalsouk.ma\\\/animalerie-maroc\\\/#\\\/schema\\\/logo\\\/image\\\/\"},\"sameAs\":[\"https:\\\/\\\/www.facebook.com\\\/animalsouk.ma\",\"https:\\\/\\\/www.instagram.com\\\/animalsouk.ma\"]}]}<\/script>\n<!-- \/ Yoast SEO plugin. -->","yoast_head_json":{"title":"tapis absorbants \u00e9ducateur chiot - CaniJess - Animalerie Maroc","description":"Achetez votre tapis absorbants \u00e9ducateur chiot - CaniJess au meilleur prix au Maroc. Livraison rapide | Animalsouk.ma","robots":{"index":"index","follow":"follow","max-snippet":"max-snippet:-1","max-image-preview":"max-image-preview:large","max-video-preview":"max-video-preview:-1"},"canonical":"https:\/\/www.animalsouk.ma\/animalerie-maroc\/produit\/tapis-absorbants-educateur-chiot-canijess\/","og_locale":"fr_FR","og_type":"article","og_title":"tapis absorbants \u00e9ducateur chiot - CaniJess - Animalerie Maroc","og_description":"Achetez votre tapis absorbants \u00e9ducateur chiot - CaniJess au meilleur prix au Maroc. Livraison rapide | Animalsouk.ma","og_url":"https:\/\/www.animalsouk.ma\/animalerie-maroc\/produit\/tapis-absorbants-educateur-chiot-canijess\/","og_site_name":"Animalerie Maroc","article_publisher":"https:\/\/www.facebook.com\/animalsouk.ma","article_modified_time":"2025-09-08T20:36:54+00:00","og_image":[{"width":700,"height":475,"url":"https:\/\/www.animalsouk.ma\/animalerie-maroc\/wp-content\/uploads\/2025\/08\/51d49af7b2cdb852bded02b3102021ea.jpg","type":"image\/jpeg"}],"twitter_card":"summary_large_image","twitter_misc":{"Dur\u00e9e de lecture estim\u00e9e":"1 minute"},"schema":{"@context":"https:\/\/schema.org","@graph":[{"@type":"WebPage","@id":"https:\/\/www.animalsouk.ma\/animalerie-maroc\/produit\/tapis-absorbants-educateur-chiot-canijess\/","url":"https:\/\/www.animalsouk.ma\/animalerie-maroc\/produit\/tapis-absorbants-educateur-chiot-canijess\/","name":"tapis absorbants \u00e9ducateur chiot - CaniJess - Animalerie Maroc","isPartOf":{"@id":"https:\/\/www.animalsouk.ma\/animalerie-maroc\/#website"},"primaryImageOfPage":{"@id":"https:\/\/www.animalsouk.ma\/animalerie-maroc\/produit\/tapis-absorbants-educateur-chiot-canijess\/#primaryimage"},"image":{"@id":"https:\/\/www.animalsouk.ma\/animalerie-maroc\/produit\/tapis-absorbants-educateur-chiot-canijess\/#primaryimage"},"thumbnailUrl":"https:\/\/www.animalsouk.ma\/animalerie-maroc\/wp-content\/uploads\/2025\/08\/51d49af7b2cdb852bded02b3102021ea.jpg","datePublished":"2025-08-28T23:41:43+00:00","dateModified":"2025-09-08T20:36:54+00:00","description":"Achetez votre tapis absorbants \u00e9ducateur chiot - CaniJess au meilleur prix au Maroc. Livraison rapide | Animalsouk.ma","breadcrumb":{"@id":"https:\/\/www.animalsouk.ma\/animalerie-maroc\/produit\/tapis-absorbants-educateur-chiot-canijess\/#breadcrumb"},"inLanguage":"fr-FR","potentialAction":[{"@type":"ReadAction","target":["https:\/\/www.animalsouk.ma\/animalerie-maroc\/produit\/tapis-absorbants-educateur-chiot-canijess\/"]}]},{"@type":"ImageObject","inLanguage":"fr-FR","@id":"https:\/\/www.animalsouk.ma\/animalerie-maroc\/produit\/tapis-absorbants-educateur-chiot-canijess\/#primaryimage","url":"https:\/\/www.animalsouk.ma\/animalerie-maroc\/wp-content\/uploads\/2025\/08\/51d49af7b2cdb852bded02b3102021ea.jpg","contentUrl":"https:\/\/www.animalsouk.ma\/animalerie-maroc\/wp-content\/uploads\/2025\/08\/51d49af7b2cdb852bded02b3102021ea.jpg","width":700,"height":475,"caption":"tapis absorbants \u00e9ducateur chiot - CaniJess"},{"@type":"BreadcrumbList","@id":"https:\/\/www.animalsouk.ma\/animalerie-maroc\/produit\/tapis-absorbants-educateur-chiot-canijess\/#breadcrumb","itemListElement":[{"@type":"ListItem","position":1,"name":"Home","item":"https:\/\/www.animalsouk.ma\/animalerie-maroc\/"},{"@type":"ListItem","position":2,"name":"Boutique","item":"https:\/\/www.animalsouk.ma\/animalerie-maroc\/boutique\/"},{"@type":"ListItem","position":3,"name":"tapis absorbants \u00e9ducateur chiot &#8211; CaniJess"}]},{"@type":"WebSite","@id":"https:\/\/www.animalsouk.ma\/animalerie-maroc\/#website","url":"https:\/\/www.animalsouk.ma\/animalerie-maroc\/","name":"Animalerie de casablanca","description":"","publisher":{"@id":"https:\/\/www.animalsouk.ma\/animalerie-maroc\/#organization"},"potentialAction":[{"@type":"SearchAction","target":{"@type":"EntryPoint","urlTemplate":"https:\/\/www.animalsouk.ma\/animalerie-maroc\/?s={search_term_string}"},"query-input":{"@type":"PropertyValueSpecification","valueRequired":true,"valueName":"search_term_string"}}],"inLanguage":"fr-FR"},{"@type":"Organization","@id":"https:\/\/www.animalsouk.ma\/animalerie-maroc\/#organization","name":"Animalerie de casablanca","url":"https:\/\/www.animalsouk.ma\/animalerie-maroc\/","logo":{"@type":"ImageObject","inLanguage":"fr-FR","@id":"https:\/\/www.animalsouk.ma\/animalerie-maroc\/#\/schema\/logo\/image\/","url":"https:\/\/www.animalsouk.ma\/animalerie-maroc\/wp-content\/uploads\/2025\/10\/animalsouk.ma-logo.png","contentUrl":"https:\/\/www.animalsouk.ma\/animalerie-maroc\/wp-content\/uploads\/2025\/10\/animalsouk.ma-logo.png","width":760,"height":231,"caption":"Animalerie de casablanca"},"image":{"@id":"https:\/\/www.animalsouk.ma\/animalerie-maroc\/#\/schema\/logo\/image\/"},"sameAs":["https:\/\/www.facebook.com\/animalsouk.ma","https:\/\/www.instagram.com\/animalsouk.ma"]}]}},"_links":{"self":[{"href":"https:\/\/www.animalsouk.ma\/animalerie-maroc\/wp-json\/wp\/v2\/product\/621","targetHints":{"allow":["GET"]}}],"collection":[{"href":"https:\/\/www.animalsouk.ma\/animalerie-maroc\/wp-json\/wp\/v2\/product"}],"about":[{"href":"https:\/\/www.animalsouk.ma\/animalerie-maroc\/wp-json\/wp\/v2\/types\/product"}],"wp:featuredmedia":[{"embeddable":true,"href":"https:\/\/www.animalsouk.ma\/animalerie-maroc\/wp-json\/wp\/v2\/media\/620"}],"wp:attachment":[{"href":"https:\/\/www.animalsouk.ma\/animalerie-maroc\/wp-json\/wp\/v2\/media?parent=621"}],"wp:term":[{"taxonomy":"product_brand","embeddable":true,"href":"https:\/\/www.animalsouk.ma\/animalerie-maroc\/wp-json\/wp\/v2\/product_brand?post=621"},{"taxonomy":"product_cat","embeddable":true,"href":"https:\/\/www.animalsouk.ma\/animalerie-maroc\/wp-json\/wp\/v2\/product_cat?post=621"},{"taxonomy":"product_tag","embeddable":true,"href":"https:\/\/www.animalsouk.ma\/animalerie-maroc\/wp-json\/wp\/v2\/product_tag?post=621"}],"curies":[{"name":"wp","href":"https:\/\/api.w.org\/{rel}","templated":true}]}}