{"id":619,"date":"2025-08-29T01:41:43","date_gmt":"2025-08-28T23:41:43","guid":{"rendered":"https:\/\/www.animalsouk.ma\/animalerie\/product\/broadline-vermifuge-et-antiparasitaire-pour-chaton\/"},"modified":"2025-11-04T13:32:28","modified_gmt":"2025-11-04T12:32:28","slug":"broadline-vermifuge-et-antiparasitaire-pour-chaton","status":"publish","type":"product","link":"https:\/\/www.animalsouk.ma\/animalerie-maroc\/produit\/broadline-vermifuge-et-antiparasitaire-pour-chaton\/","title":{"rendered":"Broadline vermifuge et antiparasitaire pour chaton"},"content":{"rendered":"<p>BROADLINE prot\u00e8ge votre chat contre les parasites internes et externes en une seule dose mensuelle facile \u00e0 administrer.<\/p>\n<p>Des \u00e9tudes approfondies ont prouv\u00e9 la s\u00e9curit\u00e9 et l&rsquo;efficacit\u00e9 de BROADLINE.<\/p>\n<p>En tant que propri\u00e9taire de chat, soyez rassur\u00e9 : vous lui offrez la meilleure protection possible, \u00e0 l&rsquo;int\u00e9rieur comme \u00e0 l&rsquo;ext\u00e9rieur.<\/p>\n<p>BROADLINE contient quatre ingr\u00e9dients actifs : fipronil, (S)-m\u00e9thopr\u00e8ne, eprinomectine et praziquantel.<\/p>\n<p>Le contenu d&rsquo;un applicateur complet (adapt\u00e9 au poids du chat) est appliqu\u00e9 directement sur la peau du chat apr\u00e8s avoir s\u00e9par\u00e9 les poils, en un point du milieu du cou.<\/p>\n<p>BROADLINE est utilis\u00e9 pour traiter les t\u00e9nias, les ascaris et les puces et tiques.<\/p>\n<p>Pour les puces et les tiques, BROADLINE traite les infestations de puces et pr\u00e9vient les nouvelles infestations pendant au moins un mois ; il pr\u00e9vient \u00e9galement la contamination environnementale par les puces pendant plus d&rsquo;un mois. Il peut \u00e9galement \u00eatre utilis\u00e9 dans le cadre d&rsquo;une strat\u00e9gie de traitement de la dermatite allergique aux puces (r\u00e9action allergique aux piq\u00fbres de puces). Il traite les infestations par les tiques et pr\u00e9vient les nouvelles infestations pendant trois semaines au maximum.<\/p>\n<p>Pour les vers, BROADLINE est utilis\u00e9 pour traiter les t\u00e9nias et les vers ronds gastro-intestinaux ainsi qu&rsquo;un type de ver qui infeste la vessie. Il peut \u00e9galement \u00eatre utilis\u00e9 pour pr\u00e9venir la maladie du ver du c\u0153ur pendant un mois.<\/p>\n<p>Il est disponible en deux tailles diff\u00e9rentes, Broadline pour les petits chats de moins de 2,5 kg (5,5 lbs) et Broadline pour les chats de 2,5 \u00e0 7,5 kg (5,5 \u00e0 16,5 lbs).<\/p>\n<p>Mode d&#8217;emploi de BROADLINE Spot On pour chats :<\/p>\n<p>Pour l&rsquo;application, tirez l\u00e9g\u00e8rement sur le piston, retirez le capuchon, placez l&rsquo;extr\u00e9mit\u00e9 de l&rsquo;applicateur sur la peau et appliquez le contenu directement sur la peau en un point de la ligne m\u00e9diane du cou, entre la base du cr\u00e2ne et les omoplates. Le contenu d&rsquo;un applicateur complet (adapt\u00e9 au poids du chat) est appliqu\u00e9 directement sur la peau du chat apr\u00e8s avoir s\u00e9par\u00e9 les poils, en un point du milieu du cou. Apr\u00e8s l&rsquo;application, il y aura une petite tache collante, qui peut prendre 1 ou 2 jours pour dispara\u00eetre.<\/p>\n<p>BROADLINE est le seul produit de contr\u00f4le des puces et des tiques pour chats qui tue les vers ronds, les ankylostomes et les t\u00e9nias dans un seul applicateur topique facile \u00e0 utiliser.<\/p>\n<p>BROADLINE tuera les puces nouvellement acquises sur votre chat en 8 \u00e0 24 heures<\/p>\n<p>Pour appliquer BROADLINE, tirez l\u00e9g\u00e8rement le piston vers l\u2019arri\u00e8re, retirez le capuchon, placez l\u2019embout de l\u2019applicateur sur la peau. Appliquez le contenu directement sur la peau en un seul endroit sur la ligne m\u00e9diane du cou entre la base du cr\u00e2ne et les omoplates. Reportez-vous \u00e0 la notice avant utilisation.<\/p>\n<p>La solution pour spot-on BROADLINE pour chats 0,3 ml peut \u00eatre utilis\u00e9e sur les chats pesant 2,5 kg jusqu\u2019\u00e0 7,5Kg.<\/p>\n<p>BROADLINE peut \u00eatre utilis\u00e9 dans le cadre d\u2019un programme de vermifugation saisonnier ou syst\u00e9matiquement toutes les 4 \u00e0 6 semaines pour le contr\u00f4le des parasites externes et internes.<\/p>\n","protected":false},"excerpt":{"rendered":"<p>BROADLINE prot\u00e8ge votre chat contre les parasites internes et externes en une seule dose mensuelle facile \u00e0 administrer. Des \u00e9tudes approfondies ont prouv\u00e9 la s\u00e9curit\u00e9 et l&rsquo;efficacit\u00e9 de BROADLINE. En tant que propri\u00e9taire de chat, soyez rassur\u00e9 : vous lui offrez la meilleure protection possible, \u00e0 l&rsquo;int\u00e9rieur comme \u00e0 l&rsquo;ext\u00e9rieur. BROADLINE contient quatre ingr\u00e9dients actifs [&#8230;]\n","protected":false},"featured_media":618,"template":"","meta":[],"product_brand":[],"product_cat":[70],"product_tag":[],"class_list":{"0":"post-619","1":"product","2":"type-product","3":"status-publish","4":"has-post-thumbnail","6":"product_cat-vermifuges-et-antiparasitaires","8":"first","9":"outofstock","10":"shipping-taxable","11":"purchasable","12":"product-type-simple"},"yoast_head":"<!-- This site is optimized with the Yoast SEO plugin v27.3 - https:\/\/yoast.com\/product\/yoast-seo-wordpress\/ -->\n<title>Broadline vermifuge et antiparasitaire pour chaton - Animalerie Maroc<\/title>\n<meta name=\"description\" content=\"Achetez votre Broadline vermifuge et antiparasitaire pour chaton au meilleur prix au Maroc. Livraison rapide | Animalsouk.ma\" \/>\n<meta name=\"robots\" content=\"index, follow, max-snippet:-1, max-image-preview:large, max-video-preview:-1\" \/>\n<link rel=\"canonical\" href=\"https:\/\/www.animalsouk.ma\/animalerie-maroc\/produit\/broadline-vermifuge-et-antiparasitaire-pour-chaton\/\" \/>\n<meta property=\"og:locale\" content=\"fr_FR\" \/>\n<meta property=\"og:type\" content=\"article\" \/>\n<meta property=\"og:title\" content=\"Broadline vermifuge et antiparasitaire pour chaton - Animalerie Maroc\" \/>\n<meta property=\"og:description\" content=\"Achetez votre Broadline vermifuge et antiparasitaire pour chaton au meilleur prix au Maroc. Livraison rapide | Animalsouk.ma\" \/>\n<meta property=\"og:url\" content=\"https:\/\/www.animalsouk.ma\/animalerie-maroc\/produit\/broadline-vermifuge-et-antiparasitaire-pour-chaton\/\" \/>\n<meta property=\"og:site_name\" content=\"Animalerie Maroc\" \/>\n<meta property=\"article:publisher\" content=\"https:\/\/www.facebook.com\/animalsouk.ma\" \/>\n<meta property=\"article:modified_time\" content=\"2025-11-04T12:32:28+00:00\" \/>\n<meta property=\"og:image\" content=\"https:\/\/www.animalsouk.ma\/animalerie-maroc\/wp-content\/uploads\/2025\/08\/0d7fc8b535ed719348cce254db480199.jpg\" \/>\n\t<meta property=\"og:image:width\" content=\"700\" \/>\n\t<meta property=\"og:image:height\" content=\"700\" \/>\n\t<meta property=\"og:image:type\" content=\"image\/jpeg\" \/>\n<meta name=\"twitter:card\" content=\"summary_large_image\" \/>\n<meta name=\"twitter:label1\" content=\"Dur\u00e9e de lecture estim\u00e9e\" \/>\n\t<meta name=\"twitter:data1\" content=\"3 minutes\" \/>\n<script type=\"application\/ld+json\" class=\"yoast-schema-graph\">{\"@context\":\"https:\\\/\\\/schema.org\",\"@graph\":[{\"@type\":\"WebPage\",\"@id\":\"https:\\\/\\\/www.animalsouk.ma\\\/animalerie-maroc\\\/produit\\\/broadline-vermifuge-et-antiparasitaire-pour-chaton\\\/\",\"url\":\"https:\\\/\\\/www.animalsouk.ma\\\/animalerie-maroc\\\/produit\\\/broadline-vermifuge-et-antiparasitaire-pour-chaton\\\/\",\"name\":\"Broadline vermifuge et antiparasitaire pour chaton - Animalerie Maroc\",\"isPartOf\":{\"@id\":\"https:\\\/\\\/www.animalsouk.ma\\\/animalerie-maroc\\\/#website\"},\"primaryImageOfPage\":{\"@id\":\"https:\\\/\\\/www.animalsouk.ma\\\/animalerie-maroc\\\/produit\\\/broadline-vermifuge-et-antiparasitaire-pour-chaton\\\/#primaryimage\"},\"image\":{\"@id\":\"https:\\\/\\\/www.animalsouk.ma\\\/animalerie-maroc\\\/produit\\\/broadline-vermifuge-et-antiparasitaire-pour-chaton\\\/#primaryimage\"},\"thumbnailUrl\":\"https:\\\/\\\/www.animalsouk.ma\\\/animalerie-maroc\\\/wp-content\\\/uploads\\\/2025\\\/08\\\/0d7fc8b535ed719348cce254db480199.jpg\",\"datePublished\":\"2025-08-28T23:41:43+00:00\",\"dateModified\":\"2025-11-04T12:32:28+00:00\",\"description\":\"Achetez votre Broadline vermifuge et antiparasitaire pour chaton au meilleur prix au Maroc. Livraison rapide | Animalsouk.ma\",\"breadcrumb\":{\"@id\":\"https:\\\/\\\/www.animalsouk.ma\\\/animalerie-maroc\\\/produit\\\/broadline-vermifuge-et-antiparasitaire-pour-chaton\\\/#breadcrumb\"},\"inLanguage\":\"fr-FR\",\"potentialAction\":[{\"@type\":\"ReadAction\",\"target\":[\"https:\\\/\\\/www.animalsouk.ma\\\/animalerie-maroc\\\/produit\\\/broadline-vermifuge-et-antiparasitaire-pour-chaton\\\/\"]}]},{\"@type\":\"ImageObject\",\"inLanguage\":\"fr-FR\",\"@id\":\"https:\\\/\\\/www.animalsouk.ma\\\/animalerie-maroc\\\/produit\\\/broadline-vermifuge-et-antiparasitaire-pour-chaton\\\/#primaryimage\",\"url\":\"https:\\\/\\\/www.animalsouk.ma\\\/animalerie-maroc\\\/wp-content\\\/uploads\\\/2025\\\/08\\\/0d7fc8b535ed719348cce254db480199.jpg\",\"contentUrl\":\"https:\\\/\\\/www.animalsouk.ma\\\/animalerie-maroc\\\/wp-content\\\/uploads\\\/2025\\\/08\\\/0d7fc8b535ed719348cce254db480199.jpg\",\"width\":700,\"height\":700,\"caption\":\"Broadline vermifuge et antiparasitaire pour chaton\"},{\"@type\":\"BreadcrumbList\",\"@id\":\"https:\\\/\\\/www.animalsouk.ma\\\/animalerie-maroc\\\/produit\\\/broadline-vermifuge-et-antiparasitaire-pour-chaton\\\/#breadcrumb\",\"itemListElement\":[{\"@type\":\"ListItem\",\"position\":1,\"name\":\"Home\",\"item\":\"https:\\\/\\\/www.animalsouk.ma\\\/animalerie-maroc\\\/\"},{\"@type\":\"ListItem\",\"position\":2,\"name\":\"Boutique\",\"item\":\"https:\\\/\\\/www.animalsouk.ma\\\/animalerie-maroc\\\/boutique\\\/\"},{\"@type\":\"ListItem\",\"position\":3,\"name\":\"Broadline vermifuge et antiparasitaire pour chaton\"}]},{\"@type\":\"WebSite\",\"@id\":\"https:\\\/\\\/www.animalsouk.ma\\\/animalerie-maroc\\\/#website\",\"url\":\"https:\\\/\\\/www.animalsouk.ma\\\/animalerie-maroc\\\/\",\"name\":\"Animalerie de casablanca\",\"description\":\"\",\"publisher\":{\"@id\":\"https:\\\/\\\/www.animalsouk.ma\\\/animalerie-maroc\\\/#organization\"},\"potentialAction\":[{\"@type\":\"SearchAction\",\"target\":{\"@type\":\"EntryPoint\",\"urlTemplate\":\"https:\\\/\\\/www.animalsouk.ma\\\/animalerie-maroc\\\/?s={search_term_string}\"},\"query-input\":{\"@type\":\"PropertyValueSpecification\",\"valueRequired\":true,\"valueName\":\"search_term_string\"}}],\"inLanguage\":\"fr-FR\"},{\"@type\":\"Organization\",\"@id\":\"https:\\\/\\\/www.animalsouk.ma\\\/animalerie-maroc\\\/#organization\",\"name\":\"Animalerie de casablanca\",\"url\":\"https:\\\/\\\/www.animalsouk.ma\\\/animalerie-maroc\\\/\",\"logo\":{\"@type\":\"ImageObject\",\"inLanguage\":\"fr-FR\",\"@id\":\"https:\\\/\\\/www.animalsouk.ma\\\/animalerie-maroc\\\/#\\\/schema\\\/logo\\\/image\\\/\",\"url\":\"https:\\\/\\\/www.animalsouk.ma\\\/animalerie-maroc\\\/wp-content\\\/uploads\\\/2025\\\/10\\\/animalsouk.ma-logo.png\",\"contentUrl\":\"https:\\\/\\\/www.animalsouk.ma\\\/animalerie-maroc\\\/wp-content\\\/uploads\\\/2025\\\/10\\\/animalsouk.ma-logo.png\",\"width\":760,\"height\":231,\"caption\":\"Animalerie de casablanca\"},\"image\":{\"@id\":\"https:\\\/\\\/www.animalsouk.ma\\\/animalerie-maroc\\\/#\\\/schema\\\/logo\\\/image\\\/\"},\"sameAs\":[\"https:\\\/\\\/www.facebook.com\\\/animalsouk.ma\",\"https:\\\/\\\/www.instagram.com\\\/animalsouk.ma\"]}]}<\/script>\n<!-- \/ Yoast SEO plugin. -->","yoast_head_json":{"title":"Broadline vermifuge et antiparasitaire pour chaton - Animalerie Maroc","description":"Achetez votre Broadline vermifuge et antiparasitaire pour chaton au meilleur prix au Maroc. Livraison rapide | Animalsouk.ma","robots":{"index":"index","follow":"follow","max-snippet":"max-snippet:-1","max-image-preview":"max-image-preview:large","max-video-preview":"max-video-preview:-1"},"canonical":"https:\/\/www.animalsouk.ma\/animalerie-maroc\/produit\/broadline-vermifuge-et-antiparasitaire-pour-chaton\/","og_locale":"fr_FR","og_type":"article","og_title":"Broadline vermifuge et antiparasitaire pour chaton - Animalerie Maroc","og_description":"Achetez votre Broadline vermifuge et antiparasitaire pour chaton au meilleur prix au Maroc. Livraison rapide | Animalsouk.ma","og_url":"https:\/\/www.animalsouk.ma\/animalerie-maroc\/produit\/broadline-vermifuge-et-antiparasitaire-pour-chaton\/","og_site_name":"Animalerie Maroc","article_publisher":"https:\/\/www.facebook.com\/animalsouk.ma","article_modified_time":"2025-11-04T12:32:28+00:00","og_image":[{"width":700,"height":700,"url":"https:\/\/www.animalsouk.ma\/animalerie-maroc\/wp-content\/uploads\/2025\/08\/0d7fc8b535ed719348cce254db480199.jpg","type":"image\/jpeg"}],"twitter_card":"summary_large_image","twitter_misc":{"Dur\u00e9e de lecture estim\u00e9e":"3 minutes"},"schema":{"@context":"https:\/\/schema.org","@graph":[{"@type":"WebPage","@id":"https:\/\/www.animalsouk.ma\/animalerie-maroc\/produit\/broadline-vermifuge-et-antiparasitaire-pour-chaton\/","url":"https:\/\/www.animalsouk.ma\/animalerie-maroc\/produit\/broadline-vermifuge-et-antiparasitaire-pour-chaton\/","name":"Broadline vermifuge et antiparasitaire pour chaton - Animalerie Maroc","isPartOf":{"@id":"https:\/\/www.animalsouk.ma\/animalerie-maroc\/#website"},"primaryImageOfPage":{"@id":"https:\/\/www.animalsouk.ma\/animalerie-maroc\/produit\/broadline-vermifuge-et-antiparasitaire-pour-chaton\/#primaryimage"},"image":{"@id":"https:\/\/www.animalsouk.ma\/animalerie-maroc\/produit\/broadline-vermifuge-et-antiparasitaire-pour-chaton\/#primaryimage"},"thumbnailUrl":"https:\/\/www.animalsouk.ma\/animalerie-maroc\/wp-content\/uploads\/2025\/08\/0d7fc8b535ed719348cce254db480199.jpg","datePublished":"2025-08-28T23:41:43+00:00","dateModified":"2025-11-04T12:32:28+00:00","description":"Achetez votre Broadline vermifuge et antiparasitaire pour chaton au meilleur prix au Maroc. Livraison rapide | Animalsouk.ma","breadcrumb":{"@id":"https:\/\/www.animalsouk.ma\/animalerie-maroc\/produit\/broadline-vermifuge-et-antiparasitaire-pour-chaton\/#breadcrumb"},"inLanguage":"fr-FR","potentialAction":[{"@type":"ReadAction","target":["https:\/\/www.animalsouk.ma\/animalerie-maroc\/produit\/broadline-vermifuge-et-antiparasitaire-pour-chaton\/"]}]},{"@type":"ImageObject","inLanguage":"fr-FR","@id":"https:\/\/www.animalsouk.ma\/animalerie-maroc\/produit\/broadline-vermifuge-et-antiparasitaire-pour-chaton\/#primaryimage","url":"https:\/\/www.animalsouk.ma\/animalerie-maroc\/wp-content\/uploads\/2025\/08\/0d7fc8b535ed719348cce254db480199.jpg","contentUrl":"https:\/\/www.animalsouk.ma\/animalerie-maroc\/wp-content\/uploads\/2025\/08\/0d7fc8b535ed719348cce254db480199.jpg","width":700,"height":700,"caption":"Broadline vermifuge et antiparasitaire pour chaton"},{"@type":"BreadcrumbList","@id":"https:\/\/www.animalsouk.ma\/animalerie-maroc\/produit\/broadline-vermifuge-et-antiparasitaire-pour-chaton\/#breadcrumb","itemListElement":[{"@type":"ListItem","position":1,"name":"Home","item":"https:\/\/www.animalsouk.ma\/animalerie-maroc\/"},{"@type":"ListItem","position":2,"name":"Boutique","item":"https:\/\/www.animalsouk.ma\/animalerie-maroc\/boutique\/"},{"@type":"ListItem","position":3,"name":"Broadline vermifuge et antiparasitaire pour chaton"}]},{"@type":"WebSite","@id":"https:\/\/www.animalsouk.ma\/animalerie-maroc\/#website","url":"https:\/\/www.animalsouk.ma\/animalerie-maroc\/","name":"Animalerie de casablanca","description":"","publisher":{"@id":"https:\/\/www.animalsouk.ma\/animalerie-maroc\/#organization"},"potentialAction":[{"@type":"SearchAction","target":{"@type":"EntryPoint","urlTemplate":"https:\/\/www.animalsouk.ma\/animalerie-maroc\/?s={search_term_string}"},"query-input":{"@type":"PropertyValueSpecification","valueRequired":true,"valueName":"search_term_string"}}],"inLanguage":"fr-FR"},{"@type":"Organization","@id":"https:\/\/www.animalsouk.ma\/animalerie-maroc\/#organization","name":"Animalerie de casablanca","url":"https:\/\/www.animalsouk.ma\/animalerie-maroc\/","logo":{"@type":"ImageObject","inLanguage":"fr-FR","@id":"https:\/\/www.animalsouk.ma\/animalerie-maroc\/#\/schema\/logo\/image\/","url":"https:\/\/www.animalsouk.ma\/animalerie-maroc\/wp-content\/uploads\/2025\/10\/animalsouk.ma-logo.png","contentUrl":"https:\/\/www.animalsouk.ma\/animalerie-maroc\/wp-content\/uploads\/2025\/10\/animalsouk.ma-logo.png","width":760,"height":231,"caption":"Animalerie de casablanca"},"image":{"@id":"https:\/\/www.animalsouk.ma\/animalerie-maroc\/#\/schema\/logo\/image\/"},"sameAs":["https:\/\/www.facebook.com\/animalsouk.ma","https:\/\/www.instagram.com\/animalsouk.ma"]}]}},"_links":{"self":[{"href":"https:\/\/www.animalsouk.ma\/animalerie-maroc\/wp-json\/wp\/v2\/product\/619","targetHints":{"allow":["GET"]}}],"collection":[{"href":"https:\/\/www.animalsouk.ma\/animalerie-maroc\/wp-json\/wp\/v2\/product"}],"about":[{"href":"https:\/\/www.animalsouk.ma\/animalerie-maroc\/wp-json\/wp\/v2\/types\/product"}],"wp:featuredmedia":[{"embeddable":true,"href":"https:\/\/www.animalsouk.ma\/animalerie-maroc\/wp-json\/wp\/v2\/media\/618"}],"wp:attachment":[{"href":"https:\/\/www.animalsouk.ma\/animalerie-maroc\/wp-json\/wp\/v2\/media?parent=619"}],"wp:term":[{"taxonomy":"product_brand","embeddable":true,"href":"https:\/\/www.animalsouk.ma\/animalerie-maroc\/wp-json\/wp\/v2\/product_brand?post=619"},{"taxonomy":"product_cat","embeddable":true,"href":"https:\/\/www.animalsouk.ma\/animalerie-maroc\/wp-json\/wp\/v2\/product_cat?post=619"},{"taxonomy":"product_tag","embeddable":true,"href":"https:\/\/www.animalsouk.ma\/animalerie-maroc\/wp-json\/wp\/v2\/product_tag?post=619"}],"curies":[{"name":"wp","href":"https:\/\/api.w.org\/{rel}","templated":true}]}}