{"id":580,"date":"2025-08-29T01:41:35","date_gmt":"2025-08-28T23:41:35","guid":{"rendered":"https:\/\/www.animalsouk.ma\/animalerie\/product\/croquettes-pour-chat-sterilise-grain-free-brit\/"},"modified":"2026-01-08T13:45:57","modified_gmt":"2026-01-08T12:45:57","slug":"croquettes-pour-chat-sterilise-grain-free-brit","status":"publish","type":"product","link":"https:\/\/www.animalsouk.ma\/animalerie-maroc\/produit\/croquettes-pour-chat-sterilise-grain-free-brit\/","title":{"rendered":"Croquettes pour chat st\u00e9rilis\u00e9 Grain free &#8211; BRIT"},"content":{"rendered":"<p>Aliment complet pour chats adultes et st\u00e9rilis\u00e9s sans c\u00e9r\u00e9ales.<br \/>\nLa formule hypoallerg\u00e9nique riche en fibres, en prot\u00e9ines et avec une teneur r\u00e9duite en mati\u00e8res grasses aide \u00e0 maintenir la sant\u00e9 du tube digestif et un poids corporel id\u00e9al. Les fruits et herbes contenus dans la recette sont riches en vitamines et en flavono\u00efdes et assureront \u00e0 votre chat une belle apparence, une longue vie et une vie en meilleure sant\u00e9.<\/p>\n<p>Du CANARD FRAIS \u2013 une viande di\u00e9t\u00e9tique parfaitement digestible riche en AGPI (acides gras polyinsatur\u00e9s), qui abaissent le taux de cholest\u00e9rol dans le corps.<br \/>\nLa FAIBLE TENEUR EN GRAISSE et en fibres solubles et insolubles aident \u00e0 maintenir un poids optimal.<br \/>\nL\u2018ARGOUSIER contribue \u00e0 la sant\u00e9 des reins et des voies urinaires. La faible teneur en magn\u00e9sium et en L-m\u00e9thionine aide \u00e0 maintenir un pH urinaire optimal de 6,0 \u00e0 6,5.<br \/>\nLa CAPUCINE est un antibiotique naturel. Elle agit pr\u00e9ventivement contre la formation de calculs urinaires chez les chats st\u00e9rilis\u00e9s et \u00e2g\u00e9s. Elle a de puissants effets antibact\u00e9riens et antiseptiques.<br \/>\nSANS c\u00e9r\u00e9ales &#8211; SANS colorants &#8211; SANS conservateurs &#8211; SANS OGM &#8211; SANS soja<\/p>\n","protected":false},"excerpt":{"rendered":"<p>Aliment complet pour chats adultes et st\u00e9rilis\u00e9s sans c\u00e9r\u00e9ales. La formule hypoallerg\u00e9nique riche en fibres, en prot\u00e9ines et avec une teneur r\u00e9duite en mati\u00e8res grasses aide \u00e0 maintenir la sant\u00e9 du tube digestif et un poids corporel id\u00e9al. Les fruits et herbes contenus dans la recette sont riches en vitamines et en flavono\u00efdes et assureront [&#8230;]\n","protected":false},"featured_media":579,"template":"","meta":[],"product_brand":[42],"product_cat":[18],"product_tag":[],"class_list":{"0":"post-580","1":"product","2":"type-product","3":"status-publish","4":"has-post-thumbnail","6":"product_brand-brit","7":"product_cat-alimentation-pour-chats","9":"first","10":"instock","11":"shipping-taxable","12":"purchasable","13":"product-type-simple"},"yoast_head":"<!-- This site is optimized with the Yoast SEO plugin v27.3 - https:\/\/yoast.com\/product\/yoast-seo-wordpress\/ -->\n<title>Croquettes pour chat st\u00e9rilis\u00e9 Grain free - BRIT - Animalerie Maroc<\/title>\n<meta name=\"description\" content=\"Achetez votre Croquettes pour chat st\u00e9rilis\u00e9 Grain free - BRIT au meilleur prix au Maroc. Livraison rapide | Animalsouk.ma\" \/>\n<meta name=\"robots\" content=\"index, follow, max-snippet:-1, max-image-preview:large, max-video-preview:-1\" \/>\n<link rel=\"canonical\" href=\"https:\/\/www.animalsouk.ma\/animalerie-maroc\/produit\/croquettes-pour-chat-sterilise-grain-free-brit\/\" \/>\n<meta property=\"og:locale\" content=\"fr_FR\" \/>\n<meta property=\"og:type\" content=\"article\" \/>\n<meta property=\"og:title\" content=\"Croquettes pour chat st\u00e9rilis\u00e9 Grain free - BRIT - Animalerie Maroc\" \/>\n<meta property=\"og:description\" content=\"Achetez votre Croquettes pour chat st\u00e9rilis\u00e9 Grain free - BRIT au meilleur prix au Maroc. Livraison rapide | Animalsouk.ma\" \/>\n<meta property=\"og:url\" content=\"https:\/\/www.animalsouk.ma\/animalerie-maroc\/produit\/croquettes-pour-chat-sterilise-grain-free-brit\/\" \/>\n<meta property=\"og:site_name\" content=\"Animalerie Maroc\" \/>\n<meta property=\"article:publisher\" content=\"https:\/\/www.facebook.com\/animalsouk.ma\" \/>\n<meta property=\"article:modified_time\" content=\"2026-01-08T12:45:57+00:00\" \/>\n<meta property=\"og:image\" content=\"https:\/\/www.animalsouk.ma\/animalerie-maroc\/wp-content\/uploads\/2025\/08\/4fb25087365fa8b5868a5c96660aa76b.webp\" \/>\n\t<meta property=\"og:image:width\" content=\"700\" \/>\n\t<meta property=\"og:image:height\" content=\"579\" \/>\n\t<meta property=\"og:image:type\" content=\"image\/webp\" \/>\n<meta name=\"twitter:card\" content=\"summary_large_image\" \/>\n<meta name=\"twitter:label1\" content=\"Dur\u00e9e de lecture estim\u00e9e\" \/>\n\t<meta name=\"twitter:data1\" content=\"2 minutes\" \/>\n<script type=\"application\/ld+json\" class=\"yoast-schema-graph\">{\"@context\":\"https:\\\/\\\/schema.org\",\"@graph\":[{\"@type\":\"WebPage\",\"@id\":\"https:\\\/\\\/www.animalsouk.ma\\\/animalerie-maroc\\\/produit\\\/croquettes-pour-chat-sterilise-grain-free-brit\\\/\",\"url\":\"https:\\\/\\\/www.animalsouk.ma\\\/animalerie-maroc\\\/produit\\\/croquettes-pour-chat-sterilise-grain-free-brit\\\/\",\"name\":\"Croquettes pour chat st\u00e9rilis\u00e9 Grain free - BRIT - Animalerie Maroc\",\"isPartOf\":{\"@id\":\"https:\\\/\\\/www.animalsouk.ma\\\/animalerie-maroc\\\/#website\"},\"primaryImageOfPage\":{\"@id\":\"https:\\\/\\\/www.animalsouk.ma\\\/animalerie-maroc\\\/produit\\\/croquettes-pour-chat-sterilise-grain-free-brit\\\/#primaryimage\"},\"image\":{\"@id\":\"https:\\\/\\\/www.animalsouk.ma\\\/animalerie-maroc\\\/produit\\\/croquettes-pour-chat-sterilise-grain-free-brit\\\/#primaryimage\"},\"thumbnailUrl\":\"https:\\\/\\\/www.animalsouk.ma\\\/animalerie-maroc\\\/wp-content\\\/uploads\\\/2025\\\/08\\\/4fb25087365fa8b5868a5c96660aa76b.webp\",\"datePublished\":\"2025-08-28T23:41:35+00:00\",\"dateModified\":\"2026-01-08T12:45:57+00:00\",\"description\":\"Achetez votre Croquettes pour chat st\u00e9rilis\u00e9 Grain free - BRIT au meilleur prix au Maroc. Livraison rapide | Animalsouk.ma\",\"breadcrumb\":{\"@id\":\"https:\\\/\\\/www.animalsouk.ma\\\/animalerie-maroc\\\/produit\\\/croquettes-pour-chat-sterilise-grain-free-brit\\\/#breadcrumb\"},\"inLanguage\":\"fr-FR\",\"potentialAction\":[{\"@type\":\"ReadAction\",\"target\":[\"https:\\\/\\\/www.animalsouk.ma\\\/animalerie-maroc\\\/produit\\\/croquettes-pour-chat-sterilise-grain-free-brit\\\/\"]}]},{\"@type\":\"ImageObject\",\"inLanguage\":\"fr-FR\",\"@id\":\"https:\\\/\\\/www.animalsouk.ma\\\/animalerie-maroc\\\/produit\\\/croquettes-pour-chat-sterilise-grain-free-brit\\\/#primaryimage\",\"url\":\"https:\\\/\\\/www.animalsouk.ma\\\/animalerie-maroc\\\/wp-content\\\/uploads\\\/2025\\\/08\\\/4fb25087365fa8b5868a5c96660aa76b.webp\",\"contentUrl\":\"https:\\\/\\\/www.animalsouk.ma\\\/animalerie-maroc\\\/wp-content\\\/uploads\\\/2025\\\/08\\\/4fb25087365fa8b5868a5c96660aa76b.webp\",\"width\":700,\"height\":579,\"caption\":\"Croquettes pour chat st\u00e9rilis\u00e9 Grain free - BRIT\"},{\"@type\":\"BreadcrumbList\",\"@id\":\"https:\\\/\\\/www.animalsouk.ma\\\/animalerie-maroc\\\/produit\\\/croquettes-pour-chat-sterilise-grain-free-brit\\\/#breadcrumb\",\"itemListElement\":[{\"@type\":\"ListItem\",\"position\":1,\"name\":\"Home\",\"item\":\"https:\\\/\\\/www.animalsouk.ma\\\/animalerie-maroc\\\/\"},{\"@type\":\"ListItem\",\"position\":2,\"name\":\"Boutique\",\"item\":\"https:\\\/\\\/www.animalsouk.ma\\\/animalerie-maroc\\\/boutique\\\/\"},{\"@type\":\"ListItem\",\"position\":3,\"name\":\"Croquettes pour chat st\u00e9rilis\u00e9 Grain free &#8211; BRIT\"}]},{\"@type\":\"WebSite\",\"@id\":\"https:\\\/\\\/www.animalsouk.ma\\\/animalerie-maroc\\\/#website\",\"url\":\"https:\\\/\\\/www.animalsouk.ma\\\/animalerie-maroc\\\/\",\"name\":\"Animalerie de casablanca\",\"description\":\"\",\"publisher\":{\"@id\":\"https:\\\/\\\/www.animalsouk.ma\\\/animalerie-maroc\\\/#organization\"},\"potentialAction\":[{\"@type\":\"SearchAction\",\"target\":{\"@type\":\"EntryPoint\",\"urlTemplate\":\"https:\\\/\\\/www.animalsouk.ma\\\/animalerie-maroc\\\/?s={search_term_string}\"},\"query-input\":{\"@type\":\"PropertyValueSpecification\",\"valueRequired\":true,\"valueName\":\"search_term_string\"}}],\"inLanguage\":\"fr-FR\"},{\"@type\":\"Organization\",\"@id\":\"https:\\\/\\\/www.animalsouk.ma\\\/animalerie-maroc\\\/#organization\",\"name\":\"Animalerie de casablanca\",\"url\":\"https:\\\/\\\/www.animalsouk.ma\\\/animalerie-maroc\\\/\",\"logo\":{\"@type\":\"ImageObject\",\"inLanguage\":\"fr-FR\",\"@id\":\"https:\\\/\\\/www.animalsouk.ma\\\/animalerie-maroc\\\/#\\\/schema\\\/logo\\\/image\\\/\",\"url\":\"https:\\\/\\\/www.animalsouk.ma\\\/animalerie-maroc\\\/wp-content\\\/uploads\\\/2025\\\/10\\\/animalsouk.ma-logo.png\",\"contentUrl\":\"https:\\\/\\\/www.animalsouk.ma\\\/animalerie-maroc\\\/wp-content\\\/uploads\\\/2025\\\/10\\\/animalsouk.ma-logo.png\",\"width\":760,\"height\":231,\"caption\":\"Animalerie de casablanca\"},\"image\":{\"@id\":\"https:\\\/\\\/www.animalsouk.ma\\\/animalerie-maroc\\\/#\\\/schema\\\/logo\\\/image\\\/\"},\"sameAs\":[\"https:\\\/\\\/www.facebook.com\\\/animalsouk.ma\",\"https:\\\/\\\/www.instagram.com\\\/animalsouk.ma\"]}]}<\/script>\n<!-- \/ Yoast SEO plugin. -->","yoast_head_json":{"title":"Croquettes pour chat st\u00e9rilis\u00e9 Grain free - BRIT - Animalerie Maroc","description":"Achetez votre Croquettes pour chat st\u00e9rilis\u00e9 Grain free - BRIT au meilleur prix au Maroc. Livraison rapide | Animalsouk.ma","robots":{"index":"index","follow":"follow","max-snippet":"max-snippet:-1","max-image-preview":"max-image-preview:large","max-video-preview":"max-video-preview:-1"},"canonical":"https:\/\/www.animalsouk.ma\/animalerie-maroc\/produit\/croquettes-pour-chat-sterilise-grain-free-brit\/","og_locale":"fr_FR","og_type":"article","og_title":"Croquettes pour chat st\u00e9rilis\u00e9 Grain free - BRIT - Animalerie Maroc","og_description":"Achetez votre Croquettes pour chat st\u00e9rilis\u00e9 Grain free - BRIT au meilleur prix au Maroc. Livraison rapide | Animalsouk.ma","og_url":"https:\/\/www.animalsouk.ma\/animalerie-maroc\/produit\/croquettes-pour-chat-sterilise-grain-free-brit\/","og_site_name":"Animalerie Maroc","article_publisher":"https:\/\/www.facebook.com\/animalsouk.ma","article_modified_time":"2026-01-08T12:45:57+00:00","og_image":[{"width":700,"height":579,"url":"https:\/\/www.animalsouk.ma\/animalerie-maroc\/wp-content\/uploads\/2025\/08\/4fb25087365fa8b5868a5c96660aa76b.webp","type":"image\/webp"}],"twitter_card":"summary_large_image","twitter_misc":{"Dur\u00e9e de lecture estim\u00e9e":"2 minutes"},"schema":{"@context":"https:\/\/schema.org","@graph":[{"@type":"WebPage","@id":"https:\/\/www.animalsouk.ma\/animalerie-maroc\/produit\/croquettes-pour-chat-sterilise-grain-free-brit\/","url":"https:\/\/www.animalsouk.ma\/animalerie-maroc\/produit\/croquettes-pour-chat-sterilise-grain-free-brit\/","name":"Croquettes pour chat st\u00e9rilis\u00e9 Grain free - BRIT - Animalerie Maroc","isPartOf":{"@id":"https:\/\/www.animalsouk.ma\/animalerie-maroc\/#website"},"primaryImageOfPage":{"@id":"https:\/\/www.animalsouk.ma\/animalerie-maroc\/produit\/croquettes-pour-chat-sterilise-grain-free-brit\/#primaryimage"},"image":{"@id":"https:\/\/www.animalsouk.ma\/animalerie-maroc\/produit\/croquettes-pour-chat-sterilise-grain-free-brit\/#primaryimage"},"thumbnailUrl":"https:\/\/www.animalsouk.ma\/animalerie-maroc\/wp-content\/uploads\/2025\/08\/4fb25087365fa8b5868a5c96660aa76b.webp","datePublished":"2025-08-28T23:41:35+00:00","dateModified":"2026-01-08T12:45:57+00:00","description":"Achetez votre Croquettes pour chat st\u00e9rilis\u00e9 Grain free - BRIT au meilleur prix au Maroc. Livraison rapide | Animalsouk.ma","breadcrumb":{"@id":"https:\/\/www.animalsouk.ma\/animalerie-maroc\/produit\/croquettes-pour-chat-sterilise-grain-free-brit\/#breadcrumb"},"inLanguage":"fr-FR","potentialAction":[{"@type":"ReadAction","target":["https:\/\/www.animalsouk.ma\/animalerie-maroc\/produit\/croquettes-pour-chat-sterilise-grain-free-brit\/"]}]},{"@type":"ImageObject","inLanguage":"fr-FR","@id":"https:\/\/www.animalsouk.ma\/animalerie-maroc\/produit\/croquettes-pour-chat-sterilise-grain-free-brit\/#primaryimage","url":"https:\/\/www.animalsouk.ma\/animalerie-maroc\/wp-content\/uploads\/2025\/08\/4fb25087365fa8b5868a5c96660aa76b.webp","contentUrl":"https:\/\/www.animalsouk.ma\/animalerie-maroc\/wp-content\/uploads\/2025\/08\/4fb25087365fa8b5868a5c96660aa76b.webp","width":700,"height":579,"caption":"Croquettes pour chat st\u00e9rilis\u00e9 Grain free - BRIT"},{"@type":"BreadcrumbList","@id":"https:\/\/www.animalsouk.ma\/animalerie-maroc\/produit\/croquettes-pour-chat-sterilise-grain-free-brit\/#breadcrumb","itemListElement":[{"@type":"ListItem","position":1,"name":"Home","item":"https:\/\/www.animalsouk.ma\/animalerie-maroc\/"},{"@type":"ListItem","position":2,"name":"Boutique","item":"https:\/\/www.animalsouk.ma\/animalerie-maroc\/boutique\/"},{"@type":"ListItem","position":3,"name":"Croquettes pour chat st\u00e9rilis\u00e9 Grain free &#8211; BRIT"}]},{"@type":"WebSite","@id":"https:\/\/www.animalsouk.ma\/animalerie-maroc\/#website","url":"https:\/\/www.animalsouk.ma\/animalerie-maroc\/","name":"Animalerie de casablanca","description":"","publisher":{"@id":"https:\/\/www.animalsouk.ma\/animalerie-maroc\/#organization"},"potentialAction":[{"@type":"SearchAction","target":{"@type":"EntryPoint","urlTemplate":"https:\/\/www.animalsouk.ma\/animalerie-maroc\/?s={search_term_string}"},"query-input":{"@type":"PropertyValueSpecification","valueRequired":true,"valueName":"search_term_string"}}],"inLanguage":"fr-FR"},{"@type":"Organization","@id":"https:\/\/www.animalsouk.ma\/animalerie-maroc\/#organization","name":"Animalerie de casablanca","url":"https:\/\/www.animalsouk.ma\/animalerie-maroc\/","logo":{"@type":"ImageObject","inLanguage":"fr-FR","@id":"https:\/\/www.animalsouk.ma\/animalerie-maroc\/#\/schema\/logo\/image\/","url":"https:\/\/www.animalsouk.ma\/animalerie-maroc\/wp-content\/uploads\/2025\/10\/animalsouk.ma-logo.png","contentUrl":"https:\/\/www.animalsouk.ma\/animalerie-maroc\/wp-content\/uploads\/2025\/10\/animalsouk.ma-logo.png","width":760,"height":231,"caption":"Animalerie de casablanca"},"image":{"@id":"https:\/\/www.animalsouk.ma\/animalerie-maroc\/#\/schema\/logo\/image\/"},"sameAs":["https:\/\/www.facebook.com\/animalsouk.ma","https:\/\/www.instagram.com\/animalsouk.ma"]}]}},"_links":{"self":[{"href":"https:\/\/www.animalsouk.ma\/animalerie-maroc\/wp-json\/wp\/v2\/product\/580","targetHints":{"allow":["GET"]}}],"collection":[{"href":"https:\/\/www.animalsouk.ma\/animalerie-maroc\/wp-json\/wp\/v2\/product"}],"about":[{"href":"https:\/\/www.animalsouk.ma\/animalerie-maroc\/wp-json\/wp\/v2\/types\/product"}],"wp:featuredmedia":[{"embeddable":true,"href":"https:\/\/www.animalsouk.ma\/animalerie-maroc\/wp-json\/wp\/v2\/media\/579"}],"wp:attachment":[{"href":"https:\/\/www.animalsouk.ma\/animalerie-maroc\/wp-json\/wp\/v2\/media?parent=580"}],"wp:term":[{"taxonomy":"product_brand","embeddable":true,"href":"https:\/\/www.animalsouk.ma\/animalerie-maroc\/wp-json\/wp\/v2\/product_brand?post=580"},{"taxonomy":"product_cat","embeddable":true,"href":"https:\/\/www.animalsouk.ma\/animalerie-maroc\/wp-json\/wp\/v2\/product_cat?post=580"},{"taxonomy":"product_tag","embeddable":true,"href":"https:\/\/www.animalsouk.ma\/animalerie-maroc\/wp-json\/wp\/v2\/product_tag?post=580"}],"curies":[{"name":"wp","href":"https:\/\/api.w.org\/{rel}","templated":true}]}}