{"id":558,"date":"2025-08-29T01:41:30","date_gmt":"2025-08-28T23:41:30","guid":{"rendered":"https:\/\/www.animalsouk.ma\/animalerie\/product\/croquettes-chat-adulte-au-poulet-15kg-hills-science-plan\/"},"modified":"2025-09-08T22:39:21","modified_gmt":"2025-09-08T20:39:21","slug":"croquettes-chat-adulte-au-poulet-15kg-hills-science-plan","status":"publish","type":"product","link":"https:\/\/www.animalsouk.ma\/animalerie-maroc\/produit\/croquettes-chat-adulte-au-poulet-15kg-hills-science-plan\/","title":{"rendered":"Croquettes chat adulte au poulet 1,5kg &#8211; Hill&rsquo;s Science Plan"},"content":{"rendered":"<p>Les croquettes pour chats HILL\u2019S Adult sont sp\u00e9cialement formul\u00e9es pour r\u00e9pondre aux besoins \u00e9nerg\u00e9tiques des chats dans la force de l\u2019\u00e2ge. Elabor\u00e9 \u00e0 partir d\u2019ingr\u00e9dient de haute qualit\u00e9, faciles \u00e0 dig\u00e9rer.<\/p>\n<p>Contient de la taurine essentielle pour la sant\u00e9 cardiaque et une teneur \u00e9quilibr\u00e9e en min\u00e9raux pour la sant\u00e9 des reins et de la vessie.<br \/>\nDes prot\u00e9ines de haute qualit\u00e9 pour pr\u00e9server la masse musculaire<br \/>\nAvec de la vitamine E et des acides gras om\u00e9ga-3 &#038; -6 pour une peau saine et un pelage brillant<\/p>\n","protected":false},"excerpt":{"rendered":"<p>Les croquettes pour chats HILL\u2019S Adult sont sp\u00e9cialement formul\u00e9es pour r\u00e9pondre aux besoins \u00e9nerg\u00e9tiques des chats dans la force de l\u2019\u00e2ge. Elabor\u00e9 \u00e0 partir d\u2019ingr\u00e9dient de haute qualit\u00e9, faciles \u00e0 dig\u00e9rer. Contient de la taurine essentielle pour la sant\u00e9 cardiaque et une teneur \u00e9quilibr\u00e9e en min\u00e9raux pour la sant\u00e9 des reins et de la vessie. [&#8230;]\n","protected":false},"featured_media":557,"template":"","meta":[],"product_brand":[39],"product_cat":[18],"product_tag":[],"class_list":{"0":"post-558","1":"product","2":"type-product","3":"status-publish","4":"has-post-thumbnail","6":"product_brand-hills-science-plan","7":"product_cat-alimentation-pour-chats","9":"first","10":"outofstock","11":"shipping-taxable","12":"purchasable","13":"product-type-simple"},"yoast_head":"<!-- This site is optimized with the Yoast SEO plugin v27.3 - https:\/\/yoast.com\/product\/yoast-seo-wordpress\/ -->\n<title>Croquettes chat adulte au poulet 1,5kg - Hill&#039;s Science Plan - Animalerie Maroc<\/title>\n<meta name=\"description\" content=\"Achetez votre Croquettes chat adulte au poulet 1,5kg - Hill&#039;s Science Plan au meilleur prix au Maroc. Livraison rapide | Animalsouk.ma\" \/>\n<meta name=\"robots\" content=\"index, follow, max-snippet:-1, max-image-preview:large, max-video-preview:-1\" \/>\n<link rel=\"canonical\" href=\"https:\/\/www.animalsouk.ma\/animalerie-maroc\/produit\/croquettes-chat-adulte-au-poulet-15kg-hills-science-plan\/\" \/>\n<meta property=\"og:locale\" content=\"fr_FR\" \/>\n<meta property=\"og:type\" content=\"article\" \/>\n<meta property=\"og:title\" content=\"Croquettes chat adulte au poulet 1,5kg - Hill&#039;s Science Plan - Animalerie Maroc\" \/>\n<meta property=\"og:description\" content=\"Achetez votre Croquettes chat adulte au poulet 1,5kg - Hill&#039;s Science Plan au meilleur prix au Maroc. Livraison rapide | Animalsouk.ma\" \/>\n<meta property=\"og:url\" content=\"https:\/\/www.animalsouk.ma\/animalerie-maroc\/produit\/croquettes-chat-adulte-au-poulet-15kg-hills-science-plan\/\" \/>\n<meta property=\"og:site_name\" content=\"Animalerie Maroc\" \/>\n<meta property=\"article:publisher\" content=\"https:\/\/www.facebook.com\/animalsouk.ma\" \/>\n<meta property=\"article:modified_time\" content=\"2025-09-08T20:39:21+00:00\" \/>\n<meta property=\"og:image\" content=\"https:\/\/www.animalsouk.ma\/animalerie-maroc\/wp-content\/uploads\/2025\/08\/366cb0735398955918e333da45b37013.webp\" \/>\n\t<meta property=\"og:image:width\" content=\"700\" \/>\n\t<meta property=\"og:image:height\" content=\"579\" \/>\n\t<meta property=\"og:image:type\" content=\"image\/webp\" \/>\n<meta name=\"twitter:card\" content=\"summary_large_image\" \/>\n<script type=\"application\/ld+json\" class=\"yoast-schema-graph\">{\"@context\":\"https:\\\/\\\/schema.org\",\"@graph\":[{\"@type\":\"WebPage\",\"@id\":\"https:\\\/\\\/www.animalsouk.ma\\\/animalerie-maroc\\\/produit\\\/croquettes-chat-adulte-au-poulet-15kg-hills-science-plan\\\/\",\"url\":\"https:\\\/\\\/www.animalsouk.ma\\\/animalerie-maroc\\\/produit\\\/croquettes-chat-adulte-au-poulet-15kg-hills-science-plan\\\/\",\"name\":\"Croquettes chat adulte au poulet 1,5kg - Hill's Science Plan - Animalerie Maroc\",\"isPartOf\":{\"@id\":\"https:\\\/\\\/www.animalsouk.ma\\\/animalerie-maroc\\\/#website\"},\"primaryImageOfPage\":{\"@id\":\"https:\\\/\\\/www.animalsouk.ma\\\/animalerie-maroc\\\/produit\\\/croquettes-chat-adulte-au-poulet-15kg-hills-science-plan\\\/#primaryimage\"},\"image\":{\"@id\":\"https:\\\/\\\/www.animalsouk.ma\\\/animalerie-maroc\\\/produit\\\/croquettes-chat-adulte-au-poulet-15kg-hills-science-plan\\\/#primaryimage\"},\"thumbnailUrl\":\"https:\\\/\\\/www.animalsouk.ma\\\/animalerie-maroc\\\/wp-content\\\/uploads\\\/2025\\\/08\\\/366cb0735398955918e333da45b37013.webp\",\"datePublished\":\"2025-08-28T23:41:30+00:00\",\"dateModified\":\"2025-09-08T20:39:21+00:00\",\"description\":\"Achetez votre Croquettes chat adulte au poulet 1,5kg - Hill's Science Plan au meilleur prix au Maroc. Livraison rapide | Animalsouk.ma\",\"breadcrumb\":{\"@id\":\"https:\\\/\\\/www.animalsouk.ma\\\/animalerie-maroc\\\/produit\\\/croquettes-chat-adulte-au-poulet-15kg-hills-science-plan\\\/#breadcrumb\"},\"inLanguage\":\"fr-FR\",\"potentialAction\":[{\"@type\":\"ReadAction\",\"target\":[\"https:\\\/\\\/www.animalsouk.ma\\\/animalerie-maroc\\\/produit\\\/croquettes-chat-adulte-au-poulet-15kg-hills-science-plan\\\/\"]}]},{\"@type\":\"ImageObject\",\"inLanguage\":\"fr-FR\",\"@id\":\"https:\\\/\\\/www.animalsouk.ma\\\/animalerie-maroc\\\/produit\\\/croquettes-chat-adulte-au-poulet-15kg-hills-science-plan\\\/#primaryimage\",\"url\":\"https:\\\/\\\/www.animalsouk.ma\\\/animalerie-maroc\\\/wp-content\\\/uploads\\\/2025\\\/08\\\/366cb0735398955918e333da45b37013.webp\",\"contentUrl\":\"https:\\\/\\\/www.animalsouk.ma\\\/animalerie-maroc\\\/wp-content\\\/uploads\\\/2025\\\/08\\\/366cb0735398955918e333da45b37013.webp\",\"width\":700,\"height\":579,\"caption\":\"Croquettes chat adulte au poulet 1,5kg - Hill's Science Plan\"},{\"@type\":\"BreadcrumbList\",\"@id\":\"https:\\\/\\\/www.animalsouk.ma\\\/animalerie-maroc\\\/produit\\\/croquettes-chat-adulte-au-poulet-15kg-hills-science-plan\\\/#breadcrumb\",\"itemListElement\":[{\"@type\":\"ListItem\",\"position\":1,\"name\":\"Home\",\"item\":\"https:\\\/\\\/www.animalsouk.ma\\\/animalerie-maroc\\\/\"},{\"@type\":\"ListItem\",\"position\":2,\"name\":\"Boutique\",\"item\":\"https:\\\/\\\/www.animalsouk.ma\\\/animalerie-maroc\\\/boutique\\\/\"},{\"@type\":\"ListItem\",\"position\":3,\"name\":\"Croquettes chat adulte au poulet 1,5kg &#8211; Hill&rsquo;s Science Plan\"}]},{\"@type\":\"WebSite\",\"@id\":\"https:\\\/\\\/www.animalsouk.ma\\\/animalerie-maroc\\\/#website\",\"url\":\"https:\\\/\\\/www.animalsouk.ma\\\/animalerie-maroc\\\/\",\"name\":\"Animalerie de casablanca\",\"description\":\"\",\"publisher\":{\"@id\":\"https:\\\/\\\/www.animalsouk.ma\\\/animalerie-maroc\\\/#organization\"},\"potentialAction\":[{\"@type\":\"SearchAction\",\"target\":{\"@type\":\"EntryPoint\",\"urlTemplate\":\"https:\\\/\\\/www.animalsouk.ma\\\/animalerie-maroc\\\/?s={search_term_string}\"},\"query-input\":{\"@type\":\"PropertyValueSpecification\",\"valueRequired\":true,\"valueName\":\"search_term_string\"}}],\"inLanguage\":\"fr-FR\"},{\"@type\":\"Organization\",\"@id\":\"https:\\\/\\\/www.animalsouk.ma\\\/animalerie-maroc\\\/#organization\",\"name\":\"Animalerie de casablanca\",\"url\":\"https:\\\/\\\/www.animalsouk.ma\\\/animalerie-maroc\\\/\",\"logo\":{\"@type\":\"ImageObject\",\"inLanguage\":\"fr-FR\",\"@id\":\"https:\\\/\\\/www.animalsouk.ma\\\/animalerie-maroc\\\/#\\\/schema\\\/logo\\\/image\\\/\",\"url\":\"https:\\\/\\\/www.animalsouk.ma\\\/animalerie-maroc\\\/wp-content\\\/uploads\\\/2025\\\/10\\\/animalsouk.ma-logo.png\",\"contentUrl\":\"https:\\\/\\\/www.animalsouk.ma\\\/animalerie-maroc\\\/wp-content\\\/uploads\\\/2025\\\/10\\\/animalsouk.ma-logo.png\",\"width\":760,\"height\":231,\"caption\":\"Animalerie de casablanca\"},\"image\":{\"@id\":\"https:\\\/\\\/www.animalsouk.ma\\\/animalerie-maroc\\\/#\\\/schema\\\/logo\\\/image\\\/\"},\"sameAs\":[\"https:\\\/\\\/www.facebook.com\\\/animalsouk.ma\",\"https:\\\/\\\/www.instagram.com\\\/animalsouk.ma\"]}]}<\/script>\n<!-- \/ Yoast SEO plugin. -->","yoast_head_json":{"title":"Croquettes chat adulte au poulet 1,5kg - Hill's Science Plan - Animalerie Maroc","description":"Achetez votre Croquettes chat adulte au poulet 1,5kg - Hill's Science Plan au meilleur prix au Maroc. Livraison rapide | Animalsouk.ma","robots":{"index":"index","follow":"follow","max-snippet":"max-snippet:-1","max-image-preview":"max-image-preview:large","max-video-preview":"max-video-preview:-1"},"canonical":"https:\/\/www.animalsouk.ma\/animalerie-maroc\/produit\/croquettes-chat-adulte-au-poulet-15kg-hills-science-plan\/","og_locale":"fr_FR","og_type":"article","og_title":"Croquettes chat adulte au poulet 1,5kg - Hill's Science Plan - Animalerie Maroc","og_description":"Achetez votre Croquettes chat adulte au poulet 1,5kg - Hill's Science Plan au meilleur prix au Maroc. Livraison rapide | Animalsouk.ma","og_url":"https:\/\/www.animalsouk.ma\/animalerie-maroc\/produit\/croquettes-chat-adulte-au-poulet-15kg-hills-science-plan\/","og_site_name":"Animalerie Maroc","article_publisher":"https:\/\/www.facebook.com\/animalsouk.ma","article_modified_time":"2025-09-08T20:39:21+00:00","og_image":[{"width":700,"height":579,"url":"https:\/\/www.animalsouk.ma\/animalerie-maroc\/wp-content\/uploads\/2025\/08\/366cb0735398955918e333da45b37013.webp","type":"image\/webp"}],"twitter_card":"summary_large_image","schema":{"@context":"https:\/\/schema.org","@graph":[{"@type":"WebPage","@id":"https:\/\/www.animalsouk.ma\/animalerie-maroc\/produit\/croquettes-chat-adulte-au-poulet-15kg-hills-science-plan\/","url":"https:\/\/www.animalsouk.ma\/animalerie-maroc\/produit\/croquettes-chat-adulte-au-poulet-15kg-hills-science-plan\/","name":"Croquettes chat adulte au poulet 1,5kg - Hill's Science Plan - Animalerie Maroc","isPartOf":{"@id":"https:\/\/www.animalsouk.ma\/animalerie-maroc\/#website"},"primaryImageOfPage":{"@id":"https:\/\/www.animalsouk.ma\/animalerie-maroc\/produit\/croquettes-chat-adulte-au-poulet-15kg-hills-science-plan\/#primaryimage"},"image":{"@id":"https:\/\/www.animalsouk.ma\/animalerie-maroc\/produit\/croquettes-chat-adulte-au-poulet-15kg-hills-science-plan\/#primaryimage"},"thumbnailUrl":"https:\/\/www.animalsouk.ma\/animalerie-maroc\/wp-content\/uploads\/2025\/08\/366cb0735398955918e333da45b37013.webp","datePublished":"2025-08-28T23:41:30+00:00","dateModified":"2025-09-08T20:39:21+00:00","description":"Achetez votre Croquettes chat adulte au poulet 1,5kg - Hill's Science Plan au meilleur prix au Maroc. Livraison rapide | Animalsouk.ma","breadcrumb":{"@id":"https:\/\/www.animalsouk.ma\/animalerie-maroc\/produit\/croquettes-chat-adulte-au-poulet-15kg-hills-science-plan\/#breadcrumb"},"inLanguage":"fr-FR","potentialAction":[{"@type":"ReadAction","target":["https:\/\/www.animalsouk.ma\/animalerie-maroc\/produit\/croquettes-chat-adulte-au-poulet-15kg-hills-science-plan\/"]}]},{"@type":"ImageObject","inLanguage":"fr-FR","@id":"https:\/\/www.animalsouk.ma\/animalerie-maroc\/produit\/croquettes-chat-adulte-au-poulet-15kg-hills-science-plan\/#primaryimage","url":"https:\/\/www.animalsouk.ma\/animalerie-maroc\/wp-content\/uploads\/2025\/08\/366cb0735398955918e333da45b37013.webp","contentUrl":"https:\/\/www.animalsouk.ma\/animalerie-maroc\/wp-content\/uploads\/2025\/08\/366cb0735398955918e333da45b37013.webp","width":700,"height":579,"caption":"Croquettes chat adulte au poulet 1,5kg - Hill's Science Plan"},{"@type":"BreadcrumbList","@id":"https:\/\/www.animalsouk.ma\/animalerie-maroc\/produit\/croquettes-chat-adulte-au-poulet-15kg-hills-science-plan\/#breadcrumb","itemListElement":[{"@type":"ListItem","position":1,"name":"Home","item":"https:\/\/www.animalsouk.ma\/animalerie-maroc\/"},{"@type":"ListItem","position":2,"name":"Boutique","item":"https:\/\/www.animalsouk.ma\/animalerie-maroc\/boutique\/"},{"@type":"ListItem","position":3,"name":"Croquettes chat adulte au poulet 1,5kg &#8211; Hill&rsquo;s Science Plan"}]},{"@type":"WebSite","@id":"https:\/\/www.animalsouk.ma\/animalerie-maroc\/#website","url":"https:\/\/www.animalsouk.ma\/animalerie-maroc\/","name":"Animalerie de casablanca","description":"","publisher":{"@id":"https:\/\/www.animalsouk.ma\/animalerie-maroc\/#organization"},"potentialAction":[{"@type":"SearchAction","target":{"@type":"EntryPoint","urlTemplate":"https:\/\/www.animalsouk.ma\/animalerie-maroc\/?s={search_term_string}"},"query-input":{"@type":"PropertyValueSpecification","valueRequired":true,"valueName":"search_term_string"}}],"inLanguage":"fr-FR"},{"@type":"Organization","@id":"https:\/\/www.animalsouk.ma\/animalerie-maroc\/#organization","name":"Animalerie de casablanca","url":"https:\/\/www.animalsouk.ma\/animalerie-maroc\/","logo":{"@type":"ImageObject","inLanguage":"fr-FR","@id":"https:\/\/www.animalsouk.ma\/animalerie-maroc\/#\/schema\/logo\/image\/","url":"https:\/\/www.animalsouk.ma\/animalerie-maroc\/wp-content\/uploads\/2025\/10\/animalsouk.ma-logo.png","contentUrl":"https:\/\/www.animalsouk.ma\/animalerie-maroc\/wp-content\/uploads\/2025\/10\/animalsouk.ma-logo.png","width":760,"height":231,"caption":"Animalerie de casablanca"},"image":{"@id":"https:\/\/www.animalsouk.ma\/animalerie-maroc\/#\/schema\/logo\/image\/"},"sameAs":["https:\/\/www.facebook.com\/animalsouk.ma","https:\/\/www.instagram.com\/animalsouk.ma"]}]}},"_links":{"self":[{"href":"https:\/\/www.animalsouk.ma\/animalerie-maroc\/wp-json\/wp\/v2\/product\/558","targetHints":{"allow":["GET"]}}],"collection":[{"href":"https:\/\/www.animalsouk.ma\/animalerie-maroc\/wp-json\/wp\/v2\/product"}],"about":[{"href":"https:\/\/www.animalsouk.ma\/animalerie-maroc\/wp-json\/wp\/v2\/types\/product"}],"wp:featuredmedia":[{"embeddable":true,"href":"https:\/\/www.animalsouk.ma\/animalerie-maroc\/wp-json\/wp\/v2\/media\/557"}],"wp:attachment":[{"href":"https:\/\/www.animalsouk.ma\/animalerie-maroc\/wp-json\/wp\/v2\/media?parent=558"}],"wp:term":[{"taxonomy":"product_brand","embeddable":true,"href":"https:\/\/www.animalsouk.ma\/animalerie-maroc\/wp-json\/wp\/v2\/product_brand?post=558"},{"taxonomy":"product_cat","embeddable":true,"href":"https:\/\/www.animalsouk.ma\/animalerie-maroc\/wp-json\/wp\/v2\/product_cat?post=558"},{"taxonomy":"product_tag","embeddable":true,"href":"https:\/\/www.animalsouk.ma\/animalerie-maroc\/wp-json\/wp\/v2\/product_tag?post=558"}],"curies":[{"name":"wp","href":"https:\/\/api.w.org\/{rel}","templated":true}]}}