{"id":521,"date":"2025-08-29T01:41:22","date_gmt":"2025-08-28T23:41:22","guid":{"rendered":"https:\/\/www.animalsouk.ma\/animalerie\/product\/spray-catnip-herbe-a-chat-bio-petactive\/"},"modified":"2026-01-05T17:36:28","modified_gmt":"2026-01-05T16:36:28","slug":"spray-catnip-herbe-a-chat-bio-petactive","status":"publish","type":"product","link":"https:\/\/www.animalsouk.ma\/animalerie-maroc\/produit\/spray-catnip-herbe-a-chat-bio-petactive\/","title":{"rendered":"Spray catnip herbe \u00e0 chat &#8211; Bio PetActive"},"content":{"rendered":"<p>Catnip Spray contient de l&rsquo;huile de cataire et de la racine de val\u00e9riane contenant de la n\u00e9p\u00e9talactone, un compos\u00e9 organique actif qui provoque un changement de comportement chez les chats. Les chats inhalent les huiles aromatiques de cataire et de racine de val\u00e9riane, o\u00f9 ils entrent en contact avec des r\u00e9cepteurs sp\u00e9ciaux dans le nez du chat. Ces les r\u00e9cepteurs sont li\u00e9s au cerveau et pr\u00e9sentent le comportement du chat. L&rsquo;attrait des extraits de plantes dans Cataire Spray stimule l\u2019instinct de jouer \u00e0 des jeux chez la plupart des chats, fournissant une explosion d&rsquo;\u00e9nergie ludique, g\u00e9n\u00e9ralement suivie d&rsquo;une p\u00e9riode douce. Certains chats qui ne sont pas affect\u00e9s par l&rsquo;huile de chat peuvent r\u00e9agir \u00e0 la racine du chat. Par cons\u00e9quent, un effet synergique a \u00e9t\u00e9 cr\u00e9\u00e9 en utilisant deux ingr\u00e9dients actifs dans Catnip Spray pour augmenter l&rsquo;efficacit\u00e9 du produit. L&rsquo;effet peut varier de celui des chats, mais cela rend souvent nos amis \u00e0 fourrure calme et heureux.<\/p>\n","protected":false},"excerpt":{"rendered":"<p>Catnip Spray contient de l&rsquo;huile de cataire et de la racine de val\u00e9riane contenant de la n\u00e9p\u00e9talactone, un compos\u00e9 organique actif qui provoque un changement de comportement chez les chats. Les chats inhalent les huiles aromatiques de cataire et de racine de val\u00e9riane, o\u00f9 ils entrent en contact avec des r\u00e9cepteurs sp\u00e9ciaux dans le nez [&#8230;]\n","protected":false},"featured_media":520,"template":"","meta":[],"product_brand":[33],"product_cat":[17],"product_tag":[],"class_list":{"0":"post-521","1":"product","2":"type-product","3":"status-publish","4":"has-post-thumbnail","6":"product_brand-bio-petactive","7":"product_cat-accessoires-et-jouets-pour-chats","9":"first","10":"instock","11":"shipping-taxable","12":"purchasable","13":"product-type-simple"},"yoast_head":"<!-- This site is optimized with the Yoast SEO plugin v27.3 - https:\/\/yoast.com\/product\/yoast-seo-wordpress\/ -->\n<title>Spray catnip herbe \u00e0 chat - Bio PetActive - Animalerie Maroc<\/title>\n<meta name=\"description\" content=\"Achetez votre Spray catnip herbe \u00e0 chat - Bio PetActive au meilleur prix au Maroc. Livraison rapide | Animalsouk.ma\" \/>\n<meta name=\"robots\" content=\"index, follow, max-snippet:-1, max-image-preview:large, max-video-preview:-1\" \/>\n<link rel=\"canonical\" href=\"https:\/\/www.animalsouk.ma\/animalerie-maroc\/produit\/spray-catnip-herbe-a-chat-bio-petactive\/\" \/>\n<meta property=\"og:locale\" content=\"fr_FR\" \/>\n<meta property=\"og:type\" content=\"article\" \/>\n<meta property=\"og:title\" content=\"Spray catnip herbe \u00e0 chat - Bio PetActive - Animalerie Maroc\" \/>\n<meta property=\"og:description\" content=\"Achetez votre Spray catnip herbe \u00e0 chat - Bio PetActive au meilleur prix au Maroc. Livraison rapide | Animalsouk.ma\" \/>\n<meta property=\"og:url\" content=\"https:\/\/www.animalsouk.ma\/animalerie-maroc\/produit\/spray-catnip-herbe-a-chat-bio-petactive\/\" \/>\n<meta property=\"og:site_name\" content=\"Animalerie Maroc\" \/>\n<meta property=\"article:publisher\" content=\"https:\/\/www.facebook.com\/animalsouk.ma\" \/>\n<meta property=\"article:modified_time\" content=\"2026-01-05T16:36:28+00:00\" \/>\n<meta property=\"og:image\" content=\"https:\/\/www.animalsouk.ma\/animalerie-maroc\/wp-content\/uploads\/2025\/08\/c1a70cbb790402451d33bd2b0d19bbb4.webp\" \/>\n\t<meta property=\"og:image:width\" content=\"700\" \/>\n\t<meta property=\"og:image:height\" content=\"579\" \/>\n\t<meta property=\"og:image:type\" content=\"image\/webp\" \/>\n<meta name=\"twitter:card\" content=\"summary_large_image\" \/>\n<meta name=\"twitter:label1\" content=\"Dur\u00e9e de lecture estim\u00e9e\" \/>\n\t<meta name=\"twitter:data1\" content=\"1 minute\" \/>\n<script type=\"application\/ld+json\" class=\"yoast-schema-graph\">{\"@context\":\"https:\\\/\\\/schema.org\",\"@graph\":[{\"@type\":\"WebPage\",\"@id\":\"https:\\\/\\\/www.animalsouk.ma\\\/animalerie-maroc\\\/produit\\\/spray-catnip-herbe-a-chat-bio-petactive\\\/\",\"url\":\"https:\\\/\\\/www.animalsouk.ma\\\/animalerie-maroc\\\/produit\\\/spray-catnip-herbe-a-chat-bio-petactive\\\/\",\"name\":\"Spray catnip herbe \u00e0 chat - Bio PetActive - Animalerie Maroc\",\"isPartOf\":{\"@id\":\"https:\\\/\\\/www.animalsouk.ma\\\/animalerie-maroc\\\/#website\"},\"primaryImageOfPage\":{\"@id\":\"https:\\\/\\\/www.animalsouk.ma\\\/animalerie-maroc\\\/produit\\\/spray-catnip-herbe-a-chat-bio-petactive\\\/#primaryimage\"},\"image\":{\"@id\":\"https:\\\/\\\/www.animalsouk.ma\\\/animalerie-maroc\\\/produit\\\/spray-catnip-herbe-a-chat-bio-petactive\\\/#primaryimage\"},\"thumbnailUrl\":\"https:\\\/\\\/www.animalsouk.ma\\\/animalerie-maroc\\\/wp-content\\\/uploads\\\/2025\\\/08\\\/c1a70cbb790402451d33bd2b0d19bbb4.webp\",\"datePublished\":\"2025-08-28T23:41:22+00:00\",\"dateModified\":\"2026-01-05T16:36:28+00:00\",\"description\":\"Achetez votre Spray catnip herbe \u00e0 chat - Bio PetActive au meilleur prix au Maroc. Livraison rapide | Animalsouk.ma\",\"breadcrumb\":{\"@id\":\"https:\\\/\\\/www.animalsouk.ma\\\/animalerie-maroc\\\/produit\\\/spray-catnip-herbe-a-chat-bio-petactive\\\/#breadcrumb\"},\"inLanguage\":\"fr-FR\",\"potentialAction\":[{\"@type\":\"ReadAction\",\"target\":[\"https:\\\/\\\/www.animalsouk.ma\\\/animalerie-maroc\\\/produit\\\/spray-catnip-herbe-a-chat-bio-petactive\\\/\"]}]},{\"@type\":\"ImageObject\",\"inLanguage\":\"fr-FR\",\"@id\":\"https:\\\/\\\/www.animalsouk.ma\\\/animalerie-maroc\\\/produit\\\/spray-catnip-herbe-a-chat-bio-petactive\\\/#primaryimage\",\"url\":\"https:\\\/\\\/www.animalsouk.ma\\\/animalerie-maroc\\\/wp-content\\\/uploads\\\/2025\\\/08\\\/c1a70cbb790402451d33bd2b0d19bbb4.webp\",\"contentUrl\":\"https:\\\/\\\/www.animalsouk.ma\\\/animalerie-maroc\\\/wp-content\\\/uploads\\\/2025\\\/08\\\/c1a70cbb790402451d33bd2b0d19bbb4.webp\",\"width\":700,\"height\":579,\"caption\":\"Spray catnip herbe \u00e0 chat - Bio PetActive\"},{\"@type\":\"BreadcrumbList\",\"@id\":\"https:\\\/\\\/www.animalsouk.ma\\\/animalerie-maroc\\\/produit\\\/spray-catnip-herbe-a-chat-bio-petactive\\\/#breadcrumb\",\"itemListElement\":[{\"@type\":\"ListItem\",\"position\":1,\"name\":\"Home\",\"item\":\"https:\\\/\\\/www.animalsouk.ma\\\/animalerie-maroc\\\/\"},{\"@type\":\"ListItem\",\"position\":2,\"name\":\"Boutique\",\"item\":\"https:\\\/\\\/www.animalsouk.ma\\\/animalerie-maroc\\\/boutique\\\/\"},{\"@type\":\"ListItem\",\"position\":3,\"name\":\"Spray catnip herbe \u00e0 chat &#8211; Bio PetActive\"}]},{\"@type\":\"WebSite\",\"@id\":\"https:\\\/\\\/www.animalsouk.ma\\\/animalerie-maroc\\\/#website\",\"url\":\"https:\\\/\\\/www.animalsouk.ma\\\/animalerie-maroc\\\/\",\"name\":\"Animalerie de casablanca\",\"description\":\"\",\"publisher\":{\"@id\":\"https:\\\/\\\/www.animalsouk.ma\\\/animalerie-maroc\\\/#organization\"},\"potentialAction\":[{\"@type\":\"SearchAction\",\"target\":{\"@type\":\"EntryPoint\",\"urlTemplate\":\"https:\\\/\\\/www.animalsouk.ma\\\/animalerie-maroc\\\/?s={search_term_string}\"},\"query-input\":{\"@type\":\"PropertyValueSpecification\",\"valueRequired\":true,\"valueName\":\"search_term_string\"}}],\"inLanguage\":\"fr-FR\"},{\"@type\":\"Organization\",\"@id\":\"https:\\\/\\\/www.animalsouk.ma\\\/animalerie-maroc\\\/#organization\",\"name\":\"Animalerie de casablanca\",\"url\":\"https:\\\/\\\/www.animalsouk.ma\\\/animalerie-maroc\\\/\",\"logo\":{\"@type\":\"ImageObject\",\"inLanguage\":\"fr-FR\",\"@id\":\"https:\\\/\\\/www.animalsouk.ma\\\/animalerie-maroc\\\/#\\\/schema\\\/logo\\\/image\\\/\",\"url\":\"https:\\\/\\\/www.animalsouk.ma\\\/animalerie-maroc\\\/wp-content\\\/uploads\\\/2025\\\/10\\\/animalsouk.ma-logo.png\",\"contentUrl\":\"https:\\\/\\\/www.animalsouk.ma\\\/animalerie-maroc\\\/wp-content\\\/uploads\\\/2025\\\/10\\\/animalsouk.ma-logo.png\",\"width\":760,\"height\":231,\"caption\":\"Animalerie de casablanca\"},\"image\":{\"@id\":\"https:\\\/\\\/www.animalsouk.ma\\\/animalerie-maroc\\\/#\\\/schema\\\/logo\\\/image\\\/\"},\"sameAs\":[\"https:\\\/\\\/www.facebook.com\\\/animalsouk.ma\",\"https:\\\/\\\/www.instagram.com\\\/animalsouk.ma\"]}]}<\/script>\n<!-- \/ Yoast SEO plugin. -->","yoast_head_json":{"title":"Spray catnip herbe \u00e0 chat - Bio PetActive - Animalerie Maroc","description":"Achetez votre Spray catnip herbe \u00e0 chat - Bio PetActive au meilleur prix au Maroc. Livraison rapide | Animalsouk.ma","robots":{"index":"index","follow":"follow","max-snippet":"max-snippet:-1","max-image-preview":"max-image-preview:large","max-video-preview":"max-video-preview:-1"},"canonical":"https:\/\/www.animalsouk.ma\/animalerie-maroc\/produit\/spray-catnip-herbe-a-chat-bio-petactive\/","og_locale":"fr_FR","og_type":"article","og_title":"Spray catnip herbe \u00e0 chat - Bio PetActive - Animalerie Maroc","og_description":"Achetez votre Spray catnip herbe \u00e0 chat - Bio PetActive au meilleur prix au Maroc. Livraison rapide | Animalsouk.ma","og_url":"https:\/\/www.animalsouk.ma\/animalerie-maroc\/produit\/spray-catnip-herbe-a-chat-bio-petactive\/","og_site_name":"Animalerie Maroc","article_publisher":"https:\/\/www.facebook.com\/animalsouk.ma","article_modified_time":"2026-01-05T16:36:28+00:00","og_image":[{"width":700,"height":579,"url":"https:\/\/www.animalsouk.ma\/animalerie-maroc\/wp-content\/uploads\/2025\/08\/c1a70cbb790402451d33bd2b0d19bbb4.webp","type":"image\/webp"}],"twitter_card":"summary_large_image","twitter_misc":{"Dur\u00e9e de lecture estim\u00e9e":"1 minute"},"schema":{"@context":"https:\/\/schema.org","@graph":[{"@type":"WebPage","@id":"https:\/\/www.animalsouk.ma\/animalerie-maroc\/produit\/spray-catnip-herbe-a-chat-bio-petactive\/","url":"https:\/\/www.animalsouk.ma\/animalerie-maroc\/produit\/spray-catnip-herbe-a-chat-bio-petactive\/","name":"Spray catnip herbe \u00e0 chat - Bio PetActive - Animalerie Maroc","isPartOf":{"@id":"https:\/\/www.animalsouk.ma\/animalerie-maroc\/#website"},"primaryImageOfPage":{"@id":"https:\/\/www.animalsouk.ma\/animalerie-maroc\/produit\/spray-catnip-herbe-a-chat-bio-petactive\/#primaryimage"},"image":{"@id":"https:\/\/www.animalsouk.ma\/animalerie-maroc\/produit\/spray-catnip-herbe-a-chat-bio-petactive\/#primaryimage"},"thumbnailUrl":"https:\/\/www.animalsouk.ma\/animalerie-maroc\/wp-content\/uploads\/2025\/08\/c1a70cbb790402451d33bd2b0d19bbb4.webp","datePublished":"2025-08-28T23:41:22+00:00","dateModified":"2026-01-05T16:36:28+00:00","description":"Achetez votre Spray catnip herbe \u00e0 chat - Bio PetActive au meilleur prix au Maroc. Livraison rapide | Animalsouk.ma","breadcrumb":{"@id":"https:\/\/www.animalsouk.ma\/animalerie-maroc\/produit\/spray-catnip-herbe-a-chat-bio-petactive\/#breadcrumb"},"inLanguage":"fr-FR","potentialAction":[{"@type":"ReadAction","target":["https:\/\/www.animalsouk.ma\/animalerie-maroc\/produit\/spray-catnip-herbe-a-chat-bio-petactive\/"]}]},{"@type":"ImageObject","inLanguage":"fr-FR","@id":"https:\/\/www.animalsouk.ma\/animalerie-maroc\/produit\/spray-catnip-herbe-a-chat-bio-petactive\/#primaryimage","url":"https:\/\/www.animalsouk.ma\/animalerie-maroc\/wp-content\/uploads\/2025\/08\/c1a70cbb790402451d33bd2b0d19bbb4.webp","contentUrl":"https:\/\/www.animalsouk.ma\/animalerie-maroc\/wp-content\/uploads\/2025\/08\/c1a70cbb790402451d33bd2b0d19bbb4.webp","width":700,"height":579,"caption":"Spray catnip herbe \u00e0 chat - Bio PetActive"},{"@type":"BreadcrumbList","@id":"https:\/\/www.animalsouk.ma\/animalerie-maroc\/produit\/spray-catnip-herbe-a-chat-bio-petactive\/#breadcrumb","itemListElement":[{"@type":"ListItem","position":1,"name":"Home","item":"https:\/\/www.animalsouk.ma\/animalerie-maroc\/"},{"@type":"ListItem","position":2,"name":"Boutique","item":"https:\/\/www.animalsouk.ma\/animalerie-maroc\/boutique\/"},{"@type":"ListItem","position":3,"name":"Spray catnip herbe \u00e0 chat &#8211; Bio PetActive"}]},{"@type":"WebSite","@id":"https:\/\/www.animalsouk.ma\/animalerie-maroc\/#website","url":"https:\/\/www.animalsouk.ma\/animalerie-maroc\/","name":"Animalerie de casablanca","description":"","publisher":{"@id":"https:\/\/www.animalsouk.ma\/animalerie-maroc\/#organization"},"potentialAction":[{"@type":"SearchAction","target":{"@type":"EntryPoint","urlTemplate":"https:\/\/www.animalsouk.ma\/animalerie-maroc\/?s={search_term_string}"},"query-input":{"@type":"PropertyValueSpecification","valueRequired":true,"valueName":"search_term_string"}}],"inLanguage":"fr-FR"},{"@type":"Organization","@id":"https:\/\/www.animalsouk.ma\/animalerie-maroc\/#organization","name":"Animalerie de casablanca","url":"https:\/\/www.animalsouk.ma\/animalerie-maroc\/","logo":{"@type":"ImageObject","inLanguage":"fr-FR","@id":"https:\/\/www.animalsouk.ma\/animalerie-maroc\/#\/schema\/logo\/image\/","url":"https:\/\/www.animalsouk.ma\/animalerie-maroc\/wp-content\/uploads\/2025\/10\/animalsouk.ma-logo.png","contentUrl":"https:\/\/www.animalsouk.ma\/animalerie-maroc\/wp-content\/uploads\/2025\/10\/animalsouk.ma-logo.png","width":760,"height":231,"caption":"Animalerie de casablanca"},"image":{"@id":"https:\/\/www.animalsouk.ma\/animalerie-maroc\/#\/schema\/logo\/image\/"},"sameAs":["https:\/\/www.facebook.com\/animalsouk.ma","https:\/\/www.instagram.com\/animalsouk.ma"]}]}},"_links":{"self":[{"href":"https:\/\/www.animalsouk.ma\/animalerie-maroc\/wp-json\/wp\/v2\/product\/521","targetHints":{"allow":["GET"]}}],"collection":[{"href":"https:\/\/www.animalsouk.ma\/animalerie-maroc\/wp-json\/wp\/v2\/product"}],"about":[{"href":"https:\/\/www.animalsouk.ma\/animalerie-maroc\/wp-json\/wp\/v2\/types\/product"}],"wp:featuredmedia":[{"embeddable":true,"href":"https:\/\/www.animalsouk.ma\/animalerie-maroc\/wp-json\/wp\/v2\/media\/520"}],"wp:attachment":[{"href":"https:\/\/www.animalsouk.ma\/animalerie-maroc\/wp-json\/wp\/v2\/media?parent=521"}],"wp:term":[{"taxonomy":"product_brand","embeddable":true,"href":"https:\/\/www.animalsouk.ma\/animalerie-maroc\/wp-json\/wp\/v2\/product_brand?post=521"},{"taxonomy":"product_cat","embeddable":true,"href":"https:\/\/www.animalsouk.ma\/animalerie-maroc\/wp-json\/wp\/v2\/product_cat?post=521"},{"taxonomy":"product_tag","embeddable":true,"href":"https:\/\/www.animalsouk.ma\/animalerie-maroc\/wp-json\/wp\/v2\/product_tag?post=521"}],"curies":[{"name":"wp","href":"https:\/\/api.w.org\/{rel}","templated":true}]}}