{"id":517,"date":"2025-08-29T01:41:21","date_gmt":"2025-08-28T23:41:21","guid":{"rendered":"https:\/\/www.animalsouk.ma\/animalerie\/product\/shampooing-activateur-de-mue-biogance\/"},"modified":"2025-09-08T22:44:45","modified_gmt":"2025-09-08T20:44:45","slug":"shampooing-activateur-de-mue-biogance","status":"publish","type":"product","link":"https:\/\/www.animalsouk.ma\/animalerie-maroc\/produit\/shampooing-activateur-de-mue-biogance\/","title":{"rendered":"Shampooing Activateur de Mue &#8211; Biogance"},"content":{"rendered":"<p>Le shampooing activateur de mue Biogrance pour chien est formul\u00e9 \u00e0 base de petit houx, de cresson et de maca.<br \/>\n\u25cf Tonifie et active le processus naturel de mue<br \/>\n\u25cf Acc\u00e9l\u00e8re la chute du poil<br \/>\n\u25cf Favorise la repousse<\/p>\n<p>LE + BIOGANCE :<br \/>\nCompos\u00e9 \u00e0 98% d\u2019ingr\u00e9dients d\u2019origine bio et naturelle, il est sans phtalate, sans paraben et sans ph\u00e9noxy\u00e9thanol.<\/p>\n<p>Tous nos produits sont fabriqu\u00e9s en Anjou, dans les Pays de la Loire, en France<\/p>\n<p>Packaging : flacon PEHD 100% recyclable<\/p>\n<p>COMPOSITION<br \/>\nEau, base lavante d\u2019origine naturelle, extraits de cresson*, petit houx*et maca, provitamine B5, parfum, conservateur *Ingr\u00e9dient issu de l\u2019agriculture biologique.<\/p>\n<p>CONSEILS D\u2019UTILISATION<br \/>\nAppliquer sur la fourrure mouill\u00e9e. Masser. Laisser agir 2 minutes. Rincer. Renouveler l\u2019op\u00e9ration.<br \/>\nConvient \u00e9galement aux chats et chiots.<\/p>\n<p>Eviter le contact avec les yeux.<br \/>\nUsage externe uniquement.<br \/>\nA conserver hors de port\u00e9e des enfants.<\/p>\n<p>PRODUIT COMPL\u00c9MENTAIRE<br \/>\nEn compl\u00e9ment de ce shampooing, nous vous invitons \u00e0 utiliser \u00e0 la suite de ce produit, notre spray activateur de mue Algo Activ qui, gr\u00e2ce \u00e0 ses propri\u00e9t\u00e9s stimulantes et r\u00e9g\u00e9n\u00e9rantes, acc\u00e9l\u00e8re le processus naturel de mue, favoriser la repousse d\u2019un poil sain et fortifi\u00e9.<\/p>\n<p>NOS CONSEILS D\u2019EXPERT<br \/>\nVotre chien envahit votre maison de poils ? Notre expert vous explique comment g\u00e9rer la mue de votre animal.<\/p>\n","protected":false},"excerpt":{"rendered":"<p>Le shampooing activateur de mue Biogrance pour chien est formul\u00e9 \u00e0 base de petit houx, de cresson et de maca. \u25cf Tonifie et active le processus naturel de mue \u25cf Acc\u00e9l\u00e8re la chute du poil \u25cf Favorise la repousse LE + BIOGANCE : Compos\u00e9 \u00e0 98% d\u2019ingr\u00e9dients d\u2019origine bio et naturelle, il est sans phtalate, [&#8230;]\n","protected":false},"featured_media":516,"template":"","meta":[],"product_brand":[37],"product_cat":[23],"product_tag":[],"class_list":{"0":"post-517","1":"product","2":"type-product","3":"status-publish","4":"has-post-thumbnail","6":"product_brand-biogance","7":"product_cat-accessoires-et-jouets-pour-chiens","9":"first","10":"outofstock","11":"shipping-taxable","12":"purchasable","13":"product-type-simple"},"yoast_head":"<!-- This site is optimized with the Yoast SEO plugin v27.3 - https:\/\/yoast.com\/product\/yoast-seo-wordpress\/ -->\n<title>Shampooing Activateur de Mue - Biogance - Animalerie Maroc<\/title>\n<meta name=\"description\" content=\"Achetez votre Shampooing Activateur de Mue - Biogance au meilleur prix au Maroc. Livraison rapide | Animalsouk.ma\" \/>\n<meta name=\"robots\" content=\"index, follow, max-snippet:-1, max-image-preview:large, max-video-preview:-1\" \/>\n<link rel=\"canonical\" href=\"https:\/\/www.animalsouk.ma\/animalerie-maroc\/produit\/shampooing-activateur-de-mue-biogance\/\" \/>\n<meta property=\"og:locale\" content=\"fr_FR\" \/>\n<meta property=\"og:type\" content=\"article\" \/>\n<meta property=\"og:title\" content=\"Shampooing Activateur de Mue - Biogance - Animalerie Maroc\" \/>\n<meta property=\"og:description\" content=\"Achetez votre Shampooing Activateur de Mue - Biogance au meilleur prix au Maroc. Livraison rapide | Animalsouk.ma\" \/>\n<meta property=\"og:url\" content=\"https:\/\/www.animalsouk.ma\/animalerie-maroc\/produit\/shampooing-activateur-de-mue-biogance\/\" \/>\n<meta property=\"og:site_name\" content=\"Animalerie Maroc\" \/>\n<meta property=\"article:publisher\" content=\"https:\/\/www.facebook.com\/animalsouk.ma\" \/>\n<meta property=\"article:modified_time\" content=\"2025-09-08T20:44:45+00:00\" \/>\n<meta property=\"og:image\" content=\"https:\/\/www.animalsouk.ma\/animalerie-maroc\/wp-content\/uploads\/2025\/08\/43ad29efb955c1bd5adbc6d50901b974.webp\" \/>\n\t<meta property=\"og:image:width\" content=\"700\" \/>\n\t<meta property=\"og:image:height\" content=\"579\" \/>\n\t<meta property=\"og:image:type\" content=\"image\/webp\" \/>\n<meta name=\"twitter:card\" content=\"summary_large_image\" \/>\n<meta name=\"twitter:label1\" content=\"Dur\u00e9e de lecture estim\u00e9e\" \/>\n\t<meta name=\"twitter:data1\" content=\"1 minute\" \/>\n<script type=\"application\/ld+json\" class=\"yoast-schema-graph\">{\"@context\":\"https:\\\/\\\/schema.org\",\"@graph\":[{\"@type\":\"WebPage\",\"@id\":\"https:\\\/\\\/www.animalsouk.ma\\\/animalerie-maroc\\\/produit\\\/shampooing-activateur-de-mue-biogance\\\/\",\"url\":\"https:\\\/\\\/www.animalsouk.ma\\\/animalerie-maroc\\\/produit\\\/shampooing-activateur-de-mue-biogance\\\/\",\"name\":\"Shampooing Activateur de Mue - Biogance - Animalerie Maroc\",\"isPartOf\":{\"@id\":\"https:\\\/\\\/www.animalsouk.ma\\\/animalerie-maroc\\\/#website\"},\"primaryImageOfPage\":{\"@id\":\"https:\\\/\\\/www.animalsouk.ma\\\/animalerie-maroc\\\/produit\\\/shampooing-activateur-de-mue-biogance\\\/#primaryimage\"},\"image\":{\"@id\":\"https:\\\/\\\/www.animalsouk.ma\\\/animalerie-maroc\\\/produit\\\/shampooing-activateur-de-mue-biogance\\\/#primaryimage\"},\"thumbnailUrl\":\"https:\\\/\\\/www.animalsouk.ma\\\/animalerie-maroc\\\/wp-content\\\/uploads\\\/2025\\\/08\\\/43ad29efb955c1bd5adbc6d50901b974.webp\",\"datePublished\":\"2025-08-28T23:41:21+00:00\",\"dateModified\":\"2025-09-08T20:44:45+00:00\",\"description\":\"Achetez votre Shampooing Activateur de Mue - Biogance au meilleur prix au Maroc. Livraison rapide | Animalsouk.ma\",\"breadcrumb\":{\"@id\":\"https:\\\/\\\/www.animalsouk.ma\\\/animalerie-maroc\\\/produit\\\/shampooing-activateur-de-mue-biogance\\\/#breadcrumb\"},\"inLanguage\":\"fr-FR\",\"potentialAction\":[{\"@type\":\"ReadAction\",\"target\":[\"https:\\\/\\\/www.animalsouk.ma\\\/animalerie-maroc\\\/produit\\\/shampooing-activateur-de-mue-biogance\\\/\"]}]},{\"@type\":\"ImageObject\",\"inLanguage\":\"fr-FR\",\"@id\":\"https:\\\/\\\/www.animalsouk.ma\\\/animalerie-maroc\\\/produit\\\/shampooing-activateur-de-mue-biogance\\\/#primaryimage\",\"url\":\"https:\\\/\\\/www.animalsouk.ma\\\/animalerie-maroc\\\/wp-content\\\/uploads\\\/2025\\\/08\\\/43ad29efb955c1bd5adbc6d50901b974.webp\",\"contentUrl\":\"https:\\\/\\\/www.animalsouk.ma\\\/animalerie-maroc\\\/wp-content\\\/uploads\\\/2025\\\/08\\\/43ad29efb955c1bd5adbc6d50901b974.webp\",\"width\":700,\"height\":579,\"caption\":\"Shampooing Activateur de Mue - Biogance\"},{\"@type\":\"BreadcrumbList\",\"@id\":\"https:\\\/\\\/www.animalsouk.ma\\\/animalerie-maroc\\\/produit\\\/shampooing-activateur-de-mue-biogance\\\/#breadcrumb\",\"itemListElement\":[{\"@type\":\"ListItem\",\"position\":1,\"name\":\"Home\",\"item\":\"https:\\\/\\\/www.animalsouk.ma\\\/animalerie-maroc\\\/\"},{\"@type\":\"ListItem\",\"position\":2,\"name\":\"Boutique\",\"item\":\"https:\\\/\\\/www.animalsouk.ma\\\/animalerie-maroc\\\/boutique\\\/\"},{\"@type\":\"ListItem\",\"position\":3,\"name\":\"Shampooing Activateur de Mue &#8211; Biogance\"}]},{\"@type\":\"WebSite\",\"@id\":\"https:\\\/\\\/www.animalsouk.ma\\\/animalerie-maroc\\\/#website\",\"url\":\"https:\\\/\\\/www.animalsouk.ma\\\/animalerie-maroc\\\/\",\"name\":\"Animalerie de casablanca\",\"description\":\"\",\"publisher\":{\"@id\":\"https:\\\/\\\/www.animalsouk.ma\\\/animalerie-maroc\\\/#organization\"},\"potentialAction\":[{\"@type\":\"SearchAction\",\"target\":{\"@type\":\"EntryPoint\",\"urlTemplate\":\"https:\\\/\\\/www.animalsouk.ma\\\/animalerie-maroc\\\/?s={search_term_string}\"},\"query-input\":{\"@type\":\"PropertyValueSpecification\",\"valueRequired\":true,\"valueName\":\"search_term_string\"}}],\"inLanguage\":\"fr-FR\"},{\"@type\":\"Organization\",\"@id\":\"https:\\\/\\\/www.animalsouk.ma\\\/animalerie-maroc\\\/#organization\",\"name\":\"Animalerie de casablanca\",\"url\":\"https:\\\/\\\/www.animalsouk.ma\\\/animalerie-maroc\\\/\",\"logo\":{\"@type\":\"ImageObject\",\"inLanguage\":\"fr-FR\",\"@id\":\"https:\\\/\\\/www.animalsouk.ma\\\/animalerie-maroc\\\/#\\\/schema\\\/logo\\\/image\\\/\",\"url\":\"https:\\\/\\\/www.animalsouk.ma\\\/animalerie-maroc\\\/wp-content\\\/uploads\\\/2025\\\/10\\\/animalsouk.ma-logo.png\",\"contentUrl\":\"https:\\\/\\\/www.animalsouk.ma\\\/animalerie-maroc\\\/wp-content\\\/uploads\\\/2025\\\/10\\\/animalsouk.ma-logo.png\",\"width\":760,\"height\":231,\"caption\":\"Animalerie de casablanca\"},\"image\":{\"@id\":\"https:\\\/\\\/www.animalsouk.ma\\\/animalerie-maroc\\\/#\\\/schema\\\/logo\\\/image\\\/\"},\"sameAs\":[\"https:\\\/\\\/www.facebook.com\\\/animalsouk.ma\",\"https:\\\/\\\/www.instagram.com\\\/animalsouk.ma\"]}]}<\/script>\n<!-- \/ Yoast SEO plugin. -->","yoast_head_json":{"title":"Shampooing Activateur de Mue - Biogance - Animalerie Maroc","description":"Achetez votre Shampooing Activateur de Mue - Biogance au meilleur prix au Maroc. Livraison rapide | Animalsouk.ma","robots":{"index":"index","follow":"follow","max-snippet":"max-snippet:-1","max-image-preview":"max-image-preview:large","max-video-preview":"max-video-preview:-1"},"canonical":"https:\/\/www.animalsouk.ma\/animalerie-maroc\/produit\/shampooing-activateur-de-mue-biogance\/","og_locale":"fr_FR","og_type":"article","og_title":"Shampooing Activateur de Mue - Biogance - Animalerie Maroc","og_description":"Achetez votre Shampooing Activateur de Mue - Biogance au meilleur prix au Maroc. Livraison rapide | Animalsouk.ma","og_url":"https:\/\/www.animalsouk.ma\/animalerie-maroc\/produit\/shampooing-activateur-de-mue-biogance\/","og_site_name":"Animalerie Maroc","article_publisher":"https:\/\/www.facebook.com\/animalsouk.ma","article_modified_time":"2025-09-08T20:44:45+00:00","og_image":[{"width":700,"height":579,"url":"https:\/\/www.animalsouk.ma\/animalerie-maroc\/wp-content\/uploads\/2025\/08\/43ad29efb955c1bd5adbc6d50901b974.webp","type":"image\/webp"}],"twitter_card":"summary_large_image","twitter_misc":{"Dur\u00e9e de lecture estim\u00e9e":"1 minute"},"schema":{"@context":"https:\/\/schema.org","@graph":[{"@type":"WebPage","@id":"https:\/\/www.animalsouk.ma\/animalerie-maroc\/produit\/shampooing-activateur-de-mue-biogance\/","url":"https:\/\/www.animalsouk.ma\/animalerie-maroc\/produit\/shampooing-activateur-de-mue-biogance\/","name":"Shampooing Activateur de Mue - Biogance - Animalerie Maroc","isPartOf":{"@id":"https:\/\/www.animalsouk.ma\/animalerie-maroc\/#website"},"primaryImageOfPage":{"@id":"https:\/\/www.animalsouk.ma\/animalerie-maroc\/produit\/shampooing-activateur-de-mue-biogance\/#primaryimage"},"image":{"@id":"https:\/\/www.animalsouk.ma\/animalerie-maroc\/produit\/shampooing-activateur-de-mue-biogance\/#primaryimage"},"thumbnailUrl":"https:\/\/www.animalsouk.ma\/animalerie-maroc\/wp-content\/uploads\/2025\/08\/43ad29efb955c1bd5adbc6d50901b974.webp","datePublished":"2025-08-28T23:41:21+00:00","dateModified":"2025-09-08T20:44:45+00:00","description":"Achetez votre Shampooing Activateur de Mue - Biogance au meilleur prix au Maroc. Livraison rapide | Animalsouk.ma","breadcrumb":{"@id":"https:\/\/www.animalsouk.ma\/animalerie-maroc\/produit\/shampooing-activateur-de-mue-biogance\/#breadcrumb"},"inLanguage":"fr-FR","potentialAction":[{"@type":"ReadAction","target":["https:\/\/www.animalsouk.ma\/animalerie-maroc\/produit\/shampooing-activateur-de-mue-biogance\/"]}]},{"@type":"ImageObject","inLanguage":"fr-FR","@id":"https:\/\/www.animalsouk.ma\/animalerie-maroc\/produit\/shampooing-activateur-de-mue-biogance\/#primaryimage","url":"https:\/\/www.animalsouk.ma\/animalerie-maroc\/wp-content\/uploads\/2025\/08\/43ad29efb955c1bd5adbc6d50901b974.webp","contentUrl":"https:\/\/www.animalsouk.ma\/animalerie-maroc\/wp-content\/uploads\/2025\/08\/43ad29efb955c1bd5adbc6d50901b974.webp","width":700,"height":579,"caption":"Shampooing Activateur de Mue - Biogance"},{"@type":"BreadcrumbList","@id":"https:\/\/www.animalsouk.ma\/animalerie-maroc\/produit\/shampooing-activateur-de-mue-biogance\/#breadcrumb","itemListElement":[{"@type":"ListItem","position":1,"name":"Home","item":"https:\/\/www.animalsouk.ma\/animalerie-maroc\/"},{"@type":"ListItem","position":2,"name":"Boutique","item":"https:\/\/www.animalsouk.ma\/animalerie-maroc\/boutique\/"},{"@type":"ListItem","position":3,"name":"Shampooing Activateur de Mue &#8211; Biogance"}]},{"@type":"WebSite","@id":"https:\/\/www.animalsouk.ma\/animalerie-maroc\/#website","url":"https:\/\/www.animalsouk.ma\/animalerie-maroc\/","name":"Animalerie de casablanca","description":"","publisher":{"@id":"https:\/\/www.animalsouk.ma\/animalerie-maroc\/#organization"},"potentialAction":[{"@type":"SearchAction","target":{"@type":"EntryPoint","urlTemplate":"https:\/\/www.animalsouk.ma\/animalerie-maroc\/?s={search_term_string}"},"query-input":{"@type":"PropertyValueSpecification","valueRequired":true,"valueName":"search_term_string"}}],"inLanguage":"fr-FR"},{"@type":"Organization","@id":"https:\/\/www.animalsouk.ma\/animalerie-maroc\/#organization","name":"Animalerie de casablanca","url":"https:\/\/www.animalsouk.ma\/animalerie-maroc\/","logo":{"@type":"ImageObject","inLanguage":"fr-FR","@id":"https:\/\/www.animalsouk.ma\/animalerie-maroc\/#\/schema\/logo\/image\/","url":"https:\/\/www.animalsouk.ma\/animalerie-maroc\/wp-content\/uploads\/2025\/10\/animalsouk.ma-logo.png","contentUrl":"https:\/\/www.animalsouk.ma\/animalerie-maroc\/wp-content\/uploads\/2025\/10\/animalsouk.ma-logo.png","width":760,"height":231,"caption":"Animalerie de casablanca"},"image":{"@id":"https:\/\/www.animalsouk.ma\/animalerie-maroc\/#\/schema\/logo\/image\/"},"sameAs":["https:\/\/www.facebook.com\/animalsouk.ma","https:\/\/www.instagram.com\/animalsouk.ma"]}]}},"_links":{"self":[{"href":"https:\/\/www.animalsouk.ma\/animalerie-maroc\/wp-json\/wp\/v2\/product\/517","targetHints":{"allow":["GET"]}}],"collection":[{"href":"https:\/\/www.animalsouk.ma\/animalerie-maroc\/wp-json\/wp\/v2\/product"}],"about":[{"href":"https:\/\/www.animalsouk.ma\/animalerie-maroc\/wp-json\/wp\/v2\/types\/product"}],"wp:featuredmedia":[{"embeddable":true,"href":"https:\/\/www.animalsouk.ma\/animalerie-maroc\/wp-json\/wp\/v2\/media\/516"}],"wp:attachment":[{"href":"https:\/\/www.animalsouk.ma\/animalerie-maroc\/wp-json\/wp\/v2\/media?parent=517"}],"wp:term":[{"taxonomy":"product_brand","embeddable":true,"href":"https:\/\/www.animalsouk.ma\/animalerie-maroc\/wp-json\/wp\/v2\/product_brand?post=517"},{"taxonomy":"product_cat","embeddable":true,"href":"https:\/\/www.animalsouk.ma\/animalerie-maroc\/wp-json\/wp\/v2\/product_cat?post=517"},{"taxonomy":"product_tag","embeddable":true,"href":"https:\/\/www.animalsouk.ma\/animalerie-maroc\/wp-json\/wp\/v2\/product_tag?post=517"}],"curies":[{"name":"wp","href":"https:\/\/api.w.org\/{rel}","templated":true}]}}