{"id":509,"date":"2025-08-29T01:41:20","date_gmt":"2025-08-28T23:41:20","guid":{"rendered":"https:\/\/www.animalsouk.ma\/animalerie\/product\/finest-fit-kitten-15kg-mera\/"},"modified":"2025-09-08T22:44:45","modified_gmt":"2025-09-08T20:44:45","slug":"finest-fit-kitten-15kg-mera","status":"publish","type":"product","link":"https:\/\/www.animalsouk.ma\/animalerie-maroc\/produit\/finest-fit-kitten-15kg-mera\/","title":{"rendered":"finest fit kitten 1,5kg- Mera"},"content":{"rendered":"<p>Les croquettes MERA pour chatons jusqu\u2019\u00e0 un an :<br \/>\n\u2022 Riche en poulet frais<br \/>\n\u2022 Recette sans bl\u00e9<br \/>\n\u2022 Avec colostrum de protection immunitaire<br \/>\n\u2022 Inuline pour d\u00e9velopper une flore intestinale stable<br \/>\n\u2022 Huile de saumon inclus dans la composition<br \/>\n\u2022 Raffin\u00e9 aux fruits des bois<br \/>\n\u2022 Assure une meilleure croissance<\/p>\n<p>Les croquettes les plus adapt\u00e9es pour chatons sont adapt\u00e9es aux besoins particuliers des chats jeunes jusqu\u2019\u00e0 un an. La combinaison savoureuse de volaille fra\u00eeche, de riz et de fruits des bois fournit une teneur \u00e9nerg\u00e9tique adapt\u00e9e \u00e0 l\u2019\u00e2ge et est facile \u00e0 dig\u00e9rer. Finest fit Kitten aide les jeunes chats \u00e0 d\u00e9velopper leur corps et leurs muscles gr\u00e2ce \u00e0 sa teneur \u00e9lev\u00e9e en prot\u00e9ines. Le colostrum soutient \u00e9galement le syst\u00e8me immunitaire de votre chat de mani\u00e8re naturelle dans la d\u00e9fense contre les agents pathog\u00e8nes. Cela signifie que rien ne s\u2019oppose \u00e0 un bon d\u00e9part dans la vie.<\/p>\n<p>Une nutrition holistique et adapt\u00e9e \u00e0 l\u2019esp\u00e8ce est au centre de nos produits les plus adapt\u00e9s. La nourriture s\u00e8che, la nourriture humide et les collations appropri\u00e9es sont adapt\u00e9es aux \u00e9tapes sp\u00e9cifiques de la vie de votre chat ou \u00e0 ses besoins particuliers.<\/p>\n<p>Des soins optimaux \u00e0 chaque \u00e9tape de la vie<br \/>\nLa gamme de produits la plus adapt\u00e9e fournit le programme nutritionnel optimal pour les besoins les plus vari\u00e9s \u00e0 chaque \u00e9tape de la vie \u2013 des chatons aux seniors.<\/p>\n<p>Pour une vie de chat pleine de d\u00e9couvertes passionnantes<br \/>\nFinest Fit est notre programme nutritionnel premium qui soutient activement votre chat de famille \u00e0 chaque \u00e9tape de sa vie. Pour cette raison, nous avons d\u00e9velopp\u00e9 des recettes sp\u00e9ciales en collaboration avec nos nutritionnistes afin d\u2019assurer des soins complets optimaux pour votre animal de compagnie. Toutes les recettes les mieux adapt\u00e9es sont r\u00e9guli\u00e8rement contr\u00f4l\u00e9es pour leur haute qualit\u00e9.<\/p>\n","protected":false},"excerpt":{"rendered":"<p>Les croquettes MERA pour chatons jusqu\u2019\u00e0 un an : \u2022 Riche en poulet frais \u2022 Recette sans bl\u00e9 \u2022 Avec colostrum de protection immunitaire \u2022 Inuline pour d\u00e9velopper une flore intestinale stable \u2022 Huile de saumon inclus dans la composition \u2022 Raffin\u00e9 aux fruits des bois \u2022 Assure une meilleure croissance Les croquettes les plus [&#8230;]\n","protected":false},"featured_media":508,"template":"","meta":[],"product_brand":[36],"product_cat":[18],"product_tag":[],"class_list":{"0":"post-509","1":"product","2":"type-product","3":"status-publish","4":"has-post-thumbnail","6":"product_brand-mera","7":"product_cat-alimentation-pour-chats","9":"first","10":"outofstock","11":"shipping-taxable","12":"purchasable","13":"product-type-simple"},"yoast_head":"<!-- This site is optimized with the Yoast SEO plugin v27.3 - https:\/\/yoast.com\/product\/yoast-seo-wordpress\/ -->\n<title>finest fit kitten 1,5kg- Mera - Animalerie Maroc<\/title>\n<meta name=\"description\" content=\"Achetez votre finest fit kitten 1,5kg- Mera au meilleur prix au Maroc. Livraison rapide | Animalsouk.ma\" \/>\n<meta name=\"robots\" content=\"index, follow, max-snippet:-1, max-image-preview:large, max-video-preview:-1\" \/>\n<link rel=\"canonical\" href=\"https:\/\/www.animalsouk.ma\/animalerie-maroc\/produit\/finest-fit-kitten-15kg-mera\/\" \/>\n<meta property=\"og:locale\" content=\"fr_FR\" \/>\n<meta property=\"og:type\" content=\"article\" \/>\n<meta property=\"og:title\" content=\"finest fit kitten 1,5kg- Mera - Animalerie Maroc\" \/>\n<meta property=\"og:description\" content=\"Achetez votre finest fit kitten 1,5kg- Mera au meilleur prix au Maroc. Livraison rapide | Animalsouk.ma\" \/>\n<meta property=\"og:url\" content=\"https:\/\/www.animalsouk.ma\/animalerie-maroc\/produit\/finest-fit-kitten-15kg-mera\/\" \/>\n<meta property=\"og:site_name\" content=\"Animalerie Maroc\" \/>\n<meta property=\"article:publisher\" content=\"https:\/\/www.facebook.com\/animalsouk.ma\" \/>\n<meta property=\"article:modified_time\" content=\"2025-09-08T20:44:45+00:00\" \/>\n<meta property=\"og:image\" content=\"https:\/\/www.animalsouk.ma\/animalerie-maroc\/wp-content\/uploads\/2025\/08\/df75a257bfe6f6e98929db012266c70e.webp\" \/>\n\t<meta property=\"og:image:width\" content=\"700\" \/>\n\t<meta property=\"og:image:height\" content=\"579\" \/>\n\t<meta property=\"og:image:type\" content=\"image\/webp\" \/>\n<meta name=\"twitter:card\" content=\"summary_large_image\" \/>\n<meta name=\"twitter:label1\" content=\"Dur\u00e9e de lecture estim\u00e9e\" \/>\n\t<meta name=\"twitter:data1\" content=\"2 minutes\" \/>\n<script type=\"application\/ld+json\" class=\"yoast-schema-graph\">{\"@context\":\"https:\\\/\\\/schema.org\",\"@graph\":[{\"@type\":\"WebPage\",\"@id\":\"https:\\\/\\\/www.animalsouk.ma\\\/animalerie-maroc\\\/produit\\\/finest-fit-kitten-15kg-mera\\\/\",\"url\":\"https:\\\/\\\/www.animalsouk.ma\\\/animalerie-maroc\\\/produit\\\/finest-fit-kitten-15kg-mera\\\/\",\"name\":\"finest fit kitten 1,5kg- Mera - Animalerie Maroc\",\"isPartOf\":{\"@id\":\"https:\\\/\\\/www.animalsouk.ma\\\/animalerie-maroc\\\/#website\"},\"primaryImageOfPage\":{\"@id\":\"https:\\\/\\\/www.animalsouk.ma\\\/animalerie-maroc\\\/produit\\\/finest-fit-kitten-15kg-mera\\\/#primaryimage\"},\"image\":{\"@id\":\"https:\\\/\\\/www.animalsouk.ma\\\/animalerie-maroc\\\/produit\\\/finest-fit-kitten-15kg-mera\\\/#primaryimage\"},\"thumbnailUrl\":\"https:\\\/\\\/www.animalsouk.ma\\\/animalerie-maroc\\\/wp-content\\\/uploads\\\/2025\\\/08\\\/df75a257bfe6f6e98929db012266c70e.webp\",\"datePublished\":\"2025-08-28T23:41:20+00:00\",\"dateModified\":\"2025-09-08T20:44:45+00:00\",\"description\":\"Achetez votre finest fit kitten 1,5kg- Mera au meilleur prix au Maroc. Livraison rapide | Animalsouk.ma\",\"breadcrumb\":{\"@id\":\"https:\\\/\\\/www.animalsouk.ma\\\/animalerie-maroc\\\/produit\\\/finest-fit-kitten-15kg-mera\\\/#breadcrumb\"},\"inLanguage\":\"fr-FR\",\"potentialAction\":[{\"@type\":\"ReadAction\",\"target\":[\"https:\\\/\\\/www.animalsouk.ma\\\/animalerie-maroc\\\/produit\\\/finest-fit-kitten-15kg-mera\\\/\"]}]},{\"@type\":\"ImageObject\",\"inLanguage\":\"fr-FR\",\"@id\":\"https:\\\/\\\/www.animalsouk.ma\\\/animalerie-maroc\\\/produit\\\/finest-fit-kitten-15kg-mera\\\/#primaryimage\",\"url\":\"https:\\\/\\\/www.animalsouk.ma\\\/animalerie-maroc\\\/wp-content\\\/uploads\\\/2025\\\/08\\\/df75a257bfe6f6e98929db012266c70e.webp\",\"contentUrl\":\"https:\\\/\\\/www.animalsouk.ma\\\/animalerie-maroc\\\/wp-content\\\/uploads\\\/2025\\\/08\\\/df75a257bfe6f6e98929db012266c70e.webp\",\"width\":700,\"height\":579,\"caption\":\"finest fit kitten 1,5kg- Mera\"},{\"@type\":\"BreadcrumbList\",\"@id\":\"https:\\\/\\\/www.animalsouk.ma\\\/animalerie-maroc\\\/produit\\\/finest-fit-kitten-15kg-mera\\\/#breadcrumb\",\"itemListElement\":[{\"@type\":\"ListItem\",\"position\":1,\"name\":\"Home\",\"item\":\"https:\\\/\\\/www.animalsouk.ma\\\/animalerie-maroc\\\/\"},{\"@type\":\"ListItem\",\"position\":2,\"name\":\"Boutique\",\"item\":\"https:\\\/\\\/www.animalsouk.ma\\\/animalerie-maroc\\\/boutique\\\/\"},{\"@type\":\"ListItem\",\"position\":3,\"name\":\"finest fit kitten 1,5kg- Mera\"}]},{\"@type\":\"WebSite\",\"@id\":\"https:\\\/\\\/www.animalsouk.ma\\\/animalerie-maroc\\\/#website\",\"url\":\"https:\\\/\\\/www.animalsouk.ma\\\/animalerie-maroc\\\/\",\"name\":\"Animalerie de casablanca\",\"description\":\"\",\"publisher\":{\"@id\":\"https:\\\/\\\/www.animalsouk.ma\\\/animalerie-maroc\\\/#organization\"},\"potentialAction\":[{\"@type\":\"SearchAction\",\"target\":{\"@type\":\"EntryPoint\",\"urlTemplate\":\"https:\\\/\\\/www.animalsouk.ma\\\/animalerie-maroc\\\/?s={search_term_string}\"},\"query-input\":{\"@type\":\"PropertyValueSpecification\",\"valueRequired\":true,\"valueName\":\"search_term_string\"}}],\"inLanguage\":\"fr-FR\"},{\"@type\":\"Organization\",\"@id\":\"https:\\\/\\\/www.animalsouk.ma\\\/animalerie-maroc\\\/#organization\",\"name\":\"Animalerie de casablanca\",\"url\":\"https:\\\/\\\/www.animalsouk.ma\\\/animalerie-maroc\\\/\",\"logo\":{\"@type\":\"ImageObject\",\"inLanguage\":\"fr-FR\",\"@id\":\"https:\\\/\\\/www.animalsouk.ma\\\/animalerie-maroc\\\/#\\\/schema\\\/logo\\\/image\\\/\",\"url\":\"https:\\\/\\\/www.animalsouk.ma\\\/animalerie-maroc\\\/wp-content\\\/uploads\\\/2025\\\/10\\\/animalsouk.ma-logo.png\",\"contentUrl\":\"https:\\\/\\\/www.animalsouk.ma\\\/animalerie-maroc\\\/wp-content\\\/uploads\\\/2025\\\/10\\\/animalsouk.ma-logo.png\",\"width\":760,\"height\":231,\"caption\":\"Animalerie de casablanca\"},\"image\":{\"@id\":\"https:\\\/\\\/www.animalsouk.ma\\\/animalerie-maroc\\\/#\\\/schema\\\/logo\\\/image\\\/\"},\"sameAs\":[\"https:\\\/\\\/www.facebook.com\\\/animalsouk.ma\",\"https:\\\/\\\/www.instagram.com\\\/animalsouk.ma\"]}]}<\/script>\n<!-- \/ Yoast SEO plugin. -->","yoast_head_json":{"title":"finest fit kitten 1,5kg- Mera - Animalerie Maroc","description":"Achetez votre finest fit kitten 1,5kg- Mera au meilleur prix au Maroc. Livraison rapide | Animalsouk.ma","robots":{"index":"index","follow":"follow","max-snippet":"max-snippet:-1","max-image-preview":"max-image-preview:large","max-video-preview":"max-video-preview:-1"},"canonical":"https:\/\/www.animalsouk.ma\/animalerie-maroc\/produit\/finest-fit-kitten-15kg-mera\/","og_locale":"fr_FR","og_type":"article","og_title":"finest fit kitten 1,5kg- Mera - Animalerie Maroc","og_description":"Achetez votre finest fit kitten 1,5kg- Mera au meilleur prix au Maroc. Livraison rapide | Animalsouk.ma","og_url":"https:\/\/www.animalsouk.ma\/animalerie-maroc\/produit\/finest-fit-kitten-15kg-mera\/","og_site_name":"Animalerie Maroc","article_publisher":"https:\/\/www.facebook.com\/animalsouk.ma","article_modified_time":"2025-09-08T20:44:45+00:00","og_image":[{"width":700,"height":579,"url":"https:\/\/www.animalsouk.ma\/animalerie-maroc\/wp-content\/uploads\/2025\/08\/df75a257bfe6f6e98929db012266c70e.webp","type":"image\/webp"}],"twitter_card":"summary_large_image","twitter_misc":{"Dur\u00e9e de lecture estim\u00e9e":"2 minutes"},"schema":{"@context":"https:\/\/schema.org","@graph":[{"@type":"WebPage","@id":"https:\/\/www.animalsouk.ma\/animalerie-maroc\/produit\/finest-fit-kitten-15kg-mera\/","url":"https:\/\/www.animalsouk.ma\/animalerie-maroc\/produit\/finest-fit-kitten-15kg-mera\/","name":"finest fit kitten 1,5kg- Mera - Animalerie Maroc","isPartOf":{"@id":"https:\/\/www.animalsouk.ma\/animalerie-maroc\/#website"},"primaryImageOfPage":{"@id":"https:\/\/www.animalsouk.ma\/animalerie-maroc\/produit\/finest-fit-kitten-15kg-mera\/#primaryimage"},"image":{"@id":"https:\/\/www.animalsouk.ma\/animalerie-maroc\/produit\/finest-fit-kitten-15kg-mera\/#primaryimage"},"thumbnailUrl":"https:\/\/www.animalsouk.ma\/animalerie-maroc\/wp-content\/uploads\/2025\/08\/df75a257bfe6f6e98929db012266c70e.webp","datePublished":"2025-08-28T23:41:20+00:00","dateModified":"2025-09-08T20:44:45+00:00","description":"Achetez votre finest fit kitten 1,5kg- Mera au meilleur prix au Maroc. Livraison rapide | Animalsouk.ma","breadcrumb":{"@id":"https:\/\/www.animalsouk.ma\/animalerie-maroc\/produit\/finest-fit-kitten-15kg-mera\/#breadcrumb"},"inLanguage":"fr-FR","potentialAction":[{"@type":"ReadAction","target":["https:\/\/www.animalsouk.ma\/animalerie-maroc\/produit\/finest-fit-kitten-15kg-mera\/"]}]},{"@type":"ImageObject","inLanguage":"fr-FR","@id":"https:\/\/www.animalsouk.ma\/animalerie-maroc\/produit\/finest-fit-kitten-15kg-mera\/#primaryimage","url":"https:\/\/www.animalsouk.ma\/animalerie-maroc\/wp-content\/uploads\/2025\/08\/df75a257bfe6f6e98929db012266c70e.webp","contentUrl":"https:\/\/www.animalsouk.ma\/animalerie-maroc\/wp-content\/uploads\/2025\/08\/df75a257bfe6f6e98929db012266c70e.webp","width":700,"height":579,"caption":"finest fit kitten 1,5kg- Mera"},{"@type":"BreadcrumbList","@id":"https:\/\/www.animalsouk.ma\/animalerie-maroc\/produit\/finest-fit-kitten-15kg-mera\/#breadcrumb","itemListElement":[{"@type":"ListItem","position":1,"name":"Home","item":"https:\/\/www.animalsouk.ma\/animalerie-maroc\/"},{"@type":"ListItem","position":2,"name":"Boutique","item":"https:\/\/www.animalsouk.ma\/animalerie-maroc\/boutique\/"},{"@type":"ListItem","position":3,"name":"finest fit kitten 1,5kg- Mera"}]},{"@type":"WebSite","@id":"https:\/\/www.animalsouk.ma\/animalerie-maroc\/#website","url":"https:\/\/www.animalsouk.ma\/animalerie-maroc\/","name":"Animalerie de casablanca","description":"","publisher":{"@id":"https:\/\/www.animalsouk.ma\/animalerie-maroc\/#organization"},"potentialAction":[{"@type":"SearchAction","target":{"@type":"EntryPoint","urlTemplate":"https:\/\/www.animalsouk.ma\/animalerie-maroc\/?s={search_term_string}"},"query-input":{"@type":"PropertyValueSpecification","valueRequired":true,"valueName":"search_term_string"}}],"inLanguage":"fr-FR"},{"@type":"Organization","@id":"https:\/\/www.animalsouk.ma\/animalerie-maroc\/#organization","name":"Animalerie de casablanca","url":"https:\/\/www.animalsouk.ma\/animalerie-maroc\/","logo":{"@type":"ImageObject","inLanguage":"fr-FR","@id":"https:\/\/www.animalsouk.ma\/animalerie-maroc\/#\/schema\/logo\/image\/","url":"https:\/\/www.animalsouk.ma\/animalerie-maroc\/wp-content\/uploads\/2025\/10\/animalsouk.ma-logo.png","contentUrl":"https:\/\/www.animalsouk.ma\/animalerie-maroc\/wp-content\/uploads\/2025\/10\/animalsouk.ma-logo.png","width":760,"height":231,"caption":"Animalerie de casablanca"},"image":{"@id":"https:\/\/www.animalsouk.ma\/animalerie-maroc\/#\/schema\/logo\/image\/"},"sameAs":["https:\/\/www.facebook.com\/animalsouk.ma","https:\/\/www.instagram.com\/animalsouk.ma"]}]}},"_links":{"self":[{"href":"https:\/\/www.animalsouk.ma\/animalerie-maroc\/wp-json\/wp\/v2\/product\/509","targetHints":{"allow":["GET"]}}],"collection":[{"href":"https:\/\/www.animalsouk.ma\/animalerie-maroc\/wp-json\/wp\/v2\/product"}],"about":[{"href":"https:\/\/www.animalsouk.ma\/animalerie-maroc\/wp-json\/wp\/v2\/types\/product"}],"wp:featuredmedia":[{"embeddable":true,"href":"https:\/\/www.animalsouk.ma\/animalerie-maroc\/wp-json\/wp\/v2\/media\/508"}],"wp:attachment":[{"href":"https:\/\/www.animalsouk.ma\/animalerie-maroc\/wp-json\/wp\/v2\/media?parent=509"}],"wp:term":[{"taxonomy":"product_brand","embeddable":true,"href":"https:\/\/www.animalsouk.ma\/animalerie-maroc\/wp-json\/wp\/v2\/product_brand?post=509"},{"taxonomy":"product_cat","embeddable":true,"href":"https:\/\/www.animalsouk.ma\/animalerie-maroc\/wp-json\/wp\/v2\/product_cat?post=509"},{"taxonomy":"product_tag","embeddable":true,"href":"https:\/\/www.animalsouk.ma\/animalerie-maroc\/wp-json\/wp\/v2\/product_tag?post=509"}],"curies":[{"name":"wp","href":"https:\/\/api.w.org\/{rel}","templated":true}]}}