{"id":467,"date":"2025-08-29T01:41:11","date_gmt":"2025-08-28T23:41:11","guid":{"rendered":"https:\/\/www.animalsouk.ma\/animalerie\/product\/royal-canin-rottweiler-puppy-12kg\/"},"modified":"2025-09-08T23:01:21","modified_gmt":"2025-09-08T21:01:21","slug":"royal-canin-rottweiler-puppy-12kg","status":"publish","type":"product","link":"https:\/\/www.animalsouk.ma\/animalerie-maroc\/produit\/royal-canin-rottweiler-puppy-12kg\/","title":{"rendered":"Royal Canin rottweiler Puppy 12kg"},"content":{"rendered":"<p>Croquettes Royal Canin rottweiler Puppy.<br \/>\nLa phase de croissance du jeune rottweiler est longue et intense. Durant cette p\u00e9riode, il a besoin d&rsquo;une alimentation qui r\u00e9ponde \u00e0 ses besoins nutritionnels sp\u00e9cifiques<\/p>\n<p>Les croquettes Royal Canin Rottweiler Puppy apporteront \u00e0 votre chiot un complexe d&rsquo;antioxydants brevet\u00e9 \u00e0 base de vitamine E essentielle qui aide \u00e0 construire un syst\u00e8me immunitaire sain et activer les d\u00e9fenses de l&rsquo;organisme. Puisque votre rottweiler est tr\u00e8s agile, ses articulations, ses muscles et ses os sont particuli\u00e8rement sollicit\u00e9s. Une teneur adapt\u00e9e en prot\u00e9ines, combin\u00e9e \u00e0 de la L-carnitine, du calcium et du phosphore, l&rsquo;aidera \u00e0 maintenir la sant\u00e9 de ses muscles et de ses os. Ces croquettes contiennent \u00e9galement des prot\u00e9ines L.I.P. et des pr\u00e9biotiques de qualit\u00e9 pour favoriser une  digestion saine et am\u00e9liorer la qualit\u00e9 des selles.<\/p>\n<p>Caract\u00e9ristiques des croquettes Royal Canin Rottweiler Puppy pour chiot :<\/p>\n<p>croquettes compl\u00e8tes et \u00e9quilibr\u00e9es pour chiot de la race des rottweilers jusqu&rsquo;\u00e0 18 mois<br \/>\nPour une vie saine<br \/>\nCette recette est sp\u00e9cialement adapt\u00e9e \u00e0 votre chiot et peut favoriser son syst\u00e8me immunitaire, son d\u00e9veloppement physique et sa digestion.<\/p>\n<p>Croquettes de forme adapt\u00e9e<br \/>\nLa forme, la taille et la texture de ces croquettes exclusives sont adapt\u00e9es \u00e0 la forme de la m\u00e2choire de votre rottweiler, elles se mangent facilement et permettent une meilleure mastication.<\/p>\n<p>pour une croissance id\u00e9ale : le calcium, le phosphore, la vitamine D et la L-carnitine peuvent favoriser un d\u00e9veloppement sain des muscles et des os<br \/>\nhaute digestibilit\u00e9 : les prot\u00e9ines L.I.P. et les pr\u00e9biotiques peuvent favoriser une digestion saine, l&rsquo;\u00e9quilibre de la flore intestinale et une bonne qualit\u00e9 des selles<br \/>\nprot\u00e8gent les articulations : la chondro\u00eftine, la glucosamine et les acides gras EPA\/DHA peuvent prot\u00e9ger les articulations sensibles pendant la phase de croissance<br \/>\npour un syst\u00e8me immunitaire fort : un complexe d&rsquo;antioxydants sp\u00e9cial \u00e0 base de vitamine E peut renforcer les d\u00e9fenses naturelles<br \/>\nhaute app\u00e9tence gr\u00e2ce \u00e0 un go\u00fbt exquis<\/p>\n<p>Royal Canin : une promesse de qualit\u00e9<br \/>\nTous les aliments Royal Canin sont soumis \u00e0 des contr\u00f4les stricts pour garantir une qualit\u00e9 optimale et s&rsquo;assurer qu&rsquo;ils soient parfaitement adapt\u00e9s aux besoins nutritionnels ainsi qu&rsquo;au mode de vie du chiot. Avec les croquettes Royal Canin Rottweiler Puppy, vous avez donc la garantie d&rsquo;offrir \u00e0 votre chiot un aliment \u00e9quilibr\u00e9 et de grande qualit\u00e9.<\/p>\n","protected":false},"excerpt":{"rendered":"<p>Croquettes Royal Canin rottweiler Puppy. La phase de croissance du jeune rottweiler est longue et intense. Durant cette p\u00e9riode, il a besoin d&rsquo;une alimentation qui r\u00e9ponde \u00e0 ses besoins nutritionnels sp\u00e9cifiques Les croquettes Royal Canin Rottweiler Puppy apporteront \u00e0 votre chiot un complexe d&rsquo;antioxydants brevet\u00e9 \u00e0 base de vitamine E essentielle qui aide \u00e0 construire [&#8230;]\n","protected":false},"featured_media":466,"template":"","meta":[],"product_brand":[31],"product_cat":[20],"product_tag":[],"class_list":{"0":"post-467","1":"product","2":"type-product","3":"status-publish","4":"has-post-thumbnail","6":"product_brand-royal-canin","7":"product_cat-alimentation-pour-chiens","9":"first","10":"outofstock","11":"shipping-taxable","12":"purchasable","13":"product-type-simple"},"yoast_head":"<!-- This site is optimized with the Yoast SEO plugin v27.3 - https:\/\/yoast.com\/product\/yoast-seo-wordpress\/ -->\n<title>Royal Canin rottweiler Puppy 12kg - Animalerie Maroc<\/title>\n<meta name=\"description\" content=\"Achetez votre Royal Canin rottweiler Puppy 12kg au meilleur prix au Maroc. Livraison rapide | Animalsouk.ma\" \/>\n<meta name=\"robots\" content=\"index, follow, max-snippet:-1, max-image-preview:large, max-video-preview:-1\" \/>\n<link rel=\"canonical\" href=\"https:\/\/www.animalsouk.ma\/animalerie-maroc\/produit\/royal-canin-rottweiler-puppy-12kg\/\" \/>\n<meta property=\"og:locale\" content=\"fr_FR\" \/>\n<meta property=\"og:type\" content=\"article\" \/>\n<meta property=\"og:title\" content=\"Royal Canin rottweiler Puppy 12kg - Animalerie Maroc\" \/>\n<meta property=\"og:description\" content=\"Achetez votre Royal Canin rottweiler Puppy 12kg au meilleur prix au Maroc. Livraison rapide | Animalsouk.ma\" \/>\n<meta property=\"og:url\" content=\"https:\/\/www.animalsouk.ma\/animalerie-maroc\/produit\/royal-canin-rottweiler-puppy-12kg\/\" \/>\n<meta property=\"og:site_name\" content=\"Animalerie Maroc\" \/>\n<meta property=\"article:publisher\" content=\"https:\/\/www.facebook.com\/animalsouk.ma\" \/>\n<meta property=\"article:modified_time\" content=\"2025-09-08T21:01:21+00:00\" \/>\n<meta property=\"og:image\" content=\"https:\/\/www.animalsouk.ma\/animalerie-maroc\/wp-content\/uploads\/2025\/08\/6b4ef8a5a15ddb5aa5546d08ee713bfd.webp\" \/>\n\t<meta property=\"og:image:width\" content=\"700\" \/>\n\t<meta property=\"og:image:height\" content=\"579\" \/>\n\t<meta property=\"og:image:type\" content=\"image\/webp\" \/>\n<meta name=\"twitter:card\" content=\"summary_large_image\" \/>\n<meta name=\"twitter:label1\" content=\"Dur\u00e9e de lecture estim\u00e9e\" \/>\n\t<meta name=\"twitter:data1\" content=\"2 minutes\" \/>\n<script type=\"application\/ld+json\" class=\"yoast-schema-graph\">{\"@context\":\"https:\\\/\\\/schema.org\",\"@graph\":[{\"@type\":\"WebPage\",\"@id\":\"https:\\\/\\\/www.animalsouk.ma\\\/animalerie-maroc\\\/produit\\\/royal-canin-rottweiler-puppy-12kg\\\/\",\"url\":\"https:\\\/\\\/www.animalsouk.ma\\\/animalerie-maroc\\\/produit\\\/royal-canin-rottweiler-puppy-12kg\\\/\",\"name\":\"Royal Canin rottweiler Puppy 12kg - Animalerie Maroc\",\"isPartOf\":{\"@id\":\"https:\\\/\\\/www.animalsouk.ma\\\/animalerie-maroc\\\/#website\"},\"primaryImageOfPage\":{\"@id\":\"https:\\\/\\\/www.animalsouk.ma\\\/animalerie-maroc\\\/produit\\\/royal-canin-rottweiler-puppy-12kg\\\/#primaryimage\"},\"image\":{\"@id\":\"https:\\\/\\\/www.animalsouk.ma\\\/animalerie-maroc\\\/produit\\\/royal-canin-rottweiler-puppy-12kg\\\/#primaryimage\"},\"thumbnailUrl\":\"https:\\\/\\\/www.animalsouk.ma\\\/animalerie-maroc\\\/wp-content\\\/uploads\\\/2025\\\/08\\\/6b4ef8a5a15ddb5aa5546d08ee713bfd.webp\",\"datePublished\":\"2025-08-28T23:41:11+00:00\",\"dateModified\":\"2025-09-08T21:01:21+00:00\",\"description\":\"Achetez votre Royal Canin rottweiler Puppy 12kg au meilleur prix au Maroc. Livraison rapide | Animalsouk.ma\",\"breadcrumb\":{\"@id\":\"https:\\\/\\\/www.animalsouk.ma\\\/animalerie-maroc\\\/produit\\\/royal-canin-rottweiler-puppy-12kg\\\/#breadcrumb\"},\"inLanguage\":\"fr-FR\",\"potentialAction\":[{\"@type\":\"ReadAction\",\"target\":[\"https:\\\/\\\/www.animalsouk.ma\\\/animalerie-maroc\\\/produit\\\/royal-canin-rottweiler-puppy-12kg\\\/\"]}]},{\"@type\":\"ImageObject\",\"inLanguage\":\"fr-FR\",\"@id\":\"https:\\\/\\\/www.animalsouk.ma\\\/animalerie-maroc\\\/produit\\\/royal-canin-rottweiler-puppy-12kg\\\/#primaryimage\",\"url\":\"https:\\\/\\\/www.animalsouk.ma\\\/animalerie-maroc\\\/wp-content\\\/uploads\\\/2025\\\/08\\\/6b4ef8a5a15ddb5aa5546d08ee713bfd.webp\",\"contentUrl\":\"https:\\\/\\\/www.animalsouk.ma\\\/animalerie-maroc\\\/wp-content\\\/uploads\\\/2025\\\/08\\\/6b4ef8a5a15ddb5aa5546d08ee713bfd.webp\",\"width\":700,\"height\":579,\"caption\":\"Royal Canin rottweiler Puppy 12kg\"},{\"@type\":\"BreadcrumbList\",\"@id\":\"https:\\\/\\\/www.animalsouk.ma\\\/animalerie-maroc\\\/produit\\\/royal-canin-rottweiler-puppy-12kg\\\/#breadcrumb\",\"itemListElement\":[{\"@type\":\"ListItem\",\"position\":1,\"name\":\"Home\",\"item\":\"https:\\\/\\\/www.animalsouk.ma\\\/animalerie-maroc\\\/\"},{\"@type\":\"ListItem\",\"position\":2,\"name\":\"Boutique\",\"item\":\"https:\\\/\\\/www.animalsouk.ma\\\/animalerie-maroc\\\/boutique\\\/\"},{\"@type\":\"ListItem\",\"position\":3,\"name\":\"Royal Canin rottweiler Puppy 12kg\"}]},{\"@type\":\"WebSite\",\"@id\":\"https:\\\/\\\/www.animalsouk.ma\\\/animalerie-maroc\\\/#website\",\"url\":\"https:\\\/\\\/www.animalsouk.ma\\\/animalerie-maroc\\\/\",\"name\":\"Animalerie de casablanca\",\"description\":\"\",\"publisher\":{\"@id\":\"https:\\\/\\\/www.animalsouk.ma\\\/animalerie-maroc\\\/#organization\"},\"potentialAction\":[{\"@type\":\"SearchAction\",\"target\":{\"@type\":\"EntryPoint\",\"urlTemplate\":\"https:\\\/\\\/www.animalsouk.ma\\\/animalerie-maroc\\\/?s={search_term_string}\"},\"query-input\":{\"@type\":\"PropertyValueSpecification\",\"valueRequired\":true,\"valueName\":\"search_term_string\"}}],\"inLanguage\":\"fr-FR\"},{\"@type\":\"Organization\",\"@id\":\"https:\\\/\\\/www.animalsouk.ma\\\/animalerie-maroc\\\/#organization\",\"name\":\"Animalerie de casablanca\",\"url\":\"https:\\\/\\\/www.animalsouk.ma\\\/animalerie-maroc\\\/\",\"logo\":{\"@type\":\"ImageObject\",\"inLanguage\":\"fr-FR\",\"@id\":\"https:\\\/\\\/www.animalsouk.ma\\\/animalerie-maroc\\\/#\\\/schema\\\/logo\\\/image\\\/\",\"url\":\"https:\\\/\\\/www.animalsouk.ma\\\/animalerie-maroc\\\/wp-content\\\/uploads\\\/2025\\\/10\\\/animalsouk.ma-logo.png\",\"contentUrl\":\"https:\\\/\\\/www.animalsouk.ma\\\/animalerie-maroc\\\/wp-content\\\/uploads\\\/2025\\\/10\\\/animalsouk.ma-logo.png\",\"width\":760,\"height\":231,\"caption\":\"Animalerie de casablanca\"},\"image\":{\"@id\":\"https:\\\/\\\/www.animalsouk.ma\\\/animalerie-maroc\\\/#\\\/schema\\\/logo\\\/image\\\/\"},\"sameAs\":[\"https:\\\/\\\/www.facebook.com\\\/animalsouk.ma\",\"https:\\\/\\\/www.instagram.com\\\/animalsouk.ma\"]}]}<\/script>\n<!-- \/ Yoast SEO plugin. -->","yoast_head_json":{"title":"Royal Canin rottweiler Puppy 12kg - Animalerie Maroc","description":"Achetez votre Royal Canin rottweiler Puppy 12kg au meilleur prix au Maroc. Livraison rapide | Animalsouk.ma","robots":{"index":"index","follow":"follow","max-snippet":"max-snippet:-1","max-image-preview":"max-image-preview:large","max-video-preview":"max-video-preview:-1"},"canonical":"https:\/\/www.animalsouk.ma\/animalerie-maroc\/produit\/royal-canin-rottweiler-puppy-12kg\/","og_locale":"fr_FR","og_type":"article","og_title":"Royal Canin rottweiler Puppy 12kg - Animalerie Maroc","og_description":"Achetez votre Royal Canin rottweiler Puppy 12kg au meilleur prix au Maroc. Livraison rapide | Animalsouk.ma","og_url":"https:\/\/www.animalsouk.ma\/animalerie-maroc\/produit\/royal-canin-rottweiler-puppy-12kg\/","og_site_name":"Animalerie Maroc","article_publisher":"https:\/\/www.facebook.com\/animalsouk.ma","article_modified_time":"2025-09-08T21:01:21+00:00","og_image":[{"width":700,"height":579,"url":"https:\/\/www.animalsouk.ma\/animalerie-maroc\/wp-content\/uploads\/2025\/08\/6b4ef8a5a15ddb5aa5546d08ee713bfd.webp","type":"image\/webp"}],"twitter_card":"summary_large_image","twitter_misc":{"Dur\u00e9e de lecture estim\u00e9e":"2 minutes"},"schema":{"@context":"https:\/\/schema.org","@graph":[{"@type":"WebPage","@id":"https:\/\/www.animalsouk.ma\/animalerie-maroc\/produit\/royal-canin-rottweiler-puppy-12kg\/","url":"https:\/\/www.animalsouk.ma\/animalerie-maroc\/produit\/royal-canin-rottweiler-puppy-12kg\/","name":"Royal Canin rottweiler Puppy 12kg - Animalerie Maroc","isPartOf":{"@id":"https:\/\/www.animalsouk.ma\/animalerie-maroc\/#website"},"primaryImageOfPage":{"@id":"https:\/\/www.animalsouk.ma\/animalerie-maroc\/produit\/royal-canin-rottweiler-puppy-12kg\/#primaryimage"},"image":{"@id":"https:\/\/www.animalsouk.ma\/animalerie-maroc\/produit\/royal-canin-rottweiler-puppy-12kg\/#primaryimage"},"thumbnailUrl":"https:\/\/www.animalsouk.ma\/animalerie-maroc\/wp-content\/uploads\/2025\/08\/6b4ef8a5a15ddb5aa5546d08ee713bfd.webp","datePublished":"2025-08-28T23:41:11+00:00","dateModified":"2025-09-08T21:01:21+00:00","description":"Achetez votre Royal Canin rottweiler Puppy 12kg au meilleur prix au Maroc. Livraison rapide | Animalsouk.ma","breadcrumb":{"@id":"https:\/\/www.animalsouk.ma\/animalerie-maroc\/produit\/royal-canin-rottweiler-puppy-12kg\/#breadcrumb"},"inLanguage":"fr-FR","potentialAction":[{"@type":"ReadAction","target":["https:\/\/www.animalsouk.ma\/animalerie-maroc\/produit\/royal-canin-rottweiler-puppy-12kg\/"]}]},{"@type":"ImageObject","inLanguage":"fr-FR","@id":"https:\/\/www.animalsouk.ma\/animalerie-maroc\/produit\/royal-canin-rottweiler-puppy-12kg\/#primaryimage","url":"https:\/\/www.animalsouk.ma\/animalerie-maroc\/wp-content\/uploads\/2025\/08\/6b4ef8a5a15ddb5aa5546d08ee713bfd.webp","contentUrl":"https:\/\/www.animalsouk.ma\/animalerie-maroc\/wp-content\/uploads\/2025\/08\/6b4ef8a5a15ddb5aa5546d08ee713bfd.webp","width":700,"height":579,"caption":"Royal Canin rottweiler Puppy 12kg"},{"@type":"BreadcrumbList","@id":"https:\/\/www.animalsouk.ma\/animalerie-maroc\/produit\/royal-canin-rottweiler-puppy-12kg\/#breadcrumb","itemListElement":[{"@type":"ListItem","position":1,"name":"Home","item":"https:\/\/www.animalsouk.ma\/animalerie-maroc\/"},{"@type":"ListItem","position":2,"name":"Boutique","item":"https:\/\/www.animalsouk.ma\/animalerie-maroc\/boutique\/"},{"@type":"ListItem","position":3,"name":"Royal Canin rottweiler Puppy 12kg"}]},{"@type":"WebSite","@id":"https:\/\/www.animalsouk.ma\/animalerie-maroc\/#website","url":"https:\/\/www.animalsouk.ma\/animalerie-maroc\/","name":"Animalerie de casablanca","description":"","publisher":{"@id":"https:\/\/www.animalsouk.ma\/animalerie-maroc\/#organization"},"potentialAction":[{"@type":"SearchAction","target":{"@type":"EntryPoint","urlTemplate":"https:\/\/www.animalsouk.ma\/animalerie-maroc\/?s={search_term_string}"},"query-input":{"@type":"PropertyValueSpecification","valueRequired":true,"valueName":"search_term_string"}}],"inLanguage":"fr-FR"},{"@type":"Organization","@id":"https:\/\/www.animalsouk.ma\/animalerie-maroc\/#organization","name":"Animalerie de casablanca","url":"https:\/\/www.animalsouk.ma\/animalerie-maroc\/","logo":{"@type":"ImageObject","inLanguage":"fr-FR","@id":"https:\/\/www.animalsouk.ma\/animalerie-maroc\/#\/schema\/logo\/image\/","url":"https:\/\/www.animalsouk.ma\/animalerie-maroc\/wp-content\/uploads\/2025\/10\/animalsouk.ma-logo.png","contentUrl":"https:\/\/www.animalsouk.ma\/animalerie-maroc\/wp-content\/uploads\/2025\/10\/animalsouk.ma-logo.png","width":760,"height":231,"caption":"Animalerie de casablanca"},"image":{"@id":"https:\/\/www.animalsouk.ma\/animalerie-maroc\/#\/schema\/logo\/image\/"},"sameAs":["https:\/\/www.facebook.com\/animalsouk.ma","https:\/\/www.instagram.com\/animalsouk.ma"]}]}},"_links":{"self":[{"href":"https:\/\/www.animalsouk.ma\/animalerie-maroc\/wp-json\/wp\/v2\/product\/467","targetHints":{"allow":["GET"]}}],"collection":[{"href":"https:\/\/www.animalsouk.ma\/animalerie-maroc\/wp-json\/wp\/v2\/product"}],"about":[{"href":"https:\/\/www.animalsouk.ma\/animalerie-maroc\/wp-json\/wp\/v2\/types\/product"}],"wp:featuredmedia":[{"embeddable":true,"href":"https:\/\/www.animalsouk.ma\/animalerie-maroc\/wp-json\/wp\/v2\/media\/466"}],"wp:attachment":[{"href":"https:\/\/www.animalsouk.ma\/animalerie-maroc\/wp-json\/wp\/v2\/media?parent=467"}],"wp:term":[{"taxonomy":"product_brand","embeddable":true,"href":"https:\/\/www.animalsouk.ma\/animalerie-maroc\/wp-json\/wp\/v2\/product_brand?post=467"},{"taxonomy":"product_cat","embeddable":true,"href":"https:\/\/www.animalsouk.ma\/animalerie-maroc\/wp-json\/wp\/v2\/product_cat?post=467"},{"taxonomy":"product_tag","embeddable":true,"href":"https:\/\/www.animalsouk.ma\/animalerie-maroc\/wp-json\/wp\/v2\/product_tag?post=467"}],"curies":[{"name":"wp","href":"https:\/\/api.w.org\/{rel}","templated":true}]}}