{"id":461,"date":"2025-08-29T01:41:10","date_gmt":"2025-08-28T23:41:10","guid":{"rendered":"https:\/\/www.animalsouk.ma\/animalerie\/product\/virbac-vitaminthe-vermifuge-pour-chat-et-chien\/"},"modified":"2025-11-04T13:32:34","modified_gmt":"2025-11-04T12:32:34","slug":"virbac-vitaminthe-vermifuge-pour-chat-et-chien","status":"publish","type":"product","link":"https:\/\/www.animalsouk.ma\/animalerie-maroc\/produit\/virbac-vitaminthe-vermifuge-pour-chat-et-chien\/","title":{"rendered":"virbac vitaminthe vermifuge pour chat et chien"},"content":{"rendered":"<p>Le Vitaminthe VIRBAC est un vermifuge pour chien et chat en p\u00e2te orale lutte contre les affections \u00e0 parasites sensibles \u00e0 l\u2019oxibendazole et au niclosamide.<\/p>\n<p>Chez les chiens et les chats, Vitaminthe traitement des infestations par les parasites suivants:<br \/>\nN\u00e9matodes gastro-intestinaux :<br \/>\n\u2013 Toxacara canis et cati, Toxascaris leonina, Ankylostoma caninum, Uncinaria stenocephala.<\/p>\n<p>Cestodes :<br \/>\n\u2013 Taenia spp, Dipylidium caninum<br \/>\nBoite de 1 seringue pour administration oral de 25 ml : chaque graduation correspond au traitement de 10 kg poids vif.<\/p>\n<p>INDICATION DE VITAMINTHE<br \/>\nUtilisable chez les chiens et les chats de tous \u00e2ges contre les vers sensibles \u00e0 l\u2019oxibendazole et au niclosamide :<\/p>\n<p>\u2013 les n\u00e9matodes gastro-intestinaux (Toxocara canis, Toxocara cati, Toxascaris leonina, Ankylostoma caninum, Uncinaria stenocephala).<\/p>\n<p>\u2013 les cestodes : Taenia spp, Dipylidium caninum.<\/p>\n<p>COMPOSITION DE VITAMINTHE<br \/>\n1 ml de p\u00e2te orale Vitaminthe contient :<\/p>\n<p>\u2013 240 mg de Niclosamide<\/p>\n<p>\u2013 30 mg d\u2019Oxibendazole<\/p>\n<p>\u2013 excipients (qsp 1ml : benzoate de sodium, m\u00e9tabisulfite de sodium, chlorure de d\u00e9qualinium).<\/p>\n<p>POSOLOGIE \/ DOSAGE DE VITAMINTHE<br \/>\nChiens et chats : 0,5 mL de p\u00e2te par kg en une administration unique par voie orale.<\/p>\n<p>Les seringues dose\/poids de Vitaminthe facilitent grandement le calcul de la dose \u00e0 donner :<\/p>\n<p>\u2013 pour une seringue de 10 mL, chaque graduation correspond au traitement de 2 kg de poids vif<\/p>\n<p>\u2013 pour une seringue de 25 mL, chaque graduation correspond au traitement de 10 kg de poids vif.<\/p>\n<p>Vitaminthe s\u2019administre par voie orale, directement dans le gueule de l\u2019animal sur la langue ou bien m\u00e9lang\u00e9 \u00e0 la nourriture.<\/p>\n<p>Les chats et les chiens adultes devraient \u00eatre vermifug\u00e9s 3 \u00e0 4 fois par an (et d\u00e8s que des vers sont visibles dans les selles).<\/p>\n<p>Les chiots doivent \u00eatre vermifug\u00e9s \u00e0 l\u2019\u00e2ge de 2, 4, 6 et 8 semaines puis tous les mois jusqu\u2019\u00e0 l\u2019\u00e2ge de 6 mois puis \u00e0 l\u2019\u00e2ge de 9 mois et 12 mois.<\/p>\n<p>Les chatons doivent \u00eatre vermifug\u00e9s \u00e0 l\u2019\u00e2ge de 3, 5, 7 et 9 semaines puis tous les mois jusqu\u2019\u00e0 l\u2019\u00e2ge de 6 mois puis \u00e0 l\u2019\u00e2ge de 9 mois et 12 mois.<\/p>\n<p>PR\u00c9SENTATION DE VITAMINTHE<br \/>\nVitaminthe est pr\u00e9sent\u00e9 sous forme de seringue de 10 ou 25 mL.<\/p>\n<p>Chaque pr\u00e9sentation pr\u00e9sente le m\u00eame produit dos\u00e9 de la m\u00eame mani\u00e8re seulement chaque seringue permet de traiter plus ou moins de kilos de chiens (et se donne plus ou moins facilement en fonction du poids du chien).<\/p>\n<p>La seringue de 10 mL permet de traiter 20 kg de chien ou chat en tout (1 graduation pour 2 kg)<\/p>\n<p>La seringue de 25 mL permet de traiter 50 kg de chien en tout (1 graduation pour 10 kg).<\/p>\n","protected":false},"excerpt":{"rendered":"<p>Le Vitaminthe VIRBAC est un vermifuge pour chien et chat en p\u00e2te orale lutte contre les affections \u00e0 parasites sensibles \u00e0 l\u2019oxibendazole et au niclosamide. Chez les chiens et les chats, Vitaminthe traitement des infestations par les parasites suivants: N\u00e9matodes gastro-intestinaux : \u2013 Toxacara canis et cati, Toxascaris leonina, Ankylostoma caninum, Uncinaria stenocephala. Cestodes : [&#8230;]\n","protected":false},"featured_media":460,"template":"","meta":[],"product_brand":[],"product_cat":[70],"product_tag":[],"class_list":{"0":"post-461","1":"product","2":"type-product","3":"status-publish","4":"has-post-thumbnail","6":"product_cat-vermifuges-et-antiparasitaires","8":"first","9":"outofstock","10":"shipping-taxable","11":"purchasable","12":"product-type-simple"},"yoast_head":"<!-- This site is optimized with the Yoast SEO plugin v27.3 - https:\/\/yoast.com\/product\/yoast-seo-wordpress\/ -->\n<title>virbac vitaminthe vermifuge pour chat et chien - Animalerie Maroc<\/title>\n<meta name=\"description\" content=\"Achetez votre virbac vitaminthe vermifuge pour chat et chien au meilleur prix au Maroc. Livraison rapide | Animalsouk.ma\" \/>\n<meta name=\"robots\" content=\"index, follow, max-snippet:-1, max-image-preview:large, max-video-preview:-1\" \/>\n<link rel=\"canonical\" href=\"https:\/\/www.animalsouk.ma\/animalerie-maroc\/produit\/virbac-vitaminthe-vermifuge-pour-chat-et-chien\/\" \/>\n<meta property=\"og:locale\" content=\"fr_FR\" \/>\n<meta property=\"og:type\" content=\"article\" \/>\n<meta property=\"og:title\" content=\"virbac vitaminthe vermifuge pour chat et chien - Animalerie Maroc\" \/>\n<meta property=\"og:description\" content=\"Achetez votre virbac vitaminthe vermifuge pour chat et chien au meilleur prix au Maroc. Livraison rapide | Animalsouk.ma\" \/>\n<meta property=\"og:url\" content=\"https:\/\/www.animalsouk.ma\/animalerie-maroc\/produit\/virbac-vitaminthe-vermifuge-pour-chat-et-chien\/\" \/>\n<meta property=\"og:site_name\" content=\"Animalerie Maroc\" \/>\n<meta property=\"article:publisher\" content=\"https:\/\/www.facebook.com\/animalsouk.ma\" \/>\n<meta property=\"article:modified_time\" content=\"2025-11-04T12:32:34+00:00\" \/>\n<meta property=\"og:image\" content=\"https:\/\/www.animalsouk.ma\/animalerie-maroc\/wp-content\/uploads\/2025\/08\/63fcb3212049a12b222538f04775647b.webp\" \/>\n\t<meta property=\"og:image:width\" content=\"700\" \/>\n\t<meta property=\"og:image:height\" content=\"579\" \/>\n\t<meta property=\"og:image:type\" content=\"image\/webp\" \/>\n<meta name=\"twitter:card\" content=\"summary_large_image\" \/>\n<meta name=\"twitter:label1\" content=\"Dur\u00e9e de lecture estim\u00e9e\" \/>\n\t<meta name=\"twitter:data1\" content=\"2 minutes\" \/>\n<script type=\"application\/ld+json\" class=\"yoast-schema-graph\">{\"@context\":\"https:\\\/\\\/schema.org\",\"@graph\":[{\"@type\":\"WebPage\",\"@id\":\"https:\\\/\\\/www.animalsouk.ma\\\/animalerie-maroc\\\/produit\\\/virbac-vitaminthe-vermifuge-pour-chat-et-chien\\\/\",\"url\":\"https:\\\/\\\/www.animalsouk.ma\\\/animalerie-maroc\\\/produit\\\/virbac-vitaminthe-vermifuge-pour-chat-et-chien\\\/\",\"name\":\"virbac vitaminthe vermifuge pour chat et chien - Animalerie Maroc\",\"isPartOf\":{\"@id\":\"https:\\\/\\\/www.animalsouk.ma\\\/animalerie-maroc\\\/#website\"},\"primaryImageOfPage\":{\"@id\":\"https:\\\/\\\/www.animalsouk.ma\\\/animalerie-maroc\\\/produit\\\/virbac-vitaminthe-vermifuge-pour-chat-et-chien\\\/#primaryimage\"},\"image\":{\"@id\":\"https:\\\/\\\/www.animalsouk.ma\\\/animalerie-maroc\\\/produit\\\/virbac-vitaminthe-vermifuge-pour-chat-et-chien\\\/#primaryimage\"},\"thumbnailUrl\":\"https:\\\/\\\/www.animalsouk.ma\\\/animalerie-maroc\\\/wp-content\\\/uploads\\\/2025\\\/08\\\/63fcb3212049a12b222538f04775647b.webp\",\"datePublished\":\"2025-08-28T23:41:10+00:00\",\"dateModified\":\"2025-11-04T12:32:34+00:00\",\"description\":\"Achetez votre virbac vitaminthe vermifuge pour chat et chien au meilleur prix au Maroc. Livraison rapide | Animalsouk.ma\",\"breadcrumb\":{\"@id\":\"https:\\\/\\\/www.animalsouk.ma\\\/animalerie-maroc\\\/produit\\\/virbac-vitaminthe-vermifuge-pour-chat-et-chien\\\/#breadcrumb\"},\"inLanguage\":\"fr-FR\",\"potentialAction\":[{\"@type\":\"ReadAction\",\"target\":[\"https:\\\/\\\/www.animalsouk.ma\\\/animalerie-maroc\\\/produit\\\/virbac-vitaminthe-vermifuge-pour-chat-et-chien\\\/\"]}]},{\"@type\":\"ImageObject\",\"inLanguage\":\"fr-FR\",\"@id\":\"https:\\\/\\\/www.animalsouk.ma\\\/animalerie-maroc\\\/produit\\\/virbac-vitaminthe-vermifuge-pour-chat-et-chien\\\/#primaryimage\",\"url\":\"https:\\\/\\\/www.animalsouk.ma\\\/animalerie-maroc\\\/wp-content\\\/uploads\\\/2025\\\/08\\\/63fcb3212049a12b222538f04775647b.webp\",\"contentUrl\":\"https:\\\/\\\/www.animalsouk.ma\\\/animalerie-maroc\\\/wp-content\\\/uploads\\\/2025\\\/08\\\/63fcb3212049a12b222538f04775647b.webp\",\"width\":700,\"height\":579,\"caption\":\"virbac vitaminthe vermifuge pour chat et chien\"},{\"@type\":\"BreadcrumbList\",\"@id\":\"https:\\\/\\\/www.animalsouk.ma\\\/animalerie-maroc\\\/produit\\\/virbac-vitaminthe-vermifuge-pour-chat-et-chien\\\/#breadcrumb\",\"itemListElement\":[{\"@type\":\"ListItem\",\"position\":1,\"name\":\"Home\",\"item\":\"https:\\\/\\\/www.animalsouk.ma\\\/animalerie-maroc\\\/\"},{\"@type\":\"ListItem\",\"position\":2,\"name\":\"Boutique\",\"item\":\"https:\\\/\\\/www.animalsouk.ma\\\/animalerie-maroc\\\/boutique\\\/\"},{\"@type\":\"ListItem\",\"position\":3,\"name\":\"virbac vitaminthe vermifuge pour chat et chien\"}]},{\"@type\":\"WebSite\",\"@id\":\"https:\\\/\\\/www.animalsouk.ma\\\/animalerie-maroc\\\/#website\",\"url\":\"https:\\\/\\\/www.animalsouk.ma\\\/animalerie-maroc\\\/\",\"name\":\"Animalerie de casablanca\",\"description\":\"\",\"publisher\":{\"@id\":\"https:\\\/\\\/www.animalsouk.ma\\\/animalerie-maroc\\\/#organization\"},\"potentialAction\":[{\"@type\":\"SearchAction\",\"target\":{\"@type\":\"EntryPoint\",\"urlTemplate\":\"https:\\\/\\\/www.animalsouk.ma\\\/animalerie-maroc\\\/?s={search_term_string}\"},\"query-input\":{\"@type\":\"PropertyValueSpecification\",\"valueRequired\":true,\"valueName\":\"search_term_string\"}}],\"inLanguage\":\"fr-FR\"},{\"@type\":\"Organization\",\"@id\":\"https:\\\/\\\/www.animalsouk.ma\\\/animalerie-maroc\\\/#organization\",\"name\":\"Animalerie de casablanca\",\"url\":\"https:\\\/\\\/www.animalsouk.ma\\\/animalerie-maroc\\\/\",\"logo\":{\"@type\":\"ImageObject\",\"inLanguage\":\"fr-FR\",\"@id\":\"https:\\\/\\\/www.animalsouk.ma\\\/animalerie-maroc\\\/#\\\/schema\\\/logo\\\/image\\\/\",\"url\":\"https:\\\/\\\/www.animalsouk.ma\\\/animalerie-maroc\\\/wp-content\\\/uploads\\\/2025\\\/10\\\/animalsouk.ma-logo.png\",\"contentUrl\":\"https:\\\/\\\/www.animalsouk.ma\\\/animalerie-maroc\\\/wp-content\\\/uploads\\\/2025\\\/10\\\/animalsouk.ma-logo.png\",\"width\":760,\"height\":231,\"caption\":\"Animalerie de casablanca\"},\"image\":{\"@id\":\"https:\\\/\\\/www.animalsouk.ma\\\/animalerie-maroc\\\/#\\\/schema\\\/logo\\\/image\\\/\"},\"sameAs\":[\"https:\\\/\\\/www.facebook.com\\\/animalsouk.ma\",\"https:\\\/\\\/www.instagram.com\\\/animalsouk.ma\"]}]}<\/script>\n<!-- \/ Yoast SEO plugin. -->","yoast_head_json":{"title":"virbac vitaminthe vermifuge pour chat et chien - Animalerie Maroc","description":"Achetez votre virbac vitaminthe vermifuge pour chat et chien au meilleur prix au Maroc. Livraison rapide | Animalsouk.ma","robots":{"index":"index","follow":"follow","max-snippet":"max-snippet:-1","max-image-preview":"max-image-preview:large","max-video-preview":"max-video-preview:-1"},"canonical":"https:\/\/www.animalsouk.ma\/animalerie-maroc\/produit\/virbac-vitaminthe-vermifuge-pour-chat-et-chien\/","og_locale":"fr_FR","og_type":"article","og_title":"virbac vitaminthe vermifuge pour chat et chien - Animalerie Maroc","og_description":"Achetez votre virbac vitaminthe vermifuge pour chat et chien au meilleur prix au Maroc. Livraison rapide | Animalsouk.ma","og_url":"https:\/\/www.animalsouk.ma\/animalerie-maroc\/produit\/virbac-vitaminthe-vermifuge-pour-chat-et-chien\/","og_site_name":"Animalerie Maroc","article_publisher":"https:\/\/www.facebook.com\/animalsouk.ma","article_modified_time":"2025-11-04T12:32:34+00:00","og_image":[{"width":700,"height":579,"url":"https:\/\/www.animalsouk.ma\/animalerie-maroc\/wp-content\/uploads\/2025\/08\/63fcb3212049a12b222538f04775647b.webp","type":"image\/webp"}],"twitter_card":"summary_large_image","twitter_misc":{"Dur\u00e9e de lecture estim\u00e9e":"2 minutes"},"schema":{"@context":"https:\/\/schema.org","@graph":[{"@type":"WebPage","@id":"https:\/\/www.animalsouk.ma\/animalerie-maroc\/produit\/virbac-vitaminthe-vermifuge-pour-chat-et-chien\/","url":"https:\/\/www.animalsouk.ma\/animalerie-maroc\/produit\/virbac-vitaminthe-vermifuge-pour-chat-et-chien\/","name":"virbac vitaminthe vermifuge pour chat et chien - Animalerie Maroc","isPartOf":{"@id":"https:\/\/www.animalsouk.ma\/animalerie-maroc\/#website"},"primaryImageOfPage":{"@id":"https:\/\/www.animalsouk.ma\/animalerie-maroc\/produit\/virbac-vitaminthe-vermifuge-pour-chat-et-chien\/#primaryimage"},"image":{"@id":"https:\/\/www.animalsouk.ma\/animalerie-maroc\/produit\/virbac-vitaminthe-vermifuge-pour-chat-et-chien\/#primaryimage"},"thumbnailUrl":"https:\/\/www.animalsouk.ma\/animalerie-maroc\/wp-content\/uploads\/2025\/08\/63fcb3212049a12b222538f04775647b.webp","datePublished":"2025-08-28T23:41:10+00:00","dateModified":"2025-11-04T12:32:34+00:00","description":"Achetez votre virbac vitaminthe vermifuge pour chat et chien au meilleur prix au Maroc. Livraison rapide | Animalsouk.ma","breadcrumb":{"@id":"https:\/\/www.animalsouk.ma\/animalerie-maroc\/produit\/virbac-vitaminthe-vermifuge-pour-chat-et-chien\/#breadcrumb"},"inLanguage":"fr-FR","potentialAction":[{"@type":"ReadAction","target":["https:\/\/www.animalsouk.ma\/animalerie-maroc\/produit\/virbac-vitaminthe-vermifuge-pour-chat-et-chien\/"]}]},{"@type":"ImageObject","inLanguage":"fr-FR","@id":"https:\/\/www.animalsouk.ma\/animalerie-maroc\/produit\/virbac-vitaminthe-vermifuge-pour-chat-et-chien\/#primaryimage","url":"https:\/\/www.animalsouk.ma\/animalerie-maroc\/wp-content\/uploads\/2025\/08\/63fcb3212049a12b222538f04775647b.webp","contentUrl":"https:\/\/www.animalsouk.ma\/animalerie-maroc\/wp-content\/uploads\/2025\/08\/63fcb3212049a12b222538f04775647b.webp","width":700,"height":579,"caption":"virbac vitaminthe vermifuge pour chat et chien"},{"@type":"BreadcrumbList","@id":"https:\/\/www.animalsouk.ma\/animalerie-maroc\/produit\/virbac-vitaminthe-vermifuge-pour-chat-et-chien\/#breadcrumb","itemListElement":[{"@type":"ListItem","position":1,"name":"Home","item":"https:\/\/www.animalsouk.ma\/animalerie-maroc\/"},{"@type":"ListItem","position":2,"name":"Boutique","item":"https:\/\/www.animalsouk.ma\/animalerie-maroc\/boutique\/"},{"@type":"ListItem","position":3,"name":"virbac vitaminthe vermifuge pour chat et chien"}]},{"@type":"WebSite","@id":"https:\/\/www.animalsouk.ma\/animalerie-maroc\/#website","url":"https:\/\/www.animalsouk.ma\/animalerie-maroc\/","name":"Animalerie de casablanca","description":"","publisher":{"@id":"https:\/\/www.animalsouk.ma\/animalerie-maroc\/#organization"},"potentialAction":[{"@type":"SearchAction","target":{"@type":"EntryPoint","urlTemplate":"https:\/\/www.animalsouk.ma\/animalerie-maroc\/?s={search_term_string}"},"query-input":{"@type":"PropertyValueSpecification","valueRequired":true,"valueName":"search_term_string"}}],"inLanguage":"fr-FR"},{"@type":"Organization","@id":"https:\/\/www.animalsouk.ma\/animalerie-maroc\/#organization","name":"Animalerie de casablanca","url":"https:\/\/www.animalsouk.ma\/animalerie-maroc\/","logo":{"@type":"ImageObject","inLanguage":"fr-FR","@id":"https:\/\/www.animalsouk.ma\/animalerie-maroc\/#\/schema\/logo\/image\/","url":"https:\/\/www.animalsouk.ma\/animalerie-maroc\/wp-content\/uploads\/2025\/10\/animalsouk.ma-logo.png","contentUrl":"https:\/\/www.animalsouk.ma\/animalerie-maroc\/wp-content\/uploads\/2025\/10\/animalsouk.ma-logo.png","width":760,"height":231,"caption":"Animalerie de casablanca"},"image":{"@id":"https:\/\/www.animalsouk.ma\/animalerie-maroc\/#\/schema\/logo\/image\/"},"sameAs":["https:\/\/www.facebook.com\/animalsouk.ma","https:\/\/www.instagram.com\/animalsouk.ma"]}]}},"_links":{"self":[{"href":"https:\/\/www.animalsouk.ma\/animalerie-maroc\/wp-json\/wp\/v2\/product\/461","targetHints":{"allow":["GET"]}}],"collection":[{"href":"https:\/\/www.animalsouk.ma\/animalerie-maroc\/wp-json\/wp\/v2\/product"}],"about":[{"href":"https:\/\/www.animalsouk.ma\/animalerie-maroc\/wp-json\/wp\/v2\/types\/product"}],"wp:featuredmedia":[{"embeddable":true,"href":"https:\/\/www.animalsouk.ma\/animalerie-maroc\/wp-json\/wp\/v2\/media\/460"}],"wp:attachment":[{"href":"https:\/\/www.animalsouk.ma\/animalerie-maroc\/wp-json\/wp\/v2\/media?parent=461"}],"wp:term":[{"taxonomy":"product_brand","embeddable":true,"href":"https:\/\/www.animalsouk.ma\/animalerie-maroc\/wp-json\/wp\/v2\/product_brand?post=461"},{"taxonomy":"product_cat","embeddable":true,"href":"https:\/\/www.animalsouk.ma\/animalerie-maroc\/wp-json\/wp\/v2\/product_cat?post=461"},{"taxonomy":"product_tag","embeddable":true,"href":"https:\/\/www.animalsouk.ma\/animalerie-maroc\/wp-json\/wp\/v2\/product_tag?post=461"}],"curies":[{"name":"wp","href":"https:\/\/api.w.org\/{rel}","templated":true}]}}