{"id":459,"date":"2025-08-29T01:41:10","date_gmt":"2025-08-28T23:41:10","guid":{"rendered":"https:\/\/www.animalsouk.ma\/animalerie\/product\/croquette-ownat-sans-cereales-kitten-grain-free-3kg\/"},"modified":"2025-09-08T23:01:21","modified_gmt":"2025-09-08T21:01:21","slug":"croquette-ownat-sans-cereales-kitten-grain-free-3kg","status":"publish","type":"product","link":"https:\/\/www.animalsouk.ma\/animalerie-maroc\/produit\/croquette-ownat-sans-cereales-kitten-grain-free-3kg\/","title":{"rendered":"Croquette Ownat sans c\u00e9r\u00e9ales kitten Grain free 3kg"},"content":{"rendered":"<p>Croquette ownat sans c\u00e9rales kitten grain free sont Indiqu\u00e9 pour les chatons de 2 \u00e0 12 mois. Avec 50% de viande fra\u00eeche de poulet et de dinde, il offre un apport \u00e9nerg\u00e9tique \u00e9lev\u00e9 et est tr\u00e8s riche en prot\u00e9ines de haute qualit\u00e9, qui garantissent sa croissance optimale, ainsi que le bon d\u00e9veloppement du syst\u00e8me immunitaire du chaton.<\/p>\n<p>Composition:<br \/>\nViande fra\u00eeche de poulet et de dinde* (min. 50% avant extrusion), viandes d\u00e9shydrat\u00e9es (18%), pois entiers*, graisse de volaille (conserv\u00e9e avec des antioxydants naturels), saumon hydrolys\u00e9, racines de manioc*, poissons d\u00e9shydrat\u00e9s (anchois, chinchard et maquereau), pomme de terre d\u00e9shydrat\u00e9e*, \u0153uf d\u00e9shydrat\u00e9*, levure de bi\u00e8re*, prot\u00e9ine de poulet hydrolys\u00e9e, pomme fra\u00eeche* (1%), huile de poisson (conserv\u00e9e avec des antioxydants naturels), sel gemme*, fructose et mannane oligosaccharides, algues s\u00e9ch\u00e9es*, glucosamine , chondro\u00eftine, yucca schidigera, myrtilles*, thym*, fleur de camomille*, fenouil*, \u00e9chinac\u00e9e*, th\u00e9 vert*. *Ingr\u00e9dients naturels.<\/p>\n<p>Composants analytiques :<br \/>\nProt\u00e9ines : 41 %, Teneur en mati\u00e8res grasses : 20 %, Fibres brutes : 2 %, Mati\u00e8re inorganique : 8 %, Humidit\u00e9 : 8 %, Om\u00e9ga 6 : 3,3 %, Om\u00e9ga 3 : 0,57 %, Calcium : 1,3 %, Phosphore : 1 %.<\/p>\n<p>ADDITIFS\/KG : Additifs nutritionnels :<br \/>\nVitamine A 25 000 UI, Vitamine D3 1 500 UI, Vitamine E 450 UI, Vitamine C 100 mg, Taurine 2 200 mg, L-carnitine 200 mg, Cuivre (sulfate de cuivre pentahydrat\u00e9) 5 mg, Cuivre (ch\u00e9late de cuivre d&rsquo;acides amin\u00e9s hydrat\u00e9) 5 mg , Mangan\u00e8se (oxyde de mangan\u00e8se) 52 mg, zinc (oxyde de zinc) 100 mg, fer (sulfate ferreux, monohydrat\u00e9) 40 mg, zinc (ch\u00e9late de zinc hydrat\u00e9 d&rsquo;acides amin\u00e9s) 10 mg, iode (iodure de potassium) 4 mg, s\u00e9l\u00e9nium (sodium s\u00e9l\u00e9nite) 0,3 mg. Avec des antioxydants naturels.<\/p>\n","protected":false},"excerpt":{"rendered":"<p>Croquette ownat sans c\u00e9rales kitten grain free sont Indiqu\u00e9 pour les chatons de 2 \u00e0 12 mois. Avec 50% de viande fra\u00eeche de poulet et de dinde, il offre un apport \u00e9nerg\u00e9tique \u00e9lev\u00e9 et est tr\u00e8s riche en prot\u00e9ines de haute qualit\u00e9, qui garantissent sa croissance optimale, ainsi que le bon d\u00e9veloppement du syst\u00e8me immunitaire [&#8230;]\n","protected":false},"featured_media":458,"template":"","meta":[],"product_brand":[34],"product_cat":[18],"product_tag":[],"class_list":{"0":"post-459","1":"product","2":"type-product","3":"status-publish","4":"has-post-thumbnail","6":"product_brand-ownat","7":"product_cat-alimentation-pour-chats","9":"first","10":"outofstock","11":"shipping-taxable","12":"purchasable","13":"product-type-simple"},"yoast_head":"<!-- This site is optimized with the Yoast SEO plugin v27.3 - https:\/\/yoast.com\/product\/yoast-seo-wordpress\/ -->\n<title>Croquette Ownat sans c\u00e9r\u00e9ales kitten Grain free 3kg - Animalerie Maroc<\/title>\n<meta name=\"description\" content=\"Achetez votre Croquette Ownat sans c\u00e9r\u00e9ales kitten Grain free 3kg au meilleur prix au Maroc. Livraison rapide | Animalsouk.ma\" \/>\n<meta name=\"robots\" content=\"index, follow, max-snippet:-1, max-image-preview:large, max-video-preview:-1\" \/>\n<link rel=\"canonical\" href=\"https:\/\/www.animalsouk.ma\/animalerie-maroc\/produit\/croquette-ownat-sans-cereales-kitten-grain-free-3kg\/\" \/>\n<meta property=\"og:locale\" content=\"fr_FR\" \/>\n<meta property=\"og:type\" content=\"article\" \/>\n<meta property=\"og:title\" content=\"Croquette Ownat sans c\u00e9r\u00e9ales kitten Grain free 3kg - Animalerie Maroc\" \/>\n<meta property=\"og:description\" content=\"Achetez votre Croquette Ownat sans c\u00e9r\u00e9ales kitten Grain free 3kg au meilleur prix au Maroc. Livraison rapide | Animalsouk.ma\" \/>\n<meta property=\"og:url\" content=\"https:\/\/www.animalsouk.ma\/animalerie-maroc\/produit\/croquette-ownat-sans-cereales-kitten-grain-free-3kg\/\" \/>\n<meta property=\"og:site_name\" content=\"Animalerie Maroc\" \/>\n<meta property=\"article:publisher\" content=\"https:\/\/www.facebook.com\/animalsouk.ma\" \/>\n<meta property=\"article:modified_time\" content=\"2025-09-08T21:01:21+00:00\" \/>\n<meta property=\"og:image\" content=\"https:\/\/www.animalsouk.ma\/animalerie-maroc\/wp-content\/uploads\/2025\/08\/f3f044e00a7d464b1199e1947d84641c.webp\" \/>\n\t<meta property=\"og:image:width\" content=\"700\" \/>\n\t<meta property=\"og:image:height\" content=\"579\" \/>\n\t<meta property=\"og:image:type\" content=\"image\/webp\" \/>\n<meta name=\"twitter:card\" content=\"summary_large_image\" \/>\n<meta name=\"twitter:label1\" content=\"Dur\u00e9e de lecture estim\u00e9e\" \/>\n\t<meta name=\"twitter:data1\" content=\"1 minute\" \/>\n<script type=\"application\/ld+json\" class=\"yoast-schema-graph\">{\"@context\":\"https:\\\/\\\/schema.org\",\"@graph\":[{\"@type\":\"WebPage\",\"@id\":\"https:\\\/\\\/www.animalsouk.ma\\\/animalerie-maroc\\\/produit\\\/croquette-ownat-sans-cereales-kitten-grain-free-3kg\\\/\",\"url\":\"https:\\\/\\\/www.animalsouk.ma\\\/animalerie-maroc\\\/produit\\\/croquette-ownat-sans-cereales-kitten-grain-free-3kg\\\/\",\"name\":\"Croquette Ownat sans c\u00e9r\u00e9ales kitten Grain free 3kg - Animalerie Maroc\",\"isPartOf\":{\"@id\":\"https:\\\/\\\/www.animalsouk.ma\\\/animalerie-maroc\\\/#website\"},\"primaryImageOfPage\":{\"@id\":\"https:\\\/\\\/www.animalsouk.ma\\\/animalerie-maroc\\\/produit\\\/croquette-ownat-sans-cereales-kitten-grain-free-3kg\\\/#primaryimage\"},\"image\":{\"@id\":\"https:\\\/\\\/www.animalsouk.ma\\\/animalerie-maroc\\\/produit\\\/croquette-ownat-sans-cereales-kitten-grain-free-3kg\\\/#primaryimage\"},\"thumbnailUrl\":\"https:\\\/\\\/www.animalsouk.ma\\\/animalerie-maroc\\\/wp-content\\\/uploads\\\/2025\\\/08\\\/f3f044e00a7d464b1199e1947d84641c.webp\",\"datePublished\":\"2025-08-28T23:41:10+00:00\",\"dateModified\":\"2025-09-08T21:01:21+00:00\",\"description\":\"Achetez votre Croquette Ownat sans c\u00e9r\u00e9ales kitten Grain free 3kg au meilleur prix au Maroc. Livraison rapide | Animalsouk.ma\",\"breadcrumb\":{\"@id\":\"https:\\\/\\\/www.animalsouk.ma\\\/animalerie-maroc\\\/produit\\\/croquette-ownat-sans-cereales-kitten-grain-free-3kg\\\/#breadcrumb\"},\"inLanguage\":\"fr-FR\",\"potentialAction\":[{\"@type\":\"ReadAction\",\"target\":[\"https:\\\/\\\/www.animalsouk.ma\\\/animalerie-maroc\\\/produit\\\/croquette-ownat-sans-cereales-kitten-grain-free-3kg\\\/\"]}]},{\"@type\":\"ImageObject\",\"inLanguage\":\"fr-FR\",\"@id\":\"https:\\\/\\\/www.animalsouk.ma\\\/animalerie-maroc\\\/produit\\\/croquette-ownat-sans-cereales-kitten-grain-free-3kg\\\/#primaryimage\",\"url\":\"https:\\\/\\\/www.animalsouk.ma\\\/animalerie-maroc\\\/wp-content\\\/uploads\\\/2025\\\/08\\\/f3f044e00a7d464b1199e1947d84641c.webp\",\"contentUrl\":\"https:\\\/\\\/www.animalsouk.ma\\\/animalerie-maroc\\\/wp-content\\\/uploads\\\/2025\\\/08\\\/f3f044e00a7d464b1199e1947d84641c.webp\",\"width\":700,\"height\":579,\"caption\":\"Croquette Ownat sans c\u00e9r\u00e9ales kitten Grain free 3kg\"},{\"@type\":\"BreadcrumbList\",\"@id\":\"https:\\\/\\\/www.animalsouk.ma\\\/animalerie-maroc\\\/produit\\\/croquette-ownat-sans-cereales-kitten-grain-free-3kg\\\/#breadcrumb\",\"itemListElement\":[{\"@type\":\"ListItem\",\"position\":1,\"name\":\"Home\",\"item\":\"https:\\\/\\\/www.animalsouk.ma\\\/animalerie-maroc\\\/\"},{\"@type\":\"ListItem\",\"position\":2,\"name\":\"Boutique\",\"item\":\"https:\\\/\\\/www.animalsouk.ma\\\/animalerie-maroc\\\/boutique\\\/\"},{\"@type\":\"ListItem\",\"position\":3,\"name\":\"Croquette Ownat sans c\u00e9r\u00e9ales kitten Grain free 3kg\"}]},{\"@type\":\"WebSite\",\"@id\":\"https:\\\/\\\/www.animalsouk.ma\\\/animalerie-maroc\\\/#website\",\"url\":\"https:\\\/\\\/www.animalsouk.ma\\\/animalerie-maroc\\\/\",\"name\":\"Animalerie de casablanca\",\"description\":\"\",\"publisher\":{\"@id\":\"https:\\\/\\\/www.animalsouk.ma\\\/animalerie-maroc\\\/#organization\"},\"potentialAction\":[{\"@type\":\"SearchAction\",\"target\":{\"@type\":\"EntryPoint\",\"urlTemplate\":\"https:\\\/\\\/www.animalsouk.ma\\\/animalerie-maroc\\\/?s={search_term_string}\"},\"query-input\":{\"@type\":\"PropertyValueSpecification\",\"valueRequired\":true,\"valueName\":\"search_term_string\"}}],\"inLanguage\":\"fr-FR\"},{\"@type\":\"Organization\",\"@id\":\"https:\\\/\\\/www.animalsouk.ma\\\/animalerie-maroc\\\/#organization\",\"name\":\"Animalerie de casablanca\",\"url\":\"https:\\\/\\\/www.animalsouk.ma\\\/animalerie-maroc\\\/\",\"logo\":{\"@type\":\"ImageObject\",\"inLanguage\":\"fr-FR\",\"@id\":\"https:\\\/\\\/www.animalsouk.ma\\\/animalerie-maroc\\\/#\\\/schema\\\/logo\\\/image\\\/\",\"url\":\"https:\\\/\\\/www.animalsouk.ma\\\/animalerie-maroc\\\/wp-content\\\/uploads\\\/2025\\\/10\\\/animalsouk.ma-logo.png\",\"contentUrl\":\"https:\\\/\\\/www.animalsouk.ma\\\/animalerie-maroc\\\/wp-content\\\/uploads\\\/2025\\\/10\\\/animalsouk.ma-logo.png\",\"width\":760,\"height\":231,\"caption\":\"Animalerie de casablanca\"},\"image\":{\"@id\":\"https:\\\/\\\/www.animalsouk.ma\\\/animalerie-maroc\\\/#\\\/schema\\\/logo\\\/image\\\/\"},\"sameAs\":[\"https:\\\/\\\/www.facebook.com\\\/animalsouk.ma\",\"https:\\\/\\\/www.instagram.com\\\/animalsouk.ma\"]}]}<\/script>\n<!-- \/ Yoast SEO plugin. -->","yoast_head_json":{"title":"Croquette Ownat sans c\u00e9r\u00e9ales kitten Grain free 3kg - Animalerie Maroc","description":"Achetez votre Croquette Ownat sans c\u00e9r\u00e9ales kitten Grain free 3kg au meilleur prix au Maroc. Livraison rapide | Animalsouk.ma","robots":{"index":"index","follow":"follow","max-snippet":"max-snippet:-1","max-image-preview":"max-image-preview:large","max-video-preview":"max-video-preview:-1"},"canonical":"https:\/\/www.animalsouk.ma\/animalerie-maroc\/produit\/croquette-ownat-sans-cereales-kitten-grain-free-3kg\/","og_locale":"fr_FR","og_type":"article","og_title":"Croquette Ownat sans c\u00e9r\u00e9ales kitten Grain free 3kg - Animalerie Maroc","og_description":"Achetez votre Croquette Ownat sans c\u00e9r\u00e9ales kitten Grain free 3kg au meilleur prix au Maroc. Livraison rapide | Animalsouk.ma","og_url":"https:\/\/www.animalsouk.ma\/animalerie-maroc\/produit\/croquette-ownat-sans-cereales-kitten-grain-free-3kg\/","og_site_name":"Animalerie Maroc","article_publisher":"https:\/\/www.facebook.com\/animalsouk.ma","article_modified_time":"2025-09-08T21:01:21+00:00","og_image":[{"width":700,"height":579,"url":"https:\/\/www.animalsouk.ma\/animalerie-maroc\/wp-content\/uploads\/2025\/08\/f3f044e00a7d464b1199e1947d84641c.webp","type":"image\/webp"}],"twitter_card":"summary_large_image","twitter_misc":{"Dur\u00e9e de lecture estim\u00e9e":"1 minute"},"schema":{"@context":"https:\/\/schema.org","@graph":[{"@type":"WebPage","@id":"https:\/\/www.animalsouk.ma\/animalerie-maroc\/produit\/croquette-ownat-sans-cereales-kitten-grain-free-3kg\/","url":"https:\/\/www.animalsouk.ma\/animalerie-maroc\/produit\/croquette-ownat-sans-cereales-kitten-grain-free-3kg\/","name":"Croquette Ownat sans c\u00e9r\u00e9ales kitten Grain free 3kg - Animalerie Maroc","isPartOf":{"@id":"https:\/\/www.animalsouk.ma\/animalerie-maroc\/#website"},"primaryImageOfPage":{"@id":"https:\/\/www.animalsouk.ma\/animalerie-maroc\/produit\/croquette-ownat-sans-cereales-kitten-grain-free-3kg\/#primaryimage"},"image":{"@id":"https:\/\/www.animalsouk.ma\/animalerie-maroc\/produit\/croquette-ownat-sans-cereales-kitten-grain-free-3kg\/#primaryimage"},"thumbnailUrl":"https:\/\/www.animalsouk.ma\/animalerie-maroc\/wp-content\/uploads\/2025\/08\/f3f044e00a7d464b1199e1947d84641c.webp","datePublished":"2025-08-28T23:41:10+00:00","dateModified":"2025-09-08T21:01:21+00:00","description":"Achetez votre Croquette Ownat sans c\u00e9r\u00e9ales kitten Grain free 3kg au meilleur prix au Maroc. Livraison rapide | Animalsouk.ma","breadcrumb":{"@id":"https:\/\/www.animalsouk.ma\/animalerie-maroc\/produit\/croquette-ownat-sans-cereales-kitten-grain-free-3kg\/#breadcrumb"},"inLanguage":"fr-FR","potentialAction":[{"@type":"ReadAction","target":["https:\/\/www.animalsouk.ma\/animalerie-maroc\/produit\/croquette-ownat-sans-cereales-kitten-grain-free-3kg\/"]}]},{"@type":"ImageObject","inLanguage":"fr-FR","@id":"https:\/\/www.animalsouk.ma\/animalerie-maroc\/produit\/croquette-ownat-sans-cereales-kitten-grain-free-3kg\/#primaryimage","url":"https:\/\/www.animalsouk.ma\/animalerie-maroc\/wp-content\/uploads\/2025\/08\/f3f044e00a7d464b1199e1947d84641c.webp","contentUrl":"https:\/\/www.animalsouk.ma\/animalerie-maroc\/wp-content\/uploads\/2025\/08\/f3f044e00a7d464b1199e1947d84641c.webp","width":700,"height":579,"caption":"Croquette Ownat sans c\u00e9r\u00e9ales kitten Grain free 3kg"},{"@type":"BreadcrumbList","@id":"https:\/\/www.animalsouk.ma\/animalerie-maroc\/produit\/croquette-ownat-sans-cereales-kitten-grain-free-3kg\/#breadcrumb","itemListElement":[{"@type":"ListItem","position":1,"name":"Home","item":"https:\/\/www.animalsouk.ma\/animalerie-maroc\/"},{"@type":"ListItem","position":2,"name":"Boutique","item":"https:\/\/www.animalsouk.ma\/animalerie-maroc\/boutique\/"},{"@type":"ListItem","position":3,"name":"Croquette Ownat sans c\u00e9r\u00e9ales kitten Grain free 3kg"}]},{"@type":"WebSite","@id":"https:\/\/www.animalsouk.ma\/animalerie-maroc\/#website","url":"https:\/\/www.animalsouk.ma\/animalerie-maroc\/","name":"Animalerie de casablanca","description":"","publisher":{"@id":"https:\/\/www.animalsouk.ma\/animalerie-maroc\/#organization"},"potentialAction":[{"@type":"SearchAction","target":{"@type":"EntryPoint","urlTemplate":"https:\/\/www.animalsouk.ma\/animalerie-maroc\/?s={search_term_string}"},"query-input":{"@type":"PropertyValueSpecification","valueRequired":true,"valueName":"search_term_string"}}],"inLanguage":"fr-FR"},{"@type":"Organization","@id":"https:\/\/www.animalsouk.ma\/animalerie-maroc\/#organization","name":"Animalerie de casablanca","url":"https:\/\/www.animalsouk.ma\/animalerie-maroc\/","logo":{"@type":"ImageObject","inLanguage":"fr-FR","@id":"https:\/\/www.animalsouk.ma\/animalerie-maroc\/#\/schema\/logo\/image\/","url":"https:\/\/www.animalsouk.ma\/animalerie-maroc\/wp-content\/uploads\/2025\/10\/animalsouk.ma-logo.png","contentUrl":"https:\/\/www.animalsouk.ma\/animalerie-maroc\/wp-content\/uploads\/2025\/10\/animalsouk.ma-logo.png","width":760,"height":231,"caption":"Animalerie de casablanca"},"image":{"@id":"https:\/\/www.animalsouk.ma\/animalerie-maroc\/#\/schema\/logo\/image\/"},"sameAs":["https:\/\/www.facebook.com\/animalsouk.ma","https:\/\/www.instagram.com\/animalsouk.ma"]}]}},"_links":{"self":[{"href":"https:\/\/www.animalsouk.ma\/animalerie-maroc\/wp-json\/wp\/v2\/product\/459","targetHints":{"allow":["GET"]}}],"collection":[{"href":"https:\/\/www.animalsouk.ma\/animalerie-maroc\/wp-json\/wp\/v2\/product"}],"about":[{"href":"https:\/\/www.animalsouk.ma\/animalerie-maroc\/wp-json\/wp\/v2\/types\/product"}],"wp:featuredmedia":[{"embeddable":true,"href":"https:\/\/www.animalsouk.ma\/animalerie-maroc\/wp-json\/wp\/v2\/media\/458"}],"wp:attachment":[{"href":"https:\/\/www.animalsouk.ma\/animalerie-maroc\/wp-json\/wp\/v2\/media?parent=459"}],"wp:term":[{"taxonomy":"product_brand","embeddable":true,"href":"https:\/\/www.animalsouk.ma\/animalerie-maroc\/wp-json\/wp\/v2\/product_brand?post=459"},{"taxonomy":"product_cat","embeddable":true,"href":"https:\/\/www.animalsouk.ma\/animalerie-maroc\/wp-json\/wp\/v2\/product_cat?post=459"},{"taxonomy":"product_tag","embeddable":true,"href":"https:\/\/www.animalsouk.ma\/animalerie-maroc\/wp-json\/wp\/v2\/product_tag?post=459"}],"curies":[{"name":"wp","href":"https:\/\/api.w.org\/{rel}","templated":true}]}}