{"id":449,"date":"2025-08-29T01:41:08","date_gmt":"2025-08-28T23:41:08","guid":{"rendered":"https:\/\/www.animalsouk.ma\/animalerie\/product\/broadline-antiparasitaire-pour-chat\/"},"modified":"2025-11-04T13:35:17","modified_gmt":"2025-11-04T12:35:17","slug":"broadline-antiparasitaire-pour-chat","status":"publish","type":"product","link":"https:\/\/www.animalsouk.ma\/animalerie-maroc\/produit\/broadline-antiparasitaire-pour-chat\/","title":{"rendered":"Broadline Antiparasitaire pour chat"},"content":{"rendered":"<p>Broadline Maroc vermifuge et antiparasitaire (anti puces, tiques et poux)  est un produit topique facile \u00e0 utiliser qui offre une activit\u00e9 \u00e0 large spectre contre les parasites externes et internes, pour les chats et les chatons \u00e0 partir de 8 semaines et pesant 0,8 kg jusqu\u2019\u00e0 2,4Kg.<\/p>\n<p>Les puces adultes ne repr\u00e9sentent que 5% du probl\u00e8me. Les chats attrapent de nouvelles puces provenant des larves, des pupes et des \u0153ufs dans leur environnement, y compris les tapis, les meubles et la literie dans la maison.<\/p>\n<p>BROADLINE tue non seulement les puces adultes de votre chat, mais contient un r\u00e9gulateur de croissance des insectes pour tuer les \u0153ufs et les larves, brisant le cycle de vie des puces \u00e0 chaque \u00e9tape. Cette strat\u00e9gie de lutte int\u00e9gr\u00e9e contre les puces est tr\u00e8s efficace et a un impact significatif sur les populations de puces en r\u00e9duisant la r\u00e9\u00e9mergence des puces dans la maison.<\/p>\n<p>Action rapide sur les puces TOUT LE TEMPS. Pas seulement au d\u00e9but.<\/p>\n<p>BROADLINE est le seul produit de contr\u00f4le des puces et des tiques pour chats qui tue les vers ronds, les ankylostomes et les t\u00e9nias dans un seul applicateur topique facile \u00e0 utiliser.<\/p>\n<p>BROADLINE tuera les puces nouvellement acquises sur votre chat en 8 \u00e0 24 heures<\/p>\n<p>Pour appliquer BROADLINE, tirez l\u00e9g\u00e8rement le piston vers l\u2019arri\u00e8re, retirez le capuchon, placez l\u2019embout de l\u2019applicateur sur la peau. Appliquez le contenu directement sur la peau en un seul endroit sur la ligne m\u00e9diane du cou entre la base du cr\u00e2ne et les omoplates. Reportez-vous \u00e0 la notice avant utilisation.<\/p>\n<p>La solution pour spot-on BROADLINE pour chats 0,3 ml peut \u00eatre utilis\u00e9e sur les chats pesant 2,5 kg jusqu\u2019\u00e0 7,5Kg.<\/p>\n<p>BROADLINE peut \u00eatre utilis\u00e9 dans le cadre d\u2019un programme de vermifugation saisonnier ou syst\u00e9matiquement toutes les 4 \u00e0 6 semaines pour le contr\u00f4le des parasites externes et internes.<\/p>\n","protected":false},"excerpt":{"rendered":"<p>Broadline Maroc vermifuge et antiparasitaire (anti puces, tiques et poux) est un produit topique facile \u00e0 utiliser qui offre une activit\u00e9 \u00e0 large spectre contre les parasites externes et internes, pour les chats et les chatons \u00e0 partir de 8 semaines et pesant 0,8 kg jusqu\u2019\u00e0 2,4Kg. Les puces adultes ne repr\u00e9sentent que 5% du [&#8230;]\n","protected":false},"featured_media":448,"template":"","meta":[],"product_brand":[],"product_cat":[70],"product_tag":[],"class_list":{"0":"post-449","1":"product","2":"type-product","3":"status-publish","4":"has-post-thumbnail","6":"product_cat-vermifuges-et-antiparasitaires","8":"first","9":"outofstock","10":"shipping-taxable","11":"purchasable","12":"product-type-simple"},"yoast_head":"<!-- This site is optimized with the Yoast SEO plugin v27.3 - https:\/\/yoast.com\/product\/yoast-seo-wordpress\/ -->\n<title>Broadline Antiparasitaire pour chat - Animalerie Maroc<\/title>\n<meta name=\"description\" content=\"Achetez votre Broadline Antiparasitaire pour chat au meilleur prix au Maroc. Livraison rapide | Animalsouk.ma\" \/>\n<meta name=\"robots\" content=\"index, follow, max-snippet:-1, max-image-preview:large, max-video-preview:-1\" \/>\n<link rel=\"canonical\" href=\"https:\/\/www.animalsouk.ma\/animalerie-maroc\/produit\/broadline-antiparasitaire-pour-chat\/\" \/>\n<meta property=\"og:locale\" content=\"fr_FR\" \/>\n<meta property=\"og:type\" content=\"article\" \/>\n<meta property=\"og:title\" content=\"Broadline Antiparasitaire pour chat - Animalerie Maroc\" \/>\n<meta property=\"og:description\" content=\"Achetez votre Broadline Antiparasitaire pour chat au meilleur prix au Maroc. Livraison rapide | Animalsouk.ma\" \/>\n<meta property=\"og:url\" content=\"https:\/\/www.animalsouk.ma\/animalerie-maroc\/produit\/broadline-antiparasitaire-pour-chat\/\" \/>\n<meta property=\"og:site_name\" content=\"Animalerie Maroc\" \/>\n<meta property=\"article:publisher\" content=\"https:\/\/www.facebook.com\/animalsouk.ma\" \/>\n<meta property=\"article:modified_time\" content=\"2025-11-04T12:35:17+00:00\" \/>\n<meta property=\"og:image\" content=\"https:\/\/www.animalsouk.ma\/animalerie-maroc\/wp-content\/uploads\/2025\/08\/c698e1fbb9c00ddb1f891cc0227a6a00.webp\" \/>\n\t<meta property=\"og:image:width\" content=\"700\" \/>\n\t<meta property=\"og:image:height\" content=\"579\" \/>\n\t<meta property=\"og:image:type\" content=\"image\/webp\" \/>\n<meta name=\"twitter:card\" content=\"summary_large_image\" \/>\n<meta name=\"twitter:label1\" content=\"Dur\u00e9e de lecture estim\u00e9e\" \/>\n\t<meta name=\"twitter:data1\" content=\"2 minutes\" \/>\n<script type=\"application\/ld+json\" class=\"yoast-schema-graph\">{\"@context\":\"https:\\\/\\\/schema.org\",\"@graph\":[{\"@type\":\"WebPage\",\"@id\":\"https:\\\/\\\/www.animalsouk.ma\\\/animalerie-maroc\\\/produit\\\/broadline-antiparasitaire-pour-chat\\\/\",\"url\":\"https:\\\/\\\/www.animalsouk.ma\\\/animalerie-maroc\\\/produit\\\/broadline-antiparasitaire-pour-chat\\\/\",\"name\":\"Broadline Antiparasitaire pour chat - Animalerie Maroc\",\"isPartOf\":{\"@id\":\"https:\\\/\\\/www.animalsouk.ma\\\/animalerie-maroc\\\/#website\"},\"primaryImageOfPage\":{\"@id\":\"https:\\\/\\\/www.animalsouk.ma\\\/animalerie-maroc\\\/produit\\\/broadline-antiparasitaire-pour-chat\\\/#primaryimage\"},\"image\":{\"@id\":\"https:\\\/\\\/www.animalsouk.ma\\\/animalerie-maroc\\\/produit\\\/broadline-antiparasitaire-pour-chat\\\/#primaryimage\"},\"thumbnailUrl\":\"https:\\\/\\\/www.animalsouk.ma\\\/animalerie-maroc\\\/wp-content\\\/uploads\\\/2025\\\/08\\\/c698e1fbb9c00ddb1f891cc0227a6a00.webp\",\"datePublished\":\"2025-08-28T23:41:08+00:00\",\"dateModified\":\"2025-11-04T12:35:17+00:00\",\"description\":\"Achetez votre Broadline Antiparasitaire pour chat au meilleur prix au Maroc. Livraison rapide | Animalsouk.ma\",\"breadcrumb\":{\"@id\":\"https:\\\/\\\/www.animalsouk.ma\\\/animalerie-maroc\\\/produit\\\/broadline-antiparasitaire-pour-chat\\\/#breadcrumb\"},\"inLanguage\":\"fr-FR\",\"potentialAction\":[{\"@type\":\"ReadAction\",\"target\":[\"https:\\\/\\\/www.animalsouk.ma\\\/animalerie-maroc\\\/produit\\\/broadline-antiparasitaire-pour-chat\\\/\"]}]},{\"@type\":\"ImageObject\",\"inLanguage\":\"fr-FR\",\"@id\":\"https:\\\/\\\/www.animalsouk.ma\\\/animalerie-maroc\\\/produit\\\/broadline-antiparasitaire-pour-chat\\\/#primaryimage\",\"url\":\"https:\\\/\\\/www.animalsouk.ma\\\/animalerie-maroc\\\/wp-content\\\/uploads\\\/2025\\\/08\\\/c698e1fbb9c00ddb1f891cc0227a6a00.webp\",\"contentUrl\":\"https:\\\/\\\/www.animalsouk.ma\\\/animalerie-maroc\\\/wp-content\\\/uploads\\\/2025\\\/08\\\/c698e1fbb9c00ddb1f891cc0227a6a00.webp\",\"width\":700,\"height\":579,\"caption\":\"Broadline Antiparasitaire pour chat\"},{\"@type\":\"BreadcrumbList\",\"@id\":\"https:\\\/\\\/www.animalsouk.ma\\\/animalerie-maroc\\\/produit\\\/broadline-antiparasitaire-pour-chat\\\/#breadcrumb\",\"itemListElement\":[{\"@type\":\"ListItem\",\"position\":1,\"name\":\"Home\",\"item\":\"https:\\\/\\\/www.animalsouk.ma\\\/animalerie-maroc\\\/\"},{\"@type\":\"ListItem\",\"position\":2,\"name\":\"Boutique\",\"item\":\"https:\\\/\\\/www.animalsouk.ma\\\/animalerie-maroc\\\/boutique\\\/\"},{\"@type\":\"ListItem\",\"position\":3,\"name\":\"Broadline Antiparasitaire pour chat\"}]},{\"@type\":\"WebSite\",\"@id\":\"https:\\\/\\\/www.animalsouk.ma\\\/animalerie-maroc\\\/#website\",\"url\":\"https:\\\/\\\/www.animalsouk.ma\\\/animalerie-maroc\\\/\",\"name\":\"Animalerie de casablanca\",\"description\":\"\",\"publisher\":{\"@id\":\"https:\\\/\\\/www.animalsouk.ma\\\/animalerie-maroc\\\/#organization\"},\"potentialAction\":[{\"@type\":\"SearchAction\",\"target\":{\"@type\":\"EntryPoint\",\"urlTemplate\":\"https:\\\/\\\/www.animalsouk.ma\\\/animalerie-maroc\\\/?s={search_term_string}\"},\"query-input\":{\"@type\":\"PropertyValueSpecification\",\"valueRequired\":true,\"valueName\":\"search_term_string\"}}],\"inLanguage\":\"fr-FR\"},{\"@type\":\"Organization\",\"@id\":\"https:\\\/\\\/www.animalsouk.ma\\\/animalerie-maroc\\\/#organization\",\"name\":\"Animalerie de casablanca\",\"url\":\"https:\\\/\\\/www.animalsouk.ma\\\/animalerie-maroc\\\/\",\"logo\":{\"@type\":\"ImageObject\",\"inLanguage\":\"fr-FR\",\"@id\":\"https:\\\/\\\/www.animalsouk.ma\\\/animalerie-maroc\\\/#\\\/schema\\\/logo\\\/image\\\/\",\"url\":\"https:\\\/\\\/www.animalsouk.ma\\\/animalerie-maroc\\\/wp-content\\\/uploads\\\/2025\\\/10\\\/animalsouk.ma-logo.png\",\"contentUrl\":\"https:\\\/\\\/www.animalsouk.ma\\\/animalerie-maroc\\\/wp-content\\\/uploads\\\/2025\\\/10\\\/animalsouk.ma-logo.png\",\"width\":760,\"height\":231,\"caption\":\"Animalerie de casablanca\"},\"image\":{\"@id\":\"https:\\\/\\\/www.animalsouk.ma\\\/animalerie-maroc\\\/#\\\/schema\\\/logo\\\/image\\\/\"},\"sameAs\":[\"https:\\\/\\\/www.facebook.com\\\/animalsouk.ma\",\"https:\\\/\\\/www.instagram.com\\\/animalsouk.ma\"]}]}<\/script>\n<!-- \/ Yoast SEO plugin. -->","yoast_head_json":{"title":"Broadline Antiparasitaire pour chat - Animalerie Maroc","description":"Achetez votre Broadline Antiparasitaire pour chat au meilleur prix au Maroc. Livraison rapide | Animalsouk.ma","robots":{"index":"index","follow":"follow","max-snippet":"max-snippet:-1","max-image-preview":"max-image-preview:large","max-video-preview":"max-video-preview:-1"},"canonical":"https:\/\/www.animalsouk.ma\/animalerie-maroc\/produit\/broadline-antiparasitaire-pour-chat\/","og_locale":"fr_FR","og_type":"article","og_title":"Broadline Antiparasitaire pour chat - Animalerie Maroc","og_description":"Achetez votre Broadline Antiparasitaire pour chat au meilleur prix au Maroc. Livraison rapide | Animalsouk.ma","og_url":"https:\/\/www.animalsouk.ma\/animalerie-maroc\/produit\/broadline-antiparasitaire-pour-chat\/","og_site_name":"Animalerie Maroc","article_publisher":"https:\/\/www.facebook.com\/animalsouk.ma","article_modified_time":"2025-11-04T12:35:17+00:00","og_image":[{"width":700,"height":579,"url":"https:\/\/www.animalsouk.ma\/animalerie-maroc\/wp-content\/uploads\/2025\/08\/c698e1fbb9c00ddb1f891cc0227a6a00.webp","type":"image\/webp"}],"twitter_card":"summary_large_image","twitter_misc":{"Dur\u00e9e de lecture estim\u00e9e":"2 minutes"},"schema":{"@context":"https:\/\/schema.org","@graph":[{"@type":"WebPage","@id":"https:\/\/www.animalsouk.ma\/animalerie-maroc\/produit\/broadline-antiparasitaire-pour-chat\/","url":"https:\/\/www.animalsouk.ma\/animalerie-maroc\/produit\/broadline-antiparasitaire-pour-chat\/","name":"Broadline Antiparasitaire pour chat - Animalerie Maroc","isPartOf":{"@id":"https:\/\/www.animalsouk.ma\/animalerie-maroc\/#website"},"primaryImageOfPage":{"@id":"https:\/\/www.animalsouk.ma\/animalerie-maroc\/produit\/broadline-antiparasitaire-pour-chat\/#primaryimage"},"image":{"@id":"https:\/\/www.animalsouk.ma\/animalerie-maroc\/produit\/broadline-antiparasitaire-pour-chat\/#primaryimage"},"thumbnailUrl":"https:\/\/www.animalsouk.ma\/animalerie-maroc\/wp-content\/uploads\/2025\/08\/c698e1fbb9c00ddb1f891cc0227a6a00.webp","datePublished":"2025-08-28T23:41:08+00:00","dateModified":"2025-11-04T12:35:17+00:00","description":"Achetez votre Broadline Antiparasitaire pour chat au meilleur prix au Maroc. Livraison rapide | Animalsouk.ma","breadcrumb":{"@id":"https:\/\/www.animalsouk.ma\/animalerie-maroc\/produit\/broadline-antiparasitaire-pour-chat\/#breadcrumb"},"inLanguage":"fr-FR","potentialAction":[{"@type":"ReadAction","target":["https:\/\/www.animalsouk.ma\/animalerie-maroc\/produit\/broadline-antiparasitaire-pour-chat\/"]}]},{"@type":"ImageObject","inLanguage":"fr-FR","@id":"https:\/\/www.animalsouk.ma\/animalerie-maroc\/produit\/broadline-antiparasitaire-pour-chat\/#primaryimage","url":"https:\/\/www.animalsouk.ma\/animalerie-maroc\/wp-content\/uploads\/2025\/08\/c698e1fbb9c00ddb1f891cc0227a6a00.webp","contentUrl":"https:\/\/www.animalsouk.ma\/animalerie-maroc\/wp-content\/uploads\/2025\/08\/c698e1fbb9c00ddb1f891cc0227a6a00.webp","width":700,"height":579,"caption":"Broadline Antiparasitaire pour chat"},{"@type":"BreadcrumbList","@id":"https:\/\/www.animalsouk.ma\/animalerie-maroc\/produit\/broadline-antiparasitaire-pour-chat\/#breadcrumb","itemListElement":[{"@type":"ListItem","position":1,"name":"Home","item":"https:\/\/www.animalsouk.ma\/animalerie-maroc\/"},{"@type":"ListItem","position":2,"name":"Boutique","item":"https:\/\/www.animalsouk.ma\/animalerie-maroc\/boutique\/"},{"@type":"ListItem","position":3,"name":"Broadline Antiparasitaire pour chat"}]},{"@type":"WebSite","@id":"https:\/\/www.animalsouk.ma\/animalerie-maroc\/#website","url":"https:\/\/www.animalsouk.ma\/animalerie-maroc\/","name":"Animalerie de casablanca","description":"","publisher":{"@id":"https:\/\/www.animalsouk.ma\/animalerie-maroc\/#organization"},"potentialAction":[{"@type":"SearchAction","target":{"@type":"EntryPoint","urlTemplate":"https:\/\/www.animalsouk.ma\/animalerie-maroc\/?s={search_term_string}"},"query-input":{"@type":"PropertyValueSpecification","valueRequired":true,"valueName":"search_term_string"}}],"inLanguage":"fr-FR"},{"@type":"Organization","@id":"https:\/\/www.animalsouk.ma\/animalerie-maroc\/#organization","name":"Animalerie de casablanca","url":"https:\/\/www.animalsouk.ma\/animalerie-maroc\/","logo":{"@type":"ImageObject","inLanguage":"fr-FR","@id":"https:\/\/www.animalsouk.ma\/animalerie-maroc\/#\/schema\/logo\/image\/","url":"https:\/\/www.animalsouk.ma\/animalerie-maroc\/wp-content\/uploads\/2025\/10\/animalsouk.ma-logo.png","contentUrl":"https:\/\/www.animalsouk.ma\/animalerie-maroc\/wp-content\/uploads\/2025\/10\/animalsouk.ma-logo.png","width":760,"height":231,"caption":"Animalerie de casablanca"},"image":{"@id":"https:\/\/www.animalsouk.ma\/animalerie-maroc\/#\/schema\/logo\/image\/"},"sameAs":["https:\/\/www.facebook.com\/animalsouk.ma","https:\/\/www.instagram.com\/animalsouk.ma"]}]}},"_links":{"self":[{"href":"https:\/\/www.animalsouk.ma\/animalerie-maroc\/wp-json\/wp\/v2\/product\/449","targetHints":{"allow":["GET"]}}],"collection":[{"href":"https:\/\/www.animalsouk.ma\/animalerie-maroc\/wp-json\/wp\/v2\/product"}],"about":[{"href":"https:\/\/www.animalsouk.ma\/animalerie-maroc\/wp-json\/wp\/v2\/types\/product"}],"wp:featuredmedia":[{"embeddable":true,"href":"https:\/\/www.animalsouk.ma\/animalerie-maroc\/wp-json\/wp\/v2\/media\/448"}],"wp:attachment":[{"href":"https:\/\/www.animalsouk.ma\/animalerie-maroc\/wp-json\/wp\/v2\/media?parent=449"}],"wp:term":[{"taxonomy":"product_brand","embeddable":true,"href":"https:\/\/www.animalsouk.ma\/animalerie-maroc\/wp-json\/wp\/v2\/product_brand?post=449"},{"taxonomy":"product_cat","embeddable":true,"href":"https:\/\/www.animalsouk.ma\/animalerie-maroc\/wp-json\/wp\/v2\/product_cat?post=449"},{"taxonomy":"product_tag","embeddable":true,"href":"https:\/\/www.animalsouk.ma\/animalerie-maroc\/wp-json\/wp\/v2\/product_tag?post=449"}],"curies":[{"name":"wp","href":"https:\/\/api.w.org\/{rel}","templated":true}]}}