{"id":437,"date":"2025-08-29T01:41:06","date_gmt":"2025-08-28T23:41:06","guid":{"rendered":"https:\/\/www.animalsouk.ma\/animalerie\/product\/croquette-nutrivet-inne-kitten-pour-chaton-15kg\/"},"modified":"2025-09-08T23:35:50","modified_gmt":"2025-09-08T21:35:50","slug":"croquette-nutrivet-inne-kitten-pour-chaton-15kg","status":"publish","type":"product","link":"https:\/\/www.animalsouk.ma\/animalerie-maroc\/produit\/croquette-nutrivet-inne-kitten-pour-chaton-15kg\/","title":{"rendered":"Croquette Nutrivet Inne Kitten pour chaton 1,5Kg"},"content":{"rendered":"<p>Les croquettes Nutrivet Inne Cat Kitten pour chaton contiennent 80 % d&rsquo;ingr\u00e9dients d&rsquo;origine animale et 20 % de fruits &#038; l\u00e9gumes, d&rsquo;extraits v\u00e9g\u00e9taux et de vitamines afin de r\u00e9pondre au mieux aux besoins nutritionnels de votre chat. Les chats sont des animaux carnivores. Leur m\u00e9tabolisme et leur syst\u00e8me digestif sont encore tr\u00e8s proches de ceux de leurs anc\u00eatres qui se nourrissaient exclusivement de proies et de fruits des bois. Ces croquettes pour chaton \u00e0 base de poulet, de dinde, de canard et de pintade sont particuli\u00e8rement digestes et savoureuses. Cet aliment complet offrira \u00e0 votre chat de moins de 1 an tous les nutriments dont il a besoin pour grandir en bonne sant\u00e9.<br \/>\nDurant la p\u00e9riode de croissance, les os, les muscles, les organes et la vue se d\u00e9veloppent. Votre chaton a donc besoin d&rsquo;un apport accru en \u00e9nergie et en substances vitales pour y contribuer. Les croquettes Nutrivet Inne Cat Kitten contiennent \u00e9galement des ingr\u00e9dients naturels de qualit\u00e9 : des betteraves, des tomates, de la chicor\u00e9e et d&rsquo;autres l\u00e9gumes, de l&rsquo;extrait de cranberries, du fenouil et du romarin mais aussi d&rsquo;autres ingr\u00e9dients v\u00e9g\u00e9taux ont un effet b\u00e9n\u00e9fique sur l&rsquo;organisme et favorisent le bon d\u00e9veloppement du chat durant sa premi\u00e8re ann\u00e9e de vie. Leur recette contient \u00e9galement de l&rsquo;huile de saumon qui contribue \u00e0 la sant\u00e9 de la peau et \u00e0 la brillance du poil. Enfin, l&rsquo;ajout de taurine renforce l&rsquo;acuit\u00e9 visuelle et la fonction cardiaque.<\/p>\n<p>Les croquettes Nutrivet Inne Cat Kitten constituent un aliment \u00e9quilibr\u00e9 qui a \u00e9t\u00e9 d\u00e9velopp\u00e9 dans le respect des bienfaits de la nature.<\/p>\n<p>Caract\u00e9ristiques des croquettes Nutrivet Inne Cat Kitten pour chat :<\/p>\n<p>croquettes de qualit\u00e9 premium pour les chatons de moins de 1 an<br \/>\nadapt\u00e9es aux besoins nutritionnels des chats durant la p\u00e9riode de croissance<br \/>\n80 % d&rsquo;ingr\u00e9dients d&rsquo;origine animale et 20 % d&rsquo;ingr\u00e9dients d&rsquo;origine v\u00e9g\u00e9tale : recette riche en viande, bas\u00e9e sur les besoins naturels du chat, dont les anc\u00eatres se nourrissaient de proies et de fruits des bois<br \/>\nsans c\u00e9r\u00e9ales ni gluten : conviennent aussi en cas d&rsquo;allergies ou d&rsquo;intol\u00e9rances alimentaires<br \/>\nteneur \u00e9lev\u00e9e en prot\u00e9ines : majoritairement des prot\u00e9ines animales issues du poulet, de la dinde, du canard et de la pintade, \u00e0 la fois d\u00e9licieuses et digestes<br \/>\nrecette naturelle : sans ar\u00f4mes, colorants, conservateurs artificiels ni OGM<br \/>\nfavorisent une bonne croissance : tiennent compte du fait que les chatons ont besoin de plus d&rsquo;\u00e9nergie et d&rsquo;une densit\u00e9 accrue en nutriments pour contribuer au bon d\u00e9veloppement des os, des muscles, des organes et de la vue<br \/>\nhuile de saumon : riche en acides gras om\u00e9ga qui contribuent \u00e0 la sant\u00e9 de la peau et \u00e0 la brillance du poil<br \/>\ntaurine : renforce l&rsquo;acuit\u00e9 visuelle et la fonction cardiaque<br \/>\nL-carnitine : stimule la combustion des graisses<br \/>\naliment sain : des extraits v\u00e9g\u00e9taux \u00e0 base de fruits &#038; l\u00e9gumes, d&rsquo;herbes, mais aussi un m\u00e9lange \u00e9quilibr\u00e9 de vitamines, de min\u00e9raux et d&rsquo;oligo-\u00e9l\u00e9ments contribuent au bien-\u00eatre du chat et renforcent son syst\u00e8me immunitaire<br \/>\n\u00e9quilibre de la flore intestinale : des ingr\u00e9dients de qualit\u00e9, de la viande digeste, du fenouil, de la chicor\u00e9e et des pr\u00e9biotiques MOS &#038; FOS contribuent \u00e0 l&rsquo;\u00e9quilibre du syst\u00e8me gastro-intestinal<br \/>\nextrait de yucca : aide \u00e0 r\u00e9duire l&rsquo;odeur des selles<br \/>\nLes chats ont des besoins nutritionnels sp\u00e9cifiques en fonction de leur \u00e2ge. Les chatons ont par exemple des besoins \u00e9nerg\u00e9tiques \u00e9lev\u00e9s durant leur croissance et il est donc essentiel de leur fournir une alimentation adapt\u00e9e \u00e0 ce stade de leur vie. Les barquettes Nutrivet Inne Terrine Kitten sont id\u00e9ales : elles sont nourrissantes, digestes et d\u00e9licieuses.<\/p>\n","protected":false},"excerpt":{"rendered":"<p>Les croquettes Nutrivet Inne Cat Kitten pour chaton contiennent 80 % d&rsquo;ingr\u00e9dients d&rsquo;origine animale et 20 % de fruits &#038; l\u00e9gumes, d&rsquo;extraits v\u00e9g\u00e9taux et de vitamines afin de r\u00e9pondre au mieux aux besoins nutritionnels de votre chat. Les chats sont des animaux carnivores. Leur m\u00e9tabolisme et leur syst\u00e8me digestif sont encore tr\u00e8s proches de ceux [&#8230;]\n","protected":false},"featured_media":436,"template":"","meta":[],"product_brand":[35],"product_cat":[18],"product_tag":[],"class_list":{"0":"post-437","1":"product","2":"type-product","3":"status-publish","4":"has-post-thumbnail","6":"product_brand-nutrivet","7":"product_cat-alimentation-pour-chats","9":"first","10":"outofstock","11":"shipping-taxable","12":"purchasable","13":"product-type-simple"},"yoast_head":"<!-- This site is optimized with the Yoast SEO plugin v27.3 - https:\/\/yoast.com\/product\/yoast-seo-wordpress\/ -->\n<title>Croquette Nutrivet Inne Kitten pour chaton 1,5Kg - Animalerie Maroc<\/title>\n<meta name=\"description\" content=\"Achetez votre Croquette Nutrivet Inne Kitten pour chaton 1,5Kg au meilleur prix au Maroc. Livraison rapide | Animalsouk.ma\" \/>\n<meta name=\"robots\" content=\"index, follow, max-snippet:-1, max-image-preview:large, max-video-preview:-1\" \/>\n<link rel=\"canonical\" href=\"https:\/\/www.animalsouk.ma\/animalerie-maroc\/produit\/croquette-nutrivet-inne-kitten-pour-chaton-15kg\/\" \/>\n<meta property=\"og:locale\" content=\"fr_FR\" \/>\n<meta property=\"og:type\" content=\"article\" \/>\n<meta property=\"og:title\" content=\"Croquette Nutrivet Inne Kitten pour chaton 1,5Kg - Animalerie Maroc\" \/>\n<meta property=\"og:description\" content=\"Achetez votre Croquette Nutrivet Inne Kitten pour chaton 1,5Kg au meilleur prix au Maroc. Livraison rapide | Animalsouk.ma\" \/>\n<meta property=\"og:url\" content=\"https:\/\/www.animalsouk.ma\/animalerie-maroc\/produit\/croquette-nutrivet-inne-kitten-pour-chaton-15kg\/\" \/>\n<meta property=\"og:site_name\" content=\"Animalerie Maroc\" \/>\n<meta property=\"article:publisher\" content=\"https:\/\/www.facebook.com\/animalsouk.ma\" \/>\n<meta property=\"article:modified_time\" content=\"2025-09-08T21:35:50+00:00\" \/>\n<meta property=\"og:image\" content=\"https:\/\/www.animalsouk.ma\/animalerie-maroc\/wp-content\/uploads\/2025\/08\/28696a9cc87b3a9bae7f2bc26751e75c.webp\" \/>\n\t<meta property=\"og:image:width\" content=\"700\" \/>\n\t<meta property=\"og:image:height\" content=\"579\" \/>\n\t<meta property=\"og:image:type\" content=\"image\/webp\" \/>\n<meta name=\"twitter:card\" content=\"summary_large_image\" \/>\n<meta name=\"twitter:label1\" content=\"Dur\u00e9e de lecture estim\u00e9e\" \/>\n\t<meta name=\"twitter:data1\" content=\"3 minutes\" \/>\n<script type=\"application\/ld+json\" class=\"yoast-schema-graph\">{\"@context\":\"https:\\\/\\\/schema.org\",\"@graph\":[{\"@type\":\"WebPage\",\"@id\":\"https:\\\/\\\/www.animalsouk.ma\\\/animalerie-maroc\\\/produit\\\/croquette-nutrivet-inne-kitten-pour-chaton-15kg\\\/\",\"url\":\"https:\\\/\\\/www.animalsouk.ma\\\/animalerie-maroc\\\/produit\\\/croquette-nutrivet-inne-kitten-pour-chaton-15kg\\\/\",\"name\":\"Croquette Nutrivet Inne Kitten pour chaton 1,5Kg - Animalerie Maroc\",\"isPartOf\":{\"@id\":\"https:\\\/\\\/www.animalsouk.ma\\\/animalerie-maroc\\\/#website\"},\"primaryImageOfPage\":{\"@id\":\"https:\\\/\\\/www.animalsouk.ma\\\/animalerie-maroc\\\/produit\\\/croquette-nutrivet-inne-kitten-pour-chaton-15kg\\\/#primaryimage\"},\"image\":{\"@id\":\"https:\\\/\\\/www.animalsouk.ma\\\/animalerie-maroc\\\/produit\\\/croquette-nutrivet-inne-kitten-pour-chaton-15kg\\\/#primaryimage\"},\"thumbnailUrl\":\"https:\\\/\\\/www.animalsouk.ma\\\/animalerie-maroc\\\/wp-content\\\/uploads\\\/2025\\\/08\\\/28696a9cc87b3a9bae7f2bc26751e75c.webp\",\"datePublished\":\"2025-08-28T23:41:06+00:00\",\"dateModified\":\"2025-09-08T21:35:50+00:00\",\"description\":\"Achetez votre Croquette Nutrivet Inne Kitten pour chaton 1,5Kg au meilleur prix au Maroc. Livraison rapide | Animalsouk.ma\",\"breadcrumb\":{\"@id\":\"https:\\\/\\\/www.animalsouk.ma\\\/animalerie-maroc\\\/produit\\\/croquette-nutrivet-inne-kitten-pour-chaton-15kg\\\/#breadcrumb\"},\"inLanguage\":\"fr-FR\",\"potentialAction\":[{\"@type\":\"ReadAction\",\"target\":[\"https:\\\/\\\/www.animalsouk.ma\\\/animalerie-maroc\\\/produit\\\/croquette-nutrivet-inne-kitten-pour-chaton-15kg\\\/\"]}]},{\"@type\":\"ImageObject\",\"inLanguage\":\"fr-FR\",\"@id\":\"https:\\\/\\\/www.animalsouk.ma\\\/animalerie-maroc\\\/produit\\\/croquette-nutrivet-inne-kitten-pour-chaton-15kg\\\/#primaryimage\",\"url\":\"https:\\\/\\\/www.animalsouk.ma\\\/animalerie-maroc\\\/wp-content\\\/uploads\\\/2025\\\/08\\\/28696a9cc87b3a9bae7f2bc26751e75c.webp\",\"contentUrl\":\"https:\\\/\\\/www.animalsouk.ma\\\/animalerie-maroc\\\/wp-content\\\/uploads\\\/2025\\\/08\\\/28696a9cc87b3a9bae7f2bc26751e75c.webp\",\"width\":700,\"height\":579,\"caption\":\"Croquette Nutrivet Inne Kitten pour chaton 1,5Kg\"},{\"@type\":\"BreadcrumbList\",\"@id\":\"https:\\\/\\\/www.animalsouk.ma\\\/animalerie-maroc\\\/produit\\\/croquette-nutrivet-inne-kitten-pour-chaton-15kg\\\/#breadcrumb\",\"itemListElement\":[{\"@type\":\"ListItem\",\"position\":1,\"name\":\"Home\",\"item\":\"https:\\\/\\\/www.animalsouk.ma\\\/animalerie-maroc\\\/\"},{\"@type\":\"ListItem\",\"position\":2,\"name\":\"Boutique\",\"item\":\"https:\\\/\\\/www.animalsouk.ma\\\/animalerie-maroc\\\/boutique\\\/\"},{\"@type\":\"ListItem\",\"position\":3,\"name\":\"Croquette Nutrivet Inne Kitten pour chaton 1,5Kg\"}]},{\"@type\":\"WebSite\",\"@id\":\"https:\\\/\\\/www.animalsouk.ma\\\/animalerie-maroc\\\/#website\",\"url\":\"https:\\\/\\\/www.animalsouk.ma\\\/animalerie-maroc\\\/\",\"name\":\"Animalerie de casablanca\",\"description\":\"\",\"publisher\":{\"@id\":\"https:\\\/\\\/www.animalsouk.ma\\\/animalerie-maroc\\\/#organization\"},\"potentialAction\":[{\"@type\":\"SearchAction\",\"target\":{\"@type\":\"EntryPoint\",\"urlTemplate\":\"https:\\\/\\\/www.animalsouk.ma\\\/animalerie-maroc\\\/?s={search_term_string}\"},\"query-input\":{\"@type\":\"PropertyValueSpecification\",\"valueRequired\":true,\"valueName\":\"search_term_string\"}}],\"inLanguage\":\"fr-FR\"},{\"@type\":\"Organization\",\"@id\":\"https:\\\/\\\/www.animalsouk.ma\\\/animalerie-maroc\\\/#organization\",\"name\":\"Animalerie de casablanca\",\"url\":\"https:\\\/\\\/www.animalsouk.ma\\\/animalerie-maroc\\\/\",\"logo\":{\"@type\":\"ImageObject\",\"inLanguage\":\"fr-FR\",\"@id\":\"https:\\\/\\\/www.animalsouk.ma\\\/animalerie-maroc\\\/#\\\/schema\\\/logo\\\/image\\\/\",\"url\":\"https:\\\/\\\/www.animalsouk.ma\\\/animalerie-maroc\\\/wp-content\\\/uploads\\\/2025\\\/10\\\/animalsouk.ma-logo.png\",\"contentUrl\":\"https:\\\/\\\/www.animalsouk.ma\\\/animalerie-maroc\\\/wp-content\\\/uploads\\\/2025\\\/10\\\/animalsouk.ma-logo.png\",\"width\":760,\"height\":231,\"caption\":\"Animalerie de casablanca\"},\"image\":{\"@id\":\"https:\\\/\\\/www.animalsouk.ma\\\/animalerie-maroc\\\/#\\\/schema\\\/logo\\\/image\\\/\"},\"sameAs\":[\"https:\\\/\\\/www.facebook.com\\\/animalsouk.ma\",\"https:\\\/\\\/www.instagram.com\\\/animalsouk.ma\"]}]}<\/script>\n<!-- \/ Yoast SEO plugin. -->","yoast_head_json":{"title":"Croquette Nutrivet Inne Kitten pour chaton 1,5Kg - Animalerie Maroc","description":"Achetez votre Croquette Nutrivet Inne Kitten pour chaton 1,5Kg au meilleur prix au Maroc. Livraison rapide | Animalsouk.ma","robots":{"index":"index","follow":"follow","max-snippet":"max-snippet:-1","max-image-preview":"max-image-preview:large","max-video-preview":"max-video-preview:-1"},"canonical":"https:\/\/www.animalsouk.ma\/animalerie-maroc\/produit\/croquette-nutrivet-inne-kitten-pour-chaton-15kg\/","og_locale":"fr_FR","og_type":"article","og_title":"Croquette Nutrivet Inne Kitten pour chaton 1,5Kg - Animalerie Maroc","og_description":"Achetez votre Croquette Nutrivet Inne Kitten pour chaton 1,5Kg au meilleur prix au Maroc. Livraison rapide | Animalsouk.ma","og_url":"https:\/\/www.animalsouk.ma\/animalerie-maroc\/produit\/croquette-nutrivet-inne-kitten-pour-chaton-15kg\/","og_site_name":"Animalerie Maroc","article_publisher":"https:\/\/www.facebook.com\/animalsouk.ma","article_modified_time":"2025-09-08T21:35:50+00:00","og_image":[{"width":700,"height":579,"url":"https:\/\/www.animalsouk.ma\/animalerie-maroc\/wp-content\/uploads\/2025\/08\/28696a9cc87b3a9bae7f2bc26751e75c.webp","type":"image\/webp"}],"twitter_card":"summary_large_image","twitter_misc":{"Dur\u00e9e de lecture estim\u00e9e":"3 minutes"},"schema":{"@context":"https:\/\/schema.org","@graph":[{"@type":"WebPage","@id":"https:\/\/www.animalsouk.ma\/animalerie-maroc\/produit\/croquette-nutrivet-inne-kitten-pour-chaton-15kg\/","url":"https:\/\/www.animalsouk.ma\/animalerie-maroc\/produit\/croquette-nutrivet-inne-kitten-pour-chaton-15kg\/","name":"Croquette Nutrivet Inne Kitten pour chaton 1,5Kg - Animalerie Maroc","isPartOf":{"@id":"https:\/\/www.animalsouk.ma\/animalerie-maroc\/#website"},"primaryImageOfPage":{"@id":"https:\/\/www.animalsouk.ma\/animalerie-maroc\/produit\/croquette-nutrivet-inne-kitten-pour-chaton-15kg\/#primaryimage"},"image":{"@id":"https:\/\/www.animalsouk.ma\/animalerie-maroc\/produit\/croquette-nutrivet-inne-kitten-pour-chaton-15kg\/#primaryimage"},"thumbnailUrl":"https:\/\/www.animalsouk.ma\/animalerie-maroc\/wp-content\/uploads\/2025\/08\/28696a9cc87b3a9bae7f2bc26751e75c.webp","datePublished":"2025-08-28T23:41:06+00:00","dateModified":"2025-09-08T21:35:50+00:00","description":"Achetez votre Croquette Nutrivet Inne Kitten pour chaton 1,5Kg au meilleur prix au Maroc. Livraison rapide | Animalsouk.ma","breadcrumb":{"@id":"https:\/\/www.animalsouk.ma\/animalerie-maroc\/produit\/croquette-nutrivet-inne-kitten-pour-chaton-15kg\/#breadcrumb"},"inLanguage":"fr-FR","potentialAction":[{"@type":"ReadAction","target":["https:\/\/www.animalsouk.ma\/animalerie-maroc\/produit\/croquette-nutrivet-inne-kitten-pour-chaton-15kg\/"]}]},{"@type":"ImageObject","inLanguage":"fr-FR","@id":"https:\/\/www.animalsouk.ma\/animalerie-maroc\/produit\/croquette-nutrivet-inne-kitten-pour-chaton-15kg\/#primaryimage","url":"https:\/\/www.animalsouk.ma\/animalerie-maroc\/wp-content\/uploads\/2025\/08\/28696a9cc87b3a9bae7f2bc26751e75c.webp","contentUrl":"https:\/\/www.animalsouk.ma\/animalerie-maroc\/wp-content\/uploads\/2025\/08\/28696a9cc87b3a9bae7f2bc26751e75c.webp","width":700,"height":579,"caption":"Croquette Nutrivet Inne Kitten pour chaton 1,5Kg"},{"@type":"BreadcrumbList","@id":"https:\/\/www.animalsouk.ma\/animalerie-maroc\/produit\/croquette-nutrivet-inne-kitten-pour-chaton-15kg\/#breadcrumb","itemListElement":[{"@type":"ListItem","position":1,"name":"Home","item":"https:\/\/www.animalsouk.ma\/animalerie-maroc\/"},{"@type":"ListItem","position":2,"name":"Boutique","item":"https:\/\/www.animalsouk.ma\/animalerie-maroc\/boutique\/"},{"@type":"ListItem","position":3,"name":"Croquette Nutrivet Inne Kitten pour chaton 1,5Kg"}]},{"@type":"WebSite","@id":"https:\/\/www.animalsouk.ma\/animalerie-maroc\/#website","url":"https:\/\/www.animalsouk.ma\/animalerie-maroc\/","name":"Animalerie de casablanca","description":"","publisher":{"@id":"https:\/\/www.animalsouk.ma\/animalerie-maroc\/#organization"},"potentialAction":[{"@type":"SearchAction","target":{"@type":"EntryPoint","urlTemplate":"https:\/\/www.animalsouk.ma\/animalerie-maroc\/?s={search_term_string}"},"query-input":{"@type":"PropertyValueSpecification","valueRequired":true,"valueName":"search_term_string"}}],"inLanguage":"fr-FR"},{"@type":"Organization","@id":"https:\/\/www.animalsouk.ma\/animalerie-maroc\/#organization","name":"Animalerie de casablanca","url":"https:\/\/www.animalsouk.ma\/animalerie-maroc\/","logo":{"@type":"ImageObject","inLanguage":"fr-FR","@id":"https:\/\/www.animalsouk.ma\/animalerie-maroc\/#\/schema\/logo\/image\/","url":"https:\/\/www.animalsouk.ma\/animalerie-maroc\/wp-content\/uploads\/2025\/10\/animalsouk.ma-logo.png","contentUrl":"https:\/\/www.animalsouk.ma\/animalerie-maroc\/wp-content\/uploads\/2025\/10\/animalsouk.ma-logo.png","width":760,"height":231,"caption":"Animalerie de casablanca"},"image":{"@id":"https:\/\/www.animalsouk.ma\/animalerie-maroc\/#\/schema\/logo\/image\/"},"sameAs":["https:\/\/www.facebook.com\/animalsouk.ma","https:\/\/www.instagram.com\/animalsouk.ma"]}]}},"_links":{"self":[{"href":"https:\/\/www.animalsouk.ma\/animalerie-maroc\/wp-json\/wp\/v2\/product\/437","targetHints":{"allow":["GET"]}}],"collection":[{"href":"https:\/\/www.animalsouk.ma\/animalerie-maroc\/wp-json\/wp\/v2\/product"}],"about":[{"href":"https:\/\/www.animalsouk.ma\/animalerie-maroc\/wp-json\/wp\/v2\/types\/product"}],"wp:featuredmedia":[{"embeddable":true,"href":"https:\/\/www.animalsouk.ma\/animalerie-maroc\/wp-json\/wp\/v2\/media\/436"}],"wp:attachment":[{"href":"https:\/\/www.animalsouk.ma\/animalerie-maroc\/wp-json\/wp\/v2\/media?parent=437"}],"wp:term":[{"taxonomy":"product_brand","embeddable":true,"href":"https:\/\/www.animalsouk.ma\/animalerie-maroc\/wp-json\/wp\/v2\/product_brand?post=437"},{"taxonomy":"product_cat","embeddable":true,"href":"https:\/\/www.animalsouk.ma\/animalerie-maroc\/wp-json\/wp\/v2\/product_cat?post=437"},{"taxonomy":"product_tag","embeddable":true,"href":"https:\/\/www.animalsouk.ma\/animalerie-maroc\/wp-json\/wp\/v2\/product_tag?post=437"}],"curies":[{"name":"wp","href":"https:\/\/api.w.org\/{rel}","templated":true}]}}