{"id":429,"date":"2025-08-29T01:41:04","date_gmt":"2025-08-28T23:41:04","guid":{"rendered":"https:\/\/www.animalsouk.ma\/animalerie\/product\/croquette-ownat-sans-cereales-grain-free-pour-chat-sterilise-3kg\/"},"modified":"2026-04-30T15:47:46","modified_gmt":"2026-04-30T13:47:46","slug":"croquette-ownat-sans-cereales-grain-free-pour-chat-sterilise-3kg","status":"publish","type":"product","link":"https:\/\/www.animalsouk.ma\/animalerie-maroc\/produit\/croquette-ownat-sans-cereales-grain-free-pour-chat-sterilise-3kg\/","title":{"rendered":"Croquette Ownat sans c\u00e9r\u00e9ales (grain free) pour chat st\u00e9rilis\u00e9 3kg"},"content":{"rendered":"<p>Croquette Ownat sans c\u00e9r\u00e9ales (grain free) pour chat st\u00e9rilis\u00e9 r\u00e9pond aux besoins nutritionnels des chats st\u00e9rilis\u00e9s. Fait \u00e0 50 % de viande fra\u00eeche de poulet et de dinde, riche en fibres et avec un taux de mati\u00e8res grasses mod\u00e9r\u00e9, il vous permet de maintenir votre poids id\u00e9al tout en favorisant une bonne sant\u00e9 intestinale.<\/p>\n<p>Composition:<br \/>\nViande fra\u00eeche de poulet et de dinde* (min. 50% avant extrusion), viandes d\u00e9shydrat\u00e9es (20%), racines de manioc*, pois entiers*, saumon hydrolys\u00e9, pomme de terre d\u00e9shydrat\u00e9e*, poisson d\u00e9shydrat\u00e9 (anchois, chinchard et maquereau), levure de bi\u00e8re *, pulpe de betterave, graisse de volaille (conserv\u00e9e avec des antioxydants naturels), prot\u00e9ines de poulet hydrolys\u00e9es, \u0153uf d\u00e9shydrat\u00e9*, pomme fra\u00eeche* (1%), huile de poisson (conserv\u00e9e avec des antioxydants naturels), sel gemme*, luzerne d\u00e9shydrat\u00e9e*, fructose et mannane oligosaccharides, algues d\u00e9shydrat\u00e9es*, glucosamine, chondro\u00eftine, yucca schidigera, myrtilles*, thym*, fleur de camomille*, fenouil*, \u00e9chinac\u00e9e*, th\u00e9 vert*. *Ingr\u00e9dients naturels.<\/p>\n","protected":false},"excerpt":{"rendered":"<p>Croquette Ownat sans c\u00e9r\u00e9ales (grain free) pour chat st\u00e9rilis\u00e9 r\u00e9pond aux besoins nutritionnels des chats st\u00e9rilis\u00e9s. Fait \u00e0 50 % de viande fra\u00eeche de poulet et de dinde, riche en fibres et avec un taux de mati\u00e8res grasses mod\u00e9r\u00e9, il vous permet de maintenir votre poids id\u00e9al tout en favorisant une bonne sant\u00e9 intestinale. Composition: [&#8230;]\n","protected":false},"featured_media":428,"template":"","meta":[],"product_brand":[34],"product_cat":[18],"product_tag":[],"class_list":{"0":"post-429","1":"product","2":"type-product","3":"status-publish","4":"has-post-thumbnail","6":"product_brand-ownat","7":"product_cat-alimentation-pour-chats","9":"first","10":"outofstock","11":"shipping-taxable","12":"purchasable","13":"product-type-simple"},"yoast_head":"<!-- This site is optimized with the Yoast SEO plugin v27.3 - https:\/\/yoast.com\/product\/yoast-seo-wordpress\/ -->\n<title>Croquette Ownat sans c\u00e9r\u00e9ales (grain free) pour chat st\u00e9rilis\u00e9 3kg - Animalerie Maroc<\/title>\n<meta name=\"description\" content=\"Achetez votre Croquette Ownat sans c\u00e9r\u00e9ales (grain free) pour chat st\u00e9rilis\u00e9 3kg au meilleur prix au Maroc. Livraison rapide | Animalsouk.ma\" \/>\n<meta name=\"robots\" content=\"index, follow, max-snippet:-1, max-image-preview:large, max-video-preview:-1\" \/>\n<link rel=\"canonical\" href=\"https:\/\/www.animalsouk.ma\/animalerie-maroc\/produit\/croquette-ownat-sans-cereales-grain-free-pour-chat-sterilise-3kg\/\" \/>\n<meta property=\"og:locale\" content=\"fr_FR\" \/>\n<meta property=\"og:type\" content=\"article\" \/>\n<meta property=\"og:title\" content=\"Croquette Ownat sans c\u00e9r\u00e9ales (grain free) pour chat st\u00e9rilis\u00e9 3kg - Animalerie Maroc\" \/>\n<meta property=\"og:description\" content=\"Achetez votre Croquette Ownat sans c\u00e9r\u00e9ales (grain free) pour chat st\u00e9rilis\u00e9 3kg au meilleur prix au Maroc. Livraison rapide | Animalsouk.ma\" \/>\n<meta property=\"og:url\" content=\"https:\/\/www.animalsouk.ma\/animalerie-maroc\/produit\/croquette-ownat-sans-cereales-grain-free-pour-chat-sterilise-3kg\/\" \/>\n<meta property=\"og:site_name\" content=\"Animalerie Maroc\" \/>\n<meta property=\"article:publisher\" content=\"https:\/\/www.facebook.com\/animalsouk.ma\" \/>\n<meta property=\"article:modified_time\" content=\"2026-04-30T13:47:46+00:00\" \/>\n<meta property=\"og:image\" content=\"https:\/\/www.animalsouk.ma\/animalerie-maroc\/wp-content\/uploads\/2025\/08\/86e335ad4a28158341ff31afaecb25ef.webp\" \/>\n\t<meta property=\"og:image:width\" content=\"700\" \/>\n\t<meta property=\"og:image:height\" content=\"579\" \/>\n\t<meta property=\"og:image:type\" content=\"image\/webp\" \/>\n<meta name=\"twitter:card\" content=\"summary_large_image\" \/>\n<meta name=\"twitter:label1\" content=\"Dur\u00e9e de lecture estim\u00e9e\" \/>\n\t<meta name=\"twitter:data1\" content=\"1 minute\" \/>\n<script type=\"application\/ld+json\" class=\"yoast-schema-graph\">{\"@context\":\"https:\\\/\\\/schema.org\",\"@graph\":[{\"@type\":\"WebPage\",\"@id\":\"https:\\\/\\\/www.animalsouk.ma\\\/animalerie-maroc\\\/produit\\\/croquette-ownat-sans-cereales-grain-free-pour-chat-sterilise-3kg\\\/\",\"url\":\"https:\\\/\\\/www.animalsouk.ma\\\/animalerie-maroc\\\/produit\\\/croquette-ownat-sans-cereales-grain-free-pour-chat-sterilise-3kg\\\/\",\"name\":\"Croquette Ownat sans c\u00e9r\u00e9ales (grain free) pour chat st\u00e9rilis\u00e9 3kg - Animalerie Maroc\",\"isPartOf\":{\"@id\":\"https:\\\/\\\/www.animalsouk.ma\\\/animalerie-maroc\\\/#website\"},\"primaryImageOfPage\":{\"@id\":\"https:\\\/\\\/www.animalsouk.ma\\\/animalerie-maroc\\\/produit\\\/croquette-ownat-sans-cereales-grain-free-pour-chat-sterilise-3kg\\\/#primaryimage\"},\"image\":{\"@id\":\"https:\\\/\\\/www.animalsouk.ma\\\/animalerie-maroc\\\/produit\\\/croquette-ownat-sans-cereales-grain-free-pour-chat-sterilise-3kg\\\/#primaryimage\"},\"thumbnailUrl\":\"https:\\\/\\\/www.animalsouk.ma\\\/animalerie-maroc\\\/wp-content\\\/uploads\\\/2025\\\/08\\\/86e335ad4a28158341ff31afaecb25ef.webp\",\"datePublished\":\"2025-08-28T23:41:04+00:00\",\"dateModified\":\"2026-04-30T13:47:46+00:00\",\"description\":\"Achetez votre Croquette Ownat sans c\u00e9r\u00e9ales (grain free) pour chat st\u00e9rilis\u00e9 3kg au meilleur prix au Maroc. Livraison rapide | Animalsouk.ma\",\"breadcrumb\":{\"@id\":\"https:\\\/\\\/www.animalsouk.ma\\\/animalerie-maroc\\\/produit\\\/croquette-ownat-sans-cereales-grain-free-pour-chat-sterilise-3kg\\\/#breadcrumb\"},\"inLanguage\":\"fr-FR\",\"potentialAction\":[{\"@type\":\"ReadAction\",\"target\":[\"https:\\\/\\\/www.animalsouk.ma\\\/animalerie-maroc\\\/produit\\\/croquette-ownat-sans-cereales-grain-free-pour-chat-sterilise-3kg\\\/\"]}]},{\"@type\":\"ImageObject\",\"inLanguage\":\"fr-FR\",\"@id\":\"https:\\\/\\\/www.animalsouk.ma\\\/animalerie-maroc\\\/produit\\\/croquette-ownat-sans-cereales-grain-free-pour-chat-sterilise-3kg\\\/#primaryimage\",\"url\":\"https:\\\/\\\/www.animalsouk.ma\\\/animalerie-maroc\\\/wp-content\\\/uploads\\\/2025\\\/08\\\/86e335ad4a28158341ff31afaecb25ef.webp\",\"contentUrl\":\"https:\\\/\\\/www.animalsouk.ma\\\/animalerie-maroc\\\/wp-content\\\/uploads\\\/2025\\\/08\\\/86e335ad4a28158341ff31afaecb25ef.webp\",\"width\":700,\"height\":579,\"caption\":\"Croquette Ownat sans c\u00e9r\u00e9ales (grain free) pour chat st\u00e9rilis\u00e9 3kg\"},{\"@type\":\"BreadcrumbList\",\"@id\":\"https:\\\/\\\/www.animalsouk.ma\\\/animalerie-maroc\\\/produit\\\/croquette-ownat-sans-cereales-grain-free-pour-chat-sterilise-3kg\\\/#breadcrumb\",\"itemListElement\":[{\"@type\":\"ListItem\",\"position\":1,\"name\":\"Home\",\"item\":\"https:\\\/\\\/www.animalsouk.ma\\\/animalerie-maroc\\\/\"},{\"@type\":\"ListItem\",\"position\":2,\"name\":\"Boutique\",\"item\":\"https:\\\/\\\/www.animalsouk.ma\\\/animalerie-maroc\\\/boutique\\\/\"},{\"@type\":\"ListItem\",\"position\":3,\"name\":\"Croquette Ownat sans c\u00e9r\u00e9ales (grain free) pour chat st\u00e9rilis\u00e9 3kg\"}]},{\"@type\":\"WebSite\",\"@id\":\"https:\\\/\\\/www.animalsouk.ma\\\/animalerie-maroc\\\/#website\",\"url\":\"https:\\\/\\\/www.animalsouk.ma\\\/animalerie-maroc\\\/\",\"name\":\"Animalerie de casablanca\",\"description\":\"\",\"publisher\":{\"@id\":\"https:\\\/\\\/www.animalsouk.ma\\\/animalerie-maroc\\\/#organization\"},\"potentialAction\":[{\"@type\":\"SearchAction\",\"target\":{\"@type\":\"EntryPoint\",\"urlTemplate\":\"https:\\\/\\\/www.animalsouk.ma\\\/animalerie-maroc\\\/?s={search_term_string}\"},\"query-input\":{\"@type\":\"PropertyValueSpecification\",\"valueRequired\":true,\"valueName\":\"search_term_string\"}}],\"inLanguage\":\"fr-FR\"},{\"@type\":\"Organization\",\"@id\":\"https:\\\/\\\/www.animalsouk.ma\\\/animalerie-maroc\\\/#organization\",\"name\":\"Animalerie de casablanca\",\"url\":\"https:\\\/\\\/www.animalsouk.ma\\\/animalerie-maroc\\\/\",\"logo\":{\"@type\":\"ImageObject\",\"inLanguage\":\"fr-FR\",\"@id\":\"https:\\\/\\\/www.animalsouk.ma\\\/animalerie-maroc\\\/#\\\/schema\\\/logo\\\/image\\\/\",\"url\":\"https:\\\/\\\/www.animalsouk.ma\\\/animalerie-maroc\\\/wp-content\\\/uploads\\\/2025\\\/10\\\/animalsouk.ma-logo.png\",\"contentUrl\":\"https:\\\/\\\/www.animalsouk.ma\\\/animalerie-maroc\\\/wp-content\\\/uploads\\\/2025\\\/10\\\/animalsouk.ma-logo.png\",\"width\":760,\"height\":231,\"caption\":\"Animalerie de casablanca\"},\"image\":{\"@id\":\"https:\\\/\\\/www.animalsouk.ma\\\/animalerie-maroc\\\/#\\\/schema\\\/logo\\\/image\\\/\"},\"sameAs\":[\"https:\\\/\\\/www.facebook.com\\\/animalsouk.ma\",\"https:\\\/\\\/www.instagram.com\\\/animalsouk.ma\"]}]}<\/script>\n<!-- \/ Yoast SEO plugin. -->","yoast_head_json":{"title":"Croquette Ownat sans c\u00e9r\u00e9ales (grain free) pour chat st\u00e9rilis\u00e9 3kg - Animalerie Maroc","description":"Achetez votre Croquette Ownat sans c\u00e9r\u00e9ales (grain free) pour chat st\u00e9rilis\u00e9 3kg au meilleur prix au Maroc. Livraison rapide | Animalsouk.ma","robots":{"index":"index","follow":"follow","max-snippet":"max-snippet:-1","max-image-preview":"max-image-preview:large","max-video-preview":"max-video-preview:-1"},"canonical":"https:\/\/www.animalsouk.ma\/animalerie-maroc\/produit\/croquette-ownat-sans-cereales-grain-free-pour-chat-sterilise-3kg\/","og_locale":"fr_FR","og_type":"article","og_title":"Croquette Ownat sans c\u00e9r\u00e9ales (grain free) pour chat st\u00e9rilis\u00e9 3kg - Animalerie Maroc","og_description":"Achetez votre Croquette Ownat sans c\u00e9r\u00e9ales (grain free) pour chat st\u00e9rilis\u00e9 3kg au meilleur prix au Maroc. Livraison rapide | Animalsouk.ma","og_url":"https:\/\/www.animalsouk.ma\/animalerie-maroc\/produit\/croquette-ownat-sans-cereales-grain-free-pour-chat-sterilise-3kg\/","og_site_name":"Animalerie Maroc","article_publisher":"https:\/\/www.facebook.com\/animalsouk.ma","article_modified_time":"2026-04-30T13:47:46+00:00","og_image":[{"width":700,"height":579,"url":"https:\/\/www.animalsouk.ma\/animalerie-maroc\/wp-content\/uploads\/2025\/08\/86e335ad4a28158341ff31afaecb25ef.webp","type":"image\/webp"}],"twitter_card":"summary_large_image","twitter_misc":{"Dur\u00e9e de lecture estim\u00e9e":"1 minute"},"schema":{"@context":"https:\/\/schema.org","@graph":[{"@type":"WebPage","@id":"https:\/\/www.animalsouk.ma\/animalerie-maroc\/produit\/croquette-ownat-sans-cereales-grain-free-pour-chat-sterilise-3kg\/","url":"https:\/\/www.animalsouk.ma\/animalerie-maroc\/produit\/croquette-ownat-sans-cereales-grain-free-pour-chat-sterilise-3kg\/","name":"Croquette Ownat sans c\u00e9r\u00e9ales (grain free) pour chat st\u00e9rilis\u00e9 3kg - Animalerie Maroc","isPartOf":{"@id":"https:\/\/www.animalsouk.ma\/animalerie-maroc\/#website"},"primaryImageOfPage":{"@id":"https:\/\/www.animalsouk.ma\/animalerie-maroc\/produit\/croquette-ownat-sans-cereales-grain-free-pour-chat-sterilise-3kg\/#primaryimage"},"image":{"@id":"https:\/\/www.animalsouk.ma\/animalerie-maroc\/produit\/croquette-ownat-sans-cereales-grain-free-pour-chat-sterilise-3kg\/#primaryimage"},"thumbnailUrl":"https:\/\/www.animalsouk.ma\/animalerie-maroc\/wp-content\/uploads\/2025\/08\/86e335ad4a28158341ff31afaecb25ef.webp","datePublished":"2025-08-28T23:41:04+00:00","dateModified":"2026-04-30T13:47:46+00:00","description":"Achetez votre Croquette Ownat sans c\u00e9r\u00e9ales (grain free) pour chat st\u00e9rilis\u00e9 3kg au meilleur prix au Maroc. Livraison rapide | Animalsouk.ma","breadcrumb":{"@id":"https:\/\/www.animalsouk.ma\/animalerie-maroc\/produit\/croquette-ownat-sans-cereales-grain-free-pour-chat-sterilise-3kg\/#breadcrumb"},"inLanguage":"fr-FR","potentialAction":[{"@type":"ReadAction","target":["https:\/\/www.animalsouk.ma\/animalerie-maroc\/produit\/croquette-ownat-sans-cereales-grain-free-pour-chat-sterilise-3kg\/"]}]},{"@type":"ImageObject","inLanguage":"fr-FR","@id":"https:\/\/www.animalsouk.ma\/animalerie-maroc\/produit\/croquette-ownat-sans-cereales-grain-free-pour-chat-sterilise-3kg\/#primaryimage","url":"https:\/\/www.animalsouk.ma\/animalerie-maroc\/wp-content\/uploads\/2025\/08\/86e335ad4a28158341ff31afaecb25ef.webp","contentUrl":"https:\/\/www.animalsouk.ma\/animalerie-maroc\/wp-content\/uploads\/2025\/08\/86e335ad4a28158341ff31afaecb25ef.webp","width":700,"height":579,"caption":"Croquette Ownat sans c\u00e9r\u00e9ales (grain free) pour chat st\u00e9rilis\u00e9 3kg"},{"@type":"BreadcrumbList","@id":"https:\/\/www.animalsouk.ma\/animalerie-maroc\/produit\/croquette-ownat-sans-cereales-grain-free-pour-chat-sterilise-3kg\/#breadcrumb","itemListElement":[{"@type":"ListItem","position":1,"name":"Home","item":"https:\/\/www.animalsouk.ma\/animalerie-maroc\/"},{"@type":"ListItem","position":2,"name":"Boutique","item":"https:\/\/www.animalsouk.ma\/animalerie-maroc\/boutique\/"},{"@type":"ListItem","position":3,"name":"Croquette Ownat sans c\u00e9r\u00e9ales (grain free) pour chat st\u00e9rilis\u00e9 3kg"}]},{"@type":"WebSite","@id":"https:\/\/www.animalsouk.ma\/animalerie-maroc\/#website","url":"https:\/\/www.animalsouk.ma\/animalerie-maroc\/","name":"Animalerie de casablanca","description":"","publisher":{"@id":"https:\/\/www.animalsouk.ma\/animalerie-maroc\/#organization"},"potentialAction":[{"@type":"SearchAction","target":{"@type":"EntryPoint","urlTemplate":"https:\/\/www.animalsouk.ma\/animalerie-maroc\/?s={search_term_string}"},"query-input":{"@type":"PropertyValueSpecification","valueRequired":true,"valueName":"search_term_string"}}],"inLanguage":"fr-FR"},{"@type":"Organization","@id":"https:\/\/www.animalsouk.ma\/animalerie-maroc\/#organization","name":"Animalerie de casablanca","url":"https:\/\/www.animalsouk.ma\/animalerie-maroc\/","logo":{"@type":"ImageObject","inLanguage":"fr-FR","@id":"https:\/\/www.animalsouk.ma\/animalerie-maroc\/#\/schema\/logo\/image\/","url":"https:\/\/www.animalsouk.ma\/animalerie-maroc\/wp-content\/uploads\/2025\/10\/animalsouk.ma-logo.png","contentUrl":"https:\/\/www.animalsouk.ma\/animalerie-maroc\/wp-content\/uploads\/2025\/10\/animalsouk.ma-logo.png","width":760,"height":231,"caption":"Animalerie de casablanca"},"image":{"@id":"https:\/\/www.animalsouk.ma\/animalerie-maroc\/#\/schema\/logo\/image\/"},"sameAs":["https:\/\/www.facebook.com\/animalsouk.ma","https:\/\/www.instagram.com\/animalsouk.ma"]}]}},"_links":{"self":[{"href":"https:\/\/www.animalsouk.ma\/animalerie-maroc\/wp-json\/wp\/v2\/product\/429","targetHints":{"allow":["GET"]}}],"collection":[{"href":"https:\/\/www.animalsouk.ma\/animalerie-maroc\/wp-json\/wp\/v2\/product"}],"about":[{"href":"https:\/\/www.animalsouk.ma\/animalerie-maroc\/wp-json\/wp\/v2\/types\/product"}],"wp:featuredmedia":[{"embeddable":true,"href":"https:\/\/www.animalsouk.ma\/animalerie-maroc\/wp-json\/wp\/v2\/media\/428"}],"wp:attachment":[{"href":"https:\/\/www.animalsouk.ma\/animalerie-maroc\/wp-json\/wp\/v2\/media?parent=429"}],"wp:term":[{"taxonomy":"product_brand","embeddable":true,"href":"https:\/\/www.animalsouk.ma\/animalerie-maroc\/wp-json\/wp\/v2\/product_brand?post=429"},{"taxonomy":"product_cat","embeddable":true,"href":"https:\/\/www.animalsouk.ma\/animalerie-maroc\/wp-json\/wp\/v2\/product_cat?post=429"},{"taxonomy":"product_tag","embeddable":true,"href":"https:\/\/www.animalsouk.ma\/animalerie-maroc\/wp-json\/wp\/v2\/product_tag?post=429"}],"curies":[{"name":"wp","href":"https:\/\/api.w.org\/{rel}","templated":true}]}}