{"id":425,"date":"2025-08-29T01:41:02","date_gmt":"2025-08-28T23:41:02","guid":{"rendered":"https:\/\/www.animalsouk.ma\/animalerie\/product\/croquette-ownat-pour-chat-sterilise-15kg\/"},"modified":"2026-04-28T15:49:23","modified_gmt":"2026-04-28T13:49:23","slug":"croquette-ownat-pour-chat-sterilise","status":"publish","type":"product","link":"https:\/\/www.animalsouk.ma\/animalerie-maroc\/produit\/croquette-ownat-pour-chat-sterilise\/","title":{"rendered":"Croquette Ownat pour Chat St\u00e9rilis\u00e9"},"content":{"rendered":"<p>Les Croquette Ownat pour Chat St\u00e9rilis\u00e9 contient une quantit\u00e9 \u00e9lev\u00e9e de fibres et de prot\u00e9ines, favorisant la sati\u00e9t\u00e9 et le maintien de la masse musculaire, et un niveau mod\u00e9r\u00e9 de graisses pour assurer le poids id\u00e9al du chat. puisque Les chats st\u00e9rilis\u00e9s ont tendance \u00e0 \u00eatre en surpoids.<\/p>\n<p>Composition:<br \/>\nViandes 36 % (Viandes d\u00e9shydrat\u00e9es 26 %, Poulet frais* 10 %), Orge enti\u00e8re* (10 %), Pois entiers* (9 %), Ma\u00efs entier* (9 %), Graisse de poulet, Prot\u00e9ines de ma\u00efs, Bl\u00e9 entier* ( 7%), saumon hydrolys\u00e9 (5%), riz complet* (2%), levure de bi\u00e8re* (2%), prot\u00e9ines de poulet hydrolys\u00e9es, pomme fra\u00eeche* (1%), huile de saumon, betterave, fructose et mannane oligosaccharides, plantes herbes 0,02% ( fenouil*, fleur de camomille*, anis vert*), yucca schidigera . *Ingr\u00e9dients naturels.<\/p>\n<p>Composants analytiques :<br \/>\nProt\u00e9ines : 33 %, teneur en mati\u00e8res grasses : 12 %, cellulose brute : 4 %, mati\u00e8re inorganique : 8 %, humidit\u00e9 : 8 %, calcium : 1,3 %, phosphore : 1 %.<\/p>\n<p>ADDITIFS\/KG : Additifs nutritionnels :<br \/>\nVitamine A 15 000 UI, Vitamine D3 1 500 UI, Vitamine E 100 UI, Vitamine C 100 mg, Taurine 1 000 mg, Cuivre (ch\u00e9late d&rsquo;acides amin\u00e9s de cuivre hydrat\u00e9) 5 mg, Mangan\u00e8se (oxyde manganeux) 30 mg, Zinc (oxyde de zinc) 100 mg , zinc (ch\u00e9late de zinc hydrat\u00e9 d&rsquo;acides amin\u00e9s) 7 mg, fer (sulfate ferreux, monohydrat\u00e9) 30 mg, iode (iodure de potassium) 2 mg, s\u00e9l\u00e9nium (s\u00e9l\u00e9nite de sodium) 0,1 mg. Avec des antioxydants naturels.<\/p>\n<p>Des instructions<br \/>\nLes quantit\u00e9s indiqu\u00e9es sont les rations journali\u00e8res recommand\u00e9es. Conservez dans un endroit frais et sec. Laissez toujours de l&rsquo;eau fra\u00eeche et propre \u00e0 port\u00e9e du chat.<\/p>\n","protected":false},"excerpt":{"rendered":"<p>Les Croquette Ownat pour Chat St\u00e9rilis\u00e9 contient une quantit\u00e9 \u00e9lev\u00e9e de fibres et de prot\u00e9ines, favorisant la sati\u00e9t\u00e9 et le maintien de la masse musculaire, et un niveau mod\u00e9r\u00e9 de graisses pour assurer le poids id\u00e9al du chat. puisque Les chats st\u00e9rilis\u00e9s ont tendance \u00e0 \u00eatre en surpoids. Composition: Viandes 36 % (Viandes d\u00e9shydrat\u00e9es 26 [&#8230;]\n","protected":false},"featured_media":424,"template":"","meta":[],"product_brand":[34],"product_cat":[18],"product_tag":[],"class_list":{"0":"post-425","1":"product","2":"type-product","3":"status-publish","4":"has-post-thumbnail","6":"product_brand-ownat","7":"product_cat-alimentation-pour-chats","9":"first","10":"instock","11":"shipping-taxable","12":"purchasable","13":"product-type-variable"},"yoast_head":"<!-- This site is optimized with the Yoast SEO plugin v27.3 - https:\/\/yoast.com\/product\/yoast-seo-wordpress\/ -->\n<title>Croquette Ownat pour Chat St\u00e9rilis\u00e9 - Animalerie Maroc<\/title>\n<meta name=\"description\" content=\"Achetez votre Croquette Ownat pour Chat St\u00e9rilis\u00e9 au meilleur prix au Maroc. Livraison rapide | Animalsouk.ma\" \/>\n<meta name=\"robots\" content=\"index, follow, max-snippet:-1, max-image-preview:large, max-video-preview:-1\" \/>\n<link rel=\"canonical\" href=\"https:\/\/www.animalsouk.ma\/animalerie-maroc\/produit\/croquette-ownat-pour-chat-sterilise\/\" \/>\n<meta property=\"og:locale\" content=\"fr_FR\" \/>\n<meta property=\"og:type\" content=\"article\" \/>\n<meta property=\"og:title\" content=\"Croquette Ownat pour Chat St\u00e9rilis\u00e9 - Animalerie Maroc\" \/>\n<meta property=\"og:description\" content=\"Achetez votre Croquette Ownat pour Chat St\u00e9rilis\u00e9 au meilleur prix au Maroc. Livraison rapide | Animalsouk.ma\" \/>\n<meta property=\"og:url\" content=\"https:\/\/www.animalsouk.ma\/animalerie-maroc\/produit\/croquette-ownat-pour-chat-sterilise\/\" \/>\n<meta property=\"og:site_name\" content=\"Animalerie Maroc\" \/>\n<meta property=\"article:publisher\" content=\"https:\/\/www.facebook.com\/animalsouk.ma\" \/>\n<meta property=\"article:modified_time\" content=\"2026-04-28T13:49:23+00:00\" \/>\n<meta property=\"og:image\" content=\"https:\/\/www.animalsouk.ma\/animalerie-maroc\/wp-content\/uploads\/2025\/08\/ee63bf8a662c3a1be31b953531e8f791.webp\" \/>\n\t<meta property=\"og:image:width\" content=\"700\" \/>\n\t<meta property=\"og:image:height\" content=\"579\" \/>\n\t<meta property=\"og:image:type\" content=\"image\/webp\" \/>\n<meta name=\"twitter:card\" content=\"summary_large_image\" \/>\n<meta name=\"twitter:label1\" content=\"Dur\u00e9e de lecture estim\u00e9e\" \/>\n\t<meta name=\"twitter:data1\" content=\"2 minutes\" \/>\n<script type=\"application\/ld+json\" class=\"yoast-schema-graph\">{\"@context\":\"https:\\\/\\\/schema.org\",\"@graph\":[{\"@type\":\"WebPage\",\"@id\":\"https:\\\/\\\/www.animalsouk.ma\\\/animalerie-maroc\\\/produit\\\/croquette-ownat-pour-chat-sterilise\\\/\",\"url\":\"https:\\\/\\\/www.animalsouk.ma\\\/animalerie-maroc\\\/produit\\\/croquette-ownat-pour-chat-sterilise\\\/\",\"name\":\"Croquette Ownat pour Chat St\u00e9rilis\u00e9 - Animalerie Maroc\",\"isPartOf\":{\"@id\":\"https:\\\/\\\/www.animalsouk.ma\\\/animalerie-maroc\\\/#website\"},\"primaryImageOfPage\":{\"@id\":\"https:\\\/\\\/www.animalsouk.ma\\\/animalerie-maroc\\\/produit\\\/croquette-ownat-pour-chat-sterilise\\\/#primaryimage\"},\"image\":{\"@id\":\"https:\\\/\\\/www.animalsouk.ma\\\/animalerie-maroc\\\/produit\\\/croquette-ownat-pour-chat-sterilise\\\/#primaryimage\"},\"thumbnailUrl\":\"https:\\\/\\\/www.animalsouk.ma\\\/animalerie-maroc\\\/wp-content\\\/uploads\\\/2025\\\/08\\\/ee63bf8a662c3a1be31b953531e8f791.webp\",\"datePublished\":\"2025-08-28T23:41:02+00:00\",\"dateModified\":\"2026-04-28T13:49:23+00:00\",\"description\":\"Achetez votre Croquette Ownat pour Chat St\u00e9rilis\u00e9 au meilleur prix au Maroc. Livraison rapide | Animalsouk.ma\",\"breadcrumb\":{\"@id\":\"https:\\\/\\\/www.animalsouk.ma\\\/animalerie-maroc\\\/produit\\\/croquette-ownat-pour-chat-sterilise\\\/#breadcrumb\"},\"inLanguage\":\"fr-FR\",\"potentialAction\":[{\"@type\":\"ReadAction\",\"target\":[\"https:\\\/\\\/www.animalsouk.ma\\\/animalerie-maroc\\\/produit\\\/croquette-ownat-pour-chat-sterilise\\\/\"]}]},{\"@type\":\"ImageObject\",\"inLanguage\":\"fr-FR\",\"@id\":\"https:\\\/\\\/www.animalsouk.ma\\\/animalerie-maroc\\\/produit\\\/croquette-ownat-pour-chat-sterilise\\\/#primaryimage\",\"url\":\"https:\\\/\\\/www.animalsouk.ma\\\/animalerie-maroc\\\/wp-content\\\/uploads\\\/2025\\\/08\\\/ee63bf8a662c3a1be31b953531e8f791.webp\",\"contentUrl\":\"https:\\\/\\\/www.animalsouk.ma\\\/animalerie-maroc\\\/wp-content\\\/uploads\\\/2025\\\/08\\\/ee63bf8a662c3a1be31b953531e8f791.webp\",\"width\":700,\"height\":579,\"caption\":\"Croquette Ownat pour Chat St\u00e9rilis\u00e9\"},{\"@type\":\"BreadcrumbList\",\"@id\":\"https:\\\/\\\/www.animalsouk.ma\\\/animalerie-maroc\\\/produit\\\/croquette-ownat-pour-chat-sterilise\\\/#breadcrumb\",\"itemListElement\":[{\"@type\":\"ListItem\",\"position\":1,\"name\":\"Home\",\"item\":\"https:\\\/\\\/www.animalsouk.ma\\\/animalerie-maroc\\\/\"},{\"@type\":\"ListItem\",\"position\":2,\"name\":\"Boutique\",\"item\":\"https:\\\/\\\/www.animalsouk.ma\\\/animalerie-maroc\\\/boutique\\\/\"},{\"@type\":\"ListItem\",\"position\":3,\"name\":\"Croquette Ownat pour Chat St\u00e9rilis\u00e9\"}]},{\"@type\":\"WebSite\",\"@id\":\"https:\\\/\\\/www.animalsouk.ma\\\/animalerie-maroc\\\/#website\",\"url\":\"https:\\\/\\\/www.animalsouk.ma\\\/animalerie-maroc\\\/\",\"name\":\"Animalerie de casablanca\",\"description\":\"\",\"publisher\":{\"@id\":\"https:\\\/\\\/www.animalsouk.ma\\\/animalerie-maroc\\\/#organization\"},\"potentialAction\":[{\"@type\":\"SearchAction\",\"target\":{\"@type\":\"EntryPoint\",\"urlTemplate\":\"https:\\\/\\\/www.animalsouk.ma\\\/animalerie-maroc\\\/?s={search_term_string}\"},\"query-input\":{\"@type\":\"PropertyValueSpecification\",\"valueRequired\":true,\"valueName\":\"search_term_string\"}}],\"inLanguage\":\"fr-FR\"},{\"@type\":\"Organization\",\"@id\":\"https:\\\/\\\/www.animalsouk.ma\\\/animalerie-maroc\\\/#organization\",\"name\":\"Animalerie de casablanca\",\"url\":\"https:\\\/\\\/www.animalsouk.ma\\\/animalerie-maroc\\\/\",\"logo\":{\"@type\":\"ImageObject\",\"inLanguage\":\"fr-FR\",\"@id\":\"https:\\\/\\\/www.animalsouk.ma\\\/animalerie-maroc\\\/#\\\/schema\\\/logo\\\/image\\\/\",\"url\":\"https:\\\/\\\/www.animalsouk.ma\\\/animalerie-maroc\\\/wp-content\\\/uploads\\\/2025\\\/10\\\/animalsouk.ma-logo.png\",\"contentUrl\":\"https:\\\/\\\/www.animalsouk.ma\\\/animalerie-maroc\\\/wp-content\\\/uploads\\\/2025\\\/10\\\/animalsouk.ma-logo.png\",\"width\":760,\"height\":231,\"caption\":\"Animalerie de casablanca\"},\"image\":{\"@id\":\"https:\\\/\\\/www.animalsouk.ma\\\/animalerie-maroc\\\/#\\\/schema\\\/logo\\\/image\\\/\"},\"sameAs\":[\"https:\\\/\\\/www.facebook.com\\\/animalsouk.ma\",\"https:\\\/\\\/www.instagram.com\\\/animalsouk.ma\"]}]}<\/script>\n<!-- \/ Yoast SEO plugin. -->","yoast_head_json":{"title":"Croquette Ownat pour Chat St\u00e9rilis\u00e9 - Animalerie Maroc","description":"Achetez votre Croquette Ownat pour Chat St\u00e9rilis\u00e9 au meilleur prix au Maroc. Livraison rapide | Animalsouk.ma","robots":{"index":"index","follow":"follow","max-snippet":"max-snippet:-1","max-image-preview":"max-image-preview:large","max-video-preview":"max-video-preview:-1"},"canonical":"https:\/\/www.animalsouk.ma\/animalerie-maroc\/produit\/croquette-ownat-pour-chat-sterilise\/","og_locale":"fr_FR","og_type":"article","og_title":"Croquette Ownat pour Chat St\u00e9rilis\u00e9 - Animalerie Maroc","og_description":"Achetez votre Croquette Ownat pour Chat St\u00e9rilis\u00e9 au meilleur prix au Maroc. Livraison rapide | Animalsouk.ma","og_url":"https:\/\/www.animalsouk.ma\/animalerie-maroc\/produit\/croquette-ownat-pour-chat-sterilise\/","og_site_name":"Animalerie Maroc","article_publisher":"https:\/\/www.facebook.com\/animalsouk.ma","article_modified_time":"2026-04-28T13:49:23+00:00","og_image":[{"width":700,"height":579,"url":"https:\/\/www.animalsouk.ma\/animalerie-maroc\/wp-content\/uploads\/2025\/08\/ee63bf8a662c3a1be31b953531e8f791.webp","type":"image\/webp"}],"twitter_card":"summary_large_image","twitter_misc":{"Dur\u00e9e de lecture estim\u00e9e":"2 minutes"},"schema":{"@context":"https:\/\/schema.org","@graph":[{"@type":"WebPage","@id":"https:\/\/www.animalsouk.ma\/animalerie-maroc\/produit\/croquette-ownat-pour-chat-sterilise\/","url":"https:\/\/www.animalsouk.ma\/animalerie-maroc\/produit\/croquette-ownat-pour-chat-sterilise\/","name":"Croquette Ownat pour Chat St\u00e9rilis\u00e9 - Animalerie Maroc","isPartOf":{"@id":"https:\/\/www.animalsouk.ma\/animalerie-maroc\/#website"},"primaryImageOfPage":{"@id":"https:\/\/www.animalsouk.ma\/animalerie-maroc\/produit\/croquette-ownat-pour-chat-sterilise\/#primaryimage"},"image":{"@id":"https:\/\/www.animalsouk.ma\/animalerie-maroc\/produit\/croquette-ownat-pour-chat-sterilise\/#primaryimage"},"thumbnailUrl":"https:\/\/www.animalsouk.ma\/animalerie-maroc\/wp-content\/uploads\/2025\/08\/ee63bf8a662c3a1be31b953531e8f791.webp","datePublished":"2025-08-28T23:41:02+00:00","dateModified":"2026-04-28T13:49:23+00:00","description":"Achetez votre Croquette Ownat pour Chat St\u00e9rilis\u00e9 au meilleur prix au Maroc. Livraison rapide | Animalsouk.ma","breadcrumb":{"@id":"https:\/\/www.animalsouk.ma\/animalerie-maroc\/produit\/croquette-ownat-pour-chat-sterilise\/#breadcrumb"},"inLanguage":"fr-FR","potentialAction":[{"@type":"ReadAction","target":["https:\/\/www.animalsouk.ma\/animalerie-maroc\/produit\/croquette-ownat-pour-chat-sterilise\/"]}]},{"@type":"ImageObject","inLanguage":"fr-FR","@id":"https:\/\/www.animalsouk.ma\/animalerie-maroc\/produit\/croquette-ownat-pour-chat-sterilise\/#primaryimage","url":"https:\/\/www.animalsouk.ma\/animalerie-maroc\/wp-content\/uploads\/2025\/08\/ee63bf8a662c3a1be31b953531e8f791.webp","contentUrl":"https:\/\/www.animalsouk.ma\/animalerie-maroc\/wp-content\/uploads\/2025\/08\/ee63bf8a662c3a1be31b953531e8f791.webp","width":700,"height":579,"caption":"Croquette Ownat pour Chat St\u00e9rilis\u00e9"},{"@type":"BreadcrumbList","@id":"https:\/\/www.animalsouk.ma\/animalerie-maroc\/produit\/croquette-ownat-pour-chat-sterilise\/#breadcrumb","itemListElement":[{"@type":"ListItem","position":1,"name":"Home","item":"https:\/\/www.animalsouk.ma\/animalerie-maroc\/"},{"@type":"ListItem","position":2,"name":"Boutique","item":"https:\/\/www.animalsouk.ma\/animalerie-maroc\/boutique\/"},{"@type":"ListItem","position":3,"name":"Croquette Ownat pour Chat St\u00e9rilis\u00e9"}]},{"@type":"WebSite","@id":"https:\/\/www.animalsouk.ma\/animalerie-maroc\/#website","url":"https:\/\/www.animalsouk.ma\/animalerie-maroc\/","name":"Animalerie de casablanca","description":"","publisher":{"@id":"https:\/\/www.animalsouk.ma\/animalerie-maroc\/#organization"},"potentialAction":[{"@type":"SearchAction","target":{"@type":"EntryPoint","urlTemplate":"https:\/\/www.animalsouk.ma\/animalerie-maroc\/?s={search_term_string}"},"query-input":{"@type":"PropertyValueSpecification","valueRequired":true,"valueName":"search_term_string"}}],"inLanguage":"fr-FR"},{"@type":"Organization","@id":"https:\/\/www.animalsouk.ma\/animalerie-maroc\/#organization","name":"Animalerie de casablanca","url":"https:\/\/www.animalsouk.ma\/animalerie-maroc\/","logo":{"@type":"ImageObject","inLanguage":"fr-FR","@id":"https:\/\/www.animalsouk.ma\/animalerie-maroc\/#\/schema\/logo\/image\/","url":"https:\/\/www.animalsouk.ma\/animalerie-maroc\/wp-content\/uploads\/2025\/10\/animalsouk.ma-logo.png","contentUrl":"https:\/\/www.animalsouk.ma\/animalerie-maroc\/wp-content\/uploads\/2025\/10\/animalsouk.ma-logo.png","width":760,"height":231,"caption":"Animalerie de casablanca"},"image":{"@id":"https:\/\/www.animalsouk.ma\/animalerie-maroc\/#\/schema\/logo\/image\/"},"sameAs":["https:\/\/www.facebook.com\/animalsouk.ma","https:\/\/www.instagram.com\/animalsouk.ma"]}]}},"_links":{"self":[{"href":"https:\/\/www.animalsouk.ma\/animalerie-maroc\/wp-json\/wp\/v2\/product\/425","targetHints":{"allow":["GET"]}}],"collection":[{"href":"https:\/\/www.animalsouk.ma\/animalerie-maroc\/wp-json\/wp\/v2\/product"}],"about":[{"href":"https:\/\/www.animalsouk.ma\/animalerie-maroc\/wp-json\/wp\/v2\/types\/product"}],"wp:featuredmedia":[{"embeddable":true,"href":"https:\/\/www.animalsouk.ma\/animalerie-maroc\/wp-json\/wp\/v2\/media\/424"}],"wp:attachment":[{"href":"https:\/\/www.animalsouk.ma\/animalerie-maroc\/wp-json\/wp\/v2\/media?parent=425"}],"wp:term":[{"taxonomy":"product_brand","embeddable":true,"href":"https:\/\/www.animalsouk.ma\/animalerie-maroc\/wp-json\/wp\/v2\/product_brand?post=425"},{"taxonomy":"product_cat","embeddable":true,"href":"https:\/\/www.animalsouk.ma\/animalerie-maroc\/wp-json\/wp\/v2\/product_cat?post=425"},{"taxonomy":"product_tag","embeddable":true,"href":"https:\/\/www.animalsouk.ma\/animalerie-maroc\/wp-json\/wp\/v2\/product_tag?post=425"}],"curies":[{"name":"wp","href":"https:\/\/api.w.org\/{rel}","templated":true}]}}