{"id":419,"date":"2025-08-29T01:41:01","date_gmt":"2025-08-28T23:41:01","guid":{"rendered":"https:\/\/www.animalsouk.ma\/animalerie\/product\/shampooing-a-sec-en-poudre-pour-chat-et-chien-bio-petactive\/"},"modified":"2025-09-08T23:35:50","modified_gmt":"2025-09-08T21:35:50","slug":"shampooing-a-sec-en-poudre-pour-chat-et-chien-bio-petactive","status":"publish","type":"product","link":"https:\/\/www.animalsouk.ma\/animalerie-maroc\/produit\/shampooing-a-sec-en-poudre-pour-chat-et-chien-bio-petactive\/","title":{"rendered":"shampooing \u00e0 sec en poudre pour chat et chien &#8211; Bio PetActive"},"content":{"rendered":"<p>La poudre de shampooing \u00e0 sec Bio Magic avec lavande et romarin pour les chats et les chiens est une formule adapt\u00e9e aux animaux de compagnie qui nettoie doucement profond\u00e9ment dans le sous-couche de votre chat ou chien pour enrichir les follicules, rendant la fourrure plus brillante et sans pellicules.<br \/>\nEn plus d&rsquo;apporter de la douceur au pelage, il hydrate \u00e9galement la peau et pr\u00e9vient le dess\u00e8chement.<br \/>\nLivraison Partout au maroc.<\/p>\n","protected":false},"excerpt":{"rendered":"<p>La poudre de shampooing \u00e0 sec Bio Magic avec lavande et romarin pour les chats et les chiens est une formule adapt\u00e9e aux animaux de compagnie qui nettoie doucement profond\u00e9ment dans le sous-couche de votre chat ou chien pour enrichir les follicules, rendant la fourrure plus brillante et sans pellicules. En plus d&rsquo;apporter de la [&#8230;]\n","protected":false},"featured_media":418,"template":"","meta":[],"product_brand":[33],"product_cat":[15],"product_tag":[],"class_list":{"0":"post-419","1":"product","2":"type-product","3":"status-publish","4":"has-post-thumbnail","6":"product_brand-bio-petactive","7":"product_cat-uncategorized","9":"first","10":"outofstock","11":"shipping-taxable","12":"purchasable","13":"product-type-simple"},"yoast_head":"<!-- This site is optimized with the Yoast SEO plugin v27.3 - https:\/\/yoast.com\/product\/yoast-seo-wordpress\/ -->\n<title>shampooing \u00e0 sec en poudre pour chat et chien - Bio PetActive - Animalerie Maroc<\/title>\n<meta name=\"description\" content=\"Achetez votre shampooing \u00e0 sec en poudre pour chat et chien - Bio PetActive au meilleur prix au Maroc. Livraison rapide | Animalsouk.ma\" \/>\n<meta name=\"robots\" content=\"index, follow, max-snippet:-1, max-image-preview:large, max-video-preview:-1\" \/>\n<link rel=\"canonical\" href=\"https:\/\/www.animalsouk.ma\/animalerie-maroc\/produit\/shampooing-a-sec-en-poudre-pour-chat-et-chien-bio-petactive\/\" \/>\n<meta property=\"og:locale\" content=\"fr_FR\" \/>\n<meta property=\"og:type\" content=\"article\" \/>\n<meta property=\"og:title\" content=\"shampooing \u00e0 sec en poudre pour chat et chien - Bio PetActive - Animalerie Maroc\" \/>\n<meta property=\"og:description\" content=\"Achetez votre shampooing \u00e0 sec en poudre pour chat et chien - Bio PetActive au meilleur prix au Maroc. Livraison rapide | Animalsouk.ma\" \/>\n<meta property=\"og:url\" content=\"https:\/\/www.animalsouk.ma\/animalerie-maroc\/produit\/shampooing-a-sec-en-poudre-pour-chat-et-chien-bio-petactive\/\" \/>\n<meta property=\"og:site_name\" content=\"Animalerie Maroc\" \/>\n<meta property=\"article:publisher\" content=\"https:\/\/www.facebook.com\/animalsouk.ma\" \/>\n<meta property=\"article:modified_time\" content=\"2025-09-08T21:35:50+00:00\" \/>\n<meta property=\"og:image\" content=\"https:\/\/www.animalsouk.ma\/animalerie-maroc\/wp-content\/uploads\/2025\/08\/48b6b61d0079c268013cf8cb47965a5e.webp\" \/>\n\t<meta property=\"og:image:width\" content=\"700\" \/>\n\t<meta property=\"og:image:height\" content=\"579\" \/>\n\t<meta property=\"og:image:type\" content=\"image\/webp\" \/>\n<meta name=\"twitter:card\" content=\"summary_large_image\" \/>\n<script type=\"application\/ld+json\" class=\"yoast-schema-graph\">{\"@context\":\"https:\\\/\\\/schema.org\",\"@graph\":[{\"@type\":\"WebPage\",\"@id\":\"https:\\\/\\\/www.animalsouk.ma\\\/animalerie-maroc\\\/produit\\\/shampooing-a-sec-en-poudre-pour-chat-et-chien-bio-petactive\\\/\",\"url\":\"https:\\\/\\\/www.animalsouk.ma\\\/animalerie-maroc\\\/produit\\\/shampooing-a-sec-en-poudre-pour-chat-et-chien-bio-petactive\\\/\",\"name\":\"shampooing \u00e0 sec en poudre pour chat et chien - Bio PetActive - Animalerie Maroc\",\"isPartOf\":{\"@id\":\"https:\\\/\\\/www.animalsouk.ma\\\/animalerie-maroc\\\/#website\"},\"primaryImageOfPage\":{\"@id\":\"https:\\\/\\\/www.animalsouk.ma\\\/animalerie-maroc\\\/produit\\\/shampooing-a-sec-en-poudre-pour-chat-et-chien-bio-petactive\\\/#primaryimage\"},\"image\":{\"@id\":\"https:\\\/\\\/www.animalsouk.ma\\\/animalerie-maroc\\\/produit\\\/shampooing-a-sec-en-poudre-pour-chat-et-chien-bio-petactive\\\/#primaryimage\"},\"thumbnailUrl\":\"https:\\\/\\\/www.animalsouk.ma\\\/animalerie-maroc\\\/wp-content\\\/uploads\\\/2025\\\/08\\\/48b6b61d0079c268013cf8cb47965a5e.webp\",\"datePublished\":\"2025-08-28T23:41:01+00:00\",\"dateModified\":\"2025-09-08T21:35:50+00:00\",\"description\":\"Achetez votre shampooing \u00e0 sec en poudre pour chat et chien - Bio PetActive au meilleur prix au Maroc. Livraison rapide | Animalsouk.ma\",\"breadcrumb\":{\"@id\":\"https:\\\/\\\/www.animalsouk.ma\\\/animalerie-maroc\\\/produit\\\/shampooing-a-sec-en-poudre-pour-chat-et-chien-bio-petactive\\\/#breadcrumb\"},\"inLanguage\":\"fr-FR\",\"potentialAction\":[{\"@type\":\"ReadAction\",\"target\":[\"https:\\\/\\\/www.animalsouk.ma\\\/animalerie-maroc\\\/produit\\\/shampooing-a-sec-en-poudre-pour-chat-et-chien-bio-petactive\\\/\"]}]},{\"@type\":\"ImageObject\",\"inLanguage\":\"fr-FR\",\"@id\":\"https:\\\/\\\/www.animalsouk.ma\\\/animalerie-maroc\\\/produit\\\/shampooing-a-sec-en-poudre-pour-chat-et-chien-bio-petactive\\\/#primaryimage\",\"url\":\"https:\\\/\\\/www.animalsouk.ma\\\/animalerie-maroc\\\/wp-content\\\/uploads\\\/2025\\\/08\\\/48b6b61d0079c268013cf8cb47965a5e.webp\",\"contentUrl\":\"https:\\\/\\\/www.animalsouk.ma\\\/animalerie-maroc\\\/wp-content\\\/uploads\\\/2025\\\/08\\\/48b6b61d0079c268013cf8cb47965a5e.webp\",\"width\":700,\"height\":579,\"caption\":\"shampooing \u00e0 sec en poudre pour chat et chien - Bio PetActive\"},{\"@type\":\"BreadcrumbList\",\"@id\":\"https:\\\/\\\/www.animalsouk.ma\\\/animalerie-maroc\\\/produit\\\/shampooing-a-sec-en-poudre-pour-chat-et-chien-bio-petactive\\\/#breadcrumb\",\"itemListElement\":[{\"@type\":\"ListItem\",\"position\":1,\"name\":\"Home\",\"item\":\"https:\\\/\\\/www.animalsouk.ma\\\/animalerie-maroc\\\/\"},{\"@type\":\"ListItem\",\"position\":2,\"name\":\"Boutique\",\"item\":\"https:\\\/\\\/www.animalsouk.ma\\\/animalerie-maroc\\\/boutique\\\/\"},{\"@type\":\"ListItem\",\"position\":3,\"name\":\"shampooing \u00e0 sec en poudre pour chat et chien &#8211; Bio PetActive\"}]},{\"@type\":\"WebSite\",\"@id\":\"https:\\\/\\\/www.animalsouk.ma\\\/animalerie-maroc\\\/#website\",\"url\":\"https:\\\/\\\/www.animalsouk.ma\\\/animalerie-maroc\\\/\",\"name\":\"Animalerie de casablanca\",\"description\":\"\",\"publisher\":{\"@id\":\"https:\\\/\\\/www.animalsouk.ma\\\/animalerie-maroc\\\/#organization\"},\"potentialAction\":[{\"@type\":\"SearchAction\",\"target\":{\"@type\":\"EntryPoint\",\"urlTemplate\":\"https:\\\/\\\/www.animalsouk.ma\\\/animalerie-maroc\\\/?s={search_term_string}\"},\"query-input\":{\"@type\":\"PropertyValueSpecification\",\"valueRequired\":true,\"valueName\":\"search_term_string\"}}],\"inLanguage\":\"fr-FR\"},{\"@type\":\"Organization\",\"@id\":\"https:\\\/\\\/www.animalsouk.ma\\\/animalerie-maroc\\\/#organization\",\"name\":\"Animalerie de casablanca\",\"url\":\"https:\\\/\\\/www.animalsouk.ma\\\/animalerie-maroc\\\/\",\"logo\":{\"@type\":\"ImageObject\",\"inLanguage\":\"fr-FR\",\"@id\":\"https:\\\/\\\/www.animalsouk.ma\\\/animalerie-maroc\\\/#\\\/schema\\\/logo\\\/image\\\/\",\"url\":\"https:\\\/\\\/www.animalsouk.ma\\\/animalerie-maroc\\\/wp-content\\\/uploads\\\/2025\\\/10\\\/animalsouk.ma-logo.png\",\"contentUrl\":\"https:\\\/\\\/www.animalsouk.ma\\\/animalerie-maroc\\\/wp-content\\\/uploads\\\/2025\\\/10\\\/animalsouk.ma-logo.png\",\"width\":760,\"height\":231,\"caption\":\"Animalerie de casablanca\"},\"image\":{\"@id\":\"https:\\\/\\\/www.animalsouk.ma\\\/animalerie-maroc\\\/#\\\/schema\\\/logo\\\/image\\\/\"},\"sameAs\":[\"https:\\\/\\\/www.facebook.com\\\/animalsouk.ma\",\"https:\\\/\\\/www.instagram.com\\\/animalsouk.ma\"]}]}<\/script>\n<!-- \/ Yoast SEO plugin. -->","yoast_head_json":{"title":"shampooing \u00e0 sec en poudre pour chat et chien - Bio PetActive - Animalerie Maroc","description":"Achetez votre shampooing \u00e0 sec en poudre pour chat et chien - Bio PetActive au meilleur prix au Maroc. Livraison rapide | Animalsouk.ma","robots":{"index":"index","follow":"follow","max-snippet":"max-snippet:-1","max-image-preview":"max-image-preview:large","max-video-preview":"max-video-preview:-1"},"canonical":"https:\/\/www.animalsouk.ma\/animalerie-maroc\/produit\/shampooing-a-sec-en-poudre-pour-chat-et-chien-bio-petactive\/","og_locale":"fr_FR","og_type":"article","og_title":"shampooing \u00e0 sec en poudre pour chat et chien - Bio PetActive - Animalerie Maroc","og_description":"Achetez votre shampooing \u00e0 sec en poudre pour chat et chien - Bio PetActive au meilleur prix au Maroc. Livraison rapide | Animalsouk.ma","og_url":"https:\/\/www.animalsouk.ma\/animalerie-maroc\/produit\/shampooing-a-sec-en-poudre-pour-chat-et-chien-bio-petactive\/","og_site_name":"Animalerie Maroc","article_publisher":"https:\/\/www.facebook.com\/animalsouk.ma","article_modified_time":"2025-09-08T21:35:50+00:00","og_image":[{"width":700,"height":579,"url":"https:\/\/www.animalsouk.ma\/animalerie-maroc\/wp-content\/uploads\/2025\/08\/48b6b61d0079c268013cf8cb47965a5e.webp","type":"image\/webp"}],"twitter_card":"summary_large_image","schema":{"@context":"https:\/\/schema.org","@graph":[{"@type":"WebPage","@id":"https:\/\/www.animalsouk.ma\/animalerie-maroc\/produit\/shampooing-a-sec-en-poudre-pour-chat-et-chien-bio-petactive\/","url":"https:\/\/www.animalsouk.ma\/animalerie-maroc\/produit\/shampooing-a-sec-en-poudre-pour-chat-et-chien-bio-petactive\/","name":"shampooing \u00e0 sec en poudre pour chat et chien - Bio PetActive - Animalerie Maroc","isPartOf":{"@id":"https:\/\/www.animalsouk.ma\/animalerie-maroc\/#website"},"primaryImageOfPage":{"@id":"https:\/\/www.animalsouk.ma\/animalerie-maroc\/produit\/shampooing-a-sec-en-poudre-pour-chat-et-chien-bio-petactive\/#primaryimage"},"image":{"@id":"https:\/\/www.animalsouk.ma\/animalerie-maroc\/produit\/shampooing-a-sec-en-poudre-pour-chat-et-chien-bio-petactive\/#primaryimage"},"thumbnailUrl":"https:\/\/www.animalsouk.ma\/animalerie-maroc\/wp-content\/uploads\/2025\/08\/48b6b61d0079c268013cf8cb47965a5e.webp","datePublished":"2025-08-28T23:41:01+00:00","dateModified":"2025-09-08T21:35:50+00:00","description":"Achetez votre shampooing \u00e0 sec en poudre pour chat et chien - Bio PetActive au meilleur prix au Maroc. Livraison rapide | Animalsouk.ma","breadcrumb":{"@id":"https:\/\/www.animalsouk.ma\/animalerie-maroc\/produit\/shampooing-a-sec-en-poudre-pour-chat-et-chien-bio-petactive\/#breadcrumb"},"inLanguage":"fr-FR","potentialAction":[{"@type":"ReadAction","target":["https:\/\/www.animalsouk.ma\/animalerie-maroc\/produit\/shampooing-a-sec-en-poudre-pour-chat-et-chien-bio-petactive\/"]}]},{"@type":"ImageObject","inLanguage":"fr-FR","@id":"https:\/\/www.animalsouk.ma\/animalerie-maroc\/produit\/shampooing-a-sec-en-poudre-pour-chat-et-chien-bio-petactive\/#primaryimage","url":"https:\/\/www.animalsouk.ma\/animalerie-maroc\/wp-content\/uploads\/2025\/08\/48b6b61d0079c268013cf8cb47965a5e.webp","contentUrl":"https:\/\/www.animalsouk.ma\/animalerie-maroc\/wp-content\/uploads\/2025\/08\/48b6b61d0079c268013cf8cb47965a5e.webp","width":700,"height":579,"caption":"shampooing \u00e0 sec en poudre pour chat et chien - Bio PetActive"},{"@type":"BreadcrumbList","@id":"https:\/\/www.animalsouk.ma\/animalerie-maroc\/produit\/shampooing-a-sec-en-poudre-pour-chat-et-chien-bio-petactive\/#breadcrumb","itemListElement":[{"@type":"ListItem","position":1,"name":"Home","item":"https:\/\/www.animalsouk.ma\/animalerie-maroc\/"},{"@type":"ListItem","position":2,"name":"Boutique","item":"https:\/\/www.animalsouk.ma\/animalerie-maroc\/boutique\/"},{"@type":"ListItem","position":3,"name":"shampooing \u00e0 sec en poudre pour chat et chien &#8211; Bio PetActive"}]},{"@type":"WebSite","@id":"https:\/\/www.animalsouk.ma\/animalerie-maroc\/#website","url":"https:\/\/www.animalsouk.ma\/animalerie-maroc\/","name":"Animalerie de casablanca","description":"","publisher":{"@id":"https:\/\/www.animalsouk.ma\/animalerie-maroc\/#organization"},"potentialAction":[{"@type":"SearchAction","target":{"@type":"EntryPoint","urlTemplate":"https:\/\/www.animalsouk.ma\/animalerie-maroc\/?s={search_term_string}"},"query-input":{"@type":"PropertyValueSpecification","valueRequired":true,"valueName":"search_term_string"}}],"inLanguage":"fr-FR"},{"@type":"Organization","@id":"https:\/\/www.animalsouk.ma\/animalerie-maroc\/#organization","name":"Animalerie de casablanca","url":"https:\/\/www.animalsouk.ma\/animalerie-maroc\/","logo":{"@type":"ImageObject","inLanguage":"fr-FR","@id":"https:\/\/www.animalsouk.ma\/animalerie-maroc\/#\/schema\/logo\/image\/","url":"https:\/\/www.animalsouk.ma\/animalerie-maroc\/wp-content\/uploads\/2025\/10\/animalsouk.ma-logo.png","contentUrl":"https:\/\/www.animalsouk.ma\/animalerie-maroc\/wp-content\/uploads\/2025\/10\/animalsouk.ma-logo.png","width":760,"height":231,"caption":"Animalerie de casablanca"},"image":{"@id":"https:\/\/www.animalsouk.ma\/animalerie-maroc\/#\/schema\/logo\/image\/"},"sameAs":["https:\/\/www.facebook.com\/animalsouk.ma","https:\/\/www.instagram.com\/animalsouk.ma"]}]}},"_links":{"self":[{"href":"https:\/\/www.animalsouk.ma\/animalerie-maroc\/wp-json\/wp\/v2\/product\/419","targetHints":{"allow":["GET"]}}],"collection":[{"href":"https:\/\/www.animalsouk.ma\/animalerie-maroc\/wp-json\/wp\/v2\/product"}],"about":[{"href":"https:\/\/www.animalsouk.ma\/animalerie-maroc\/wp-json\/wp\/v2\/types\/product"}],"wp:featuredmedia":[{"embeddable":true,"href":"https:\/\/www.animalsouk.ma\/animalerie-maroc\/wp-json\/wp\/v2\/media\/418"}],"wp:attachment":[{"href":"https:\/\/www.animalsouk.ma\/animalerie-maroc\/wp-json\/wp\/v2\/media?parent=419"}],"wp:term":[{"taxonomy":"product_brand","embeddable":true,"href":"https:\/\/www.animalsouk.ma\/animalerie-maroc\/wp-json\/wp\/v2\/product_brand?post=419"},{"taxonomy":"product_cat","embeddable":true,"href":"https:\/\/www.animalsouk.ma\/animalerie-maroc\/wp-json\/wp\/v2\/product_cat?post=419"},{"taxonomy":"product_tag","embeddable":true,"href":"https:\/\/www.animalsouk.ma\/animalerie-maroc\/wp-json\/wp\/v2\/product_tag?post=419"}],"curies":[{"name":"wp","href":"https:\/\/api.w.org\/{rel}","templated":true}]}}