{"id":385,"date":"2025-08-29T01:40:55","date_gmt":"2025-08-28T23:40:55","guid":{"rendered":"https:\/\/www.animalsouk.ma\/animalerie\/product\/lait-pour-chaton-nouveau-ne-bio-petactive\/"},"modified":"2026-01-05T17:37:21","modified_gmt":"2026-01-05T16:37:21","slug":"lait-pour-chaton-nouveau-ne-bio-petactive","status":"publish","type":"product","link":"https:\/\/www.animalsouk.ma\/animalerie-maroc\/produit\/lait-pour-chaton-nouveau-ne-bio-petactive\/","title":{"rendered":"Lait pour chaton nouveau n\u00e9 Bio PetActive"},"content":{"rendered":"<p>lait pour chaton chat nouveau n\u00e9 de 1 jour \u00e0 80 jours<\/p>\n<p>le lait pour chaton maternis\u00e9 bio kitten est un compl\u00e9ment nutritionnel pour votre chaton, con\u00e7u en pr\u00e9levant un \u00e9chantillon de lait maternel naturel et en cr\u00e9ant une formule \u00e9quilibr\u00e9e avec des prot\u00e9ines, des vitamines, des min\u00e9raux et des huiles.<\/p>\n<p>Fournir tous les besoins nutritionnels des chatons s\u00e9par\u00e9s pr\u00e9matur\u00e9ment, Bio Kitten | Le lait pour chaton de remplacement contient toutes les vitamines et tous les min\u00e9raux n\u00e9cessaires et contribue \u00e0 une croissance musculaire et osseuse saine.<\/p>\n<p>Il peut \u00e9galement \u00eatre utilis\u00e9 comme compl\u00e9ment nutritionnel pour les m\u00e8res enceintes et allaitantes ou les chats adultes \u00e2g\u00e9s et faibles.<\/p>\n<p>Sa teneur en lactose est r\u00e9duite afin de pr\u00e9venir la diarrh\u00e9e. Ainsi, lait pour chaton fournit une alimentation saine et facilement digestible \u00e0 votre chat.<\/p>\n<p>Taurine: Un acide amin\u00e9 essentiel pour les chats. Il n\u2019est pas synth\u00e9tis\u00e9 naturellement dans le corps et doit \u00eatre pris avec de la nourriture. Il est n\u00e9cessaire pour le visuel et la reproduction. Il prot\u00e8ge contre les radicaux libres, ce qui fait de la taurine un antioxydant important qui aide \u00e0 lutter contre le vieillissement.<\/p>\n<p>Utilisation:<br \/>\nBioPetActive Bio Kitten lait pour chaton est un pr\u00e9m\u00e9lange alimentaire suppl\u00e9mentaire pour chatons s\u00e9par\u00e9s pr\u00e9matur\u00e9ment, contient des nutriments naturels tels que des vitamines, des min\u00e9raux et de la taurine, que l\u2019on trouve dans le lait maternel. Convient aux chatons \u00e2g\u00e9s de 1 \u00e0 84 jours. Il peut \u00e9galement \u00eatre utilis\u00e9 comme compl\u00e9ment nutritionnel pour les chattes adultes enceintes, allaitantes, \u00e2g\u00e9es et faibles.<\/p>\n<p>Instructions de m\u00e9lange:<br \/>\nBioPetActive Bio Kitten lait pour chaton est m\u00e9lang\u00e9 avec une petite quantit\u00e9 d\u2019eau bouillante. Ensuite, l\u2019eau est ajout\u00e9e progressivement tout en remuant le lait rapidement. Peut \u00eatre administr\u00e9 apr\u00e8s avoir atteint la temp\u00e9rature corporelle.<\/p>\n<p>Livraison partout au Maroc<\/p>\n","protected":false},"excerpt":{"rendered":"<p>lait pour chaton chat nouveau n\u00e9 de 1 jour \u00e0 80 jours le lait pour chaton maternis\u00e9 bio kitten est un compl\u00e9ment nutritionnel pour votre chaton, con\u00e7u en pr\u00e9levant un \u00e9chantillon de lait maternel naturel et en cr\u00e9ant une formule \u00e9quilibr\u00e9e avec des prot\u00e9ines, des vitamines, des min\u00e9raux et des huiles. Fournir tous les besoins [&#8230;]\n","protected":false},"featured_media":384,"template":"","meta":[],"product_brand":[33],"product_cat":[18],"product_tag":[],"class_list":{"0":"post-385","1":"product","2":"type-product","3":"status-publish","4":"has-post-thumbnail","6":"product_brand-bio-petactive","7":"product_cat-alimentation-pour-chats","9":"first","10":"instock","11":"shipping-taxable","12":"purchasable","13":"product-type-simple"},"yoast_head":"<!-- This site is optimized with the Yoast SEO plugin v27.3 - https:\/\/yoast.com\/product\/yoast-seo-wordpress\/ -->\n<title>Lait pour chaton nouveau n\u00e9 Bio PetActive - Animalerie Maroc<\/title>\n<meta name=\"description\" content=\"Achetez votre Lait pour chaton nouveau n\u00e9 Bio PetActive au meilleur prix au Maroc. Livraison rapide | Animalsouk.ma\" \/>\n<meta name=\"robots\" content=\"index, follow, max-snippet:-1, max-image-preview:large, max-video-preview:-1\" \/>\n<link rel=\"canonical\" href=\"https:\/\/www.animalsouk.ma\/animalerie-maroc\/produit\/lait-pour-chaton-nouveau-ne-bio-petactive\/\" \/>\n<meta property=\"og:locale\" content=\"fr_FR\" \/>\n<meta property=\"og:type\" content=\"article\" \/>\n<meta property=\"og:title\" content=\"Lait pour chaton nouveau n\u00e9 Bio PetActive - Animalerie Maroc\" \/>\n<meta property=\"og:description\" content=\"Achetez votre Lait pour chaton nouveau n\u00e9 Bio PetActive au meilleur prix au Maroc. Livraison rapide | Animalsouk.ma\" \/>\n<meta property=\"og:url\" content=\"https:\/\/www.animalsouk.ma\/animalerie-maroc\/produit\/lait-pour-chaton-nouveau-ne-bio-petactive\/\" \/>\n<meta property=\"og:site_name\" content=\"Animalerie Maroc\" \/>\n<meta property=\"article:publisher\" content=\"https:\/\/www.facebook.com\/animalsouk.ma\" \/>\n<meta property=\"article:modified_time\" content=\"2026-01-05T16:37:21+00:00\" \/>\n<meta property=\"og:image\" content=\"https:\/\/www.animalsouk.ma\/animalerie-maroc\/wp-content\/uploads\/2025\/08\/b8df8be8b9d9a9c9f5cecb8347f3002d.webp\" \/>\n\t<meta property=\"og:image:width\" content=\"700\" \/>\n\t<meta property=\"og:image:height\" content=\"579\" \/>\n\t<meta property=\"og:image:type\" content=\"image\/webp\" \/>\n<meta name=\"twitter:card\" content=\"summary_large_image\" \/>\n<meta name=\"twitter:label1\" content=\"Dur\u00e9e de lecture estim\u00e9e\" \/>\n\t<meta name=\"twitter:data1\" content=\"2 minutes\" \/>\n<script type=\"application\/ld+json\" class=\"yoast-schema-graph\">{\"@context\":\"https:\\\/\\\/schema.org\",\"@graph\":[{\"@type\":\"WebPage\",\"@id\":\"https:\\\/\\\/www.animalsouk.ma\\\/animalerie-maroc\\\/produit\\\/lait-pour-chaton-nouveau-ne-bio-petactive\\\/\",\"url\":\"https:\\\/\\\/www.animalsouk.ma\\\/animalerie-maroc\\\/produit\\\/lait-pour-chaton-nouveau-ne-bio-petactive\\\/\",\"name\":\"Lait pour chaton nouveau n\u00e9 Bio PetActive - Animalerie Maroc\",\"isPartOf\":{\"@id\":\"https:\\\/\\\/www.animalsouk.ma\\\/animalerie-maroc\\\/#website\"},\"primaryImageOfPage\":{\"@id\":\"https:\\\/\\\/www.animalsouk.ma\\\/animalerie-maroc\\\/produit\\\/lait-pour-chaton-nouveau-ne-bio-petactive\\\/#primaryimage\"},\"image\":{\"@id\":\"https:\\\/\\\/www.animalsouk.ma\\\/animalerie-maroc\\\/produit\\\/lait-pour-chaton-nouveau-ne-bio-petactive\\\/#primaryimage\"},\"thumbnailUrl\":\"https:\\\/\\\/www.animalsouk.ma\\\/animalerie-maroc\\\/wp-content\\\/uploads\\\/2025\\\/08\\\/b8df8be8b9d9a9c9f5cecb8347f3002d.webp\",\"datePublished\":\"2025-08-28T23:40:55+00:00\",\"dateModified\":\"2026-01-05T16:37:21+00:00\",\"description\":\"Achetez votre Lait pour chaton nouveau n\u00e9 Bio PetActive au meilleur prix au Maroc. Livraison rapide | Animalsouk.ma\",\"breadcrumb\":{\"@id\":\"https:\\\/\\\/www.animalsouk.ma\\\/animalerie-maroc\\\/produit\\\/lait-pour-chaton-nouveau-ne-bio-petactive\\\/#breadcrumb\"},\"inLanguage\":\"fr-FR\",\"potentialAction\":[{\"@type\":\"ReadAction\",\"target\":[\"https:\\\/\\\/www.animalsouk.ma\\\/animalerie-maroc\\\/produit\\\/lait-pour-chaton-nouveau-ne-bio-petactive\\\/\"]}]},{\"@type\":\"ImageObject\",\"inLanguage\":\"fr-FR\",\"@id\":\"https:\\\/\\\/www.animalsouk.ma\\\/animalerie-maroc\\\/produit\\\/lait-pour-chaton-nouveau-ne-bio-petactive\\\/#primaryimage\",\"url\":\"https:\\\/\\\/www.animalsouk.ma\\\/animalerie-maroc\\\/wp-content\\\/uploads\\\/2025\\\/08\\\/b8df8be8b9d9a9c9f5cecb8347f3002d.webp\",\"contentUrl\":\"https:\\\/\\\/www.animalsouk.ma\\\/animalerie-maroc\\\/wp-content\\\/uploads\\\/2025\\\/08\\\/b8df8be8b9d9a9c9f5cecb8347f3002d.webp\",\"width\":700,\"height\":579,\"caption\":\"Lait pour chaton nouveau n\u00e9 Bio PetActive\"},{\"@type\":\"BreadcrumbList\",\"@id\":\"https:\\\/\\\/www.animalsouk.ma\\\/animalerie-maroc\\\/produit\\\/lait-pour-chaton-nouveau-ne-bio-petactive\\\/#breadcrumb\",\"itemListElement\":[{\"@type\":\"ListItem\",\"position\":1,\"name\":\"Home\",\"item\":\"https:\\\/\\\/www.animalsouk.ma\\\/animalerie-maroc\\\/\"},{\"@type\":\"ListItem\",\"position\":2,\"name\":\"Boutique\",\"item\":\"https:\\\/\\\/www.animalsouk.ma\\\/animalerie-maroc\\\/boutique\\\/\"},{\"@type\":\"ListItem\",\"position\":3,\"name\":\"Lait pour chaton nouveau n\u00e9 Bio PetActive\"}]},{\"@type\":\"WebSite\",\"@id\":\"https:\\\/\\\/www.animalsouk.ma\\\/animalerie-maroc\\\/#website\",\"url\":\"https:\\\/\\\/www.animalsouk.ma\\\/animalerie-maroc\\\/\",\"name\":\"Animalerie de casablanca\",\"description\":\"\",\"publisher\":{\"@id\":\"https:\\\/\\\/www.animalsouk.ma\\\/animalerie-maroc\\\/#organization\"},\"potentialAction\":[{\"@type\":\"SearchAction\",\"target\":{\"@type\":\"EntryPoint\",\"urlTemplate\":\"https:\\\/\\\/www.animalsouk.ma\\\/animalerie-maroc\\\/?s={search_term_string}\"},\"query-input\":{\"@type\":\"PropertyValueSpecification\",\"valueRequired\":true,\"valueName\":\"search_term_string\"}}],\"inLanguage\":\"fr-FR\"},{\"@type\":\"Organization\",\"@id\":\"https:\\\/\\\/www.animalsouk.ma\\\/animalerie-maroc\\\/#organization\",\"name\":\"Animalerie de casablanca\",\"url\":\"https:\\\/\\\/www.animalsouk.ma\\\/animalerie-maroc\\\/\",\"logo\":{\"@type\":\"ImageObject\",\"inLanguage\":\"fr-FR\",\"@id\":\"https:\\\/\\\/www.animalsouk.ma\\\/animalerie-maroc\\\/#\\\/schema\\\/logo\\\/image\\\/\",\"url\":\"https:\\\/\\\/www.animalsouk.ma\\\/animalerie-maroc\\\/wp-content\\\/uploads\\\/2025\\\/10\\\/animalsouk.ma-logo.png\",\"contentUrl\":\"https:\\\/\\\/www.animalsouk.ma\\\/animalerie-maroc\\\/wp-content\\\/uploads\\\/2025\\\/10\\\/animalsouk.ma-logo.png\",\"width\":760,\"height\":231,\"caption\":\"Animalerie de casablanca\"},\"image\":{\"@id\":\"https:\\\/\\\/www.animalsouk.ma\\\/animalerie-maroc\\\/#\\\/schema\\\/logo\\\/image\\\/\"},\"sameAs\":[\"https:\\\/\\\/www.facebook.com\\\/animalsouk.ma\",\"https:\\\/\\\/www.instagram.com\\\/animalsouk.ma\"]}]}<\/script>\n<!-- \/ Yoast SEO plugin. -->","yoast_head_json":{"title":"Lait pour chaton nouveau n\u00e9 Bio PetActive - Animalerie Maroc","description":"Achetez votre Lait pour chaton nouveau n\u00e9 Bio PetActive au meilleur prix au Maroc. Livraison rapide | Animalsouk.ma","robots":{"index":"index","follow":"follow","max-snippet":"max-snippet:-1","max-image-preview":"max-image-preview:large","max-video-preview":"max-video-preview:-1"},"canonical":"https:\/\/www.animalsouk.ma\/animalerie-maroc\/produit\/lait-pour-chaton-nouveau-ne-bio-petactive\/","og_locale":"fr_FR","og_type":"article","og_title":"Lait pour chaton nouveau n\u00e9 Bio PetActive - Animalerie Maroc","og_description":"Achetez votre Lait pour chaton nouveau n\u00e9 Bio PetActive au meilleur prix au Maroc. Livraison rapide | Animalsouk.ma","og_url":"https:\/\/www.animalsouk.ma\/animalerie-maroc\/produit\/lait-pour-chaton-nouveau-ne-bio-petactive\/","og_site_name":"Animalerie Maroc","article_publisher":"https:\/\/www.facebook.com\/animalsouk.ma","article_modified_time":"2026-01-05T16:37:21+00:00","og_image":[{"width":700,"height":579,"url":"https:\/\/www.animalsouk.ma\/animalerie-maroc\/wp-content\/uploads\/2025\/08\/b8df8be8b9d9a9c9f5cecb8347f3002d.webp","type":"image\/webp"}],"twitter_card":"summary_large_image","twitter_misc":{"Dur\u00e9e de lecture estim\u00e9e":"2 minutes"},"schema":{"@context":"https:\/\/schema.org","@graph":[{"@type":"WebPage","@id":"https:\/\/www.animalsouk.ma\/animalerie-maroc\/produit\/lait-pour-chaton-nouveau-ne-bio-petactive\/","url":"https:\/\/www.animalsouk.ma\/animalerie-maroc\/produit\/lait-pour-chaton-nouveau-ne-bio-petactive\/","name":"Lait pour chaton nouveau n\u00e9 Bio PetActive - Animalerie Maroc","isPartOf":{"@id":"https:\/\/www.animalsouk.ma\/animalerie-maroc\/#website"},"primaryImageOfPage":{"@id":"https:\/\/www.animalsouk.ma\/animalerie-maroc\/produit\/lait-pour-chaton-nouveau-ne-bio-petactive\/#primaryimage"},"image":{"@id":"https:\/\/www.animalsouk.ma\/animalerie-maroc\/produit\/lait-pour-chaton-nouveau-ne-bio-petactive\/#primaryimage"},"thumbnailUrl":"https:\/\/www.animalsouk.ma\/animalerie-maroc\/wp-content\/uploads\/2025\/08\/b8df8be8b9d9a9c9f5cecb8347f3002d.webp","datePublished":"2025-08-28T23:40:55+00:00","dateModified":"2026-01-05T16:37:21+00:00","description":"Achetez votre Lait pour chaton nouveau n\u00e9 Bio PetActive au meilleur prix au Maroc. Livraison rapide | Animalsouk.ma","breadcrumb":{"@id":"https:\/\/www.animalsouk.ma\/animalerie-maroc\/produit\/lait-pour-chaton-nouveau-ne-bio-petactive\/#breadcrumb"},"inLanguage":"fr-FR","potentialAction":[{"@type":"ReadAction","target":["https:\/\/www.animalsouk.ma\/animalerie-maroc\/produit\/lait-pour-chaton-nouveau-ne-bio-petactive\/"]}]},{"@type":"ImageObject","inLanguage":"fr-FR","@id":"https:\/\/www.animalsouk.ma\/animalerie-maroc\/produit\/lait-pour-chaton-nouveau-ne-bio-petactive\/#primaryimage","url":"https:\/\/www.animalsouk.ma\/animalerie-maroc\/wp-content\/uploads\/2025\/08\/b8df8be8b9d9a9c9f5cecb8347f3002d.webp","contentUrl":"https:\/\/www.animalsouk.ma\/animalerie-maroc\/wp-content\/uploads\/2025\/08\/b8df8be8b9d9a9c9f5cecb8347f3002d.webp","width":700,"height":579,"caption":"Lait pour chaton nouveau n\u00e9 Bio PetActive"},{"@type":"BreadcrumbList","@id":"https:\/\/www.animalsouk.ma\/animalerie-maroc\/produit\/lait-pour-chaton-nouveau-ne-bio-petactive\/#breadcrumb","itemListElement":[{"@type":"ListItem","position":1,"name":"Home","item":"https:\/\/www.animalsouk.ma\/animalerie-maroc\/"},{"@type":"ListItem","position":2,"name":"Boutique","item":"https:\/\/www.animalsouk.ma\/animalerie-maroc\/boutique\/"},{"@type":"ListItem","position":3,"name":"Lait pour chaton nouveau n\u00e9 Bio PetActive"}]},{"@type":"WebSite","@id":"https:\/\/www.animalsouk.ma\/animalerie-maroc\/#website","url":"https:\/\/www.animalsouk.ma\/animalerie-maroc\/","name":"Animalerie de casablanca","description":"","publisher":{"@id":"https:\/\/www.animalsouk.ma\/animalerie-maroc\/#organization"},"potentialAction":[{"@type":"SearchAction","target":{"@type":"EntryPoint","urlTemplate":"https:\/\/www.animalsouk.ma\/animalerie-maroc\/?s={search_term_string}"},"query-input":{"@type":"PropertyValueSpecification","valueRequired":true,"valueName":"search_term_string"}}],"inLanguage":"fr-FR"},{"@type":"Organization","@id":"https:\/\/www.animalsouk.ma\/animalerie-maroc\/#organization","name":"Animalerie de casablanca","url":"https:\/\/www.animalsouk.ma\/animalerie-maroc\/","logo":{"@type":"ImageObject","inLanguage":"fr-FR","@id":"https:\/\/www.animalsouk.ma\/animalerie-maroc\/#\/schema\/logo\/image\/","url":"https:\/\/www.animalsouk.ma\/animalerie-maroc\/wp-content\/uploads\/2025\/10\/animalsouk.ma-logo.png","contentUrl":"https:\/\/www.animalsouk.ma\/animalerie-maroc\/wp-content\/uploads\/2025\/10\/animalsouk.ma-logo.png","width":760,"height":231,"caption":"Animalerie de casablanca"},"image":{"@id":"https:\/\/www.animalsouk.ma\/animalerie-maroc\/#\/schema\/logo\/image\/"},"sameAs":["https:\/\/www.facebook.com\/animalsouk.ma","https:\/\/www.instagram.com\/animalsouk.ma"]}]}},"_links":{"self":[{"href":"https:\/\/www.animalsouk.ma\/animalerie-maroc\/wp-json\/wp\/v2\/product\/385","targetHints":{"allow":["GET"]}}],"collection":[{"href":"https:\/\/www.animalsouk.ma\/animalerie-maroc\/wp-json\/wp\/v2\/product"}],"about":[{"href":"https:\/\/www.animalsouk.ma\/animalerie-maroc\/wp-json\/wp\/v2\/types\/product"}],"wp:featuredmedia":[{"embeddable":true,"href":"https:\/\/www.animalsouk.ma\/animalerie-maroc\/wp-json\/wp\/v2\/media\/384"}],"wp:attachment":[{"href":"https:\/\/www.animalsouk.ma\/animalerie-maroc\/wp-json\/wp\/v2\/media?parent=385"}],"wp:term":[{"taxonomy":"product_brand","embeddable":true,"href":"https:\/\/www.animalsouk.ma\/animalerie-maroc\/wp-json\/wp\/v2\/product_brand?post=385"},{"taxonomy":"product_cat","embeddable":true,"href":"https:\/\/www.animalsouk.ma\/animalerie-maroc\/wp-json\/wp\/v2\/product_cat?post=385"},{"taxonomy":"product_tag","embeddable":true,"href":"https:\/\/www.animalsouk.ma\/animalerie-maroc\/wp-json\/wp\/v2\/product_tag?post=385"}],"curies":[{"name":"wp","href":"https:\/\/api.w.org\/{rel}","templated":true}]}}