{"id":367,"date":"2025-08-29T01:40:51","date_gmt":"2025-08-28T23:40:51","guid":{"rendered":"https:\/\/www.animalsouk.ma\/animalerie\/product\/croquettes-royal-canin-kitten-sterilised-400g\/"},"modified":"2026-04-01T14:26:00","modified_gmt":"2026-04-01T12:26:00","slug":"croquettes-royal-canin-kitten-sterilised-400g","status":"publish","type":"product","link":"https:\/\/www.animalsouk.ma\/animalerie-maroc\/produit\/croquettes-royal-canin-kitten-sterilised-400g\/","title":{"rendered":"Croquettes Royal Canin Kitten sterilised 2kg"},"content":{"rendered":"<p>Les croquettes Royal Canin chaton st\u00e9rilis\u00e9 ont \u00e9t\u00e9 sp\u00e9cialement formul\u00e9es pour r\u00e9pondre aux besoins nutritionnels des chatons durant la phase dite de \u00ab\u00a0consolidation\u00a0\u00bb de leur croissance. Cet aliment adapt\u00e9 contient une teneur r\u00e9duite en graisses pour favoriser le contr\u00f4le du poids, sans pour autant faire l&rsquo;impasse sur la teneur en prot\u00e9ines, calcium et phosphore pour une croissance optimale. Sa recette contient aussi des vitamines C et E qui renforcent le syst\u00e8me immunitaire du chaton. Les croquettes Royal Canin Kitten Sterilised pour chaton sont aussi enrichies en acides gras om\u00e9ga 3 (DHA) pour favoriser le bon d\u00e9veloppement c\u00e9r\u00e9bral et visuel.<br \/>\nL&rsquo;association de pr\u00e9biotiques utiles (MOS) et de prot\u00e9ines digestes favorise en outre l&rsquo;\u00e9quilibre de la flore intestinale et contribue \u00e0 la sant\u00e9 digestive du chat.<\/p>\n<p>Caract\u00e9ristiques des croquettes Royal Canin Sterilised Kitten pour chaton :<br \/>\ncroquettes de qualit\u00e9 pour les chatons st\u00e9rilis\u00e9s \u00e2g\u00e9s de 6 \u00e0 12 mois<br \/>\ncontr\u00f4le du poids : gr\u00e2ce \u00e0 une teneur \u00e9nerg\u00e9tique adapt\u00e9e<br \/>\nrenforcent le syst\u00e8me immunitaire : contiennent des nutriments, dont des vitamines C &amp; E<br \/>\nfavorisent le d\u00e9veloppement c\u00e9r\u00e9bral : contiennent des acides gras om\u00e9ga 3 essentiels<br \/>\ncontribuent \u00e0 l&rsquo;\u00e9quilibre de la flore intestinale : avec des pr\u00e9biotiques et des prot\u00e9ines digestes<\/p>\n<p>Les croquettes Royal Canin Kitten Sterilised pour chaton ont \u00e9t\u00e9 sp\u00e9cialement d\u00e9velopp\u00e9es pour les petites m\u00e2choires. Leur effet de brossage m\u00e9canique lors de la mastication contribue \u00e0 l&rsquo;hygi\u00e8ne dentaire du chat.<\/p>\n","protected":false},"excerpt":{"rendered":"<p>Les croquettes Royal Canin chaton st\u00e9rilis\u00e9 ont \u00e9t\u00e9 sp\u00e9cialement formul\u00e9es pour r\u00e9pondre aux besoins nutritionnels des chatons durant la phase dite de \u00ab\u00a0consolidation\u00a0\u00bb de leur croissance. Cet aliment adapt\u00e9 contient une teneur r\u00e9duite en graisses pour favoriser le contr\u00f4le du poids, sans pour autant faire l&rsquo;impasse sur la teneur en prot\u00e9ines, calcium et phosphore pour [&#8230;]\n","protected":false},"featured_media":366,"template":"","meta":[],"product_brand":[31],"product_cat":[18],"product_tag":[],"class_list":{"0":"post-367","1":"product","2":"type-product","3":"status-publish","4":"has-post-thumbnail","6":"product_brand-royal-canin","7":"product_cat-alimentation-pour-chats","9":"first","10":"instock","11":"sale","12":"shipping-taxable","13":"purchasable","14":"product-type-simple"},"yoast_head":"<!-- This site is optimized with the Yoast SEO plugin v27.3 - https:\/\/yoast.com\/product\/yoast-seo-wordpress\/ -->\n<title>Croquettes Royal Canin Kitten sterilised 2kg - Animalerie Maroc<\/title>\n<meta name=\"description\" content=\"Achetez votre Croquettes Royal Canin Kitten sterilised 2kg au meilleur prix au Maroc. Livraison rapide | Animalsouk.ma\" \/>\n<meta name=\"robots\" content=\"index, follow, max-snippet:-1, max-image-preview:large, max-video-preview:-1\" \/>\n<link rel=\"canonical\" href=\"https:\/\/www.animalsouk.ma\/animalerie-maroc\/produit\/croquettes-royal-canin-kitten-sterilised-400g\/\" \/>\n<meta property=\"og:locale\" content=\"fr_FR\" \/>\n<meta property=\"og:type\" content=\"article\" \/>\n<meta property=\"og:title\" content=\"Croquettes Royal Canin Kitten sterilised 2kg - Animalerie Maroc\" \/>\n<meta property=\"og:description\" content=\"Achetez votre Croquettes Royal Canin Kitten sterilised 2kg au meilleur prix au Maroc. Livraison rapide | Animalsouk.ma\" \/>\n<meta property=\"og:url\" content=\"https:\/\/www.animalsouk.ma\/animalerie-maroc\/produit\/croquettes-royal-canin-kitten-sterilised-400g\/\" \/>\n<meta property=\"og:site_name\" content=\"Animalerie Maroc\" \/>\n<meta property=\"article:publisher\" content=\"https:\/\/www.facebook.com\/animalsouk.ma\" \/>\n<meta property=\"article:modified_time\" content=\"2026-04-01T12:26:00+00:00\" \/>\n<meta property=\"og:image\" content=\"https:\/\/www.animalsouk.ma\/animalerie-maroc\/wp-content\/uploads\/2025\/08\/bbe04ac9d1991fd84ac99dbbbcc64002.webp\" \/>\n\t<meta property=\"og:image:width\" content=\"700\" \/>\n\t<meta property=\"og:image:height\" content=\"579\" \/>\n\t<meta property=\"og:image:type\" content=\"image\/webp\" \/>\n<meta name=\"twitter:card\" content=\"summary_large_image\" \/>\n<meta name=\"twitter:label1\" content=\"Dur\u00e9e de lecture estim\u00e9e\" \/>\n\t<meta name=\"twitter:data1\" content=\"2 minutes\" \/>\n<script type=\"application\/ld+json\" class=\"yoast-schema-graph\">{\"@context\":\"https:\\\/\\\/schema.org\",\"@graph\":[{\"@type\":\"WebPage\",\"@id\":\"https:\\\/\\\/www.animalsouk.ma\\\/animalerie-maroc\\\/produit\\\/croquettes-royal-canin-kitten-sterilised-400g\\\/\",\"url\":\"https:\\\/\\\/www.animalsouk.ma\\\/animalerie-maroc\\\/produit\\\/croquettes-royal-canin-kitten-sterilised-400g\\\/\",\"name\":\"Croquettes Royal Canin Kitten sterilised 2kg - Animalerie Maroc\",\"isPartOf\":{\"@id\":\"https:\\\/\\\/www.animalsouk.ma\\\/animalerie-maroc\\\/#website\"},\"primaryImageOfPage\":{\"@id\":\"https:\\\/\\\/www.animalsouk.ma\\\/animalerie-maroc\\\/produit\\\/croquettes-royal-canin-kitten-sterilised-400g\\\/#primaryimage\"},\"image\":{\"@id\":\"https:\\\/\\\/www.animalsouk.ma\\\/animalerie-maroc\\\/produit\\\/croquettes-royal-canin-kitten-sterilised-400g\\\/#primaryimage\"},\"thumbnailUrl\":\"https:\\\/\\\/www.animalsouk.ma\\\/animalerie-maroc\\\/wp-content\\\/uploads\\\/2025\\\/08\\\/bbe04ac9d1991fd84ac99dbbbcc64002.webp\",\"datePublished\":\"2025-08-28T23:40:51+00:00\",\"dateModified\":\"2026-04-01T12:26:00+00:00\",\"description\":\"Achetez votre Croquettes Royal Canin Kitten sterilised 2kg au meilleur prix au Maroc. Livraison rapide | Animalsouk.ma\",\"breadcrumb\":{\"@id\":\"https:\\\/\\\/www.animalsouk.ma\\\/animalerie-maroc\\\/produit\\\/croquettes-royal-canin-kitten-sterilised-400g\\\/#breadcrumb\"},\"inLanguage\":\"fr-FR\",\"potentialAction\":[{\"@type\":\"ReadAction\",\"target\":[\"https:\\\/\\\/www.animalsouk.ma\\\/animalerie-maroc\\\/produit\\\/croquettes-royal-canin-kitten-sterilised-400g\\\/\"]}]},{\"@type\":\"ImageObject\",\"inLanguage\":\"fr-FR\",\"@id\":\"https:\\\/\\\/www.animalsouk.ma\\\/animalerie-maroc\\\/produit\\\/croquettes-royal-canin-kitten-sterilised-400g\\\/#primaryimage\",\"url\":\"https:\\\/\\\/www.animalsouk.ma\\\/animalerie-maroc\\\/wp-content\\\/uploads\\\/2025\\\/08\\\/bbe04ac9d1991fd84ac99dbbbcc64002.webp\",\"contentUrl\":\"https:\\\/\\\/www.animalsouk.ma\\\/animalerie-maroc\\\/wp-content\\\/uploads\\\/2025\\\/08\\\/bbe04ac9d1991fd84ac99dbbbcc64002.webp\",\"width\":700,\"height\":579,\"caption\":\"Croquettes Royal Canin Kitten sterilised 400g\"},{\"@type\":\"BreadcrumbList\",\"@id\":\"https:\\\/\\\/www.animalsouk.ma\\\/animalerie-maroc\\\/produit\\\/croquettes-royal-canin-kitten-sterilised-400g\\\/#breadcrumb\",\"itemListElement\":[{\"@type\":\"ListItem\",\"position\":1,\"name\":\"Home\",\"item\":\"https:\\\/\\\/www.animalsouk.ma\\\/animalerie-maroc\\\/\"},{\"@type\":\"ListItem\",\"position\":2,\"name\":\"Boutique\",\"item\":\"https:\\\/\\\/www.animalsouk.ma\\\/animalerie-maroc\\\/boutique\\\/\"},{\"@type\":\"ListItem\",\"position\":3,\"name\":\"Croquettes Royal Canin Kitten sterilised 2kg\"}]},{\"@type\":\"WebSite\",\"@id\":\"https:\\\/\\\/www.animalsouk.ma\\\/animalerie-maroc\\\/#website\",\"url\":\"https:\\\/\\\/www.animalsouk.ma\\\/animalerie-maroc\\\/\",\"name\":\"Animalerie de casablanca\",\"description\":\"\",\"publisher\":{\"@id\":\"https:\\\/\\\/www.animalsouk.ma\\\/animalerie-maroc\\\/#organization\"},\"potentialAction\":[{\"@type\":\"SearchAction\",\"target\":{\"@type\":\"EntryPoint\",\"urlTemplate\":\"https:\\\/\\\/www.animalsouk.ma\\\/animalerie-maroc\\\/?s={search_term_string}\"},\"query-input\":{\"@type\":\"PropertyValueSpecification\",\"valueRequired\":true,\"valueName\":\"search_term_string\"}}],\"inLanguage\":\"fr-FR\"},{\"@type\":\"Organization\",\"@id\":\"https:\\\/\\\/www.animalsouk.ma\\\/animalerie-maroc\\\/#organization\",\"name\":\"Animalerie de casablanca\",\"url\":\"https:\\\/\\\/www.animalsouk.ma\\\/animalerie-maroc\\\/\",\"logo\":{\"@type\":\"ImageObject\",\"inLanguage\":\"fr-FR\",\"@id\":\"https:\\\/\\\/www.animalsouk.ma\\\/animalerie-maroc\\\/#\\\/schema\\\/logo\\\/image\\\/\",\"url\":\"https:\\\/\\\/www.animalsouk.ma\\\/animalerie-maroc\\\/wp-content\\\/uploads\\\/2025\\\/10\\\/animalsouk.ma-logo.png\",\"contentUrl\":\"https:\\\/\\\/www.animalsouk.ma\\\/animalerie-maroc\\\/wp-content\\\/uploads\\\/2025\\\/10\\\/animalsouk.ma-logo.png\",\"width\":760,\"height\":231,\"caption\":\"Animalerie de casablanca\"},\"image\":{\"@id\":\"https:\\\/\\\/www.animalsouk.ma\\\/animalerie-maroc\\\/#\\\/schema\\\/logo\\\/image\\\/\"},\"sameAs\":[\"https:\\\/\\\/www.facebook.com\\\/animalsouk.ma\",\"https:\\\/\\\/www.instagram.com\\\/animalsouk.ma\"]}]}<\/script>\n<!-- \/ Yoast SEO plugin. -->","yoast_head_json":{"title":"Croquettes Royal Canin Kitten sterilised 2kg - Animalerie Maroc","description":"Achetez votre Croquettes Royal Canin Kitten sterilised 2kg au meilleur prix au Maroc. Livraison rapide | Animalsouk.ma","robots":{"index":"index","follow":"follow","max-snippet":"max-snippet:-1","max-image-preview":"max-image-preview:large","max-video-preview":"max-video-preview:-1"},"canonical":"https:\/\/www.animalsouk.ma\/animalerie-maroc\/produit\/croquettes-royal-canin-kitten-sterilised-400g\/","og_locale":"fr_FR","og_type":"article","og_title":"Croquettes Royal Canin Kitten sterilised 2kg - Animalerie Maroc","og_description":"Achetez votre Croquettes Royal Canin Kitten sterilised 2kg au meilleur prix au Maroc. Livraison rapide | Animalsouk.ma","og_url":"https:\/\/www.animalsouk.ma\/animalerie-maroc\/produit\/croquettes-royal-canin-kitten-sterilised-400g\/","og_site_name":"Animalerie Maroc","article_publisher":"https:\/\/www.facebook.com\/animalsouk.ma","article_modified_time":"2026-04-01T12:26:00+00:00","og_image":[{"width":700,"height":579,"url":"https:\/\/www.animalsouk.ma\/animalerie-maroc\/wp-content\/uploads\/2025\/08\/bbe04ac9d1991fd84ac99dbbbcc64002.webp","type":"image\/webp"}],"twitter_card":"summary_large_image","twitter_misc":{"Dur\u00e9e de lecture estim\u00e9e":"2 minutes"},"schema":{"@context":"https:\/\/schema.org","@graph":[{"@type":"WebPage","@id":"https:\/\/www.animalsouk.ma\/animalerie-maroc\/produit\/croquettes-royal-canin-kitten-sterilised-400g\/","url":"https:\/\/www.animalsouk.ma\/animalerie-maroc\/produit\/croquettes-royal-canin-kitten-sterilised-400g\/","name":"Croquettes Royal Canin Kitten sterilised 2kg - Animalerie Maroc","isPartOf":{"@id":"https:\/\/www.animalsouk.ma\/animalerie-maroc\/#website"},"primaryImageOfPage":{"@id":"https:\/\/www.animalsouk.ma\/animalerie-maroc\/produit\/croquettes-royal-canin-kitten-sterilised-400g\/#primaryimage"},"image":{"@id":"https:\/\/www.animalsouk.ma\/animalerie-maroc\/produit\/croquettes-royal-canin-kitten-sterilised-400g\/#primaryimage"},"thumbnailUrl":"https:\/\/www.animalsouk.ma\/animalerie-maroc\/wp-content\/uploads\/2025\/08\/bbe04ac9d1991fd84ac99dbbbcc64002.webp","datePublished":"2025-08-28T23:40:51+00:00","dateModified":"2026-04-01T12:26:00+00:00","description":"Achetez votre Croquettes Royal Canin Kitten sterilised 2kg au meilleur prix au Maroc. Livraison rapide | Animalsouk.ma","breadcrumb":{"@id":"https:\/\/www.animalsouk.ma\/animalerie-maroc\/produit\/croquettes-royal-canin-kitten-sterilised-400g\/#breadcrumb"},"inLanguage":"fr-FR","potentialAction":[{"@type":"ReadAction","target":["https:\/\/www.animalsouk.ma\/animalerie-maroc\/produit\/croquettes-royal-canin-kitten-sterilised-400g\/"]}]},{"@type":"ImageObject","inLanguage":"fr-FR","@id":"https:\/\/www.animalsouk.ma\/animalerie-maroc\/produit\/croquettes-royal-canin-kitten-sterilised-400g\/#primaryimage","url":"https:\/\/www.animalsouk.ma\/animalerie-maroc\/wp-content\/uploads\/2025\/08\/bbe04ac9d1991fd84ac99dbbbcc64002.webp","contentUrl":"https:\/\/www.animalsouk.ma\/animalerie-maroc\/wp-content\/uploads\/2025\/08\/bbe04ac9d1991fd84ac99dbbbcc64002.webp","width":700,"height":579,"caption":"Croquettes Royal Canin Kitten sterilised 400g"},{"@type":"BreadcrumbList","@id":"https:\/\/www.animalsouk.ma\/animalerie-maroc\/produit\/croquettes-royal-canin-kitten-sterilised-400g\/#breadcrumb","itemListElement":[{"@type":"ListItem","position":1,"name":"Home","item":"https:\/\/www.animalsouk.ma\/animalerie-maroc\/"},{"@type":"ListItem","position":2,"name":"Boutique","item":"https:\/\/www.animalsouk.ma\/animalerie-maroc\/boutique\/"},{"@type":"ListItem","position":3,"name":"Croquettes Royal Canin Kitten sterilised 2kg"}]},{"@type":"WebSite","@id":"https:\/\/www.animalsouk.ma\/animalerie-maroc\/#website","url":"https:\/\/www.animalsouk.ma\/animalerie-maroc\/","name":"Animalerie de casablanca","description":"","publisher":{"@id":"https:\/\/www.animalsouk.ma\/animalerie-maroc\/#organization"},"potentialAction":[{"@type":"SearchAction","target":{"@type":"EntryPoint","urlTemplate":"https:\/\/www.animalsouk.ma\/animalerie-maroc\/?s={search_term_string}"},"query-input":{"@type":"PropertyValueSpecification","valueRequired":true,"valueName":"search_term_string"}}],"inLanguage":"fr-FR"},{"@type":"Organization","@id":"https:\/\/www.animalsouk.ma\/animalerie-maroc\/#organization","name":"Animalerie de casablanca","url":"https:\/\/www.animalsouk.ma\/animalerie-maroc\/","logo":{"@type":"ImageObject","inLanguage":"fr-FR","@id":"https:\/\/www.animalsouk.ma\/animalerie-maroc\/#\/schema\/logo\/image\/","url":"https:\/\/www.animalsouk.ma\/animalerie-maroc\/wp-content\/uploads\/2025\/10\/animalsouk.ma-logo.png","contentUrl":"https:\/\/www.animalsouk.ma\/animalerie-maroc\/wp-content\/uploads\/2025\/10\/animalsouk.ma-logo.png","width":760,"height":231,"caption":"Animalerie de casablanca"},"image":{"@id":"https:\/\/www.animalsouk.ma\/animalerie-maroc\/#\/schema\/logo\/image\/"},"sameAs":["https:\/\/www.facebook.com\/animalsouk.ma","https:\/\/www.instagram.com\/animalsouk.ma"]}]}},"_links":{"self":[{"href":"https:\/\/www.animalsouk.ma\/animalerie-maroc\/wp-json\/wp\/v2\/product\/367","targetHints":{"allow":["GET"]}}],"collection":[{"href":"https:\/\/www.animalsouk.ma\/animalerie-maroc\/wp-json\/wp\/v2\/product"}],"about":[{"href":"https:\/\/www.animalsouk.ma\/animalerie-maroc\/wp-json\/wp\/v2\/types\/product"}],"wp:featuredmedia":[{"embeddable":true,"href":"https:\/\/www.animalsouk.ma\/animalerie-maroc\/wp-json\/wp\/v2\/media\/366"}],"wp:attachment":[{"href":"https:\/\/www.animalsouk.ma\/animalerie-maroc\/wp-json\/wp\/v2\/media?parent=367"}],"wp:term":[{"taxonomy":"product_brand","embeddable":true,"href":"https:\/\/www.animalsouk.ma\/animalerie-maroc\/wp-json\/wp\/v2\/product_brand?post=367"},{"taxonomy":"product_cat","embeddable":true,"href":"https:\/\/www.animalsouk.ma\/animalerie-maroc\/wp-json\/wp\/v2\/product_cat?post=367"},{"taxonomy":"product_tag","embeddable":true,"href":"https:\/\/www.animalsouk.ma\/animalerie-maroc\/wp-json\/wp\/v2\/product_tag?post=367"}],"curies":[{"name":"wp","href":"https:\/\/api.w.org\/{rel}","templated":true}]}}