{"id":365,"date":"2025-08-29T01:40:50","date_gmt":"2025-08-28T23:40:50","guid":{"rendered":"https:\/\/www.animalsouk.ma\/animalerie\/product\/croquettes-royal-canin-sterilised-2kg\/"},"modified":"2026-04-01T14:21:48","modified_gmt":"2026-04-01T12:21:48","slug":"croquettes-royal-canin-sterilised-2kg","status":"publish","type":"product","link":"https:\/\/www.animalsouk.ma\/animalerie-maroc\/produit\/croquettes-royal-canin-sterilised-2kg\/","title":{"rendered":"Croquettes Royal Canin Sterilised 2kg"},"content":{"rendered":"<p>Les croquettes Royal Canin Sterilised 37 ont \u00e9t\u00e9 \u00e9labor\u00e9es pour les chats adultes st\u00e9rilis\u00e9s, de 1 \u00e0 7 ans. Elles sont compl\u00e8tes et \u00e9quilibr\u00e9es pour r\u00e9pondre aux besoins sp\u00e9cifiques des chats st\u00e9rilis\u00e9s dont le risque de prise de poids est \u00e9lev\u00e9.<br \/>\nApr\u00e8s la st\u00e9rilisation de votre chat, il peut \u00eatre n\u00e9cessaire d\u2019adapter son r\u00e9gime alimentaire afin de s\u2019assurer qu\u2019il re\u00e7oit les nutriments qui correspondent \u00e0 ses besoins \u00e9nerg\u00e9tiques quelque peu modifi\u00e9s.<\/p>\n<p>ROYAL CANIN\u00ae Sterilised 37 contient une quantit\u00e9 mod\u00e9r\u00e9e de mati\u00e8res grasses : correctement rationn\u00e9 au quotidien, il aide votre chat \u00e0 conserver un poids id\u00e9al apr\u00e8s sa st\u00e9rilisation.<br \/>\nDe plus, ROYAL CANIN\u00ae Sterilised 37 contient un m\u00e9lange de min\u00e9raux soigneusement choisi pour favoriser la sant\u00e9 du syst\u00e8me urinaire de votre chat, et une teneur accrue en prot\u00e9ines pour renforcer sa masse musculaire. Pour r\u00e9pondre aux pr\u00e9f\u00e9rences individuelles de chaque chat, ROYAL CANIN\u00ae Sterilised 37 est \u00e9galement disponible sous forme de nourriture humide en un d\u00e9licieux \u00e9minc\u00e9 ou en une succulente gel\u00e9e. Si vous envisagez une alimentation mixte, il vous suffit de suivre nos instructions pour vous assurer que votre chat re\u00e7oit la quantit\u00e9 de nourriture s\u00e8che et humide n\u00e9cessaire pour un b\u00e9n\u00e9fice optimal.<\/p>\n<p><b>COMPOSITION : <\/b>prot\u00e9ines de volaille d\u00e9shydrat\u00e9es, ma\u00efs, gluten de bl\u00e9*, fibres v\u00e9g\u00e9tales, graisses animales, prot\u00e9ines animales hydrolys\u00e9es, riz, bl\u00e9, pulpe de betterave, gluten de ma\u00efs, produits de levures, substances min\u00e9rales, huile de poissons, fructo-oligosaccharides, huile de soja.<\/p>\n<p><b>ADDITIFS (au kg) : <\/b>Additifs nutritionnels : Vitamine A : 19000 UI, Vitamine D3 : 1000 UI, Fer (3b103) : 31 mg, Iode (3b201, 3b202) : 3,1 mg, Cuivre (3b405, 3b406) : 9 mg, Mangan\u00e8se (3b502, 3b504) : 40 mg, Zinc (3b603, 3b605, 3b606) : 94 mg, S\u00e9l\u00e9nium (3b801, 3b811, 3b812) : 0,05 mg &#8211; Additifs technologiques : Clinoptilolite d\u2019origine s\u00e9dimentaire : 10 g &#8211; Additifs zootechniques : Chlorure d\u2019ammonium : 5 g &#8211; Antioxyg\u00e8nes.<\/p>\n<p><b>CONSTITUANTS ANALYTIQUES : <\/b> Prot\u00e9ine : 37,0 % &#8211; Cellulose brute : 6,0 % &#8211; Teneur en mati\u00e8res grasses : 12,0 % &#8211; Cendres brutes : 8,5 % &#8211; L-carnitine : 100 mg\/kg.<\/p>\n","protected":false},"excerpt":{"rendered":"<p>Les croquettes Royal Canin Sterilised 37 ont \u00e9t\u00e9 \u00e9labor\u00e9es pour les chats adultes st\u00e9rilis\u00e9s, de 1 \u00e0 7 ans. Elles sont compl\u00e8tes et \u00e9quilibr\u00e9es pour r\u00e9pondre aux besoins sp\u00e9cifiques des chats st\u00e9rilis\u00e9s dont le risque de prise de poids est \u00e9lev\u00e9. Apr\u00e8s la st\u00e9rilisation de votre chat, il peut \u00eatre n\u00e9cessaire d\u2019adapter son r\u00e9gime alimentaire [&#8230;]\n","protected":false},"featured_media":364,"template":"","meta":[],"product_brand":[31],"product_cat":[18],"product_tag":[],"class_list":{"0":"post-365","1":"product","2":"type-product","3":"status-publish","4":"has-post-thumbnail","6":"product_brand-royal-canin","7":"product_cat-alimentation-pour-chats","9":"first","10":"instock","11":"sale","12":"shipping-taxable","13":"purchasable","14":"product-type-simple"},"yoast_head":"<!-- This site is optimized with the Yoast SEO plugin v27.3 - https:\/\/yoast.com\/product\/yoast-seo-wordpress\/ -->\n<title>Croquettes Royal Canin Sterilised 2kg - Animalerie Maroc<\/title>\n<meta name=\"description\" content=\"Achetez votre Croquettes Royal Canin Sterilised 2kg au meilleur prix au Maroc. Livraison rapide | Animalsouk.ma\" \/>\n<meta name=\"robots\" content=\"index, follow, max-snippet:-1, max-image-preview:large, max-video-preview:-1\" \/>\n<link rel=\"canonical\" href=\"https:\/\/www.animalsouk.ma\/animalerie-maroc\/produit\/croquettes-royal-canin-sterilised-2kg\/\" \/>\n<meta property=\"og:locale\" content=\"fr_FR\" \/>\n<meta property=\"og:type\" content=\"article\" \/>\n<meta property=\"og:title\" content=\"Croquettes Royal Canin Sterilised 2kg - Animalerie Maroc\" \/>\n<meta property=\"og:description\" content=\"Achetez votre Croquettes Royal Canin Sterilised 2kg au meilleur prix au Maroc. Livraison rapide | Animalsouk.ma\" \/>\n<meta property=\"og:url\" content=\"https:\/\/www.animalsouk.ma\/animalerie-maroc\/produit\/croquettes-royal-canin-sterilised-2kg\/\" \/>\n<meta property=\"og:site_name\" content=\"Animalerie Maroc\" \/>\n<meta property=\"article:publisher\" content=\"https:\/\/www.facebook.com\/animalsouk.ma\" \/>\n<meta property=\"article:modified_time\" content=\"2026-04-01T12:21:48+00:00\" \/>\n<meta property=\"og:image\" content=\"https:\/\/www.animalsouk.ma\/animalerie-maroc\/wp-content\/uploads\/2025\/08\/4c00c46d732e1adfadc8b4176a550770.webp\" \/>\n\t<meta property=\"og:image:width\" content=\"700\" \/>\n\t<meta property=\"og:image:height\" content=\"579\" \/>\n\t<meta property=\"og:image:type\" content=\"image\/webp\" \/>\n<meta name=\"twitter:card\" content=\"summary_large_image\" \/>\n<meta name=\"twitter:label1\" content=\"Dur\u00e9e de lecture estim\u00e9e\" \/>\n\t<meta name=\"twitter:data1\" content=\"2 minutes\" \/>\n<script type=\"application\/ld+json\" class=\"yoast-schema-graph\">{\"@context\":\"https:\\\/\\\/schema.org\",\"@graph\":[{\"@type\":\"WebPage\",\"@id\":\"https:\\\/\\\/www.animalsouk.ma\\\/animalerie-maroc\\\/produit\\\/croquettes-royal-canin-sterilised-2kg\\\/\",\"url\":\"https:\\\/\\\/www.animalsouk.ma\\\/animalerie-maroc\\\/produit\\\/croquettes-royal-canin-sterilised-2kg\\\/\",\"name\":\"Croquettes Royal Canin Sterilised 2kg - Animalerie Maroc\",\"isPartOf\":{\"@id\":\"https:\\\/\\\/www.animalsouk.ma\\\/animalerie-maroc\\\/#website\"},\"primaryImageOfPage\":{\"@id\":\"https:\\\/\\\/www.animalsouk.ma\\\/animalerie-maroc\\\/produit\\\/croquettes-royal-canin-sterilised-2kg\\\/#primaryimage\"},\"image\":{\"@id\":\"https:\\\/\\\/www.animalsouk.ma\\\/animalerie-maroc\\\/produit\\\/croquettes-royal-canin-sterilised-2kg\\\/#primaryimage\"},\"thumbnailUrl\":\"https:\\\/\\\/www.animalsouk.ma\\\/animalerie-maroc\\\/wp-content\\\/uploads\\\/2025\\\/08\\\/4c00c46d732e1adfadc8b4176a550770.webp\",\"datePublished\":\"2025-08-28T23:40:50+00:00\",\"dateModified\":\"2026-04-01T12:21:48+00:00\",\"description\":\"Achetez votre Croquettes Royal Canin Sterilised 2kg au meilleur prix au Maroc. Livraison rapide | Animalsouk.ma\",\"breadcrumb\":{\"@id\":\"https:\\\/\\\/www.animalsouk.ma\\\/animalerie-maroc\\\/produit\\\/croquettes-royal-canin-sterilised-2kg\\\/#breadcrumb\"},\"inLanguage\":\"fr-FR\",\"potentialAction\":[{\"@type\":\"ReadAction\",\"target\":[\"https:\\\/\\\/www.animalsouk.ma\\\/animalerie-maroc\\\/produit\\\/croquettes-royal-canin-sterilised-2kg\\\/\"]}]},{\"@type\":\"ImageObject\",\"inLanguage\":\"fr-FR\",\"@id\":\"https:\\\/\\\/www.animalsouk.ma\\\/animalerie-maroc\\\/produit\\\/croquettes-royal-canin-sterilised-2kg\\\/#primaryimage\",\"url\":\"https:\\\/\\\/www.animalsouk.ma\\\/animalerie-maroc\\\/wp-content\\\/uploads\\\/2025\\\/08\\\/4c00c46d732e1adfadc8b4176a550770.webp\",\"contentUrl\":\"https:\\\/\\\/www.animalsouk.ma\\\/animalerie-maroc\\\/wp-content\\\/uploads\\\/2025\\\/08\\\/4c00c46d732e1adfadc8b4176a550770.webp\",\"width\":700,\"height\":579,\"caption\":\"Croquettes Royal Canin Sterilised 2kg\"},{\"@type\":\"BreadcrumbList\",\"@id\":\"https:\\\/\\\/www.animalsouk.ma\\\/animalerie-maroc\\\/produit\\\/croquettes-royal-canin-sterilised-2kg\\\/#breadcrumb\",\"itemListElement\":[{\"@type\":\"ListItem\",\"position\":1,\"name\":\"Home\",\"item\":\"https:\\\/\\\/www.animalsouk.ma\\\/animalerie-maroc\\\/\"},{\"@type\":\"ListItem\",\"position\":2,\"name\":\"Boutique\",\"item\":\"https:\\\/\\\/www.animalsouk.ma\\\/animalerie-maroc\\\/boutique\\\/\"},{\"@type\":\"ListItem\",\"position\":3,\"name\":\"Croquettes Royal Canin Sterilised 2kg\"}]},{\"@type\":\"WebSite\",\"@id\":\"https:\\\/\\\/www.animalsouk.ma\\\/animalerie-maroc\\\/#website\",\"url\":\"https:\\\/\\\/www.animalsouk.ma\\\/animalerie-maroc\\\/\",\"name\":\"Animalerie de casablanca\",\"description\":\"\",\"publisher\":{\"@id\":\"https:\\\/\\\/www.animalsouk.ma\\\/animalerie-maroc\\\/#organization\"},\"potentialAction\":[{\"@type\":\"SearchAction\",\"target\":{\"@type\":\"EntryPoint\",\"urlTemplate\":\"https:\\\/\\\/www.animalsouk.ma\\\/animalerie-maroc\\\/?s={search_term_string}\"},\"query-input\":{\"@type\":\"PropertyValueSpecification\",\"valueRequired\":true,\"valueName\":\"search_term_string\"}}],\"inLanguage\":\"fr-FR\"},{\"@type\":\"Organization\",\"@id\":\"https:\\\/\\\/www.animalsouk.ma\\\/animalerie-maroc\\\/#organization\",\"name\":\"Animalerie de casablanca\",\"url\":\"https:\\\/\\\/www.animalsouk.ma\\\/animalerie-maroc\\\/\",\"logo\":{\"@type\":\"ImageObject\",\"inLanguage\":\"fr-FR\",\"@id\":\"https:\\\/\\\/www.animalsouk.ma\\\/animalerie-maroc\\\/#\\\/schema\\\/logo\\\/image\\\/\",\"url\":\"https:\\\/\\\/www.animalsouk.ma\\\/animalerie-maroc\\\/wp-content\\\/uploads\\\/2025\\\/10\\\/animalsouk.ma-logo.png\",\"contentUrl\":\"https:\\\/\\\/www.animalsouk.ma\\\/animalerie-maroc\\\/wp-content\\\/uploads\\\/2025\\\/10\\\/animalsouk.ma-logo.png\",\"width\":760,\"height\":231,\"caption\":\"Animalerie de casablanca\"},\"image\":{\"@id\":\"https:\\\/\\\/www.animalsouk.ma\\\/animalerie-maroc\\\/#\\\/schema\\\/logo\\\/image\\\/\"},\"sameAs\":[\"https:\\\/\\\/www.facebook.com\\\/animalsouk.ma\",\"https:\\\/\\\/www.instagram.com\\\/animalsouk.ma\"]}]}<\/script>\n<!-- \/ Yoast SEO plugin. -->","yoast_head_json":{"title":"Croquettes Royal Canin Sterilised 2kg - Animalerie Maroc","description":"Achetez votre Croquettes Royal Canin Sterilised 2kg au meilleur prix au Maroc. Livraison rapide | Animalsouk.ma","robots":{"index":"index","follow":"follow","max-snippet":"max-snippet:-1","max-image-preview":"max-image-preview:large","max-video-preview":"max-video-preview:-1"},"canonical":"https:\/\/www.animalsouk.ma\/animalerie-maroc\/produit\/croquettes-royal-canin-sterilised-2kg\/","og_locale":"fr_FR","og_type":"article","og_title":"Croquettes Royal Canin Sterilised 2kg - Animalerie Maroc","og_description":"Achetez votre Croquettes Royal Canin Sterilised 2kg au meilleur prix au Maroc. Livraison rapide | Animalsouk.ma","og_url":"https:\/\/www.animalsouk.ma\/animalerie-maroc\/produit\/croquettes-royal-canin-sterilised-2kg\/","og_site_name":"Animalerie Maroc","article_publisher":"https:\/\/www.facebook.com\/animalsouk.ma","article_modified_time":"2026-04-01T12:21:48+00:00","og_image":[{"width":700,"height":579,"url":"https:\/\/www.animalsouk.ma\/animalerie-maroc\/wp-content\/uploads\/2025\/08\/4c00c46d732e1adfadc8b4176a550770.webp","type":"image\/webp"}],"twitter_card":"summary_large_image","twitter_misc":{"Dur\u00e9e de lecture estim\u00e9e":"2 minutes"},"schema":{"@context":"https:\/\/schema.org","@graph":[{"@type":"WebPage","@id":"https:\/\/www.animalsouk.ma\/animalerie-maroc\/produit\/croquettes-royal-canin-sterilised-2kg\/","url":"https:\/\/www.animalsouk.ma\/animalerie-maroc\/produit\/croquettes-royal-canin-sterilised-2kg\/","name":"Croquettes Royal Canin Sterilised 2kg - Animalerie Maroc","isPartOf":{"@id":"https:\/\/www.animalsouk.ma\/animalerie-maroc\/#website"},"primaryImageOfPage":{"@id":"https:\/\/www.animalsouk.ma\/animalerie-maroc\/produit\/croquettes-royal-canin-sterilised-2kg\/#primaryimage"},"image":{"@id":"https:\/\/www.animalsouk.ma\/animalerie-maroc\/produit\/croquettes-royal-canin-sterilised-2kg\/#primaryimage"},"thumbnailUrl":"https:\/\/www.animalsouk.ma\/animalerie-maroc\/wp-content\/uploads\/2025\/08\/4c00c46d732e1adfadc8b4176a550770.webp","datePublished":"2025-08-28T23:40:50+00:00","dateModified":"2026-04-01T12:21:48+00:00","description":"Achetez votre Croquettes Royal Canin Sterilised 2kg au meilleur prix au Maroc. Livraison rapide | Animalsouk.ma","breadcrumb":{"@id":"https:\/\/www.animalsouk.ma\/animalerie-maroc\/produit\/croquettes-royal-canin-sterilised-2kg\/#breadcrumb"},"inLanguage":"fr-FR","potentialAction":[{"@type":"ReadAction","target":["https:\/\/www.animalsouk.ma\/animalerie-maroc\/produit\/croquettes-royal-canin-sterilised-2kg\/"]}]},{"@type":"ImageObject","inLanguage":"fr-FR","@id":"https:\/\/www.animalsouk.ma\/animalerie-maroc\/produit\/croquettes-royal-canin-sterilised-2kg\/#primaryimage","url":"https:\/\/www.animalsouk.ma\/animalerie-maroc\/wp-content\/uploads\/2025\/08\/4c00c46d732e1adfadc8b4176a550770.webp","contentUrl":"https:\/\/www.animalsouk.ma\/animalerie-maroc\/wp-content\/uploads\/2025\/08\/4c00c46d732e1adfadc8b4176a550770.webp","width":700,"height":579,"caption":"Croquettes Royal Canin Sterilised 2kg"},{"@type":"BreadcrumbList","@id":"https:\/\/www.animalsouk.ma\/animalerie-maroc\/produit\/croquettes-royal-canin-sterilised-2kg\/#breadcrumb","itemListElement":[{"@type":"ListItem","position":1,"name":"Home","item":"https:\/\/www.animalsouk.ma\/animalerie-maroc\/"},{"@type":"ListItem","position":2,"name":"Boutique","item":"https:\/\/www.animalsouk.ma\/animalerie-maroc\/boutique\/"},{"@type":"ListItem","position":3,"name":"Croquettes Royal Canin Sterilised 2kg"}]},{"@type":"WebSite","@id":"https:\/\/www.animalsouk.ma\/animalerie-maroc\/#website","url":"https:\/\/www.animalsouk.ma\/animalerie-maroc\/","name":"Animalerie de casablanca","description":"","publisher":{"@id":"https:\/\/www.animalsouk.ma\/animalerie-maroc\/#organization"},"potentialAction":[{"@type":"SearchAction","target":{"@type":"EntryPoint","urlTemplate":"https:\/\/www.animalsouk.ma\/animalerie-maroc\/?s={search_term_string}"},"query-input":{"@type":"PropertyValueSpecification","valueRequired":true,"valueName":"search_term_string"}}],"inLanguage":"fr-FR"},{"@type":"Organization","@id":"https:\/\/www.animalsouk.ma\/animalerie-maroc\/#organization","name":"Animalerie de casablanca","url":"https:\/\/www.animalsouk.ma\/animalerie-maroc\/","logo":{"@type":"ImageObject","inLanguage":"fr-FR","@id":"https:\/\/www.animalsouk.ma\/animalerie-maroc\/#\/schema\/logo\/image\/","url":"https:\/\/www.animalsouk.ma\/animalerie-maroc\/wp-content\/uploads\/2025\/10\/animalsouk.ma-logo.png","contentUrl":"https:\/\/www.animalsouk.ma\/animalerie-maroc\/wp-content\/uploads\/2025\/10\/animalsouk.ma-logo.png","width":760,"height":231,"caption":"Animalerie de casablanca"},"image":{"@id":"https:\/\/www.animalsouk.ma\/animalerie-maroc\/#\/schema\/logo\/image\/"},"sameAs":["https:\/\/www.facebook.com\/animalsouk.ma","https:\/\/www.instagram.com\/animalsouk.ma"]}]}},"_links":{"self":[{"href":"https:\/\/www.animalsouk.ma\/animalerie-maroc\/wp-json\/wp\/v2\/product\/365","targetHints":{"allow":["GET"]}}],"collection":[{"href":"https:\/\/www.animalsouk.ma\/animalerie-maroc\/wp-json\/wp\/v2\/product"}],"about":[{"href":"https:\/\/www.animalsouk.ma\/animalerie-maroc\/wp-json\/wp\/v2\/types\/product"}],"wp:featuredmedia":[{"embeddable":true,"href":"https:\/\/www.animalsouk.ma\/animalerie-maroc\/wp-json\/wp\/v2\/media\/364"}],"wp:attachment":[{"href":"https:\/\/www.animalsouk.ma\/animalerie-maroc\/wp-json\/wp\/v2\/media?parent=365"}],"wp:term":[{"taxonomy":"product_brand","embeddable":true,"href":"https:\/\/www.animalsouk.ma\/animalerie-maroc\/wp-json\/wp\/v2\/product_brand?post=365"},{"taxonomy":"product_cat","embeddable":true,"href":"https:\/\/www.animalsouk.ma\/animalerie-maroc\/wp-json\/wp\/v2\/product_cat?post=365"},{"taxonomy":"product_tag","embeddable":true,"href":"https:\/\/www.animalsouk.ma\/animalerie-maroc\/wp-json\/wp\/v2\/product_tag?post=365"}],"curies":[{"name":"wp","href":"https:\/\/api.w.org\/{rel}","templated":true}]}}