{"id":327,"date":"2025-08-29T01:40:40","date_gmt":"2025-08-28T23:40:40","guid":{"rendered":"https:\/\/www.animalsouk.ma\/animalerie\/product\/purina-pro-plan-large-robust-puppy-chicken-3kg\/"},"modified":"2025-09-08T23:44:54","modified_gmt":"2025-09-08T21:44:54","slug":"purina-pro-plan-large-robust-puppy-chicken-3kg","status":"publish","type":"product","link":"https:\/\/www.animalsouk.ma\/animalerie-maroc\/produit\/purina-pro-plan-large-robust-puppy-chicken-3kg\/","title":{"rendered":"Purina Pro Plan Large Robust puppy Chicken 3Kg"},"content":{"rendered":"<p>Purina Pro Plan Large Robust puppy est un aliment qui aide votre chiot \u00e0 renforcer les d\u00e9fenses naturelles et lui offrir un d\u00e9part optimal dans la vie. Formul\u00e9 avec des morceaux de poulet de haute qualit\u00e9.<br \/>\nPURINA PRO PLAN avec OPTISTART\u00ae est une alimentation compl\u00e8te contenant notre combinaison sp\u00e9cifique de nutriments, adapt\u00e9e \u00e0 la taille du chiot. Nos v\u00e9t\u00e9rinaires et experts nutritionnels PURINA\u00ae ont d\u00e9velopp\u00e9 OPTINUTRITION\u00ae, pour offrir un monde meilleur \u00e0 votre chien. Les croquettes OPTISTART\u00ae contiennent du colostrum, issu du premier lait maternel. OPTISTART\u00ae aide \u00e0 renforcer les d\u00e9fenses naturelles de votre chiot en stimulant le syst\u00e8me immunitaire afin de favoriser sa bonne sant\u00e9 sur le long terme. Les croquettes OPTISTART\u00ae contiennent des ingr\u00e9dients hautement digestibles et une teneur \u00e9quilibr\u00e9e en nutriments. Elles contiennent des ingr\u00e9dients qui sont prouv\u00e9s pour renforcer la bonne sant\u00e9 intestinale des chiots en am\u00e9liorant la diversit\u00e9 et la stabilit\u00e9 de la microflore intestinale.<br \/>\nAvantages du produit : Syst\u00e8me immunitaire efficace Soutient la bonne sant\u00e9 sur le long terme Soutient la bonne sant\u00e9 des articulations Riche en poulet OPTISTART\u00ae aide \u00e0 contribuer au bon d\u00e9veloppement des os gr\u00e2ce \u00e0 une proportion adapt\u00e9e de calcium, phosphore et vitamine D. Les croquettes agissent \u00e9galement sur le bon d\u00e9veloppement de la vue et du cerveau, ainsi que sur la bonne consistance des selles durant la p\u00e9riode de sevrage.<\/p>\n","protected":false},"excerpt":{"rendered":"<p>Purina Pro Plan Large Robust puppy est un aliment qui aide votre chiot \u00e0 renforcer les d\u00e9fenses naturelles et lui offrir un d\u00e9part optimal dans la vie. Formul\u00e9 avec des morceaux de poulet de haute qualit\u00e9. PURINA PRO PLAN avec OPTISTART\u00ae est une alimentation compl\u00e8te contenant notre combinaison sp\u00e9cifique de nutriments, adapt\u00e9e \u00e0 la taille [&#8230;]\n","protected":false},"featured_media":326,"template":"","meta":[],"product_brand":[22],"product_cat":[20],"product_tag":[],"class_list":{"0":"post-327","1":"product","2":"type-product","3":"status-publish","4":"has-post-thumbnail","6":"product_brand-purina-pro-plan","7":"product_cat-alimentation-pour-chiens","9":"first","10":"outofstock","11":"shipping-taxable","12":"purchasable","13":"product-type-simple"},"yoast_head":"<!-- This site is optimized with the Yoast SEO plugin v27.3 - https:\/\/yoast.com\/product\/yoast-seo-wordpress\/ -->\n<title>Purina Pro Plan Large Robust puppy Chicken 3Kg - Animalerie Maroc<\/title>\n<meta name=\"description\" content=\"Achetez votre Purina Pro Plan Large Robust puppy Chicken 3Kg au meilleur prix au Maroc. Livraison rapide | Animalsouk.ma\" \/>\n<meta name=\"robots\" content=\"index, follow, max-snippet:-1, max-image-preview:large, max-video-preview:-1\" \/>\n<link rel=\"canonical\" href=\"https:\/\/www.animalsouk.ma\/animalerie-maroc\/produit\/purina-pro-plan-large-robust-puppy-chicken-3kg\/\" \/>\n<meta property=\"og:locale\" content=\"fr_FR\" \/>\n<meta property=\"og:type\" content=\"article\" \/>\n<meta property=\"og:title\" content=\"Purina Pro Plan Large Robust puppy Chicken 3Kg - Animalerie Maroc\" \/>\n<meta property=\"og:description\" content=\"Achetez votre Purina Pro Plan Large Robust puppy Chicken 3Kg au meilleur prix au Maroc. Livraison rapide | Animalsouk.ma\" \/>\n<meta property=\"og:url\" content=\"https:\/\/www.animalsouk.ma\/animalerie-maroc\/produit\/purina-pro-plan-large-robust-puppy-chicken-3kg\/\" \/>\n<meta property=\"og:site_name\" content=\"Animalerie Maroc\" \/>\n<meta property=\"article:publisher\" content=\"https:\/\/www.facebook.com\/animalsouk.ma\" \/>\n<meta property=\"article:modified_time\" content=\"2025-09-08T21:44:54+00:00\" \/>\n<meta property=\"og:image\" content=\"https:\/\/www.animalsouk.ma\/animalerie-maroc\/wp-content\/uploads\/2025\/08\/a0c848cfe3574683f4ac968d02c26055.webp\" \/>\n\t<meta property=\"og:image:width\" content=\"700\" \/>\n\t<meta property=\"og:image:height\" content=\"579\" \/>\n\t<meta property=\"og:image:type\" content=\"image\/webp\" \/>\n<meta name=\"twitter:card\" content=\"summary_large_image\" \/>\n<meta name=\"twitter:label1\" content=\"Dur\u00e9e de lecture estim\u00e9e\" \/>\n\t<meta name=\"twitter:data1\" content=\"1 minute\" \/>\n<script type=\"application\/ld+json\" class=\"yoast-schema-graph\">{\"@context\":\"https:\\\/\\\/schema.org\",\"@graph\":[{\"@type\":\"WebPage\",\"@id\":\"https:\\\/\\\/www.animalsouk.ma\\\/animalerie-maroc\\\/produit\\\/purina-pro-plan-large-robust-puppy-chicken-3kg\\\/\",\"url\":\"https:\\\/\\\/www.animalsouk.ma\\\/animalerie-maroc\\\/produit\\\/purina-pro-plan-large-robust-puppy-chicken-3kg\\\/\",\"name\":\"Purina Pro Plan Large Robust puppy Chicken 3Kg - Animalerie Maroc\",\"isPartOf\":{\"@id\":\"https:\\\/\\\/www.animalsouk.ma\\\/animalerie-maroc\\\/#website\"},\"primaryImageOfPage\":{\"@id\":\"https:\\\/\\\/www.animalsouk.ma\\\/animalerie-maroc\\\/produit\\\/purina-pro-plan-large-robust-puppy-chicken-3kg\\\/#primaryimage\"},\"image\":{\"@id\":\"https:\\\/\\\/www.animalsouk.ma\\\/animalerie-maroc\\\/produit\\\/purina-pro-plan-large-robust-puppy-chicken-3kg\\\/#primaryimage\"},\"thumbnailUrl\":\"https:\\\/\\\/www.animalsouk.ma\\\/animalerie-maroc\\\/wp-content\\\/uploads\\\/2025\\\/08\\\/a0c848cfe3574683f4ac968d02c26055.webp\",\"datePublished\":\"2025-08-28T23:40:40+00:00\",\"dateModified\":\"2025-09-08T21:44:54+00:00\",\"description\":\"Achetez votre Purina Pro Plan Large Robust puppy Chicken 3Kg au meilleur prix au Maroc. Livraison rapide | Animalsouk.ma\",\"breadcrumb\":{\"@id\":\"https:\\\/\\\/www.animalsouk.ma\\\/animalerie-maroc\\\/produit\\\/purina-pro-plan-large-robust-puppy-chicken-3kg\\\/#breadcrumb\"},\"inLanguage\":\"fr-FR\",\"potentialAction\":[{\"@type\":\"ReadAction\",\"target\":[\"https:\\\/\\\/www.animalsouk.ma\\\/animalerie-maroc\\\/produit\\\/purina-pro-plan-large-robust-puppy-chicken-3kg\\\/\"]}]},{\"@type\":\"ImageObject\",\"inLanguage\":\"fr-FR\",\"@id\":\"https:\\\/\\\/www.animalsouk.ma\\\/animalerie-maroc\\\/produit\\\/purina-pro-plan-large-robust-puppy-chicken-3kg\\\/#primaryimage\",\"url\":\"https:\\\/\\\/www.animalsouk.ma\\\/animalerie-maroc\\\/wp-content\\\/uploads\\\/2025\\\/08\\\/a0c848cfe3574683f4ac968d02c26055.webp\",\"contentUrl\":\"https:\\\/\\\/www.animalsouk.ma\\\/animalerie-maroc\\\/wp-content\\\/uploads\\\/2025\\\/08\\\/a0c848cfe3574683f4ac968d02c26055.webp\",\"width\":700,\"height\":579,\"caption\":\"Purina Pro Plan Large Robust puppy Chicken 3Kg\"},{\"@type\":\"BreadcrumbList\",\"@id\":\"https:\\\/\\\/www.animalsouk.ma\\\/animalerie-maroc\\\/produit\\\/purina-pro-plan-large-robust-puppy-chicken-3kg\\\/#breadcrumb\",\"itemListElement\":[{\"@type\":\"ListItem\",\"position\":1,\"name\":\"Home\",\"item\":\"https:\\\/\\\/www.animalsouk.ma\\\/animalerie-maroc\\\/\"},{\"@type\":\"ListItem\",\"position\":2,\"name\":\"Boutique\",\"item\":\"https:\\\/\\\/www.animalsouk.ma\\\/animalerie-maroc\\\/boutique\\\/\"},{\"@type\":\"ListItem\",\"position\":3,\"name\":\"Purina Pro Plan Large Robust puppy Chicken 3Kg\"}]},{\"@type\":\"WebSite\",\"@id\":\"https:\\\/\\\/www.animalsouk.ma\\\/animalerie-maroc\\\/#website\",\"url\":\"https:\\\/\\\/www.animalsouk.ma\\\/animalerie-maroc\\\/\",\"name\":\"Animalerie de casablanca\",\"description\":\"\",\"publisher\":{\"@id\":\"https:\\\/\\\/www.animalsouk.ma\\\/animalerie-maroc\\\/#organization\"},\"potentialAction\":[{\"@type\":\"SearchAction\",\"target\":{\"@type\":\"EntryPoint\",\"urlTemplate\":\"https:\\\/\\\/www.animalsouk.ma\\\/animalerie-maroc\\\/?s={search_term_string}\"},\"query-input\":{\"@type\":\"PropertyValueSpecification\",\"valueRequired\":true,\"valueName\":\"search_term_string\"}}],\"inLanguage\":\"fr-FR\"},{\"@type\":\"Organization\",\"@id\":\"https:\\\/\\\/www.animalsouk.ma\\\/animalerie-maroc\\\/#organization\",\"name\":\"Animalerie de casablanca\",\"url\":\"https:\\\/\\\/www.animalsouk.ma\\\/animalerie-maroc\\\/\",\"logo\":{\"@type\":\"ImageObject\",\"inLanguage\":\"fr-FR\",\"@id\":\"https:\\\/\\\/www.animalsouk.ma\\\/animalerie-maroc\\\/#\\\/schema\\\/logo\\\/image\\\/\",\"url\":\"https:\\\/\\\/www.animalsouk.ma\\\/animalerie-maroc\\\/wp-content\\\/uploads\\\/2025\\\/10\\\/animalsouk.ma-logo.png\",\"contentUrl\":\"https:\\\/\\\/www.animalsouk.ma\\\/animalerie-maroc\\\/wp-content\\\/uploads\\\/2025\\\/10\\\/animalsouk.ma-logo.png\",\"width\":760,\"height\":231,\"caption\":\"Animalerie de casablanca\"},\"image\":{\"@id\":\"https:\\\/\\\/www.animalsouk.ma\\\/animalerie-maroc\\\/#\\\/schema\\\/logo\\\/image\\\/\"},\"sameAs\":[\"https:\\\/\\\/www.facebook.com\\\/animalsouk.ma\",\"https:\\\/\\\/www.instagram.com\\\/animalsouk.ma\"]}]}<\/script>\n<!-- \/ Yoast SEO plugin. -->","yoast_head_json":{"title":"Purina Pro Plan Large Robust puppy Chicken 3Kg - Animalerie Maroc","description":"Achetez votre Purina Pro Plan Large Robust puppy Chicken 3Kg au meilleur prix au Maroc. Livraison rapide | Animalsouk.ma","robots":{"index":"index","follow":"follow","max-snippet":"max-snippet:-1","max-image-preview":"max-image-preview:large","max-video-preview":"max-video-preview:-1"},"canonical":"https:\/\/www.animalsouk.ma\/animalerie-maroc\/produit\/purina-pro-plan-large-robust-puppy-chicken-3kg\/","og_locale":"fr_FR","og_type":"article","og_title":"Purina Pro Plan Large Robust puppy Chicken 3Kg - Animalerie Maroc","og_description":"Achetez votre Purina Pro Plan Large Robust puppy Chicken 3Kg au meilleur prix au Maroc. Livraison rapide | Animalsouk.ma","og_url":"https:\/\/www.animalsouk.ma\/animalerie-maroc\/produit\/purina-pro-plan-large-robust-puppy-chicken-3kg\/","og_site_name":"Animalerie Maroc","article_publisher":"https:\/\/www.facebook.com\/animalsouk.ma","article_modified_time":"2025-09-08T21:44:54+00:00","og_image":[{"width":700,"height":579,"url":"https:\/\/www.animalsouk.ma\/animalerie-maroc\/wp-content\/uploads\/2025\/08\/a0c848cfe3574683f4ac968d02c26055.webp","type":"image\/webp"}],"twitter_card":"summary_large_image","twitter_misc":{"Dur\u00e9e de lecture estim\u00e9e":"1 minute"},"schema":{"@context":"https:\/\/schema.org","@graph":[{"@type":"WebPage","@id":"https:\/\/www.animalsouk.ma\/animalerie-maroc\/produit\/purina-pro-plan-large-robust-puppy-chicken-3kg\/","url":"https:\/\/www.animalsouk.ma\/animalerie-maroc\/produit\/purina-pro-plan-large-robust-puppy-chicken-3kg\/","name":"Purina Pro Plan Large Robust puppy Chicken 3Kg - Animalerie Maroc","isPartOf":{"@id":"https:\/\/www.animalsouk.ma\/animalerie-maroc\/#website"},"primaryImageOfPage":{"@id":"https:\/\/www.animalsouk.ma\/animalerie-maroc\/produit\/purina-pro-plan-large-robust-puppy-chicken-3kg\/#primaryimage"},"image":{"@id":"https:\/\/www.animalsouk.ma\/animalerie-maroc\/produit\/purina-pro-plan-large-robust-puppy-chicken-3kg\/#primaryimage"},"thumbnailUrl":"https:\/\/www.animalsouk.ma\/animalerie-maroc\/wp-content\/uploads\/2025\/08\/a0c848cfe3574683f4ac968d02c26055.webp","datePublished":"2025-08-28T23:40:40+00:00","dateModified":"2025-09-08T21:44:54+00:00","description":"Achetez votre Purina Pro Plan Large Robust puppy Chicken 3Kg au meilleur prix au Maroc. Livraison rapide | Animalsouk.ma","breadcrumb":{"@id":"https:\/\/www.animalsouk.ma\/animalerie-maroc\/produit\/purina-pro-plan-large-robust-puppy-chicken-3kg\/#breadcrumb"},"inLanguage":"fr-FR","potentialAction":[{"@type":"ReadAction","target":["https:\/\/www.animalsouk.ma\/animalerie-maroc\/produit\/purina-pro-plan-large-robust-puppy-chicken-3kg\/"]}]},{"@type":"ImageObject","inLanguage":"fr-FR","@id":"https:\/\/www.animalsouk.ma\/animalerie-maroc\/produit\/purina-pro-plan-large-robust-puppy-chicken-3kg\/#primaryimage","url":"https:\/\/www.animalsouk.ma\/animalerie-maroc\/wp-content\/uploads\/2025\/08\/a0c848cfe3574683f4ac968d02c26055.webp","contentUrl":"https:\/\/www.animalsouk.ma\/animalerie-maroc\/wp-content\/uploads\/2025\/08\/a0c848cfe3574683f4ac968d02c26055.webp","width":700,"height":579,"caption":"Purina Pro Plan Large Robust puppy Chicken 3Kg"},{"@type":"BreadcrumbList","@id":"https:\/\/www.animalsouk.ma\/animalerie-maroc\/produit\/purina-pro-plan-large-robust-puppy-chicken-3kg\/#breadcrumb","itemListElement":[{"@type":"ListItem","position":1,"name":"Home","item":"https:\/\/www.animalsouk.ma\/animalerie-maroc\/"},{"@type":"ListItem","position":2,"name":"Boutique","item":"https:\/\/www.animalsouk.ma\/animalerie-maroc\/boutique\/"},{"@type":"ListItem","position":3,"name":"Purina Pro Plan Large Robust puppy Chicken 3Kg"}]},{"@type":"WebSite","@id":"https:\/\/www.animalsouk.ma\/animalerie-maroc\/#website","url":"https:\/\/www.animalsouk.ma\/animalerie-maroc\/","name":"Animalerie de casablanca","description":"","publisher":{"@id":"https:\/\/www.animalsouk.ma\/animalerie-maroc\/#organization"},"potentialAction":[{"@type":"SearchAction","target":{"@type":"EntryPoint","urlTemplate":"https:\/\/www.animalsouk.ma\/animalerie-maroc\/?s={search_term_string}"},"query-input":{"@type":"PropertyValueSpecification","valueRequired":true,"valueName":"search_term_string"}}],"inLanguage":"fr-FR"},{"@type":"Organization","@id":"https:\/\/www.animalsouk.ma\/animalerie-maroc\/#organization","name":"Animalerie de casablanca","url":"https:\/\/www.animalsouk.ma\/animalerie-maroc\/","logo":{"@type":"ImageObject","inLanguage":"fr-FR","@id":"https:\/\/www.animalsouk.ma\/animalerie-maroc\/#\/schema\/logo\/image\/","url":"https:\/\/www.animalsouk.ma\/animalerie-maroc\/wp-content\/uploads\/2025\/10\/animalsouk.ma-logo.png","contentUrl":"https:\/\/www.animalsouk.ma\/animalerie-maroc\/wp-content\/uploads\/2025\/10\/animalsouk.ma-logo.png","width":760,"height":231,"caption":"Animalerie de casablanca"},"image":{"@id":"https:\/\/www.animalsouk.ma\/animalerie-maroc\/#\/schema\/logo\/image\/"},"sameAs":["https:\/\/www.facebook.com\/animalsouk.ma","https:\/\/www.instagram.com\/animalsouk.ma"]}]}},"_links":{"self":[{"href":"https:\/\/www.animalsouk.ma\/animalerie-maroc\/wp-json\/wp\/v2\/product\/327","targetHints":{"allow":["GET"]}}],"collection":[{"href":"https:\/\/www.animalsouk.ma\/animalerie-maroc\/wp-json\/wp\/v2\/product"}],"about":[{"href":"https:\/\/www.animalsouk.ma\/animalerie-maroc\/wp-json\/wp\/v2\/types\/product"}],"wp:featuredmedia":[{"embeddable":true,"href":"https:\/\/www.animalsouk.ma\/animalerie-maroc\/wp-json\/wp\/v2\/media\/326"}],"wp:attachment":[{"href":"https:\/\/www.animalsouk.ma\/animalerie-maroc\/wp-json\/wp\/v2\/media?parent=327"}],"wp:term":[{"taxonomy":"product_brand","embeddable":true,"href":"https:\/\/www.animalsouk.ma\/animalerie-maroc\/wp-json\/wp\/v2\/product_brand?post=327"},{"taxonomy":"product_cat","embeddable":true,"href":"https:\/\/www.animalsouk.ma\/animalerie-maroc\/wp-json\/wp\/v2\/product_cat?post=327"},{"taxonomy":"product_tag","embeddable":true,"href":"https:\/\/www.animalsouk.ma\/animalerie-maroc\/wp-json\/wp\/v2\/product_tag?post=327"}],"curies":[{"name":"wp","href":"https:\/\/api.w.org\/{rel}","templated":true}]}}