{"id":303,"date":"2025-08-29T01:40:32","date_gmt":"2025-08-28T23:40:32","guid":{"rendered":"https:\/\/www.animalsouk.ma\/animalerie\/product\/royal-canin-maxi-puppy-15kg-2\/"},"modified":"2026-04-01T14:30:10","modified_gmt":"2026-04-01T12:30:10","slug":"royal-canin-maxi-puppy-15kg-2","status":"publish","type":"product","link":"https:\/\/www.animalsouk.ma\/animalerie-maroc\/produit\/royal-canin-maxi-puppy-15kg-2\/","title":{"rendered":"Royal Canin Maxi Puppy 15kg"},"content":{"rendered":"<p>ROYAL CANIN Maxi Puppy est sp\u00e9cialement con\u00e7u pour r\u00e9pondre aux besoins nutritionnels de votre grand chiot. Cet aliment convient aux grands chiots \u00e2g\u00e9s de 2 \u00e0 15 mois dont le poids \u00e0 l\u2019\u00e2ge adulte se situera entre 26 et 44 kg.<br \/>\nLa formule ROYAL CANIN Maxi Puppy contient un complexe brevet\u00e9 d\u2019antioxydants \u2013 dont la tr\u00e8s b\u00e9n\u00e9fique vitamine E \u2013 pour renforcer les d\u00e9fenses naturelles de votre chiot \u00e0 mesure que son syst\u00e8me immunitaire encore immature se d\u00e9veloppe.<br \/>\nLe m\u00e9lange de nutriments aux prot\u00e9ines de haute qualit\u00e9 (comme la L.I.P., connue pour sa tr\u00e8s haute digestibilit\u00e9) et de pr\u00e9biotiques comme les FOS permettent de renforcer la sant\u00e9 digestive de votre chiot.<br \/>\nDans la mesure o\u00f9 la p\u00e9riode de croissance des chiots de grande taille est assez longue, leur alimentation ne doit n\u00e9gliger aucun param\u00e8tre de cette \u00e9tape. Heureusement, ROYAL CANIN\u00ae Maxi Puppy contient un taux d\u2019\u00e9nergie mod\u00e9r\u00e9 pour r\u00e9pondre aux besoins \u00e9nerg\u00e9tiques de votre chiot.<br \/>\n<b>COMPOSITION : <\/b>prot\u00e9ine de volaille d\u00e9shydrat\u00e9e, farine de ma\u00efs, riz, prot\u00e9ines de porc d\u00e9shydrat\u00e9es*, graisses animales, ma\u00efs, gluten de bl\u00e9*, farine de bl\u00e9, prot\u00e9ines animales hydrolys\u00e9es, sels min\u00e9raux, pulpe de betterave, gluten de ma\u00efs, fibres v\u00e9g\u00e9tales, huile de soja, huile de poisson, fructo-oligosaccharides, t\u00e9guments et graines de psyllium, levures hydrolys\u00e9es (source de mannan-oligosaccharides et de b\u00eata-glucanes) (0,30 %), huile d\u2019algues Schizochytrium sp. (source de DHA), jus de Yucca schidigera, farine de tag\u00e8te, glucosamine issue de la fermentation, cartilage hydrolys\u00e9 (source de chondro\u00eftine).<\/p>\n<p><b>ADDITIFS (au kg) :<\/b> <em>Additifs nutritionnels : <\/em>Vitamine A : 15500 UI, Vitamine D3 : 1000 UI, Fer (3b103) : 42 mg, Iode (3b201, 3b202) : 4,2 mg, Cuivre (3b405, 3b406) : 13 mg, Mangan\u00e8se (3b502, 3b504) : 54 mg, Zinc (3b603, 3b605, 3b606) : 136 mg, S\u00e9l\u00e9nium (3b801, 3b811, 3b812) : 0,07 mg &#8211; <em>Additifs technologiques : <\/em>Clinoptilolite d\u2019origine s\u00e9dimentaire : 10 g &#8211; Conservateurs &#8211; Antioxyg\u00e8nes.<\/p>\n<p><b>CONSTITUANTS ANALYTIQUES : <\/b>Prot\u00e9ine : 30,0 % &#8211; Teneur en mati\u00e8res grasses : 16,0 % &#8211; Cendres brutes : 8,2 % &#8211; Cellulose brute : 2,5 % &#8211; Acide gras om\u00e9ga-3 (DHA) : 0,16 % &#8211; Vitamine E : 480 mg\/kg &#8211; Vitamine C : 390 mg\/kg. \u00c9nergie m\u00e9tabolisable : 3791 kcal\/kg.<\/p>\n","protected":false},"excerpt":{"rendered":"<p>ROYAL CANIN Maxi Puppy est sp\u00e9cialement con\u00e7u pour r\u00e9pondre aux besoins nutritionnels de votre grand chiot. Cet aliment convient aux grands chiots \u00e2g\u00e9s de 2 \u00e0 15 mois dont le poids \u00e0 l\u2019\u00e2ge adulte se situera entre 26 et 44 kg. La formule ROYAL CANIN Maxi Puppy contient un complexe brevet\u00e9 d\u2019antioxydants \u2013 dont la [&#8230;]\n","protected":false},"featured_media":295,"template":"","meta":[],"product_brand":[31],"product_cat":[20],"product_tag":[],"class_list":{"0":"post-303","1":"product","2":"type-product","3":"status-publish","4":"has-post-thumbnail","6":"product_brand-royal-canin","7":"product_cat-alimentation-pour-chiens","8":"product_shipping_class-produit-lourd","10":"first","11":"instock","12":"sale","13":"shipping-taxable","14":"purchasable","15":"product-type-simple"},"yoast_head":"<!-- This site is optimized with the Yoast SEO plugin v27.3 - https:\/\/yoast.com\/product\/yoast-seo-wordpress\/ -->\n<title>Royal Canin Maxi Puppy 15kg - Animalerie Maroc<\/title>\n<meta name=\"description\" content=\"Achetez votre Royal Canin Maxi Puppy 15kg au meilleur prix au Maroc. Livraison rapide | Animalsouk.ma\" \/>\n<meta name=\"robots\" content=\"index, follow, max-snippet:-1, max-image-preview:large, max-video-preview:-1\" \/>\n<link rel=\"canonical\" href=\"https:\/\/www.animalsouk.ma\/animalerie-maroc\/produit\/royal-canin-maxi-puppy-15kg-2\/\" \/>\n<meta property=\"og:locale\" content=\"fr_FR\" \/>\n<meta property=\"og:type\" content=\"article\" \/>\n<meta property=\"og:title\" content=\"Royal Canin Maxi Puppy 15kg - Animalerie Maroc\" \/>\n<meta property=\"og:description\" content=\"Achetez votre Royal Canin Maxi Puppy 15kg au meilleur prix au Maroc. Livraison rapide | Animalsouk.ma\" \/>\n<meta property=\"og:url\" content=\"https:\/\/www.animalsouk.ma\/animalerie-maroc\/produit\/royal-canin-maxi-puppy-15kg-2\/\" \/>\n<meta property=\"og:site_name\" content=\"Animalerie Maroc\" \/>\n<meta property=\"article:publisher\" content=\"https:\/\/www.facebook.com\/animalsouk.ma\" \/>\n<meta property=\"article:modified_time\" content=\"2026-04-01T12:30:10+00:00\" \/>\n<meta property=\"og:image\" content=\"https:\/\/www.animalsouk.ma\/animalerie-maroc\/wp-content\/uploads\/2025\/08\/2d69e85609ad792426e6d93224306525.jpg\" \/>\n\t<meta property=\"og:image:width\" content=\"700\" \/>\n\t<meta property=\"og:image:height\" content=\"579\" \/>\n\t<meta property=\"og:image:type\" content=\"image\/jpeg\" \/>\n<meta name=\"twitter:card\" content=\"summary_large_image\" \/>\n<meta name=\"twitter:label1\" content=\"Dur\u00e9e de lecture estim\u00e9e\" \/>\n\t<meta name=\"twitter:data1\" content=\"2 minutes\" \/>\n<script type=\"application\/ld+json\" class=\"yoast-schema-graph\">{\"@context\":\"https:\\\/\\\/schema.org\",\"@graph\":[{\"@type\":\"WebPage\",\"@id\":\"https:\\\/\\\/www.animalsouk.ma\\\/animalerie-maroc\\\/produit\\\/royal-canin-maxi-puppy-15kg-2\\\/\",\"url\":\"https:\\\/\\\/www.animalsouk.ma\\\/animalerie-maroc\\\/produit\\\/royal-canin-maxi-puppy-15kg-2\\\/\",\"name\":\"Royal Canin Maxi Puppy 15kg - Animalerie Maroc\",\"isPartOf\":{\"@id\":\"https:\\\/\\\/www.animalsouk.ma\\\/animalerie-maroc\\\/#website\"},\"primaryImageOfPage\":{\"@id\":\"https:\\\/\\\/www.animalsouk.ma\\\/animalerie-maroc\\\/produit\\\/royal-canin-maxi-puppy-15kg-2\\\/#primaryimage\"},\"image\":{\"@id\":\"https:\\\/\\\/www.animalsouk.ma\\\/animalerie-maroc\\\/produit\\\/royal-canin-maxi-puppy-15kg-2\\\/#primaryimage\"},\"thumbnailUrl\":\"https:\\\/\\\/www.animalsouk.ma\\\/animalerie-maroc\\\/wp-content\\\/uploads\\\/2025\\\/08\\\/2d69e85609ad792426e6d93224306525.jpg\",\"datePublished\":\"2025-08-28T23:40:32+00:00\",\"dateModified\":\"2026-04-01T12:30:10+00:00\",\"description\":\"Achetez votre Royal Canin Maxi Puppy 15kg au meilleur prix au Maroc. Livraison rapide | Animalsouk.ma\",\"breadcrumb\":{\"@id\":\"https:\\\/\\\/www.animalsouk.ma\\\/animalerie-maroc\\\/produit\\\/royal-canin-maxi-puppy-15kg-2\\\/#breadcrumb\"},\"inLanguage\":\"fr-FR\",\"potentialAction\":[{\"@type\":\"ReadAction\",\"target\":[\"https:\\\/\\\/www.animalsouk.ma\\\/animalerie-maroc\\\/produit\\\/royal-canin-maxi-puppy-15kg-2\\\/\"]}]},{\"@type\":\"ImageObject\",\"inLanguage\":\"fr-FR\",\"@id\":\"https:\\\/\\\/www.animalsouk.ma\\\/animalerie-maroc\\\/produit\\\/royal-canin-maxi-puppy-15kg-2\\\/#primaryimage\",\"url\":\"https:\\\/\\\/www.animalsouk.ma\\\/animalerie-maroc\\\/wp-content\\\/uploads\\\/2025\\\/08\\\/2d69e85609ad792426e6d93224306525.jpg\",\"contentUrl\":\"https:\\\/\\\/www.animalsouk.ma\\\/animalerie-maroc\\\/wp-content\\\/uploads\\\/2025\\\/08\\\/2d69e85609ad792426e6d93224306525.jpg\",\"width\":700,\"height\":579,\"caption\":\"Royal Canin Maxi Puppy 15kg\"},{\"@type\":\"BreadcrumbList\",\"@id\":\"https:\\\/\\\/www.animalsouk.ma\\\/animalerie-maroc\\\/produit\\\/royal-canin-maxi-puppy-15kg-2\\\/#breadcrumb\",\"itemListElement\":[{\"@type\":\"ListItem\",\"position\":1,\"name\":\"Home\",\"item\":\"https:\\\/\\\/www.animalsouk.ma\\\/animalerie-maroc\\\/\"},{\"@type\":\"ListItem\",\"position\":2,\"name\":\"Boutique\",\"item\":\"https:\\\/\\\/www.animalsouk.ma\\\/animalerie-maroc\\\/boutique\\\/\"},{\"@type\":\"ListItem\",\"position\":3,\"name\":\"Royal Canin Maxi Puppy 15kg\"}]},{\"@type\":\"WebSite\",\"@id\":\"https:\\\/\\\/www.animalsouk.ma\\\/animalerie-maroc\\\/#website\",\"url\":\"https:\\\/\\\/www.animalsouk.ma\\\/animalerie-maroc\\\/\",\"name\":\"Animalerie de casablanca\",\"description\":\"\",\"publisher\":{\"@id\":\"https:\\\/\\\/www.animalsouk.ma\\\/animalerie-maroc\\\/#organization\"},\"potentialAction\":[{\"@type\":\"SearchAction\",\"target\":{\"@type\":\"EntryPoint\",\"urlTemplate\":\"https:\\\/\\\/www.animalsouk.ma\\\/animalerie-maroc\\\/?s={search_term_string}\"},\"query-input\":{\"@type\":\"PropertyValueSpecification\",\"valueRequired\":true,\"valueName\":\"search_term_string\"}}],\"inLanguage\":\"fr-FR\"},{\"@type\":\"Organization\",\"@id\":\"https:\\\/\\\/www.animalsouk.ma\\\/animalerie-maroc\\\/#organization\",\"name\":\"Animalerie de casablanca\",\"url\":\"https:\\\/\\\/www.animalsouk.ma\\\/animalerie-maroc\\\/\",\"logo\":{\"@type\":\"ImageObject\",\"inLanguage\":\"fr-FR\",\"@id\":\"https:\\\/\\\/www.animalsouk.ma\\\/animalerie-maroc\\\/#\\\/schema\\\/logo\\\/image\\\/\",\"url\":\"https:\\\/\\\/www.animalsouk.ma\\\/animalerie-maroc\\\/wp-content\\\/uploads\\\/2025\\\/10\\\/animalsouk.ma-logo.png\",\"contentUrl\":\"https:\\\/\\\/www.animalsouk.ma\\\/animalerie-maroc\\\/wp-content\\\/uploads\\\/2025\\\/10\\\/animalsouk.ma-logo.png\",\"width\":760,\"height\":231,\"caption\":\"Animalerie de casablanca\"},\"image\":{\"@id\":\"https:\\\/\\\/www.animalsouk.ma\\\/animalerie-maroc\\\/#\\\/schema\\\/logo\\\/image\\\/\"},\"sameAs\":[\"https:\\\/\\\/www.facebook.com\\\/animalsouk.ma\",\"https:\\\/\\\/www.instagram.com\\\/animalsouk.ma\"]}]}<\/script>\n<!-- \/ Yoast SEO plugin. -->","yoast_head_json":{"title":"Royal Canin Maxi Puppy 15kg - Animalerie Maroc","description":"Achetez votre Royal Canin Maxi Puppy 15kg au meilleur prix au Maroc. Livraison rapide | Animalsouk.ma","robots":{"index":"index","follow":"follow","max-snippet":"max-snippet:-1","max-image-preview":"max-image-preview:large","max-video-preview":"max-video-preview:-1"},"canonical":"https:\/\/www.animalsouk.ma\/animalerie-maroc\/produit\/royal-canin-maxi-puppy-15kg-2\/","og_locale":"fr_FR","og_type":"article","og_title":"Royal Canin Maxi Puppy 15kg - Animalerie Maroc","og_description":"Achetez votre Royal Canin Maxi Puppy 15kg au meilleur prix au Maroc. Livraison rapide | Animalsouk.ma","og_url":"https:\/\/www.animalsouk.ma\/animalerie-maroc\/produit\/royal-canin-maxi-puppy-15kg-2\/","og_site_name":"Animalerie Maroc","article_publisher":"https:\/\/www.facebook.com\/animalsouk.ma","article_modified_time":"2026-04-01T12:30:10+00:00","og_image":[{"width":700,"height":579,"url":"https:\/\/www.animalsouk.ma\/animalerie-maroc\/wp-content\/uploads\/2025\/08\/2d69e85609ad792426e6d93224306525.jpg","type":"image\/jpeg"}],"twitter_card":"summary_large_image","twitter_misc":{"Dur\u00e9e de lecture estim\u00e9e":"2 minutes"},"schema":{"@context":"https:\/\/schema.org","@graph":[{"@type":"WebPage","@id":"https:\/\/www.animalsouk.ma\/animalerie-maroc\/produit\/royal-canin-maxi-puppy-15kg-2\/","url":"https:\/\/www.animalsouk.ma\/animalerie-maroc\/produit\/royal-canin-maxi-puppy-15kg-2\/","name":"Royal Canin Maxi Puppy 15kg - Animalerie Maroc","isPartOf":{"@id":"https:\/\/www.animalsouk.ma\/animalerie-maroc\/#website"},"primaryImageOfPage":{"@id":"https:\/\/www.animalsouk.ma\/animalerie-maroc\/produit\/royal-canin-maxi-puppy-15kg-2\/#primaryimage"},"image":{"@id":"https:\/\/www.animalsouk.ma\/animalerie-maroc\/produit\/royal-canin-maxi-puppy-15kg-2\/#primaryimage"},"thumbnailUrl":"https:\/\/www.animalsouk.ma\/animalerie-maroc\/wp-content\/uploads\/2025\/08\/2d69e85609ad792426e6d93224306525.jpg","datePublished":"2025-08-28T23:40:32+00:00","dateModified":"2026-04-01T12:30:10+00:00","description":"Achetez votre Royal Canin Maxi Puppy 15kg au meilleur prix au Maroc. Livraison rapide | Animalsouk.ma","breadcrumb":{"@id":"https:\/\/www.animalsouk.ma\/animalerie-maroc\/produit\/royal-canin-maxi-puppy-15kg-2\/#breadcrumb"},"inLanguage":"fr-FR","potentialAction":[{"@type":"ReadAction","target":["https:\/\/www.animalsouk.ma\/animalerie-maroc\/produit\/royal-canin-maxi-puppy-15kg-2\/"]}]},{"@type":"ImageObject","inLanguage":"fr-FR","@id":"https:\/\/www.animalsouk.ma\/animalerie-maroc\/produit\/royal-canin-maxi-puppy-15kg-2\/#primaryimage","url":"https:\/\/www.animalsouk.ma\/animalerie-maroc\/wp-content\/uploads\/2025\/08\/2d69e85609ad792426e6d93224306525.jpg","contentUrl":"https:\/\/www.animalsouk.ma\/animalerie-maroc\/wp-content\/uploads\/2025\/08\/2d69e85609ad792426e6d93224306525.jpg","width":700,"height":579,"caption":"Royal Canin Maxi Puppy 15kg"},{"@type":"BreadcrumbList","@id":"https:\/\/www.animalsouk.ma\/animalerie-maroc\/produit\/royal-canin-maxi-puppy-15kg-2\/#breadcrumb","itemListElement":[{"@type":"ListItem","position":1,"name":"Home","item":"https:\/\/www.animalsouk.ma\/animalerie-maroc\/"},{"@type":"ListItem","position":2,"name":"Boutique","item":"https:\/\/www.animalsouk.ma\/animalerie-maroc\/boutique\/"},{"@type":"ListItem","position":3,"name":"Royal Canin Maxi Puppy 15kg"}]},{"@type":"WebSite","@id":"https:\/\/www.animalsouk.ma\/animalerie-maroc\/#website","url":"https:\/\/www.animalsouk.ma\/animalerie-maroc\/","name":"Animalerie de casablanca","description":"","publisher":{"@id":"https:\/\/www.animalsouk.ma\/animalerie-maroc\/#organization"},"potentialAction":[{"@type":"SearchAction","target":{"@type":"EntryPoint","urlTemplate":"https:\/\/www.animalsouk.ma\/animalerie-maroc\/?s={search_term_string}"},"query-input":{"@type":"PropertyValueSpecification","valueRequired":true,"valueName":"search_term_string"}}],"inLanguage":"fr-FR"},{"@type":"Organization","@id":"https:\/\/www.animalsouk.ma\/animalerie-maroc\/#organization","name":"Animalerie de casablanca","url":"https:\/\/www.animalsouk.ma\/animalerie-maroc\/","logo":{"@type":"ImageObject","inLanguage":"fr-FR","@id":"https:\/\/www.animalsouk.ma\/animalerie-maroc\/#\/schema\/logo\/image\/","url":"https:\/\/www.animalsouk.ma\/animalerie-maroc\/wp-content\/uploads\/2025\/10\/animalsouk.ma-logo.png","contentUrl":"https:\/\/www.animalsouk.ma\/animalerie-maroc\/wp-content\/uploads\/2025\/10\/animalsouk.ma-logo.png","width":760,"height":231,"caption":"Animalerie de casablanca"},"image":{"@id":"https:\/\/www.animalsouk.ma\/animalerie-maroc\/#\/schema\/logo\/image\/"},"sameAs":["https:\/\/www.facebook.com\/animalsouk.ma","https:\/\/www.instagram.com\/animalsouk.ma"]}]}},"_links":{"self":[{"href":"https:\/\/www.animalsouk.ma\/animalerie-maroc\/wp-json\/wp\/v2\/product\/303","targetHints":{"allow":["GET"]}}],"collection":[{"href":"https:\/\/www.animalsouk.ma\/animalerie-maroc\/wp-json\/wp\/v2\/product"}],"about":[{"href":"https:\/\/www.animalsouk.ma\/animalerie-maroc\/wp-json\/wp\/v2\/types\/product"}],"wp:featuredmedia":[{"embeddable":true,"href":"https:\/\/www.animalsouk.ma\/animalerie-maroc\/wp-json\/wp\/v2\/media\/295"}],"wp:attachment":[{"href":"https:\/\/www.animalsouk.ma\/animalerie-maroc\/wp-json\/wp\/v2\/media?parent=303"}],"wp:term":[{"taxonomy":"product_brand","embeddable":true,"href":"https:\/\/www.animalsouk.ma\/animalerie-maroc\/wp-json\/wp\/v2\/product_brand?post=303"},{"taxonomy":"product_cat","embeddable":true,"href":"https:\/\/www.animalsouk.ma\/animalerie-maroc\/wp-json\/wp\/v2\/product_cat?post=303"},{"taxonomy":"product_tag","embeddable":true,"href":"https:\/\/www.animalsouk.ma\/animalerie-maroc\/wp-json\/wp\/v2\/product_tag?post=303"}],"curies":[{"name":"wp","href":"https:\/\/api.w.org\/{rel}","templated":true}]}}