{"id":2127,"date":"2026-05-14T14:23:05","date_gmt":"2026-05-14T12:23:05","guid":{"rendered":"https:\/\/www.animalsouk.ma\/animalerie-maroc\/?post_type=product&#038;p=2127"},"modified":"2026-05-14T14:23:05","modified_gmt":"2026-05-14T12:23:05","slug":"purina-pro-plan-large-athletic-puppy-chicken-3kg-12kg","status":"publish","type":"product","link":"https:\/\/www.animalsouk.ma\/animalerie-maroc\/produit\/purina-pro-plan-large-athletic-puppy-chicken-3kg-12kg\/","title":{"rendered":"Purina Pro Plan Large Athletic puppy Chicken 3kg | 12kg"},"content":{"rendered":"<div class=\"dsu-product--hero\">\n<div class=\"dsu-product--second-info-container\">\n<div class=\"dsu-product--second-info-container-wrapper\">\n<div id=\"product-detail\" class=\"dsu-product--detail-wrapper\">\n<div class=\"dsu-product--detail\">\n<div class=\"tab-content product--detail-tab-content\">\n<div id=\"tab-product-overview\" class=\"product--tab product--tab--product-overview tab-pane fade in active show\" role=\"tabpanel\">\n<div id=\"acc-content-product-overview\" class=\"product--tab-content collapse visible-desktop\">\n<div class=\"field field--name-field-product-overview field--type-entity-reference-revisions field--label-hidden field__item\">\n<div class=\"product-detail-item-parent--field-product-overview paragraph paragraph--type--product-detail-item paragraph--view-mode--default\">\n<div class=\"clearfix text-formatted field field--name-field-product-detail-body field--type-text-long field--label-hidden field__items\">\n<div class=\"field__item\">\n<p>Aliment complet pour chiots de grande taille de morphotype athl\u00e9tique.<br \/>\nEnrichi en Colostrum, pour aider \u00e0 renforcer les d\u00e9fenses naturelles du chiot pour mieux relever les d\u00e9fis du quotidien. Convient \u00e9galement aux chiennes en gestation ou en lactation.<\/p>\n<\/div>\n<\/div>\n<\/div>\n<\/div>\n<\/div>\n<\/div>\n<\/div>\n<\/div>\n<\/div>\n<\/div>\n<\/div>\n<\/div>\n<div class=\"product--tab--bv-wrapper\" data-bv-hotfix-bound=\"1\">\n<div id=\"tab-bv\" class=\"product--tab product--tab--bv tab-pane\">\n<div class=\"review-stats-btn\">\n<div class=\"row\">\n<div class=\"col-xs-12 col-sm-6 col-lg-6\">\n<div class=\"stats\">\n<ul>\n<li>Enrichi en colostrum pour aider \u00e0 renforcer la r\u00e9ponse immunitaire des chiots jusqu&rsquo;\u00e0 50 % de plus.<\/li>\n<li>Une combinaison adapt\u00e9e des teneurs en prot\u00e9ines et en Mati\u00e8res grasses : pour favoriser une croissance saine et une bonne sant\u00e9 \u00e0 long terme.<\/li>\n<li>Formul\u00e9 pour les chiots de grande taille de morphotype athl\u00e9tique pour favoriser la bonne sant\u00e9 des articulations et un mode de vie actif.<\/li>\n<li>Energie adapt\u00e9e au m\u00e9tabolisme plus actif de votre chiot.<\/li>\n<li>Poulet de haute qualit\u00e9 en ingr\u00e9dient N\u00b01.<\/li>\n<\/ul>\n<p><strong>Composition<\/strong><\/p>\n<p>Poulet de haute qualit\u00e9 (19%) (dont dos et coffre)<br \/>\nBl\u00e9<br \/>\nProt\u00e9ines de volaille d\u00e9shydrat\u00e9es<br \/>\nRiz (9%)<br \/>\nFarine de soja<br \/>\nGraisses animales<br \/>\nHydrolysat<br \/>\nFarine de prot\u00e9ines de ma\u00efs<br \/>\nGluten de bl\u00e9<br \/>\nMa\u00efs<br \/>\nPulpe de betterave d\u00e9shydrat\u00e9e<br \/>\nSubstances min\u00e9rales<br \/>\n\u0152ufs d\u00e9shydrat\u00e9s<br \/>\nHuile de poisson<br \/>\nColostrum d\u00e9shydrat\u00e9 (0,1%)<\/p>\n<\/div>\n<\/div>\n<\/div>\n<\/div>\n<\/div>\n<\/div>\n","protected":false},"excerpt":{"rendered":"<p>Aliment complet pour chiots de grande taille de morphotype athl\u00e9tique. Enrichi en Colostrum, pour aider \u00e0 renforcer les d\u00e9fenses naturelles du chiot pour mieux relever les d\u00e9fis du quotidien. Convient \u00e9galement aux chiennes en gestation ou en lactation. Enrichi en colostrum pour aider \u00e0 renforcer la r\u00e9ponse immunitaire des chiots jusqu&rsquo;\u00e0 50 % de plus. [&#8230;]\n","protected":false},"featured_media":2128,"template":"","meta":[],"product_brand":[22],"product_cat":[20],"product_tag":[],"class_list":{"0":"post-2127","1":"product","2":"type-product","3":"status-publish","4":"has-post-thumbnail","6":"product_brand-purina-pro-plan","7":"product_cat-alimentation-pour-chiens","9":"first","10":"instock","11":"shipping-taxable","12":"purchasable","13":"product-type-variable"},"yoast_head":"<!-- This site is optimized with the Yoast SEO plugin v27.3 - https:\/\/yoast.com\/product\/yoast-seo-wordpress\/ -->\n<title>Purina Pro Plan Large Athletic puppy Chicken 3kg | 12kg - Animalerie Maroc<\/title>\n<meta name=\"description\" content=\"Achetez votre Purina Pro Plan Large Athletic puppy Chicken 3kg | 12kg au meilleur prix au Maroc. Livraison rapide | Animalsouk.ma\" \/>\n<meta name=\"robots\" content=\"index, follow, max-snippet:-1, max-image-preview:large, max-video-preview:-1\" \/>\n<link rel=\"canonical\" href=\"https:\/\/www.animalsouk.ma\/animalerie-maroc\/produit\/purina-pro-plan-large-athletic-puppy-chicken-3kg-12kg\/\" \/>\n<meta property=\"og:locale\" content=\"fr_FR\" \/>\n<meta property=\"og:type\" content=\"article\" \/>\n<meta property=\"og:title\" content=\"Purina Pro Plan Large Athletic puppy Chicken 3kg | 12kg - Animalerie Maroc\" \/>\n<meta property=\"og:description\" content=\"Achetez votre Purina Pro Plan Large Athletic puppy Chicken 3kg | 12kg au meilleur prix au Maroc. Livraison rapide | Animalsouk.ma\" \/>\n<meta property=\"og:url\" content=\"https:\/\/www.animalsouk.ma\/animalerie-maroc\/produit\/purina-pro-plan-large-athletic-puppy-chicken-3kg-12kg\/\" \/>\n<meta property=\"og:site_name\" content=\"Animalerie Maroc\" \/>\n<meta property=\"article:publisher\" content=\"https:\/\/www.facebook.com\/animalsouk.ma\" \/>\n<meta property=\"og:image\" content=\"https:\/\/www.animalsouk.ma\/animalerie-maroc\/wp-content\/uploads\/2026\/05\/larhdd.png\" \/>\n\t<meta property=\"og:image:width\" content=\"928\" \/>\n\t<meta property=\"og:image:height\" content=\"770\" \/>\n\t<meta property=\"og:image:type\" content=\"image\/png\" \/>\n<meta name=\"twitter:card\" content=\"summary_large_image\" \/>\n<meta name=\"twitter:label1\" content=\"Dur\u00e9e de lecture estim\u00e9e\" \/>\n\t<meta name=\"twitter:data1\" content=\"2 minutes\" \/>\n<script type=\"application\/ld+json\" class=\"yoast-schema-graph\">{\"@context\":\"https:\\\/\\\/schema.org\",\"@graph\":[{\"@type\":\"WebPage\",\"@id\":\"https:\\\/\\\/www.animalsouk.ma\\\/animalerie-maroc\\\/produit\\\/purina-pro-plan-large-athletic-puppy-chicken-3kg-12kg\\\/\",\"url\":\"https:\\\/\\\/www.animalsouk.ma\\\/animalerie-maroc\\\/produit\\\/purina-pro-plan-large-athletic-puppy-chicken-3kg-12kg\\\/\",\"name\":\"Purina Pro Plan Large Athletic puppy Chicken 3kg | 12kg - Animalerie Maroc\",\"isPartOf\":{\"@id\":\"https:\\\/\\\/www.animalsouk.ma\\\/animalerie-maroc\\\/#website\"},\"primaryImageOfPage\":{\"@id\":\"https:\\\/\\\/www.animalsouk.ma\\\/animalerie-maroc\\\/produit\\\/purina-pro-plan-large-athletic-puppy-chicken-3kg-12kg\\\/#primaryimage\"},\"image\":{\"@id\":\"https:\\\/\\\/www.animalsouk.ma\\\/animalerie-maroc\\\/produit\\\/purina-pro-plan-large-athletic-puppy-chicken-3kg-12kg\\\/#primaryimage\"},\"thumbnailUrl\":\"https:\\\/\\\/www.animalsouk.ma\\\/animalerie-maroc\\\/wp-content\\\/uploads\\\/2026\\\/05\\\/larhdd.png\",\"datePublished\":\"2026-05-14T12:23:05+00:00\",\"description\":\"Achetez votre Purina Pro Plan Large Athletic puppy Chicken 3kg | 12kg au meilleur prix au Maroc. Livraison rapide | Animalsouk.ma\",\"breadcrumb\":{\"@id\":\"https:\\\/\\\/www.animalsouk.ma\\\/animalerie-maroc\\\/produit\\\/purina-pro-plan-large-athletic-puppy-chicken-3kg-12kg\\\/#breadcrumb\"},\"inLanguage\":\"fr-FR\",\"potentialAction\":[{\"@type\":\"ReadAction\",\"target\":[\"https:\\\/\\\/www.animalsouk.ma\\\/animalerie-maroc\\\/produit\\\/purina-pro-plan-large-athletic-puppy-chicken-3kg-12kg\\\/\"]}]},{\"@type\":\"ImageObject\",\"inLanguage\":\"fr-FR\",\"@id\":\"https:\\\/\\\/www.animalsouk.ma\\\/animalerie-maroc\\\/produit\\\/purina-pro-plan-large-athletic-puppy-chicken-3kg-12kg\\\/#primaryimage\",\"url\":\"https:\\\/\\\/www.animalsouk.ma\\\/animalerie-maroc\\\/wp-content\\\/uploads\\\/2026\\\/05\\\/larhdd.png\",\"contentUrl\":\"https:\\\/\\\/www.animalsouk.ma\\\/animalerie-maroc\\\/wp-content\\\/uploads\\\/2026\\\/05\\\/larhdd.png\",\"width\":928,\"height\":770,\"caption\":\"Purina Pro Plan Large athletic puppy Chicken\"},{\"@type\":\"BreadcrumbList\",\"@id\":\"https:\\\/\\\/www.animalsouk.ma\\\/animalerie-maroc\\\/produit\\\/purina-pro-plan-large-athletic-puppy-chicken-3kg-12kg\\\/#breadcrumb\",\"itemListElement\":[{\"@type\":\"ListItem\",\"position\":1,\"name\":\"Home\",\"item\":\"https:\\\/\\\/www.animalsouk.ma\\\/animalerie-maroc\\\/\"},{\"@type\":\"ListItem\",\"position\":2,\"name\":\"Boutique\",\"item\":\"https:\\\/\\\/www.animalsouk.ma\\\/animalerie-maroc\\\/boutique\\\/\"},{\"@type\":\"ListItem\",\"position\":3,\"name\":\"Purina Pro Plan Large Athletic puppy Chicken 3kg | 12kg\"}]},{\"@type\":\"WebSite\",\"@id\":\"https:\\\/\\\/www.animalsouk.ma\\\/animalerie-maroc\\\/#website\",\"url\":\"https:\\\/\\\/www.animalsouk.ma\\\/animalerie-maroc\\\/\",\"name\":\"Animalerie de casablanca\",\"description\":\"\",\"publisher\":{\"@id\":\"https:\\\/\\\/www.animalsouk.ma\\\/animalerie-maroc\\\/#organization\"},\"potentialAction\":[{\"@type\":\"SearchAction\",\"target\":{\"@type\":\"EntryPoint\",\"urlTemplate\":\"https:\\\/\\\/www.animalsouk.ma\\\/animalerie-maroc\\\/?s={search_term_string}\"},\"query-input\":{\"@type\":\"PropertyValueSpecification\",\"valueRequired\":true,\"valueName\":\"search_term_string\"}}],\"inLanguage\":\"fr-FR\"},{\"@type\":\"Organization\",\"@id\":\"https:\\\/\\\/www.animalsouk.ma\\\/animalerie-maroc\\\/#organization\",\"name\":\"Animalerie de casablanca\",\"url\":\"https:\\\/\\\/www.animalsouk.ma\\\/animalerie-maroc\\\/\",\"logo\":{\"@type\":\"ImageObject\",\"inLanguage\":\"fr-FR\",\"@id\":\"https:\\\/\\\/www.animalsouk.ma\\\/animalerie-maroc\\\/#\\\/schema\\\/logo\\\/image\\\/\",\"url\":\"https:\\\/\\\/www.animalsouk.ma\\\/animalerie-maroc\\\/wp-content\\\/uploads\\\/2025\\\/10\\\/animalsouk.ma-logo.png\",\"contentUrl\":\"https:\\\/\\\/www.animalsouk.ma\\\/animalerie-maroc\\\/wp-content\\\/uploads\\\/2025\\\/10\\\/animalsouk.ma-logo.png\",\"width\":760,\"height\":231,\"caption\":\"Animalerie de casablanca\"},\"image\":{\"@id\":\"https:\\\/\\\/www.animalsouk.ma\\\/animalerie-maroc\\\/#\\\/schema\\\/logo\\\/image\\\/\"},\"sameAs\":[\"https:\\\/\\\/www.facebook.com\\\/animalsouk.ma\",\"https:\\\/\\\/www.instagram.com\\\/animalsouk.ma\"]}]}<\/script>\n<!-- \/ Yoast SEO plugin. -->","yoast_head_json":{"title":"Purina Pro Plan Large Athletic puppy Chicken 3kg | 12kg - Animalerie Maroc","description":"Achetez votre Purina Pro Plan Large Athletic puppy Chicken 3kg | 12kg au meilleur prix au Maroc. Livraison rapide | Animalsouk.ma","robots":{"index":"index","follow":"follow","max-snippet":"max-snippet:-1","max-image-preview":"max-image-preview:large","max-video-preview":"max-video-preview:-1"},"canonical":"https:\/\/www.animalsouk.ma\/animalerie-maroc\/produit\/purina-pro-plan-large-athletic-puppy-chicken-3kg-12kg\/","og_locale":"fr_FR","og_type":"article","og_title":"Purina Pro Plan Large Athletic puppy Chicken 3kg | 12kg - Animalerie Maroc","og_description":"Achetez votre Purina Pro Plan Large Athletic puppy Chicken 3kg | 12kg au meilleur prix au Maroc. Livraison rapide | Animalsouk.ma","og_url":"https:\/\/www.animalsouk.ma\/animalerie-maroc\/produit\/purina-pro-plan-large-athletic-puppy-chicken-3kg-12kg\/","og_site_name":"Animalerie Maroc","article_publisher":"https:\/\/www.facebook.com\/animalsouk.ma","og_image":[{"width":928,"height":770,"url":"https:\/\/www.animalsouk.ma\/animalerie-maroc\/wp-content\/uploads\/2026\/05\/larhdd.png","type":"image\/png"}],"twitter_card":"summary_large_image","twitter_misc":{"Dur\u00e9e de lecture estim\u00e9e":"2 minutes"},"schema":{"@context":"https:\/\/schema.org","@graph":[{"@type":"WebPage","@id":"https:\/\/www.animalsouk.ma\/animalerie-maroc\/produit\/purina-pro-plan-large-athletic-puppy-chicken-3kg-12kg\/","url":"https:\/\/www.animalsouk.ma\/animalerie-maroc\/produit\/purina-pro-plan-large-athletic-puppy-chicken-3kg-12kg\/","name":"Purina Pro Plan Large Athletic puppy Chicken 3kg | 12kg - Animalerie Maroc","isPartOf":{"@id":"https:\/\/www.animalsouk.ma\/animalerie-maroc\/#website"},"primaryImageOfPage":{"@id":"https:\/\/www.animalsouk.ma\/animalerie-maroc\/produit\/purina-pro-plan-large-athletic-puppy-chicken-3kg-12kg\/#primaryimage"},"image":{"@id":"https:\/\/www.animalsouk.ma\/animalerie-maroc\/produit\/purina-pro-plan-large-athletic-puppy-chicken-3kg-12kg\/#primaryimage"},"thumbnailUrl":"https:\/\/www.animalsouk.ma\/animalerie-maroc\/wp-content\/uploads\/2026\/05\/larhdd.png","datePublished":"2026-05-14T12:23:05+00:00","description":"Achetez votre Purina Pro Plan Large Athletic puppy Chicken 3kg | 12kg au meilleur prix au Maroc. Livraison rapide | Animalsouk.ma","breadcrumb":{"@id":"https:\/\/www.animalsouk.ma\/animalerie-maroc\/produit\/purina-pro-plan-large-athletic-puppy-chicken-3kg-12kg\/#breadcrumb"},"inLanguage":"fr-FR","potentialAction":[{"@type":"ReadAction","target":["https:\/\/www.animalsouk.ma\/animalerie-maroc\/produit\/purina-pro-plan-large-athletic-puppy-chicken-3kg-12kg\/"]}]},{"@type":"ImageObject","inLanguage":"fr-FR","@id":"https:\/\/www.animalsouk.ma\/animalerie-maroc\/produit\/purina-pro-plan-large-athletic-puppy-chicken-3kg-12kg\/#primaryimage","url":"https:\/\/www.animalsouk.ma\/animalerie-maroc\/wp-content\/uploads\/2026\/05\/larhdd.png","contentUrl":"https:\/\/www.animalsouk.ma\/animalerie-maroc\/wp-content\/uploads\/2026\/05\/larhdd.png","width":928,"height":770,"caption":"Purina Pro Plan Large athletic puppy Chicken"},{"@type":"BreadcrumbList","@id":"https:\/\/www.animalsouk.ma\/animalerie-maroc\/produit\/purina-pro-plan-large-athletic-puppy-chicken-3kg-12kg\/#breadcrumb","itemListElement":[{"@type":"ListItem","position":1,"name":"Home","item":"https:\/\/www.animalsouk.ma\/animalerie-maroc\/"},{"@type":"ListItem","position":2,"name":"Boutique","item":"https:\/\/www.animalsouk.ma\/animalerie-maroc\/boutique\/"},{"@type":"ListItem","position":3,"name":"Purina Pro Plan Large Athletic puppy Chicken 3kg | 12kg"}]},{"@type":"WebSite","@id":"https:\/\/www.animalsouk.ma\/animalerie-maroc\/#website","url":"https:\/\/www.animalsouk.ma\/animalerie-maroc\/","name":"Animalerie de casablanca","description":"","publisher":{"@id":"https:\/\/www.animalsouk.ma\/animalerie-maroc\/#organization"},"potentialAction":[{"@type":"SearchAction","target":{"@type":"EntryPoint","urlTemplate":"https:\/\/www.animalsouk.ma\/animalerie-maroc\/?s={search_term_string}"},"query-input":{"@type":"PropertyValueSpecification","valueRequired":true,"valueName":"search_term_string"}}],"inLanguage":"fr-FR"},{"@type":"Organization","@id":"https:\/\/www.animalsouk.ma\/animalerie-maroc\/#organization","name":"Animalerie de casablanca","url":"https:\/\/www.animalsouk.ma\/animalerie-maroc\/","logo":{"@type":"ImageObject","inLanguage":"fr-FR","@id":"https:\/\/www.animalsouk.ma\/animalerie-maroc\/#\/schema\/logo\/image\/","url":"https:\/\/www.animalsouk.ma\/animalerie-maroc\/wp-content\/uploads\/2025\/10\/animalsouk.ma-logo.png","contentUrl":"https:\/\/www.animalsouk.ma\/animalerie-maroc\/wp-content\/uploads\/2025\/10\/animalsouk.ma-logo.png","width":760,"height":231,"caption":"Animalerie de casablanca"},"image":{"@id":"https:\/\/www.animalsouk.ma\/animalerie-maroc\/#\/schema\/logo\/image\/"},"sameAs":["https:\/\/www.facebook.com\/animalsouk.ma","https:\/\/www.instagram.com\/animalsouk.ma"]}]}},"_links":{"self":[{"href":"https:\/\/www.animalsouk.ma\/animalerie-maroc\/wp-json\/wp\/v2\/product\/2127","targetHints":{"allow":["GET"]}}],"collection":[{"href":"https:\/\/www.animalsouk.ma\/animalerie-maroc\/wp-json\/wp\/v2\/product"}],"about":[{"href":"https:\/\/www.animalsouk.ma\/animalerie-maroc\/wp-json\/wp\/v2\/types\/product"}],"wp:featuredmedia":[{"embeddable":true,"href":"https:\/\/www.animalsouk.ma\/animalerie-maroc\/wp-json\/wp\/v2\/media\/2128"}],"wp:attachment":[{"href":"https:\/\/www.animalsouk.ma\/animalerie-maroc\/wp-json\/wp\/v2\/media?parent=2127"}],"wp:term":[{"taxonomy":"product_brand","embeddable":true,"href":"https:\/\/www.animalsouk.ma\/animalerie-maroc\/wp-json\/wp\/v2\/product_brand?post=2127"},{"taxonomy":"product_cat","embeddable":true,"href":"https:\/\/www.animalsouk.ma\/animalerie-maroc\/wp-json\/wp\/v2\/product_cat?post=2127"},{"taxonomy":"product_tag","embeddable":true,"href":"https:\/\/www.animalsouk.ma\/animalerie-maroc\/wp-json\/wp\/v2\/product_tag?post=2127"}],"curies":[{"name":"wp","href":"https:\/\/api.w.org\/{rel}","templated":true}]}}