{"id":2096,"date":"2026-05-09T19:43:27","date_gmt":"2026-05-09T17:43:27","guid":{"rendered":"https:\/\/www.animalsouk.ma\/animalerie-maroc\/?post_type=product&#038;p=2096"},"modified":"2026-05-09T19:43:27","modified_gmt":"2026-05-09T17:43:27","slug":"purina-pro-plan-large-athletic-adult-chicken-14kg","status":"publish","type":"product","link":"https:\/\/www.animalsouk.ma\/animalerie-maroc\/produit\/purina-pro-plan-large-athletic-adult-chicken-14kg\/","title":{"rendered":"Purina Pro Plan Large Athletic Adult Chicken 14Kg"},"content":{"rendered":"<div class=\"field__item\">\n<p>Croquette complet pour chiens adultes de grande taille de morphotype athl\u00e9tique.<br \/>\nFormul\u00e9 pour les chiens de grande taille de morphotype athletique pour favoriser la bonne sant\u00e9 des articulations et un mode de vie actif.<\/p>\n<ul>\n<li>Favorise le maintien de la bonne sant\u00e9 au quotidien.<\/li>\n<li>Absorption sup\u00e9rieure des nutriments pour satisfaire les besoins de votre chien.<\/li>\n<li>Aide \u00e0 garder le pelage de votre chien brillant des racines jusqu\u2019aux pointes.<\/li>\n<li>Formul\u00e9 pour les chiens de grande taille de morphotype athl\u00e9tique.<\/li>\n<li>Poulet de haute qualit\u00e9 en ingr\u00e9dient N\u00b01.<\/li>\n<\/ul>\n<h3>Composition<\/h3>\n<p>Poulet de haute qualit\u00e9 (19%) (dont dos et coffre), Bl\u00e9, Prot\u00e9ines de volaille d\u00e9shydrat\u00e9es, Ma\u00efs, Riz (8%), Graisses animales, Farine de soja, Pulpe de betterave d\u00e9shydrat\u00e9e, Hydrolysat, Farine de prot\u00e9ines de ma\u00efs, Gruau de ma\u00efs, Gluten de bl\u00e9, Prot\u00e9ines de saumon d\u00e9shydrat\u00e9es, Substances, min\u00e9rales, \u0152ufs d\u00e9shydrat\u00e9s, Huile de poisson.<\/p>\n<div class=\"dsu-product--hero\">\n<div class=\"dsu-product--second-info-container\">\n<div class=\"dsu-product--second-info-container-wrapper\">\n<div id=\"product-detail\" class=\"dsu-product--detail-wrapper\">\n<div class=\"dsu-product--detail\">\n<div class=\"tab-content product--detail-tab-content\">\n<div id=\"tab-product-nutrition\" class=\"product--tab product--tab--product-nutrition tab-pane fade active show\" role=\"tabpanel\">\n<div id=\"acc-content-product-nutrition\" class=\"product--tab-content collapse visible-desktop\">\n<div class=\"field field--name-field-product-nutrition field--type-entity-reference-revisions field--label-hidden field__items\">\n<div class=\"field__item\">\n<div class=\"product-detail-item-parent--field-product-nutrition paragraph paragraph--type--product-detail-item paragraph--view-mode--default\">\n<div class=\"clearfix text-formatted field field--name-field-product-detail-body field--type-text-long field--label-hidden field__items\">\n<div class=\"field__item\">\n<p><strong>Constituants analytiques<\/strong><\/p>\n<p>Prot\u00e9ine: 28,0%<br \/>\nTeneur en mati\u00e8res grasses: 18,0%<br \/>\nCendres brutes: 7,5%<br \/>\nCellulose brute: 2,0%<br \/>\nTaurine: 0,1%<\/p>\n<p><strong>Apports caloriques moyens dans l\u2019aliment<\/strong><\/p>\n<p>400 kcal \/ 100g calculated with CEN equation<\/p>\n<p><strong>Additifs: Additifs nutritionnels<\/strong><\/p>\n<p>UI\/kg:<br \/>\nVit A: 29 000;<br \/>\nVit D3: 950;<br \/>\nVit E: 550.<\/p>\n<p>mg\/kg:<br \/>\nVit C: 140;<br \/>\nSulfate de fer (II) monohydrat\u00e9: (Fe: 150);<br \/>\nIodate de calcium anhydre: (I: 2,4);<br \/>\nSulfate de cuivre (II) pentahydrat\u00e9: (Cu: 16);<br \/>\nSulfate manganeux monohydrat\u00e9: (Mn: 56);<br \/>\nSulfate de zinc monohydrat\u00e9: (Zn: 140);<br \/>\nS\u00e9l\u00e9nite de sodium: (Se: 0,16).<\/p>\n<\/div>\n<\/div>\n<\/div>\n<\/div>\n<\/div>\n<\/div>\n<\/div>\n<\/div>\n<\/div>\n<\/div>\n<\/div>\n<\/div>\n<\/div>\n<div class=\"product--tab--bv-wrapper\" data-bv-hotfix-bound=\"1\">\n<div id=\"tab-bv\" class=\"product--tab product--tab--bv tab-pane\">\n<div class=\"review-stats-btn\">\n<div class=\"row\">\n<div class=\"col-xs-12 col-sm-6 col-lg-6\">\n<div class=\"stats\"><\/div>\n<\/div>\n<\/div>\n<\/div>\n<\/div>\n<\/div>\n<\/div>\n<div class=\"field__item\"><\/div>\n","protected":false},"excerpt":{"rendered":"<p>Croquette complet pour chiens adultes de grande taille de morphotype athl\u00e9tique. Formul\u00e9 pour les chiens de grande taille de morphotype athletique pour favoriser la bonne sant\u00e9 des articulations et un mode de vie actif. Favorise le maintien de la bonne sant\u00e9 au quotidien. Absorption sup\u00e9rieure des nutriments pour satisfaire les besoins de votre chien. Aide [&#8230;]\n","protected":false},"featured_media":2092,"template":"","meta":[],"product_brand":[22],"product_cat":[20],"product_tag":[],"class_list":{"0":"post-2096","1":"product","2":"type-product","3":"status-publish","4":"has-post-thumbnail","6":"product_brand-purina-pro-plan","7":"product_cat-alimentation-pour-chiens","9":"first","10":"instock","11":"sale","12":"shipping-taxable","13":"purchasable","14":"product-type-simple"},"yoast_head":"<!-- This site is optimized with the Yoast SEO plugin v27.3 - https:\/\/yoast.com\/product\/yoast-seo-wordpress\/ -->\n<title>Purina Pro Plan Large Athletic Adult Chicken 14Kg - Animalerie Maroc<\/title>\n<meta name=\"description\" content=\"Achetez votre Purina Pro Plan Large Athletic Adult Chicken 14Kg au meilleur prix au Maroc. Livraison rapide | Animalsouk.ma\" \/>\n<meta name=\"robots\" content=\"index, follow, max-snippet:-1, max-image-preview:large, max-video-preview:-1\" \/>\n<link rel=\"canonical\" href=\"https:\/\/www.animalsouk.ma\/animalerie-maroc\/produit\/purina-pro-plan-large-athletic-adult-chicken-14kg\/\" \/>\n<meta property=\"og:locale\" content=\"fr_FR\" \/>\n<meta property=\"og:type\" content=\"article\" \/>\n<meta property=\"og:title\" content=\"Purina Pro Plan Large Athletic Adult Chicken 14Kg - Animalerie Maroc\" \/>\n<meta property=\"og:description\" content=\"Achetez votre Purina Pro Plan Large Athletic Adult Chicken 14Kg au meilleur prix au Maroc. Livraison rapide | Animalsouk.ma\" \/>\n<meta property=\"og:url\" content=\"https:\/\/www.animalsouk.ma\/animalerie-maroc\/produit\/purina-pro-plan-large-athletic-adult-chicken-14kg\/\" \/>\n<meta property=\"og:site_name\" content=\"Animalerie Maroc\" \/>\n<meta property=\"article:publisher\" content=\"https:\/\/www.facebook.com\/animalsouk.ma\" \/>\n<meta property=\"og:image\" content=\"https:\/\/www.animalsouk.ma\/animalerie-maroc\/wp-content\/uploads\/2026\/05\/kjjjk.png\" \/>\n\t<meta property=\"og:image:width\" content=\"928\" \/>\n\t<meta property=\"og:image:height\" content=\"770\" \/>\n\t<meta property=\"og:image:type\" content=\"image\/png\" \/>\n<meta name=\"twitter:card\" content=\"summary_large_image\" \/>\n<meta name=\"twitter:label1\" content=\"Dur\u00e9e de lecture estim\u00e9e\" \/>\n\t<meta name=\"twitter:data1\" content=\"2 minutes\" \/>\n<script type=\"application\/ld+json\" class=\"yoast-schema-graph\">{\"@context\":\"https:\\\/\\\/schema.org\",\"@graph\":[{\"@type\":\"WebPage\",\"@id\":\"https:\\\/\\\/www.animalsouk.ma\\\/animalerie-maroc\\\/produit\\\/purina-pro-plan-large-athletic-adult-chicken-14kg\\\/\",\"url\":\"https:\\\/\\\/www.animalsouk.ma\\\/animalerie-maroc\\\/produit\\\/purina-pro-plan-large-athletic-adult-chicken-14kg\\\/\",\"name\":\"Purina Pro Plan Large Athletic Adult Chicken 14Kg - Animalerie Maroc\",\"isPartOf\":{\"@id\":\"https:\\\/\\\/www.animalsouk.ma\\\/animalerie-maroc\\\/#website\"},\"primaryImageOfPage\":{\"@id\":\"https:\\\/\\\/www.animalsouk.ma\\\/animalerie-maroc\\\/produit\\\/purina-pro-plan-large-athletic-adult-chicken-14kg\\\/#primaryimage\"},\"image\":{\"@id\":\"https:\\\/\\\/www.animalsouk.ma\\\/animalerie-maroc\\\/produit\\\/purina-pro-plan-large-athletic-adult-chicken-14kg\\\/#primaryimage\"},\"thumbnailUrl\":\"https:\\\/\\\/www.animalsouk.ma\\\/animalerie-maroc\\\/wp-content\\\/uploads\\\/2026\\\/05\\\/kjjjk.png\",\"datePublished\":\"2026-05-09T17:43:27+00:00\",\"description\":\"Achetez votre Purina Pro Plan Large Athletic Adult Chicken 14Kg au meilleur prix au Maroc. Livraison rapide | Animalsouk.ma\",\"breadcrumb\":{\"@id\":\"https:\\\/\\\/www.animalsouk.ma\\\/animalerie-maroc\\\/produit\\\/purina-pro-plan-large-athletic-adult-chicken-14kg\\\/#breadcrumb\"},\"inLanguage\":\"fr-FR\",\"potentialAction\":[{\"@type\":\"ReadAction\",\"target\":[\"https:\\\/\\\/www.animalsouk.ma\\\/animalerie-maroc\\\/produit\\\/purina-pro-plan-large-athletic-adult-chicken-14kg\\\/\"]}]},{\"@type\":\"ImageObject\",\"inLanguage\":\"fr-FR\",\"@id\":\"https:\\\/\\\/www.animalsouk.ma\\\/animalerie-maroc\\\/produit\\\/purina-pro-plan-large-athletic-adult-chicken-14kg\\\/#primaryimage\",\"url\":\"https:\\\/\\\/www.animalsouk.ma\\\/animalerie-maroc\\\/wp-content\\\/uploads\\\/2026\\\/05\\\/kjjjk.png\",\"contentUrl\":\"https:\\\/\\\/www.animalsouk.ma\\\/animalerie-maroc\\\/wp-content\\\/uploads\\\/2026\\\/05\\\/kjjjk.png\",\"width\":928,\"height\":770},{\"@type\":\"BreadcrumbList\",\"@id\":\"https:\\\/\\\/www.animalsouk.ma\\\/animalerie-maroc\\\/produit\\\/purina-pro-plan-large-athletic-adult-chicken-14kg\\\/#breadcrumb\",\"itemListElement\":[{\"@type\":\"ListItem\",\"position\":1,\"name\":\"Home\",\"item\":\"https:\\\/\\\/www.animalsouk.ma\\\/animalerie-maroc\\\/\"},{\"@type\":\"ListItem\",\"position\":2,\"name\":\"Boutique\",\"item\":\"https:\\\/\\\/www.animalsouk.ma\\\/animalerie-maroc\\\/boutique\\\/\"},{\"@type\":\"ListItem\",\"position\":3,\"name\":\"Purina Pro Plan Large Athletic Adult Chicken 14Kg\"}]},{\"@type\":\"WebSite\",\"@id\":\"https:\\\/\\\/www.animalsouk.ma\\\/animalerie-maroc\\\/#website\",\"url\":\"https:\\\/\\\/www.animalsouk.ma\\\/animalerie-maroc\\\/\",\"name\":\"Animalerie de casablanca\",\"description\":\"\",\"publisher\":{\"@id\":\"https:\\\/\\\/www.animalsouk.ma\\\/animalerie-maroc\\\/#organization\"},\"potentialAction\":[{\"@type\":\"SearchAction\",\"target\":{\"@type\":\"EntryPoint\",\"urlTemplate\":\"https:\\\/\\\/www.animalsouk.ma\\\/animalerie-maroc\\\/?s={search_term_string}\"},\"query-input\":{\"@type\":\"PropertyValueSpecification\",\"valueRequired\":true,\"valueName\":\"search_term_string\"}}],\"inLanguage\":\"fr-FR\"},{\"@type\":\"Organization\",\"@id\":\"https:\\\/\\\/www.animalsouk.ma\\\/animalerie-maroc\\\/#organization\",\"name\":\"Animalerie de casablanca\",\"url\":\"https:\\\/\\\/www.animalsouk.ma\\\/animalerie-maroc\\\/\",\"logo\":{\"@type\":\"ImageObject\",\"inLanguage\":\"fr-FR\",\"@id\":\"https:\\\/\\\/www.animalsouk.ma\\\/animalerie-maroc\\\/#\\\/schema\\\/logo\\\/image\\\/\",\"url\":\"https:\\\/\\\/www.animalsouk.ma\\\/animalerie-maroc\\\/wp-content\\\/uploads\\\/2025\\\/10\\\/animalsouk.ma-logo.png\",\"contentUrl\":\"https:\\\/\\\/www.animalsouk.ma\\\/animalerie-maroc\\\/wp-content\\\/uploads\\\/2025\\\/10\\\/animalsouk.ma-logo.png\",\"width\":760,\"height\":231,\"caption\":\"Animalerie de casablanca\"},\"image\":{\"@id\":\"https:\\\/\\\/www.animalsouk.ma\\\/animalerie-maroc\\\/#\\\/schema\\\/logo\\\/image\\\/\"},\"sameAs\":[\"https:\\\/\\\/www.facebook.com\\\/animalsouk.ma\",\"https:\\\/\\\/www.instagram.com\\\/animalsouk.ma\"]}]}<\/script>\n<!-- \/ Yoast SEO plugin. -->","yoast_head_json":{"title":"Purina Pro Plan Large Athletic Adult Chicken 14Kg - Animalerie Maroc","description":"Achetez votre Purina Pro Plan Large Athletic Adult Chicken 14Kg au meilleur prix au Maroc. Livraison rapide | Animalsouk.ma","robots":{"index":"index","follow":"follow","max-snippet":"max-snippet:-1","max-image-preview":"max-image-preview:large","max-video-preview":"max-video-preview:-1"},"canonical":"https:\/\/www.animalsouk.ma\/animalerie-maroc\/produit\/purina-pro-plan-large-athletic-adult-chicken-14kg\/","og_locale":"fr_FR","og_type":"article","og_title":"Purina Pro Plan Large Athletic Adult Chicken 14Kg - Animalerie Maroc","og_description":"Achetez votre Purina Pro Plan Large Athletic Adult Chicken 14Kg au meilleur prix au Maroc. Livraison rapide | Animalsouk.ma","og_url":"https:\/\/www.animalsouk.ma\/animalerie-maroc\/produit\/purina-pro-plan-large-athletic-adult-chicken-14kg\/","og_site_name":"Animalerie Maroc","article_publisher":"https:\/\/www.facebook.com\/animalsouk.ma","og_image":[{"width":928,"height":770,"url":"https:\/\/www.animalsouk.ma\/animalerie-maroc\/wp-content\/uploads\/2026\/05\/kjjjk.png","type":"image\/png"}],"twitter_card":"summary_large_image","twitter_misc":{"Dur\u00e9e de lecture estim\u00e9e":"2 minutes"},"schema":{"@context":"https:\/\/schema.org","@graph":[{"@type":"WebPage","@id":"https:\/\/www.animalsouk.ma\/animalerie-maroc\/produit\/purina-pro-plan-large-athletic-adult-chicken-14kg\/","url":"https:\/\/www.animalsouk.ma\/animalerie-maroc\/produit\/purina-pro-plan-large-athletic-adult-chicken-14kg\/","name":"Purina Pro Plan Large Athletic Adult Chicken 14Kg - Animalerie Maroc","isPartOf":{"@id":"https:\/\/www.animalsouk.ma\/animalerie-maroc\/#website"},"primaryImageOfPage":{"@id":"https:\/\/www.animalsouk.ma\/animalerie-maroc\/produit\/purina-pro-plan-large-athletic-adult-chicken-14kg\/#primaryimage"},"image":{"@id":"https:\/\/www.animalsouk.ma\/animalerie-maroc\/produit\/purina-pro-plan-large-athletic-adult-chicken-14kg\/#primaryimage"},"thumbnailUrl":"https:\/\/www.animalsouk.ma\/animalerie-maroc\/wp-content\/uploads\/2026\/05\/kjjjk.png","datePublished":"2026-05-09T17:43:27+00:00","description":"Achetez votre Purina Pro Plan Large Athletic Adult Chicken 14Kg au meilleur prix au Maroc. Livraison rapide | Animalsouk.ma","breadcrumb":{"@id":"https:\/\/www.animalsouk.ma\/animalerie-maroc\/produit\/purina-pro-plan-large-athletic-adult-chicken-14kg\/#breadcrumb"},"inLanguage":"fr-FR","potentialAction":[{"@type":"ReadAction","target":["https:\/\/www.animalsouk.ma\/animalerie-maroc\/produit\/purina-pro-plan-large-athletic-adult-chicken-14kg\/"]}]},{"@type":"ImageObject","inLanguage":"fr-FR","@id":"https:\/\/www.animalsouk.ma\/animalerie-maroc\/produit\/purina-pro-plan-large-athletic-adult-chicken-14kg\/#primaryimage","url":"https:\/\/www.animalsouk.ma\/animalerie-maroc\/wp-content\/uploads\/2026\/05\/kjjjk.png","contentUrl":"https:\/\/www.animalsouk.ma\/animalerie-maroc\/wp-content\/uploads\/2026\/05\/kjjjk.png","width":928,"height":770},{"@type":"BreadcrumbList","@id":"https:\/\/www.animalsouk.ma\/animalerie-maroc\/produit\/purina-pro-plan-large-athletic-adult-chicken-14kg\/#breadcrumb","itemListElement":[{"@type":"ListItem","position":1,"name":"Home","item":"https:\/\/www.animalsouk.ma\/animalerie-maroc\/"},{"@type":"ListItem","position":2,"name":"Boutique","item":"https:\/\/www.animalsouk.ma\/animalerie-maroc\/boutique\/"},{"@type":"ListItem","position":3,"name":"Purina Pro Plan Large Athletic Adult Chicken 14Kg"}]},{"@type":"WebSite","@id":"https:\/\/www.animalsouk.ma\/animalerie-maroc\/#website","url":"https:\/\/www.animalsouk.ma\/animalerie-maroc\/","name":"Animalerie de casablanca","description":"","publisher":{"@id":"https:\/\/www.animalsouk.ma\/animalerie-maroc\/#organization"},"potentialAction":[{"@type":"SearchAction","target":{"@type":"EntryPoint","urlTemplate":"https:\/\/www.animalsouk.ma\/animalerie-maroc\/?s={search_term_string}"},"query-input":{"@type":"PropertyValueSpecification","valueRequired":true,"valueName":"search_term_string"}}],"inLanguage":"fr-FR"},{"@type":"Organization","@id":"https:\/\/www.animalsouk.ma\/animalerie-maroc\/#organization","name":"Animalerie de casablanca","url":"https:\/\/www.animalsouk.ma\/animalerie-maroc\/","logo":{"@type":"ImageObject","inLanguage":"fr-FR","@id":"https:\/\/www.animalsouk.ma\/animalerie-maroc\/#\/schema\/logo\/image\/","url":"https:\/\/www.animalsouk.ma\/animalerie-maroc\/wp-content\/uploads\/2025\/10\/animalsouk.ma-logo.png","contentUrl":"https:\/\/www.animalsouk.ma\/animalerie-maroc\/wp-content\/uploads\/2025\/10\/animalsouk.ma-logo.png","width":760,"height":231,"caption":"Animalerie de casablanca"},"image":{"@id":"https:\/\/www.animalsouk.ma\/animalerie-maroc\/#\/schema\/logo\/image\/"},"sameAs":["https:\/\/www.facebook.com\/animalsouk.ma","https:\/\/www.instagram.com\/animalsouk.ma"]}]}},"_links":{"self":[{"href":"https:\/\/www.animalsouk.ma\/animalerie-maroc\/wp-json\/wp\/v2\/product\/2096","targetHints":{"allow":["GET"]}}],"collection":[{"href":"https:\/\/www.animalsouk.ma\/animalerie-maroc\/wp-json\/wp\/v2\/product"}],"about":[{"href":"https:\/\/www.animalsouk.ma\/animalerie-maroc\/wp-json\/wp\/v2\/types\/product"}],"wp:featuredmedia":[{"embeddable":true,"href":"https:\/\/www.animalsouk.ma\/animalerie-maroc\/wp-json\/wp\/v2\/media\/2092"}],"wp:attachment":[{"href":"https:\/\/www.animalsouk.ma\/animalerie-maroc\/wp-json\/wp\/v2\/media?parent=2096"}],"wp:term":[{"taxonomy":"product_brand","embeddable":true,"href":"https:\/\/www.animalsouk.ma\/animalerie-maroc\/wp-json\/wp\/v2\/product_brand?post=2096"},{"taxonomy":"product_cat","embeddable":true,"href":"https:\/\/www.animalsouk.ma\/animalerie-maroc\/wp-json\/wp\/v2\/product_cat?post=2096"},{"taxonomy":"product_tag","embeddable":true,"href":"https:\/\/www.animalsouk.ma\/animalerie-maroc\/wp-json\/wp\/v2\/product_tag?post=2096"}],"curies":[{"name":"wp","href":"https:\/\/api.w.org\/{rel}","templated":true}]}}