{"id":1991,"date":"2026-04-20T14:54:18","date_gmt":"2026-04-20T12:54:18","guid":{"rendered":"https:\/\/www.animalsouk.ma\/animalerie-maroc\/?post_type=product&#038;p=1991"},"modified":"2026-04-20T14:54:18","modified_gmt":"2026-04-20T12:54:18","slug":"croquette-sterilise-reflex-plus-hypoallergenique-saumon","status":"publish","type":"product","link":"https:\/\/www.animalsouk.ma\/animalerie-maroc\/produit\/croquette-sterilise-reflex-plus-hypoallergenique-saumon\/","title":{"rendered":"Croquette st\u00e9rilis\u00e9 Reflex Plus Hypoallerg\u00e9nique au saumon 1,5kg | 15kg"},"content":{"rendered":"<section class=\"prd-bg\">\n<div class=\"container\">\n<div class=\"prd-wrapper\">\n<div class=\"prd-detail-grid\">\n<div>\n<div class=\"prod-body text-white\">\n<p class=\"prod-sub-desc\"><span dir=\"auto\">Croquette super premium complet et \u00e9quilibr\u00e9, formul\u00e9 avec du saumon, pour chats st\u00e9rilis\u00e9s \u00e2g\u00e9s de plus de 12 mois.<\/span><\/p>\n<table class=\"table table-striped\">\n<tbody>\n<tr>\n<td><strong><span dir=\"auto\">Pr\u00e9biotiques Xos\u00a0:\u00a0<\/span><\/strong><\/td>\n<td><span dir=\"auto\">Il s&rsquo;agit d&rsquo;un additif naturel qui a un effet positif sur le maintien de la sant\u00e9 du syst\u00e8me immunitaire et digestif.<\/span><\/td>\n<\/tr>\n<tr>\n<td><strong><span dir=\"auto\">Levure:<\/span><\/strong><\/td>\n<td><span dir=\"auto\">C&rsquo;est une source de prot\u00e9ines aux propri\u00e9t\u00e9s aromatiques, riche en vitamines du groupe B et qui facilite la digestion.<\/span><\/td>\n<\/tr>\n<tr>\n<td><strong><span dir=\"auto\">Yucca Schidigera :<\/span><\/strong><\/td>\n<td><span dir=\"auto\">C&rsquo;est une plante qui contient de la saponine, une substance capable de fixer l&rsquo;ammoniaque. Cela contribue \u00e0 r\u00e9duire les odeurs f\u00e9cales.<\/span><\/td>\n<\/tr>\n<tr>\n<td><strong><span dir=\"auto\">L-Carnitine :<\/span><\/strong><\/td>\n<td><span dir=\"auto\">C&rsquo;est un acide amin\u00e9 impliqu\u00e9 dans le m\u00e9tabolisme \u00e9nerg\u00e9tique.<\/span><\/td>\n<\/tr>\n<tr>\n<td><b><span dir=\"auto\">Graines de lin :<\/span><\/b><\/td>\n<td><span dir=\"auto\">C&rsquo;est une source naturelle d&rsquo;origine v\u00e9g\u00e9tale riche en acides gras om\u00e9ga-3.<\/span><\/td>\n<\/tr>\n<tr>\n<td><strong><span dir=\"auto\">Taurine :<\/span><\/strong><\/td>\n<td><span dir=\"auto\">Il s&rsquo;agit d&rsquo;un acide amin\u00e9 qui offre des bienfaits multisyst\u00e9miques aux chats.<\/span><\/td>\n<\/tr>\n<\/tbody>\n<\/table>\n<\/div>\n<\/div>\n<\/div>\n<\/div>\n<\/div>\n<\/section>\n","protected":false},"excerpt":{"rendered":"<p>Croquette super premium complet et \u00e9quilibr\u00e9, formul\u00e9 avec du saumon, pour chats st\u00e9rilis\u00e9s \u00e2g\u00e9s de plus de 12 mois. Pr\u00e9biotiques Xos\u00a0:\u00a0 Il s&rsquo;agit d&rsquo;un additif naturel qui a un effet positif sur le maintien de la sant\u00e9 du syst\u00e8me immunitaire et digestif. Levure: C&rsquo;est une source de prot\u00e9ines aux propri\u00e9t\u00e9s aromatiques, riche en vitamines du [&#8230;]\n","protected":false},"featured_media":1990,"template":"","meta":[],"product_brand":[25],"product_cat":[18],"product_tag":[],"class_list":{"0":"post-1991","1":"product","2":"type-product","3":"status-publish","4":"has-post-thumbnail","6":"product_brand-reflex","7":"product_cat-alimentation-pour-chats","9":"first","10":"instock","11":"sale","12":"shipping-taxable","13":"purchasable","14":"product-type-variable"},"yoast_head":"<!-- This site is optimized with the Yoast SEO plugin v27.3 - https:\/\/yoast.com\/product\/yoast-seo-wordpress\/ -->\n<title>Croquette st\u00e9rilis\u00e9 Reflex Plus Hypoallerg\u00e9nique au saumon 1,5kg | 15kg - Animalerie Maroc<\/title>\n<meta name=\"description\" content=\"Achetez votre Croquette st\u00e9rilis\u00e9 Reflex Plus Hypoallerg\u00e9nique au saumon 1,5kg | 15kg au meilleur prix au Maroc. Livraison rapide | Animalsouk.ma\" \/>\n<meta name=\"robots\" content=\"index, follow, max-snippet:-1, max-image-preview:large, max-video-preview:-1\" \/>\n<link rel=\"canonical\" href=\"https:\/\/www.animalsouk.ma\/animalerie-maroc\/produit\/croquette-sterilise-reflex-plus-hypoallergenique-saumon\/\" \/>\n<meta property=\"og:locale\" content=\"fr_FR\" \/>\n<meta property=\"og:type\" content=\"article\" \/>\n<meta property=\"og:title\" content=\"Croquette st\u00e9rilis\u00e9 Reflex Plus Hypoallerg\u00e9nique au saumon 1,5kg | 15kg - Animalerie Maroc\" \/>\n<meta property=\"og:description\" content=\"Achetez votre Croquette st\u00e9rilis\u00e9 Reflex Plus Hypoallerg\u00e9nique au saumon 1,5kg | 15kg au meilleur prix au Maroc. Livraison rapide | Animalsouk.ma\" \/>\n<meta property=\"og:url\" content=\"https:\/\/www.animalsouk.ma\/animalerie-maroc\/produit\/croquette-sterilise-reflex-plus-hypoallergenique-saumon\/\" \/>\n<meta property=\"og:site_name\" content=\"Animalerie Maroc\" \/>\n<meta property=\"article:publisher\" content=\"https:\/\/www.facebook.com\/animalsouk.ma\" \/>\n<meta property=\"og:image\" content=\"https:\/\/www.animalsouk.ma\/animalerie-maroc\/wp-content\/uploads\/2026\/04\/aaaw.png\" \/>\n\t<meta property=\"og:image:width\" content=\"928\" \/>\n\t<meta property=\"og:image:height\" content=\"770\" \/>\n\t<meta property=\"og:image:type\" content=\"image\/png\" \/>\n<meta name=\"twitter:card\" content=\"summary_large_image\" \/>\n<meta name=\"twitter:label1\" content=\"Dur\u00e9e de lecture estim\u00e9e\" \/>\n\t<meta name=\"twitter:data1\" content=\"1 minute\" \/>\n<script type=\"application\/ld+json\" class=\"yoast-schema-graph\">{\"@context\":\"https:\\\/\\\/schema.org\",\"@graph\":[{\"@type\":\"WebPage\",\"@id\":\"https:\\\/\\\/www.animalsouk.ma\\\/animalerie-maroc\\\/produit\\\/croquette-sterilise-reflex-plus-hypoallergenique-saumon\\\/\",\"url\":\"https:\\\/\\\/www.animalsouk.ma\\\/animalerie-maroc\\\/produit\\\/croquette-sterilise-reflex-plus-hypoallergenique-saumon\\\/\",\"name\":\"Croquette st\u00e9rilis\u00e9 Reflex Plus Hypoallerg\u00e9nique au saumon 1,5kg | 15kg - Animalerie Maroc\",\"isPartOf\":{\"@id\":\"https:\\\/\\\/www.animalsouk.ma\\\/animalerie-maroc\\\/#website\"},\"primaryImageOfPage\":{\"@id\":\"https:\\\/\\\/www.animalsouk.ma\\\/animalerie-maroc\\\/produit\\\/croquette-sterilise-reflex-plus-hypoallergenique-saumon\\\/#primaryimage\"},\"image\":{\"@id\":\"https:\\\/\\\/www.animalsouk.ma\\\/animalerie-maroc\\\/produit\\\/croquette-sterilise-reflex-plus-hypoallergenique-saumon\\\/#primaryimage\"},\"thumbnailUrl\":\"https:\\\/\\\/www.animalsouk.ma\\\/animalerie-maroc\\\/wp-content\\\/uploads\\\/2026\\\/04\\\/aaaw.png\",\"datePublished\":\"2026-04-20T12:54:18+00:00\",\"description\":\"Achetez votre Croquette st\u00e9rilis\u00e9 Reflex Plus Hypoallerg\u00e9nique au saumon 1,5kg | 15kg au meilleur prix au Maroc. Livraison rapide | Animalsouk.ma\",\"breadcrumb\":{\"@id\":\"https:\\\/\\\/www.animalsouk.ma\\\/animalerie-maroc\\\/produit\\\/croquette-sterilise-reflex-plus-hypoallergenique-saumon\\\/#breadcrumb\"},\"inLanguage\":\"fr-FR\",\"potentialAction\":[{\"@type\":\"ReadAction\",\"target\":[\"https:\\\/\\\/www.animalsouk.ma\\\/animalerie-maroc\\\/produit\\\/croquette-sterilise-reflex-plus-hypoallergenique-saumon\\\/\"]}]},{\"@type\":\"ImageObject\",\"inLanguage\":\"fr-FR\",\"@id\":\"https:\\\/\\\/www.animalsouk.ma\\\/animalerie-maroc\\\/produit\\\/croquette-sterilise-reflex-plus-hypoallergenique-saumon\\\/#primaryimage\",\"url\":\"https:\\\/\\\/www.animalsouk.ma\\\/animalerie-maroc\\\/wp-content\\\/uploads\\\/2026\\\/04\\\/aaaw.png\",\"contentUrl\":\"https:\\\/\\\/www.animalsouk.ma\\\/animalerie-maroc\\\/wp-content\\\/uploads\\\/2026\\\/04\\\/aaaw.png\",\"width\":928,\"height\":770},{\"@type\":\"BreadcrumbList\",\"@id\":\"https:\\\/\\\/www.animalsouk.ma\\\/animalerie-maroc\\\/produit\\\/croquette-sterilise-reflex-plus-hypoallergenique-saumon\\\/#breadcrumb\",\"itemListElement\":[{\"@type\":\"ListItem\",\"position\":1,\"name\":\"Home\",\"item\":\"https:\\\/\\\/www.animalsouk.ma\\\/animalerie-maroc\\\/\"},{\"@type\":\"ListItem\",\"position\":2,\"name\":\"Boutique\",\"item\":\"https:\\\/\\\/www.animalsouk.ma\\\/animalerie-maroc\\\/boutique\\\/\"},{\"@type\":\"ListItem\",\"position\":3,\"name\":\"Croquette st\u00e9rilis\u00e9 Reflex Plus Hypoallerg\u00e9nique au saumon 1,5kg | 15kg\"}]},{\"@type\":\"WebSite\",\"@id\":\"https:\\\/\\\/www.animalsouk.ma\\\/animalerie-maroc\\\/#website\",\"url\":\"https:\\\/\\\/www.animalsouk.ma\\\/animalerie-maroc\\\/\",\"name\":\"Animalerie de casablanca\",\"description\":\"\",\"publisher\":{\"@id\":\"https:\\\/\\\/www.animalsouk.ma\\\/animalerie-maroc\\\/#organization\"},\"potentialAction\":[{\"@type\":\"SearchAction\",\"target\":{\"@type\":\"EntryPoint\",\"urlTemplate\":\"https:\\\/\\\/www.animalsouk.ma\\\/animalerie-maroc\\\/?s={search_term_string}\"},\"query-input\":{\"@type\":\"PropertyValueSpecification\",\"valueRequired\":true,\"valueName\":\"search_term_string\"}}],\"inLanguage\":\"fr-FR\"},{\"@type\":\"Organization\",\"@id\":\"https:\\\/\\\/www.animalsouk.ma\\\/animalerie-maroc\\\/#organization\",\"name\":\"Animalerie de casablanca\",\"url\":\"https:\\\/\\\/www.animalsouk.ma\\\/animalerie-maroc\\\/\",\"logo\":{\"@type\":\"ImageObject\",\"inLanguage\":\"fr-FR\",\"@id\":\"https:\\\/\\\/www.animalsouk.ma\\\/animalerie-maroc\\\/#\\\/schema\\\/logo\\\/image\\\/\",\"url\":\"https:\\\/\\\/www.animalsouk.ma\\\/animalerie-maroc\\\/wp-content\\\/uploads\\\/2025\\\/10\\\/animalsouk.ma-logo.png\",\"contentUrl\":\"https:\\\/\\\/www.animalsouk.ma\\\/animalerie-maroc\\\/wp-content\\\/uploads\\\/2025\\\/10\\\/animalsouk.ma-logo.png\",\"width\":760,\"height\":231,\"caption\":\"Animalerie de casablanca\"},\"image\":{\"@id\":\"https:\\\/\\\/www.animalsouk.ma\\\/animalerie-maroc\\\/#\\\/schema\\\/logo\\\/image\\\/\"},\"sameAs\":[\"https:\\\/\\\/www.facebook.com\\\/animalsouk.ma\",\"https:\\\/\\\/www.instagram.com\\\/animalsouk.ma\"]}]}<\/script>\n<!-- \/ Yoast SEO plugin. -->","yoast_head_json":{"title":"Croquette st\u00e9rilis\u00e9 Reflex Plus Hypoallerg\u00e9nique au saumon 1,5kg | 15kg - Animalerie Maroc","description":"Achetez votre Croquette st\u00e9rilis\u00e9 Reflex Plus Hypoallerg\u00e9nique au saumon 1,5kg | 15kg au meilleur prix au Maroc. Livraison rapide | Animalsouk.ma","robots":{"index":"index","follow":"follow","max-snippet":"max-snippet:-1","max-image-preview":"max-image-preview:large","max-video-preview":"max-video-preview:-1"},"canonical":"https:\/\/www.animalsouk.ma\/animalerie-maroc\/produit\/croquette-sterilise-reflex-plus-hypoallergenique-saumon\/","og_locale":"fr_FR","og_type":"article","og_title":"Croquette st\u00e9rilis\u00e9 Reflex Plus Hypoallerg\u00e9nique au saumon 1,5kg | 15kg - Animalerie Maroc","og_description":"Achetez votre Croquette st\u00e9rilis\u00e9 Reflex Plus Hypoallerg\u00e9nique au saumon 1,5kg | 15kg au meilleur prix au Maroc. Livraison rapide | Animalsouk.ma","og_url":"https:\/\/www.animalsouk.ma\/animalerie-maroc\/produit\/croquette-sterilise-reflex-plus-hypoallergenique-saumon\/","og_site_name":"Animalerie Maroc","article_publisher":"https:\/\/www.facebook.com\/animalsouk.ma","og_image":[{"width":928,"height":770,"url":"https:\/\/www.animalsouk.ma\/animalerie-maroc\/wp-content\/uploads\/2026\/04\/aaaw.png","type":"image\/png"}],"twitter_card":"summary_large_image","twitter_misc":{"Dur\u00e9e de lecture estim\u00e9e":"1 minute"},"schema":{"@context":"https:\/\/schema.org","@graph":[{"@type":"WebPage","@id":"https:\/\/www.animalsouk.ma\/animalerie-maroc\/produit\/croquette-sterilise-reflex-plus-hypoallergenique-saumon\/","url":"https:\/\/www.animalsouk.ma\/animalerie-maroc\/produit\/croquette-sterilise-reflex-plus-hypoallergenique-saumon\/","name":"Croquette st\u00e9rilis\u00e9 Reflex Plus Hypoallerg\u00e9nique au saumon 1,5kg | 15kg - Animalerie Maroc","isPartOf":{"@id":"https:\/\/www.animalsouk.ma\/animalerie-maroc\/#website"},"primaryImageOfPage":{"@id":"https:\/\/www.animalsouk.ma\/animalerie-maroc\/produit\/croquette-sterilise-reflex-plus-hypoallergenique-saumon\/#primaryimage"},"image":{"@id":"https:\/\/www.animalsouk.ma\/animalerie-maroc\/produit\/croquette-sterilise-reflex-plus-hypoallergenique-saumon\/#primaryimage"},"thumbnailUrl":"https:\/\/www.animalsouk.ma\/animalerie-maroc\/wp-content\/uploads\/2026\/04\/aaaw.png","datePublished":"2026-04-20T12:54:18+00:00","description":"Achetez votre Croquette st\u00e9rilis\u00e9 Reflex Plus Hypoallerg\u00e9nique au saumon 1,5kg | 15kg au meilleur prix au Maroc. Livraison rapide | Animalsouk.ma","breadcrumb":{"@id":"https:\/\/www.animalsouk.ma\/animalerie-maroc\/produit\/croquette-sterilise-reflex-plus-hypoallergenique-saumon\/#breadcrumb"},"inLanguage":"fr-FR","potentialAction":[{"@type":"ReadAction","target":["https:\/\/www.animalsouk.ma\/animalerie-maroc\/produit\/croquette-sterilise-reflex-plus-hypoallergenique-saumon\/"]}]},{"@type":"ImageObject","inLanguage":"fr-FR","@id":"https:\/\/www.animalsouk.ma\/animalerie-maroc\/produit\/croquette-sterilise-reflex-plus-hypoallergenique-saumon\/#primaryimage","url":"https:\/\/www.animalsouk.ma\/animalerie-maroc\/wp-content\/uploads\/2026\/04\/aaaw.png","contentUrl":"https:\/\/www.animalsouk.ma\/animalerie-maroc\/wp-content\/uploads\/2026\/04\/aaaw.png","width":928,"height":770},{"@type":"BreadcrumbList","@id":"https:\/\/www.animalsouk.ma\/animalerie-maroc\/produit\/croquette-sterilise-reflex-plus-hypoallergenique-saumon\/#breadcrumb","itemListElement":[{"@type":"ListItem","position":1,"name":"Home","item":"https:\/\/www.animalsouk.ma\/animalerie-maroc\/"},{"@type":"ListItem","position":2,"name":"Boutique","item":"https:\/\/www.animalsouk.ma\/animalerie-maroc\/boutique\/"},{"@type":"ListItem","position":3,"name":"Croquette st\u00e9rilis\u00e9 Reflex Plus Hypoallerg\u00e9nique au saumon 1,5kg | 15kg"}]},{"@type":"WebSite","@id":"https:\/\/www.animalsouk.ma\/animalerie-maroc\/#website","url":"https:\/\/www.animalsouk.ma\/animalerie-maroc\/","name":"Animalerie de casablanca","description":"","publisher":{"@id":"https:\/\/www.animalsouk.ma\/animalerie-maroc\/#organization"},"potentialAction":[{"@type":"SearchAction","target":{"@type":"EntryPoint","urlTemplate":"https:\/\/www.animalsouk.ma\/animalerie-maroc\/?s={search_term_string}"},"query-input":{"@type":"PropertyValueSpecification","valueRequired":true,"valueName":"search_term_string"}}],"inLanguage":"fr-FR"},{"@type":"Organization","@id":"https:\/\/www.animalsouk.ma\/animalerie-maroc\/#organization","name":"Animalerie de casablanca","url":"https:\/\/www.animalsouk.ma\/animalerie-maroc\/","logo":{"@type":"ImageObject","inLanguage":"fr-FR","@id":"https:\/\/www.animalsouk.ma\/animalerie-maroc\/#\/schema\/logo\/image\/","url":"https:\/\/www.animalsouk.ma\/animalerie-maroc\/wp-content\/uploads\/2025\/10\/animalsouk.ma-logo.png","contentUrl":"https:\/\/www.animalsouk.ma\/animalerie-maroc\/wp-content\/uploads\/2025\/10\/animalsouk.ma-logo.png","width":760,"height":231,"caption":"Animalerie de casablanca"},"image":{"@id":"https:\/\/www.animalsouk.ma\/animalerie-maroc\/#\/schema\/logo\/image\/"},"sameAs":["https:\/\/www.facebook.com\/animalsouk.ma","https:\/\/www.instagram.com\/animalsouk.ma"]}]}},"_links":{"self":[{"href":"https:\/\/www.animalsouk.ma\/animalerie-maroc\/wp-json\/wp\/v2\/product\/1991","targetHints":{"allow":["GET"]}}],"collection":[{"href":"https:\/\/www.animalsouk.ma\/animalerie-maroc\/wp-json\/wp\/v2\/product"}],"about":[{"href":"https:\/\/www.animalsouk.ma\/animalerie-maroc\/wp-json\/wp\/v2\/types\/product"}],"wp:featuredmedia":[{"embeddable":true,"href":"https:\/\/www.animalsouk.ma\/animalerie-maroc\/wp-json\/wp\/v2\/media\/1990"}],"wp:attachment":[{"href":"https:\/\/www.animalsouk.ma\/animalerie-maroc\/wp-json\/wp\/v2\/media?parent=1991"}],"wp:term":[{"taxonomy":"product_brand","embeddable":true,"href":"https:\/\/www.animalsouk.ma\/animalerie-maroc\/wp-json\/wp\/v2\/product_brand?post=1991"},{"taxonomy":"product_cat","embeddable":true,"href":"https:\/\/www.animalsouk.ma\/animalerie-maroc\/wp-json\/wp\/v2\/product_cat?post=1991"},{"taxonomy":"product_tag","embeddable":true,"href":"https:\/\/www.animalsouk.ma\/animalerie-maroc\/wp-json\/wp\/v2\/product_tag?post=1991"}],"curies":[{"name":"wp","href":"https:\/\/api.w.org\/{rel}","templated":true}]}}