{"id":188,"date":"2025-08-29T01:40:05","date_gmt":"2025-08-28T23:40:05","guid":{"rendered":"https:\/\/www.animalsouk.ma\/animalerie\/product\/harnais-et-laisse-pour-oiseau\/"},"modified":"2025-11-07T12:23:26","modified_gmt":"2025-11-07T11:23:26","slug":"harnais-et-laisse-pour-oiseau","status":"publish","type":"product","link":"https:\/\/www.animalsouk.ma\/animalerie-maroc\/produit\/harnais-et-laisse-pour-oiseau\/","title":{"rendered":"harnais et laisse pour oiseau"},"content":{"rendered":"<p>Harnais r\u00e9glable pour perroquets, laisse pour oiseaux, corde d&rsquo;entra\u00eenement Anti-morsure, harnais volant d&rsquo;ext\u00e9rieur.<\/p>\n<p>Caract\u00e9ristiques:<br \/>\n1. Conception 1 pi\u00e8ce-pas de boucles ni de clips. Ajustez le harnais avec un seul curseur<br \/>\n2. R\u00e9glage automatique de la laisse \u00e9lastique: lorsque l&rsquo;oiseau rampe et vole, il s&rsquo;ajuste automatiquement de la poitrine \u00e0 l&rsquo;arri\u00e8re. La conception efficace peut r\u00e9duire les points de contact de pression des oiseaux.<br \/>\n3. Indispensable: cette laisse pour perroquets est un incontournable pour les personnes qui aiment sortir les oiseaux.<br \/>\n4. Robuste: sangle en nylon robuste avec caract\u00e9ristiques de r\u00e9sistance \u00e0 la mastication et aux morsures<br \/>\n5. Ce dont vous avez besoin: il vous suffit d&rsquo;un peu de patience et beaucoup de nourriture, presque tous les oiseaux peuvent s&rsquo;entra\u00eener \u00e0 le porter.<br \/>\nDescription:<br \/>\nNom: laisse volante pour perroquets<br \/>\nCouleur: al\u00e9atoire (rouge, vert, gris, rose)<br \/>\nMat\u00e9riau: corde en nylon<br \/>\nR\u00e9f\u00e9rence de taille (environ) (1cm = 0,39 pouces):<br \/>\nXXS: la longueur de la t\u00eate est de 5.5cm\/2.16 pouces, la hauteur de la t\u00eate au corps est de 5cm\/1.96 pouces. L&rsquo;\u00e9lastique mesure 137cm\/53.93 pouces de long et le diam\u00e8tre est de 1.5mm\/0.059 pouces. La longueur de la corde en nylon est de 47cm\/18.5 pouces, la largeur est de 1cm\/0.39 pouces et la longueur totale de la corde est de 184cm\/72.4 pouces.<br \/>\nXS: la longueur de la section de la t\u00eate est de 6.5cm\/2.55 pouces, la hauteur de la t\u00eate au corps est de 6.8cm\/2.67 pouces. L&rsquo;\u00e9lastique mesure 156cm\/61.4 pouces de long et le diam\u00e8tre est de 1.5mm\/0.059 pouces. La longueur de la corde en nylon est de 46cm\/18.1 pouces, la largeur est de 1cm et la longueur totale de la corde est de 202cm\/79.52 pouces.<br \/>\nS: la longueur de la partie t\u00eate est de 8cm\/3.14 pouces, la hauteur de la t\u00eate au corps est de 8.5cm\/3.346 pouces. L&rsquo;\u00e9lastique mesure 137cm\/53.93 pouces de long et le diam\u00e8tre est de 2.5mm\/0.098 pouces. La longueur de la corde en nylon est de 52cm\/20.47 pouces, la largeur est de 1.1cm\/0.43 pouces, la longueur totale de la corde est de 189cm\/74.4 pouces; le poids est de 59g; La r\u00e9f\u00e9rence perroquets: 190-420g<br \/>\nM: la longueur de la partie t\u00eate est de 9.5CM\/3.74 pouces, la hauteur de la t\u00eate au corps est de 10cm\/3.93 pouces. L&rsquo;\u00e9lastique mesure 199cm\/7.83 pouces de long et le diam\u00e8tre est de 2.5mm\/0.098 pouces. La longueur de la corde en nylon est de 62cm\/24.4 pouces, la largeur est de 1.1cm\/0.43 pouces, la longueur totale de la corde est de 200cm\/78.7 pouces, et le poids est de 60g, la r\u00e9f\u00e9rence perroquets: 425-600g<br \/>\nL: la longueur de la partie t\u00eate est de 11cm\/4.33 pouces, la hauteur de la t\u00eate au corps est de 12.6cm\/4.96 pouces. L&rsquo;\u00e9lastique mesure 135cm\/53.14 pouces de long et le diam\u00e8tre est de 3.5mm\/0.137 pouces. La longueur de la corde en nylon est de 79cm\/31.1 pouces, la largeur est de 1.1cm\/0.43 pouces, la longueur totale de la corde est de 214cm\/84.25 pouces, et le poids est de 51g, la r\u00e9f\u00e9rence des perroquets: 600-1000g<br \/>\nXL: la longueur de la section de la t\u00eate est de 12.5cm\/4.92 pouces, la hauteur de la t\u00eate au corps est de 14.2cm\/5.59 pouces. L&rsquo;\u00e9lastique mesure 123cm\/48.42 pouces de long et le diam\u00e8tre est de 3.5mm\/0.137 pouces. La longueur de la corde en nylon est de 93cm\/36.6 pouces, la largeur est de 1.1cm\/0.43 pouces et la longueur totale de la corde est de 216cm\/85.03 pouces.<br \/>\nListe des paquets:<br \/>\n1 x laisse pour perroquets<\/p>\n","protected":false},"excerpt":{"rendered":"<p>Harnais r\u00e9glable pour perroquets, laisse pour oiseaux, corde d&rsquo;entra\u00eenement Anti-morsure, harnais volant d&rsquo;ext\u00e9rieur. Caract\u00e9ristiques: 1. Conception 1 pi\u00e8ce-pas de boucles ni de clips. Ajustez le harnais avec un seul curseur 2. R\u00e9glage automatique de la laisse \u00e9lastique: lorsque l&rsquo;oiseau rampe et vole, il s&rsquo;ajuste automatiquement de la poitrine \u00e0 l&rsquo;arri\u00e8re. La conception efficace peut r\u00e9duire [&#8230;]\n","protected":false},"featured_media":187,"template":"","meta":[],"product_brand":[],"product_cat":[19],"product_tag":[],"class_list":{"0":"post-188","1":"product","2":"type-product","3":"status-publish","4":"has-post-thumbnail","6":"product_cat-oiseaux","8":"first","9":"instock","10":"shipping-taxable","11":"purchasable","12":"product-type-simple"},"yoast_head":"<!-- This site is optimized with the Yoast SEO plugin v27.3 - https:\/\/yoast.com\/product\/yoast-seo-wordpress\/ -->\n<title>harnais et laisse pour oiseau - Animalerie Maroc<\/title>\n<meta name=\"description\" content=\"Achetez votre harnais et laisse pour oiseau au meilleur prix au Maroc. Livraison rapide | Animalsouk.ma\" \/>\n<meta name=\"robots\" content=\"index, follow, max-snippet:-1, max-image-preview:large, max-video-preview:-1\" \/>\n<link rel=\"canonical\" href=\"https:\/\/www.animalsouk.ma\/animalerie-maroc\/produit\/harnais-et-laisse-pour-oiseau\/\" \/>\n<meta property=\"og:locale\" content=\"fr_FR\" \/>\n<meta property=\"og:type\" content=\"article\" \/>\n<meta property=\"og:title\" content=\"harnais et laisse pour oiseau - Animalerie Maroc\" \/>\n<meta property=\"og:description\" content=\"Achetez votre harnais et laisse pour oiseau au meilleur prix au Maroc. Livraison rapide | Animalsouk.ma\" \/>\n<meta property=\"og:url\" content=\"https:\/\/www.animalsouk.ma\/animalerie-maroc\/produit\/harnais-et-laisse-pour-oiseau\/\" \/>\n<meta property=\"og:site_name\" content=\"Animalerie Maroc\" \/>\n<meta property=\"article:publisher\" content=\"https:\/\/www.facebook.com\/animalsouk.ma\" \/>\n<meta property=\"article:modified_time\" content=\"2025-11-07T11:23:26+00:00\" \/>\n<meta property=\"og:image\" content=\"https:\/\/www.animalsouk.ma\/animalerie-maroc\/wp-content\/uploads\/2025\/08\/9dff131d5ab7483718344c385c0ff73a.webp\" \/>\n\t<meta property=\"og:image:width\" content=\"700\" \/>\n\t<meta property=\"og:image:height\" content=\"495\" \/>\n\t<meta property=\"og:image:type\" content=\"image\/webp\" \/>\n<meta name=\"twitter:card\" content=\"summary_large_image\" \/>\n<meta name=\"twitter:label1\" content=\"Dur\u00e9e de lecture estim\u00e9e\" \/>\n\t<meta name=\"twitter:data1\" content=\"3 minutes\" \/>\n<script type=\"application\/ld+json\" class=\"yoast-schema-graph\">{\"@context\":\"https:\\\/\\\/schema.org\",\"@graph\":[{\"@type\":\"WebPage\",\"@id\":\"https:\\\/\\\/www.animalsouk.ma\\\/animalerie-maroc\\\/produit\\\/harnais-et-laisse-pour-oiseau\\\/\",\"url\":\"https:\\\/\\\/www.animalsouk.ma\\\/animalerie-maroc\\\/produit\\\/harnais-et-laisse-pour-oiseau\\\/\",\"name\":\"harnais et laisse pour oiseau - Animalerie Maroc\",\"isPartOf\":{\"@id\":\"https:\\\/\\\/www.animalsouk.ma\\\/animalerie-maroc\\\/#website\"},\"primaryImageOfPage\":{\"@id\":\"https:\\\/\\\/www.animalsouk.ma\\\/animalerie-maroc\\\/produit\\\/harnais-et-laisse-pour-oiseau\\\/#primaryimage\"},\"image\":{\"@id\":\"https:\\\/\\\/www.animalsouk.ma\\\/animalerie-maroc\\\/produit\\\/harnais-et-laisse-pour-oiseau\\\/#primaryimage\"},\"thumbnailUrl\":\"https:\\\/\\\/www.animalsouk.ma\\\/animalerie-maroc\\\/wp-content\\\/uploads\\\/2025\\\/08\\\/9dff131d5ab7483718344c385c0ff73a.webp\",\"datePublished\":\"2025-08-28T23:40:05+00:00\",\"dateModified\":\"2025-11-07T11:23:26+00:00\",\"description\":\"Achetez votre harnais et laisse pour oiseau au meilleur prix au Maroc. Livraison rapide | Animalsouk.ma\",\"breadcrumb\":{\"@id\":\"https:\\\/\\\/www.animalsouk.ma\\\/animalerie-maroc\\\/produit\\\/harnais-et-laisse-pour-oiseau\\\/#breadcrumb\"},\"inLanguage\":\"fr-FR\",\"potentialAction\":[{\"@type\":\"ReadAction\",\"target\":[\"https:\\\/\\\/www.animalsouk.ma\\\/animalerie-maroc\\\/produit\\\/harnais-et-laisse-pour-oiseau\\\/\"]}]},{\"@type\":\"ImageObject\",\"inLanguage\":\"fr-FR\",\"@id\":\"https:\\\/\\\/www.animalsouk.ma\\\/animalerie-maroc\\\/produit\\\/harnais-et-laisse-pour-oiseau\\\/#primaryimage\",\"url\":\"https:\\\/\\\/www.animalsouk.ma\\\/animalerie-maroc\\\/wp-content\\\/uploads\\\/2025\\\/08\\\/9dff131d5ab7483718344c385c0ff73a.webp\",\"contentUrl\":\"https:\\\/\\\/www.animalsouk.ma\\\/animalerie-maroc\\\/wp-content\\\/uploads\\\/2025\\\/08\\\/9dff131d5ab7483718344c385c0ff73a.webp\",\"width\":700,\"height\":495,\"caption\":\"harnais et laisse pour oiseau\"},{\"@type\":\"BreadcrumbList\",\"@id\":\"https:\\\/\\\/www.animalsouk.ma\\\/animalerie-maroc\\\/produit\\\/harnais-et-laisse-pour-oiseau\\\/#breadcrumb\",\"itemListElement\":[{\"@type\":\"ListItem\",\"position\":1,\"name\":\"Home\",\"item\":\"https:\\\/\\\/www.animalsouk.ma\\\/animalerie-maroc\\\/\"},{\"@type\":\"ListItem\",\"position\":2,\"name\":\"Boutique\",\"item\":\"https:\\\/\\\/www.animalsouk.ma\\\/animalerie-maroc\\\/boutique\\\/\"},{\"@type\":\"ListItem\",\"position\":3,\"name\":\"harnais et laisse pour oiseau\"}]},{\"@type\":\"WebSite\",\"@id\":\"https:\\\/\\\/www.animalsouk.ma\\\/animalerie-maroc\\\/#website\",\"url\":\"https:\\\/\\\/www.animalsouk.ma\\\/animalerie-maroc\\\/\",\"name\":\"Animalerie de casablanca\",\"description\":\"\",\"publisher\":{\"@id\":\"https:\\\/\\\/www.animalsouk.ma\\\/animalerie-maroc\\\/#organization\"},\"potentialAction\":[{\"@type\":\"SearchAction\",\"target\":{\"@type\":\"EntryPoint\",\"urlTemplate\":\"https:\\\/\\\/www.animalsouk.ma\\\/animalerie-maroc\\\/?s={search_term_string}\"},\"query-input\":{\"@type\":\"PropertyValueSpecification\",\"valueRequired\":true,\"valueName\":\"search_term_string\"}}],\"inLanguage\":\"fr-FR\"},{\"@type\":\"Organization\",\"@id\":\"https:\\\/\\\/www.animalsouk.ma\\\/animalerie-maroc\\\/#organization\",\"name\":\"Animalerie de casablanca\",\"url\":\"https:\\\/\\\/www.animalsouk.ma\\\/animalerie-maroc\\\/\",\"logo\":{\"@type\":\"ImageObject\",\"inLanguage\":\"fr-FR\",\"@id\":\"https:\\\/\\\/www.animalsouk.ma\\\/animalerie-maroc\\\/#\\\/schema\\\/logo\\\/image\\\/\",\"url\":\"https:\\\/\\\/www.animalsouk.ma\\\/animalerie-maroc\\\/wp-content\\\/uploads\\\/2025\\\/10\\\/animalsouk.ma-logo.png\",\"contentUrl\":\"https:\\\/\\\/www.animalsouk.ma\\\/animalerie-maroc\\\/wp-content\\\/uploads\\\/2025\\\/10\\\/animalsouk.ma-logo.png\",\"width\":760,\"height\":231,\"caption\":\"Animalerie de casablanca\"},\"image\":{\"@id\":\"https:\\\/\\\/www.animalsouk.ma\\\/animalerie-maroc\\\/#\\\/schema\\\/logo\\\/image\\\/\"},\"sameAs\":[\"https:\\\/\\\/www.facebook.com\\\/animalsouk.ma\",\"https:\\\/\\\/www.instagram.com\\\/animalsouk.ma\"]}]}<\/script>\n<!-- \/ Yoast SEO plugin. -->","yoast_head_json":{"title":"harnais et laisse pour oiseau - Animalerie Maroc","description":"Achetez votre harnais et laisse pour oiseau au meilleur prix au Maroc. Livraison rapide | Animalsouk.ma","robots":{"index":"index","follow":"follow","max-snippet":"max-snippet:-1","max-image-preview":"max-image-preview:large","max-video-preview":"max-video-preview:-1"},"canonical":"https:\/\/www.animalsouk.ma\/animalerie-maroc\/produit\/harnais-et-laisse-pour-oiseau\/","og_locale":"fr_FR","og_type":"article","og_title":"harnais et laisse pour oiseau - Animalerie Maroc","og_description":"Achetez votre harnais et laisse pour oiseau au meilleur prix au Maroc. Livraison rapide | Animalsouk.ma","og_url":"https:\/\/www.animalsouk.ma\/animalerie-maroc\/produit\/harnais-et-laisse-pour-oiseau\/","og_site_name":"Animalerie Maroc","article_publisher":"https:\/\/www.facebook.com\/animalsouk.ma","article_modified_time":"2025-11-07T11:23:26+00:00","og_image":[{"width":700,"height":495,"url":"https:\/\/www.animalsouk.ma\/animalerie-maroc\/wp-content\/uploads\/2025\/08\/9dff131d5ab7483718344c385c0ff73a.webp","type":"image\/webp"}],"twitter_card":"summary_large_image","twitter_misc":{"Dur\u00e9e de lecture estim\u00e9e":"3 minutes"},"schema":{"@context":"https:\/\/schema.org","@graph":[{"@type":"WebPage","@id":"https:\/\/www.animalsouk.ma\/animalerie-maroc\/produit\/harnais-et-laisse-pour-oiseau\/","url":"https:\/\/www.animalsouk.ma\/animalerie-maroc\/produit\/harnais-et-laisse-pour-oiseau\/","name":"harnais et laisse pour oiseau - Animalerie Maroc","isPartOf":{"@id":"https:\/\/www.animalsouk.ma\/animalerie-maroc\/#website"},"primaryImageOfPage":{"@id":"https:\/\/www.animalsouk.ma\/animalerie-maroc\/produit\/harnais-et-laisse-pour-oiseau\/#primaryimage"},"image":{"@id":"https:\/\/www.animalsouk.ma\/animalerie-maroc\/produit\/harnais-et-laisse-pour-oiseau\/#primaryimage"},"thumbnailUrl":"https:\/\/www.animalsouk.ma\/animalerie-maroc\/wp-content\/uploads\/2025\/08\/9dff131d5ab7483718344c385c0ff73a.webp","datePublished":"2025-08-28T23:40:05+00:00","dateModified":"2025-11-07T11:23:26+00:00","description":"Achetez votre harnais et laisse pour oiseau au meilleur prix au Maroc. Livraison rapide | Animalsouk.ma","breadcrumb":{"@id":"https:\/\/www.animalsouk.ma\/animalerie-maroc\/produit\/harnais-et-laisse-pour-oiseau\/#breadcrumb"},"inLanguage":"fr-FR","potentialAction":[{"@type":"ReadAction","target":["https:\/\/www.animalsouk.ma\/animalerie-maroc\/produit\/harnais-et-laisse-pour-oiseau\/"]}]},{"@type":"ImageObject","inLanguage":"fr-FR","@id":"https:\/\/www.animalsouk.ma\/animalerie-maroc\/produit\/harnais-et-laisse-pour-oiseau\/#primaryimage","url":"https:\/\/www.animalsouk.ma\/animalerie-maroc\/wp-content\/uploads\/2025\/08\/9dff131d5ab7483718344c385c0ff73a.webp","contentUrl":"https:\/\/www.animalsouk.ma\/animalerie-maroc\/wp-content\/uploads\/2025\/08\/9dff131d5ab7483718344c385c0ff73a.webp","width":700,"height":495,"caption":"harnais et laisse pour oiseau"},{"@type":"BreadcrumbList","@id":"https:\/\/www.animalsouk.ma\/animalerie-maroc\/produit\/harnais-et-laisse-pour-oiseau\/#breadcrumb","itemListElement":[{"@type":"ListItem","position":1,"name":"Home","item":"https:\/\/www.animalsouk.ma\/animalerie-maroc\/"},{"@type":"ListItem","position":2,"name":"Boutique","item":"https:\/\/www.animalsouk.ma\/animalerie-maroc\/boutique\/"},{"@type":"ListItem","position":3,"name":"harnais et laisse pour oiseau"}]},{"@type":"WebSite","@id":"https:\/\/www.animalsouk.ma\/animalerie-maroc\/#website","url":"https:\/\/www.animalsouk.ma\/animalerie-maroc\/","name":"Animalerie de casablanca","description":"","publisher":{"@id":"https:\/\/www.animalsouk.ma\/animalerie-maroc\/#organization"},"potentialAction":[{"@type":"SearchAction","target":{"@type":"EntryPoint","urlTemplate":"https:\/\/www.animalsouk.ma\/animalerie-maroc\/?s={search_term_string}"},"query-input":{"@type":"PropertyValueSpecification","valueRequired":true,"valueName":"search_term_string"}}],"inLanguage":"fr-FR"},{"@type":"Organization","@id":"https:\/\/www.animalsouk.ma\/animalerie-maroc\/#organization","name":"Animalerie de casablanca","url":"https:\/\/www.animalsouk.ma\/animalerie-maroc\/","logo":{"@type":"ImageObject","inLanguage":"fr-FR","@id":"https:\/\/www.animalsouk.ma\/animalerie-maroc\/#\/schema\/logo\/image\/","url":"https:\/\/www.animalsouk.ma\/animalerie-maroc\/wp-content\/uploads\/2025\/10\/animalsouk.ma-logo.png","contentUrl":"https:\/\/www.animalsouk.ma\/animalerie-maroc\/wp-content\/uploads\/2025\/10\/animalsouk.ma-logo.png","width":760,"height":231,"caption":"Animalerie de casablanca"},"image":{"@id":"https:\/\/www.animalsouk.ma\/animalerie-maroc\/#\/schema\/logo\/image\/"},"sameAs":["https:\/\/www.facebook.com\/animalsouk.ma","https:\/\/www.instagram.com\/animalsouk.ma"]}]}},"_links":{"self":[{"href":"https:\/\/www.animalsouk.ma\/animalerie-maroc\/wp-json\/wp\/v2\/product\/188","targetHints":{"allow":["GET"]}}],"collection":[{"href":"https:\/\/www.animalsouk.ma\/animalerie-maroc\/wp-json\/wp\/v2\/product"}],"about":[{"href":"https:\/\/www.animalsouk.ma\/animalerie-maroc\/wp-json\/wp\/v2\/types\/product"}],"wp:featuredmedia":[{"embeddable":true,"href":"https:\/\/www.animalsouk.ma\/animalerie-maroc\/wp-json\/wp\/v2\/media\/187"}],"wp:attachment":[{"href":"https:\/\/www.animalsouk.ma\/animalerie-maroc\/wp-json\/wp\/v2\/media?parent=188"}],"wp:term":[{"taxonomy":"product_brand","embeddable":true,"href":"https:\/\/www.animalsouk.ma\/animalerie-maroc\/wp-json\/wp\/v2\/product_brand?post=188"},{"taxonomy":"product_cat","embeddable":true,"href":"https:\/\/www.animalsouk.ma\/animalerie-maroc\/wp-json\/wp\/v2\/product_cat?post=188"},{"taxonomy":"product_tag","embeddable":true,"href":"https:\/\/www.animalsouk.ma\/animalerie-maroc\/wp-json\/wp\/v2\/product_tag?post=188"}],"curies":[{"name":"wp","href":"https:\/\/api.w.org\/{rel}","templated":true}]}}