{"id":1870,"date":"2026-03-29T21:53:17","date_gmt":"2026-03-29T19:53:17","guid":{"rendered":"https:\/\/www.animalsouk.ma\/animalerie-maroc\/?post_type=product&#038;p=1870"},"modified":"2026-03-29T21:53:17","modified_gmt":"2026-03-29T19:53:17","slug":"brit-care-filets-pour-chat-sterilise-au-canard-et-dinde-85g","status":"publish","type":"product","link":"https:\/\/www.animalsouk.ma\/animalerie-maroc\/produit\/brit-care-filets-pour-chat-sterilise-au-canard-et-dinde-85g\/","title":{"rendered":"Brit Care &#8211; Filets pour Chat St\u00e9rilis\u00e9 au Canard et dinde 85g"},"content":{"rendered":"<p>Aliment complet sans c\u00e9r\u00e9ales pour chats adultes st\u00e9rilis\u00e9s\/castr\u00e9s. Recette \u00e0 base de poulet et de canard, enrichie d&rsquo;argousier et de capucine s\u00e9ch\u00e9e.<\/p>\n<section id=\"projector_longdescription\" class=\"longdescription cm  col-12\" data-dictionary=\"true\">Aliment complet super-premium humide sans c\u00e9r\u00e9ales pour<br \/>\npour les chats adultes castr\u00e9s.<\/p>\n<p><strong>COMPOSITION :<\/strong><\/p>\n<p>Filets contenant 85% de viande (62% de poulet, 15% de foie,<\/p>\n<p>8% canard), lignocellulose, 1% d&rsquo;argousier s\u00e9ch\u00e9, 0,5% de capucine s\u00e9ch\u00e9e, carbonate de calcium, farine de pois.<br \/>\ncapucine s\u00e9ch\u00e9e, carbonate de calcium, farine de pois.<\/p>\n<p><strong>LES COMPOSANTS ANALYTIQUES :<\/strong><\/p>\n<p>prot\u00e9ines brutes 7,0 %, mati\u00e8res grasses brutes<\/p>\n<p>3,2 %, fibres brutes 0,5 %, cendres brutes 2,2 %, humidit\u00e9 82,0 %,<br \/>\ncalcium 0,2%, phosphore 0,2%, sodium 0,25%.<\/p>\n<p>vitamine A (3a672a) 400 UI,<\/p>\n<p>vitamine D3 (3a671) 100 UI, vitamine E (3a700) 50 mg, chlorure<br \/>\ncholine (3a890) 60 mg, vitamine B1 (3a821) 0,3 mg, biotine (3a880)<br \/>\n0,1 mg, zinc (3b606) 3,5 mg, mangan\u00e8se (3b502) 0,8 mg, fer (3b103) 2,8 mg, iode (3b201) 0,2 mg, taurine<br \/>\n(3a370) 500 mg, L-m\u00e9thionine (3c305) 1750 mg.<\/p>\n<p><strong>\u00c9NERGIE M\u00c9TABOLIQUE : 760 kcal\/kg.<\/strong><\/p>\n<p>Contient des antioxydants naturels approuv\u00e9s par l&rsquo;UE\u00a0: extraits de tocoph\u00e9rol d&rsquo;huiles v\u00e9g\u00e9tales (1b306(i)),<br \/>\npalmitate d&rsquo;ascorbyle (1b304) et extrait de romarin.<\/p>\n<p><strong>INSTRUCTIONS D&rsquo;ALIMENTATION\u00a0:<\/strong><\/p>\n<p>La dose journali\u00e8re recommand\u00e9e est indiqu\u00e9e dans le tableau posologique, mais peut varier<br \/>\nvarient en fonction de l&rsquo;\u00e2ge, de l&rsquo;activit\u00e9 et de l&rsquo;environnement de votre chat. Doit \u00eatre fourni<br \/>\nle chat a constamment acc\u00e8s \u00e0 un bol d&rsquo;eau fra\u00eeche. Servir \u00e0 temp\u00e9rature ambiante. Lors de l&rsquo;alimentation de la nourriture<br \/>\nAfin de diversifier l&rsquo;alimentation, vous devez r\u00e9duire en cons\u00e9quence la dose quotidienne de l&rsquo;aliment de base de votre chien.<br \/>\nchat. Apr\u00e8s ouverture, \u00e0 conserver au r\u00e9frig\u00e9rateur.<\/p>\n<\/section>\n<section id=\"projector_dictionary\" class=\"dictionary col-12 mb-1 mb-sm-4\">\n<div class=\"dictionary__group --first --no-group\">\n<div class=\"dictionary__param row mb-3\" data-producer=\"true\">\n<div class=\"dictionary__name col-6 d-flex flex-column align-items-end\"><\/div>\n<\/div>\n<\/div>\n<\/section>\n","protected":false},"excerpt":{"rendered":"<p>Aliment complet sans c\u00e9r\u00e9ales pour chats adultes st\u00e9rilis\u00e9s\/castr\u00e9s. Recette \u00e0 base de poulet et de canard, enrichie d&rsquo;argousier et de capucine s\u00e9ch\u00e9e. Aliment complet super-premium humide sans c\u00e9r\u00e9ales pour pour les chats adultes castr\u00e9s. COMPOSITION : Filets contenant 85% de viande (62% de poulet, 15% de foie, 8% canard), lignocellulose, 1% d&rsquo;argousier s\u00e9ch\u00e9, 0,5% de [&#8230;]\n","protected":false},"featured_media":1872,"template":"","meta":[],"product_brand":[42],"product_cat":[18],"product_tag":[89],"class_list":{"0":"post-1870","1":"product","2":"type-product","3":"status-publish","4":"has-post-thumbnail","6":"product_brand-brit","7":"product_cat-alimentation-pour-chats","8":"product_tag-pate-sauce-chat","10":"first","11":"instock","12":"shipping-taxable","13":"purchasable","14":"product-type-simple"},"yoast_head":"<!-- This site is optimized with the Yoast SEO plugin v27.1.1 - https:\/\/yoast.com\/product\/yoast-seo-wordpress\/ -->\n<title>Brit Care - Filets pour Chat St\u00e9rilis\u00e9 au Canard et dinde 85g - Animalerie Maroc<\/title>\n<meta name=\"description\" content=\"Achetez votre Brit Care - Filets pour Chat St\u00e9rilis\u00e9 au Canard et dinde 85g au meilleur prix au Maroc. Livraison rapide | Animalsouk.ma\" \/>\n<meta name=\"robots\" content=\"index, follow, max-snippet:-1, max-image-preview:large, max-video-preview:-1\" \/>\n<link rel=\"canonical\" href=\"https:\/\/www.animalsouk.ma\/animalerie-maroc\/produit\/brit-care-filets-pour-chat-sterilise-au-canard-et-dinde-85g\/\" \/>\n<meta property=\"og:locale\" content=\"fr_FR\" \/>\n<meta property=\"og:type\" content=\"article\" \/>\n<meta property=\"og:title\" content=\"Brit Care - Filets pour Chat St\u00e9rilis\u00e9 au Canard et dinde 85g - Animalerie Maroc\" \/>\n<meta property=\"og:description\" content=\"Achetez votre Brit Care - Filets pour Chat St\u00e9rilis\u00e9 au Canard et dinde 85g au meilleur prix au Maroc. Livraison rapide | Animalsouk.ma\" \/>\n<meta property=\"og:url\" content=\"https:\/\/www.animalsouk.ma\/animalerie-maroc\/produit\/brit-care-filets-pour-chat-sterilise-au-canard-et-dinde-85g\/\" \/>\n<meta property=\"og:site_name\" content=\"Animalerie Maroc\" \/>\n<meta property=\"article:publisher\" content=\"https:\/\/www.facebook.com\/animalsouk.ma\" \/>\n<meta property=\"og:image\" content=\"https:\/\/www.animalsouk.ma\/animalerie-maroc\/wp-content\/uploads\/2026\/03\/jksjkajkasjjksa.png\" \/>\n\t<meta property=\"og:image:width\" content=\"928\" \/>\n\t<meta property=\"og:image:height\" content=\"770\" \/>\n\t<meta property=\"og:image:type\" content=\"image\/png\" \/>\n<meta name=\"twitter:card\" content=\"summary_large_image\" \/>\n<meta name=\"twitter:label1\" content=\"Dur\u00e9e de lecture estim\u00e9e\" \/>\n\t<meta name=\"twitter:data1\" content=\"2 minutes\" \/>\n<script type=\"application\/ld+json\" class=\"yoast-schema-graph\">{\"@context\":\"https:\/\/schema.org\",\"@graph\":[{\"@type\":\"WebPage\",\"@id\":\"https:\/\/www.animalsouk.ma\/animalerie-maroc\/produit\/brit-care-filets-pour-chat-sterilise-au-canard-et-dinde-85g\/\",\"url\":\"https:\/\/www.animalsouk.ma\/animalerie-maroc\/produit\/brit-care-filets-pour-chat-sterilise-au-canard-et-dinde-85g\/\",\"name\":\"Brit Care - Filets pour Chat St\u00e9rilis\u00e9 au Canard et dinde 85g - Animalerie Maroc\",\"isPartOf\":{\"@id\":\"https:\/\/www.animalsouk.ma\/animalerie-maroc\/#website\"},\"primaryImageOfPage\":{\"@id\":\"https:\/\/www.animalsouk.ma\/animalerie-maroc\/produit\/brit-care-filets-pour-chat-sterilise-au-canard-et-dinde-85g\/#primaryimage\"},\"image\":{\"@id\":\"https:\/\/www.animalsouk.ma\/animalerie-maroc\/produit\/brit-care-filets-pour-chat-sterilise-au-canard-et-dinde-85g\/#primaryimage\"},\"thumbnailUrl\":\"https:\/\/www.animalsouk.ma\/animalerie-maroc\/wp-content\/uploads\/2026\/03\/jksjkajkasjjksa.png\",\"datePublished\":\"2026-03-29T19:53:17+00:00\",\"description\":\"Achetez votre Brit Care - Filets pour Chat St\u00e9rilis\u00e9 au Canard et dinde 85g au meilleur prix au Maroc. Livraison rapide | Animalsouk.ma\",\"breadcrumb\":{\"@id\":\"https:\/\/www.animalsouk.ma\/animalerie-maroc\/produit\/brit-care-filets-pour-chat-sterilise-au-canard-et-dinde-85g\/#breadcrumb\"},\"inLanguage\":\"fr-FR\",\"potentialAction\":[{\"@type\":\"ReadAction\",\"target\":[\"https:\/\/www.animalsouk.ma\/animalerie-maroc\/produit\/brit-care-filets-pour-chat-sterilise-au-canard-et-dinde-85g\/\"]}]},{\"@type\":\"ImageObject\",\"inLanguage\":\"fr-FR\",\"@id\":\"https:\/\/www.animalsouk.ma\/animalerie-maroc\/produit\/brit-care-filets-pour-chat-sterilise-au-canard-et-dinde-85g\/#primaryimage\",\"url\":\"https:\/\/www.animalsouk.ma\/animalerie-maroc\/wp-content\/uploads\/2026\/03\/jksjkajkasjjksa.png\",\"contentUrl\":\"https:\/\/www.animalsouk.ma\/animalerie-maroc\/wp-content\/uploads\/2026\/03\/jksjkajkasjjksa.png\",\"width\":928,\"height\":770},{\"@type\":\"BreadcrumbList\",\"@id\":\"https:\/\/www.animalsouk.ma\/animalerie-maroc\/produit\/brit-care-filets-pour-chat-sterilise-au-canard-et-dinde-85g\/#breadcrumb\",\"itemListElement\":[{\"@type\":\"ListItem\",\"position\":1,\"name\":\"Home\",\"item\":\"https:\/\/www.animalsouk.ma\/animalerie-maroc\/\"},{\"@type\":\"ListItem\",\"position\":2,\"name\":\"Boutique\",\"item\":\"https:\/\/www.animalsouk.ma\/animalerie-maroc\/boutique\/\"},{\"@type\":\"ListItem\",\"position\":3,\"name\":\"Brit Care &#8211; Filets pour Chat St\u00e9rilis\u00e9 au Canard et dinde 85g\"}]},{\"@type\":\"WebSite\",\"@id\":\"https:\/\/www.animalsouk.ma\/animalerie-maroc\/#website\",\"url\":\"https:\/\/www.animalsouk.ma\/animalerie-maroc\/\",\"name\":\"Animalerie de casablanca\",\"description\":\"\",\"publisher\":{\"@id\":\"https:\/\/www.animalsouk.ma\/animalerie-maroc\/#organization\"},\"potentialAction\":[{\"@type\":\"SearchAction\",\"target\":{\"@type\":\"EntryPoint\",\"urlTemplate\":\"https:\/\/www.animalsouk.ma\/animalerie-maroc\/?s={search_term_string}\"},\"query-input\":{\"@type\":\"PropertyValueSpecification\",\"valueRequired\":true,\"valueName\":\"search_term_string\"}}],\"inLanguage\":\"fr-FR\"},{\"@type\":\"Organization\",\"@id\":\"https:\/\/www.animalsouk.ma\/animalerie-maroc\/#organization\",\"name\":\"Animalerie de casablanca\",\"url\":\"https:\/\/www.animalsouk.ma\/animalerie-maroc\/\",\"logo\":{\"@type\":\"ImageObject\",\"inLanguage\":\"fr-FR\",\"@id\":\"https:\/\/www.animalsouk.ma\/animalerie-maroc\/#\/schema\/logo\/image\/\",\"url\":\"https:\/\/www.animalsouk.ma\/animalerie-maroc\/wp-content\/uploads\/2025\/10\/animalsouk.ma-logo.png\",\"contentUrl\":\"https:\/\/www.animalsouk.ma\/animalerie-maroc\/wp-content\/uploads\/2025\/10\/animalsouk.ma-logo.png\",\"width\":760,\"height\":231,\"caption\":\"Animalerie de casablanca\"},\"image\":{\"@id\":\"https:\/\/www.animalsouk.ma\/animalerie-maroc\/#\/schema\/logo\/image\/\"},\"sameAs\":[\"https:\/\/www.facebook.com\/animalsouk.ma\",\"https:\/\/www.instagram.com\/animalsouk.ma\"]}]}<\/script>\n<!-- \/ Yoast SEO plugin. -->","yoast_head_json":{"title":"Brit Care - Filets pour Chat St\u00e9rilis\u00e9 au Canard et dinde 85g - Animalerie Maroc","description":"Achetez votre Brit Care - Filets pour Chat St\u00e9rilis\u00e9 au Canard et dinde 85g au meilleur prix au Maroc. Livraison rapide | Animalsouk.ma","robots":{"index":"index","follow":"follow","max-snippet":"max-snippet:-1","max-image-preview":"max-image-preview:large","max-video-preview":"max-video-preview:-1"},"canonical":"https:\/\/www.animalsouk.ma\/animalerie-maroc\/produit\/brit-care-filets-pour-chat-sterilise-au-canard-et-dinde-85g\/","og_locale":"fr_FR","og_type":"article","og_title":"Brit Care - Filets pour Chat St\u00e9rilis\u00e9 au Canard et dinde 85g - Animalerie Maroc","og_description":"Achetez votre Brit Care - Filets pour Chat St\u00e9rilis\u00e9 au Canard et dinde 85g au meilleur prix au Maroc. Livraison rapide | Animalsouk.ma","og_url":"https:\/\/www.animalsouk.ma\/animalerie-maroc\/produit\/brit-care-filets-pour-chat-sterilise-au-canard-et-dinde-85g\/","og_site_name":"Animalerie Maroc","article_publisher":"https:\/\/www.facebook.com\/animalsouk.ma","og_image":[{"width":928,"height":770,"url":"https:\/\/www.animalsouk.ma\/animalerie-maroc\/wp-content\/uploads\/2026\/03\/jksjkajkasjjksa.png","type":"image\/png"}],"twitter_card":"summary_large_image","twitter_misc":{"Dur\u00e9e de lecture estim\u00e9e":"2 minutes"},"schema":{"@context":"https:\/\/schema.org","@graph":[{"@type":"WebPage","@id":"https:\/\/www.animalsouk.ma\/animalerie-maroc\/produit\/brit-care-filets-pour-chat-sterilise-au-canard-et-dinde-85g\/","url":"https:\/\/www.animalsouk.ma\/animalerie-maroc\/produit\/brit-care-filets-pour-chat-sterilise-au-canard-et-dinde-85g\/","name":"Brit Care - Filets pour Chat St\u00e9rilis\u00e9 au Canard et dinde 85g - Animalerie Maroc","isPartOf":{"@id":"https:\/\/www.animalsouk.ma\/animalerie-maroc\/#website"},"primaryImageOfPage":{"@id":"https:\/\/www.animalsouk.ma\/animalerie-maroc\/produit\/brit-care-filets-pour-chat-sterilise-au-canard-et-dinde-85g\/#primaryimage"},"image":{"@id":"https:\/\/www.animalsouk.ma\/animalerie-maroc\/produit\/brit-care-filets-pour-chat-sterilise-au-canard-et-dinde-85g\/#primaryimage"},"thumbnailUrl":"https:\/\/www.animalsouk.ma\/animalerie-maroc\/wp-content\/uploads\/2026\/03\/jksjkajkasjjksa.png","datePublished":"2026-03-29T19:53:17+00:00","description":"Achetez votre Brit Care - Filets pour Chat St\u00e9rilis\u00e9 au Canard et dinde 85g au meilleur prix au Maroc. Livraison rapide | Animalsouk.ma","breadcrumb":{"@id":"https:\/\/www.animalsouk.ma\/animalerie-maroc\/produit\/brit-care-filets-pour-chat-sterilise-au-canard-et-dinde-85g\/#breadcrumb"},"inLanguage":"fr-FR","potentialAction":[{"@type":"ReadAction","target":["https:\/\/www.animalsouk.ma\/animalerie-maroc\/produit\/brit-care-filets-pour-chat-sterilise-au-canard-et-dinde-85g\/"]}]},{"@type":"ImageObject","inLanguage":"fr-FR","@id":"https:\/\/www.animalsouk.ma\/animalerie-maroc\/produit\/brit-care-filets-pour-chat-sterilise-au-canard-et-dinde-85g\/#primaryimage","url":"https:\/\/www.animalsouk.ma\/animalerie-maroc\/wp-content\/uploads\/2026\/03\/jksjkajkasjjksa.png","contentUrl":"https:\/\/www.animalsouk.ma\/animalerie-maroc\/wp-content\/uploads\/2026\/03\/jksjkajkasjjksa.png","width":928,"height":770},{"@type":"BreadcrumbList","@id":"https:\/\/www.animalsouk.ma\/animalerie-maroc\/produit\/brit-care-filets-pour-chat-sterilise-au-canard-et-dinde-85g\/#breadcrumb","itemListElement":[{"@type":"ListItem","position":1,"name":"Home","item":"https:\/\/www.animalsouk.ma\/animalerie-maroc\/"},{"@type":"ListItem","position":2,"name":"Boutique","item":"https:\/\/www.animalsouk.ma\/animalerie-maroc\/boutique\/"},{"@type":"ListItem","position":3,"name":"Brit Care &#8211; Filets pour Chat St\u00e9rilis\u00e9 au Canard et dinde 85g"}]},{"@type":"WebSite","@id":"https:\/\/www.animalsouk.ma\/animalerie-maroc\/#website","url":"https:\/\/www.animalsouk.ma\/animalerie-maroc\/","name":"Animalerie de casablanca","description":"","publisher":{"@id":"https:\/\/www.animalsouk.ma\/animalerie-maroc\/#organization"},"potentialAction":[{"@type":"SearchAction","target":{"@type":"EntryPoint","urlTemplate":"https:\/\/www.animalsouk.ma\/animalerie-maroc\/?s={search_term_string}"},"query-input":{"@type":"PropertyValueSpecification","valueRequired":true,"valueName":"search_term_string"}}],"inLanguage":"fr-FR"},{"@type":"Organization","@id":"https:\/\/www.animalsouk.ma\/animalerie-maroc\/#organization","name":"Animalerie de casablanca","url":"https:\/\/www.animalsouk.ma\/animalerie-maroc\/","logo":{"@type":"ImageObject","inLanguage":"fr-FR","@id":"https:\/\/www.animalsouk.ma\/animalerie-maroc\/#\/schema\/logo\/image\/","url":"https:\/\/www.animalsouk.ma\/animalerie-maroc\/wp-content\/uploads\/2025\/10\/animalsouk.ma-logo.png","contentUrl":"https:\/\/www.animalsouk.ma\/animalerie-maroc\/wp-content\/uploads\/2025\/10\/animalsouk.ma-logo.png","width":760,"height":231,"caption":"Animalerie de casablanca"},"image":{"@id":"https:\/\/www.animalsouk.ma\/animalerie-maroc\/#\/schema\/logo\/image\/"},"sameAs":["https:\/\/www.facebook.com\/animalsouk.ma","https:\/\/www.instagram.com\/animalsouk.ma"]}]}},"_links":{"self":[{"href":"https:\/\/www.animalsouk.ma\/animalerie-maroc\/wp-json\/wp\/v2\/product\/1870","targetHints":{"allow":["GET"]}}],"collection":[{"href":"https:\/\/www.animalsouk.ma\/animalerie-maroc\/wp-json\/wp\/v2\/product"}],"about":[{"href":"https:\/\/www.animalsouk.ma\/animalerie-maroc\/wp-json\/wp\/v2\/types\/product"}],"wp:featuredmedia":[{"embeddable":true,"href":"https:\/\/www.animalsouk.ma\/animalerie-maroc\/wp-json\/wp\/v2\/media\/1872"}],"wp:attachment":[{"href":"https:\/\/www.animalsouk.ma\/animalerie-maroc\/wp-json\/wp\/v2\/media?parent=1870"}],"wp:term":[{"taxonomy":"product_brand","embeddable":true,"href":"https:\/\/www.animalsouk.ma\/animalerie-maroc\/wp-json\/wp\/v2\/product_brand?post=1870"},{"taxonomy":"product_cat","embeddable":true,"href":"https:\/\/www.animalsouk.ma\/animalerie-maroc\/wp-json\/wp\/v2\/product_cat?post=1870"},{"taxonomy":"product_tag","embeddable":true,"href":"https:\/\/www.animalsouk.ma\/animalerie-maroc\/wp-json\/wp\/v2\/product_tag?post=1870"}],"curies":[{"name":"wp","href":"https:\/\/api.w.org\/{rel}","templated":true}]}}