{"id":1865,"date":"2026-03-29T21:23:34","date_gmt":"2026-03-29T19:23:34","guid":{"rendered":"https:\/\/www.animalsouk.ma\/animalerie-maroc\/?post_type=product&#038;p=1865"},"modified":"2026-03-29T21:55:32","modified_gmt":"2026-03-29T19:55:32","slug":"royal-canin-patee-en-sauce-pour-chats-sterilises-85g","status":"publish","type":"product","link":"https:\/\/www.animalsouk.ma\/animalerie-maroc\/produit\/royal-canin-patee-en-sauce-pour-chats-sterilises-85g\/","title":{"rendered":"Royal Canin p\u00e2t\u00e9e en sauce pour chats st\u00e9rilis\u00e9s 85g"},"content":{"rendered":"<div class=\"c-product__short-description\">\n<div class=\"ProductDescription-module_product-description__VaRC0\" data-qa=\"product-description\">\n<div class=\"ShowMoreLess-module_wrapper__o7OmT ShowMoreLess-module_clamped__MOcCz\">\n<p>Aliment complet pour chats adultes st\u00e9rilis\u00e9s (\u00e9minc\u00e9 en sauce).<\/p>\n<div class=\"ProductDetails-module_product-details-content__I2skw\">\n<div class=\"ShowMoreLess-module_wrapper__o7OmT \">\n<p>Les chats st\u00e9rilis\u00e9s ont des exigences diff\u00e9rentes de celles des chats non st\u00e9rilis\u00e9s. C\u2019est pourquoi ROYAL CANIN\u00ae Sterilised en Sauce est sp\u00e9cialement formul\u00e9 pour r\u00e9pondre aux besoins de votre chat adulte st\u00e9rilis\u00e9. Gr\u00e2ce \u00e0 son apport \u00e9nerg\u00e9tique contr\u00f4l\u00e9 et \u00e0 sa teneur mod\u00e9r\u00e9e en mati\u00e8res grasses, ROYAL CANIN\u00ae Sterilised en Sauce contribue \u00e0 limiter le risque de surcharge pond\u00e9rale de votre chat, particuli\u00e8rement si vous lui fournissez des rations quotidiennes appropri\u00e9es. ROYAL CANIN\u00ae Sterilised en Sauce est con\u00e7u pour correspondre au profil nutritionnel optimal que les chats adultes pr\u00e9f\u00e8rent instinctivement, afin d\u2019\u00eatre s\u00fbr qu\u2019ils consomment les nutriments dont ils ont besoin pour maintenir une bonne sant\u00e9 g\u00e9n\u00e9rale. ROYAL CANIN\u00ae Sterilised en Sauce contient \u00e9galement un \u00e9quilibre de min\u00e9raux soigneusement \u00e9tudi\u00e9 qui favorise le bon fonctionnement du syst\u00e8me urinaire de votre chat. Pour r\u00e9pondre aux pr\u00e9f\u00e9rences individuelles de chaque chat, ROYAL CANIN\u00ae Sterilised est \u00e9galement disponible sous forme de nourriture humide en un succulent pain moelleux ou en un d\u00e9licieux \u00e9minc\u00e9, ainsi que sous forme de nourriture s\u00e8che en croquettes savoureuses et croquantes. Si vous envisagez une alimentation mixte, il vous suffit de suivre nos instructions pour vous assurer que votre chat re\u00e7oit la quantit\u00e9 de nourriture s\u00e8che et humide n\u00e9cessaire pour un b\u00e9n\u00e9fice optimal.<\/p>\n<p><strong>Composition :<\/strong> viandes et sous-produits animaux, c\u00e9r\u00e9ales, sous-produits d\u2019origine v\u00e9g\u00e9tale, substances min\u00e9rales, extraits de prot\u00e9ines v\u00e9g\u00e9tales, sucres.<\/p>\n<\/div>\n<\/div>\n<\/div>\n<\/div>\n<\/div>\n","protected":false},"excerpt":{"rendered":"<p>Aliment complet pour chats adultes st\u00e9rilis\u00e9s (\u00e9minc\u00e9 en sauce). Les chats st\u00e9rilis\u00e9s ont des exigences diff\u00e9rentes de celles des chats non st\u00e9rilis\u00e9s. C\u2019est pourquoi ROYAL CANIN\u00ae Sterilised en Sauce est sp\u00e9cialement formul\u00e9 pour r\u00e9pondre aux besoins de votre chat adulte st\u00e9rilis\u00e9. Gr\u00e2ce \u00e0 son apport \u00e9nerg\u00e9tique contr\u00f4l\u00e9 et \u00e0 sa teneur mod\u00e9r\u00e9e en mati\u00e8res grasses, [&#8230;]\n","protected":false},"featured_media":1866,"template":"","meta":[],"product_brand":[31],"product_cat":[18],"product_tag":[89],"class_list":{"0":"post-1865","1":"product","2":"type-product","3":"status-publish","4":"has-post-thumbnail","6":"product_brand-royal-canin","7":"product_cat-alimentation-pour-chats","8":"product_tag-pate-sauce-chat","10":"first","11":"instock","12":"shipping-taxable","13":"purchasable","14":"product-type-simple"},"yoast_head":"<!-- This site is optimized with the Yoast SEO plugin v27.1.1 - https:\/\/yoast.com\/product\/yoast-seo-wordpress\/ -->\n<title>Royal Canin p\u00e2t\u00e9e en sauce pour chats st\u00e9rilis\u00e9s 85g - Animalerie Maroc<\/title>\n<meta name=\"description\" content=\"Achetez votre Royal Canin p\u00e2t\u00e9e en sauce pour chats st\u00e9rilis\u00e9s 85g au meilleur prix au Maroc. Livraison rapide | Animalsouk.ma\" \/>\n<meta name=\"robots\" content=\"index, follow, max-snippet:-1, max-image-preview:large, max-video-preview:-1\" \/>\n<link rel=\"canonical\" href=\"https:\/\/www.animalsouk.ma\/animalerie-maroc\/produit\/royal-canin-patee-en-sauce-pour-chats-sterilises-85g\/\" \/>\n<meta property=\"og:locale\" content=\"fr_FR\" \/>\n<meta property=\"og:type\" content=\"article\" \/>\n<meta property=\"og:title\" content=\"Royal Canin p\u00e2t\u00e9e en sauce pour chats st\u00e9rilis\u00e9s 85g - Animalerie Maroc\" \/>\n<meta property=\"og:description\" content=\"Achetez votre Royal Canin p\u00e2t\u00e9e en sauce pour chats st\u00e9rilis\u00e9s 85g au meilleur prix au Maroc. Livraison rapide | Animalsouk.ma\" \/>\n<meta property=\"og:url\" content=\"https:\/\/www.animalsouk.ma\/animalerie-maroc\/produit\/royal-canin-patee-en-sauce-pour-chats-sterilises-85g\/\" \/>\n<meta property=\"og:site_name\" content=\"Animalerie Maroc\" \/>\n<meta property=\"article:publisher\" content=\"https:\/\/www.facebook.com\/animalsouk.ma\" \/>\n<meta property=\"article:modified_time\" content=\"2026-03-29T19:55:32+00:00\" \/>\n<meta property=\"og:image\" content=\"https:\/\/www.animalsouk.ma\/animalerie-maroc\/wp-content\/uploads\/2026\/03\/watermark-animalsouk.ma-Recupere-Recupere.png\" \/>\n\t<meta property=\"og:image:width\" content=\"928\" \/>\n\t<meta property=\"og:image:height\" content=\"770\" \/>\n\t<meta property=\"og:image:type\" content=\"image\/png\" \/>\n<meta name=\"twitter:card\" content=\"summary_large_image\" \/>\n<meta name=\"twitter:label1\" content=\"Dur\u00e9e de lecture estim\u00e9e\" \/>\n\t<meta name=\"twitter:data1\" content=\"2 minutes\" \/>\n<script type=\"application\/ld+json\" class=\"yoast-schema-graph\">{\"@context\":\"https:\/\/schema.org\",\"@graph\":[{\"@type\":\"WebPage\",\"@id\":\"https:\/\/www.animalsouk.ma\/animalerie-maroc\/produit\/royal-canin-patee-en-sauce-pour-chats-sterilises-85g\/\",\"url\":\"https:\/\/www.animalsouk.ma\/animalerie-maroc\/produit\/royal-canin-patee-en-sauce-pour-chats-sterilises-85g\/\",\"name\":\"Royal Canin p\u00e2t\u00e9e en sauce pour chats st\u00e9rilis\u00e9s 85g - Animalerie Maroc\",\"isPartOf\":{\"@id\":\"https:\/\/www.animalsouk.ma\/animalerie-maroc\/#website\"},\"primaryImageOfPage\":{\"@id\":\"https:\/\/www.animalsouk.ma\/animalerie-maroc\/produit\/royal-canin-patee-en-sauce-pour-chats-sterilises-85g\/#primaryimage\"},\"image\":{\"@id\":\"https:\/\/www.animalsouk.ma\/animalerie-maroc\/produit\/royal-canin-patee-en-sauce-pour-chats-sterilises-85g\/#primaryimage\"},\"thumbnailUrl\":\"https:\/\/www.animalsouk.ma\/animalerie-maroc\/wp-content\/uploads\/2026\/03\/watermark-animalsouk.ma-Recupere-Recupere.png\",\"datePublished\":\"2026-03-29T19:23:34+00:00\",\"dateModified\":\"2026-03-29T19:55:32+00:00\",\"description\":\"Achetez votre Royal Canin p\u00e2t\u00e9e en sauce pour chats st\u00e9rilis\u00e9s 85g au meilleur prix au Maroc. Livraison rapide | Animalsouk.ma\",\"breadcrumb\":{\"@id\":\"https:\/\/www.animalsouk.ma\/animalerie-maroc\/produit\/royal-canin-patee-en-sauce-pour-chats-sterilises-85g\/#breadcrumb\"},\"inLanguage\":\"fr-FR\",\"potentialAction\":[{\"@type\":\"ReadAction\",\"target\":[\"https:\/\/www.animalsouk.ma\/animalerie-maroc\/produit\/royal-canin-patee-en-sauce-pour-chats-sterilises-85g\/\"]}]},{\"@type\":\"ImageObject\",\"inLanguage\":\"fr-FR\",\"@id\":\"https:\/\/www.animalsouk.ma\/animalerie-maroc\/produit\/royal-canin-patee-en-sauce-pour-chats-sterilises-85g\/#primaryimage\",\"url\":\"https:\/\/www.animalsouk.ma\/animalerie-maroc\/wp-content\/uploads\/2026\/03\/watermark-animalsouk.ma-Recupere-Recupere.png\",\"contentUrl\":\"https:\/\/www.animalsouk.ma\/animalerie-maroc\/wp-content\/uploads\/2026\/03\/watermark-animalsouk.ma-Recupere-Recupere.png\",\"width\":928,\"height\":770},{\"@type\":\"BreadcrumbList\",\"@id\":\"https:\/\/www.animalsouk.ma\/animalerie-maroc\/produit\/royal-canin-patee-en-sauce-pour-chats-sterilises-85g\/#breadcrumb\",\"itemListElement\":[{\"@type\":\"ListItem\",\"position\":1,\"name\":\"Home\",\"item\":\"https:\/\/www.animalsouk.ma\/animalerie-maroc\/\"},{\"@type\":\"ListItem\",\"position\":2,\"name\":\"Boutique\",\"item\":\"https:\/\/www.animalsouk.ma\/animalerie-maroc\/boutique\/\"},{\"@type\":\"ListItem\",\"position\":3,\"name\":\"Royal Canin p\u00e2t\u00e9e en sauce pour chats st\u00e9rilis\u00e9s 85g\"}]},{\"@type\":\"WebSite\",\"@id\":\"https:\/\/www.animalsouk.ma\/animalerie-maroc\/#website\",\"url\":\"https:\/\/www.animalsouk.ma\/animalerie-maroc\/\",\"name\":\"Animalerie de casablanca\",\"description\":\"\",\"publisher\":{\"@id\":\"https:\/\/www.animalsouk.ma\/animalerie-maroc\/#organization\"},\"potentialAction\":[{\"@type\":\"SearchAction\",\"target\":{\"@type\":\"EntryPoint\",\"urlTemplate\":\"https:\/\/www.animalsouk.ma\/animalerie-maroc\/?s={search_term_string}\"},\"query-input\":{\"@type\":\"PropertyValueSpecification\",\"valueRequired\":true,\"valueName\":\"search_term_string\"}}],\"inLanguage\":\"fr-FR\"},{\"@type\":\"Organization\",\"@id\":\"https:\/\/www.animalsouk.ma\/animalerie-maroc\/#organization\",\"name\":\"Animalerie de casablanca\",\"url\":\"https:\/\/www.animalsouk.ma\/animalerie-maroc\/\",\"logo\":{\"@type\":\"ImageObject\",\"inLanguage\":\"fr-FR\",\"@id\":\"https:\/\/www.animalsouk.ma\/animalerie-maroc\/#\/schema\/logo\/image\/\",\"url\":\"https:\/\/www.animalsouk.ma\/animalerie-maroc\/wp-content\/uploads\/2025\/10\/animalsouk.ma-logo.png\",\"contentUrl\":\"https:\/\/www.animalsouk.ma\/animalerie-maroc\/wp-content\/uploads\/2025\/10\/animalsouk.ma-logo.png\",\"width\":760,\"height\":231,\"caption\":\"Animalerie de casablanca\"},\"image\":{\"@id\":\"https:\/\/www.animalsouk.ma\/animalerie-maroc\/#\/schema\/logo\/image\/\"},\"sameAs\":[\"https:\/\/www.facebook.com\/animalsouk.ma\",\"https:\/\/www.instagram.com\/animalsouk.ma\"]}]}<\/script>\n<!-- \/ Yoast SEO plugin. -->","yoast_head_json":{"title":"Royal Canin p\u00e2t\u00e9e en sauce pour chats st\u00e9rilis\u00e9s 85g - Animalerie Maroc","description":"Achetez votre Royal Canin p\u00e2t\u00e9e en sauce pour chats st\u00e9rilis\u00e9s 85g au meilleur prix au Maroc. Livraison rapide | Animalsouk.ma","robots":{"index":"index","follow":"follow","max-snippet":"max-snippet:-1","max-image-preview":"max-image-preview:large","max-video-preview":"max-video-preview:-1"},"canonical":"https:\/\/www.animalsouk.ma\/animalerie-maroc\/produit\/royal-canin-patee-en-sauce-pour-chats-sterilises-85g\/","og_locale":"fr_FR","og_type":"article","og_title":"Royal Canin p\u00e2t\u00e9e en sauce pour chats st\u00e9rilis\u00e9s 85g - Animalerie Maroc","og_description":"Achetez votre Royal Canin p\u00e2t\u00e9e en sauce pour chats st\u00e9rilis\u00e9s 85g au meilleur prix au Maroc. Livraison rapide | Animalsouk.ma","og_url":"https:\/\/www.animalsouk.ma\/animalerie-maroc\/produit\/royal-canin-patee-en-sauce-pour-chats-sterilises-85g\/","og_site_name":"Animalerie Maroc","article_publisher":"https:\/\/www.facebook.com\/animalsouk.ma","article_modified_time":"2026-03-29T19:55:32+00:00","og_image":[{"width":928,"height":770,"url":"https:\/\/www.animalsouk.ma\/animalerie-maroc\/wp-content\/uploads\/2026\/03\/watermark-animalsouk.ma-Recupere-Recupere.png","type":"image\/png"}],"twitter_card":"summary_large_image","twitter_misc":{"Dur\u00e9e de lecture estim\u00e9e":"2 minutes"},"schema":{"@context":"https:\/\/schema.org","@graph":[{"@type":"WebPage","@id":"https:\/\/www.animalsouk.ma\/animalerie-maroc\/produit\/royal-canin-patee-en-sauce-pour-chats-sterilises-85g\/","url":"https:\/\/www.animalsouk.ma\/animalerie-maroc\/produit\/royal-canin-patee-en-sauce-pour-chats-sterilises-85g\/","name":"Royal Canin p\u00e2t\u00e9e en sauce pour chats st\u00e9rilis\u00e9s 85g - Animalerie Maroc","isPartOf":{"@id":"https:\/\/www.animalsouk.ma\/animalerie-maroc\/#website"},"primaryImageOfPage":{"@id":"https:\/\/www.animalsouk.ma\/animalerie-maroc\/produit\/royal-canin-patee-en-sauce-pour-chats-sterilises-85g\/#primaryimage"},"image":{"@id":"https:\/\/www.animalsouk.ma\/animalerie-maroc\/produit\/royal-canin-patee-en-sauce-pour-chats-sterilises-85g\/#primaryimage"},"thumbnailUrl":"https:\/\/www.animalsouk.ma\/animalerie-maroc\/wp-content\/uploads\/2026\/03\/watermark-animalsouk.ma-Recupere-Recupere.png","datePublished":"2026-03-29T19:23:34+00:00","dateModified":"2026-03-29T19:55:32+00:00","description":"Achetez votre Royal Canin p\u00e2t\u00e9e en sauce pour chats st\u00e9rilis\u00e9s 85g au meilleur prix au Maroc. Livraison rapide | Animalsouk.ma","breadcrumb":{"@id":"https:\/\/www.animalsouk.ma\/animalerie-maroc\/produit\/royal-canin-patee-en-sauce-pour-chats-sterilises-85g\/#breadcrumb"},"inLanguage":"fr-FR","potentialAction":[{"@type":"ReadAction","target":["https:\/\/www.animalsouk.ma\/animalerie-maroc\/produit\/royal-canin-patee-en-sauce-pour-chats-sterilises-85g\/"]}]},{"@type":"ImageObject","inLanguage":"fr-FR","@id":"https:\/\/www.animalsouk.ma\/animalerie-maroc\/produit\/royal-canin-patee-en-sauce-pour-chats-sterilises-85g\/#primaryimage","url":"https:\/\/www.animalsouk.ma\/animalerie-maroc\/wp-content\/uploads\/2026\/03\/watermark-animalsouk.ma-Recupere-Recupere.png","contentUrl":"https:\/\/www.animalsouk.ma\/animalerie-maroc\/wp-content\/uploads\/2026\/03\/watermark-animalsouk.ma-Recupere-Recupere.png","width":928,"height":770},{"@type":"BreadcrumbList","@id":"https:\/\/www.animalsouk.ma\/animalerie-maroc\/produit\/royal-canin-patee-en-sauce-pour-chats-sterilises-85g\/#breadcrumb","itemListElement":[{"@type":"ListItem","position":1,"name":"Home","item":"https:\/\/www.animalsouk.ma\/animalerie-maroc\/"},{"@type":"ListItem","position":2,"name":"Boutique","item":"https:\/\/www.animalsouk.ma\/animalerie-maroc\/boutique\/"},{"@type":"ListItem","position":3,"name":"Royal Canin p\u00e2t\u00e9e en sauce pour chats st\u00e9rilis\u00e9s 85g"}]},{"@type":"WebSite","@id":"https:\/\/www.animalsouk.ma\/animalerie-maroc\/#website","url":"https:\/\/www.animalsouk.ma\/animalerie-maroc\/","name":"Animalerie de casablanca","description":"","publisher":{"@id":"https:\/\/www.animalsouk.ma\/animalerie-maroc\/#organization"},"potentialAction":[{"@type":"SearchAction","target":{"@type":"EntryPoint","urlTemplate":"https:\/\/www.animalsouk.ma\/animalerie-maroc\/?s={search_term_string}"},"query-input":{"@type":"PropertyValueSpecification","valueRequired":true,"valueName":"search_term_string"}}],"inLanguage":"fr-FR"},{"@type":"Organization","@id":"https:\/\/www.animalsouk.ma\/animalerie-maroc\/#organization","name":"Animalerie de casablanca","url":"https:\/\/www.animalsouk.ma\/animalerie-maroc\/","logo":{"@type":"ImageObject","inLanguage":"fr-FR","@id":"https:\/\/www.animalsouk.ma\/animalerie-maroc\/#\/schema\/logo\/image\/","url":"https:\/\/www.animalsouk.ma\/animalerie-maroc\/wp-content\/uploads\/2025\/10\/animalsouk.ma-logo.png","contentUrl":"https:\/\/www.animalsouk.ma\/animalerie-maroc\/wp-content\/uploads\/2025\/10\/animalsouk.ma-logo.png","width":760,"height":231,"caption":"Animalerie de casablanca"},"image":{"@id":"https:\/\/www.animalsouk.ma\/animalerie-maroc\/#\/schema\/logo\/image\/"},"sameAs":["https:\/\/www.facebook.com\/animalsouk.ma","https:\/\/www.instagram.com\/animalsouk.ma"]}]}},"_links":{"self":[{"href":"https:\/\/www.animalsouk.ma\/animalerie-maroc\/wp-json\/wp\/v2\/product\/1865","targetHints":{"allow":["GET"]}}],"collection":[{"href":"https:\/\/www.animalsouk.ma\/animalerie-maroc\/wp-json\/wp\/v2\/product"}],"about":[{"href":"https:\/\/www.animalsouk.ma\/animalerie-maroc\/wp-json\/wp\/v2\/types\/product"}],"wp:featuredmedia":[{"embeddable":true,"href":"https:\/\/www.animalsouk.ma\/animalerie-maroc\/wp-json\/wp\/v2\/media\/1866"}],"wp:attachment":[{"href":"https:\/\/www.animalsouk.ma\/animalerie-maroc\/wp-json\/wp\/v2\/media?parent=1865"}],"wp:term":[{"taxonomy":"product_brand","embeddable":true,"href":"https:\/\/www.animalsouk.ma\/animalerie-maroc\/wp-json\/wp\/v2\/product_brand?post=1865"},{"taxonomy":"product_cat","embeddable":true,"href":"https:\/\/www.animalsouk.ma\/animalerie-maroc\/wp-json\/wp\/v2\/product_cat?post=1865"},{"taxonomy":"product_tag","embeddable":true,"href":"https:\/\/www.animalsouk.ma\/animalerie-maroc\/wp-json\/wp\/v2\/product_tag?post=1865"}],"curies":[{"name":"wp","href":"https:\/\/api.w.org\/{rel}","templated":true}]}}