{"id":1782,"date":"2026-03-10T00:34:14","date_gmt":"2026-03-09T23:34:14","guid":{"rendered":"https:\/\/www.animalsouk.ma\/animalerie-maroc\/?post_type=product&#038;p=1782"},"modified":"2026-04-01T14:22:43","modified_gmt":"2026-04-01T12:22:43","slug":"croquettes-royal-canin-chat-sensible-2kg","status":"publish","type":"product","link":"https:\/\/www.animalsouk.ma\/animalerie-maroc\/produit\/croquettes-royal-canin-chat-sensible-2kg\/","title":{"rendered":"Croquettes Royal Canin chat Sensible 2kg"},"content":{"rendered":"<div class=\"ShowMoreLess-module_wrapper__o7OmT \">\n<p>Croquettes complets et \u00e9quilibr\u00e9s pour chats adultes de plus de 1 an &#8211; sensibilit\u00e9 digestive. Le syst\u00e8me digestif de certains chats peut \u00eatre sensible \u00e0 certains types d\u2019aliments, et si c\u2019est le cas pour votre animal, un changement d\u2019alimentation peut \u00eatre n\u00e9cessaire afin de stabiliser son estomac. De nombreux nutriments sont susceptibles d\u2019avoir un effet apaisant sur son syst\u00e8me digestif. \u00a0 ROYAL CANIN\u00ae Sensible 33 est sp\u00e9cialement formul\u00e9 pour soutenir les chats adultes pr\u00e9sentant des signes de sensibilit\u00e9 \u00e0 certains aliments. Il contient un m\u00e9lange exclusif d\u2019\u00e9l\u00e9ments nutritifs pour offrir une s\u00e9curit\u00e9 digestive optimale et convient aux chats adultes \u00e2g\u00e9s de 1 \u00e0 7 ans. \u00a0 ROYAL CANIN\u00ae Sensible 33 est extr\u00eamement savoureux et contient trois formes de croquettes diff\u00e9rentes et des ar\u00f4mes soigneusement s\u00e9lectionn\u00e9s pour stimuler la prise de nourriture et faciliter la digestion. \u00a0 De plus, ROYAL CANIN\u00ae Sensible 33 a \u00e9galement \u00e9t\u00e9 con\u00e7u pour aider \u00e0 renforcer le syst\u00e8me urinaire des chats adultes comme le v\u00f4tre. \u00a0 Une fois que le syst\u00e8me digestif de votre chat commence \u00e0 s\u2019am\u00e9liorer, vous pouvez continuer \u00e0 le nourrir avec ROYAL CANIN\u00ae Sensible 33, qui a \u00e9t\u00e9 con\u00e7u non seulement pour favoriser la digestion, mais aussi pour l\u2019entretenir par la suite.<\/p>\n<h2>COMPOSITION :<\/h2>\n<p>prot\u00e9ines de volaille d\u00e9shydrat\u00e9es, graisses animales, riz, prot\u00e9ines de porc d\u00e9shydrat\u00e9es, ma\u00efs, gluten de bl\u00e9*, farine de bl\u00e9, prot\u00e9ines animales hydrolys\u00e9es, bl\u00e9, gluten de ma\u00efs, produits de levures, pulpe de betterave, huile de poissons, substances min\u00e9rales, fibres v\u00e9g\u00e9tales, huile de soja, fructo-oligosaccharides.<\/p>\n<\/div>\n<h2 class=\"ShowMoreLess-module_buttoncontainer__D1rhB  \">CONSTITUANTS ANALYTIQUES :<\/h2>\n<div class=\"ShowMoreLess-module_buttoncontainer__D1rhB  \">Prot\u00e9ine : 33,0 % &#8211; Cellulose brute : 1,6 % &#8211; Teneur en mati\u00e8res grasses : 22,0 % &#8211; Cendres brutes : 7,3 %.<\/div>\n","protected":false},"excerpt":{"rendered":"<p>Croquettes complets et \u00e9quilibr\u00e9s pour chats adultes de plus de 1 an &#8211; sensibilit\u00e9 digestive. Le syst\u00e8me digestif de certains chats peut \u00eatre sensible \u00e0 certains types d\u2019aliments, et si c\u2019est le cas pour votre animal, un changement d\u2019alimentation peut \u00eatre n\u00e9cessaire afin de stabiliser son estomac. De nombreux nutriments sont susceptibles d\u2019avoir un effet [&#8230;]\n","protected":false},"featured_media":1783,"template":"","meta":[],"product_brand":[31],"product_cat":[18],"product_tag":[],"class_list":{"0":"post-1782","1":"product","2":"type-product","3":"status-publish","4":"has-post-thumbnail","6":"product_brand-royal-canin","7":"product_cat-alimentation-pour-chats","9":"first","10":"instock","11":"shipping-taxable","12":"purchasable","13":"product-type-simple"},"yoast_head":"<!-- This site is optimized with the Yoast SEO plugin v27.3 - https:\/\/yoast.com\/product\/yoast-seo-wordpress\/ -->\n<title>Croquettes Royal Canin chat Sensible 2kg - Animalerie Maroc<\/title>\n<meta name=\"description\" content=\"Achetez votre Croquettes Royal Canin chat Sensible 2kg au meilleur prix au Maroc. Livraison rapide | Animalsouk.ma\" \/>\n<meta name=\"robots\" content=\"index, follow, max-snippet:-1, max-image-preview:large, max-video-preview:-1\" \/>\n<link rel=\"canonical\" href=\"https:\/\/www.animalsouk.ma\/animalerie-maroc\/produit\/croquettes-royal-canin-chat-sensible-2kg\/\" \/>\n<meta property=\"og:locale\" content=\"fr_FR\" \/>\n<meta property=\"og:type\" content=\"article\" \/>\n<meta property=\"og:title\" content=\"Croquettes Royal Canin chat Sensible 2kg - Animalerie Maroc\" \/>\n<meta property=\"og:description\" content=\"Achetez votre Croquettes Royal Canin chat Sensible 2kg au meilleur prix au Maroc. Livraison rapide | Animalsouk.ma\" \/>\n<meta property=\"og:url\" content=\"https:\/\/www.animalsouk.ma\/animalerie-maroc\/produit\/croquettes-royal-canin-chat-sensible-2kg\/\" \/>\n<meta property=\"og:site_name\" content=\"Animalerie Maroc\" \/>\n<meta property=\"article:publisher\" content=\"https:\/\/www.facebook.com\/animalsouk.ma\" \/>\n<meta property=\"article:modified_time\" content=\"2026-04-01T12:22:43+00:00\" \/>\n<meta property=\"og:image\" content=\"https:\/\/www.animalsouk.ma\/animalerie-maroc\/wp-content\/uploads\/2026\/03\/jkjkbb.png\" \/>\n\t<meta property=\"og:image:width\" content=\"928\" \/>\n\t<meta property=\"og:image:height\" content=\"770\" \/>\n\t<meta property=\"og:image:type\" content=\"image\/png\" \/>\n<meta name=\"twitter:card\" content=\"summary_large_image\" \/>\n<meta name=\"twitter:label1\" content=\"Dur\u00e9e de lecture estim\u00e9e\" \/>\n\t<meta name=\"twitter:data1\" content=\"2 minutes\" \/>\n<script type=\"application\/ld+json\" class=\"yoast-schema-graph\">{\"@context\":\"https:\\\/\\\/schema.org\",\"@graph\":[{\"@type\":\"WebPage\",\"@id\":\"https:\\\/\\\/www.animalsouk.ma\\\/animalerie-maroc\\\/produit\\\/croquettes-royal-canin-chat-sensible-2kg\\\/\",\"url\":\"https:\\\/\\\/www.animalsouk.ma\\\/animalerie-maroc\\\/produit\\\/croquettes-royal-canin-chat-sensible-2kg\\\/\",\"name\":\"Croquettes Royal Canin chat Sensible 2kg - Animalerie Maroc\",\"isPartOf\":{\"@id\":\"https:\\\/\\\/www.animalsouk.ma\\\/animalerie-maroc\\\/#website\"},\"primaryImageOfPage\":{\"@id\":\"https:\\\/\\\/www.animalsouk.ma\\\/animalerie-maroc\\\/produit\\\/croquettes-royal-canin-chat-sensible-2kg\\\/#primaryimage\"},\"image\":{\"@id\":\"https:\\\/\\\/www.animalsouk.ma\\\/animalerie-maroc\\\/produit\\\/croquettes-royal-canin-chat-sensible-2kg\\\/#primaryimage\"},\"thumbnailUrl\":\"https:\\\/\\\/www.animalsouk.ma\\\/animalerie-maroc\\\/wp-content\\\/uploads\\\/2026\\\/03\\\/jkjkbb.png\",\"datePublished\":\"2026-03-09T23:34:14+00:00\",\"dateModified\":\"2026-04-01T12:22:43+00:00\",\"description\":\"Achetez votre Croquettes Royal Canin chat Sensible 2kg au meilleur prix au Maroc. Livraison rapide | Animalsouk.ma\",\"breadcrumb\":{\"@id\":\"https:\\\/\\\/www.animalsouk.ma\\\/animalerie-maroc\\\/produit\\\/croquettes-royal-canin-chat-sensible-2kg\\\/#breadcrumb\"},\"inLanguage\":\"fr-FR\",\"potentialAction\":[{\"@type\":\"ReadAction\",\"target\":[\"https:\\\/\\\/www.animalsouk.ma\\\/animalerie-maroc\\\/produit\\\/croquettes-royal-canin-chat-sensible-2kg\\\/\"]}]},{\"@type\":\"ImageObject\",\"inLanguage\":\"fr-FR\",\"@id\":\"https:\\\/\\\/www.animalsouk.ma\\\/animalerie-maroc\\\/produit\\\/croquettes-royal-canin-chat-sensible-2kg\\\/#primaryimage\",\"url\":\"https:\\\/\\\/www.animalsouk.ma\\\/animalerie-maroc\\\/wp-content\\\/uploads\\\/2026\\\/03\\\/jkjkbb.png\",\"contentUrl\":\"https:\\\/\\\/www.animalsouk.ma\\\/animalerie-maroc\\\/wp-content\\\/uploads\\\/2026\\\/03\\\/jkjkbb.png\",\"width\":928,\"height\":770},{\"@type\":\"BreadcrumbList\",\"@id\":\"https:\\\/\\\/www.animalsouk.ma\\\/animalerie-maroc\\\/produit\\\/croquettes-royal-canin-chat-sensible-2kg\\\/#breadcrumb\",\"itemListElement\":[{\"@type\":\"ListItem\",\"position\":1,\"name\":\"Home\",\"item\":\"https:\\\/\\\/www.animalsouk.ma\\\/animalerie-maroc\\\/\"},{\"@type\":\"ListItem\",\"position\":2,\"name\":\"Boutique\",\"item\":\"https:\\\/\\\/www.animalsouk.ma\\\/animalerie-maroc\\\/boutique\\\/\"},{\"@type\":\"ListItem\",\"position\":3,\"name\":\"Croquettes Royal Canin chat Sensible 2kg\"}]},{\"@type\":\"WebSite\",\"@id\":\"https:\\\/\\\/www.animalsouk.ma\\\/animalerie-maroc\\\/#website\",\"url\":\"https:\\\/\\\/www.animalsouk.ma\\\/animalerie-maroc\\\/\",\"name\":\"Animalerie de casablanca\",\"description\":\"\",\"publisher\":{\"@id\":\"https:\\\/\\\/www.animalsouk.ma\\\/animalerie-maroc\\\/#organization\"},\"potentialAction\":[{\"@type\":\"SearchAction\",\"target\":{\"@type\":\"EntryPoint\",\"urlTemplate\":\"https:\\\/\\\/www.animalsouk.ma\\\/animalerie-maroc\\\/?s={search_term_string}\"},\"query-input\":{\"@type\":\"PropertyValueSpecification\",\"valueRequired\":true,\"valueName\":\"search_term_string\"}}],\"inLanguage\":\"fr-FR\"},{\"@type\":\"Organization\",\"@id\":\"https:\\\/\\\/www.animalsouk.ma\\\/animalerie-maroc\\\/#organization\",\"name\":\"Animalerie de casablanca\",\"url\":\"https:\\\/\\\/www.animalsouk.ma\\\/animalerie-maroc\\\/\",\"logo\":{\"@type\":\"ImageObject\",\"inLanguage\":\"fr-FR\",\"@id\":\"https:\\\/\\\/www.animalsouk.ma\\\/animalerie-maroc\\\/#\\\/schema\\\/logo\\\/image\\\/\",\"url\":\"https:\\\/\\\/www.animalsouk.ma\\\/animalerie-maroc\\\/wp-content\\\/uploads\\\/2025\\\/10\\\/animalsouk.ma-logo.png\",\"contentUrl\":\"https:\\\/\\\/www.animalsouk.ma\\\/animalerie-maroc\\\/wp-content\\\/uploads\\\/2025\\\/10\\\/animalsouk.ma-logo.png\",\"width\":760,\"height\":231,\"caption\":\"Animalerie de casablanca\"},\"image\":{\"@id\":\"https:\\\/\\\/www.animalsouk.ma\\\/animalerie-maroc\\\/#\\\/schema\\\/logo\\\/image\\\/\"},\"sameAs\":[\"https:\\\/\\\/www.facebook.com\\\/animalsouk.ma\",\"https:\\\/\\\/www.instagram.com\\\/animalsouk.ma\"]}]}<\/script>\n<!-- \/ Yoast SEO plugin. -->","yoast_head_json":{"title":"Croquettes Royal Canin chat Sensible 2kg - Animalerie Maroc","description":"Achetez votre Croquettes Royal Canin chat Sensible 2kg au meilleur prix au Maroc. Livraison rapide | Animalsouk.ma","robots":{"index":"index","follow":"follow","max-snippet":"max-snippet:-1","max-image-preview":"max-image-preview:large","max-video-preview":"max-video-preview:-1"},"canonical":"https:\/\/www.animalsouk.ma\/animalerie-maroc\/produit\/croquettes-royal-canin-chat-sensible-2kg\/","og_locale":"fr_FR","og_type":"article","og_title":"Croquettes Royal Canin chat Sensible 2kg - Animalerie Maroc","og_description":"Achetez votre Croquettes Royal Canin chat Sensible 2kg au meilleur prix au Maroc. Livraison rapide | Animalsouk.ma","og_url":"https:\/\/www.animalsouk.ma\/animalerie-maroc\/produit\/croquettes-royal-canin-chat-sensible-2kg\/","og_site_name":"Animalerie Maroc","article_publisher":"https:\/\/www.facebook.com\/animalsouk.ma","article_modified_time":"2026-04-01T12:22:43+00:00","og_image":[{"width":928,"height":770,"url":"https:\/\/www.animalsouk.ma\/animalerie-maroc\/wp-content\/uploads\/2026\/03\/jkjkbb.png","type":"image\/png"}],"twitter_card":"summary_large_image","twitter_misc":{"Dur\u00e9e de lecture estim\u00e9e":"2 minutes"},"schema":{"@context":"https:\/\/schema.org","@graph":[{"@type":"WebPage","@id":"https:\/\/www.animalsouk.ma\/animalerie-maroc\/produit\/croquettes-royal-canin-chat-sensible-2kg\/","url":"https:\/\/www.animalsouk.ma\/animalerie-maroc\/produit\/croquettes-royal-canin-chat-sensible-2kg\/","name":"Croquettes Royal Canin chat Sensible 2kg - Animalerie Maroc","isPartOf":{"@id":"https:\/\/www.animalsouk.ma\/animalerie-maroc\/#website"},"primaryImageOfPage":{"@id":"https:\/\/www.animalsouk.ma\/animalerie-maroc\/produit\/croquettes-royal-canin-chat-sensible-2kg\/#primaryimage"},"image":{"@id":"https:\/\/www.animalsouk.ma\/animalerie-maroc\/produit\/croquettes-royal-canin-chat-sensible-2kg\/#primaryimage"},"thumbnailUrl":"https:\/\/www.animalsouk.ma\/animalerie-maroc\/wp-content\/uploads\/2026\/03\/jkjkbb.png","datePublished":"2026-03-09T23:34:14+00:00","dateModified":"2026-04-01T12:22:43+00:00","description":"Achetez votre Croquettes Royal Canin chat Sensible 2kg au meilleur prix au Maroc. Livraison rapide | Animalsouk.ma","breadcrumb":{"@id":"https:\/\/www.animalsouk.ma\/animalerie-maroc\/produit\/croquettes-royal-canin-chat-sensible-2kg\/#breadcrumb"},"inLanguage":"fr-FR","potentialAction":[{"@type":"ReadAction","target":["https:\/\/www.animalsouk.ma\/animalerie-maroc\/produit\/croquettes-royal-canin-chat-sensible-2kg\/"]}]},{"@type":"ImageObject","inLanguage":"fr-FR","@id":"https:\/\/www.animalsouk.ma\/animalerie-maroc\/produit\/croquettes-royal-canin-chat-sensible-2kg\/#primaryimage","url":"https:\/\/www.animalsouk.ma\/animalerie-maroc\/wp-content\/uploads\/2026\/03\/jkjkbb.png","contentUrl":"https:\/\/www.animalsouk.ma\/animalerie-maroc\/wp-content\/uploads\/2026\/03\/jkjkbb.png","width":928,"height":770},{"@type":"BreadcrumbList","@id":"https:\/\/www.animalsouk.ma\/animalerie-maroc\/produit\/croquettes-royal-canin-chat-sensible-2kg\/#breadcrumb","itemListElement":[{"@type":"ListItem","position":1,"name":"Home","item":"https:\/\/www.animalsouk.ma\/animalerie-maroc\/"},{"@type":"ListItem","position":2,"name":"Boutique","item":"https:\/\/www.animalsouk.ma\/animalerie-maroc\/boutique\/"},{"@type":"ListItem","position":3,"name":"Croquettes Royal Canin chat Sensible 2kg"}]},{"@type":"WebSite","@id":"https:\/\/www.animalsouk.ma\/animalerie-maroc\/#website","url":"https:\/\/www.animalsouk.ma\/animalerie-maroc\/","name":"Animalerie de casablanca","description":"","publisher":{"@id":"https:\/\/www.animalsouk.ma\/animalerie-maroc\/#organization"},"potentialAction":[{"@type":"SearchAction","target":{"@type":"EntryPoint","urlTemplate":"https:\/\/www.animalsouk.ma\/animalerie-maroc\/?s={search_term_string}"},"query-input":{"@type":"PropertyValueSpecification","valueRequired":true,"valueName":"search_term_string"}}],"inLanguage":"fr-FR"},{"@type":"Organization","@id":"https:\/\/www.animalsouk.ma\/animalerie-maroc\/#organization","name":"Animalerie de casablanca","url":"https:\/\/www.animalsouk.ma\/animalerie-maroc\/","logo":{"@type":"ImageObject","inLanguage":"fr-FR","@id":"https:\/\/www.animalsouk.ma\/animalerie-maroc\/#\/schema\/logo\/image\/","url":"https:\/\/www.animalsouk.ma\/animalerie-maroc\/wp-content\/uploads\/2025\/10\/animalsouk.ma-logo.png","contentUrl":"https:\/\/www.animalsouk.ma\/animalerie-maroc\/wp-content\/uploads\/2025\/10\/animalsouk.ma-logo.png","width":760,"height":231,"caption":"Animalerie de casablanca"},"image":{"@id":"https:\/\/www.animalsouk.ma\/animalerie-maroc\/#\/schema\/logo\/image\/"},"sameAs":["https:\/\/www.facebook.com\/animalsouk.ma","https:\/\/www.instagram.com\/animalsouk.ma"]}]}},"_links":{"self":[{"href":"https:\/\/www.animalsouk.ma\/animalerie-maroc\/wp-json\/wp\/v2\/product\/1782","targetHints":{"allow":["GET"]}}],"collection":[{"href":"https:\/\/www.animalsouk.ma\/animalerie-maroc\/wp-json\/wp\/v2\/product"}],"about":[{"href":"https:\/\/www.animalsouk.ma\/animalerie-maroc\/wp-json\/wp\/v2\/types\/product"}],"wp:featuredmedia":[{"embeddable":true,"href":"https:\/\/www.animalsouk.ma\/animalerie-maroc\/wp-json\/wp\/v2\/media\/1783"}],"wp:attachment":[{"href":"https:\/\/www.animalsouk.ma\/animalerie-maroc\/wp-json\/wp\/v2\/media?parent=1782"}],"wp:term":[{"taxonomy":"product_brand","embeddable":true,"href":"https:\/\/www.animalsouk.ma\/animalerie-maroc\/wp-json\/wp\/v2\/product_brand?post=1782"},{"taxonomy":"product_cat","embeddable":true,"href":"https:\/\/www.animalsouk.ma\/animalerie-maroc\/wp-json\/wp\/v2\/product_cat?post=1782"},{"taxonomy":"product_tag","embeddable":true,"href":"https:\/\/www.animalsouk.ma\/animalerie-maroc\/wp-json\/wp\/v2\/product_tag?post=1782"}],"curies":[{"name":"wp","href":"https:\/\/api.w.org\/{rel}","templated":true}]}}