{"id":1775,"date":"2026-03-06T18:06:59","date_gmt":"2026-03-06T17:06:59","guid":{"rendered":"https:\/\/www.animalsouk.ma\/animalerie-maroc\/?post_type=product&#038;p=1775"},"modified":"2026-03-06T18:06:59","modified_gmt":"2026-03-06T17:06:59","slug":"purina-pro-plan-adulte-derma-care-en-saumon-15kg","status":"publish","type":"product","link":"https:\/\/www.animalsouk.ma\/animalerie-maroc\/produit\/purina-pro-plan-adulte-derma-care-en-saumon-15kg\/","title":{"rendered":"PURINA PRO PLAN adulte Derma Care en saumon 1,5Kg"},"content":{"rendered":"<div class=\"easytabs-content-item easytabs-active\" data-et-marker=\"tabs-proplan-elegant-adult-derma-1-5kg-2\" data-et-handle=\"tabs-description\">\n<div id=\"easytabs-content-7569611882711-0\" class=\"easytabs-content-holder\" role=\"region\" data-tab-labelledby=\"easytabs-tab-label-7569611882711-0\" data-acc-labelledby=\"easytabs-acc-label-7569611882711-0\" aria-hidden=\"false\" aria-labelledby=\"easytabs-acc-label-7569611882711-0\">\n<p><strong><span dir=\"auto\">PURINA\u00ae PRO PLAN\u00ae Soins Dermique Adultes au Saumon<\/span><\/strong><span dir=\"auto\">\u00a0est sp\u00e9cialement con\u00e7u pour les chats \u00e0 la peau sensible et ceux sujets aux boules de poils.<\/span><\/p>\n<p><span dir=\"auto\">Avec le saumon comme ingr\u00e9dient principal, cette recette favorise une peau et un pelage sains, tandis que les fibres ajout\u00e9es r\u00e9duisent la formation de boules de poils en aidant \u00e0 \u00e9liminer jusqu&rsquo;\u00e0 deux fois plus de poils dans les selles en 14 jours*.<\/span><\/p>\n<p><strong><span dir=\"auto\">Principaux avantages<\/span><\/strong><\/p>\n<ul>\n<li><strong><span dir=\"auto\">Sant\u00e9 de la peau et du pelage<\/span><\/strong><span dir=\"auto\">\u00a0\u00a0Enrichi en acides gras om\u00e9ga 3 et 6 pour favoriser une peau saine et un pelage brillant.<\/span><\/li>\n<li><strong><span dir=\"auto\">Contr\u00f4le des boules de poils :<\/span><\/strong><span dir=\"auto\">\u00a0\u00a0Les fibres ajout\u00e9es contribuent \u00e0 r\u00e9duire la formation de boules de poils en \u00e9liminant davantage de poils par les selles.<\/span><\/li>\n<li><strong><span dir=\"auto\">R\u00e9duit la perte de poils.<\/span><\/strong><span dir=\"auto\">\u00a0\u00a0Il est prouv\u00e9 qu&rsquo;il contribue \u00e0 limiter la perte excessive de poils, notamment chez les chats \u00e0 poils longs.<\/span><\/li>\n<li><strong><span dir=\"auto\">Cette savoureuse recette de saumon, tr\u00e8s app\u00e9tissante,<\/span><\/strong><span dir=\"auto\">\u00a0\u00a0encourage une consommation quotidienne saine, m\u00eame pour les palais difficiles.<\/span><\/li>\n<li><strong><span dir=\"auto\">Nutrition fond\u00e9e sur la science.<\/span><\/strong><span dir=\"auto\">\u00a0\u00a0Recette compl\u00e8te et \u00e9quilibr\u00e9e, sans colorants ni ar\u00f4mes ajout\u00e9s.<\/span><\/li>\n<\/ul>\n<h3><strong>Ingr\u00e9dients :<\/strong><\/h3>\n<p><span dir=\"auto\">Saumon de haute qualit\u00e9 (15%) (y compris t\u00eate, ar\u00eates, chair), bl\u00e9, gluten de bl\u00e9, farine de prot\u00e9ines de ma\u00efs, prot\u00e9ines de saumon s\u00e9ch\u00e9es, graisses animales, fibres v\u00e9g\u00e9tales s\u00e9ch\u00e9es, ma\u00efs, \u0153uf s\u00e9ch\u00e9, pulpe de betterave s\u00e9ch\u00e9e, semoule de ma\u00efs, min\u00e9raux, racine de chicor\u00e9e s\u00e9ch\u00e9e, hydrolysat, levures.<\/span><\/p>\n<p><strong><span dir=\"auto\">Additifs<\/span><\/strong><\/p>\n<p><span dir=\"auto\">UI\/kg : Vitamine A : 37\u00a0000\u00a0; Vitamine D3 : 1\u00a0200\u00a0; Vitamine E : 670<\/span><br \/>\n<span dir=\"auto\">\u00a0mg\/kg : Vitamine C : 140\u00a0mg\/kg\u00a0; Sulfate de fer (II) monohydrat\u00e9 (Fe : 140\u00a0mg\/kg)\u00a0; Iodate de calcium anhydre (I : 2,2\u00a0mg\/kg)\u00a0; Sulfate de cuivre (II) pentahydrat\u00e9 (Cu : 15\u00a0mg\/kg)\u00a0; Sulfate de mangan\u00e8se monohydrat\u00e9 (Mn : 53\u00a0mg\/kg)\u00a0; Sulfate de zinc monohydrat\u00e9 (Zn : 130\u00a0mg\/kg)\u00a0; S\u00e9l\u00e9nite de sodium (Se : 0,15\u00a0mg\/kg).<\/span><br \/>\n<span dir=\"auto\">Contient des antioxydants.<\/span><\/p>\n<ul>\n<li><span dir=\"auto\">Prot\u00e9ines : 36,0 %<\/span><\/li>\n<li><span dir=\"auto\">Teneur en mati\u00e8res grasses : 16,0 %<\/span><\/li>\n<li><span dir=\"auto\">Cendres brutes : 7,0 %<\/span><\/li>\n<li><span dir=\"auto\">Fibres brutes : 5,5 %<\/span><\/li>\n<li><span dir=\"auto\">Acides gras om\u00e9ga 3 : 0,6 %<\/span><\/li>\n<li><span dir=\"auto\">Acides gras om\u00e9ga 6 : 2,0 %<\/span><\/li>\n<li><span dir=\"auto\">Humidit\u00e9 : 6,0 %<\/span><\/li>\n<\/ul>\n<\/div>\n<\/div>\n","protected":false},"excerpt":{"rendered":"<p>PURINA\u00ae PRO PLAN\u00ae Soins Dermique Adultes au Saumon\u00a0est sp\u00e9cialement con\u00e7u pour les chats \u00e0 la peau sensible et ceux sujets aux boules de poils. Avec le saumon comme ingr\u00e9dient principal, cette recette favorise une peau et un pelage sains, tandis que les fibres ajout\u00e9es r\u00e9duisent la formation de boules de poils en aidant \u00e0 \u00e9liminer [&#8230;]\n","protected":false},"featured_media":1776,"template":"","meta":[],"product_brand":[22],"product_cat":[18],"product_tag":[],"class_list":{"0":"post-1775","1":"product","2":"type-product","3":"status-publish","4":"has-post-thumbnail","6":"product_brand-purina-pro-plan","7":"product_cat-alimentation-pour-chats","9":"first","10":"instock","11":"sale","12":"shipping-taxable","13":"purchasable","14":"product-type-simple"},"yoast_head":"<!-- This site is optimized with the Yoast SEO plugin v27.3 - https:\/\/yoast.com\/product\/yoast-seo-wordpress\/ -->\n<title>PURINA PRO PLAN adulte Derma Care en saumon 1,5Kg - Animalerie Maroc<\/title>\n<meta name=\"description\" content=\"Achetez votre PURINA PRO PLAN adulte Derma Care en saumon 1,5Kg au meilleur prix au Maroc. Livraison rapide | Animalsouk.ma\" \/>\n<meta name=\"robots\" content=\"index, follow, max-snippet:-1, max-image-preview:large, max-video-preview:-1\" \/>\n<link rel=\"canonical\" href=\"https:\/\/www.animalsouk.ma\/animalerie-maroc\/produit\/purina-pro-plan-adulte-derma-care-en-saumon-15kg\/\" \/>\n<meta property=\"og:locale\" content=\"fr_FR\" \/>\n<meta property=\"og:type\" content=\"article\" \/>\n<meta property=\"og:title\" content=\"PURINA PRO PLAN adulte Derma Care en saumon 1,5Kg - Animalerie Maroc\" \/>\n<meta property=\"og:description\" content=\"Achetez votre PURINA PRO PLAN adulte Derma Care en saumon 1,5Kg au meilleur prix au Maroc. Livraison rapide | Animalsouk.ma\" \/>\n<meta property=\"og:url\" content=\"https:\/\/www.animalsouk.ma\/animalerie-maroc\/produit\/purina-pro-plan-adulte-derma-care-en-saumon-15kg\/\" \/>\n<meta property=\"og:site_name\" content=\"Animalerie Maroc\" \/>\n<meta property=\"article:publisher\" content=\"https:\/\/www.facebook.com\/animalsouk.ma\" \/>\n<meta property=\"og:image\" content=\"https:\/\/www.animalsouk.ma\/animalerie-maroc\/wp-content\/uploads\/2026\/03\/jkjkjk.png\" \/>\n\t<meta property=\"og:image:width\" content=\"928\" \/>\n\t<meta property=\"og:image:height\" content=\"770\" \/>\n\t<meta property=\"og:image:type\" content=\"image\/png\" \/>\n<meta name=\"twitter:card\" content=\"summary_large_image\" \/>\n<meta name=\"twitter:label1\" content=\"Dur\u00e9e de lecture estim\u00e9e\" \/>\n\t<meta name=\"twitter:data1\" content=\"2 minutes\" \/>\n<script type=\"application\/ld+json\" class=\"yoast-schema-graph\">{\"@context\":\"https:\\\/\\\/schema.org\",\"@graph\":[{\"@type\":\"WebPage\",\"@id\":\"https:\\\/\\\/www.animalsouk.ma\\\/animalerie-maroc\\\/produit\\\/purina-pro-plan-adulte-derma-care-en-saumon-15kg\\\/\",\"url\":\"https:\\\/\\\/www.animalsouk.ma\\\/animalerie-maroc\\\/produit\\\/purina-pro-plan-adulte-derma-care-en-saumon-15kg\\\/\",\"name\":\"PURINA PRO PLAN adulte Derma Care en saumon 1,5Kg - Animalerie Maroc\",\"isPartOf\":{\"@id\":\"https:\\\/\\\/www.animalsouk.ma\\\/animalerie-maroc\\\/#website\"},\"primaryImageOfPage\":{\"@id\":\"https:\\\/\\\/www.animalsouk.ma\\\/animalerie-maroc\\\/produit\\\/purina-pro-plan-adulte-derma-care-en-saumon-15kg\\\/#primaryimage\"},\"image\":{\"@id\":\"https:\\\/\\\/www.animalsouk.ma\\\/animalerie-maroc\\\/produit\\\/purina-pro-plan-adulte-derma-care-en-saumon-15kg\\\/#primaryimage\"},\"thumbnailUrl\":\"https:\\\/\\\/www.animalsouk.ma\\\/animalerie-maroc\\\/wp-content\\\/uploads\\\/2026\\\/03\\\/jkjkjk.png\",\"datePublished\":\"2026-03-06T17:06:59+00:00\",\"description\":\"Achetez votre PURINA PRO PLAN adulte Derma Care en saumon 1,5Kg au meilleur prix au Maroc. Livraison rapide | Animalsouk.ma\",\"breadcrumb\":{\"@id\":\"https:\\\/\\\/www.animalsouk.ma\\\/animalerie-maroc\\\/produit\\\/purina-pro-plan-adulte-derma-care-en-saumon-15kg\\\/#breadcrumb\"},\"inLanguage\":\"fr-FR\",\"potentialAction\":[{\"@type\":\"ReadAction\",\"target\":[\"https:\\\/\\\/www.animalsouk.ma\\\/animalerie-maroc\\\/produit\\\/purina-pro-plan-adulte-derma-care-en-saumon-15kg\\\/\"]}]},{\"@type\":\"ImageObject\",\"inLanguage\":\"fr-FR\",\"@id\":\"https:\\\/\\\/www.animalsouk.ma\\\/animalerie-maroc\\\/produit\\\/purina-pro-plan-adulte-derma-care-en-saumon-15kg\\\/#primaryimage\",\"url\":\"https:\\\/\\\/www.animalsouk.ma\\\/animalerie-maroc\\\/wp-content\\\/uploads\\\/2026\\\/03\\\/jkjkjk.png\",\"contentUrl\":\"https:\\\/\\\/www.animalsouk.ma\\\/animalerie-maroc\\\/wp-content\\\/uploads\\\/2026\\\/03\\\/jkjkjk.png\",\"width\":928,\"height\":770},{\"@type\":\"BreadcrumbList\",\"@id\":\"https:\\\/\\\/www.animalsouk.ma\\\/animalerie-maroc\\\/produit\\\/purina-pro-plan-adulte-derma-care-en-saumon-15kg\\\/#breadcrumb\",\"itemListElement\":[{\"@type\":\"ListItem\",\"position\":1,\"name\":\"Home\",\"item\":\"https:\\\/\\\/www.animalsouk.ma\\\/animalerie-maroc\\\/\"},{\"@type\":\"ListItem\",\"position\":2,\"name\":\"Boutique\",\"item\":\"https:\\\/\\\/www.animalsouk.ma\\\/animalerie-maroc\\\/boutique\\\/\"},{\"@type\":\"ListItem\",\"position\":3,\"name\":\"PURINA PRO PLAN adulte Derma Care en saumon 1,5Kg\"}]},{\"@type\":\"WebSite\",\"@id\":\"https:\\\/\\\/www.animalsouk.ma\\\/animalerie-maroc\\\/#website\",\"url\":\"https:\\\/\\\/www.animalsouk.ma\\\/animalerie-maroc\\\/\",\"name\":\"Animalerie de casablanca\",\"description\":\"\",\"publisher\":{\"@id\":\"https:\\\/\\\/www.animalsouk.ma\\\/animalerie-maroc\\\/#organization\"},\"potentialAction\":[{\"@type\":\"SearchAction\",\"target\":{\"@type\":\"EntryPoint\",\"urlTemplate\":\"https:\\\/\\\/www.animalsouk.ma\\\/animalerie-maroc\\\/?s={search_term_string}\"},\"query-input\":{\"@type\":\"PropertyValueSpecification\",\"valueRequired\":true,\"valueName\":\"search_term_string\"}}],\"inLanguage\":\"fr-FR\"},{\"@type\":\"Organization\",\"@id\":\"https:\\\/\\\/www.animalsouk.ma\\\/animalerie-maroc\\\/#organization\",\"name\":\"Animalerie de casablanca\",\"url\":\"https:\\\/\\\/www.animalsouk.ma\\\/animalerie-maroc\\\/\",\"logo\":{\"@type\":\"ImageObject\",\"inLanguage\":\"fr-FR\",\"@id\":\"https:\\\/\\\/www.animalsouk.ma\\\/animalerie-maroc\\\/#\\\/schema\\\/logo\\\/image\\\/\",\"url\":\"https:\\\/\\\/www.animalsouk.ma\\\/animalerie-maroc\\\/wp-content\\\/uploads\\\/2025\\\/10\\\/animalsouk.ma-logo.png\",\"contentUrl\":\"https:\\\/\\\/www.animalsouk.ma\\\/animalerie-maroc\\\/wp-content\\\/uploads\\\/2025\\\/10\\\/animalsouk.ma-logo.png\",\"width\":760,\"height\":231,\"caption\":\"Animalerie de casablanca\"},\"image\":{\"@id\":\"https:\\\/\\\/www.animalsouk.ma\\\/animalerie-maroc\\\/#\\\/schema\\\/logo\\\/image\\\/\"},\"sameAs\":[\"https:\\\/\\\/www.facebook.com\\\/animalsouk.ma\",\"https:\\\/\\\/www.instagram.com\\\/animalsouk.ma\"]}]}<\/script>\n<!-- \/ Yoast SEO plugin. -->","yoast_head_json":{"title":"PURINA PRO PLAN adulte Derma Care en saumon 1,5Kg - Animalerie Maroc","description":"Achetez votre PURINA PRO PLAN adulte Derma Care en saumon 1,5Kg au meilleur prix au Maroc. Livraison rapide | Animalsouk.ma","robots":{"index":"index","follow":"follow","max-snippet":"max-snippet:-1","max-image-preview":"max-image-preview:large","max-video-preview":"max-video-preview:-1"},"canonical":"https:\/\/www.animalsouk.ma\/animalerie-maroc\/produit\/purina-pro-plan-adulte-derma-care-en-saumon-15kg\/","og_locale":"fr_FR","og_type":"article","og_title":"PURINA PRO PLAN adulte Derma Care en saumon 1,5Kg - Animalerie Maroc","og_description":"Achetez votre PURINA PRO PLAN adulte Derma Care en saumon 1,5Kg au meilleur prix au Maroc. Livraison rapide | Animalsouk.ma","og_url":"https:\/\/www.animalsouk.ma\/animalerie-maroc\/produit\/purina-pro-plan-adulte-derma-care-en-saumon-15kg\/","og_site_name":"Animalerie Maroc","article_publisher":"https:\/\/www.facebook.com\/animalsouk.ma","og_image":[{"width":928,"height":770,"url":"https:\/\/www.animalsouk.ma\/animalerie-maroc\/wp-content\/uploads\/2026\/03\/jkjkjk.png","type":"image\/png"}],"twitter_card":"summary_large_image","twitter_misc":{"Dur\u00e9e de lecture estim\u00e9e":"2 minutes"},"schema":{"@context":"https:\/\/schema.org","@graph":[{"@type":"WebPage","@id":"https:\/\/www.animalsouk.ma\/animalerie-maroc\/produit\/purina-pro-plan-adulte-derma-care-en-saumon-15kg\/","url":"https:\/\/www.animalsouk.ma\/animalerie-maroc\/produit\/purina-pro-plan-adulte-derma-care-en-saumon-15kg\/","name":"PURINA PRO PLAN adulte Derma Care en saumon 1,5Kg - Animalerie Maroc","isPartOf":{"@id":"https:\/\/www.animalsouk.ma\/animalerie-maroc\/#website"},"primaryImageOfPage":{"@id":"https:\/\/www.animalsouk.ma\/animalerie-maroc\/produit\/purina-pro-plan-adulte-derma-care-en-saumon-15kg\/#primaryimage"},"image":{"@id":"https:\/\/www.animalsouk.ma\/animalerie-maroc\/produit\/purina-pro-plan-adulte-derma-care-en-saumon-15kg\/#primaryimage"},"thumbnailUrl":"https:\/\/www.animalsouk.ma\/animalerie-maroc\/wp-content\/uploads\/2026\/03\/jkjkjk.png","datePublished":"2026-03-06T17:06:59+00:00","description":"Achetez votre PURINA PRO PLAN adulte Derma Care en saumon 1,5Kg au meilleur prix au Maroc. Livraison rapide | Animalsouk.ma","breadcrumb":{"@id":"https:\/\/www.animalsouk.ma\/animalerie-maroc\/produit\/purina-pro-plan-adulte-derma-care-en-saumon-15kg\/#breadcrumb"},"inLanguage":"fr-FR","potentialAction":[{"@type":"ReadAction","target":["https:\/\/www.animalsouk.ma\/animalerie-maroc\/produit\/purina-pro-plan-adulte-derma-care-en-saumon-15kg\/"]}]},{"@type":"ImageObject","inLanguage":"fr-FR","@id":"https:\/\/www.animalsouk.ma\/animalerie-maroc\/produit\/purina-pro-plan-adulte-derma-care-en-saumon-15kg\/#primaryimage","url":"https:\/\/www.animalsouk.ma\/animalerie-maroc\/wp-content\/uploads\/2026\/03\/jkjkjk.png","contentUrl":"https:\/\/www.animalsouk.ma\/animalerie-maroc\/wp-content\/uploads\/2026\/03\/jkjkjk.png","width":928,"height":770},{"@type":"BreadcrumbList","@id":"https:\/\/www.animalsouk.ma\/animalerie-maroc\/produit\/purina-pro-plan-adulte-derma-care-en-saumon-15kg\/#breadcrumb","itemListElement":[{"@type":"ListItem","position":1,"name":"Home","item":"https:\/\/www.animalsouk.ma\/animalerie-maroc\/"},{"@type":"ListItem","position":2,"name":"Boutique","item":"https:\/\/www.animalsouk.ma\/animalerie-maroc\/boutique\/"},{"@type":"ListItem","position":3,"name":"PURINA PRO PLAN adulte Derma Care en saumon 1,5Kg"}]},{"@type":"WebSite","@id":"https:\/\/www.animalsouk.ma\/animalerie-maroc\/#website","url":"https:\/\/www.animalsouk.ma\/animalerie-maroc\/","name":"Animalerie de casablanca","description":"","publisher":{"@id":"https:\/\/www.animalsouk.ma\/animalerie-maroc\/#organization"},"potentialAction":[{"@type":"SearchAction","target":{"@type":"EntryPoint","urlTemplate":"https:\/\/www.animalsouk.ma\/animalerie-maroc\/?s={search_term_string}"},"query-input":{"@type":"PropertyValueSpecification","valueRequired":true,"valueName":"search_term_string"}}],"inLanguage":"fr-FR"},{"@type":"Organization","@id":"https:\/\/www.animalsouk.ma\/animalerie-maroc\/#organization","name":"Animalerie de casablanca","url":"https:\/\/www.animalsouk.ma\/animalerie-maroc\/","logo":{"@type":"ImageObject","inLanguage":"fr-FR","@id":"https:\/\/www.animalsouk.ma\/animalerie-maroc\/#\/schema\/logo\/image\/","url":"https:\/\/www.animalsouk.ma\/animalerie-maroc\/wp-content\/uploads\/2025\/10\/animalsouk.ma-logo.png","contentUrl":"https:\/\/www.animalsouk.ma\/animalerie-maroc\/wp-content\/uploads\/2025\/10\/animalsouk.ma-logo.png","width":760,"height":231,"caption":"Animalerie de casablanca"},"image":{"@id":"https:\/\/www.animalsouk.ma\/animalerie-maroc\/#\/schema\/logo\/image\/"},"sameAs":["https:\/\/www.facebook.com\/animalsouk.ma","https:\/\/www.instagram.com\/animalsouk.ma"]}]}},"_links":{"self":[{"href":"https:\/\/www.animalsouk.ma\/animalerie-maroc\/wp-json\/wp\/v2\/product\/1775","targetHints":{"allow":["GET"]}}],"collection":[{"href":"https:\/\/www.animalsouk.ma\/animalerie-maroc\/wp-json\/wp\/v2\/product"}],"about":[{"href":"https:\/\/www.animalsouk.ma\/animalerie-maroc\/wp-json\/wp\/v2\/types\/product"}],"wp:featuredmedia":[{"embeddable":true,"href":"https:\/\/www.animalsouk.ma\/animalerie-maroc\/wp-json\/wp\/v2\/media\/1776"}],"wp:attachment":[{"href":"https:\/\/www.animalsouk.ma\/animalerie-maroc\/wp-json\/wp\/v2\/media?parent=1775"}],"wp:term":[{"taxonomy":"product_brand","embeddable":true,"href":"https:\/\/www.animalsouk.ma\/animalerie-maroc\/wp-json\/wp\/v2\/product_brand?post=1775"},{"taxonomy":"product_cat","embeddable":true,"href":"https:\/\/www.animalsouk.ma\/animalerie-maroc\/wp-json\/wp\/v2\/product_cat?post=1775"},{"taxonomy":"product_tag","embeddable":true,"href":"https:\/\/www.animalsouk.ma\/animalerie-maroc\/wp-json\/wp\/v2\/product_tag?post=1775"}],"curies":[{"name":"wp","href":"https:\/\/api.w.org\/{rel}","templated":true}]}}