{"id":1735,"date":"2026-02-24T04:17:24","date_gmt":"2026-02-24T03:17:24","guid":{"rendered":"https:\/\/www.animalsouk.ma\/animalerie-maroc\/?post_type=product&#038;p=1735"},"modified":"2026-03-12T17:59:04","modified_gmt":"2026-03-12T16:59:04","slug":"pro-nutrition-prestige-mini-adult-8kg","status":"publish","type":"product","link":"https:\/\/www.animalsouk.ma\/animalerie-maroc\/produit\/pro-nutrition-prestige-mini-adult-8kg\/","title":{"rendered":"Pro-nutrition Prestige mini adult 8kg"},"content":{"rendered":"<div><\/div>\n<div>Alimentation pour chiens de moins de 10 Kg<\/div>\n<div>Poids:8 kg<\/div>\n<div><\/div>\n<div>B\u00e9n\u00e9fices<\/div>\n<div>Hygi\u00e8ne bucco-dentaire (algues) : L\u2019incorporation d\u2019algues et de fibres et une forme adapt\u00e9e de croquettes permettent de limiter la fixation du tartre.<\/div>\n<div><\/div>\n<div>Vitalit\u00e9 : L\u2019apport \u00e9quilibr\u00e9 des 40 nutriments essentiels, la protection des vitamines et l\u2019int\u00e9gration d\u2019antioxydants naturels (polyph\u00e9nols des fibres de pomme et extraits de romarin) conf\u00e8rent au chien vitalit\u00e9 et sant\u00e9.<\/div>\n<div><\/div>\n<div>S\u00e9curit\u00e9 et confort digestifs : L\u2019association de probiotiques (Enterrococcus faecium) et de pr\u00e9biotiques (FOS) favorise le d\u00e9veloppement de la bonne \ufb02ore intestinale. L\u2019argile et la levure de bi\u00e8re s\u00e9curisent le transit digestif.<\/div>\n<div><\/div>\n<div>Ingr\u00e9dients<\/div>\n<div>Prot\u00e9ines animales d\u00e9shydrat\u00e9es (23% mini) (poulet, canard, dinde, porc). Ma\u00efs. Bl\u00e9. Graisse animale. Pois. Graines de lin. Fibres de pomme. Graisse de canard. Hydrolysats de prot\u00e9ines animales. Fibres de f\u00e9veroles. Pulpes de betterave. Levure de bi\u00e8re. Autolysats de poissons (0,5%). Argile. Sel de mer. Fructo-oligosaccharides. Algues. Extraits de romarin. Enterococcus faecium (4b1707) (Probiotiques). Vitamines et oligo-\u00e9l\u00e9ments.<\/div>\n<div><\/div>\n<div>Teneurs analytiques<\/div>\n<div>Prot\u00e9ines 26 %. Mati\u00e8res grasses 14 %. Cellulose 3,5 %. Mati\u00e8res min\u00e9rales 6 %. Calcium 1,2 %. Phosphore 0,8 %. Sodium 0,3 %. Potassium 0,5 %. Magn\u00e9sium 0,12 %. Acide linol\u00e9ique 22,5 g\/kg. Acide alpha linol\u00e9nique 10 g\/kg. EPA + DHA 0,18 g\/kg. Lysine 10,4 g\/kg. M\u00e9thionine 3,5 g\/kg. Cuivre 20 mg\/kg. Zinc 190 mg\/kg (dont Zinc ch\u00e9lat\u00e9 72 mg\/kg). Mangan\u00e8se 82 mg\/kg. Iode 3 mg\/kg. S\u00e9l\u00e9nium 0,6 mg\/kg (dont S\u00e9l\u00e9nium organique 0,18 mg\/kg). Vitamine A 14000 UI\/kg. Vitamine D3 1000 UI\/kg. Vitamine E 160 UI\/kg. Vitamine B1 47 mg\/kg. Vitamine B2 13 mg\/kg. Acide pantoth\u00e9nique 34 mg\/kg. Vitamine B6 13 mg\/kg. Vitamine B12 0,26 mg\/kg. Vitamine PP 29 mg\/kg. Biotine 0,9 mg\/kg. Acide folique 3,2 mg\/kg. Chlorure de choline 1800 mg\/kg. Energie m\u00e9tabolisable 3960 kcal\/kg. Enterococcus faecium 1&#215;109 UFC\/kg.<\/div>\n<div><\/div>\n<div>29% de l\u2019ensemble des prot\u00e9ines animales d\u00e9shydrat\u00e9es contenues dans l\u2019aliment correspond \u00e0 54% en \u00e9quivalent frais. L\u2019\u00e9quivalent frais consiste en la r\u00e9hydratation des produits animaux d\u00e9shydrat\u00e9s sachant qu\u2019ils contiennent au maximum 6% d\u2019eau alors que les produits animaux frais en ont 75%.<\/div>\n","protected":false},"excerpt":{"rendered":"<p>Alimentation pour chiens de moins de 10 Kg Poids:8 kg B\u00e9n\u00e9fices Hygi\u00e8ne bucco-dentaire (algues) : L\u2019incorporation d\u2019algues et de fibres et une forme adapt\u00e9e de croquettes permettent de limiter la fixation du tartre. Vitalit\u00e9 : L\u2019apport \u00e9quilibr\u00e9 des 40 nutriments essentiels, la protection des vitamines et l\u2019int\u00e9gration d\u2019antioxydants naturels (polyph\u00e9nols des fibres de pomme et [&#8230;]\n","protected":false},"featured_media":1736,"template":"","meta":[],"product_brand":[],"product_cat":[20],"product_tag":[],"class_list":{"0":"post-1735","1":"product","2":"type-product","3":"status-publish","4":"has-post-thumbnail","6":"product_cat-alimentation-pour-chiens","8":"first","9":"outofstock","10":"sale","11":"shipping-taxable","12":"purchasable","13":"product-type-simple"},"yoast_head":"<!-- This site is optimized with the Yoast SEO plugin v27.3 - https:\/\/yoast.com\/product\/yoast-seo-wordpress\/ -->\n<title>Pro-nutrition Prestige mini adult 8kg - Animalerie Maroc<\/title>\n<meta name=\"description\" content=\"Achetez votre Pro-nutrition Prestige mini adult 8kg pour chien adulte de petite taille au meilleur prix au Maroc. Livraison rapide | Animalsouk.ma\" \/>\n<meta name=\"robots\" content=\"index, follow, max-snippet:-1, max-image-preview:large, max-video-preview:-1\" \/>\n<link rel=\"canonical\" href=\"https:\/\/www.animalsouk.ma\/animalerie-maroc\/produit\/pro-nutrition-prestige-mini-adult-8kg\/\" \/>\n<meta property=\"og:locale\" content=\"fr_FR\" \/>\n<meta property=\"og:type\" content=\"article\" \/>\n<meta property=\"og:title\" content=\"Pro-nutrition Prestige mini adult 8kg - Animalerie Maroc\" \/>\n<meta property=\"og:description\" content=\"Achetez votre Pro-nutrition Prestige mini adult 8kg pour chien adulte de petite taille au meilleur prix au Maroc. Livraison rapide | Animalsouk.ma\" \/>\n<meta property=\"og:url\" content=\"https:\/\/www.animalsouk.ma\/animalerie-maroc\/produit\/pro-nutrition-prestige-mini-adult-8kg\/\" \/>\n<meta property=\"og:site_name\" content=\"Animalerie Maroc\" \/>\n<meta property=\"article:publisher\" content=\"https:\/\/www.facebook.com\/animalsouk.ma\" \/>\n<meta property=\"article:modified_time\" content=\"2026-03-12T16:59:04+00:00\" \/>\n<meta property=\"og:image\" content=\"https:\/\/www.animalsouk.ma\/animalerie-maroc\/wp-content\/uploads\/2026\/02\/jkjkjkjk.png\" \/>\n\t<meta property=\"og:image:width\" content=\"928\" \/>\n\t<meta property=\"og:image:height\" content=\"770\" \/>\n\t<meta property=\"og:image:type\" content=\"image\/png\" \/>\n<meta name=\"twitter:card\" content=\"summary_large_image\" \/>\n<meta name=\"twitter:label1\" content=\"Dur\u00e9e de lecture estim\u00e9e\" \/>\n\t<meta name=\"twitter:data1\" content=\"2 minutes\" \/>\n<script type=\"application\/ld+json\" class=\"yoast-schema-graph\">{\"@context\":\"https:\\\/\\\/schema.org\",\"@graph\":[{\"@type\":\"WebPage\",\"@id\":\"https:\\\/\\\/www.animalsouk.ma\\\/animalerie-maroc\\\/produit\\\/pro-nutrition-prestige-mini-adult-8kg\\\/\",\"url\":\"https:\\\/\\\/www.animalsouk.ma\\\/animalerie-maroc\\\/produit\\\/pro-nutrition-prestige-mini-adult-8kg\\\/\",\"name\":\"Pro-nutrition Prestige mini adult 8kg - Animalerie Maroc\",\"isPartOf\":{\"@id\":\"https:\\\/\\\/www.animalsouk.ma\\\/animalerie-maroc\\\/#website\"},\"primaryImageOfPage\":{\"@id\":\"https:\\\/\\\/www.animalsouk.ma\\\/animalerie-maroc\\\/produit\\\/pro-nutrition-prestige-mini-adult-8kg\\\/#primaryimage\"},\"image\":{\"@id\":\"https:\\\/\\\/www.animalsouk.ma\\\/animalerie-maroc\\\/produit\\\/pro-nutrition-prestige-mini-adult-8kg\\\/#primaryimage\"},\"thumbnailUrl\":\"https:\\\/\\\/www.animalsouk.ma\\\/animalerie-maroc\\\/wp-content\\\/uploads\\\/2026\\\/02\\\/jkjkjkjk.png\",\"datePublished\":\"2026-02-24T03:17:24+00:00\",\"dateModified\":\"2026-03-12T16:59:04+00:00\",\"description\":\"Achetez votre Pro-nutrition Prestige mini adult 8kg pour chien adulte de petite taille au meilleur prix au Maroc. Livraison rapide | Animalsouk.ma\",\"breadcrumb\":{\"@id\":\"https:\\\/\\\/www.animalsouk.ma\\\/animalerie-maroc\\\/produit\\\/pro-nutrition-prestige-mini-adult-8kg\\\/#breadcrumb\"},\"inLanguage\":\"fr-FR\",\"potentialAction\":[{\"@type\":\"ReadAction\",\"target\":[\"https:\\\/\\\/www.animalsouk.ma\\\/animalerie-maroc\\\/produit\\\/pro-nutrition-prestige-mini-adult-8kg\\\/\"]}]},{\"@type\":\"ImageObject\",\"inLanguage\":\"fr-FR\",\"@id\":\"https:\\\/\\\/www.animalsouk.ma\\\/animalerie-maroc\\\/produit\\\/pro-nutrition-prestige-mini-adult-8kg\\\/#primaryimage\",\"url\":\"https:\\\/\\\/www.animalsouk.ma\\\/animalerie-maroc\\\/wp-content\\\/uploads\\\/2026\\\/02\\\/jkjkjkjk.png\",\"contentUrl\":\"https:\\\/\\\/www.animalsouk.ma\\\/animalerie-maroc\\\/wp-content\\\/uploads\\\/2026\\\/02\\\/jkjkjkjk.png\",\"width\":928,\"height\":770},{\"@type\":\"BreadcrumbList\",\"@id\":\"https:\\\/\\\/www.animalsouk.ma\\\/animalerie-maroc\\\/produit\\\/pro-nutrition-prestige-mini-adult-8kg\\\/#breadcrumb\",\"itemListElement\":[{\"@type\":\"ListItem\",\"position\":1,\"name\":\"Home\",\"item\":\"https:\\\/\\\/www.animalsouk.ma\\\/animalerie-maroc\\\/\"},{\"@type\":\"ListItem\",\"position\":2,\"name\":\"Boutique\",\"item\":\"https:\\\/\\\/www.animalsouk.ma\\\/animalerie-maroc\\\/boutique\\\/\"},{\"@type\":\"ListItem\",\"position\":3,\"name\":\"Pro-nutrition Prestige mini adult 8kg\"}]},{\"@type\":\"WebSite\",\"@id\":\"https:\\\/\\\/www.animalsouk.ma\\\/animalerie-maroc\\\/#website\",\"url\":\"https:\\\/\\\/www.animalsouk.ma\\\/animalerie-maroc\\\/\",\"name\":\"Animalerie de casablanca\",\"description\":\"\",\"publisher\":{\"@id\":\"https:\\\/\\\/www.animalsouk.ma\\\/animalerie-maroc\\\/#organization\"},\"potentialAction\":[{\"@type\":\"SearchAction\",\"target\":{\"@type\":\"EntryPoint\",\"urlTemplate\":\"https:\\\/\\\/www.animalsouk.ma\\\/animalerie-maroc\\\/?s={search_term_string}\"},\"query-input\":{\"@type\":\"PropertyValueSpecification\",\"valueRequired\":true,\"valueName\":\"search_term_string\"}}],\"inLanguage\":\"fr-FR\"},{\"@type\":\"Organization\",\"@id\":\"https:\\\/\\\/www.animalsouk.ma\\\/animalerie-maroc\\\/#organization\",\"name\":\"Animalerie de casablanca\",\"url\":\"https:\\\/\\\/www.animalsouk.ma\\\/animalerie-maroc\\\/\",\"logo\":{\"@type\":\"ImageObject\",\"inLanguage\":\"fr-FR\",\"@id\":\"https:\\\/\\\/www.animalsouk.ma\\\/animalerie-maroc\\\/#\\\/schema\\\/logo\\\/image\\\/\",\"url\":\"https:\\\/\\\/www.animalsouk.ma\\\/animalerie-maroc\\\/wp-content\\\/uploads\\\/2025\\\/10\\\/animalsouk.ma-logo.png\",\"contentUrl\":\"https:\\\/\\\/www.animalsouk.ma\\\/animalerie-maroc\\\/wp-content\\\/uploads\\\/2025\\\/10\\\/animalsouk.ma-logo.png\",\"width\":760,\"height\":231,\"caption\":\"Animalerie de casablanca\"},\"image\":{\"@id\":\"https:\\\/\\\/www.animalsouk.ma\\\/animalerie-maroc\\\/#\\\/schema\\\/logo\\\/image\\\/\"},\"sameAs\":[\"https:\\\/\\\/www.facebook.com\\\/animalsouk.ma\",\"https:\\\/\\\/www.instagram.com\\\/animalsouk.ma\"]}]}<\/script>\n<!-- \/ Yoast SEO plugin. -->","yoast_head_json":{"title":"Pro-nutrition Prestige mini adult 8kg - Animalerie Maroc","description":"Achetez votre Pro-nutrition Prestige mini adult 8kg pour chien adulte de petite taille au meilleur prix au Maroc. Livraison rapide | Animalsouk.ma","robots":{"index":"index","follow":"follow","max-snippet":"max-snippet:-1","max-image-preview":"max-image-preview:large","max-video-preview":"max-video-preview:-1"},"canonical":"https:\/\/www.animalsouk.ma\/animalerie-maroc\/produit\/pro-nutrition-prestige-mini-adult-8kg\/","og_locale":"fr_FR","og_type":"article","og_title":"Pro-nutrition Prestige mini adult 8kg - Animalerie Maroc","og_description":"Achetez votre Pro-nutrition Prestige mini adult 8kg pour chien adulte de petite taille au meilleur prix au Maroc. Livraison rapide | Animalsouk.ma","og_url":"https:\/\/www.animalsouk.ma\/animalerie-maroc\/produit\/pro-nutrition-prestige-mini-adult-8kg\/","og_site_name":"Animalerie Maroc","article_publisher":"https:\/\/www.facebook.com\/animalsouk.ma","article_modified_time":"2026-03-12T16:59:04+00:00","og_image":[{"width":928,"height":770,"url":"https:\/\/www.animalsouk.ma\/animalerie-maroc\/wp-content\/uploads\/2026\/02\/jkjkjkjk.png","type":"image\/png"}],"twitter_card":"summary_large_image","twitter_misc":{"Dur\u00e9e de lecture estim\u00e9e":"2 minutes"},"schema":{"@context":"https:\/\/schema.org","@graph":[{"@type":"WebPage","@id":"https:\/\/www.animalsouk.ma\/animalerie-maroc\/produit\/pro-nutrition-prestige-mini-adult-8kg\/","url":"https:\/\/www.animalsouk.ma\/animalerie-maroc\/produit\/pro-nutrition-prestige-mini-adult-8kg\/","name":"Pro-nutrition Prestige mini adult 8kg - Animalerie Maroc","isPartOf":{"@id":"https:\/\/www.animalsouk.ma\/animalerie-maroc\/#website"},"primaryImageOfPage":{"@id":"https:\/\/www.animalsouk.ma\/animalerie-maroc\/produit\/pro-nutrition-prestige-mini-adult-8kg\/#primaryimage"},"image":{"@id":"https:\/\/www.animalsouk.ma\/animalerie-maroc\/produit\/pro-nutrition-prestige-mini-adult-8kg\/#primaryimage"},"thumbnailUrl":"https:\/\/www.animalsouk.ma\/animalerie-maroc\/wp-content\/uploads\/2026\/02\/jkjkjkjk.png","datePublished":"2026-02-24T03:17:24+00:00","dateModified":"2026-03-12T16:59:04+00:00","description":"Achetez votre Pro-nutrition Prestige mini adult 8kg pour chien adulte de petite taille au meilleur prix au Maroc. Livraison rapide | Animalsouk.ma","breadcrumb":{"@id":"https:\/\/www.animalsouk.ma\/animalerie-maroc\/produit\/pro-nutrition-prestige-mini-adult-8kg\/#breadcrumb"},"inLanguage":"fr-FR","potentialAction":[{"@type":"ReadAction","target":["https:\/\/www.animalsouk.ma\/animalerie-maroc\/produit\/pro-nutrition-prestige-mini-adult-8kg\/"]}]},{"@type":"ImageObject","inLanguage":"fr-FR","@id":"https:\/\/www.animalsouk.ma\/animalerie-maroc\/produit\/pro-nutrition-prestige-mini-adult-8kg\/#primaryimage","url":"https:\/\/www.animalsouk.ma\/animalerie-maroc\/wp-content\/uploads\/2026\/02\/jkjkjkjk.png","contentUrl":"https:\/\/www.animalsouk.ma\/animalerie-maroc\/wp-content\/uploads\/2026\/02\/jkjkjkjk.png","width":928,"height":770},{"@type":"BreadcrumbList","@id":"https:\/\/www.animalsouk.ma\/animalerie-maroc\/produit\/pro-nutrition-prestige-mini-adult-8kg\/#breadcrumb","itemListElement":[{"@type":"ListItem","position":1,"name":"Home","item":"https:\/\/www.animalsouk.ma\/animalerie-maroc\/"},{"@type":"ListItem","position":2,"name":"Boutique","item":"https:\/\/www.animalsouk.ma\/animalerie-maroc\/boutique\/"},{"@type":"ListItem","position":3,"name":"Pro-nutrition Prestige mini adult 8kg"}]},{"@type":"WebSite","@id":"https:\/\/www.animalsouk.ma\/animalerie-maroc\/#website","url":"https:\/\/www.animalsouk.ma\/animalerie-maroc\/","name":"Animalerie de casablanca","description":"","publisher":{"@id":"https:\/\/www.animalsouk.ma\/animalerie-maroc\/#organization"},"potentialAction":[{"@type":"SearchAction","target":{"@type":"EntryPoint","urlTemplate":"https:\/\/www.animalsouk.ma\/animalerie-maroc\/?s={search_term_string}"},"query-input":{"@type":"PropertyValueSpecification","valueRequired":true,"valueName":"search_term_string"}}],"inLanguage":"fr-FR"},{"@type":"Organization","@id":"https:\/\/www.animalsouk.ma\/animalerie-maroc\/#organization","name":"Animalerie de casablanca","url":"https:\/\/www.animalsouk.ma\/animalerie-maroc\/","logo":{"@type":"ImageObject","inLanguage":"fr-FR","@id":"https:\/\/www.animalsouk.ma\/animalerie-maroc\/#\/schema\/logo\/image\/","url":"https:\/\/www.animalsouk.ma\/animalerie-maroc\/wp-content\/uploads\/2025\/10\/animalsouk.ma-logo.png","contentUrl":"https:\/\/www.animalsouk.ma\/animalerie-maroc\/wp-content\/uploads\/2025\/10\/animalsouk.ma-logo.png","width":760,"height":231,"caption":"Animalerie de casablanca"},"image":{"@id":"https:\/\/www.animalsouk.ma\/animalerie-maroc\/#\/schema\/logo\/image\/"},"sameAs":["https:\/\/www.facebook.com\/animalsouk.ma","https:\/\/www.instagram.com\/animalsouk.ma"]}]}},"_links":{"self":[{"href":"https:\/\/www.animalsouk.ma\/animalerie-maroc\/wp-json\/wp\/v2\/product\/1735","targetHints":{"allow":["GET"]}}],"collection":[{"href":"https:\/\/www.animalsouk.ma\/animalerie-maroc\/wp-json\/wp\/v2\/product"}],"about":[{"href":"https:\/\/www.animalsouk.ma\/animalerie-maroc\/wp-json\/wp\/v2\/types\/product"}],"wp:featuredmedia":[{"embeddable":true,"href":"https:\/\/www.animalsouk.ma\/animalerie-maroc\/wp-json\/wp\/v2\/media\/1736"}],"wp:attachment":[{"href":"https:\/\/www.animalsouk.ma\/animalerie-maroc\/wp-json\/wp\/v2\/media?parent=1735"}],"wp:term":[{"taxonomy":"product_brand","embeddable":true,"href":"https:\/\/www.animalsouk.ma\/animalerie-maroc\/wp-json\/wp\/v2\/product_brand?post=1735"},{"taxonomy":"product_cat","embeddable":true,"href":"https:\/\/www.animalsouk.ma\/animalerie-maroc\/wp-json\/wp\/v2\/product_cat?post=1735"},{"taxonomy":"product_tag","embeddable":true,"href":"https:\/\/www.animalsouk.ma\/animalerie-maroc\/wp-json\/wp\/v2\/product_tag?post=1735"}],"curies":[{"name":"wp","href":"https:\/\/api.w.org\/{rel}","templated":true}]}}