{"id":1685,"date":"2026-02-08T20:45:55","date_gmt":"2026-02-08T19:45:55","guid":{"rendered":"https:\/\/www.animalsouk.ma\/animalerie-maroc\/?post_type=product&#038;p=1685"},"modified":"2026-02-08T20:45:55","modified_gmt":"2026-02-08T19:45:55","slug":"gimcat-malt-soft-extra-anti-boules-de-poils-chat-pate-50-g","status":"publish","type":"product","link":"https:\/\/www.animalsouk.ma\/animalerie-maroc\/produit\/gimcat-malt-soft-extra-anti-boules-de-poils-chat-pate-50-g\/","title":{"rendered":"Gimcat Malt Soft Extra Anti-Boules de Poils Chat P\u00e2te 50 g"},"content":{"rendered":"<p><span dir=\"auto\">Contient du malt aromatique pur et naturel, de l&rsquo;huile v\u00e9g\u00e9tale jaune dor\u00e9 sp\u00e9ciale, des fibres alimentaires et un d\u00e9riv\u00e9 de lactose enrichi en TGOS (trans-galactooligosaccharide).<\/span><\/p>\n<p><span dir=\"auto\">\u2013 Les chats avalent leurs poils en se l\u00e9chant ; ces poils s&rsquo;accumulent dans l&rsquo;estomac et les intestins au fil du temps et peuvent provoquer d&rsquo;importants probl\u00e8mes digestifs.<\/span><\/p>\n<p><span dir=\"auto\">\u2013 Gr\u00e2ce aux huiles naturelles et aux extraits de malt de haute qualit\u00e9 contenus dans Gimpet Malt Soft Extra, les boules de poils aval\u00e9es et autres composants indigestes sont naturellement \u00e9limin\u00e9s de l&rsquo;organisme.<\/span><\/p>\n<p><span dir=\"auto\">\u2013 Les fibres alimentaires constituent une source de nourriture appropri\u00e9e pour les bonnes bact\u00e9ries de l&rsquo;intestin, augmentant ainsi le nombre de bonnes bact\u00e9ries dans la lumi\u00e8re intestinale et favorisant la motilit\u00e9 intestinale.<\/span><\/p>\n<h2><span dir=\"auto\">Composition de l&rsquo;aliment :<\/span><\/h2>\n<p><span dir=\"auto\">L\u00e9gumes et sous-produits v\u00e9g\u00e9taux (malt, cellulose), huiles liquides et solides (graisse de volaille, huile de tournesol raffin\u00e9e), lactose. Valeurs analytiques\u00a0: prot\u00e9ines brutes 3,00\u00a0%, mati\u00e8res grasses brutes 39,00\u00a0%, fibres brutes 5,00\u00a0%, cendres brutes 4,90\u00a0%, humidit\u00e9 11,00\u00a0%.<\/span><\/p>\n<h2><span dir=\"auto\">Mode d&#8217;emploi :<\/span><\/h2>\n<p><span dir=\"auto\">Conserver \u00e0 temp\u00e9rature ambiante<\/span><\/p>\n<h2><span dir=\"auto\">Instructions d&rsquo;alimentation\u00a0:<\/span><\/h2>\n<p><span dir=\"auto\">\u00c0 administrer directement ou en ajoutant 4 \u00e0 5 cm (2 \u00e0 2,5 g) \u00e0 l&rsquo;aliment. La quantit\u00e9 administr\u00e9e peut \u00eatre doubl\u00e9e. Il est pr\u00e9f\u00e9rable de l&rsquo;administrer avant les repas.<\/span><\/p>\n","protected":false},"excerpt":{"rendered":"<p>Contient du malt aromatique pur et naturel, de l&rsquo;huile v\u00e9g\u00e9tale jaune dor\u00e9 sp\u00e9ciale, des fibres alimentaires et un d\u00e9riv\u00e9 de lactose enrichi en TGOS (trans-galactooligosaccharide). \u2013 Les chats avalent leurs poils en se l\u00e9chant ; ces poils s&rsquo;accumulent dans l&rsquo;estomac et les intestins au fil du temps et peuvent provoquer d&rsquo;importants probl\u00e8mes digestifs. \u2013 Gr\u00e2ce [&#8230;]\n","protected":false},"featured_media":1686,"template":"","meta":[],"product_brand":[],"product_cat":[17],"product_tag":[],"class_list":{"0":"post-1685","1":"product","2":"type-product","3":"status-publish","4":"has-post-thumbnail","6":"product_cat-accessoires-et-jouets-pour-chats","8":"first","9":"instock","10":"sale","11":"shipping-taxable","12":"purchasable","13":"product-type-simple"},"yoast_head":"<!-- This site is optimized with the Yoast SEO plugin v27.1.1 - https:\/\/yoast.com\/product\/yoast-seo-wordpress\/ -->\n<title>Gimcat Malt Soft Extra Anti-Boules de Poils Chat P\u00e2te 50 g - Animalerie Maroc<\/title>\n<meta name=\"description\" content=\"Achetez votre Gimcat Malt Soft Extra Anti-Boules de Poils Chat P\u00e2te 50 g au meilleur prix au Maroc. Livraison rapide | Animalsouk.ma\" \/>\n<meta name=\"robots\" content=\"index, follow, max-snippet:-1, max-image-preview:large, max-video-preview:-1\" \/>\n<link rel=\"canonical\" href=\"https:\/\/www.animalsouk.ma\/animalerie-maroc\/produit\/gimcat-malt-soft-extra-anti-boules-de-poils-chat-pate-50-g\/\" \/>\n<meta property=\"og:locale\" content=\"fr_FR\" \/>\n<meta property=\"og:type\" content=\"article\" \/>\n<meta property=\"og:title\" content=\"Gimcat Malt Soft Extra Anti-Boules de Poils Chat P\u00e2te 50 g - Animalerie Maroc\" \/>\n<meta property=\"og:description\" content=\"Achetez votre Gimcat Malt Soft Extra Anti-Boules de Poils Chat P\u00e2te 50 g au meilleur prix au Maroc. Livraison rapide | Animalsouk.ma\" \/>\n<meta property=\"og:url\" content=\"https:\/\/www.animalsouk.ma\/animalerie-maroc\/produit\/gimcat-malt-soft-extra-anti-boules-de-poils-chat-pate-50-g\/\" \/>\n<meta property=\"og:site_name\" content=\"Animalerie Maroc\" \/>\n<meta property=\"article:publisher\" content=\"https:\/\/www.facebook.com\/animalsouk.ma\" \/>\n<meta property=\"og:image\" content=\"https:\/\/www.animalsouk.ma\/animalerie-maroc\/wp-content\/uploads\/2026\/02\/sassa.png\" \/>\n\t<meta property=\"og:image:width\" content=\"928\" \/>\n\t<meta property=\"og:image:height\" content=\"770\" \/>\n\t<meta property=\"og:image:type\" content=\"image\/png\" \/>\n<meta name=\"twitter:card\" content=\"summary_large_image\" \/>\n<meta name=\"twitter:label1\" content=\"Dur\u00e9e de lecture estim\u00e9e\" \/>\n\t<meta name=\"twitter:data1\" content=\"2 minutes\" \/>\n<script type=\"application\/ld+json\" class=\"yoast-schema-graph\">{\"@context\":\"https:\/\/schema.org\",\"@graph\":[{\"@type\":\"WebPage\",\"@id\":\"https:\/\/www.animalsouk.ma\/animalerie-maroc\/produit\/gimcat-malt-soft-extra-anti-boules-de-poils-chat-pate-50-g\/\",\"url\":\"https:\/\/www.animalsouk.ma\/animalerie-maroc\/produit\/gimcat-malt-soft-extra-anti-boules-de-poils-chat-pate-50-g\/\",\"name\":\"Gimcat Malt Soft Extra Anti-Boules de Poils Chat P\u00e2te 50 g - Animalerie Maroc\",\"isPartOf\":{\"@id\":\"https:\/\/www.animalsouk.ma\/animalerie-maroc\/#website\"},\"primaryImageOfPage\":{\"@id\":\"https:\/\/www.animalsouk.ma\/animalerie-maroc\/produit\/gimcat-malt-soft-extra-anti-boules-de-poils-chat-pate-50-g\/#primaryimage\"},\"image\":{\"@id\":\"https:\/\/www.animalsouk.ma\/animalerie-maroc\/produit\/gimcat-malt-soft-extra-anti-boules-de-poils-chat-pate-50-g\/#primaryimage\"},\"thumbnailUrl\":\"https:\/\/www.animalsouk.ma\/animalerie-maroc\/wp-content\/uploads\/2026\/02\/sassa.png\",\"datePublished\":\"2026-02-08T19:45:55+00:00\",\"description\":\"Achetez votre Gimcat Malt Soft Extra Anti-Boules de Poils Chat P\u00e2te 50 g au meilleur prix au Maroc. Livraison rapide | Animalsouk.ma\",\"breadcrumb\":{\"@id\":\"https:\/\/www.animalsouk.ma\/animalerie-maroc\/produit\/gimcat-malt-soft-extra-anti-boules-de-poils-chat-pate-50-g\/#breadcrumb\"},\"inLanguage\":\"fr-FR\",\"potentialAction\":[{\"@type\":\"ReadAction\",\"target\":[\"https:\/\/www.animalsouk.ma\/animalerie-maroc\/produit\/gimcat-malt-soft-extra-anti-boules-de-poils-chat-pate-50-g\/\"]}]},{\"@type\":\"ImageObject\",\"inLanguage\":\"fr-FR\",\"@id\":\"https:\/\/www.animalsouk.ma\/animalerie-maroc\/produit\/gimcat-malt-soft-extra-anti-boules-de-poils-chat-pate-50-g\/#primaryimage\",\"url\":\"https:\/\/www.animalsouk.ma\/animalerie-maroc\/wp-content\/uploads\/2026\/02\/sassa.png\",\"contentUrl\":\"https:\/\/www.animalsouk.ma\/animalerie-maroc\/wp-content\/uploads\/2026\/02\/sassa.png\",\"width\":928,\"height\":770},{\"@type\":\"BreadcrumbList\",\"@id\":\"https:\/\/www.animalsouk.ma\/animalerie-maroc\/produit\/gimcat-malt-soft-extra-anti-boules-de-poils-chat-pate-50-g\/#breadcrumb\",\"itemListElement\":[{\"@type\":\"ListItem\",\"position\":1,\"name\":\"Home\",\"item\":\"https:\/\/www.animalsouk.ma\/animalerie-maroc\/\"},{\"@type\":\"ListItem\",\"position\":2,\"name\":\"Boutique\",\"item\":\"https:\/\/www.animalsouk.ma\/animalerie-maroc\/boutique\/\"},{\"@type\":\"ListItem\",\"position\":3,\"name\":\"Gimcat Malt Soft Extra Anti-Boules de Poils Chat P\u00e2te 50 g\"}]},{\"@type\":\"WebSite\",\"@id\":\"https:\/\/www.animalsouk.ma\/animalerie-maroc\/#website\",\"url\":\"https:\/\/www.animalsouk.ma\/animalerie-maroc\/\",\"name\":\"Animalerie de casablanca\",\"description\":\"\",\"publisher\":{\"@id\":\"https:\/\/www.animalsouk.ma\/animalerie-maroc\/#organization\"},\"potentialAction\":[{\"@type\":\"SearchAction\",\"target\":{\"@type\":\"EntryPoint\",\"urlTemplate\":\"https:\/\/www.animalsouk.ma\/animalerie-maroc\/?s={search_term_string}\"},\"query-input\":{\"@type\":\"PropertyValueSpecification\",\"valueRequired\":true,\"valueName\":\"search_term_string\"}}],\"inLanguage\":\"fr-FR\"},{\"@type\":\"Organization\",\"@id\":\"https:\/\/www.animalsouk.ma\/animalerie-maroc\/#organization\",\"name\":\"Animalerie de casablanca\",\"url\":\"https:\/\/www.animalsouk.ma\/animalerie-maroc\/\",\"logo\":{\"@type\":\"ImageObject\",\"inLanguage\":\"fr-FR\",\"@id\":\"https:\/\/www.animalsouk.ma\/animalerie-maroc\/#\/schema\/logo\/image\/\",\"url\":\"https:\/\/www.animalsouk.ma\/animalerie-maroc\/wp-content\/uploads\/2025\/10\/animalsouk.ma-logo.png\",\"contentUrl\":\"https:\/\/www.animalsouk.ma\/animalerie-maroc\/wp-content\/uploads\/2025\/10\/animalsouk.ma-logo.png\",\"width\":760,\"height\":231,\"caption\":\"Animalerie de casablanca\"},\"image\":{\"@id\":\"https:\/\/www.animalsouk.ma\/animalerie-maroc\/#\/schema\/logo\/image\/\"},\"sameAs\":[\"https:\/\/www.facebook.com\/animalsouk.ma\",\"https:\/\/www.instagram.com\/animalsouk.ma\"]}]}<\/script>\n<!-- \/ Yoast SEO plugin. -->","yoast_head_json":{"title":"Gimcat Malt Soft Extra Anti-Boules de Poils Chat P\u00e2te 50 g - Animalerie Maroc","description":"Achetez votre Gimcat Malt Soft Extra Anti-Boules de Poils Chat P\u00e2te 50 g au meilleur prix au Maroc. Livraison rapide | Animalsouk.ma","robots":{"index":"index","follow":"follow","max-snippet":"max-snippet:-1","max-image-preview":"max-image-preview:large","max-video-preview":"max-video-preview:-1"},"canonical":"https:\/\/www.animalsouk.ma\/animalerie-maroc\/produit\/gimcat-malt-soft-extra-anti-boules-de-poils-chat-pate-50-g\/","og_locale":"fr_FR","og_type":"article","og_title":"Gimcat Malt Soft Extra Anti-Boules de Poils Chat P\u00e2te 50 g - Animalerie Maroc","og_description":"Achetez votre Gimcat Malt Soft Extra Anti-Boules de Poils Chat P\u00e2te 50 g au meilleur prix au Maroc. Livraison rapide | Animalsouk.ma","og_url":"https:\/\/www.animalsouk.ma\/animalerie-maroc\/produit\/gimcat-malt-soft-extra-anti-boules-de-poils-chat-pate-50-g\/","og_site_name":"Animalerie Maroc","article_publisher":"https:\/\/www.facebook.com\/animalsouk.ma","og_image":[{"width":928,"height":770,"url":"https:\/\/www.animalsouk.ma\/animalerie-maroc\/wp-content\/uploads\/2026\/02\/sassa.png","type":"image\/png"}],"twitter_card":"summary_large_image","twitter_misc":{"Dur\u00e9e de lecture estim\u00e9e":"2 minutes"},"schema":{"@context":"https:\/\/schema.org","@graph":[{"@type":"WebPage","@id":"https:\/\/www.animalsouk.ma\/animalerie-maroc\/produit\/gimcat-malt-soft-extra-anti-boules-de-poils-chat-pate-50-g\/","url":"https:\/\/www.animalsouk.ma\/animalerie-maroc\/produit\/gimcat-malt-soft-extra-anti-boules-de-poils-chat-pate-50-g\/","name":"Gimcat Malt Soft Extra Anti-Boules de Poils Chat P\u00e2te 50 g - Animalerie Maroc","isPartOf":{"@id":"https:\/\/www.animalsouk.ma\/animalerie-maroc\/#website"},"primaryImageOfPage":{"@id":"https:\/\/www.animalsouk.ma\/animalerie-maroc\/produit\/gimcat-malt-soft-extra-anti-boules-de-poils-chat-pate-50-g\/#primaryimage"},"image":{"@id":"https:\/\/www.animalsouk.ma\/animalerie-maroc\/produit\/gimcat-malt-soft-extra-anti-boules-de-poils-chat-pate-50-g\/#primaryimage"},"thumbnailUrl":"https:\/\/www.animalsouk.ma\/animalerie-maroc\/wp-content\/uploads\/2026\/02\/sassa.png","datePublished":"2026-02-08T19:45:55+00:00","description":"Achetez votre Gimcat Malt Soft Extra Anti-Boules de Poils Chat P\u00e2te 50 g au meilleur prix au Maroc. Livraison rapide | Animalsouk.ma","breadcrumb":{"@id":"https:\/\/www.animalsouk.ma\/animalerie-maroc\/produit\/gimcat-malt-soft-extra-anti-boules-de-poils-chat-pate-50-g\/#breadcrumb"},"inLanguage":"fr-FR","potentialAction":[{"@type":"ReadAction","target":["https:\/\/www.animalsouk.ma\/animalerie-maroc\/produit\/gimcat-malt-soft-extra-anti-boules-de-poils-chat-pate-50-g\/"]}]},{"@type":"ImageObject","inLanguage":"fr-FR","@id":"https:\/\/www.animalsouk.ma\/animalerie-maroc\/produit\/gimcat-malt-soft-extra-anti-boules-de-poils-chat-pate-50-g\/#primaryimage","url":"https:\/\/www.animalsouk.ma\/animalerie-maroc\/wp-content\/uploads\/2026\/02\/sassa.png","contentUrl":"https:\/\/www.animalsouk.ma\/animalerie-maroc\/wp-content\/uploads\/2026\/02\/sassa.png","width":928,"height":770},{"@type":"BreadcrumbList","@id":"https:\/\/www.animalsouk.ma\/animalerie-maroc\/produit\/gimcat-malt-soft-extra-anti-boules-de-poils-chat-pate-50-g\/#breadcrumb","itemListElement":[{"@type":"ListItem","position":1,"name":"Home","item":"https:\/\/www.animalsouk.ma\/animalerie-maroc\/"},{"@type":"ListItem","position":2,"name":"Boutique","item":"https:\/\/www.animalsouk.ma\/animalerie-maroc\/boutique\/"},{"@type":"ListItem","position":3,"name":"Gimcat Malt Soft Extra Anti-Boules de Poils Chat P\u00e2te 50 g"}]},{"@type":"WebSite","@id":"https:\/\/www.animalsouk.ma\/animalerie-maroc\/#website","url":"https:\/\/www.animalsouk.ma\/animalerie-maroc\/","name":"Animalerie de casablanca","description":"","publisher":{"@id":"https:\/\/www.animalsouk.ma\/animalerie-maroc\/#organization"},"potentialAction":[{"@type":"SearchAction","target":{"@type":"EntryPoint","urlTemplate":"https:\/\/www.animalsouk.ma\/animalerie-maroc\/?s={search_term_string}"},"query-input":{"@type":"PropertyValueSpecification","valueRequired":true,"valueName":"search_term_string"}}],"inLanguage":"fr-FR"},{"@type":"Organization","@id":"https:\/\/www.animalsouk.ma\/animalerie-maroc\/#organization","name":"Animalerie de casablanca","url":"https:\/\/www.animalsouk.ma\/animalerie-maroc\/","logo":{"@type":"ImageObject","inLanguage":"fr-FR","@id":"https:\/\/www.animalsouk.ma\/animalerie-maroc\/#\/schema\/logo\/image\/","url":"https:\/\/www.animalsouk.ma\/animalerie-maroc\/wp-content\/uploads\/2025\/10\/animalsouk.ma-logo.png","contentUrl":"https:\/\/www.animalsouk.ma\/animalerie-maroc\/wp-content\/uploads\/2025\/10\/animalsouk.ma-logo.png","width":760,"height":231,"caption":"Animalerie de casablanca"},"image":{"@id":"https:\/\/www.animalsouk.ma\/animalerie-maroc\/#\/schema\/logo\/image\/"},"sameAs":["https:\/\/www.facebook.com\/animalsouk.ma","https:\/\/www.instagram.com\/animalsouk.ma"]}]}},"_links":{"self":[{"href":"https:\/\/www.animalsouk.ma\/animalerie-maroc\/wp-json\/wp\/v2\/product\/1685","targetHints":{"allow":["GET"]}}],"collection":[{"href":"https:\/\/www.animalsouk.ma\/animalerie-maroc\/wp-json\/wp\/v2\/product"}],"about":[{"href":"https:\/\/www.animalsouk.ma\/animalerie-maroc\/wp-json\/wp\/v2\/types\/product"}],"wp:featuredmedia":[{"embeddable":true,"href":"https:\/\/www.animalsouk.ma\/animalerie-maroc\/wp-json\/wp\/v2\/media\/1686"}],"wp:attachment":[{"href":"https:\/\/www.animalsouk.ma\/animalerie-maroc\/wp-json\/wp\/v2\/media?parent=1685"}],"wp:term":[{"taxonomy":"product_brand","embeddable":true,"href":"https:\/\/www.animalsouk.ma\/animalerie-maroc\/wp-json\/wp\/v2\/product_brand?post=1685"},{"taxonomy":"product_cat","embeddable":true,"href":"https:\/\/www.animalsouk.ma\/animalerie-maroc\/wp-json\/wp\/v2\/product_cat?post=1685"},{"taxonomy":"product_tag","embeddable":true,"href":"https:\/\/www.animalsouk.ma\/animalerie-maroc\/wp-json\/wp\/v2\/product_tag?post=1685"}],"curies":[{"name":"wp","href":"https:\/\/api.w.org\/{rel}","templated":true}]}}