{"id":1623,"date":"2026-01-30T22:46:05","date_gmt":"2026-01-30T21:46:05","guid":{"rendered":"https:\/\/www.animalsouk.ma\/animalerie-maroc\/?post_type=product&#038;p=1623"},"modified":"2026-02-10T16:44:08","modified_gmt":"2026-02-10T15:44:08","slug":"croquettes-pour-chat-economique-artifact-20kg","status":"publish","type":"product","link":"https:\/\/www.animalsouk.ma\/animalerie-maroc\/produit\/croquettes-pour-chat-economique-artifact-20kg\/","title":{"rendered":"Croquettes pour chat \u00e9conomique &#8211; Artifact 20kg"},"content":{"rendered":"<div>\n<div><span dir=\"auto\">La formule sp\u00e9ciale des aliments Artifact prend soin de la sant\u00e9 de votre animal.<\/span><\/div>\n<div><span dir=\"auto\">Sa composition unique influe sur ses cheveux, son c\u0153ur, ses dents et sa vitalit\u00e9.<\/span><\/div>\n<div><span dir=\"auto\">La forte teneur en viande garantit que le plat est savoureux.<\/span><\/div>\n<\/div>\n<p><span dir=\"auto\">La quantit\u00e9 de nourriture donn\u00e9e d\u00e9pend de l&rsquo;activit\u00e9, de la race du chat et des conditions environnementales.<\/span><\/p>\n<p><strong><span dir=\"auto\">Composition:<\/span><\/strong><\/p>\n<p><span dir=\"auto\">C\u00e9r\u00e9ales (44%), produits d&rsquo;origine animale (36%, dont 16% de poulet), graisse de volaille (5%), pulpe de betterave (2,5%), prot\u00e9ines animales hydrolys\u00e9es (2%), farine de poisson (4%), prot\u00e9ines hautement digestibles, chlorure de sodium, levure de bi\u00e8re, OGM.<\/span><\/p>\n<p><strong><span dir=\"auto\">Vitamines, provitamines et substances chimiques :<\/span><\/strong><br \/>\n<span dir=\"auto\">3a672a Vit * A : 14995 UI<\/span><br \/>\n<span dir=\"auto\">E671 Vit * D3 : 1000 UI<\/span><br \/>\n<span dir=\"auto\">3a700 Vit * E (ac\u00e9tate d&rsquo;alpha-tocoph\u00e9ryle rac\u00e9mique) : 150 UI<\/span><br \/>\n<span dir=\"auto\">Vit * K : 1,1 mg<\/span><br \/>\n<span dir=\"auto\">3a820 Vit * B1 : 2,13 mg<\/span><br \/>\n<span dir=\"auto\">Vit * B2 : 22,4 mg<\/span><br \/>\n<span dir=\"auto\">3a831 Vit * B6 (chlorhydrate de pyridoxine) : 11,5 mg<\/span><br \/>\n<span dir=\"auto\">Vit * B12 : 30 \u00b5g<\/span><br \/>\n<span dir=\"auto\">Vit * C : 100 mg<\/span><br \/>\n<span dir=\"auto\">3a315 Niacinamide : 15,8 mg<\/span><br \/>\n<span dir=\"auto\">3a841 D-pantoth\u00e9nate de calcium \u2013 acide pantoth\u00e9nique : 16,7 mg<\/span><br \/>\n<span dir=\"auto\">3a316 Acide folique : 0,66 mg<\/span><br \/>\n<span dir=\"auto\">3a880 Biotine : 500 \u00b5g<\/span><br \/>\n<span dir=\"auto\">B\u00e9ta\u00efne : 423,9 mg<\/span><\/p>\n","protected":false},"excerpt":{"rendered":"<p>La formule sp\u00e9ciale des aliments Artifact prend soin de la sant\u00e9 de votre animal. Sa composition unique influe sur ses cheveux, son c\u0153ur, ses dents et sa vitalit\u00e9. La forte teneur en viande garantit que le plat est savoureux. La quantit\u00e9 de nourriture donn\u00e9e d\u00e9pend de l&rsquo;activit\u00e9, de la race du chat et des conditions [&#8230;]\n","protected":false},"featured_media":1624,"template":"","meta":[],"product_brand":[],"product_cat":[18],"product_tag":[],"class_list":{"0":"post-1623","1":"product","2":"type-product","3":"status-publish","4":"has-post-thumbnail","6":"product_cat-alimentation-pour-chats","7":"product_shipping_class-produit-lourd","9":"first","10":"instock","11":"sale","12":"shipping-taxable","13":"purchasable","14":"product-type-simple"},"yoast_head":"<!-- This site is optimized with the Yoast SEO plugin v27.1.1 - https:\/\/yoast.com\/product\/yoast-seo-wordpress\/ -->\n<title>Croquettes pour chat \u00e9conomique - Artifact 20kg - Animalerie Maroc<\/title>\n<meta name=\"description\" content=\"Achetez votre Croquettes pour chat \u00e9conomique - Artifact 20kg au meilleur prix au Maroc. Livraison rapide | Animalsouk.ma\" \/>\n<meta name=\"robots\" content=\"index, follow, max-snippet:-1, max-image-preview:large, max-video-preview:-1\" \/>\n<link rel=\"canonical\" href=\"https:\/\/www.animalsouk.ma\/animalerie-maroc\/produit\/croquettes-pour-chat-economique-artifact-20kg\/\" \/>\n<meta property=\"og:locale\" content=\"fr_FR\" \/>\n<meta property=\"og:type\" content=\"article\" \/>\n<meta property=\"og:title\" content=\"Croquettes pour chat \u00e9conomique - Artifact 20kg - Animalerie Maroc\" \/>\n<meta property=\"og:description\" content=\"Achetez votre Croquettes pour chat \u00e9conomique - Artifact 20kg au meilleur prix au Maroc. Livraison rapide | Animalsouk.ma\" \/>\n<meta property=\"og:url\" content=\"https:\/\/www.animalsouk.ma\/animalerie-maroc\/produit\/croquettes-pour-chat-economique-artifact-20kg\/\" \/>\n<meta property=\"og:site_name\" content=\"Animalerie Maroc\" \/>\n<meta property=\"article:publisher\" content=\"https:\/\/www.facebook.com\/animalsouk.ma\" \/>\n<meta property=\"article:modified_time\" content=\"2026-02-10T15:44:08+00:00\" \/>\n<meta property=\"og:image\" content=\"https:\/\/www.animalsouk.ma\/animalerie-maroc\/wp-content\/uploads\/2026\/01\/sasjhhjasjhajhs.png\" \/>\n\t<meta property=\"og:image:width\" content=\"928\" \/>\n\t<meta property=\"og:image:height\" content=\"770\" \/>\n\t<meta property=\"og:image:type\" content=\"image\/png\" \/>\n<meta name=\"twitter:card\" content=\"summary_large_image\" \/>\n<meta name=\"twitter:label1\" content=\"Dur\u00e9e de lecture estim\u00e9e\" \/>\n\t<meta name=\"twitter:data1\" content=\"2 minutes\" \/>\n<script type=\"application\/ld+json\" class=\"yoast-schema-graph\">{\"@context\":\"https:\/\/schema.org\",\"@graph\":[{\"@type\":\"WebPage\",\"@id\":\"https:\/\/www.animalsouk.ma\/animalerie-maroc\/produit\/croquettes-pour-chat-economique-artifact-20kg\/\",\"url\":\"https:\/\/www.animalsouk.ma\/animalerie-maroc\/produit\/croquettes-pour-chat-economique-artifact-20kg\/\",\"name\":\"Croquettes pour chat \u00e9conomique - Artifact 20kg - Animalerie Maroc\",\"isPartOf\":{\"@id\":\"https:\/\/www.animalsouk.ma\/animalerie-maroc\/#website\"},\"primaryImageOfPage\":{\"@id\":\"https:\/\/www.animalsouk.ma\/animalerie-maroc\/produit\/croquettes-pour-chat-economique-artifact-20kg\/#primaryimage\"},\"image\":{\"@id\":\"https:\/\/www.animalsouk.ma\/animalerie-maroc\/produit\/croquettes-pour-chat-economique-artifact-20kg\/#primaryimage\"},\"thumbnailUrl\":\"https:\/\/www.animalsouk.ma\/animalerie-maroc\/wp-content\/uploads\/2026\/01\/sasjhhjasjhajhs.png\",\"datePublished\":\"2026-01-30T21:46:05+00:00\",\"dateModified\":\"2026-02-10T15:44:08+00:00\",\"description\":\"Achetez votre Croquettes pour chat \u00e9conomique - Artifact 20kg au meilleur prix au Maroc. Livraison rapide | Animalsouk.ma\",\"breadcrumb\":{\"@id\":\"https:\/\/www.animalsouk.ma\/animalerie-maroc\/produit\/croquettes-pour-chat-economique-artifact-20kg\/#breadcrumb\"},\"inLanguage\":\"fr-FR\",\"potentialAction\":[{\"@type\":\"ReadAction\",\"target\":[\"https:\/\/www.animalsouk.ma\/animalerie-maroc\/produit\/croquettes-pour-chat-economique-artifact-20kg\/\"]}]},{\"@type\":\"ImageObject\",\"inLanguage\":\"fr-FR\",\"@id\":\"https:\/\/www.animalsouk.ma\/animalerie-maroc\/produit\/croquettes-pour-chat-economique-artifact-20kg\/#primaryimage\",\"url\":\"https:\/\/www.animalsouk.ma\/animalerie-maroc\/wp-content\/uploads\/2026\/01\/sasjhhjasjhajhs.png\",\"contentUrl\":\"https:\/\/www.animalsouk.ma\/animalerie-maroc\/wp-content\/uploads\/2026\/01\/sasjhhjasjhajhs.png\",\"width\":928,\"height\":770},{\"@type\":\"BreadcrumbList\",\"@id\":\"https:\/\/www.animalsouk.ma\/animalerie-maroc\/produit\/croquettes-pour-chat-economique-artifact-20kg\/#breadcrumb\",\"itemListElement\":[{\"@type\":\"ListItem\",\"position\":1,\"name\":\"Home\",\"item\":\"https:\/\/www.animalsouk.ma\/animalerie-maroc\/\"},{\"@type\":\"ListItem\",\"position\":2,\"name\":\"Boutique\",\"item\":\"https:\/\/www.animalsouk.ma\/animalerie-maroc\/boutique\/\"},{\"@type\":\"ListItem\",\"position\":3,\"name\":\"Croquettes pour chat \u00e9conomique &#8211; Artifact 20kg\"}]},{\"@type\":\"WebSite\",\"@id\":\"https:\/\/www.animalsouk.ma\/animalerie-maroc\/#website\",\"url\":\"https:\/\/www.animalsouk.ma\/animalerie-maroc\/\",\"name\":\"Animalerie de casablanca\",\"description\":\"\",\"publisher\":{\"@id\":\"https:\/\/www.animalsouk.ma\/animalerie-maroc\/#organization\"},\"potentialAction\":[{\"@type\":\"SearchAction\",\"target\":{\"@type\":\"EntryPoint\",\"urlTemplate\":\"https:\/\/www.animalsouk.ma\/animalerie-maroc\/?s={search_term_string}\"},\"query-input\":{\"@type\":\"PropertyValueSpecification\",\"valueRequired\":true,\"valueName\":\"search_term_string\"}}],\"inLanguage\":\"fr-FR\"},{\"@type\":\"Organization\",\"@id\":\"https:\/\/www.animalsouk.ma\/animalerie-maroc\/#organization\",\"name\":\"Animalerie de casablanca\",\"url\":\"https:\/\/www.animalsouk.ma\/animalerie-maroc\/\",\"logo\":{\"@type\":\"ImageObject\",\"inLanguage\":\"fr-FR\",\"@id\":\"https:\/\/www.animalsouk.ma\/animalerie-maroc\/#\/schema\/logo\/image\/\",\"url\":\"https:\/\/www.animalsouk.ma\/animalerie-maroc\/wp-content\/uploads\/2025\/10\/animalsouk.ma-logo.png\",\"contentUrl\":\"https:\/\/www.animalsouk.ma\/animalerie-maroc\/wp-content\/uploads\/2025\/10\/animalsouk.ma-logo.png\",\"width\":760,\"height\":231,\"caption\":\"Animalerie de casablanca\"},\"image\":{\"@id\":\"https:\/\/www.animalsouk.ma\/animalerie-maroc\/#\/schema\/logo\/image\/\"},\"sameAs\":[\"https:\/\/www.facebook.com\/animalsouk.ma\",\"https:\/\/www.instagram.com\/animalsouk.ma\"]}]}<\/script>\n<!-- \/ Yoast SEO plugin. -->","yoast_head_json":{"title":"Croquettes pour chat \u00e9conomique - Artifact 20kg - Animalerie Maroc","description":"Achetez votre Croquettes pour chat \u00e9conomique - Artifact 20kg au meilleur prix au Maroc. Livraison rapide | Animalsouk.ma","robots":{"index":"index","follow":"follow","max-snippet":"max-snippet:-1","max-image-preview":"max-image-preview:large","max-video-preview":"max-video-preview:-1"},"canonical":"https:\/\/www.animalsouk.ma\/animalerie-maroc\/produit\/croquettes-pour-chat-economique-artifact-20kg\/","og_locale":"fr_FR","og_type":"article","og_title":"Croquettes pour chat \u00e9conomique - Artifact 20kg - Animalerie Maroc","og_description":"Achetez votre Croquettes pour chat \u00e9conomique - Artifact 20kg au meilleur prix au Maroc. Livraison rapide | Animalsouk.ma","og_url":"https:\/\/www.animalsouk.ma\/animalerie-maroc\/produit\/croquettes-pour-chat-economique-artifact-20kg\/","og_site_name":"Animalerie Maroc","article_publisher":"https:\/\/www.facebook.com\/animalsouk.ma","article_modified_time":"2026-02-10T15:44:08+00:00","og_image":[{"width":928,"height":770,"url":"https:\/\/www.animalsouk.ma\/animalerie-maroc\/wp-content\/uploads\/2026\/01\/sasjhhjasjhajhs.png","type":"image\/png"}],"twitter_card":"summary_large_image","twitter_misc":{"Dur\u00e9e de lecture estim\u00e9e":"2 minutes"},"schema":{"@context":"https:\/\/schema.org","@graph":[{"@type":"WebPage","@id":"https:\/\/www.animalsouk.ma\/animalerie-maroc\/produit\/croquettes-pour-chat-economique-artifact-20kg\/","url":"https:\/\/www.animalsouk.ma\/animalerie-maroc\/produit\/croquettes-pour-chat-economique-artifact-20kg\/","name":"Croquettes pour chat \u00e9conomique - Artifact 20kg - Animalerie Maroc","isPartOf":{"@id":"https:\/\/www.animalsouk.ma\/animalerie-maroc\/#website"},"primaryImageOfPage":{"@id":"https:\/\/www.animalsouk.ma\/animalerie-maroc\/produit\/croquettes-pour-chat-economique-artifact-20kg\/#primaryimage"},"image":{"@id":"https:\/\/www.animalsouk.ma\/animalerie-maroc\/produit\/croquettes-pour-chat-economique-artifact-20kg\/#primaryimage"},"thumbnailUrl":"https:\/\/www.animalsouk.ma\/animalerie-maroc\/wp-content\/uploads\/2026\/01\/sasjhhjasjhajhs.png","datePublished":"2026-01-30T21:46:05+00:00","dateModified":"2026-02-10T15:44:08+00:00","description":"Achetez votre Croquettes pour chat \u00e9conomique - Artifact 20kg au meilleur prix au Maroc. Livraison rapide | Animalsouk.ma","breadcrumb":{"@id":"https:\/\/www.animalsouk.ma\/animalerie-maroc\/produit\/croquettes-pour-chat-economique-artifact-20kg\/#breadcrumb"},"inLanguage":"fr-FR","potentialAction":[{"@type":"ReadAction","target":["https:\/\/www.animalsouk.ma\/animalerie-maroc\/produit\/croquettes-pour-chat-economique-artifact-20kg\/"]}]},{"@type":"ImageObject","inLanguage":"fr-FR","@id":"https:\/\/www.animalsouk.ma\/animalerie-maroc\/produit\/croquettes-pour-chat-economique-artifact-20kg\/#primaryimage","url":"https:\/\/www.animalsouk.ma\/animalerie-maroc\/wp-content\/uploads\/2026\/01\/sasjhhjasjhajhs.png","contentUrl":"https:\/\/www.animalsouk.ma\/animalerie-maroc\/wp-content\/uploads\/2026\/01\/sasjhhjasjhajhs.png","width":928,"height":770},{"@type":"BreadcrumbList","@id":"https:\/\/www.animalsouk.ma\/animalerie-maroc\/produit\/croquettes-pour-chat-economique-artifact-20kg\/#breadcrumb","itemListElement":[{"@type":"ListItem","position":1,"name":"Home","item":"https:\/\/www.animalsouk.ma\/animalerie-maroc\/"},{"@type":"ListItem","position":2,"name":"Boutique","item":"https:\/\/www.animalsouk.ma\/animalerie-maroc\/boutique\/"},{"@type":"ListItem","position":3,"name":"Croquettes pour chat \u00e9conomique &#8211; Artifact 20kg"}]},{"@type":"WebSite","@id":"https:\/\/www.animalsouk.ma\/animalerie-maroc\/#website","url":"https:\/\/www.animalsouk.ma\/animalerie-maroc\/","name":"Animalerie de casablanca","description":"","publisher":{"@id":"https:\/\/www.animalsouk.ma\/animalerie-maroc\/#organization"},"potentialAction":[{"@type":"SearchAction","target":{"@type":"EntryPoint","urlTemplate":"https:\/\/www.animalsouk.ma\/animalerie-maroc\/?s={search_term_string}"},"query-input":{"@type":"PropertyValueSpecification","valueRequired":true,"valueName":"search_term_string"}}],"inLanguage":"fr-FR"},{"@type":"Organization","@id":"https:\/\/www.animalsouk.ma\/animalerie-maroc\/#organization","name":"Animalerie de casablanca","url":"https:\/\/www.animalsouk.ma\/animalerie-maroc\/","logo":{"@type":"ImageObject","inLanguage":"fr-FR","@id":"https:\/\/www.animalsouk.ma\/animalerie-maroc\/#\/schema\/logo\/image\/","url":"https:\/\/www.animalsouk.ma\/animalerie-maroc\/wp-content\/uploads\/2025\/10\/animalsouk.ma-logo.png","contentUrl":"https:\/\/www.animalsouk.ma\/animalerie-maroc\/wp-content\/uploads\/2025\/10\/animalsouk.ma-logo.png","width":760,"height":231,"caption":"Animalerie de casablanca"},"image":{"@id":"https:\/\/www.animalsouk.ma\/animalerie-maroc\/#\/schema\/logo\/image\/"},"sameAs":["https:\/\/www.facebook.com\/animalsouk.ma","https:\/\/www.instagram.com\/animalsouk.ma"]}]}},"_links":{"self":[{"href":"https:\/\/www.animalsouk.ma\/animalerie-maroc\/wp-json\/wp\/v2\/product\/1623","targetHints":{"allow":["GET"]}}],"collection":[{"href":"https:\/\/www.animalsouk.ma\/animalerie-maroc\/wp-json\/wp\/v2\/product"}],"about":[{"href":"https:\/\/www.animalsouk.ma\/animalerie-maroc\/wp-json\/wp\/v2\/types\/product"}],"wp:featuredmedia":[{"embeddable":true,"href":"https:\/\/www.animalsouk.ma\/animalerie-maroc\/wp-json\/wp\/v2\/media\/1624"}],"wp:attachment":[{"href":"https:\/\/www.animalsouk.ma\/animalerie-maroc\/wp-json\/wp\/v2\/media?parent=1623"}],"wp:term":[{"taxonomy":"product_brand","embeddable":true,"href":"https:\/\/www.animalsouk.ma\/animalerie-maroc\/wp-json\/wp\/v2\/product_brand?post=1623"},{"taxonomy":"product_cat","embeddable":true,"href":"https:\/\/www.animalsouk.ma\/animalerie-maroc\/wp-json\/wp\/v2\/product_cat?post=1623"},{"taxonomy":"product_tag","embeddable":true,"href":"https:\/\/www.animalsouk.ma\/animalerie-maroc\/wp-json\/wp\/v2\/product_tag?post=1623"}],"curies":[{"name":"wp","href":"https:\/\/api.w.org\/{rel}","templated":true}]}}