{"id":1556,"date":"2026-01-28T16:30:58","date_gmt":"2026-01-28T15:30:58","guid":{"rendered":"https:\/\/www.animalsouk.ma\/animalerie-maroc\/?post_type=product&#038;p=1556"},"modified":"2026-02-10T16:39:29","modified_gmt":"2026-02-10T15:39:29","slug":"croquette-molly-indoor-light-sterilised-chicken-2kg-15kg","status":"publish","type":"product","link":"https:\/\/www.animalsouk.ma\/animalerie-maroc\/produit\/croquette-molly-indoor-light-sterilised-chicken-2kg-15kg\/","title":{"rendered":"Croquette Molly INDOOR Light &#038; Sterilised Chicken 2kg | 15kg"},"content":{"rendered":"<p><strong><span dir=\"auto\">Aliment complet et \u00e9quilibr\u00e9 pour chats adultes en surpoids et\/ou st\u00e9rilis\u00e9s.<\/span><\/strong><br \/>\n<span dir=\"auto\">L&rsquo;aliment Molly Light &amp; St\u00e9rilised est formul\u00e9 par des sp\u00e9cialistes en nutrition animale pour les chats en surpoids et\/ou st\u00e9rilis\u00e9s. Sa qualit\u00e9 est optimis\u00e9e gr\u00e2ce \u00e0 l&rsquo;extrusion, permettant \u00e0 votre chat de b\u00e9n\u00e9ficier de tous les bienfaits nutritionnels quotidiens. Sa teneur en prot\u00e9ines et en mati\u00e8res grasses est soigneusement \u00e9quilibr\u00e9e pour aider votre chat \u00e0 maintenir un poids stable, tout en lui fournissant tous les nutriments essentiels<\/span><\/p>\n<div class=\"row no-gutters\">\n<h4><img decoding=\"async\" src=\"https:\/\/www.molly.com.tr\/images\/icon-hypoallergenic.png\" alt=\"\" \/><strong><span dir=\"auto\">HYPOALLERG\u00c9NIQUE<\/span><\/strong><\/h4>\n<p><span dir=\"auto\">MOLLY est sp\u00e9cialement formul\u00e9 par des nutritionnistes pour les chats souffrant de sensibilit\u00e9 digestive et d&rsquo;allergies. Gr\u00e2ce \u00e0 sa faible teneur en prot\u00e9ines hydrolys\u00e9es, il r\u00e9duit les intol\u00e9rances alimentaires et contribue \u00e0 la sant\u00e9 de la peau et du syst\u00e8me digestif de votre chat.<\/span><\/p>\n<\/div>\n<div>\n<h4><img decoding=\"async\" src=\"https:\/\/www.molly.com.tr\/images\/icon-low-grain.png\" alt=\"\" \/><strong><span dir=\"auto\">FAIBLE GRAIN<\/span><\/strong><\/h4>\n<p><span dir=\"auto\">Les produits Molly aident votre chat \u00e0 avoir un m\u00e9tabolisme sain et optimal gr\u00e2ce \u00e0 leur formule \u00e0 faible teneur en c\u00e9r\u00e9ales, tout en renfor\u00e7ant son immunit\u00e9 naturelle gr\u00e2ce \u00e0 leur composition unique \u00e0 base de plantes.<\/span><\/p>\n<\/div>\n<div><\/div>\n<div>\n<div class=\"col-lg-6 my-2\">\n<div class=\"col-lg-6 my-2\">\n<div class=\"col-lg-6 my-2\"><strong><span dir=\"auto\">INGR\u00c9DIENTS<\/span><\/strong><span dir=\"auto\">\u00a0: Prot\u00e9ines de poulet d\u00e9shydrat\u00e9es (38%), riz Baldo (16%), ma\u00efs (14%), huile de poulet raffin\u00e9e, farine d&rsquo;anchois, farine de krill, levure de bi\u00e8re s\u00e9ch\u00e9e, foie de poulet hydrolys\u00e9, huile d&rsquo;anchois, prot\u00e9ines de levure nucl\u00e9otidiques, min\u00e9raux, oligosaccharides de mannan pr\u00e9biotiques, algues (0,04%), extrait de yucca (0,04%), poudre de canneberges (0,04%), psyllium (0,04%).<\/span><\/div>\n<div class=\"col-lg-6 my-2\">\n<p><b><span dir=\"auto\">CONSTITUANTS ANALYTIQUES<\/span><\/b><\/p>\n<ul class=\"leaders\">\n<li><span dir=\"auto\">Prot\u00e9ine<\/span><span dir=\"auto\">30 %<\/span><\/li>\n<li><span dir=\"auto\">teneur en mati\u00e8res grasses<\/span><span dir=\"auto\">12 %<\/span><\/li>\n<li><span dir=\"auto\">Cendres brutes<\/span><span dir=\"auto\">7 %<\/span><\/li>\n<li><span dir=\"auto\">Fibres brutes<\/span><span dir=\"auto\">4 %<\/span><\/li>\n<li><span dir=\"auto\">Om\u00e9ga-6<\/span><span dir=\"auto\">3,60 %<\/span><\/li>\n<li><span dir=\"auto\">Om\u00e9ga-3<\/span><span dir=\"auto\">0,65 %<\/span><\/li>\n<\/ul>\n<\/div>\n<div class=\"col-lg-6 my-2\"><\/div>\n<div class=\"col-lg-6 my-2\">\n<p><b><span dir=\"auto\">ADDITIFS NUTRITIONNELS<\/span><\/b><\/p>\n<ul class=\"leaders\">\n<li><span dir=\"auto\">Vitamine A<\/span><span dir=\"auto\">25 000 UI\/kg<\/span><\/li>\n<li><span dir=\"auto\">Vitamine D3<\/span><span dir=\"auto\">1500 UI\/kg<\/span><\/li>\n<li><span dir=\"auto\">Vitamine E<\/span><span dir=\"auto\">150 mg\/kg<\/span><\/li>\n<li><span dir=\"auto\">Vitamine C<\/span><span dir=\"auto\">25 mg\/kg<\/span><\/li>\n<li><span dir=\"auto\">Taurine<\/span><span dir=\"auto\">1\u00a0800 mg\/kg<\/span><\/li>\n<li><span dir=\"auto\">Cuivre (sous forme de sulfate)<\/span><span dir=\"auto\">18 mg\/kg<\/span><\/li>\n<li><span dir=\"auto\">Zinc (sous forme de sulfate)<\/span><span dir=\"auto\">95 mg\/kg<\/span><\/li>\n<li><span dir=\"auto\">Zinc (sous forme de ch\u00e9late)<\/span><span dir=\"auto\">20 mg\/kg<\/span><\/li>\n<li><span dir=\"auto\">Mangan\u00e8se (sous forme de sulfate)<\/span><span dir=\"auto\">30 mg\/kg<\/span><\/li>\n<li><span dir=\"auto\">S\u00e9l\u00e9nium (sous forme de s\u00e9l\u00e9nite)<\/span><span dir=\"auto\">0,3 mg\/kg<\/span><\/li>\n<li><span dir=\"auto\">Niacine<\/span><span dir=\"auto\">50 mg\/kg<\/span><\/li>\n<li><span dir=\"auto\">L-Carnitine<\/span><\/li>\n<\/ul>\n<\/div>\n<\/div>\n<\/div>\n<\/div>\n","protected":false},"excerpt":{"rendered":"<p>Aliment complet et \u00e9quilibr\u00e9 pour chats adultes en surpoids et\/ou st\u00e9rilis\u00e9s. L&rsquo;aliment Molly Light &amp; St\u00e9rilised est formul\u00e9 par des sp\u00e9cialistes en nutrition animale pour les chats en surpoids et\/ou st\u00e9rilis\u00e9s. Sa qualit\u00e9 est optimis\u00e9e gr\u00e2ce \u00e0 l&rsquo;extrusion, permettant \u00e0 votre chat de b\u00e9n\u00e9ficier de tous les bienfaits nutritionnels quotidiens. Sa teneur en prot\u00e9ines et [&#8230;]\n","protected":false},"featured_media":1540,"template":"","meta":[],"product_brand":[84],"product_cat":[18],"product_tag":[],"class_list":{"0":"post-1556","1":"product","2":"type-product","3":"status-publish","4":"has-post-thumbnail","6":"product_brand-molly","7":"product_cat-alimentation-pour-chats","9":"first","10":"instock","11":"shipping-taxable","12":"purchasable","13":"product-type-variable"},"yoast_head":"<!-- This site is optimized with the Yoast SEO plugin v27.3 - https:\/\/yoast.com\/product\/yoast-seo-wordpress\/ -->\n<title>Croquette Molly INDOOR Light &amp; Sterilised Chicken 2kg | 15kg - Animalerie Maroc<\/title>\n<meta name=\"description\" content=\"Achetez votre Croquette Molly INDOOR Light &amp; Sterilised Chicken 2kg | 15kg au meilleur prix au Maroc. Livraison rapide | Animalsouk.ma\" \/>\n<meta name=\"robots\" content=\"index, follow, max-snippet:-1, max-image-preview:large, max-video-preview:-1\" \/>\n<link rel=\"canonical\" href=\"https:\/\/www.animalsouk.ma\/animalerie-maroc\/produit\/croquette-molly-indoor-light-sterilised-chicken-2kg-15kg\/\" \/>\n<meta property=\"og:locale\" content=\"fr_FR\" \/>\n<meta property=\"og:type\" content=\"article\" \/>\n<meta property=\"og:title\" content=\"Croquette Molly INDOOR Light &amp; Sterilised Chicken 2kg | 15kg - Animalerie Maroc\" \/>\n<meta property=\"og:description\" content=\"Achetez votre Croquette Molly INDOOR Light &amp; Sterilised Chicken 2kg | 15kg au meilleur prix au Maroc. Livraison rapide | Animalsouk.ma\" \/>\n<meta property=\"og:url\" content=\"https:\/\/www.animalsouk.ma\/animalerie-maroc\/produit\/croquette-molly-indoor-light-sterilised-chicken-2kg-15kg\/\" \/>\n<meta property=\"og:site_name\" content=\"Animalerie Maroc\" \/>\n<meta property=\"article:publisher\" content=\"https:\/\/www.facebook.com\/animalsouk.ma\" \/>\n<meta property=\"article:modified_time\" content=\"2026-02-10T15:39:29+00:00\" \/>\n<meta property=\"og:image\" content=\"https:\/\/www.animalsouk.ma\/animalerie-maroc\/wp-content\/uploads\/2026\/01\/saklskal.png\" \/>\n\t<meta property=\"og:image:width\" content=\"928\" \/>\n\t<meta property=\"og:image:height\" content=\"770\" \/>\n\t<meta property=\"og:image:type\" content=\"image\/png\" \/>\n<meta name=\"twitter:card\" content=\"summary_large_image\" \/>\n<meta name=\"twitter:label1\" content=\"Dur\u00e9e de lecture estim\u00e9e\" \/>\n\t<meta name=\"twitter:data1\" content=\"3 minutes\" \/>\n<script type=\"application\/ld+json\" class=\"yoast-schema-graph\">{\"@context\":\"https:\\\/\\\/schema.org\",\"@graph\":[{\"@type\":\"WebPage\",\"@id\":\"https:\\\/\\\/www.animalsouk.ma\\\/animalerie-maroc\\\/produit\\\/croquette-molly-indoor-light-sterilised-chicken-2kg-15kg\\\/\",\"url\":\"https:\\\/\\\/www.animalsouk.ma\\\/animalerie-maroc\\\/produit\\\/croquette-molly-indoor-light-sterilised-chicken-2kg-15kg\\\/\",\"name\":\"Croquette Molly INDOOR Light & Sterilised Chicken 2kg | 15kg - Animalerie Maroc\",\"isPartOf\":{\"@id\":\"https:\\\/\\\/www.animalsouk.ma\\\/animalerie-maroc\\\/#website\"},\"primaryImageOfPage\":{\"@id\":\"https:\\\/\\\/www.animalsouk.ma\\\/animalerie-maroc\\\/produit\\\/croquette-molly-indoor-light-sterilised-chicken-2kg-15kg\\\/#primaryimage\"},\"image\":{\"@id\":\"https:\\\/\\\/www.animalsouk.ma\\\/animalerie-maroc\\\/produit\\\/croquette-molly-indoor-light-sterilised-chicken-2kg-15kg\\\/#primaryimage\"},\"thumbnailUrl\":\"https:\\\/\\\/www.animalsouk.ma\\\/animalerie-maroc\\\/wp-content\\\/uploads\\\/2026\\\/01\\\/saklskal.png\",\"datePublished\":\"2026-01-28T15:30:58+00:00\",\"dateModified\":\"2026-02-10T15:39:29+00:00\",\"description\":\"Achetez votre Croquette Molly INDOOR Light & Sterilised Chicken 2kg | 15kg au meilleur prix au Maroc. Livraison rapide | Animalsouk.ma\",\"breadcrumb\":{\"@id\":\"https:\\\/\\\/www.animalsouk.ma\\\/animalerie-maroc\\\/produit\\\/croquette-molly-indoor-light-sterilised-chicken-2kg-15kg\\\/#breadcrumb\"},\"inLanguage\":\"fr-FR\",\"potentialAction\":[{\"@type\":\"ReadAction\",\"target\":[\"https:\\\/\\\/www.animalsouk.ma\\\/animalerie-maroc\\\/produit\\\/croquette-molly-indoor-light-sterilised-chicken-2kg-15kg\\\/\"]}]},{\"@type\":\"ImageObject\",\"inLanguage\":\"fr-FR\",\"@id\":\"https:\\\/\\\/www.animalsouk.ma\\\/animalerie-maroc\\\/produit\\\/croquette-molly-indoor-light-sterilised-chicken-2kg-15kg\\\/#primaryimage\",\"url\":\"https:\\\/\\\/www.animalsouk.ma\\\/animalerie-maroc\\\/wp-content\\\/uploads\\\/2026\\\/01\\\/saklskal.png\",\"contentUrl\":\"https:\\\/\\\/www.animalsouk.ma\\\/animalerie-maroc\\\/wp-content\\\/uploads\\\/2026\\\/01\\\/saklskal.png\",\"width\":928,\"height\":770,\"caption\":\"Croquette Molly INDOOR Light & Sterilised Chicken 2kg | 15kg\"},{\"@type\":\"BreadcrumbList\",\"@id\":\"https:\\\/\\\/www.animalsouk.ma\\\/animalerie-maroc\\\/produit\\\/croquette-molly-indoor-light-sterilised-chicken-2kg-15kg\\\/#breadcrumb\",\"itemListElement\":[{\"@type\":\"ListItem\",\"position\":1,\"name\":\"Home\",\"item\":\"https:\\\/\\\/www.animalsouk.ma\\\/animalerie-maroc\\\/\"},{\"@type\":\"ListItem\",\"position\":2,\"name\":\"Boutique\",\"item\":\"https:\\\/\\\/www.animalsouk.ma\\\/animalerie-maroc\\\/boutique\\\/\"},{\"@type\":\"ListItem\",\"position\":3,\"name\":\"Croquette Molly INDOOR Light &#038; Sterilised Chicken 2kg | 15kg\"}]},{\"@type\":\"WebSite\",\"@id\":\"https:\\\/\\\/www.animalsouk.ma\\\/animalerie-maroc\\\/#website\",\"url\":\"https:\\\/\\\/www.animalsouk.ma\\\/animalerie-maroc\\\/\",\"name\":\"Animalerie de casablanca\",\"description\":\"\",\"publisher\":{\"@id\":\"https:\\\/\\\/www.animalsouk.ma\\\/animalerie-maroc\\\/#organization\"},\"potentialAction\":[{\"@type\":\"SearchAction\",\"target\":{\"@type\":\"EntryPoint\",\"urlTemplate\":\"https:\\\/\\\/www.animalsouk.ma\\\/animalerie-maroc\\\/?s={search_term_string}\"},\"query-input\":{\"@type\":\"PropertyValueSpecification\",\"valueRequired\":true,\"valueName\":\"search_term_string\"}}],\"inLanguage\":\"fr-FR\"},{\"@type\":\"Organization\",\"@id\":\"https:\\\/\\\/www.animalsouk.ma\\\/animalerie-maroc\\\/#organization\",\"name\":\"Animalerie de casablanca\",\"url\":\"https:\\\/\\\/www.animalsouk.ma\\\/animalerie-maroc\\\/\",\"logo\":{\"@type\":\"ImageObject\",\"inLanguage\":\"fr-FR\",\"@id\":\"https:\\\/\\\/www.animalsouk.ma\\\/animalerie-maroc\\\/#\\\/schema\\\/logo\\\/image\\\/\",\"url\":\"https:\\\/\\\/www.animalsouk.ma\\\/animalerie-maroc\\\/wp-content\\\/uploads\\\/2025\\\/10\\\/animalsouk.ma-logo.png\",\"contentUrl\":\"https:\\\/\\\/www.animalsouk.ma\\\/animalerie-maroc\\\/wp-content\\\/uploads\\\/2025\\\/10\\\/animalsouk.ma-logo.png\",\"width\":760,\"height\":231,\"caption\":\"Animalerie de casablanca\"},\"image\":{\"@id\":\"https:\\\/\\\/www.animalsouk.ma\\\/animalerie-maroc\\\/#\\\/schema\\\/logo\\\/image\\\/\"},\"sameAs\":[\"https:\\\/\\\/www.facebook.com\\\/animalsouk.ma\",\"https:\\\/\\\/www.instagram.com\\\/animalsouk.ma\"]}]}<\/script>\n<!-- \/ Yoast SEO plugin. -->","yoast_head_json":{"title":"Croquette Molly INDOOR Light & Sterilised Chicken 2kg | 15kg - Animalerie Maroc","description":"Achetez votre Croquette Molly INDOOR Light & Sterilised Chicken 2kg | 15kg au meilleur prix au Maroc. Livraison rapide | Animalsouk.ma","robots":{"index":"index","follow":"follow","max-snippet":"max-snippet:-1","max-image-preview":"max-image-preview:large","max-video-preview":"max-video-preview:-1"},"canonical":"https:\/\/www.animalsouk.ma\/animalerie-maroc\/produit\/croquette-molly-indoor-light-sterilised-chicken-2kg-15kg\/","og_locale":"fr_FR","og_type":"article","og_title":"Croquette Molly INDOOR Light & Sterilised Chicken 2kg | 15kg - Animalerie Maroc","og_description":"Achetez votre Croquette Molly INDOOR Light & Sterilised Chicken 2kg | 15kg au meilleur prix au Maroc. Livraison rapide | Animalsouk.ma","og_url":"https:\/\/www.animalsouk.ma\/animalerie-maroc\/produit\/croquette-molly-indoor-light-sterilised-chicken-2kg-15kg\/","og_site_name":"Animalerie Maroc","article_publisher":"https:\/\/www.facebook.com\/animalsouk.ma","article_modified_time":"2026-02-10T15:39:29+00:00","og_image":[{"width":928,"height":770,"url":"https:\/\/www.animalsouk.ma\/animalerie-maroc\/wp-content\/uploads\/2026\/01\/saklskal.png","type":"image\/png"}],"twitter_card":"summary_large_image","twitter_misc":{"Dur\u00e9e de lecture estim\u00e9e":"3 minutes"},"schema":{"@context":"https:\/\/schema.org","@graph":[{"@type":"WebPage","@id":"https:\/\/www.animalsouk.ma\/animalerie-maroc\/produit\/croquette-molly-indoor-light-sterilised-chicken-2kg-15kg\/","url":"https:\/\/www.animalsouk.ma\/animalerie-maroc\/produit\/croquette-molly-indoor-light-sterilised-chicken-2kg-15kg\/","name":"Croquette Molly INDOOR Light & Sterilised Chicken 2kg | 15kg - Animalerie Maroc","isPartOf":{"@id":"https:\/\/www.animalsouk.ma\/animalerie-maroc\/#website"},"primaryImageOfPage":{"@id":"https:\/\/www.animalsouk.ma\/animalerie-maroc\/produit\/croquette-molly-indoor-light-sterilised-chicken-2kg-15kg\/#primaryimage"},"image":{"@id":"https:\/\/www.animalsouk.ma\/animalerie-maroc\/produit\/croquette-molly-indoor-light-sterilised-chicken-2kg-15kg\/#primaryimage"},"thumbnailUrl":"https:\/\/www.animalsouk.ma\/animalerie-maroc\/wp-content\/uploads\/2026\/01\/saklskal.png","datePublished":"2026-01-28T15:30:58+00:00","dateModified":"2026-02-10T15:39:29+00:00","description":"Achetez votre Croquette Molly INDOOR Light & Sterilised Chicken 2kg | 15kg au meilleur prix au Maroc. Livraison rapide | Animalsouk.ma","breadcrumb":{"@id":"https:\/\/www.animalsouk.ma\/animalerie-maroc\/produit\/croquette-molly-indoor-light-sterilised-chicken-2kg-15kg\/#breadcrumb"},"inLanguage":"fr-FR","potentialAction":[{"@type":"ReadAction","target":["https:\/\/www.animalsouk.ma\/animalerie-maroc\/produit\/croquette-molly-indoor-light-sterilised-chicken-2kg-15kg\/"]}]},{"@type":"ImageObject","inLanguage":"fr-FR","@id":"https:\/\/www.animalsouk.ma\/animalerie-maroc\/produit\/croquette-molly-indoor-light-sterilised-chicken-2kg-15kg\/#primaryimage","url":"https:\/\/www.animalsouk.ma\/animalerie-maroc\/wp-content\/uploads\/2026\/01\/saklskal.png","contentUrl":"https:\/\/www.animalsouk.ma\/animalerie-maroc\/wp-content\/uploads\/2026\/01\/saklskal.png","width":928,"height":770,"caption":"Croquette Molly INDOOR Light & Sterilised Chicken 2kg | 15kg"},{"@type":"BreadcrumbList","@id":"https:\/\/www.animalsouk.ma\/animalerie-maroc\/produit\/croquette-molly-indoor-light-sterilised-chicken-2kg-15kg\/#breadcrumb","itemListElement":[{"@type":"ListItem","position":1,"name":"Home","item":"https:\/\/www.animalsouk.ma\/animalerie-maroc\/"},{"@type":"ListItem","position":2,"name":"Boutique","item":"https:\/\/www.animalsouk.ma\/animalerie-maroc\/boutique\/"},{"@type":"ListItem","position":3,"name":"Croquette Molly INDOOR Light &#038; Sterilised Chicken 2kg | 15kg"}]},{"@type":"WebSite","@id":"https:\/\/www.animalsouk.ma\/animalerie-maroc\/#website","url":"https:\/\/www.animalsouk.ma\/animalerie-maroc\/","name":"Animalerie de casablanca","description":"","publisher":{"@id":"https:\/\/www.animalsouk.ma\/animalerie-maroc\/#organization"},"potentialAction":[{"@type":"SearchAction","target":{"@type":"EntryPoint","urlTemplate":"https:\/\/www.animalsouk.ma\/animalerie-maroc\/?s={search_term_string}"},"query-input":{"@type":"PropertyValueSpecification","valueRequired":true,"valueName":"search_term_string"}}],"inLanguage":"fr-FR"},{"@type":"Organization","@id":"https:\/\/www.animalsouk.ma\/animalerie-maroc\/#organization","name":"Animalerie de casablanca","url":"https:\/\/www.animalsouk.ma\/animalerie-maroc\/","logo":{"@type":"ImageObject","inLanguage":"fr-FR","@id":"https:\/\/www.animalsouk.ma\/animalerie-maroc\/#\/schema\/logo\/image\/","url":"https:\/\/www.animalsouk.ma\/animalerie-maroc\/wp-content\/uploads\/2025\/10\/animalsouk.ma-logo.png","contentUrl":"https:\/\/www.animalsouk.ma\/animalerie-maroc\/wp-content\/uploads\/2025\/10\/animalsouk.ma-logo.png","width":760,"height":231,"caption":"Animalerie de casablanca"},"image":{"@id":"https:\/\/www.animalsouk.ma\/animalerie-maroc\/#\/schema\/logo\/image\/"},"sameAs":["https:\/\/www.facebook.com\/animalsouk.ma","https:\/\/www.instagram.com\/animalsouk.ma"]}]}},"_links":{"self":[{"href":"https:\/\/www.animalsouk.ma\/animalerie-maroc\/wp-json\/wp\/v2\/product\/1556","targetHints":{"allow":["GET"]}}],"collection":[{"href":"https:\/\/www.animalsouk.ma\/animalerie-maroc\/wp-json\/wp\/v2\/product"}],"about":[{"href":"https:\/\/www.animalsouk.ma\/animalerie-maroc\/wp-json\/wp\/v2\/types\/product"}],"wp:featuredmedia":[{"embeddable":true,"href":"https:\/\/www.animalsouk.ma\/animalerie-maroc\/wp-json\/wp\/v2\/media\/1540"}],"wp:attachment":[{"href":"https:\/\/www.animalsouk.ma\/animalerie-maroc\/wp-json\/wp\/v2\/media?parent=1556"}],"wp:term":[{"taxonomy":"product_brand","embeddable":true,"href":"https:\/\/www.animalsouk.ma\/animalerie-maroc\/wp-json\/wp\/v2\/product_brand?post=1556"},{"taxonomy":"product_cat","embeddable":true,"href":"https:\/\/www.animalsouk.ma\/animalerie-maroc\/wp-json\/wp\/v2\/product_cat?post=1556"},{"taxonomy":"product_tag","embeddable":true,"href":"https:\/\/www.animalsouk.ma\/animalerie-maroc\/wp-json\/wp\/v2\/product_tag?post=1556"}],"curies":[{"name":"wp","href":"https:\/\/api.w.org\/{rel}","templated":true}]}}