{"id":1532,"date":"2026-01-28T22:24:38","date_gmt":"2026-01-28T21:24:38","guid":{"rendered":"https:\/\/www.animalsouk.ma\/animalerie-maroc\/?post_type=product&#038;p=1532"},"modified":"2026-02-10T16:23:22","modified_gmt":"2026-02-10T15:23:22","slug":"royal-canin-medium-adult-4kg-15kg","status":"publish","type":"product","link":"https:\/\/www.animalsouk.ma\/animalerie-maroc\/produit\/royal-canin-medium-adult-4kg-15kg\/","title":{"rendered":"Royal canin medium adult 4kg | 15kg"},"content":{"rendered":"<p>ROYAL CANIN\u00ae Medium Adult est une formule nutritionnelle compl\u00e8te et \u00e9quilibr\u00e9e sp\u00e9cialement con\u00e7ue pour r\u00e9pondre aux besoins sp\u00e9cifiques de votre chien de taille moyenne et le soutenir tout au long de sa vie adulte. Cet aliment convient aux chiens de taille moyenne pesant entre 11 et 25 kg et \u00e2g\u00e9s de plus de 12 mois. Les chiens de taille moyenne ont besoin d\u2019exercices r\u00e9guliers pour assurer un bon d\u00e9veloppement musculaire. C\u2019est pourquoi, cette formule est con\u00e7ue pour les aider \u00e0 maintenir leur masse musculaire gr\u00e2ce \u00e0 sa teneur en prot\u00e9ines sp\u00e9cifiques de haute qualit\u00e9. Leur mode de vie \u00e9nergique peut les exposer \u00e0 des facteurs environnementaux susceptibles d\u2019affaiblir leur syst\u00e8me immunitaire. Afin de les aider \u00e0 soutenir leurs d\u00e9fenses naturelles, cette formule contient des pr\u00e9biotiques et une combinaison de vitamines, dont des vitamines C et E. Ils ont besoin de nutriments sp\u00e9cifiques pour contribuer \u00e0 maintenir un bon \u00e9tat de sant\u00e9 g\u00e9n\u00e9ral. Comprenant une combinaison \u00e9quilibr\u00e9e de nutriments hautement digestibles, les croquettes ROYAL CANIN\u00ae Medium Adult favorisent une digestion maximale aidant votre chien \u00e0 rester en bonne sant\u00e9 et \u00e0 profiter pleinement de la vie. La forme et la taille des croquettes ROYAL CANIN\u00ae Medium Adult ont \u00e9t\u00e9 sp\u00e9cialement adapt\u00e9es \u00e0 la m\u00e2choire unique de votre chien et \u00e0 son comportement alimentaire. Elles l\u2019encouragent \u00e0 bien croquer. ROYAL CANIN\u00ae Medium Adult est \u00e9galement disponible en deux textures humides\u202f: mousse et bouch\u00e9es en sauce. L\u2019association d\u2019aliments secs et humides apporte de la vari\u00e9t\u00e9 \u00e0 l\u2019alimentation de votre chien, rendant ses repas plus stimulants et attrayants.<\/p>\n<h3>B\u00c9N\u00c9FICES<\/h3>\n<div>\n<div data-qa=\"product-benefits\">\n<div class=\"ProductBenefits-module_productBenefitsItem__ECHED\" data-qa=\"product-benefits-item\">\n<div>\n<h3 class=\"ProductBenefits-module_productBenefitsItemSubtitle__10NrU\" data-qa=\"product-benefits-item-subtitle\">SOUTIEN DE LA MASSE MUSCULAIRE<\/h3>\n<p class=\"ProductBenefits-module_productBenefitsItemText__gtemj\" data-qa=\"product-benefits-item-text\">Contribue \u00e0 maintenir la masse musculaire gr\u00e2ce \u00e0 une teneur adapt\u00e9e en prot\u00e9ines de haute qualit\u00e9.<\/p>\n<\/div>\n<\/div>\n<div class=\"ProductBenefits-module_productBenefitsItem__ECHED\" data-qa=\"product-benefits-item\">\n<div>\n<h3 class=\"ProductBenefits-module_productBenefitsItemSubtitle__10NrU\" data-qa=\"product-benefits-item-subtitle\">D\u00c9FENSES NATURELLES<\/h3>\n<p class=\"ProductBenefits-module_productBenefitsItemText__gtemj\" data-qa=\"product-benefits-item-text\">Aide \u00e0 soutenir les d\u00e9fenses naturelles des chiens notamment gr\u00e2ce \u00e0 un complexe de vitamines (comprenant les vitamines C et E) et des pr\u00e9biotiques.<\/p>\n<\/div>\n<\/div>\n<div class=\"ProductBenefits-module_productBenefitsItem__ECHED\" data-qa=\"product-benefits-item\">\n<div>\n<h3 class=\"ProductBenefits-module_productBenefitsItemSubtitle__10NrU\" data-qa=\"product-benefits-item-subtitle\">SOUTIEN OPTIMAL DE LA SANT\u00c9<\/h3>\n<p class=\"ProductBenefits-module_productBenefitsItemText__gtemj\" data-qa=\"product-benefits-item-text\">Contient des vitamines et des nutriments hautement digestibles pour une absorption maximale.<\/p>\n<\/div>\n<\/div>\n<div class=\"ProductBenefits-module_productBenefitsItem__ECHED\" data-qa=\"product-benefits-item\">\n<div>\n<h3 class=\"ProductBenefits-module_productBenefitsItemSubtitle__10NrU\" data-qa=\"product-benefits-item-subtitle\">TAILLE DE CROQUETTE ADAPT\u00c9E<\/h3>\n<p>Con\u00e7ue pour encourager la mastication<\/p>\n<\/div>\n<h3 class=\"TabbedAccordion-module_contentTitle__0TBwO TabbedAccordion-module_activeContent__Oh8Ol\" data-qa=\"tabbed-accordion-section-title\">INFORMATIONS NUTRITIONNELLES<\/h3>\n<div id=\"tabbed-accordion-:Rhiiah6:-section-2\" class=\"TabbedAccordion-module_content__YHr0u TabbedAccordion-module_activeContent__Oh8Ol \" role=\"tabpanel\" aria-labelledby=\"tabbed-accordion-:Rhiiah6:-tab-2\" data-qa=\"tabbed-accordion-section-content\">\n<div data-qa=\"product-nutrition-info\">\n<div class=\"ProductNutritionalInfo-module_nutritional-info-item__j3XbH ProductNutritionalInfo-module_expanded__UmYWW\" data-testid=\"product-nutrition-item\" data-qa=\"product-nutritional-info-item\">\n<div class=\"ProductNutritionalInfo-module_nutritional-item-wrapper__pSFgq\">\n<h3 class=\"ProductNutritionalInfo-module_nutritional-item-subtitle__Tjk1e\" data-qa=\"product-nutritional-info-item-subtitle\">COMPOSITION<\/h3>\n<div class=\"ProductNutritionalInfo-module_icon-wrapper__cw228\">\n<div class=\"ProductNutritionalInfo-module_icon-minus__LnlCs\"><\/div>\n<\/div>\n<div class=\"ProductNutritionalInfo-module_nutritional-item-content-wrapper__igckI\" data-testid=\"product-nutrition-content\" aria-expanded=\"true\">COMPOSITION: Dehydrated poultry proteins, wheat, maize flour, wheat flour, maize, hydrolysed animal proteins, animal fats, dehydrated pork proteins, barley, maize gluten, beet pulp, minerals, soya oil, yeasts products, fish oil, yeasts (source of manno-oligosaccharides), algal oil Schizochytrium sp.<\/div>\n<\/div>\n<\/div>\n<div class=\"ProductNutritionalInfo-module_nutritional-info-item__j3XbH ProductNutritionalInfo-module_expanded__UmYWW\" data-testid=\"product-nutrition-item\" data-qa=\"product-nutritional-info-item\">\n<div class=\"ProductNutritionalInfo-module_nutritional-item-wrapper__pSFgq\">\n<h3 class=\"ProductNutritionalInfo-module_nutritional-item-subtitle__Tjk1e\" data-qa=\"product-nutritional-info-item-subtitle\">ADDITIFS<\/h3>\n<div class=\"ProductNutritionalInfo-module_icon-wrapper__cw228\">\n<div class=\"ProductNutritionalInfo-module_icon-minus__LnlCs\"><\/div>\n<\/div>\n<div class=\"ProductNutritionalInfo-module_nutritional-item-content-wrapper__igckI\" data-testid=\"product-nutrition-content\" aria-expanded=\"true\">ADDITIVES (per kg): Nutritional additives: Vitamin A: 14200 IU, Vitamin D3: 900 IU, Vitamin C: 120 mg, Vitamin E: 500 mg, Iron (3b103): 41 mg, Iodine (3b201, 3b202): 4.1 mg, Copper (3b405, 3b406): 13 mg, Manganese (3b502, 3b504): 54 mg, Zinc (3b603, 3b605, 3b606): 128 mg, Selenium (3b801, 3b811, 3b812): 0.1 mg &#8211; Preservatives &#8211; Antioxidants.<\/div>\n<\/div>\n<\/div>\n<div class=\"ProductNutritionalInfo-module_nutritional-info-item__j3XbH ProductNutritionalInfo-module_expanded__UmYWW\" data-testid=\"product-nutrition-item\" data-qa=\"product-nutritional-info-item\">\n<div class=\"ProductNutritionalInfo-module_nutritional-item-wrapper__pSFgq\">\n<h3 class=\"ProductNutritionalInfo-module_nutritional-item-subtitle__Tjk1e\" data-qa=\"product-nutritional-info-item-subtitle\">CONSTITUANTS ANALYTIQUES<\/h3>\n<div class=\"ProductNutritionalInfo-module_icon-wrapper__cw228\">\n<div class=\"ProductNutritionalInfo-module_icon-minus__LnlCs\"><\/div>\n<\/div>\n<div class=\"ProductNutritionalInfo-module_nutritional-item-content-wrapper__igckI\" data-testid=\"product-nutrition-content\" aria-expanded=\"true\">ANALYTICAL CONSTITUENTS: Protein: 25.0% &#8211; Crude fibre: 1.4% &#8211; Fat content: 14.0% &#8211; Crude ash: 6.3%.<\/div>\n<\/div>\n<\/div>\n<div class=\"ProductNutritionalInfo-module_nutritional-info-item__j3XbH ProductNutritionalInfo-module_expanded__UmYWW\" data-testid=\"product-nutrition-item\" data-qa=\"product-nutritional-info-item\">\n<div class=\"ProductNutritionalInfo-module_nutritional-item-wrapper__pSFgq\">\n<h3 class=\"ProductNutritionalInfo-module_nutritional-item-subtitle__Tjk1e\" data-qa=\"product-nutritional-info-item-subtitle\">D\u00c9CLARATION RSA<\/h3>\n<div class=\"ProductNutritionalInfo-module_icon-wrapper__cw228\">\n<div class=\"ProductNutritionalInfo-module_icon-minus__LnlCs\"><\/div>\n<\/div>\n<div class=\"ProductNutritionalInfo-module_nutritional-item-content-wrapper__igckI\" data-testid=\"product-nutrition-content\" aria-expanded=\"true\">For RSA: Guaranteed analysis g\/kg: Crude protein (min) 230 &#8211; Moisture (max) 125 &#8211; Crude fat (min) 120 &#8211; Crude fibre (max) 24 &#8211; Crude ash (max) 69. Product registration number: XXXXXX &#8211; Act 36\/1947. For Namibia: N-FF XXXX.<\/div>\n<\/div>\n<\/div>\n<div class=\"ProductNutritionalInfo-module_nutritional-info-item__j3XbH ProductNutritionalInfo-module_expanded__UmYWW\" data-testid=\"product-nutrition-item\" data-qa=\"product-nutritional-info-item\">\n<div class=\"ProductNutritionalInfo-module_nutritional-item-wrapper__pSFgq\">\n<h3 class=\"ProductNutritionalInfo-module_nutritional-item-subtitle__Tjk1e\" data-qa=\"product-nutritional-info-item-subtitle\">MODE D\u2019EMPLOI<\/h3>\n<div class=\"ProductNutritionalInfo-module_icon-wrapper__cw228\">\n<div class=\"ProductNutritionalInfo-module_icon-minus__LnlCs\"><\/div>\n<\/div>\n<div class=\"ProductNutritionalInfo-module_nutritional-item-content-wrapper__igckI\" data-testid=\"product-nutrition-content\" aria-expanded=\"true\">FEEDING INSTRUCTIONS: see table. Batch number, factory registration number and best before date: see information on packaging. To be stored in a cool, dry place. (For Italia only) To dispose of the packaging, follow our website.<\/div>\n<\/div>\n<\/div>\n<div class=\"ProductNutritionalInfo-module_nutritional-info-item__j3XbH ProductNutritionalInfo-module_expanded__UmYWW\" data-testid=\"product-nutrition-item\" data-qa=\"product-nutritional-info-item\">\n<div class=\"ProductNutritionalInfo-module_nutritional-item-wrapper__pSFgq\">\n<h3 class=\"ProductNutritionalInfo-module_nutritional-item-subtitle__Tjk1e\" data-qa=\"product-nutritional-info-item-subtitle\">RATION JOURNALI\u00c8RE<\/h3>\n<div class=\"ProductNutritionalInfo-module_icon-wrapper__cw228\">\n<div class=\"ProductNutritionalInfo-module_icon-minus__LnlCs\"><\/div>\n<\/div>\n<div class=\"ProductNutritionalInfo-module_nutritional-item-content-wrapper__igckI\" data-testid=\"product-nutrition-content\" aria-expanded=\"true\">\n<div class=\"sc-iHGNWf cCdhgp\">\n<div class=\"sc-dtBdUo kOAVnO\">\n<table>\n<thead>\n<tr>\n<th>Poids du chien (kg)<\/th>\n<th>Vie \u00e0 l\u2019int\u00e9rieur &#8211; pas d\u2019exercice<\/th>\n<th>Activit\u00e9 normale<\/th>\n<th>Chiens tr\u00e8s actifs<\/th>\n<\/tr>\n<\/thead>\n<tbody>\n<tr>\n<td>11<\/td>\n<td>150 g (1 dose + 5\/8 dose)<\/td>\n<td>174 g (1 dose + 7\/8 dose)<\/td>\n<td>197 g (2 doses\u00a0+ 1\/8 dose)<\/td>\n<\/tr>\n<tr>\n<td>14<\/td>\n<td>180 g (1 dose + 7\/8 dose)<\/td>\n<td>208 g (2 doses\u00a0+ 2\/8 dose)<\/td>\n<td>236 g (2 doses\u00a0+ 4\/8 dose)<\/td>\n<\/tr>\n<tr>\n<td>16<\/td>\n<td>199 g (2 doses\u00a0+ 1\/8 dose)<\/td>\n<td>230 g (2 doses\u00a0+ 4\/8 dose)<\/td>\n<td>261 g (2 doses\u00a0+ 6\/8 dose)<\/td>\n<\/tr>\n<tr>\n<td>20<\/td>\n<td>235 g (2 doses\u00a0+ 4\/8 dose)<\/td>\n<td>272 g (2 doses\u00a0+ 7\/8 dose)<\/td>\n<td>309 g (3 doses\u00a0+ 2\/8 dose)<\/td>\n<\/tr>\n<tr>\n<td>25<\/td>\n<td>277 g (3 doses)<\/td>\n<td>321 g (3 doses\u00a0+ 3\/8 dose)<\/td>\n<td>365 g (3 doses\u00a0+ 7\/8 dose)<\/td>\n<\/tr>\n<\/tbody>\n<\/table>\n<table>\n<thead>\n<tr>\n<th>Poids du chien\u00a0(kg)<\/th>\n<th>CAN<\/th>\n<th>Vie \u00e0 l\u2019int\u00e9rieur &#8211; pas d\u2019exercice<\/th>\n<th>Activit\u00e9 normale<\/th>\n<th>Chiens tr\u00e8s actifs<\/th>\n<\/tr>\n<\/thead>\n<tbody>\n<tr>\n<td>11<\/td>\n<td>1<\/td>\n<td>46g ( 4\/8 dose)<\/td>\n<td>69g (6\/8 dose)<\/td>\n<td>93g (1 dose)<\/td>\n<\/tr>\n<tr>\n<td>14<\/td>\n<td>1<\/td>\n<td>75g (6\/8 dose)<\/td>\n<td>104g (1 dose + 1\/8 dose)<\/td>\n<td>132g (1 dose + 3\/8 dose)<\/td>\n<\/tr>\n<tr>\n<td>16<\/td>\n<td>1<\/td>\n<td>94g (1 dose)<\/td>\n<td>126g (1 dose + 3\/8 dose)<\/td>\n<td>157g (1 dose + 5\/8 dose)<\/td>\n<\/tr>\n<tr>\n<td>20<\/td>\n<td>1<\/td>\n<td>130g (1 dose + 3\/8 dose)<\/td>\n<td>167g (1 dose + 6\/8 dose)<\/td>\n<td>205g( 2 doses + 1\/8 dose)<\/td>\n<\/tr>\n<tr>\n<td>25<\/td>\n<td>1<\/td>\n<td>173g (1 dose + 7\/8 dose)<\/td>\n<td>217g (2 doses + 3\/8 dose)<\/td>\n<td>261g (2 doses + 6\/8 dose)<\/td>\n<\/tr>\n<\/tbody>\n<\/table>\n<\/div>\n<\/div>\n<\/div>\n<\/div>\n<\/div>\n<\/div>\n<\/div>\n<\/div>\n<\/div>\n<\/div>\n","protected":false},"excerpt":{"rendered":"<div class=\"ProductDescription-module_product-description__VaRC0\" data-qa=\"product-description\">\n<div class=\"ShowMoreLess-module_wrapper__o7OmT ShowMoreLess-module_clamped__MOcCz\">\n<p>Aliment complet pour chiens &#8211; Pour chiens adultes de races moyennes (de 11 \u00e0 25 kg) &#8211; \u00c0 partir de 12 mois<\/p>\n<\/div>\n<\/div>\n","protected":false},"featured_media":1533,"template":"","meta":[],"product_brand":[31],"product_cat":[20],"product_tag":[],"class_list":{"0":"post-1532","1":"product","2":"type-product","3":"status-publish","4":"has-post-thumbnail","6":"product_brand-royal-canin","7":"product_cat-alimentation-pour-chiens","9":"first","10":"outofstock","11":"shipping-taxable","12":"purchasable","13":"product-type-variable"},"yoast_head":"<!-- This site is optimized with the Yoast SEO plugin v27.3 - https:\/\/yoast.com\/product\/yoast-seo-wordpress\/ -->\n<title>Royal canin medium adult 4kg | 15kg - Animalerie Maroc<\/title>\n<meta name=\"description\" content=\"Achetez votre Royal canin medium adult 4kg | 15kg au meilleur prix au Maroc. Livraison rapide | Animalsouk.ma\" \/>\n<meta name=\"robots\" content=\"index, follow, max-snippet:-1, max-image-preview:large, max-video-preview:-1\" \/>\n<link rel=\"canonical\" href=\"https:\/\/www.animalsouk.ma\/animalerie-maroc\/produit\/royal-canin-medium-adult-4kg-15kg\/\" \/>\n<meta property=\"og:locale\" content=\"fr_FR\" \/>\n<meta property=\"og:type\" content=\"article\" \/>\n<meta property=\"og:title\" content=\"Royal canin medium adult 4kg | 15kg - Animalerie Maroc\" \/>\n<meta property=\"og:description\" content=\"Achetez votre Royal canin medium adult 4kg | 15kg au meilleur prix au Maroc. Livraison rapide | Animalsouk.ma\" \/>\n<meta property=\"og:url\" content=\"https:\/\/www.animalsouk.ma\/animalerie-maroc\/produit\/royal-canin-medium-adult-4kg-15kg\/\" \/>\n<meta property=\"og:site_name\" content=\"Animalerie Maroc\" \/>\n<meta property=\"article:publisher\" content=\"https:\/\/www.facebook.com\/animalsouk.ma\" \/>\n<meta property=\"article:modified_time\" content=\"2026-02-10T15:23:22+00:00\" \/>\n<meta property=\"og:image\" content=\"https:\/\/www.animalsouk.ma\/animalerie-maroc\/wp-content\/uploads\/2026\/01\/watermark-animalsouk.ma-Recupere-Recupere.png\" \/>\n\t<meta property=\"og:image:width\" content=\"928\" \/>\n\t<meta property=\"og:image:height\" content=\"770\" \/>\n\t<meta property=\"og:image:type\" content=\"image\/png\" \/>\n<meta name=\"twitter:card\" content=\"summary_large_image\" \/>\n<meta name=\"twitter:label1\" content=\"Dur\u00e9e de lecture estim\u00e9e\" \/>\n\t<meta name=\"twitter:data1\" content=\"4 minutes\" \/>\n<script type=\"application\/ld+json\" class=\"yoast-schema-graph\">{\"@context\":\"https:\\\/\\\/schema.org\",\"@graph\":[{\"@type\":\"WebPage\",\"@id\":\"https:\\\/\\\/www.animalsouk.ma\\\/animalerie-maroc\\\/produit\\\/royal-canin-medium-adult-4kg-15kg\\\/\",\"url\":\"https:\\\/\\\/www.animalsouk.ma\\\/animalerie-maroc\\\/produit\\\/royal-canin-medium-adult-4kg-15kg\\\/\",\"name\":\"Royal canin medium adult 4kg | 15kg - Animalerie Maroc\",\"isPartOf\":{\"@id\":\"https:\\\/\\\/www.animalsouk.ma\\\/animalerie-maroc\\\/#website\"},\"primaryImageOfPage\":{\"@id\":\"https:\\\/\\\/www.animalsouk.ma\\\/animalerie-maroc\\\/produit\\\/royal-canin-medium-adult-4kg-15kg\\\/#primaryimage\"},\"image\":{\"@id\":\"https:\\\/\\\/www.animalsouk.ma\\\/animalerie-maroc\\\/produit\\\/royal-canin-medium-adult-4kg-15kg\\\/#primaryimage\"},\"thumbnailUrl\":\"https:\\\/\\\/www.animalsouk.ma\\\/animalerie-maroc\\\/wp-content\\\/uploads\\\/2026\\\/01\\\/watermark-animalsouk.ma-Recupere-Recupere.png\",\"datePublished\":\"2026-01-28T21:24:38+00:00\",\"dateModified\":\"2026-02-10T15:23:22+00:00\",\"description\":\"Achetez votre Royal canin medium adult 4kg | 15kg au meilleur prix au Maroc. Livraison rapide | Animalsouk.ma\",\"breadcrumb\":{\"@id\":\"https:\\\/\\\/www.animalsouk.ma\\\/animalerie-maroc\\\/produit\\\/royal-canin-medium-adult-4kg-15kg\\\/#breadcrumb\"},\"inLanguage\":\"fr-FR\",\"potentialAction\":[{\"@type\":\"ReadAction\",\"target\":[\"https:\\\/\\\/www.animalsouk.ma\\\/animalerie-maroc\\\/produit\\\/royal-canin-medium-adult-4kg-15kg\\\/\"]}]},{\"@type\":\"ImageObject\",\"inLanguage\":\"fr-FR\",\"@id\":\"https:\\\/\\\/www.animalsouk.ma\\\/animalerie-maroc\\\/produit\\\/royal-canin-medium-adult-4kg-15kg\\\/#primaryimage\",\"url\":\"https:\\\/\\\/www.animalsouk.ma\\\/animalerie-maroc\\\/wp-content\\\/uploads\\\/2026\\\/01\\\/watermark-animalsouk.ma-Recupere-Recupere.png\",\"contentUrl\":\"https:\\\/\\\/www.animalsouk.ma\\\/animalerie-maroc\\\/wp-content\\\/uploads\\\/2026\\\/01\\\/watermark-animalsouk.ma-Recupere-Recupere.png\",\"width\":928,\"height\":770,\"caption\":\"Royal canin medium adult 4kg | 15kg\"},{\"@type\":\"BreadcrumbList\",\"@id\":\"https:\\\/\\\/www.animalsouk.ma\\\/animalerie-maroc\\\/produit\\\/royal-canin-medium-adult-4kg-15kg\\\/#breadcrumb\",\"itemListElement\":[{\"@type\":\"ListItem\",\"position\":1,\"name\":\"Home\",\"item\":\"https:\\\/\\\/www.animalsouk.ma\\\/animalerie-maroc\\\/\"},{\"@type\":\"ListItem\",\"position\":2,\"name\":\"Boutique\",\"item\":\"https:\\\/\\\/www.animalsouk.ma\\\/animalerie-maroc\\\/boutique\\\/\"},{\"@type\":\"ListItem\",\"position\":3,\"name\":\"Royal canin medium adult 4kg | 15kg\"}]},{\"@type\":\"WebSite\",\"@id\":\"https:\\\/\\\/www.animalsouk.ma\\\/animalerie-maroc\\\/#website\",\"url\":\"https:\\\/\\\/www.animalsouk.ma\\\/animalerie-maroc\\\/\",\"name\":\"Animalerie de casablanca\",\"description\":\"\",\"publisher\":{\"@id\":\"https:\\\/\\\/www.animalsouk.ma\\\/animalerie-maroc\\\/#organization\"},\"potentialAction\":[{\"@type\":\"SearchAction\",\"target\":{\"@type\":\"EntryPoint\",\"urlTemplate\":\"https:\\\/\\\/www.animalsouk.ma\\\/animalerie-maroc\\\/?s={search_term_string}\"},\"query-input\":{\"@type\":\"PropertyValueSpecification\",\"valueRequired\":true,\"valueName\":\"search_term_string\"}}],\"inLanguage\":\"fr-FR\"},{\"@type\":\"Organization\",\"@id\":\"https:\\\/\\\/www.animalsouk.ma\\\/animalerie-maroc\\\/#organization\",\"name\":\"Animalerie de casablanca\",\"url\":\"https:\\\/\\\/www.animalsouk.ma\\\/animalerie-maroc\\\/\",\"logo\":{\"@type\":\"ImageObject\",\"inLanguage\":\"fr-FR\",\"@id\":\"https:\\\/\\\/www.animalsouk.ma\\\/animalerie-maroc\\\/#\\\/schema\\\/logo\\\/image\\\/\",\"url\":\"https:\\\/\\\/www.animalsouk.ma\\\/animalerie-maroc\\\/wp-content\\\/uploads\\\/2025\\\/10\\\/animalsouk.ma-logo.png\",\"contentUrl\":\"https:\\\/\\\/www.animalsouk.ma\\\/animalerie-maroc\\\/wp-content\\\/uploads\\\/2025\\\/10\\\/animalsouk.ma-logo.png\",\"width\":760,\"height\":231,\"caption\":\"Animalerie de casablanca\"},\"image\":{\"@id\":\"https:\\\/\\\/www.animalsouk.ma\\\/animalerie-maroc\\\/#\\\/schema\\\/logo\\\/image\\\/\"},\"sameAs\":[\"https:\\\/\\\/www.facebook.com\\\/animalsouk.ma\",\"https:\\\/\\\/www.instagram.com\\\/animalsouk.ma\"]}]}<\/script>\n<!-- \/ Yoast SEO plugin. -->","yoast_head_json":{"title":"Royal canin medium adult 4kg | 15kg - Animalerie Maroc","description":"Achetez votre Royal canin medium adult 4kg | 15kg au meilleur prix au Maroc. Livraison rapide | Animalsouk.ma","robots":{"index":"index","follow":"follow","max-snippet":"max-snippet:-1","max-image-preview":"max-image-preview:large","max-video-preview":"max-video-preview:-1"},"canonical":"https:\/\/www.animalsouk.ma\/animalerie-maroc\/produit\/royal-canin-medium-adult-4kg-15kg\/","og_locale":"fr_FR","og_type":"article","og_title":"Royal canin medium adult 4kg | 15kg - Animalerie Maroc","og_description":"Achetez votre Royal canin medium adult 4kg | 15kg au meilleur prix au Maroc. Livraison rapide | Animalsouk.ma","og_url":"https:\/\/www.animalsouk.ma\/animalerie-maroc\/produit\/royal-canin-medium-adult-4kg-15kg\/","og_site_name":"Animalerie Maroc","article_publisher":"https:\/\/www.facebook.com\/animalsouk.ma","article_modified_time":"2026-02-10T15:23:22+00:00","og_image":[{"width":928,"height":770,"url":"https:\/\/www.animalsouk.ma\/animalerie-maroc\/wp-content\/uploads\/2026\/01\/watermark-animalsouk.ma-Recupere-Recupere.png","type":"image\/png"}],"twitter_card":"summary_large_image","twitter_misc":{"Dur\u00e9e de lecture estim\u00e9e":"4 minutes"},"schema":{"@context":"https:\/\/schema.org","@graph":[{"@type":"WebPage","@id":"https:\/\/www.animalsouk.ma\/animalerie-maroc\/produit\/royal-canin-medium-adult-4kg-15kg\/","url":"https:\/\/www.animalsouk.ma\/animalerie-maroc\/produit\/royal-canin-medium-adult-4kg-15kg\/","name":"Royal canin medium adult 4kg | 15kg - Animalerie Maroc","isPartOf":{"@id":"https:\/\/www.animalsouk.ma\/animalerie-maroc\/#website"},"primaryImageOfPage":{"@id":"https:\/\/www.animalsouk.ma\/animalerie-maroc\/produit\/royal-canin-medium-adult-4kg-15kg\/#primaryimage"},"image":{"@id":"https:\/\/www.animalsouk.ma\/animalerie-maroc\/produit\/royal-canin-medium-adult-4kg-15kg\/#primaryimage"},"thumbnailUrl":"https:\/\/www.animalsouk.ma\/animalerie-maroc\/wp-content\/uploads\/2026\/01\/watermark-animalsouk.ma-Recupere-Recupere.png","datePublished":"2026-01-28T21:24:38+00:00","dateModified":"2026-02-10T15:23:22+00:00","description":"Achetez votre Royal canin medium adult 4kg | 15kg au meilleur prix au Maroc. Livraison rapide | Animalsouk.ma","breadcrumb":{"@id":"https:\/\/www.animalsouk.ma\/animalerie-maroc\/produit\/royal-canin-medium-adult-4kg-15kg\/#breadcrumb"},"inLanguage":"fr-FR","potentialAction":[{"@type":"ReadAction","target":["https:\/\/www.animalsouk.ma\/animalerie-maroc\/produit\/royal-canin-medium-adult-4kg-15kg\/"]}]},{"@type":"ImageObject","inLanguage":"fr-FR","@id":"https:\/\/www.animalsouk.ma\/animalerie-maroc\/produit\/royal-canin-medium-adult-4kg-15kg\/#primaryimage","url":"https:\/\/www.animalsouk.ma\/animalerie-maroc\/wp-content\/uploads\/2026\/01\/watermark-animalsouk.ma-Recupere-Recupere.png","contentUrl":"https:\/\/www.animalsouk.ma\/animalerie-maroc\/wp-content\/uploads\/2026\/01\/watermark-animalsouk.ma-Recupere-Recupere.png","width":928,"height":770,"caption":"Royal canin medium adult 4kg | 15kg"},{"@type":"BreadcrumbList","@id":"https:\/\/www.animalsouk.ma\/animalerie-maroc\/produit\/royal-canin-medium-adult-4kg-15kg\/#breadcrumb","itemListElement":[{"@type":"ListItem","position":1,"name":"Home","item":"https:\/\/www.animalsouk.ma\/animalerie-maroc\/"},{"@type":"ListItem","position":2,"name":"Boutique","item":"https:\/\/www.animalsouk.ma\/animalerie-maroc\/boutique\/"},{"@type":"ListItem","position":3,"name":"Royal canin medium adult 4kg | 15kg"}]},{"@type":"WebSite","@id":"https:\/\/www.animalsouk.ma\/animalerie-maroc\/#website","url":"https:\/\/www.animalsouk.ma\/animalerie-maroc\/","name":"Animalerie de casablanca","description":"","publisher":{"@id":"https:\/\/www.animalsouk.ma\/animalerie-maroc\/#organization"},"potentialAction":[{"@type":"SearchAction","target":{"@type":"EntryPoint","urlTemplate":"https:\/\/www.animalsouk.ma\/animalerie-maroc\/?s={search_term_string}"},"query-input":{"@type":"PropertyValueSpecification","valueRequired":true,"valueName":"search_term_string"}}],"inLanguage":"fr-FR"},{"@type":"Organization","@id":"https:\/\/www.animalsouk.ma\/animalerie-maroc\/#organization","name":"Animalerie de casablanca","url":"https:\/\/www.animalsouk.ma\/animalerie-maroc\/","logo":{"@type":"ImageObject","inLanguage":"fr-FR","@id":"https:\/\/www.animalsouk.ma\/animalerie-maroc\/#\/schema\/logo\/image\/","url":"https:\/\/www.animalsouk.ma\/animalerie-maroc\/wp-content\/uploads\/2025\/10\/animalsouk.ma-logo.png","contentUrl":"https:\/\/www.animalsouk.ma\/animalerie-maroc\/wp-content\/uploads\/2025\/10\/animalsouk.ma-logo.png","width":760,"height":231,"caption":"Animalerie de casablanca"},"image":{"@id":"https:\/\/www.animalsouk.ma\/animalerie-maroc\/#\/schema\/logo\/image\/"},"sameAs":["https:\/\/www.facebook.com\/animalsouk.ma","https:\/\/www.instagram.com\/animalsouk.ma"]}]}},"_links":{"self":[{"href":"https:\/\/www.animalsouk.ma\/animalerie-maroc\/wp-json\/wp\/v2\/product\/1532","targetHints":{"allow":["GET"]}}],"collection":[{"href":"https:\/\/www.animalsouk.ma\/animalerie-maroc\/wp-json\/wp\/v2\/product"}],"about":[{"href":"https:\/\/www.animalsouk.ma\/animalerie-maroc\/wp-json\/wp\/v2\/types\/product"}],"wp:featuredmedia":[{"embeddable":true,"href":"https:\/\/www.animalsouk.ma\/animalerie-maroc\/wp-json\/wp\/v2\/media\/1533"}],"wp:attachment":[{"href":"https:\/\/www.animalsouk.ma\/animalerie-maroc\/wp-json\/wp\/v2\/media?parent=1532"}],"wp:term":[{"taxonomy":"product_brand","embeddable":true,"href":"https:\/\/www.animalsouk.ma\/animalerie-maroc\/wp-json\/wp\/v2\/product_brand?post=1532"},{"taxonomy":"product_cat","embeddable":true,"href":"https:\/\/www.animalsouk.ma\/animalerie-maroc\/wp-json\/wp\/v2\/product_cat?post=1532"},{"taxonomy":"product_tag","embeddable":true,"href":"https:\/\/www.animalsouk.ma\/animalerie-maroc\/wp-json\/wp\/v2\/product_tag?post=1532"}],"curies":[{"name":"wp","href":"https:\/\/api.w.org\/{rel}","templated":true}]}}