{"id":148,"date":"2025-08-29T01:39:52","date_gmt":"2025-08-28T23:39:52","guid":{"rendered":"https:\/\/www.animalsouk.ma\/animalerie\/product\/laisse-corde-pour-chiens\/"},"modified":"2025-08-29T01:39:52","modified_gmt":"2025-08-28T23:39:52","slug":"laisse-corde-pour-chiens","status":"publish","type":"product","link":"https:\/\/www.animalsouk.ma\/animalerie-maroc\/produit\/laisse-corde-pour-chiens\/","title":{"rendered":"Laisse corde pour chiens"},"content":{"rendered":"<p>Durable et Forte &#8211; Laisse de chien faite d&rsquo;une corde tress\u00e9e en nylon pour l&rsquo;escalade en montagne souple, et des deux c\u00f4t\u00e9s fix\u00e9s avec un fort anneau en caoutchouc, elle est excellente et \u00e9tudiante pour tous les chiens. Vous pourrez profiter de nombreuses ann\u00e9es de promenade avec vos chiens.<br \/>\nComfy poign\u00e9e \u2013 la poign\u00e9e rembourr\u00e9e assure qu&rsquo;il est confortable dans la main, tandis qu&rsquo;il fait votre chien Contr\u00f4le. M\u00eame pendant un tour ou un longe le laisse coussin prot\u00e8ge vos coups de main de corde.<br \/>\nPINCES EN M\u00c9TAL DE HAUTE QUALIT\u00c9 &#8211; avec des pinces en alliage de zinc tr\u00e8s r\u00e9sistantes, elle peut r\u00e9sister \u00e0 80 kg d&rsquo;impact instantan\u00e9; son design pivotant \u00e0 360 degr\u00e9s permet \u00e0 votre chien de marcher librement en toute s\u00e9curit\u00e9 et enchev\u00eatrement afin que vous puissiez promener votre chien sans souci.<br \/>\nS\u00e9curit\u00e9 &#8211; Les r\u00e9flecteurs cousus des deux c\u00f4t\u00e9s de la laisse s&rsquo;allument dans l&rsquo;obscurit\u00e9 et assurent la meilleure visibilit\u00e9 lors de la marche dans la nuit.<br \/>\nDesign Ergonomique &#8211; longue de 150 cm permette d&rsquo;\u00e9viter de tomber en marche; la laisse est facile \u00e0 nettoyer et s\u00e8che rapidement. Apr\u00e8s la randonn\u00e9e, il suffit de laver et de suspendre pour s\u00e9cher.<\/p>\n","protected":false},"excerpt":{"rendered":"<p>Durable et Forte &#8211; Laisse de chien faite d&rsquo;une corde tress\u00e9e en nylon pour l&rsquo;escalade en montagne souple, et des deux c\u00f4t\u00e9s fix\u00e9s avec un fort anneau en caoutchouc, elle est excellente et \u00e9tudiante pour tous les chiens. Vous pourrez profiter de nombreuses ann\u00e9es de promenade avec vos chiens. Comfy poign\u00e9e \u2013 la poign\u00e9e rembourr\u00e9e [&#8230;]\n","protected":false},"featured_media":147,"template":"","meta":[],"product_brand":[],"product_cat":[23],"product_tag":[],"class_list":{"0":"post-148","1":"product","2":"type-product","3":"status-publish","4":"has-post-thumbnail","6":"product_cat-accessoires-et-jouets-pour-chiens","8":"first","9":"instock","10":"shipping-taxable","11":"purchasable","12":"product-type-simple"},"yoast_head":"<!-- This site is optimized with the Yoast SEO plugin v27.3 - https:\/\/yoast.com\/product\/yoast-seo-wordpress\/ -->\n<title>Laisse corde pour chiens - Animalerie Maroc<\/title>\n<meta name=\"description\" content=\"Achetez votre Laisse corde pour chiens au meilleur prix au Maroc. Livraison rapide | Animalsouk.ma\" \/>\n<meta name=\"robots\" content=\"index, follow, max-snippet:-1, max-image-preview:large, max-video-preview:-1\" \/>\n<link rel=\"canonical\" href=\"https:\/\/www.animalsouk.ma\/animalerie-maroc\/produit\/laisse-corde-pour-chiens\/\" \/>\n<meta property=\"og:locale\" content=\"fr_FR\" \/>\n<meta property=\"og:type\" content=\"article\" \/>\n<meta property=\"og:title\" content=\"Laisse corde pour chiens - Animalerie Maroc\" \/>\n<meta property=\"og:description\" content=\"Achetez votre Laisse corde pour chiens au meilleur prix au Maroc. Livraison rapide | Animalsouk.ma\" \/>\n<meta property=\"og:url\" content=\"https:\/\/www.animalsouk.ma\/animalerie-maroc\/produit\/laisse-corde-pour-chiens\/\" \/>\n<meta property=\"og:site_name\" content=\"Animalerie Maroc\" \/>\n<meta property=\"article:publisher\" content=\"https:\/\/www.facebook.com\/animalsouk.ma\" \/>\n<meta property=\"og:image\" content=\"https:\/\/www.animalsouk.ma\/animalerie-maroc\/wp-content\/uploads\/2025\/08\/4f38f484a77309a7dc5250c1c5311131.webp\" \/>\n\t<meta property=\"og:image:width\" content=\"700\" \/>\n\t<meta property=\"og:image:height\" content=\"495\" \/>\n\t<meta property=\"og:image:type\" content=\"image\/webp\" \/>\n<meta name=\"twitter:card\" content=\"summary_large_image\" \/>\n<meta name=\"twitter:label1\" content=\"Dur\u00e9e de lecture estim\u00e9e\" \/>\n\t<meta name=\"twitter:data1\" content=\"1 minute\" \/>\n<script type=\"application\/ld+json\" class=\"yoast-schema-graph\">{\"@context\":\"https:\\\/\\\/schema.org\",\"@graph\":[{\"@type\":\"WebPage\",\"@id\":\"https:\\\/\\\/www.animalsouk.ma\\\/animalerie-maroc\\\/produit\\\/laisse-corde-pour-chiens\\\/\",\"url\":\"https:\\\/\\\/www.animalsouk.ma\\\/animalerie-maroc\\\/produit\\\/laisse-corde-pour-chiens\\\/\",\"name\":\"Laisse corde pour chiens - Animalerie Maroc\",\"isPartOf\":{\"@id\":\"https:\\\/\\\/www.animalsouk.ma\\\/animalerie-maroc\\\/#website\"},\"primaryImageOfPage\":{\"@id\":\"https:\\\/\\\/www.animalsouk.ma\\\/animalerie-maroc\\\/produit\\\/laisse-corde-pour-chiens\\\/#primaryimage\"},\"image\":{\"@id\":\"https:\\\/\\\/www.animalsouk.ma\\\/animalerie-maroc\\\/produit\\\/laisse-corde-pour-chiens\\\/#primaryimage\"},\"thumbnailUrl\":\"https:\\\/\\\/www.animalsouk.ma\\\/animalerie-maroc\\\/wp-content\\\/uploads\\\/2025\\\/08\\\/4f38f484a77309a7dc5250c1c5311131.webp\",\"datePublished\":\"2025-08-28T23:39:52+00:00\",\"description\":\"Achetez votre Laisse corde pour chiens au meilleur prix au Maroc. Livraison rapide | Animalsouk.ma\",\"breadcrumb\":{\"@id\":\"https:\\\/\\\/www.animalsouk.ma\\\/animalerie-maroc\\\/produit\\\/laisse-corde-pour-chiens\\\/#breadcrumb\"},\"inLanguage\":\"fr-FR\",\"potentialAction\":[{\"@type\":\"ReadAction\",\"target\":[\"https:\\\/\\\/www.animalsouk.ma\\\/animalerie-maroc\\\/produit\\\/laisse-corde-pour-chiens\\\/\"]}]},{\"@type\":\"ImageObject\",\"inLanguage\":\"fr-FR\",\"@id\":\"https:\\\/\\\/www.animalsouk.ma\\\/animalerie-maroc\\\/produit\\\/laisse-corde-pour-chiens\\\/#primaryimage\",\"url\":\"https:\\\/\\\/www.animalsouk.ma\\\/animalerie-maroc\\\/wp-content\\\/uploads\\\/2025\\\/08\\\/4f38f484a77309a7dc5250c1c5311131.webp\",\"contentUrl\":\"https:\\\/\\\/www.animalsouk.ma\\\/animalerie-maroc\\\/wp-content\\\/uploads\\\/2025\\\/08\\\/4f38f484a77309a7dc5250c1c5311131.webp\",\"width\":700,\"height\":495,\"caption\":\"Laisse corde pour chiens\"},{\"@type\":\"BreadcrumbList\",\"@id\":\"https:\\\/\\\/www.animalsouk.ma\\\/animalerie-maroc\\\/produit\\\/laisse-corde-pour-chiens\\\/#breadcrumb\",\"itemListElement\":[{\"@type\":\"ListItem\",\"position\":1,\"name\":\"Home\",\"item\":\"https:\\\/\\\/www.animalsouk.ma\\\/animalerie-maroc\\\/\"},{\"@type\":\"ListItem\",\"position\":2,\"name\":\"Boutique\",\"item\":\"https:\\\/\\\/www.animalsouk.ma\\\/animalerie-maroc\\\/boutique\\\/\"},{\"@type\":\"ListItem\",\"position\":3,\"name\":\"Laisse corde pour chiens\"}]},{\"@type\":\"WebSite\",\"@id\":\"https:\\\/\\\/www.animalsouk.ma\\\/animalerie-maroc\\\/#website\",\"url\":\"https:\\\/\\\/www.animalsouk.ma\\\/animalerie-maroc\\\/\",\"name\":\"Animalerie de casablanca\",\"description\":\"\",\"publisher\":{\"@id\":\"https:\\\/\\\/www.animalsouk.ma\\\/animalerie-maroc\\\/#organization\"},\"potentialAction\":[{\"@type\":\"SearchAction\",\"target\":{\"@type\":\"EntryPoint\",\"urlTemplate\":\"https:\\\/\\\/www.animalsouk.ma\\\/animalerie-maroc\\\/?s={search_term_string}\"},\"query-input\":{\"@type\":\"PropertyValueSpecification\",\"valueRequired\":true,\"valueName\":\"search_term_string\"}}],\"inLanguage\":\"fr-FR\"},{\"@type\":\"Organization\",\"@id\":\"https:\\\/\\\/www.animalsouk.ma\\\/animalerie-maroc\\\/#organization\",\"name\":\"Animalerie de casablanca\",\"url\":\"https:\\\/\\\/www.animalsouk.ma\\\/animalerie-maroc\\\/\",\"logo\":{\"@type\":\"ImageObject\",\"inLanguage\":\"fr-FR\",\"@id\":\"https:\\\/\\\/www.animalsouk.ma\\\/animalerie-maroc\\\/#\\\/schema\\\/logo\\\/image\\\/\",\"url\":\"https:\\\/\\\/www.animalsouk.ma\\\/animalerie-maroc\\\/wp-content\\\/uploads\\\/2025\\\/10\\\/animalsouk.ma-logo.png\",\"contentUrl\":\"https:\\\/\\\/www.animalsouk.ma\\\/animalerie-maroc\\\/wp-content\\\/uploads\\\/2025\\\/10\\\/animalsouk.ma-logo.png\",\"width\":760,\"height\":231,\"caption\":\"Animalerie de casablanca\"},\"image\":{\"@id\":\"https:\\\/\\\/www.animalsouk.ma\\\/animalerie-maroc\\\/#\\\/schema\\\/logo\\\/image\\\/\"},\"sameAs\":[\"https:\\\/\\\/www.facebook.com\\\/animalsouk.ma\",\"https:\\\/\\\/www.instagram.com\\\/animalsouk.ma\"]}]}<\/script>\n<!-- \/ Yoast SEO plugin. -->","yoast_head_json":{"title":"Laisse corde pour chiens - Animalerie Maroc","description":"Achetez votre Laisse corde pour chiens au meilleur prix au Maroc. Livraison rapide | Animalsouk.ma","robots":{"index":"index","follow":"follow","max-snippet":"max-snippet:-1","max-image-preview":"max-image-preview:large","max-video-preview":"max-video-preview:-1"},"canonical":"https:\/\/www.animalsouk.ma\/animalerie-maroc\/produit\/laisse-corde-pour-chiens\/","og_locale":"fr_FR","og_type":"article","og_title":"Laisse corde pour chiens - Animalerie Maroc","og_description":"Achetez votre Laisse corde pour chiens au meilleur prix au Maroc. Livraison rapide | Animalsouk.ma","og_url":"https:\/\/www.animalsouk.ma\/animalerie-maroc\/produit\/laisse-corde-pour-chiens\/","og_site_name":"Animalerie Maroc","article_publisher":"https:\/\/www.facebook.com\/animalsouk.ma","og_image":[{"width":700,"height":495,"url":"https:\/\/www.animalsouk.ma\/animalerie-maroc\/wp-content\/uploads\/2025\/08\/4f38f484a77309a7dc5250c1c5311131.webp","type":"image\/webp"}],"twitter_card":"summary_large_image","twitter_misc":{"Dur\u00e9e de lecture estim\u00e9e":"1 minute"},"schema":{"@context":"https:\/\/schema.org","@graph":[{"@type":"WebPage","@id":"https:\/\/www.animalsouk.ma\/animalerie-maroc\/produit\/laisse-corde-pour-chiens\/","url":"https:\/\/www.animalsouk.ma\/animalerie-maroc\/produit\/laisse-corde-pour-chiens\/","name":"Laisse corde pour chiens - Animalerie Maroc","isPartOf":{"@id":"https:\/\/www.animalsouk.ma\/animalerie-maroc\/#website"},"primaryImageOfPage":{"@id":"https:\/\/www.animalsouk.ma\/animalerie-maroc\/produit\/laisse-corde-pour-chiens\/#primaryimage"},"image":{"@id":"https:\/\/www.animalsouk.ma\/animalerie-maroc\/produit\/laisse-corde-pour-chiens\/#primaryimage"},"thumbnailUrl":"https:\/\/www.animalsouk.ma\/animalerie-maroc\/wp-content\/uploads\/2025\/08\/4f38f484a77309a7dc5250c1c5311131.webp","datePublished":"2025-08-28T23:39:52+00:00","description":"Achetez votre Laisse corde pour chiens au meilleur prix au Maroc. Livraison rapide | Animalsouk.ma","breadcrumb":{"@id":"https:\/\/www.animalsouk.ma\/animalerie-maroc\/produit\/laisse-corde-pour-chiens\/#breadcrumb"},"inLanguage":"fr-FR","potentialAction":[{"@type":"ReadAction","target":["https:\/\/www.animalsouk.ma\/animalerie-maroc\/produit\/laisse-corde-pour-chiens\/"]}]},{"@type":"ImageObject","inLanguage":"fr-FR","@id":"https:\/\/www.animalsouk.ma\/animalerie-maroc\/produit\/laisse-corde-pour-chiens\/#primaryimage","url":"https:\/\/www.animalsouk.ma\/animalerie-maroc\/wp-content\/uploads\/2025\/08\/4f38f484a77309a7dc5250c1c5311131.webp","contentUrl":"https:\/\/www.animalsouk.ma\/animalerie-maroc\/wp-content\/uploads\/2025\/08\/4f38f484a77309a7dc5250c1c5311131.webp","width":700,"height":495,"caption":"Laisse corde pour chiens"},{"@type":"BreadcrumbList","@id":"https:\/\/www.animalsouk.ma\/animalerie-maroc\/produit\/laisse-corde-pour-chiens\/#breadcrumb","itemListElement":[{"@type":"ListItem","position":1,"name":"Home","item":"https:\/\/www.animalsouk.ma\/animalerie-maroc\/"},{"@type":"ListItem","position":2,"name":"Boutique","item":"https:\/\/www.animalsouk.ma\/animalerie-maroc\/boutique\/"},{"@type":"ListItem","position":3,"name":"Laisse corde pour chiens"}]},{"@type":"WebSite","@id":"https:\/\/www.animalsouk.ma\/animalerie-maroc\/#website","url":"https:\/\/www.animalsouk.ma\/animalerie-maroc\/","name":"Animalerie de casablanca","description":"","publisher":{"@id":"https:\/\/www.animalsouk.ma\/animalerie-maroc\/#organization"},"potentialAction":[{"@type":"SearchAction","target":{"@type":"EntryPoint","urlTemplate":"https:\/\/www.animalsouk.ma\/animalerie-maroc\/?s={search_term_string}"},"query-input":{"@type":"PropertyValueSpecification","valueRequired":true,"valueName":"search_term_string"}}],"inLanguage":"fr-FR"},{"@type":"Organization","@id":"https:\/\/www.animalsouk.ma\/animalerie-maroc\/#organization","name":"Animalerie de casablanca","url":"https:\/\/www.animalsouk.ma\/animalerie-maroc\/","logo":{"@type":"ImageObject","inLanguage":"fr-FR","@id":"https:\/\/www.animalsouk.ma\/animalerie-maroc\/#\/schema\/logo\/image\/","url":"https:\/\/www.animalsouk.ma\/animalerie-maroc\/wp-content\/uploads\/2025\/10\/animalsouk.ma-logo.png","contentUrl":"https:\/\/www.animalsouk.ma\/animalerie-maroc\/wp-content\/uploads\/2025\/10\/animalsouk.ma-logo.png","width":760,"height":231,"caption":"Animalerie de casablanca"},"image":{"@id":"https:\/\/www.animalsouk.ma\/animalerie-maroc\/#\/schema\/logo\/image\/"},"sameAs":["https:\/\/www.facebook.com\/animalsouk.ma","https:\/\/www.instagram.com\/animalsouk.ma"]}]}},"_links":{"self":[{"href":"https:\/\/www.animalsouk.ma\/animalerie-maroc\/wp-json\/wp\/v2\/product\/148","targetHints":{"allow":["GET"]}}],"collection":[{"href":"https:\/\/www.animalsouk.ma\/animalerie-maroc\/wp-json\/wp\/v2\/product"}],"about":[{"href":"https:\/\/www.animalsouk.ma\/animalerie-maroc\/wp-json\/wp\/v2\/types\/product"}],"wp:featuredmedia":[{"embeddable":true,"href":"https:\/\/www.animalsouk.ma\/animalerie-maroc\/wp-json\/wp\/v2\/media\/147"}],"wp:attachment":[{"href":"https:\/\/www.animalsouk.ma\/animalerie-maroc\/wp-json\/wp\/v2\/media?parent=148"}],"wp:term":[{"taxonomy":"product_brand","embeddable":true,"href":"https:\/\/www.animalsouk.ma\/animalerie-maroc\/wp-json\/wp\/v2\/product_brand?post=148"},{"taxonomy":"product_cat","embeddable":true,"href":"https:\/\/www.animalsouk.ma\/animalerie-maroc\/wp-json\/wp\/v2\/product_cat?post=148"},{"taxonomy":"product_tag","embeddable":true,"href":"https:\/\/www.animalsouk.ma\/animalerie-maroc\/wp-json\/wp\/v2\/product_tag?post=148"}],"curies":[{"name":"wp","href":"https:\/\/api.w.org\/{rel}","templated":true}]}}