{"id":1444,"date":"2026-01-20T02:37:14","date_gmt":"2026-01-20T01:37:14","guid":{"rendered":"https:\/\/www.animalsouk.ma\/animalerie-maroc\/?post_type=product&#038;p=1444"},"modified":"2026-01-20T02:37:15","modified_gmt":"2026-01-20T01:37:15","slug":"croquettes-chien-adulte-small-and-mini-au-poulet-15kg-hills-science-plan","status":"publish","type":"product","link":"https:\/\/www.animalsouk.ma\/animalerie-maroc\/produit\/croquettes-chien-adulte-small-and-mini-au-poulet-15kg-hills-science-plan\/","title":{"rendered":"Croquettes chien Adulte Small and Mini Au Poulet 1,5kg \u2013 Hill\u2019s Science Plan"},"content":{"rendered":"<div id=\"description\" class=\"Tabs_tabContent__z9pNv Tabs_selectedTabContent__yeYhd Tabs_selectedTabContentOpen__YaASE\">\n<div class=\"Content_content__ylGND anchors_anchorsHTML___2lrv\">Les croquettes Hill&rsquo;s Science Plan Adult 1-6 Small &amp; Mini au poulet constituent un aliment \u00e9quilibr\u00e9 sp\u00e9cialement con\u00e7u pour les chiens adultes de petites races.\u00a0Le profil nutritionnel et la taille des granul\u00e9s sont parfaitement adapt\u00e9s aux petits chiens : vous pouvez ainsi \u00eatre s\u00fbr que votre chien b\u00e9n\u00e9ficiera d&rsquo;une alimentation conforme \u00e0 ses besoins.<\/p>\n<p>Ces croquettes sont \u00e0 base de poulet et se caract\u00e9risent par leur\u00a0<strong>recette riche en prot\u00e9ines<\/strong>\u00a0qui peut contribuer \u00e0 maintenir une masse musculaire maigre. Elles\u00a0sont enrichies en\u00a0<strong>antioxydants sp\u00e9ciaux\u00a0<\/strong>qui peuvent renforcer les d\u00e9fenses immunitaires.\u00a0Elles apportent \u00e9galement \u00e0 votre chien des ingr\u00e9dients pr\u00e9cieux tels que des\u00a0<strong>acides gras om\u00e9ga 6 et de la vitamine E<\/strong>\u00a0qui peuvent contribuer \u00e0 la sant\u00e9 de la peau et \u00e0 la brillance du poil. Les croquettes\u00a0Hill&rsquo;s Science Plan Adult 1-6 Small &amp; Mini contiennent\u00a0des ingr\u00e9dients de qualit\u00e9 et ne contiennent pas d&rsquo;ar\u00f4mes, de colorants ni de conservateurs artificiels.<\/p>\n<p><strong>Caract\u00e9ristiques des croquettes pour chien Hill&rsquo;s Science Plan Adult 1-6 Small &amp; Mini poulet :<\/strong><\/p>\n<ul>\n<li>croquettes pour chien adulte de petite race (1 \u00e0 6 ans)<\/li>\n<li><strong>id\u00e9ales pour les petits chiens :<\/strong>\u00a0ingr\u00e9dients digestes\u00a0adapt\u00e9s aux petits estomacs, teneur optimale en nutriments<\/li>\n<li><strong>recette riche en prot\u00e9ines :<\/strong>\u00a0pour maintenir une\u00a0masse musculaire maigre<\/li>\n<li><strong>ingr\u00e9dients de qualit\u00e9 :\u00a0<\/strong>avec\u00a0du poulet savoureux<\/li>\n<li><strong>favorisent les d\u00e9fenses immunitaires :<\/strong>\u00a0avec des antioxydants sp\u00e9ciaux pour favoriser le syst\u00e8me immunitaire<\/li>\n<li><strong>acides gras om\u00e9ga 6 et\u00a0vitamine E :<\/strong>\u00a0pour contribuer \u00e0 la sant\u00e9 de la peau et \u00e0 la brillance du poil<\/li>\n<li><strong>go\u00fbt exquis :\u00a0<\/strong>haute app\u00e9tence chez de nombreux chiens<\/li>\n<li><strong>petits granul\u00e9s :<\/strong>\u00a0pour les petites m\u00e2choires<\/li>\n<li>recommand\u00e9es par les v\u00e9t\u00e9rinaires<\/li>\n<li>sans\u00a0ar\u00f4mes, colorants ni conservateurs artificiels<\/li>\n<\/ul>\n<p><b>Ingr\u00e9dients :<\/b><br \/>\nfarine de poulet et de dinde, ma\u00efs, bl\u00e9, riz de brasserie, graisses animales, hydrolysat de prot\u00e9ines, huile v\u00e9g\u00e9tale, min\u00e9raux, graines de lin, pulpe de tomate d\u00e9shydrat\u00e9e, pulpe d&rsquo;agrumes d\u00e9shydrat\u00e9e, \u00e9pinards en poudre.<br \/>\n<b>Additifs :<\/b><br \/>\n<i>Additifs nutritionnels :<\/i><br \/>\nvitamine A (10 791 UI\/kg), vitamine D3 (757 UI\/kg), vitamine E (690 UI\/kg), vitamine C (105 UI\/kg), fer (68,4 mg\/kg), iode (1,1 mg\/kg), cuivre (6,7 mg\/kg), mangan\u00e8se (7,1 mg\/kg), zinc (141 mg\/kg), s\u00e9l\u00e9nium (0,1 mg\/kg).<br \/>\nAvec des antioxydants naturels.<\/p>\n<div id=\"feedingrecommendation\" class=\"Tabs_tabContent__z9pNv Tabs_selectedTabContent__yeYhd Tabs_selectedTabContentOpen__YaASE\">\n<div class=\"Content_content__ylGND Content_isTruncated__Ccutw anchors_anchorsHTML___2lrv\"><b>Quantit\u00e9s recommand\u00e9es :<\/b><\/p>\n<p>Les croquettes Hill&rsquo;s Science Plan Adult 1-6 Small &amp; Mini poulet constituent un aliment complet pour chien.<\/p>\n<table border=\"1\" width=\"80%\">\n<tbody>\n<tr>\n<td align=\"center\"><small><b>Poids du chien<\/b><\/small><\/td>\n<td align=\"center\"><small><b>Quantit\u00e9 en g\/jour<\/b><\/small><\/td>\n<td align=\"center\"><small><b>Alimentation mixte<\/b><\/small><\/td>\n<\/tr>\n<tr>\n<td align=\"center\"><small>1,5 kg<\/small><\/td>\n<td align=\"center\"><small>40 g<\/small><\/td>\n<td align=\"center\">\u00bc<small>\u00a0bo\u00eete (370 g) + 15 g de croquettes<\/small><\/td>\n<\/tr>\n<tr>\n<td align=\"center\"><small>2 kg<\/small><\/td>\n<td align=\"center\"><small>50 g<\/small><\/td>\n<td align=\"center\">\u00bd<small>\u00a0bo\u00eete (370 g) + 25 g de croquettes<\/small><\/td>\n<\/tr>\n<tr>\n<td align=\"center\"><small>3 kg<\/small><\/td>\n<td align=\"center\"><small>70 g<\/small><\/td>\n<td align=\"center\">\u00bd<small>\u00a0bo\u00eete (370 g) + 20 g de croquettes<\/small><\/td>\n<\/tr>\n<tr>\n<td align=\"center\"><small>4 kg<\/small><\/td>\n<td align=\"center\"><small>85 g<\/small><\/td>\n<td align=\"center\"><small>1 bo\u00eete (370 g) + 35 g de croquettes<\/small><\/td>\n<\/tr>\n<tr>\n<td align=\"center\"><small>5 kg<\/small><\/td>\n<td align=\"center\"><small>100 g<\/small><\/td>\n<td align=\"center\"><small>1 bo\u00eete (370 g) + 50 g de croquettes<\/small><\/td>\n<\/tr>\n<tr>\n<td align=\"center\"><small>7,5 kg<\/small><\/td>\n<td align=\"center\"><small>135 g<\/small><\/td>\n<td align=\"center\"><small>2 bo\u00eetes\u00a0(370 g) + 35 g de croquettes<\/small><\/td>\n<\/tr>\n<tr>\n<td align=\"center\"><small>10 kg<\/small><\/td>\n<td align=\"center\"><small>170 g<\/small><\/td>\n<td align=\"center\"><small>2 bo\u00eetes\u00a0(370 g) + 70 g de croquettes<\/small><\/td>\n<\/tr>\n<\/tbody>\n<\/table>\n<p>Les quantit\u00e9s recommand\u00e9es sont donn\u00e9es \u00e0 titre indicatif et doivent \u00eatre adapt\u00e9es aux besoins individuels de votre chien, afin de maintenir un poids optimal.<br \/>\nSi vous donnez les croquettes Hill&rsquo;s pour la premi\u00e8re fois \u00e0 votre chien, m\u00e9langez-les \u00e0 sa nourriture habituelle sur une p\u00e9riode de 7 jours, en diminuant progressivement la quantit\u00e9 d&rsquo;anciennes croquettes.\u00a0Veuillez toujours mettre de l&rsquo;eau fra\u00eeche \u00e0 la disposition de votre chien. Pour un chien en bonne sant\u00e9 pendant longtemps, offrez-lui une alimentation \u00e9quilibr\u00e9e et n&rsquo;oubliez pas de l&#8217;emmener au moins 2 fois par an chez le v\u00e9t\u00e9rinaire.<\/p><\/div>\n<\/div>\n<\/div>\n<\/div>\n","protected":false},"excerpt":{"rendered":"<p>Les croquettes Hill&rsquo;s Science Plan Adult 1-6 Small &amp; Mini au poulet constituent un aliment \u00e9quilibr\u00e9 sp\u00e9cialement con\u00e7u pour les chiens adultes de petites races.\u00a0Le profil nutritionnel et la taille des granul\u00e9s sont parfaitement adapt\u00e9s aux petits chiens : vous pouvez ainsi \u00eatre s\u00fbr que votre chien b\u00e9n\u00e9ficiera d&rsquo;une alimentation conforme \u00e0 ses besoins. Ces [&#8230;]\n","protected":false},"featured_media":1445,"template":"","meta":[],"product_brand":[39],"product_cat":[20],"product_tag":[],"class_list":{"0":"post-1444","1":"product","2":"type-product","3":"status-publish","4":"has-post-thumbnail","6":"product_brand-hills-science-plan","7":"product_cat-alimentation-pour-chiens","9":"first","10":"instock","11":"shipping-taxable","12":"purchasable","13":"product-type-simple"},"yoast_head":"<!-- This site is optimized with the Yoast SEO plugin v27.3 - https:\/\/yoast.com\/product\/yoast-seo-wordpress\/ -->\n<title>Croquettes chien Adulte Small and Mini Au Poulet 1,5kg \u2013 Hill\u2019s Science Plan - Animalerie Maroc<\/title>\n<meta name=\"description\" content=\"Achetez votre Croquettes chien Adulte Small and Mini Au Poulet 1,5kg \u2013 Hill\u2019s Science Plan au meilleur prix au Maroc. Livraison rapide | Animalsouk.ma\" \/>\n<meta name=\"robots\" content=\"index, follow, max-snippet:-1, max-image-preview:large, max-video-preview:-1\" \/>\n<link rel=\"canonical\" href=\"https:\/\/www.animalsouk.ma\/animalerie-maroc\/produit\/croquettes-chien-adulte-small-and-mini-au-poulet-15kg-hills-science-plan\/\" \/>\n<meta property=\"og:locale\" content=\"fr_FR\" \/>\n<meta property=\"og:type\" content=\"article\" \/>\n<meta property=\"og:title\" content=\"Croquettes chien Adulte Small and Mini Au Poulet 1,5kg \u2013 Hill\u2019s Science Plan - Animalerie Maroc\" \/>\n<meta property=\"og:description\" content=\"Achetez votre Croquettes chien Adulte Small and Mini Au Poulet 1,5kg \u2013 Hill\u2019s Science Plan au meilleur prix au Maroc. Livraison rapide | Animalsouk.ma\" \/>\n<meta property=\"og:url\" content=\"https:\/\/www.animalsouk.ma\/animalerie-maroc\/produit\/croquettes-chien-adulte-small-and-mini-au-poulet-15kg-hills-science-plan\/\" \/>\n<meta property=\"og:site_name\" content=\"Animalerie Maroc\" \/>\n<meta property=\"article:publisher\" content=\"https:\/\/www.facebook.com\/animalsouk.ma\" \/>\n<meta property=\"article:modified_time\" content=\"2026-01-20T01:37:15+00:00\" \/>\n<meta property=\"og:image\" content=\"https:\/\/www.animalsouk.ma\/animalerie-maroc\/wp-content\/uploads\/2026\/01\/kjkjk.png\" \/>\n\t<meta property=\"og:image:width\" content=\"928\" \/>\n\t<meta property=\"og:image:height\" content=\"770\" \/>\n\t<meta property=\"og:image:type\" content=\"image\/png\" \/>\n<meta name=\"twitter:card\" content=\"summary_large_image\" \/>\n<meta name=\"twitter:label1\" content=\"Dur\u00e9e de lecture estim\u00e9e\" \/>\n\t<meta name=\"twitter:data1\" content=\"3 minutes\" \/>\n<script type=\"application\/ld+json\" class=\"yoast-schema-graph\">{\"@context\":\"https:\\\/\\\/schema.org\",\"@graph\":[{\"@type\":\"WebPage\",\"@id\":\"https:\\\/\\\/www.animalsouk.ma\\\/animalerie-maroc\\\/produit\\\/croquettes-chien-adulte-small-and-mini-au-poulet-15kg-hills-science-plan\\\/\",\"url\":\"https:\\\/\\\/www.animalsouk.ma\\\/animalerie-maroc\\\/produit\\\/croquettes-chien-adulte-small-and-mini-au-poulet-15kg-hills-science-plan\\\/\",\"name\":\"Croquettes chien Adulte Small and Mini Au Poulet 1,5kg \u2013 Hill\u2019s Science Plan - Animalerie Maroc\",\"isPartOf\":{\"@id\":\"https:\\\/\\\/www.animalsouk.ma\\\/animalerie-maroc\\\/#website\"},\"primaryImageOfPage\":{\"@id\":\"https:\\\/\\\/www.animalsouk.ma\\\/animalerie-maroc\\\/produit\\\/croquettes-chien-adulte-small-and-mini-au-poulet-15kg-hills-science-plan\\\/#primaryimage\"},\"image\":{\"@id\":\"https:\\\/\\\/www.animalsouk.ma\\\/animalerie-maroc\\\/produit\\\/croquettes-chien-adulte-small-and-mini-au-poulet-15kg-hills-science-plan\\\/#primaryimage\"},\"thumbnailUrl\":\"https:\\\/\\\/www.animalsouk.ma\\\/animalerie-maroc\\\/wp-content\\\/uploads\\\/2026\\\/01\\\/kjkjk.png\",\"datePublished\":\"2026-01-20T01:37:14+00:00\",\"dateModified\":\"2026-01-20T01:37:15+00:00\",\"description\":\"Achetez votre Croquettes chien Adulte Small and Mini Au Poulet 1,5kg \u2013 Hill\u2019s Science Plan au meilleur prix au Maroc. Livraison rapide | Animalsouk.ma\",\"breadcrumb\":{\"@id\":\"https:\\\/\\\/www.animalsouk.ma\\\/animalerie-maroc\\\/produit\\\/croquettes-chien-adulte-small-and-mini-au-poulet-15kg-hills-science-plan\\\/#breadcrumb\"},\"inLanguage\":\"fr-FR\",\"potentialAction\":[{\"@type\":\"ReadAction\",\"target\":[\"https:\\\/\\\/www.animalsouk.ma\\\/animalerie-maroc\\\/produit\\\/croquettes-chien-adulte-small-and-mini-au-poulet-15kg-hills-science-plan\\\/\"]}]},{\"@type\":\"ImageObject\",\"inLanguage\":\"fr-FR\",\"@id\":\"https:\\\/\\\/www.animalsouk.ma\\\/animalerie-maroc\\\/produit\\\/croquettes-chien-adulte-small-and-mini-au-poulet-15kg-hills-science-plan\\\/#primaryimage\",\"url\":\"https:\\\/\\\/www.animalsouk.ma\\\/animalerie-maroc\\\/wp-content\\\/uploads\\\/2026\\\/01\\\/kjkjk.png\",\"contentUrl\":\"https:\\\/\\\/www.animalsouk.ma\\\/animalerie-maroc\\\/wp-content\\\/uploads\\\/2026\\\/01\\\/kjkjk.png\",\"width\":928,\"height\":770,\"caption\":\"Croquettes chien Adulte Small and Mini Au Poulet 1,5kg \u2013 Hill\u2019s Science Plan\"},{\"@type\":\"BreadcrumbList\",\"@id\":\"https:\\\/\\\/www.animalsouk.ma\\\/animalerie-maroc\\\/produit\\\/croquettes-chien-adulte-small-and-mini-au-poulet-15kg-hills-science-plan\\\/#breadcrumb\",\"itemListElement\":[{\"@type\":\"ListItem\",\"position\":1,\"name\":\"Home\",\"item\":\"https:\\\/\\\/www.animalsouk.ma\\\/animalerie-maroc\\\/\"},{\"@type\":\"ListItem\",\"position\":2,\"name\":\"Boutique\",\"item\":\"https:\\\/\\\/www.animalsouk.ma\\\/animalerie-maroc\\\/boutique\\\/\"},{\"@type\":\"ListItem\",\"position\":3,\"name\":\"Croquettes chien Adulte Small and Mini Au Poulet 1,5kg \u2013 Hill\u2019s Science Plan\"}]},{\"@type\":\"WebSite\",\"@id\":\"https:\\\/\\\/www.animalsouk.ma\\\/animalerie-maroc\\\/#website\",\"url\":\"https:\\\/\\\/www.animalsouk.ma\\\/animalerie-maroc\\\/\",\"name\":\"Animalerie de casablanca\",\"description\":\"\",\"publisher\":{\"@id\":\"https:\\\/\\\/www.animalsouk.ma\\\/animalerie-maroc\\\/#organization\"},\"potentialAction\":[{\"@type\":\"SearchAction\",\"target\":{\"@type\":\"EntryPoint\",\"urlTemplate\":\"https:\\\/\\\/www.animalsouk.ma\\\/animalerie-maroc\\\/?s={search_term_string}\"},\"query-input\":{\"@type\":\"PropertyValueSpecification\",\"valueRequired\":true,\"valueName\":\"search_term_string\"}}],\"inLanguage\":\"fr-FR\"},{\"@type\":\"Organization\",\"@id\":\"https:\\\/\\\/www.animalsouk.ma\\\/animalerie-maroc\\\/#organization\",\"name\":\"Animalerie de casablanca\",\"url\":\"https:\\\/\\\/www.animalsouk.ma\\\/animalerie-maroc\\\/\",\"logo\":{\"@type\":\"ImageObject\",\"inLanguage\":\"fr-FR\",\"@id\":\"https:\\\/\\\/www.animalsouk.ma\\\/animalerie-maroc\\\/#\\\/schema\\\/logo\\\/image\\\/\",\"url\":\"https:\\\/\\\/www.animalsouk.ma\\\/animalerie-maroc\\\/wp-content\\\/uploads\\\/2025\\\/10\\\/animalsouk.ma-logo.png\",\"contentUrl\":\"https:\\\/\\\/www.animalsouk.ma\\\/animalerie-maroc\\\/wp-content\\\/uploads\\\/2025\\\/10\\\/animalsouk.ma-logo.png\",\"width\":760,\"height\":231,\"caption\":\"Animalerie de casablanca\"},\"image\":{\"@id\":\"https:\\\/\\\/www.animalsouk.ma\\\/animalerie-maroc\\\/#\\\/schema\\\/logo\\\/image\\\/\"},\"sameAs\":[\"https:\\\/\\\/www.facebook.com\\\/animalsouk.ma\",\"https:\\\/\\\/www.instagram.com\\\/animalsouk.ma\"]}]}<\/script>\n<!-- \/ Yoast SEO plugin. -->","yoast_head_json":{"title":"Croquettes chien Adulte Small and Mini Au Poulet 1,5kg \u2013 Hill\u2019s Science Plan - Animalerie Maroc","description":"Achetez votre Croquettes chien Adulte Small and Mini Au Poulet 1,5kg \u2013 Hill\u2019s Science Plan au meilleur prix au Maroc. Livraison rapide | Animalsouk.ma","robots":{"index":"index","follow":"follow","max-snippet":"max-snippet:-1","max-image-preview":"max-image-preview:large","max-video-preview":"max-video-preview:-1"},"canonical":"https:\/\/www.animalsouk.ma\/animalerie-maroc\/produit\/croquettes-chien-adulte-small-and-mini-au-poulet-15kg-hills-science-plan\/","og_locale":"fr_FR","og_type":"article","og_title":"Croquettes chien Adulte Small and Mini Au Poulet 1,5kg \u2013 Hill\u2019s Science Plan - Animalerie Maroc","og_description":"Achetez votre Croquettes chien Adulte Small and Mini Au Poulet 1,5kg \u2013 Hill\u2019s Science Plan au meilleur prix au Maroc. Livraison rapide | Animalsouk.ma","og_url":"https:\/\/www.animalsouk.ma\/animalerie-maroc\/produit\/croquettes-chien-adulte-small-and-mini-au-poulet-15kg-hills-science-plan\/","og_site_name":"Animalerie Maroc","article_publisher":"https:\/\/www.facebook.com\/animalsouk.ma","article_modified_time":"2026-01-20T01:37:15+00:00","og_image":[{"width":928,"height":770,"url":"https:\/\/www.animalsouk.ma\/animalerie-maroc\/wp-content\/uploads\/2026\/01\/kjkjk.png","type":"image\/png"}],"twitter_card":"summary_large_image","twitter_misc":{"Dur\u00e9e de lecture estim\u00e9e":"3 minutes"},"schema":{"@context":"https:\/\/schema.org","@graph":[{"@type":"WebPage","@id":"https:\/\/www.animalsouk.ma\/animalerie-maroc\/produit\/croquettes-chien-adulte-small-and-mini-au-poulet-15kg-hills-science-plan\/","url":"https:\/\/www.animalsouk.ma\/animalerie-maroc\/produit\/croquettes-chien-adulte-small-and-mini-au-poulet-15kg-hills-science-plan\/","name":"Croquettes chien Adulte Small and Mini Au Poulet 1,5kg \u2013 Hill\u2019s Science Plan - Animalerie Maroc","isPartOf":{"@id":"https:\/\/www.animalsouk.ma\/animalerie-maroc\/#website"},"primaryImageOfPage":{"@id":"https:\/\/www.animalsouk.ma\/animalerie-maroc\/produit\/croquettes-chien-adulte-small-and-mini-au-poulet-15kg-hills-science-plan\/#primaryimage"},"image":{"@id":"https:\/\/www.animalsouk.ma\/animalerie-maroc\/produit\/croquettes-chien-adulte-small-and-mini-au-poulet-15kg-hills-science-plan\/#primaryimage"},"thumbnailUrl":"https:\/\/www.animalsouk.ma\/animalerie-maroc\/wp-content\/uploads\/2026\/01\/kjkjk.png","datePublished":"2026-01-20T01:37:14+00:00","dateModified":"2026-01-20T01:37:15+00:00","description":"Achetez votre Croquettes chien Adulte Small and Mini Au Poulet 1,5kg \u2013 Hill\u2019s Science Plan au meilleur prix au Maroc. Livraison rapide | Animalsouk.ma","breadcrumb":{"@id":"https:\/\/www.animalsouk.ma\/animalerie-maroc\/produit\/croquettes-chien-adulte-small-and-mini-au-poulet-15kg-hills-science-plan\/#breadcrumb"},"inLanguage":"fr-FR","potentialAction":[{"@type":"ReadAction","target":["https:\/\/www.animalsouk.ma\/animalerie-maroc\/produit\/croquettes-chien-adulte-small-and-mini-au-poulet-15kg-hills-science-plan\/"]}]},{"@type":"ImageObject","inLanguage":"fr-FR","@id":"https:\/\/www.animalsouk.ma\/animalerie-maroc\/produit\/croquettes-chien-adulte-small-and-mini-au-poulet-15kg-hills-science-plan\/#primaryimage","url":"https:\/\/www.animalsouk.ma\/animalerie-maroc\/wp-content\/uploads\/2026\/01\/kjkjk.png","contentUrl":"https:\/\/www.animalsouk.ma\/animalerie-maroc\/wp-content\/uploads\/2026\/01\/kjkjk.png","width":928,"height":770,"caption":"Croquettes chien Adulte Small and Mini Au Poulet 1,5kg \u2013 Hill\u2019s Science Plan"},{"@type":"BreadcrumbList","@id":"https:\/\/www.animalsouk.ma\/animalerie-maroc\/produit\/croquettes-chien-adulte-small-and-mini-au-poulet-15kg-hills-science-plan\/#breadcrumb","itemListElement":[{"@type":"ListItem","position":1,"name":"Home","item":"https:\/\/www.animalsouk.ma\/animalerie-maroc\/"},{"@type":"ListItem","position":2,"name":"Boutique","item":"https:\/\/www.animalsouk.ma\/animalerie-maroc\/boutique\/"},{"@type":"ListItem","position":3,"name":"Croquettes chien Adulte Small and Mini Au Poulet 1,5kg \u2013 Hill\u2019s Science Plan"}]},{"@type":"WebSite","@id":"https:\/\/www.animalsouk.ma\/animalerie-maroc\/#website","url":"https:\/\/www.animalsouk.ma\/animalerie-maroc\/","name":"Animalerie de casablanca","description":"","publisher":{"@id":"https:\/\/www.animalsouk.ma\/animalerie-maroc\/#organization"},"potentialAction":[{"@type":"SearchAction","target":{"@type":"EntryPoint","urlTemplate":"https:\/\/www.animalsouk.ma\/animalerie-maroc\/?s={search_term_string}"},"query-input":{"@type":"PropertyValueSpecification","valueRequired":true,"valueName":"search_term_string"}}],"inLanguage":"fr-FR"},{"@type":"Organization","@id":"https:\/\/www.animalsouk.ma\/animalerie-maroc\/#organization","name":"Animalerie de casablanca","url":"https:\/\/www.animalsouk.ma\/animalerie-maroc\/","logo":{"@type":"ImageObject","inLanguage":"fr-FR","@id":"https:\/\/www.animalsouk.ma\/animalerie-maroc\/#\/schema\/logo\/image\/","url":"https:\/\/www.animalsouk.ma\/animalerie-maroc\/wp-content\/uploads\/2025\/10\/animalsouk.ma-logo.png","contentUrl":"https:\/\/www.animalsouk.ma\/animalerie-maroc\/wp-content\/uploads\/2025\/10\/animalsouk.ma-logo.png","width":760,"height":231,"caption":"Animalerie de casablanca"},"image":{"@id":"https:\/\/www.animalsouk.ma\/animalerie-maroc\/#\/schema\/logo\/image\/"},"sameAs":["https:\/\/www.facebook.com\/animalsouk.ma","https:\/\/www.instagram.com\/animalsouk.ma"]}]}},"_links":{"self":[{"href":"https:\/\/www.animalsouk.ma\/animalerie-maroc\/wp-json\/wp\/v2\/product\/1444","targetHints":{"allow":["GET"]}}],"collection":[{"href":"https:\/\/www.animalsouk.ma\/animalerie-maroc\/wp-json\/wp\/v2\/product"}],"about":[{"href":"https:\/\/www.animalsouk.ma\/animalerie-maroc\/wp-json\/wp\/v2\/types\/product"}],"wp:featuredmedia":[{"embeddable":true,"href":"https:\/\/www.animalsouk.ma\/animalerie-maroc\/wp-json\/wp\/v2\/media\/1445"}],"wp:attachment":[{"href":"https:\/\/www.animalsouk.ma\/animalerie-maroc\/wp-json\/wp\/v2\/media?parent=1444"}],"wp:term":[{"taxonomy":"product_brand","embeddable":true,"href":"https:\/\/www.animalsouk.ma\/animalerie-maroc\/wp-json\/wp\/v2\/product_brand?post=1444"},{"taxonomy":"product_cat","embeddable":true,"href":"https:\/\/www.animalsouk.ma\/animalerie-maroc\/wp-json\/wp\/v2\/product_cat?post=1444"},{"taxonomy":"product_tag","embeddable":true,"href":"https:\/\/www.animalsouk.ma\/animalerie-maroc\/wp-json\/wp\/v2\/product_tag?post=1444"}],"curies":[{"name":"wp","href":"https:\/\/api.w.org\/{rel}","templated":true}]}}