{"id":1440,"date":"2026-01-20T02:17:45","date_gmt":"2026-01-20T01:17:45","guid":{"rendered":"https:\/\/www.animalsouk.ma\/animalerie-maroc\/?post_type=product&#038;p=1440"},"modified":"2026-01-20T02:17:45","modified_gmt":"2026-01-20T01:17:45","slug":"jouet-interactif-pour-chat-balle-electrique-automatique-a-mouvements-irreguliers","status":"publish","type":"product","link":"https:\/\/www.animalsouk.ma\/animalerie-maroc\/produit\/jouet-interactif-pour-chat-balle-electrique-automatique-a-mouvements-irreguliers\/","title":{"rendered":"Jouet interactif pour chat, Balle \u00e9lectrique automatique \u00e0 mouvements irr\u00e9guliers"},"content":{"rendered":"<ul class=\"a-unordered-list a-vertical a-spacing-mini\">\n<li class=\"a-spacing-mini\"><span class=\"a-list-item\"><span dir=\"auto\">Gardez votre chat actif et diverti\u00a0! Notre jouet interactif pour chat est fabriqu\u00e9 \u00e0 partir de mat\u00e9riaux de haute qualit\u00e9, s\u00fbrs et sans danger pour votre compagnon \u00e0 quatre pattes. Sa petite taille et ses mouvements rapides stimulent l&rsquo;instinct de chasse naturel de votre chat et lui offrent des heures d&rsquo;amusement. L&rsquo;\u00e9vitement automatique des obstacles et la planification intelligente du parcours garantissent que le jouet ne se bloque pas.<\/span><\/span><\/li>\n<li class=\"a-spacing-mini\"><span class=\"a-list-item\"><span dir=\"auto\">COMPAGNON ID\u00c9AL POUR VOTRE CHAT &#8211; Ce jouet \u00e9lectrique pour chat, aux sons d&rsquo;oiseaux, s&rsquo;allume d&rsquo;un simple double clic sur le bouton marche\/arr\u00eat. Il propose trois modes de mouvement qui stimulent intens\u00e9ment l&rsquo;instinct de chasse et de pistage de votre chat, tout en favorisant le jeu et l&rsquo;exercice.<\/span><\/span><\/li>\n<li class=\"a-spacing-mini\"><span class=\"a-list-item\"><span dir=\"auto\">Jouet automatique pour chat\u00a0: Amusez votre chat avec ce jouet automatique. Il propose trois vitesses\u00a0: rapide, lente et interactive. Le jouet s\u2019active par capteur (mise en veille apr\u00e8s 5\u00a0minutes d\u2019utilisation) ou automatiquement (60\u00a0secondes de fonctionnement toutes les heures) pour maintenir votre chat actif m\u00eame en votre absence. Il adorera se d\u00e9penser et s\u2019amuser avec ce jouet.<\/span><\/span><\/li>\n<li class=\"a-spacing-mini\"><span class=\"a-list-item\"><span dir=\"auto\">Jouet rechargeable pour chat. Ce jouet sportif pour chat est dot\u00e9 d&rsquo;une batterie int\u00e9gr\u00e9e de 300 mAh rechargeable via le c\u00e2ble USB fourni. Une heure suffit pour une charge compl\u00e8te. Gr\u00e2ce \u00e0 son activation par induction (mise en veille automatique apr\u00e8s 5 minutes d&rsquo;utilisation), il stimule l&rsquo;int\u00e9r\u00eat de votre chat et prolonge consid\u00e9rablement l&rsquo;autonomie du jouet.<\/span><\/span><\/li>\n<li class=\"a-spacing-mini\"><span class=\"a-list-item\"><span dir=\"auto\">Jouet pour chat \u00e0 faire soi-m\u00eame\u00a0: personnalisez les diff\u00e9rents accessoires\u00a0! Les chats sont curieux et ont besoin d\u2019\u00eatre stimul\u00e9s. Ajoutez des plumes ou des ailes l\u00e9g\u00e8res pour \u00e9veiller leur int\u00e9r\u00eat. Si votre chaton n\u2019est pas int\u00e9ress\u00e9 par notre jouet, n\u2019h\u00e9sitez pas \u00e0 nous contacter. Nous esp\u00e9rons que tous les propri\u00e9taires d\u2019animaux et leurs chats vivront une exp\u00e9rience d\u2019achat des plus agr\u00e9ables.<\/span><\/span><\/li>\n<li><img decoding=\"async\" class=\"aligncenter\" src=\"https:\/\/images.truffaut.com\/media\/catalog\/product\/0\/b\/0b7ced21aaacc2ed.jpg?width=553&amp;height=553&amp;store=fr&amp;image-type=small_image\" alt=\"Balle interactive automatique pour chat \u00e9lectrique | Truffaut\" width=\"297\" height=\"297\" \/><\/li>\n<\/ul>\n","protected":false},"excerpt":{"rendered":"<p>Gardez votre chat actif et diverti\u00a0! Notre jouet interactif pour chat est fabriqu\u00e9 \u00e0 partir de mat\u00e9riaux de haute qualit\u00e9, s\u00fbrs et sans danger pour votre compagnon \u00e0 quatre pattes. Sa petite taille et ses mouvements rapides stimulent l&rsquo;instinct de chasse naturel de votre chat et lui offrent des heures d&rsquo;amusement. L&rsquo;\u00e9vitement automatique des obstacles [&#8230;]\n","protected":false},"featured_media":1441,"template":"","meta":[],"product_brand":[],"product_cat":[17],"product_tag":[],"class_list":{"0":"post-1440","1":"product","2":"type-product","3":"status-publish","4":"has-post-thumbnail","6":"product_cat-accessoires-et-jouets-pour-chats","8":"first","9":"instock","10":"shipping-taxable","11":"purchasable","12":"product-type-simple"},"yoast_head":"<!-- This site is optimized with the Yoast SEO plugin v27.3 - https:\/\/yoast.com\/product\/yoast-seo-wordpress\/ -->\n<title>Jouet interactif pour chat, Balle \u00e9lectrique automatique \u00e0 mouvements irr\u00e9guliers - Animalerie Maroc<\/title>\n<meta name=\"description\" content=\"Achetez votre Jouet interactif pour chat, Balle \u00e9lectrique automatique \u00e0 mouvements irr\u00e9guliers au meilleur prix au Maroc. Livraison rapide | Animalsouk.ma\" \/>\n<meta name=\"robots\" content=\"index, follow, max-snippet:-1, max-image-preview:large, max-video-preview:-1\" \/>\n<link rel=\"canonical\" href=\"https:\/\/www.animalsouk.ma\/animalerie-maroc\/produit\/jouet-interactif-pour-chat-balle-electrique-automatique-a-mouvements-irreguliers\/\" \/>\n<meta property=\"og:locale\" content=\"fr_FR\" \/>\n<meta property=\"og:type\" content=\"article\" \/>\n<meta property=\"og:title\" content=\"Jouet interactif pour chat, Balle \u00e9lectrique automatique \u00e0 mouvements irr\u00e9guliers - Animalerie Maroc\" \/>\n<meta property=\"og:description\" content=\"Achetez votre Jouet interactif pour chat, Balle \u00e9lectrique automatique \u00e0 mouvements irr\u00e9guliers au meilleur prix au Maroc. Livraison rapide | Animalsouk.ma\" \/>\n<meta property=\"og:url\" content=\"https:\/\/www.animalsouk.ma\/animalerie-maroc\/produit\/jouet-interactif-pour-chat-balle-electrique-automatique-a-mouvements-irreguliers\/\" \/>\n<meta property=\"og:site_name\" content=\"Animalerie Maroc\" \/>\n<meta property=\"article:publisher\" content=\"https:\/\/www.facebook.com\/animalsouk.ma\" \/>\n<meta property=\"og:image\" content=\"https:\/\/www.animalsouk.ma\/animalerie-maroc\/wp-content\/uploads\/2026\/01\/ffjjjs.png\" \/>\n\t<meta property=\"og:image:width\" content=\"928\" \/>\n\t<meta property=\"og:image:height\" content=\"770\" \/>\n\t<meta property=\"og:image:type\" content=\"image\/png\" \/>\n<meta name=\"twitter:card\" content=\"summary_large_image\" \/>\n<meta name=\"twitter:label1\" content=\"Dur\u00e9e de lecture estim\u00e9e\" \/>\n\t<meta name=\"twitter:data1\" content=\"2 minutes\" \/>\n<script type=\"application\/ld+json\" class=\"yoast-schema-graph\">{\"@context\":\"https:\\\/\\\/schema.org\",\"@graph\":[{\"@type\":\"WebPage\",\"@id\":\"https:\\\/\\\/www.animalsouk.ma\\\/animalerie-maroc\\\/produit\\\/jouet-interactif-pour-chat-balle-electrique-automatique-a-mouvements-irreguliers\\\/\",\"url\":\"https:\\\/\\\/www.animalsouk.ma\\\/animalerie-maroc\\\/produit\\\/jouet-interactif-pour-chat-balle-electrique-automatique-a-mouvements-irreguliers\\\/\",\"name\":\"Jouet interactif pour chat, Balle \u00e9lectrique automatique \u00e0 mouvements irr\u00e9guliers - Animalerie Maroc\",\"isPartOf\":{\"@id\":\"https:\\\/\\\/www.animalsouk.ma\\\/animalerie-maroc\\\/#website\"},\"primaryImageOfPage\":{\"@id\":\"https:\\\/\\\/www.animalsouk.ma\\\/animalerie-maroc\\\/produit\\\/jouet-interactif-pour-chat-balle-electrique-automatique-a-mouvements-irreguliers\\\/#primaryimage\"},\"image\":{\"@id\":\"https:\\\/\\\/www.animalsouk.ma\\\/animalerie-maroc\\\/produit\\\/jouet-interactif-pour-chat-balle-electrique-automatique-a-mouvements-irreguliers\\\/#primaryimage\"},\"thumbnailUrl\":\"https:\\\/\\\/www.animalsouk.ma\\\/animalerie-maroc\\\/wp-content\\\/uploads\\\/2026\\\/01\\\/ffjjjs.png\",\"datePublished\":\"2026-01-20T01:17:45+00:00\",\"description\":\"Achetez votre Jouet interactif pour chat, Balle \u00e9lectrique automatique \u00e0 mouvements irr\u00e9guliers au meilleur prix au Maroc. Livraison rapide | Animalsouk.ma\",\"breadcrumb\":{\"@id\":\"https:\\\/\\\/www.animalsouk.ma\\\/animalerie-maroc\\\/produit\\\/jouet-interactif-pour-chat-balle-electrique-automatique-a-mouvements-irreguliers\\\/#breadcrumb\"},\"inLanguage\":\"fr-FR\",\"potentialAction\":[{\"@type\":\"ReadAction\",\"target\":[\"https:\\\/\\\/www.animalsouk.ma\\\/animalerie-maroc\\\/produit\\\/jouet-interactif-pour-chat-balle-electrique-automatique-a-mouvements-irreguliers\\\/\"]}]},{\"@type\":\"ImageObject\",\"inLanguage\":\"fr-FR\",\"@id\":\"https:\\\/\\\/www.animalsouk.ma\\\/animalerie-maroc\\\/produit\\\/jouet-interactif-pour-chat-balle-electrique-automatique-a-mouvements-irreguliers\\\/#primaryimage\",\"url\":\"https:\\\/\\\/www.animalsouk.ma\\\/animalerie-maroc\\\/wp-content\\\/uploads\\\/2026\\\/01\\\/ffjjjs.png\",\"contentUrl\":\"https:\\\/\\\/www.animalsouk.ma\\\/animalerie-maroc\\\/wp-content\\\/uploads\\\/2026\\\/01\\\/ffjjjs.png\",\"width\":928,\"height\":770,\"caption\":\"Jouet interactif pour chat, Balle \u00e9lectrique automatique \u00e0 mouvements irr\u00e9guliers\"},{\"@type\":\"BreadcrumbList\",\"@id\":\"https:\\\/\\\/www.animalsouk.ma\\\/animalerie-maroc\\\/produit\\\/jouet-interactif-pour-chat-balle-electrique-automatique-a-mouvements-irreguliers\\\/#breadcrumb\",\"itemListElement\":[{\"@type\":\"ListItem\",\"position\":1,\"name\":\"Home\",\"item\":\"https:\\\/\\\/www.animalsouk.ma\\\/animalerie-maroc\\\/\"},{\"@type\":\"ListItem\",\"position\":2,\"name\":\"Boutique\",\"item\":\"https:\\\/\\\/www.animalsouk.ma\\\/animalerie-maroc\\\/boutique\\\/\"},{\"@type\":\"ListItem\",\"position\":3,\"name\":\"Jouet interactif pour chat, Balle \u00e9lectrique automatique \u00e0 mouvements irr\u00e9guliers\"}]},{\"@type\":\"WebSite\",\"@id\":\"https:\\\/\\\/www.animalsouk.ma\\\/animalerie-maroc\\\/#website\",\"url\":\"https:\\\/\\\/www.animalsouk.ma\\\/animalerie-maroc\\\/\",\"name\":\"Animalerie de casablanca\",\"description\":\"\",\"publisher\":{\"@id\":\"https:\\\/\\\/www.animalsouk.ma\\\/animalerie-maroc\\\/#organization\"},\"potentialAction\":[{\"@type\":\"SearchAction\",\"target\":{\"@type\":\"EntryPoint\",\"urlTemplate\":\"https:\\\/\\\/www.animalsouk.ma\\\/animalerie-maroc\\\/?s={search_term_string}\"},\"query-input\":{\"@type\":\"PropertyValueSpecification\",\"valueRequired\":true,\"valueName\":\"search_term_string\"}}],\"inLanguage\":\"fr-FR\"},{\"@type\":\"Organization\",\"@id\":\"https:\\\/\\\/www.animalsouk.ma\\\/animalerie-maroc\\\/#organization\",\"name\":\"Animalerie de casablanca\",\"url\":\"https:\\\/\\\/www.animalsouk.ma\\\/animalerie-maroc\\\/\",\"logo\":{\"@type\":\"ImageObject\",\"inLanguage\":\"fr-FR\",\"@id\":\"https:\\\/\\\/www.animalsouk.ma\\\/animalerie-maroc\\\/#\\\/schema\\\/logo\\\/image\\\/\",\"url\":\"https:\\\/\\\/www.animalsouk.ma\\\/animalerie-maroc\\\/wp-content\\\/uploads\\\/2025\\\/10\\\/animalsouk.ma-logo.png\",\"contentUrl\":\"https:\\\/\\\/www.animalsouk.ma\\\/animalerie-maroc\\\/wp-content\\\/uploads\\\/2025\\\/10\\\/animalsouk.ma-logo.png\",\"width\":760,\"height\":231,\"caption\":\"Animalerie de casablanca\"},\"image\":{\"@id\":\"https:\\\/\\\/www.animalsouk.ma\\\/animalerie-maroc\\\/#\\\/schema\\\/logo\\\/image\\\/\"},\"sameAs\":[\"https:\\\/\\\/www.facebook.com\\\/animalsouk.ma\",\"https:\\\/\\\/www.instagram.com\\\/animalsouk.ma\"]}]}<\/script>\n<!-- \/ Yoast SEO plugin. -->","yoast_head_json":{"title":"Jouet interactif pour chat, Balle \u00e9lectrique automatique \u00e0 mouvements irr\u00e9guliers - Animalerie Maroc","description":"Achetez votre Jouet interactif pour chat, Balle \u00e9lectrique automatique \u00e0 mouvements irr\u00e9guliers au meilleur prix au Maroc. Livraison rapide | Animalsouk.ma","robots":{"index":"index","follow":"follow","max-snippet":"max-snippet:-1","max-image-preview":"max-image-preview:large","max-video-preview":"max-video-preview:-1"},"canonical":"https:\/\/www.animalsouk.ma\/animalerie-maroc\/produit\/jouet-interactif-pour-chat-balle-electrique-automatique-a-mouvements-irreguliers\/","og_locale":"fr_FR","og_type":"article","og_title":"Jouet interactif pour chat, Balle \u00e9lectrique automatique \u00e0 mouvements irr\u00e9guliers - Animalerie Maroc","og_description":"Achetez votre Jouet interactif pour chat, Balle \u00e9lectrique automatique \u00e0 mouvements irr\u00e9guliers au meilleur prix au Maroc. Livraison rapide | Animalsouk.ma","og_url":"https:\/\/www.animalsouk.ma\/animalerie-maroc\/produit\/jouet-interactif-pour-chat-balle-electrique-automatique-a-mouvements-irreguliers\/","og_site_name":"Animalerie Maroc","article_publisher":"https:\/\/www.facebook.com\/animalsouk.ma","og_image":[{"width":928,"height":770,"url":"https:\/\/www.animalsouk.ma\/animalerie-maroc\/wp-content\/uploads\/2026\/01\/ffjjjs.png","type":"image\/png"}],"twitter_card":"summary_large_image","twitter_misc":{"Dur\u00e9e de lecture estim\u00e9e":"2 minutes"},"schema":{"@context":"https:\/\/schema.org","@graph":[{"@type":"WebPage","@id":"https:\/\/www.animalsouk.ma\/animalerie-maroc\/produit\/jouet-interactif-pour-chat-balle-electrique-automatique-a-mouvements-irreguliers\/","url":"https:\/\/www.animalsouk.ma\/animalerie-maroc\/produit\/jouet-interactif-pour-chat-balle-electrique-automatique-a-mouvements-irreguliers\/","name":"Jouet interactif pour chat, Balle \u00e9lectrique automatique \u00e0 mouvements irr\u00e9guliers - Animalerie Maroc","isPartOf":{"@id":"https:\/\/www.animalsouk.ma\/animalerie-maroc\/#website"},"primaryImageOfPage":{"@id":"https:\/\/www.animalsouk.ma\/animalerie-maroc\/produit\/jouet-interactif-pour-chat-balle-electrique-automatique-a-mouvements-irreguliers\/#primaryimage"},"image":{"@id":"https:\/\/www.animalsouk.ma\/animalerie-maroc\/produit\/jouet-interactif-pour-chat-balle-electrique-automatique-a-mouvements-irreguliers\/#primaryimage"},"thumbnailUrl":"https:\/\/www.animalsouk.ma\/animalerie-maroc\/wp-content\/uploads\/2026\/01\/ffjjjs.png","datePublished":"2026-01-20T01:17:45+00:00","description":"Achetez votre Jouet interactif pour chat, Balle \u00e9lectrique automatique \u00e0 mouvements irr\u00e9guliers au meilleur prix au Maroc. Livraison rapide | Animalsouk.ma","breadcrumb":{"@id":"https:\/\/www.animalsouk.ma\/animalerie-maroc\/produit\/jouet-interactif-pour-chat-balle-electrique-automatique-a-mouvements-irreguliers\/#breadcrumb"},"inLanguage":"fr-FR","potentialAction":[{"@type":"ReadAction","target":["https:\/\/www.animalsouk.ma\/animalerie-maroc\/produit\/jouet-interactif-pour-chat-balle-electrique-automatique-a-mouvements-irreguliers\/"]}]},{"@type":"ImageObject","inLanguage":"fr-FR","@id":"https:\/\/www.animalsouk.ma\/animalerie-maroc\/produit\/jouet-interactif-pour-chat-balle-electrique-automatique-a-mouvements-irreguliers\/#primaryimage","url":"https:\/\/www.animalsouk.ma\/animalerie-maroc\/wp-content\/uploads\/2026\/01\/ffjjjs.png","contentUrl":"https:\/\/www.animalsouk.ma\/animalerie-maroc\/wp-content\/uploads\/2026\/01\/ffjjjs.png","width":928,"height":770,"caption":"Jouet interactif pour chat, Balle \u00e9lectrique automatique \u00e0 mouvements irr\u00e9guliers"},{"@type":"BreadcrumbList","@id":"https:\/\/www.animalsouk.ma\/animalerie-maroc\/produit\/jouet-interactif-pour-chat-balle-electrique-automatique-a-mouvements-irreguliers\/#breadcrumb","itemListElement":[{"@type":"ListItem","position":1,"name":"Home","item":"https:\/\/www.animalsouk.ma\/animalerie-maroc\/"},{"@type":"ListItem","position":2,"name":"Boutique","item":"https:\/\/www.animalsouk.ma\/animalerie-maroc\/boutique\/"},{"@type":"ListItem","position":3,"name":"Jouet interactif pour chat, Balle \u00e9lectrique automatique \u00e0 mouvements irr\u00e9guliers"}]},{"@type":"WebSite","@id":"https:\/\/www.animalsouk.ma\/animalerie-maroc\/#website","url":"https:\/\/www.animalsouk.ma\/animalerie-maroc\/","name":"Animalerie de casablanca","description":"","publisher":{"@id":"https:\/\/www.animalsouk.ma\/animalerie-maroc\/#organization"},"potentialAction":[{"@type":"SearchAction","target":{"@type":"EntryPoint","urlTemplate":"https:\/\/www.animalsouk.ma\/animalerie-maroc\/?s={search_term_string}"},"query-input":{"@type":"PropertyValueSpecification","valueRequired":true,"valueName":"search_term_string"}}],"inLanguage":"fr-FR"},{"@type":"Organization","@id":"https:\/\/www.animalsouk.ma\/animalerie-maroc\/#organization","name":"Animalerie de casablanca","url":"https:\/\/www.animalsouk.ma\/animalerie-maroc\/","logo":{"@type":"ImageObject","inLanguage":"fr-FR","@id":"https:\/\/www.animalsouk.ma\/animalerie-maroc\/#\/schema\/logo\/image\/","url":"https:\/\/www.animalsouk.ma\/animalerie-maroc\/wp-content\/uploads\/2025\/10\/animalsouk.ma-logo.png","contentUrl":"https:\/\/www.animalsouk.ma\/animalerie-maroc\/wp-content\/uploads\/2025\/10\/animalsouk.ma-logo.png","width":760,"height":231,"caption":"Animalerie de casablanca"},"image":{"@id":"https:\/\/www.animalsouk.ma\/animalerie-maroc\/#\/schema\/logo\/image\/"},"sameAs":["https:\/\/www.facebook.com\/animalsouk.ma","https:\/\/www.instagram.com\/animalsouk.ma"]}]}},"_links":{"self":[{"href":"https:\/\/www.animalsouk.ma\/animalerie-maroc\/wp-json\/wp\/v2\/product\/1440","targetHints":{"allow":["GET"]}}],"collection":[{"href":"https:\/\/www.animalsouk.ma\/animalerie-maroc\/wp-json\/wp\/v2\/product"}],"about":[{"href":"https:\/\/www.animalsouk.ma\/animalerie-maroc\/wp-json\/wp\/v2\/types\/product"}],"wp:featuredmedia":[{"embeddable":true,"href":"https:\/\/www.animalsouk.ma\/animalerie-maroc\/wp-json\/wp\/v2\/media\/1441"}],"wp:attachment":[{"href":"https:\/\/www.animalsouk.ma\/animalerie-maroc\/wp-json\/wp\/v2\/media?parent=1440"}],"wp:term":[{"taxonomy":"product_brand","embeddable":true,"href":"https:\/\/www.animalsouk.ma\/animalerie-maroc\/wp-json\/wp\/v2\/product_brand?post=1440"},{"taxonomy":"product_cat","embeddable":true,"href":"https:\/\/www.animalsouk.ma\/animalerie-maroc\/wp-json\/wp\/v2\/product_cat?post=1440"},{"taxonomy":"product_tag","embeddable":true,"href":"https:\/\/www.animalsouk.ma\/animalerie-maroc\/wp-json\/wp\/v2\/product_tag?post=1440"}],"curies":[{"name":"wp","href":"https:\/\/api.w.org\/{rel}","templated":true}]}}