{"id":1428,"date":"2026-01-20T01:24:27","date_gmt":"2026-01-20T00:24:27","guid":{"rendered":"https:\/\/www.animalsouk.ma\/animalerie-maroc\/?post_type=product&#038;p=1428"},"modified":"2026-04-27T23:18:46","modified_gmt":"2026-04-27T21:18:46","slug":"gimcat-herbe-a-chat-150g","status":"publish","type":"product","link":"https:\/\/www.animalsouk.ma\/animalerie-maroc\/produit\/gimcat-herbe-a-chat-150g\/","title":{"rendered":"GimCat Herbe \u00e0 Chat 150g"},"content":{"rendered":"<div class=\"paragraph\" data-v-bacb43f1=\"\">\n<div data-v-bacb43f1=\"\">Avec des graines d&rsquo;herbe d&rsquo;orge naturelles issues de cultures contr\u00f4l\u00e9es.<\/div>\n<\/div>\n<div class=\"paragraph\" data-v-bacb43f1=\"\">\n<div data-v-bacb43f1=\"\">Les chats adorent grignoter de l&rsquo;herbe fra\u00eeche pour faciliter l&rsquo;\u00e9limination des boules de poils indigestes et ainsi soutenir leur digestion. Les chats d&rsquo;int\u00e9rieur utilisent souvent des plantes d&rsquo;int\u00e9rieur \u00e0 cette fin, ce qui peut parfois mettre leur sant\u00e9 en danger. C&rsquo;est pourquoi notre herbe \u00e0 chat GimCat est le choix parfait pour prot\u00e9ger votre chat tout en pr\u00e9servant vos plantes des petites dents ac\u00e9r\u00e9es des chats. De l&rsquo;herbe v\u00e9ritable comme une alternative id\u00e9ale pour les grands et petits f\u00e9lins.<\/div>\n<\/div>\n<div data-v-bacb43f1=\"\"><\/div>\n<div data-v-bacb43f1=\"\"><strong>Mani\u00e8re d&rsquo;utilisation<\/strong><\/div>\n<div class=\"paragraph\" data-v-bacb43f1=\"\">\n<div data-v-bacb43f1=\"\">4 \u00e9tapes simples : 1) Versez uniform\u00e9ment \u00bd litre d&rsquo;eau ti\u00e8de dans le bol \u2013 \u00e9gouttez l&rsquo;exc\u00e8s d&rsquo;eau apr\u00e8s 1 heure. 2) Placez le bol dans un endroit lumineux. \u00c9vitez la lumi\u00e8re directe du soleil, la chaleur extr\u00eame du chauffage et le froid venant du sol. 3) Vaporisez quotidiennement avec de l&rsquo;eau \u2013 \u00e9vitez l&rsquo;exc\u00e8s d&rsquo;humidit\u00e9. 4) Apr\u00e8s 5 \u00e0 8 jours (4-5 cm de hauteur), l&rsquo;herbe est pr\u00eate ! Les variations de lumi\u00e8re et de temp\u00e9rature peuvent influencer la dur\u00e9e de croissance. L&rsquo;herbe compl\u00e8tement pouss\u00e9e doit \u00eatre conserv\u00e9e de pr\u00e9f\u00e9rence dans un endroit frais et pas trop lumineux. Conservez au sec.<\/div>\n<\/div>\n","protected":false},"excerpt":{"rendered":"<p>Avec des graines d&rsquo;herbe d&rsquo;orge naturelles issues de cultures contr\u00f4l\u00e9es. Les chats adorent grignoter de l&rsquo;herbe fra\u00eeche pour faciliter l&rsquo;\u00e9limination des boules de poils indigestes et ainsi soutenir leur digestion. Les chats d&rsquo;int\u00e9rieur utilisent souvent des plantes d&rsquo;int\u00e9rieur \u00e0 cette fin, ce qui peut parfois mettre leur sant\u00e9 en danger. C&rsquo;est pourquoi notre herbe \u00e0 [&#8230;]\n","protected":false},"featured_media":1429,"template":"","meta":[],"product_brand":[],"product_cat":[18],"product_tag":[],"class_list":{"0":"post-1428","1":"product","2":"type-product","3":"status-publish","4":"has-post-thumbnail","6":"product_cat-alimentation-pour-chats","8":"first","9":"outofstock","10":"shipping-taxable","11":"purchasable","12":"product-type-simple"},"yoast_head":"<!-- This site is optimized with the Yoast SEO plugin v27.3 - https:\/\/yoast.com\/product\/yoast-seo-wordpress\/ -->\n<title>GimCat Herbe \u00e0 Chat 150g - Animalerie Maroc<\/title>\n<meta name=\"description\" content=\"Achetez votre GimCat Herbe \u00e0 Chat 150g au meilleur prix au Maroc. Livraison rapide | Animalsouk.ma\" \/>\n<meta name=\"robots\" content=\"index, follow, max-snippet:-1, max-image-preview:large, max-video-preview:-1\" \/>\n<link rel=\"canonical\" href=\"https:\/\/www.animalsouk.ma\/animalerie-maroc\/produit\/gimcat-herbe-a-chat-150g\/\" \/>\n<meta property=\"og:locale\" content=\"fr_FR\" \/>\n<meta property=\"og:type\" content=\"article\" \/>\n<meta property=\"og:title\" content=\"GimCat Herbe \u00e0 Chat 150g - Animalerie Maroc\" \/>\n<meta property=\"og:description\" content=\"Achetez votre GimCat Herbe \u00e0 Chat 150g au meilleur prix au Maroc. Livraison rapide | Animalsouk.ma\" \/>\n<meta property=\"og:url\" content=\"https:\/\/www.animalsouk.ma\/animalerie-maroc\/produit\/gimcat-herbe-a-chat-150g\/\" \/>\n<meta property=\"og:site_name\" content=\"Animalerie Maroc\" \/>\n<meta property=\"article:publisher\" content=\"https:\/\/www.facebook.com\/animalsouk.ma\" \/>\n<meta property=\"article:modified_time\" content=\"2026-04-27T21:18:46+00:00\" \/>\n<meta property=\"og:image\" content=\"https:\/\/www.animalsouk.ma\/animalerie-maroc\/wp-content\/uploads\/2026\/01\/ca.png\" \/>\n\t<meta property=\"og:image:width\" content=\"928\" \/>\n\t<meta property=\"og:image:height\" content=\"770\" \/>\n\t<meta property=\"og:image:type\" content=\"image\/png\" \/>\n<meta name=\"twitter:card\" content=\"summary_large_image\" \/>\n<meta name=\"twitter:label1\" content=\"Dur\u00e9e de lecture estim\u00e9e\" \/>\n\t<meta name=\"twitter:data1\" content=\"2 minutes\" \/>\n<script type=\"application\/ld+json\" class=\"yoast-schema-graph\">{\"@context\":\"https:\\\/\\\/schema.org\",\"@graph\":[{\"@type\":\"WebPage\",\"@id\":\"https:\\\/\\\/www.animalsouk.ma\\\/animalerie-maroc\\\/produit\\\/gimcat-herbe-a-chat-150g\\\/\",\"url\":\"https:\\\/\\\/www.animalsouk.ma\\\/animalerie-maroc\\\/produit\\\/gimcat-herbe-a-chat-150g\\\/\",\"name\":\"GimCat Herbe \u00e0 Chat 150g - Animalerie Maroc\",\"isPartOf\":{\"@id\":\"https:\\\/\\\/www.animalsouk.ma\\\/animalerie-maroc\\\/#website\"},\"primaryImageOfPage\":{\"@id\":\"https:\\\/\\\/www.animalsouk.ma\\\/animalerie-maroc\\\/produit\\\/gimcat-herbe-a-chat-150g\\\/#primaryimage\"},\"image\":{\"@id\":\"https:\\\/\\\/www.animalsouk.ma\\\/animalerie-maroc\\\/produit\\\/gimcat-herbe-a-chat-150g\\\/#primaryimage\"},\"thumbnailUrl\":\"https:\\\/\\\/www.animalsouk.ma\\\/animalerie-maroc\\\/wp-content\\\/uploads\\\/2026\\\/01\\\/ca.png\",\"datePublished\":\"2026-01-20T00:24:27+00:00\",\"dateModified\":\"2026-04-27T21:18:46+00:00\",\"description\":\"Achetez votre GimCat Herbe \u00e0 Chat 150g au meilleur prix au Maroc. Livraison rapide | Animalsouk.ma\",\"breadcrumb\":{\"@id\":\"https:\\\/\\\/www.animalsouk.ma\\\/animalerie-maroc\\\/produit\\\/gimcat-herbe-a-chat-150g\\\/#breadcrumb\"},\"inLanguage\":\"fr-FR\",\"potentialAction\":[{\"@type\":\"ReadAction\",\"target\":[\"https:\\\/\\\/www.animalsouk.ma\\\/animalerie-maroc\\\/produit\\\/gimcat-herbe-a-chat-150g\\\/\"]}]},{\"@type\":\"ImageObject\",\"inLanguage\":\"fr-FR\",\"@id\":\"https:\\\/\\\/www.animalsouk.ma\\\/animalerie-maroc\\\/produit\\\/gimcat-herbe-a-chat-150g\\\/#primaryimage\",\"url\":\"https:\\\/\\\/www.animalsouk.ma\\\/animalerie-maroc\\\/wp-content\\\/uploads\\\/2026\\\/01\\\/ca.png\",\"contentUrl\":\"https:\\\/\\\/www.animalsouk.ma\\\/animalerie-maroc\\\/wp-content\\\/uploads\\\/2026\\\/01\\\/ca.png\",\"width\":928,\"height\":770,\"caption\":\"GimCat Herbe \u00e0 Chat 150g\"},{\"@type\":\"BreadcrumbList\",\"@id\":\"https:\\\/\\\/www.animalsouk.ma\\\/animalerie-maroc\\\/produit\\\/gimcat-herbe-a-chat-150g\\\/#breadcrumb\",\"itemListElement\":[{\"@type\":\"ListItem\",\"position\":1,\"name\":\"Home\",\"item\":\"https:\\\/\\\/www.animalsouk.ma\\\/animalerie-maroc\\\/\"},{\"@type\":\"ListItem\",\"position\":2,\"name\":\"Boutique\",\"item\":\"https:\\\/\\\/www.animalsouk.ma\\\/animalerie-maroc\\\/boutique\\\/\"},{\"@type\":\"ListItem\",\"position\":3,\"name\":\"GimCat Herbe \u00e0 Chat 150g\"}]},{\"@type\":\"WebSite\",\"@id\":\"https:\\\/\\\/www.animalsouk.ma\\\/animalerie-maroc\\\/#website\",\"url\":\"https:\\\/\\\/www.animalsouk.ma\\\/animalerie-maroc\\\/\",\"name\":\"Animalerie de casablanca\",\"description\":\"\",\"publisher\":{\"@id\":\"https:\\\/\\\/www.animalsouk.ma\\\/animalerie-maroc\\\/#organization\"},\"potentialAction\":[{\"@type\":\"SearchAction\",\"target\":{\"@type\":\"EntryPoint\",\"urlTemplate\":\"https:\\\/\\\/www.animalsouk.ma\\\/animalerie-maroc\\\/?s={search_term_string}\"},\"query-input\":{\"@type\":\"PropertyValueSpecification\",\"valueRequired\":true,\"valueName\":\"search_term_string\"}}],\"inLanguage\":\"fr-FR\"},{\"@type\":\"Organization\",\"@id\":\"https:\\\/\\\/www.animalsouk.ma\\\/animalerie-maroc\\\/#organization\",\"name\":\"Animalerie de casablanca\",\"url\":\"https:\\\/\\\/www.animalsouk.ma\\\/animalerie-maroc\\\/\",\"logo\":{\"@type\":\"ImageObject\",\"inLanguage\":\"fr-FR\",\"@id\":\"https:\\\/\\\/www.animalsouk.ma\\\/animalerie-maroc\\\/#\\\/schema\\\/logo\\\/image\\\/\",\"url\":\"https:\\\/\\\/www.animalsouk.ma\\\/animalerie-maroc\\\/wp-content\\\/uploads\\\/2025\\\/10\\\/animalsouk.ma-logo.png\",\"contentUrl\":\"https:\\\/\\\/www.animalsouk.ma\\\/animalerie-maroc\\\/wp-content\\\/uploads\\\/2025\\\/10\\\/animalsouk.ma-logo.png\",\"width\":760,\"height\":231,\"caption\":\"Animalerie de casablanca\"},\"image\":{\"@id\":\"https:\\\/\\\/www.animalsouk.ma\\\/animalerie-maroc\\\/#\\\/schema\\\/logo\\\/image\\\/\"},\"sameAs\":[\"https:\\\/\\\/www.facebook.com\\\/animalsouk.ma\",\"https:\\\/\\\/www.instagram.com\\\/animalsouk.ma\"]}]}<\/script>\n<!-- \/ Yoast SEO plugin. -->","yoast_head_json":{"title":"GimCat Herbe \u00e0 Chat 150g - Animalerie Maroc","description":"Achetez votre GimCat Herbe \u00e0 Chat 150g au meilleur prix au Maroc. Livraison rapide | Animalsouk.ma","robots":{"index":"index","follow":"follow","max-snippet":"max-snippet:-1","max-image-preview":"max-image-preview:large","max-video-preview":"max-video-preview:-1"},"canonical":"https:\/\/www.animalsouk.ma\/animalerie-maroc\/produit\/gimcat-herbe-a-chat-150g\/","og_locale":"fr_FR","og_type":"article","og_title":"GimCat Herbe \u00e0 Chat 150g - Animalerie Maroc","og_description":"Achetez votre GimCat Herbe \u00e0 Chat 150g au meilleur prix au Maroc. Livraison rapide | Animalsouk.ma","og_url":"https:\/\/www.animalsouk.ma\/animalerie-maroc\/produit\/gimcat-herbe-a-chat-150g\/","og_site_name":"Animalerie Maroc","article_publisher":"https:\/\/www.facebook.com\/animalsouk.ma","article_modified_time":"2026-04-27T21:18:46+00:00","og_image":[{"width":928,"height":770,"url":"https:\/\/www.animalsouk.ma\/animalerie-maroc\/wp-content\/uploads\/2026\/01\/ca.png","type":"image\/png"}],"twitter_card":"summary_large_image","twitter_misc":{"Dur\u00e9e de lecture estim\u00e9e":"2 minutes"},"schema":{"@context":"https:\/\/schema.org","@graph":[{"@type":"WebPage","@id":"https:\/\/www.animalsouk.ma\/animalerie-maroc\/produit\/gimcat-herbe-a-chat-150g\/","url":"https:\/\/www.animalsouk.ma\/animalerie-maroc\/produit\/gimcat-herbe-a-chat-150g\/","name":"GimCat Herbe \u00e0 Chat 150g - Animalerie Maroc","isPartOf":{"@id":"https:\/\/www.animalsouk.ma\/animalerie-maroc\/#website"},"primaryImageOfPage":{"@id":"https:\/\/www.animalsouk.ma\/animalerie-maroc\/produit\/gimcat-herbe-a-chat-150g\/#primaryimage"},"image":{"@id":"https:\/\/www.animalsouk.ma\/animalerie-maroc\/produit\/gimcat-herbe-a-chat-150g\/#primaryimage"},"thumbnailUrl":"https:\/\/www.animalsouk.ma\/animalerie-maroc\/wp-content\/uploads\/2026\/01\/ca.png","datePublished":"2026-01-20T00:24:27+00:00","dateModified":"2026-04-27T21:18:46+00:00","description":"Achetez votre GimCat Herbe \u00e0 Chat 150g au meilleur prix au Maroc. Livraison rapide | Animalsouk.ma","breadcrumb":{"@id":"https:\/\/www.animalsouk.ma\/animalerie-maroc\/produit\/gimcat-herbe-a-chat-150g\/#breadcrumb"},"inLanguage":"fr-FR","potentialAction":[{"@type":"ReadAction","target":["https:\/\/www.animalsouk.ma\/animalerie-maroc\/produit\/gimcat-herbe-a-chat-150g\/"]}]},{"@type":"ImageObject","inLanguage":"fr-FR","@id":"https:\/\/www.animalsouk.ma\/animalerie-maroc\/produit\/gimcat-herbe-a-chat-150g\/#primaryimage","url":"https:\/\/www.animalsouk.ma\/animalerie-maroc\/wp-content\/uploads\/2026\/01\/ca.png","contentUrl":"https:\/\/www.animalsouk.ma\/animalerie-maroc\/wp-content\/uploads\/2026\/01\/ca.png","width":928,"height":770,"caption":"GimCat Herbe \u00e0 Chat 150g"},{"@type":"BreadcrumbList","@id":"https:\/\/www.animalsouk.ma\/animalerie-maroc\/produit\/gimcat-herbe-a-chat-150g\/#breadcrumb","itemListElement":[{"@type":"ListItem","position":1,"name":"Home","item":"https:\/\/www.animalsouk.ma\/animalerie-maroc\/"},{"@type":"ListItem","position":2,"name":"Boutique","item":"https:\/\/www.animalsouk.ma\/animalerie-maroc\/boutique\/"},{"@type":"ListItem","position":3,"name":"GimCat Herbe \u00e0 Chat 150g"}]},{"@type":"WebSite","@id":"https:\/\/www.animalsouk.ma\/animalerie-maroc\/#website","url":"https:\/\/www.animalsouk.ma\/animalerie-maroc\/","name":"Animalerie de casablanca","description":"","publisher":{"@id":"https:\/\/www.animalsouk.ma\/animalerie-maroc\/#organization"},"potentialAction":[{"@type":"SearchAction","target":{"@type":"EntryPoint","urlTemplate":"https:\/\/www.animalsouk.ma\/animalerie-maroc\/?s={search_term_string}"},"query-input":{"@type":"PropertyValueSpecification","valueRequired":true,"valueName":"search_term_string"}}],"inLanguage":"fr-FR"},{"@type":"Organization","@id":"https:\/\/www.animalsouk.ma\/animalerie-maroc\/#organization","name":"Animalerie de casablanca","url":"https:\/\/www.animalsouk.ma\/animalerie-maroc\/","logo":{"@type":"ImageObject","inLanguage":"fr-FR","@id":"https:\/\/www.animalsouk.ma\/animalerie-maroc\/#\/schema\/logo\/image\/","url":"https:\/\/www.animalsouk.ma\/animalerie-maroc\/wp-content\/uploads\/2025\/10\/animalsouk.ma-logo.png","contentUrl":"https:\/\/www.animalsouk.ma\/animalerie-maroc\/wp-content\/uploads\/2025\/10\/animalsouk.ma-logo.png","width":760,"height":231,"caption":"Animalerie de casablanca"},"image":{"@id":"https:\/\/www.animalsouk.ma\/animalerie-maroc\/#\/schema\/logo\/image\/"},"sameAs":["https:\/\/www.facebook.com\/animalsouk.ma","https:\/\/www.instagram.com\/animalsouk.ma"]}]}},"_links":{"self":[{"href":"https:\/\/www.animalsouk.ma\/animalerie-maroc\/wp-json\/wp\/v2\/product\/1428","targetHints":{"allow":["GET"]}}],"collection":[{"href":"https:\/\/www.animalsouk.ma\/animalerie-maroc\/wp-json\/wp\/v2\/product"}],"about":[{"href":"https:\/\/www.animalsouk.ma\/animalerie-maroc\/wp-json\/wp\/v2\/types\/product"}],"wp:featuredmedia":[{"embeddable":true,"href":"https:\/\/www.animalsouk.ma\/animalerie-maroc\/wp-json\/wp\/v2\/media\/1429"}],"wp:attachment":[{"href":"https:\/\/www.animalsouk.ma\/animalerie-maroc\/wp-json\/wp\/v2\/media?parent=1428"}],"wp:term":[{"taxonomy":"product_brand","embeddable":true,"href":"https:\/\/www.animalsouk.ma\/animalerie-maroc\/wp-json\/wp\/v2\/product_brand?post=1428"},{"taxonomy":"product_cat","embeddable":true,"href":"https:\/\/www.animalsouk.ma\/animalerie-maroc\/wp-json\/wp\/v2\/product_cat?post=1428"},{"taxonomy":"product_tag","embeddable":true,"href":"https:\/\/www.animalsouk.ma\/animalerie-maroc\/wp-json\/wp\/v2\/product_tag?post=1428"}],"curies":[{"name":"wp","href":"https:\/\/api.w.org\/{rel}","templated":true}]}}