{"id":1321,"date":"2026-01-08T13:49:15","date_gmt":"2026-01-08T12:49:15","guid":{"rendered":"https:\/\/www.animalsouk.ma\/animalerie-maroc\/?post_type=product&#038;p=1321"},"modified":"2026-01-08T13:49:16","modified_gmt":"2026-01-08T12:49:16","slug":"croquettes-pour-chat-sterilise-grain-free-urinary-health-brit","status":"publish","type":"product","link":"https:\/\/www.animalsouk.ma\/animalerie-maroc\/produit\/croquettes-pour-chat-sterilise-grain-free-urinary-health-brit\/","title":{"rendered":"Croquettes pour chat st\u00e9rilis\u00e9 Grain free urinary health &#8211; BRIT"},"content":{"rendered":"<div class=\"tabs\">\n<div id=\"tab-content\" class=\"tab-content\">\n<div id=\"description\" class=\"tab-pane fade in active\" role=\"tabpanel\">\n<div class=\"product-description\">\n<p>Les croquettes Brit Care Sterilized Urinary Health sont sp\u00e9cialement con\u00e7ues pour r\u00e9pondre aux besoins nutritionnels du chat adulte st\u00e9rilis\u00e9.<\/p>\n<p>Elles sont tout particuli\u00e8rement adapt\u00e9es au maintien de la bonne sant\u00e9 des reins et des voies urinaires de votre chat.<\/p>\n<ul>\n<li>Au poulet frais, viande di\u00e9t\u00e9tique tr\u00e8s digestible, pour pr\u00e9server la sant\u00e9 du tube digestif et am\u00e9liorer la qualit\u00e9 de la peau et du pelage.<\/li>\n<li>De l&rsquo;argousier, qui contribue \u00e0 la bonne sant\u00e9 urinaire gr\u00e2ce \u00e0 une faible teneur en magn\u00e9sium et en L-m\u00e9thionine.<\/li>\n<li>De la capucine, antibiotique naturel, qui pr\u00e9vient la formation de calculs urinaires.<\/li>\n<li>Des pr\u00e9biotiques et probiotiques<\/li>\n<\/ul>\n<p>Ces croquettes sont \u00e9galement hypoallergiques : sans soja, sans bl\u00e9, sans conservateurs, sans c\u00e9r\u00e9ales, sans colorants et sans OGM.<\/p>\n<p><strong>Composition :<\/strong><\/p>\n<p>poulet frais (26 %), poulet d\u00e9shydrat\u00e9 (26 %), pois jaunes (18 %), pois chiches (8 %), pommes s\u00e8ches (7 %), graisse de volaille (conserv\u00e9e avec des tocoph\u00e9rols, 5 %), huile de saumon ( 2 %), foie de poulet hydrolys\u00e9 (2 %), levure de bi\u00e8re (2 %), graines et cosses de psyllium (1 %), graines de lin (1 %), capucine s\u00e8che (0,5 %), camomille s\u00e8che (0,5%) %), min\u00e9raux, argousier sec (0,3 %), canneberges s\u00e8ches (0,2 %), fructo-oligosaccharides (0,015 %), mannane oligo-saccharides 0,015 %), yucca schidigera (0,008 %), Lactobacillus acidophilus HA &#8211; 122 inactiv\u00e9s (15&#215;10 9 cellules \/ kg).<\/p>\n<p>&nbsp;<\/p>\n<p><strong>Composants analytiques :<\/strong><\/p>\n<p>prot\u00e9ines brutes 32,0 %, mati\u00e8res grasses brutes 13,0 %, fibres brutes 3,5 %, cendres brutes 9,0 %, humidit\u00e9 10,0 %, om\u00e9ga-3 0,3 %, om\u00e9ga-6 1, 5 %, calcium 0,8 %, phosphore 0,7 %, sodium 1,0 %, magn\u00e9sium 0,04 %.<\/p>\n<p>&nbsp;<\/p>\n<p><strong>Ingr\u00e9dients :<\/strong><\/p>\n<p>vitamine A (3a672a) 20000 UI, vitamine D 3 (E671) 800 UI, vitamine E (3a700) 600 mg, vitamine C (3a312) 300 mg, taurine (3a370) 2500 mg, L- carnitine (3a910) 100 mg de chlorure de choline (3a890) 2 500 mg, biotine (3a880) 2 mg, vitamine B 1 ( 3a821 ) 10 mg de vitamine B 2 12 mg, niacinamide (3a315) 50 mg de pantoth\u00e9nate de D-calcium (3a841 ) 40 mg, vitamine B 6 (3a831) 10 mg, acide folique (3a316) 2 mg, vitamine B 12 0,04 mg, zinc (3b606) 120 mg, fer (3b106) 45 mg, mangan\u00e8se (3b504) 55 mg, iodure de potassium (3b201) 4 mg, cuivre (3b406) 10 mg, s\u00e9l\u00e9nium (3b8.10) 0,2 mg, L-m\u00e9thionine (3c305) 4000 mg. Contient des antioxydants naturels approuv\u00e9s par l\u2019UE : extraits de tocoph\u00e9rol tir\u00e9s d&rsquo;huiles v\u00e9g\u00e9tales (1b306), palmitate d&rsquo;ascorbyle (1b304) et extrait de romarin.<\/p>\n<p>&nbsp;<\/p>\n<p><strong>Metabolizable energy :<\/strong>\u00a03,590 kcal\/kg<\/p>\n<\/div>\n<\/div>\n<\/div>\n<\/div>\n","protected":false},"excerpt":{"rendered":"<p>Les croquettes Brit Care Sterilized Urinary Health sont sp\u00e9cialement con\u00e7ues pour r\u00e9pondre aux besoins nutritionnels du chat adulte st\u00e9rilis\u00e9. Elles sont tout particuli\u00e8rement adapt\u00e9es au maintien de la bonne sant\u00e9 des reins et des voies urinaires de votre chat. Au poulet frais, viande di\u00e9t\u00e9tique tr\u00e8s digestible, pour pr\u00e9server la sant\u00e9 du tube digestif et am\u00e9liorer [&#8230;]\n","protected":false},"featured_media":1322,"template":"","meta":[],"product_brand":[42],"product_cat":[18],"product_tag":[],"class_list":{"0":"post-1321","1":"product","2":"type-product","3":"status-publish","4":"has-post-thumbnail","6":"product_brand-brit","7":"product_cat-alimentation-pour-chats","9":"first","10":"instock","11":"shipping-taxable","12":"purchasable","13":"product-type-simple"},"yoast_head":"<!-- This site is optimized with the Yoast SEO plugin v27.3 - https:\/\/yoast.com\/product\/yoast-seo-wordpress\/ -->\n<title>Croquettes pour chat st\u00e9rilis\u00e9 Grain free urinary health - BRIT - Animalerie Maroc<\/title>\n<meta name=\"description\" content=\"Achetez votre Croquettes pour chat st\u00e9rilis\u00e9 Grain free urinary health - BRIT au meilleur prix au Maroc. Livraison rapide | Animalsouk.ma\" \/>\n<meta name=\"robots\" content=\"index, follow, max-snippet:-1, max-image-preview:large, max-video-preview:-1\" \/>\n<link rel=\"canonical\" href=\"https:\/\/www.animalsouk.ma\/animalerie-maroc\/produit\/croquettes-pour-chat-sterilise-grain-free-urinary-health-brit\/\" \/>\n<meta property=\"og:locale\" content=\"fr_FR\" \/>\n<meta property=\"og:type\" content=\"article\" \/>\n<meta property=\"og:title\" content=\"Croquettes pour chat st\u00e9rilis\u00e9 Grain free urinary health - BRIT - Animalerie Maroc\" \/>\n<meta property=\"og:description\" content=\"Achetez votre Croquettes pour chat st\u00e9rilis\u00e9 Grain free urinary health - BRIT au meilleur prix au Maroc. Livraison rapide | Animalsouk.ma\" \/>\n<meta property=\"og:url\" content=\"https:\/\/www.animalsouk.ma\/animalerie-maroc\/produit\/croquettes-pour-chat-sterilise-grain-free-urinary-health-brit\/\" \/>\n<meta property=\"og:site_name\" content=\"Animalerie Maroc\" \/>\n<meta property=\"article:publisher\" content=\"https:\/\/www.facebook.com\/animalsouk.ma\" \/>\n<meta property=\"article:modified_time\" content=\"2026-01-08T12:49:16+00:00\" \/>\n<meta property=\"og:image\" content=\"https:\/\/www.animalsouk.ma\/animalerie-maroc\/wp-content\/uploads\/2026\/01\/aaaaa.png\" \/>\n\t<meta property=\"og:image:width\" content=\"928\" \/>\n\t<meta property=\"og:image:height\" content=\"770\" \/>\n\t<meta property=\"og:image:type\" content=\"image\/png\" \/>\n<meta name=\"twitter:card\" content=\"summary_large_image\" \/>\n<meta name=\"twitter:label1\" content=\"Dur\u00e9e de lecture estim\u00e9e\" \/>\n\t<meta name=\"twitter:data1\" content=\"3 minutes\" \/>\n<script type=\"application\/ld+json\" class=\"yoast-schema-graph\">{\"@context\":\"https:\\\/\\\/schema.org\",\"@graph\":[{\"@type\":\"WebPage\",\"@id\":\"https:\\\/\\\/www.animalsouk.ma\\\/animalerie-maroc\\\/produit\\\/croquettes-pour-chat-sterilise-grain-free-urinary-health-brit\\\/\",\"url\":\"https:\\\/\\\/www.animalsouk.ma\\\/animalerie-maroc\\\/produit\\\/croquettes-pour-chat-sterilise-grain-free-urinary-health-brit\\\/\",\"name\":\"Croquettes pour chat st\u00e9rilis\u00e9 Grain free urinary health - BRIT - Animalerie Maroc\",\"isPartOf\":{\"@id\":\"https:\\\/\\\/www.animalsouk.ma\\\/animalerie-maroc\\\/#website\"},\"primaryImageOfPage\":{\"@id\":\"https:\\\/\\\/www.animalsouk.ma\\\/animalerie-maroc\\\/produit\\\/croquettes-pour-chat-sterilise-grain-free-urinary-health-brit\\\/#primaryimage\"},\"image\":{\"@id\":\"https:\\\/\\\/www.animalsouk.ma\\\/animalerie-maroc\\\/produit\\\/croquettes-pour-chat-sterilise-grain-free-urinary-health-brit\\\/#primaryimage\"},\"thumbnailUrl\":\"https:\\\/\\\/www.animalsouk.ma\\\/animalerie-maroc\\\/wp-content\\\/uploads\\\/2026\\\/01\\\/aaaaa.png\",\"datePublished\":\"2026-01-08T12:49:15+00:00\",\"dateModified\":\"2026-01-08T12:49:16+00:00\",\"description\":\"Achetez votre Croquettes pour chat st\u00e9rilis\u00e9 Grain free urinary health - BRIT au meilleur prix au Maroc. Livraison rapide | Animalsouk.ma\",\"breadcrumb\":{\"@id\":\"https:\\\/\\\/www.animalsouk.ma\\\/animalerie-maroc\\\/produit\\\/croquettes-pour-chat-sterilise-grain-free-urinary-health-brit\\\/#breadcrumb\"},\"inLanguage\":\"fr-FR\",\"potentialAction\":[{\"@type\":\"ReadAction\",\"target\":[\"https:\\\/\\\/www.animalsouk.ma\\\/animalerie-maroc\\\/produit\\\/croquettes-pour-chat-sterilise-grain-free-urinary-health-brit\\\/\"]}]},{\"@type\":\"ImageObject\",\"inLanguage\":\"fr-FR\",\"@id\":\"https:\\\/\\\/www.animalsouk.ma\\\/animalerie-maroc\\\/produit\\\/croquettes-pour-chat-sterilise-grain-free-urinary-health-brit\\\/#primaryimage\",\"url\":\"https:\\\/\\\/www.animalsouk.ma\\\/animalerie-maroc\\\/wp-content\\\/uploads\\\/2026\\\/01\\\/aaaaa.png\",\"contentUrl\":\"https:\\\/\\\/www.animalsouk.ma\\\/animalerie-maroc\\\/wp-content\\\/uploads\\\/2026\\\/01\\\/aaaaa.png\",\"width\":928,\"height\":770,\"caption\":\"Croquettes pour chat st\u00e9rilis\u00e9 Grain free urinary health - BRIT\"},{\"@type\":\"BreadcrumbList\",\"@id\":\"https:\\\/\\\/www.animalsouk.ma\\\/animalerie-maroc\\\/produit\\\/croquettes-pour-chat-sterilise-grain-free-urinary-health-brit\\\/#breadcrumb\",\"itemListElement\":[{\"@type\":\"ListItem\",\"position\":1,\"name\":\"Home\",\"item\":\"https:\\\/\\\/www.animalsouk.ma\\\/animalerie-maroc\\\/\"},{\"@type\":\"ListItem\",\"position\":2,\"name\":\"Boutique\",\"item\":\"https:\\\/\\\/www.animalsouk.ma\\\/animalerie-maroc\\\/boutique\\\/\"},{\"@type\":\"ListItem\",\"position\":3,\"name\":\"Croquettes pour chat st\u00e9rilis\u00e9 Grain free urinary health &#8211; BRIT\"}]},{\"@type\":\"WebSite\",\"@id\":\"https:\\\/\\\/www.animalsouk.ma\\\/animalerie-maroc\\\/#website\",\"url\":\"https:\\\/\\\/www.animalsouk.ma\\\/animalerie-maroc\\\/\",\"name\":\"Animalerie de casablanca\",\"description\":\"\",\"publisher\":{\"@id\":\"https:\\\/\\\/www.animalsouk.ma\\\/animalerie-maroc\\\/#organization\"},\"potentialAction\":[{\"@type\":\"SearchAction\",\"target\":{\"@type\":\"EntryPoint\",\"urlTemplate\":\"https:\\\/\\\/www.animalsouk.ma\\\/animalerie-maroc\\\/?s={search_term_string}\"},\"query-input\":{\"@type\":\"PropertyValueSpecification\",\"valueRequired\":true,\"valueName\":\"search_term_string\"}}],\"inLanguage\":\"fr-FR\"},{\"@type\":\"Organization\",\"@id\":\"https:\\\/\\\/www.animalsouk.ma\\\/animalerie-maroc\\\/#organization\",\"name\":\"Animalerie de casablanca\",\"url\":\"https:\\\/\\\/www.animalsouk.ma\\\/animalerie-maroc\\\/\",\"logo\":{\"@type\":\"ImageObject\",\"inLanguage\":\"fr-FR\",\"@id\":\"https:\\\/\\\/www.animalsouk.ma\\\/animalerie-maroc\\\/#\\\/schema\\\/logo\\\/image\\\/\",\"url\":\"https:\\\/\\\/www.animalsouk.ma\\\/animalerie-maroc\\\/wp-content\\\/uploads\\\/2025\\\/10\\\/animalsouk.ma-logo.png\",\"contentUrl\":\"https:\\\/\\\/www.animalsouk.ma\\\/animalerie-maroc\\\/wp-content\\\/uploads\\\/2025\\\/10\\\/animalsouk.ma-logo.png\",\"width\":760,\"height\":231,\"caption\":\"Animalerie de casablanca\"},\"image\":{\"@id\":\"https:\\\/\\\/www.animalsouk.ma\\\/animalerie-maroc\\\/#\\\/schema\\\/logo\\\/image\\\/\"},\"sameAs\":[\"https:\\\/\\\/www.facebook.com\\\/animalsouk.ma\",\"https:\\\/\\\/www.instagram.com\\\/animalsouk.ma\"]}]}<\/script>\n<!-- \/ Yoast SEO plugin. -->","yoast_head_json":{"title":"Croquettes pour chat st\u00e9rilis\u00e9 Grain free urinary health - BRIT - Animalerie Maroc","description":"Achetez votre Croquettes pour chat st\u00e9rilis\u00e9 Grain free urinary health - BRIT au meilleur prix au Maroc. Livraison rapide | Animalsouk.ma","robots":{"index":"index","follow":"follow","max-snippet":"max-snippet:-1","max-image-preview":"max-image-preview:large","max-video-preview":"max-video-preview:-1"},"canonical":"https:\/\/www.animalsouk.ma\/animalerie-maroc\/produit\/croquettes-pour-chat-sterilise-grain-free-urinary-health-brit\/","og_locale":"fr_FR","og_type":"article","og_title":"Croquettes pour chat st\u00e9rilis\u00e9 Grain free urinary health - BRIT - Animalerie Maroc","og_description":"Achetez votre Croquettes pour chat st\u00e9rilis\u00e9 Grain free urinary health - BRIT au meilleur prix au Maroc. Livraison rapide | Animalsouk.ma","og_url":"https:\/\/www.animalsouk.ma\/animalerie-maroc\/produit\/croquettes-pour-chat-sterilise-grain-free-urinary-health-brit\/","og_site_name":"Animalerie Maroc","article_publisher":"https:\/\/www.facebook.com\/animalsouk.ma","article_modified_time":"2026-01-08T12:49:16+00:00","og_image":[{"width":928,"height":770,"url":"https:\/\/www.animalsouk.ma\/animalerie-maroc\/wp-content\/uploads\/2026\/01\/aaaaa.png","type":"image\/png"}],"twitter_card":"summary_large_image","twitter_misc":{"Dur\u00e9e de lecture estim\u00e9e":"3 minutes"},"schema":{"@context":"https:\/\/schema.org","@graph":[{"@type":"WebPage","@id":"https:\/\/www.animalsouk.ma\/animalerie-maroc\/produit\/croquettes-pour-chat-sterilise-grain-free-urinary-health-brit\/","url":"https:\/\/www.animalsouk.ma\/animalerie-maroc\/produit\/croquettes-pour-chat-sterilise-grain-free-urinary-health-brit\/","name":"Croquettes pour chat st\u00e9rilis\u00e9 Grain free urinary health - BRIT - Animalerie Maroc","isPartOf":{"@id":"https:\/\/www.animalsouk.ma\/animalerie-maroc\/#website"},"primaryImageOfPage":{"@id":"https:\/\/www.animalsouk.ma\/animalerie-maroc\/produit\/croquettes-pour-chat-sterilise-grain-free-urinary-health-brit\/#primaryimage"},"image":{"@id":"https:\/\/www.animalsouk.ma\/animalerie-maroc\/produit\/croquettes-pour-chat-sterilise-grain-free-urinary-health-brit\/#primaryimage"},"thumbnailUrl":"https:\/\/www.animalsouk.ma\/animalerie-maroc\/wp-content\/uploads\/2026\/01\/aaaaa.png","datePublished":"2026-01-08T12:49:15+00:00","dateModified":"2026-01-08T12:49:16+00:00","description":"Achetez votre Croquettes pour chat st\u00e9rilis\u00e9 Grain free urinary health - BRIT au meilleur prix au Maroc. Livraison rapide | Animalsouk.ma","breadcrumb":{"@id":"https:\/\/www.animalsouk.ma\/animalerie-maroc\/produit\/croquettes-pour-chat-sterilise-grain-free-urinary-health-brit\/#breadcrumb"},"inLanguage":"fr-FR","potentialAction":[{"@type":"ReadAction","target":["https:\/\/www.animalsouk.ma\/animalerie-maroc\/produit\/croquettes-pour-chat-sterilise-grain-free-urinary-health-brit\/"]}]},{"@type":"ImageObject","inLanguage":"fr-FR","@id":"https:\/\/www.animalsouk.ma\/animalerie-maroc\/produit\/croquettes-pour-chat-sterilise-grain-free-urinary-health-brit\/#primaryimage","url":"https:\/\/www.animalsouk.ma\/animalerie-maroc\/wp-content\/uploads\/2026\/01\/aaaaa.png","contentUrl":"https:\/\/www.animalsouk.ma\/animalerie-maroc\/wp-content\/uploads\/2026\/01\/aaaaa.png","width":928,"height":770,"caption":"Croquettes pour chat st\u00e9rilis\u00e9 Grain free urinary health - BRIT"},{"@type":"BreadcrumbList","@id":"https:\/\/www.animalsouk.ma\/animalerie-maroc\/produit\/croquettes-pour-chat-sterilise-grain-free-urinary-health-brit\/#breadcrumb","itemListElement":[{"@type":"ListItem","position":1,"name":"Home","item":"https:\/\/www.animalsouk.ma\/animalerie-maroc\/"},{"@type":"ListItem","position":2,"name":"Boutique","item":"https:\/\/www.animalsouk.ma\/animalerie-maroc\/boutique\/"},{"@type":"ListItem","position":3,"name":"Croquettes pour chat st\u00e9rilis\u00e9 Grain free urinary health &#8211; BRIT"}]},{"@type":"WebSite","@id":"https:\/\/www.animalsouk.ma\/animalerie-maroc\/#website","url":"https:\/\/www.animalsouk.ma\/animalerie-maroc\/","name":"Animalerie de casablanca","description":"","publisher":{"@id":"https:\/\/www.animalsouk.ma\/animalerie-maroc\/#organization"},"potentialAction":[{"@type":"SearchAction","target":{"@type":"EntryPoint","urlTemplate":"https:\/\/www.animalsouk.ma\/animalerie-maroc\/?s={search_term_string}"},"query-input":{"@type":"PropertyValueSpecification","valueRequired":true,"valueName":"search_term_string"}}],"inLanguage":"fr-FR"},{"@type":"Organization","@id":"https:\/\/www.animalsouk.ma\/animalerie-maroc\/#organization","name":"Animalerie de casablanca","url":"https:\/\/www.animalsouk.ma\/animalerie-maroc\/","logo":{"@type":"ImageObject","inLanguage":"fr-FR","@id":"https:\/\/www.animalsouk.ma\/animalerie-maroc\/#\/schema\/logo\/image\/","url":"https:\/\/www.animalsouk.ma\/animalerie-maroc\/wp-content\/uploads\/2025\/10\/animalsouk.ma-logo.png","contentUrl":"https:\/\/www.animalsouk.ma\/animalerie-maroc\/wp-content\/uploads\/2025\/10\/animalsouk.ma-logo.png","width":760,"height":231,"caption":"Animalerie de casablanca"},"image":{"@id":"https:\/\/www.animalsouk.ma\/animalerie-maroc\/#\/schema\/logo\/image\/"},"sameAs":["https:\/\/www.facebook.com\/animalsouk.ma","https:\/\/www.instagram.com\/animalsouk.ma"]}]}},"_links":{"self":[{"href":"https:\/\/www.animalsouk.ma\/animalerie-maroc\/wp-json\/wp\/v2\/product\/1321","targetHints":{"allow":["GET"]}}],"collection":[{"href":"https:\/\/www.animalsouk.ma\/animalerie-maroc\/wp-json\/wp\/v2\/product"}],"about":[{"href":"https:\/\/www.animalsouk.ma\/animalerie-maroc\/wp-json\/wp\/v2\/types\/product"}],"wp:featuredmedia":[{"embeddable":true,"href":"https:\/\/www.animalsouk.ma\/animalerie-maroc\/wp-json\/wp\/v2\/media\/1322"}],"wp:attachment":[{"href":"https:\/\/www.animalsouk.ma\/animalerie-maroc\/wp-json\/wp\/v2\/media?parent=1321"}],"wp:term":[{"taxonomy":"product_brand","embeddable":true,"href":"https:\/\/www.animalsouk.ma\/animalerie-maroc\/wp-json\/wp\/v2\/product_brand?post=1321"},{"taxonomy":"product_cat","embeddable":true,"href":"https:\/\/www.animalsouk.ma\/animalerie-maroc\/wp-json\/wp\/v2\/product_cat?post=1321"},{"taxonomy":"product_tag","embeddable":true,"href":"https:\/\/www.animalsouk.ma\/animalerie-maroc\/wp-json\/wp\/v2\/product_tag?post=1321"}],"curies":[{"name":"wp","href":"https:\/\/api.w.org\/{rel}","templated":true}]}}