{"id":128,"date":"2025-08-29T01:39:48","date_gmt":"2025-08-28T23:39:48","guid":{"rendered":"https:\/\/www.animalsouk.ma\/animalerie\/product\/friskies-pochon-au-poulet-en-sauce-pour-chaton-85g\/"},"modified":"2025-09-08T23:56:32","modified_gmt":"2025-09-08T21:56:32","slug":"friskies-pochon-au-poulet-en-sauce-pour-chaton-85g","status":"publish","type":"product","link":"https:\/\/www.animalsouk.ma\/animalerie-maroc\/produit\/friskies-pochon-au-poulet-en-sauce-pour-chaton-85g\/","title":{"rendered":"Friskies &#8211; Pochon Au Poulet En Sauce Pour Chaton 85G"},"content":{"rendered":"<p>Les chats juniors, les chattes gestantes et allaitantes peuvent \u00eatre nourris avec ce repas \u00e9quilibr\u00e9 de poulet en sauce. Ces sachets offrent une nutrition compl\u00e8te et aucun colorant artificiel ajout\u00e9.<br \/>\nLes choix alimentaires sont les d\u00e9cisions quotidiennes les plus importantes que nous prenons pour notre sant\u00e9, et ce n&rsquo;est pas diff\u00e9rent lorsqu&rsquo;il s&rsquo;agit de nourrir nos animaux de compagnie. Chez Purina, l&rsquo;objectif est de donner \u00e0 votre animal la nutrition dont il a besoin pour \u00eatre \u00e0 son meilleur.<br \/>\nlivraison partout au maroc.<\/p>\n","protected":false},"excerpt":{"rendered":"<p>Les chats juniors, les chattes gestantes et allaitantes peuvent \u00eatre nourris avec ce repas \u00e9quilibr\u00e9 de poulet en sauce. Ces sachets offrent une nutrition compl\u00e8te et aucun colorant artificiel ajout\u00e9. Les choix alimentaires sont les d\u00e9cisions quotidiennes les plus importantes que nous prenons pour notre sant\u00e9, et ce n&rsquo;est pas diff\u00e9rent lorsqu&rsquo;il s&rsquo;agit de nourrir [&#8230;]\n","protected":false},"featured_media":127,"template":"","meta":[],"product_brand":[22],"product_cat":[18],"product_tag":[],"class_list":{"0":"post-128","1":"product","2":"type-product","3":"status-publish","4":"has-post-thumbnail","6":"product_brand-purina-pro-plan","7":"product_cat-alimentation-pour-chats","9":"first","10":"outofstock","11":"shipping-taxable","12":"purchasable","13":"product-type-simple"},"yoast_head":"<!-- This site is optimized with the Yoast SEO plugin v27.3 - https:\/\/yoast.com\/product\/yoast-seo-wordpress\/ -->\n<title>Friskies - Pochon Au Poulet En Sauce Pour Chaton 85G - Animalerie Maroc<\/title>\n<meta name=\"description\" content=\"Achetez votre Friskies - Pochon Au Poulet En Sauce Pour Chaton 85G au meilleur prix au Maroc. Livraison rapide | Animalsouk.ma\" \/>\n<meta name=\"robots\" content=\"index, follow, max-snippet:-1, max-image-preview:large, max-video-preview:-1\" \/>\n<link rel=\"canonical\" href=\"https:\/\/www.animalsouk.ma\/animalerie-maroc\/produit\/friskies-pochon-au-poulet-en-sauce-pour-chaton-85g\/\" \/>\n<meta property=\"og:locale\" content=\"fr_FR\" \/>\n<meta property=\"og:type\" content=\"article\" \/>\n<meta property=\"og:title\" content=\"Friskies - Pochon Au Poulet En Sauce Pour Chaton 85G - Animalerie Maroc\" \/>\n<meta property=\"og:description\" content=\"Achetez votre Friskies - Pochon Au Poulet En Sauce Pour Chaton 85G au meilleur prix au Maroc. Livraison rapide | Animalsouk.ma\" \/>\n<meta property=\"og:url\" content=\"https:\/\/www.animalsouk.ma\/animalerie-maroc\/produit\/friskies-pochon-au-poulet-en-sauce-pour-chaton-85g\/\" \/>\n<meta property=\"og:site_name\" content=\"Animalerie Maroc\" \/>\n<meta property=\"article:publisher\" content=\"https:\/\/www.facebook.com\/animalsouk.ma\" \/>\n<meta property=\"article:modified_time\" content=\"2025-09-08T21:56:32+00:00\" \/>\n<meta property=\"og:image\" content=\"https:\/\/www.animalsouk.ma\/animalerie-maroc\/wp-content\/uploads\/2025\/08\/53c321355d3d471ccc8aa509873a78dd.webp\" \/>\n\t<meta property=\"og:image:width\" content=\"700\" \/>\n\t<meta property=\"og:image:height\" content=\"579\" \/>\n\t<meta property=\"og:image:type\" content=\"image\/webp\" \/>\n<meta name=\"twitter:card\" content=\"summary_large_image\" \/>\n<script type=\"application\/ld+json\" class=\"yoast-schema-graph\">{\"@context\":\"https:\\\/\\\/schema.org\",\"@graph\":[{\"@type\":\"WebPage\",\"@id\":\"https:\\\/\\\/www.animalsouk.ma\\\/animalerie-maroc\\\/produit\\\/friskies-pochon-au-poulet-en-sauce-pour-chaton-85g\\\/\",\"url\":\"https:\\\/\\\/www.animalsouk.ma\\\/animalerie-maroc\\\/produit\\\/friskies-pochon-au-poulet-en-sauce-pour-chaton-85g\\\/\",\"name\":\"Friskies - Pochon Au Poulet En Sauce Pour Chaton 85G - Animalerie Maroc\",\"isPartOf\":{\"@id\":\"https:\\\/\\\/www.animalsouk.ma\\\/animalerie-maroc\\\/#website\"},\"primaryImageOfPage\":{\"@id\":\"https:\\\/\\\/www.animalsouk.ma\\\/animalerie-maroc\\\/produit\\\/friskies-pochon-au-poulet-en-sauce-pour-chaton-85g\\\/#primaryimage\"},\"image\":{\"@id\":\"https:\\\/\\\/www.animalsouk.ma\\\/animalerie-maroc\\\/produit\\\/friskies-pochon-au-poulet-en-sauce-pour-chaton-85g\\\/#primaryimage\"},\"thumbnailUrl\":\"https:\\\/\\\/www.animalsouk.ma\\\/animalerie-maroc\\\/wp-content\\\/uploads\\\/2025\\\/08\\\/53c321355d3d471ccc8aa509873a78dd.webp\",\"datePublished\":\"2025-08-28T23:39:48+00:00\",\"dateModified\":\"2025-09-08T21:56:32+00:00\",\"description\":\"Achetez votre Friskies - Pochon Au Poulet En Sauce Pour Chaton 85G au meilleur prix au Maroc. Livraison rapide | Animalsouk.ma\",\"breadcrumb\":{\"@id\":\"https:\\\/\\\/www.animalsouk.ma\\\/animalerie-maroc\\\/produit\\\/friskies-pochon-au-poulet-en-sauce-pour-chaton-85g\\\/#breadcrumb\"},\"inLanguage\":\"fr-FR\",\"potentialAction\":[{\"@type\":\"ReadAction\",\"target\":[\"https:\\\/\\\/www.animalsouk.ma\\\/animalerie-maroc\\\/produit\\\/friskies-pochon-au-poulet-en-sauce-pour-chaton-85g\\\/\"]}]},{\"@type\":\"ImageObject\",\"inLanguage\":\"fr-FR\",\"@id\":\"https:\\\/\\\/www.animalsouk.ma\\\/animalerie-maroc\\\/produit\\\/friskies-pochon-au-poulet-en-sauce-pour-chaton-85g\\\/#primaryimage\",\"url\":\"https:\\\/\\\/www.animalsouk.ma\\\/animalerie-maroc\\\/wp-content\\\/uploads\\\/2025\\\/08\\\/53c321355d3d471ccc8aa509873a78dd.webp\",\"contentUrl\":\"https:\\\/\\\/www.animalsouk.ma\\\/animalerie-maroc\\\/wp-content\\\/uploads\\\/2025\\\/08\\\/53c321355d3d471ccc8aa509873a78dd.webp\",\"width\":700,\"height\":579,\"caption\":\"Friskies - Pochon Au Poulet En Sauce Pour Chaton 85G\"},{\"@type\":\"BreadcrumbList\",\"@id\":\"https:\\\/\\\/www.animalsouk.ma\\\/animalerie-maroc\\\/produit\\\/friskies-pochon-au-poulet-en-sauce-pour-chaton-85g\\\/#breadcrumb\",\"itemListElement\":[{\"@type\":\"ListItem\",\"position\":1,\"name\":\"Home\",\"item\":\"https:\\\/\\\/www.animalsouk.ma\\\/animalerie-maroc\\\/\"},{\"@type\":\"ListItem\",\"position\":2,\"name\":\"Boutique\",\"item\":\"https:\\\/\\\/www.animalsouk.ma\\\/animalerie-maroc\\\/boutique\\\/\"},{\"@type\":\"ListItem\",\"position\":3,\"name\":\"Friskies &#8211; Pochon Au Poulet En Sauce Pour Chaton 85G\"}]},{\"@type\":\"WebSite\",\"@id\":\"https:\\\/\\\/www.animalsouk.ma\\\/animalerie-maroc\\\/#website\",\"url\":\"https:\\\/\\\/www.animalsouk.ma\\\/animalerie-maroc\\\/\",\"name\":\"Animalerie de casablanca\",\"description\":\"\",\"publisher\":{\"@id\":\"https:\\\/\\\/www.animalsouk.ma\\\/animalerie-maroc\\\/#organization\"},\"potentialAction\":[{\"@type\":\"SearchAction\",\"target\":{\"@type\":\"EntryPoint\",\"urlTemplate\":\"https:\\\/\\\/www.animalsouk.ma\\\/animalerie-maroc\\\/?s={search_term_string}\"},\"query-input\":{\"@type\":\"PropertyValueSpecification\",\"valueRequired\":true,\"valueName\":\"search_term_string\"}}],\"inLanguage\":\"fr-FR\"},{\"@type\":\"Organization\",\"@id\":\"https:\\\/\\\/www.animalsouk.ma\\\/animalerie-maroc\\\/#organization\",\"name\":\"Animalerie de casablanca\",\"url\":\"https:\\\/\\\/www.animalsouk.ma\\\/animalerie-maroc\\\/\",\"logo\":{\"@type\":\"ImageObject\",\"inLanguage\":\"fr-FR\",\"@id\":\"https:\\\/\\\/www.animalsouk.ma\\\/animalerie-maroc\\\/#\\\/schema\\\/logo\\\/image\\\/\",\"url\":\"https:\\\/\\\/www.animalsouk.ma\\\/animalerie-maroc\\\/wp-content\\\/uploads\\\/2025\\\/10\\\/animalsouk.ma-logo.png\",\"contentUrl\":\"https:\\\/\\\/www.animalsouk.ma\\\/animalerie-maroc\\\/wp-content\\\/uploads\\\/2025\\\/10\\\/animalsouk.ma-logo.png\",\"width\":760,\"height\":231,\"caption\":\"Animalerie de casablanca\"},\"image\":{\"@id\":\"https:\\\/\\\/www.animalsouk.ma\\\/animalerie-maroc\\\/#\\\/schema\\\/logo\\\/image\\\/\"},\"sameAs\":[\"https:\\\/\\\/www.facebook.com\\\/animalsouk.ma\",\"https:\\\/\\\/www.instagram.com\\\/animalsouk.ma\"]}]}<\/script>\n<!-- \/ Yoast SEO plugin. -->","yoast_head_json":{"title":"Friskies - Pochon Au Poulet En Sauce Pour Chaton 85G - Animalerie Maroc","description":"Achetez votre Friskies - Pochon Au Poulet En Sauce Pour Chaton 85G au meilleur prix au Maroc. Livraison rapide | Animalsouk.ma","robots":{"index":"index","follow":"follow","max-snippet":"max-snippet:-1","max-image-preview":"max-image-preview:large","max-video-preview":"max-video-preview:-1"},"canonical":"https:\/\/www.animalsouk.ma\/animalerie-maroc\/produit\/friskies-pochon-au-poulet-en-sauce-pour-chaton-85g\/","og_locale":"fr_FR","og_type":"article","og_title":"Friskies - Pochon Au Poulet En Sauce Pour Chaton 85G - Animalerie Maroc","og_description":"Achetez votre Friskies - Pochon Au Poulet En Sauce Pour Chaton 85G au meilleur prix au Maroc. Livraison rapide | Animalsouk.ma","og_url":"https:\/\/www.animalsouk.ma\/animalerie-maroc\/produit\/friskies-pochon-au-poulet-en-sauce-pour-chaton-85g\/","og_site_name":"Animalerie Maroc","article_publisher":"https:\/\/www.facebook.com\/animalsouk.ma","article_modified_time":"2025-09-08T21:56:32+00:00","og_image":[{"width":700,"height":579,"url":"https:\/\/www.animalsouk.ma\/animalerie-maroc\/wp-content\/uploads\/2025\/08\/53c321355d3d471ccc8aa509873a78dd.webp","type":"image\/webp"}],"twitter_card":"summary_large_image","schema":{"@context":"https:\/\/schema.org","@graph":[{"@type":"WebPage","@id":"https:\/\/www.animalsouk.ma\/animalerie-maroc\/produit\/friskies-pochon-au-poulet-en-sauce-pour-chaton-85g\/","url":"https:\/\/www.animalsouk.ma\/animalerie-maroc\/produit\/friskies-pochon-au-poulet-en-sauce-pour-chaton-85g\/","name":"Friskies - Pochon Au Poulet En Sauce Pour Chaton 85G - Animalerie Maroc","isPartOf":{"@id":"https:\/\/www.animalsouk.ma\/animalerie-maroc\/#website"},"primaryImageOfPage":{"@id":"https:\/\/www.animalsouk.ma\/animalerie-maroc\/produit\/friskies-pochon-au-poulet-en-sauce-pour-chaton-85g\/#primaryimage"},"image":{"@id":"https:\/\/www.animalsouk.ma\/animalerie-maroc\/produit\/friskies-pochon-au-poulet-en-sauce-pour-chaton-85g\/#primaryimage"},"thumbnailUrl":"https:\/\/www.animalsouk.ma\/animalerie-maroc\/wp-content\/uploads\/2025\/08\/53c321355d3d471ccc8aa509873a78dd.webp","datePublished":"2025-08-28T23:39:48+00:00","dateModified":"2025-09-08T21:56:32+00:00","description":"Achetez votre Friskies - Pochon Au Poulet En Sauce Pour Chaton 85G au meilleur prix au Maroc. Livraison rapide | Animalsouk.ma","breadcrumb":{"@id":"https:\/\/www.animalsouk.ma\/animalerie-maroc\/produit\/friskies-pochon-au-poulet-en-sauce-pour-chaton-85g\/#breadcrumb"},"inLanguage":"fr-FR","potentialAction":[{"@type":"ReadAction","target":["https:\/\/www.animalsouk.ma\/animalerie-maroc\/produit\/friskies-pochon-au-poulet-en-sauce-pour-chaton-85g\/"]}]},{"@type":"ImageObject","inLanguage":"fr-FR","@id":"https:\/\/www.animalsouk.ma\/animalerie-maroc\/produit\/friskies-pochon-au-poulet-en-sauce-pour-chaton-85g\/#primaryimage","url":"https:\/\/www.animalsouk.ma\/animalerie-maroc\/wp-content\/uploads\/2025\/08\/53c321355d3d471ccc8aa509873a78dd.webp","contentUrl":"https:\/\/www.animalsouk.ma\/animalerie-maroc\/wp-content\/uploads\/2025\/08\/53c321355d3d471ccc8aa509873a78dd.webp","width":700,"height":579,"caption":"Friskies - Pochon Au Poulet En Sauce Pour Chaton 85G"},{"@type":"BreadcrumbList","@id":"https:\/\/www.animalsouk.ma\/animalerie-maroc\/produit\/friskies-pochon-au-poulet-en-sauce-pour-chaton-85g\/#breadcrumb","itemListElement":[{"@type":"ListItem","position":1,"name":"Home","item":"https:\/\/www.animalsouk.ma\/animalerie-maroc\/"},{"@type":"ListItem","position":2,"name":"Boutique","item":"https:\/\/www.animalsouk.ma\/animalerie-maroc\/boutique\/"},{"@type":"ListItem","position":3,"name":"Friskies &#8211; Pochon Au Poulet En Sauce Pour Chaton 85G"}]},{"@type":"WebSite","@id":"https:\/\/www.animalsouk.ma\/animalerie-maroc\/#website","url":"https:\/\/www.animalsouk.ma\/animalerie-maroc\/","name":"Animalerie de casablanca","description":"","publisher":{"@id":"https:\/\/www.animalsouk.ma\/animalerie-maroc\/#organization"},"potentialAction":[{"@type":"SearchAction","target":{"@type":"EntryPoint","urlTemplate":"https:\/\/www.animalsouk.ma\/animalerie-maroc\/?s={search_term_string}"},"query-input":{"@type":"PropertyValueSpecification","valueRequired":true,"valueName":"search_term_string"}}],"inLanguage":"fr-FR"},{"@type":"Organization","@id":"https:\/\/www.animalsouk.ma\/animalerie-maroc\/#organization","name":"Animalerie de casablanca","url":"https:\/\/www.animalsouk.ma\/animalerie-maroc\/","logo":{"@type":"ImageObject","inLanguage":"fr-FR","@id":"https:\/\/www.animalsouk.ma\/animalerie-maroc\/#\/schema\/logo\/image\/","url":"https:\/\/www.animalsouk.ma\/animalerie-maroc\/wp-content\/uploads\/2025\/10\/animalsouk.ma-logo.png","contentUrl":"https:\/\/www.animalsouk.ma\/animalerie-maroc\/wp-content\/uploads\/2025\/10\/animalsouk.ma-logo.png","width":760,"height":231,"caption":"Animalerie de casablanca"},"image":{"@id":"https:\/\/www.animalsouk.ma\/animalerie-maroc\/#\/schema\/logo\/image\/"},"sameAs":["https:\/\/www.facebook.com\/animalsouk.ma","https:\/\/www.instagram.com\/animalsouk.ma"]}]}},"_links":{"self":[{"href":"https:\/\/www.animalsouk.ma\/animalerie-maroc\/wp-json\/wp\/v2\/product\/128","targetHints":{"allow":["GET"]}}],"collection":[{"href":"https:\/\/www.animalsouk.ma\/animalerie-maroc\/wp-json\/wp\/v2\/product"}],"about":[{"href":"https:\/\/www.animalsouk.ma\/animalerie-maroc\/wp-json\/wp\/v2\/types\/product"}],"wp:featuredmedia":[{"embeddable":true,"href":"https:\/\/www.animalsouk.ma\/animalerie-maroc\/wp-json\/wp\/v2\/media\/127"}],"wp:attachment":[{"href":"https:\/\/www.animalsouk.ma\/animalerie-maroc\/wp-json\/wp\/v2\/media?parent=128"}],"wp:term":[{"taxonomy":"product_brand","embeddable":true,"href":"https:\/\/www.animalsouk.ma\/animalerie-maroc\/wp-json\/wp\/v2\/product_brand?post=128"},{"taxonomy":"product_cat","embeddable":true,"href":"https:\/\/www.animalsouk.ma\/animalerie-maroc\/wp-json\/wp\/v2\/product_cat?post=128"},{"taxonomy":"product_tag","embeddable":true,"href":"https:\/\/www.animalsouk.ma\/animalerie-maroc\/wp-json\/wp\/v2\/product_tag?post=128"}],"curies":[{"name":"wp","href":"https:\/\/api.w.org\/{rel}","templated":true}]}}